{"id":26272,"date":"2012-10-08T12:29:40","date_gmt":"2012-10-08T10:29:40","guid":{"rendered":"https:\/\/gyoparosfurdo-oroshaza.hu\/sauna-seances"},"modified":"2025-09-02T09:52:25","modified_gmt":"2025-09-02T07:52:25","slug":"sauna-seances","status":"publish","type":"page","link":"https:\/\/gyoparosfurdo-oroshaza.hu\/en\/gyoparosfurdo\/sauna-seances","title":{"rendered":"Sauna seances"},"content":{"rendered":"<h2>We have switched to autumn-winter opening hours, so from September 15th 2025 only the outdoor thermal pool, the indoor thermal pool and the ground floor sauna cabin will be open. The Aquapark and the Sauna Park are CLOSED. <a href=\"https:\/\/gyoparosfurdo-oroshaza.hu\/en\/news\/autumn-opening-hours-and-information-2025\">More details<\/a><\/h2>\n\n<h2>Sauna seances have quickly gained popularity at Gyop\u00e1rosf\u00fcrd\u0151. This kind of pass-time is healthy and entertaining in the same time.<\/h2>\n<p>The difference between traditional sauna and sauna seances lies in the fact that seances are guided by a qualified sauna master. He takes care of the proper heat and ventilation, pours aromatic oils over the stove and makes good atmosphere.<\/p>\n<p>The duration of each session is about 15 minutes, but of course guests can leave earlier if they want to.<\/p>\n<h3>Current offer of seances<\/h3>\n<p>As the Saunapark is closed, there are currently no seances.<\/p>\n<h3>Things to know about sauna seances<\/h3>\n<p>Sauna seances are intensive sauna programmes, guided by sauna masters, with a limited duration of time. During the programme the sauna master pours different liquids on the stove for about three times a s\u00e9ance, airs the cabin and applies different ventilation techniques, thus influencing the temperature, humidity and sense of heat. Applying the proper essential oils or volatile substances the seance reaches a soothing, relaxing and healing effect. The sauna master stays in continuous and direct contact with the guests, provides skin-care ingredients and gives instructions for their correct application. The aim is to promote proper sauna culture.<\/p>\n<p><img loading=\"lazy\" src=\"\/wp-content\/uploads\/2012\/10\/szan.jpg\" alt=\"szan\" width=\"500\" height=\"333\" \/><\/p>\n<p>Due to the limited capacity of sauna cabins, pre-registration is required at the sauna masters. <b>Phone number: +36 68 512-260<\/b>.<br \/>\nFor details about prices <a href=\"\/en\/gyoparosfurdo\/arak#szeansz\">click here <\/a>.<\/p>\n<h3>Basic programmes<\/h3>\n<h4>Sauna seance with essential oils<\/h4>\n<p><img loading=\"lazy\" class=\"alignleft size-full wp-image-9060\" src=\"\/wp-content\/uploads\/2012\/10\/szeansz_illo.jpg\" alt=\"szeansz_illo\" width=\"223\" height=\"223\" srcset=\"https:\/\/gyoparosfurdo-oroshaza.hu\/wp-content\/uploads\/2012\/10\/szeansz_illo.jpg 223w, https:\/\/gyoparosfurdo-oroshaza.hu\/wp-content\/uploads\/2012\/10\/szeansz_illo-150x150.jpg 150w\" sizes=\"(max-width: 223px) 100vw, 223px\" \/>The sauna master spreads 100% pure essential oil mixed with water on the sauna stove. Hot air with aroma has positive effects upon the spirit, it is effective in the treatment or prevention of respiratory problems.<\/p>\n<p>The application of different aromas can make seances special. This programme is mainly used for warming up, yet it is more intensive than the conventional way of taking sauna. Aromatic seances, apart from having a stress-relieving effect, improve the mood of the participating guests.<\/p>\n<h4 style=\"padding-top: 20px;\">Sauna seance with fruits ad vitamins<\/h4>\n<p>Similarly to aromatic seances 100% pure essential oil is spread on the sauna stove. The sauna master circulates the hot air with pleasant scent in the cabin, such pampering the guests. At the end of the ceremony serves sliced, cold fruit and refreshing tea to the guests. These are, apart from being very refreshing, a real vitamin bomb for the body. Following a seance the absorption of vitamins and other minerals is especially effective.<\/p>\n<h4>Sauna seance with salt<\/h4>\n<p><img loading=\"lazy\" class=\"alignleft size-full wp-image-9080\" src=\"\/wp-content\/uploads\/2012\/10\/szeansz_salt.jpg\" alt=\"szeansz_salt\" width=\"223\" height=\"223\" srcset=\"https:\/\/gyoparosfurdo-oroshaza.hu\/wp-content\/uploads\/2012\/10\/szeansz_salt.jpg 223w, https:\/\/gyoparosfurdo-oroshaza.hu\/wp-content\/uploads\/2012\/10\/szeansz_salt-150x150.jpg 150w\" sizes=\"(max-width: 223px) 100vw, 223px\" \/>It is one of our active skin-care programmes. Following a short pre-sweating, guests rub their vet skin with the refined salt, provided by the sauna master. Using sea salt as natural body scrub, guests can remove dead and swollen cells, thus the skin becomes renewed and firm. The application of salt scrub stimulates the sweat glands, thus toxins will be eliminated more efficiently. Salt contains high level of trace elements and vitamins, that penetrate easily through the wide pores. This kind of seance is highly effective, if combined with honey seance. The skin will become firmer, renewed, while cellulite will be reduced.<\/p>\n<h4>Sauna seance with beer<\/h4>\n<p>A very popular programme with men, though the applied beer does not end in their belly, but evaporates in the hot air, filling the cabin with the pleasant scent of beer. The sauna master spreads beer mixed with water on the stove, thus making malt and barley aroma filling the air. While the hot air is circulating, it feels as hot as the \u201cdesert wind\u201d. Through the haze of beer vitamin B is easily absorbed by the open pores.<\/p>\n<h4>Sauna seance with honey<\/h4>\n<p><img loading=\"lazy\" class=\"alignleft size-full wp-image-9069\" src=\"\/wp-content\/uploads\/2012\/10\/szeansz_mez.jpg\" alt=\"szeansz_mez\" width=\"223\" height=\"223\" srcset=\"https:\/\/gyoparosfurdo-oroshaza.hu\/wp-content\/uploads\/2012\/10\/szeansz_mez.jpg 223w, https:\/\/gyoparosfurdo-oroshaza.hu\/wp-content\/uploads\/2012\/10\/szeansz_mez-150x150.jpg 150w\" sizes=\"(max-width: 223px) 100vw, 223px\" \/>Similarly to seances with salt, after a short pre-sweating guests scrub their vet skin with honey, provided by the sauna master. The honey \u2013 now liquefied by the heat \u2013 is spread on the skin and gets quickly absorbed through the pores. Honey stimulates metabolism of the skin, nourishes and soothes the skin, it is also anti-bacterial and hydrating, reduces spots and smaller scars. By the end of seances guests will leave with smooth skin and a very pleasant smell of honey.<\/p>\n<h4>Russian seance<\/h4>\n<p>The sauna master pours a huge amount of cold water mixed with some kind of aroma, in this way producing extremely hot air. Using a sauna flag, the master ventilates the hot air around the guests. Participants can expect intensive sweating, shivering and heat-up.<\/p>\n<h4>Sauna seance with ice<\/h4>\n<p><img loading=\"lazy\" class=\"alignleft size-full wp-image-9072\" src=\"\/wp-content\/uploads\/2012\/10\/szeansz_ice.jpg\" alt=\"szeansz_ice\" width=\"223\" height=\"223\" srcset=\"https:\/\/gyoparosfurdo-oroshaza.hu\/wp-content\/uploads\/2012\/10\/szeansz_ice.jpg 223w, https:\/\/gyoparosfurdo-oroshaza.hu\/wp-content\/uploads\/2012\/10\/szeansz_ice-150x150.jpg 150w\" sizes=\"(max-width: 223px) 100vw, 223px\" \/>It is a very popular programme. A very intensive heat can be reached by putting ice cubes on the stove. Apart from giving an amazing view, the ice cubes provided by the sauna master are good fun. The hot air stirred by the sauna master and the cold sweat running down on the back of the guests is a refreshing sensation. At the end of the seance guests leave with icy water poured on their neck. It is a really intensive experience of sauna.<\/p>\n<h3>Pictures about the renewed Gyop\u00e1ros sauna park<\/h3>\n\n<div class=\"ngg-galleryoverview\" id=\"ngg-gallery-5-26272\">\n\n\n\t\n\t<!-- Thumbnails -->\n\t\t\n\t<div id=\"ngg-image-1655\" class=\"ngg-gallery-thumbnail-box\"  >\n\t\t<div class=\"ngg-gallery-thumbnail\" >\n\t\t\t<a href=\"https:\/\/gyoparosfurdo-oroshaza.hu\/wp-content\/gallery\/szauna\/szaunapark_gallery_20260202_1.jpg\" title=\"Sauna park \/ Szaunapark\" class=\"thickbox\" rel=\"set_5\" >\n\t\t\t\t\t\t\t\t<img title=\"Szaunapark\" alt=\"Szaunapark\" src=\"https:\/\/gyoparosfurdo-oroshaza.hu\/wp-content\/gallery\/szauna\/thumbs\/thumbs_szaunapark_gallery_20260202_1.jpg\" width=\"120\" height=\"95\" \/>\n\t\t\t\t\t\t\t<\/a>\n\t\t<\/div>\n\t<\/div>\n\t\n\t\t\n \t\t\n\t<div id=\"ngg-image-1658\" class=\"ngg-gallery-thumbnail-box\"  >\n\t\t<div class=\"ngg-gallery-thumbnail\" >\n\t\t\t<a href=\"https:\/\/gyoparosfurdo-oroshaza.hu\/wp-content\/gallery\/szauna\/szaunapark_gallery_20260202_4.jpg\" title=\"Sauna park \/ Szaunapark\" class=\"thickbox\" rel=\"set_5\" >\n\t\t\t\t\t\t\t\t<img title=\"Szaunapark\" alt=\"Szaunapark\" src=\"https:\/\/gyoparosfurdo-oroshaza.hu\/wp-content\/gallery\/szauna\/thumbs\/thumbs_szaunapark_gallery_20260202_4.jpg\" width=\"120\" height=\"95\" \/>\n\t\t\t\t\t\t\t<\/a>\n\t\t<\/div>\n\t<\/div>\n\t\n\t\t\n \t\t\n\t<div id=\"ngg-image-1659\" class=\"ngg-gallery-thumbnail-box\"  >\n\t\t<div class=\"ngg-gallery-thumbnail\" >\n\t\t\t<a href=\"https:\/\/gyoparosfurdo-oroshaza.hu\/wp-content\/gallery\/szauna\/szaunapark_gallery_20260202_5.jpg\" title=\"Sauna park \/ Szaunapark\" class=\"thickbox\" rel=\"set_5\" >\n\t\t\t\t\t\t\t\t<img title=\"Szaunapark\" alt=\"Szaunapark\" src=\"https:\/\/gyoparosfurdo-oroshaza.hu\/wp-content\/gallery\/szauna\/thumbs\/thumbs_szaunapark_gallery_20260202_5.jpg\" width=\"120\" height=\"95\" \/>\n\t\t\t\t\t\t\t<\/a>\n\t\t<\/div>\n\t<\/div>\n\t\n\t\t\n \t\t\n\t<div id=\"ngg-image-1657\" class=\"ngg-gallery-thumbnail-box\"  >\n\t\t<div class=\"ngg-gallery-thumbnail\" >\n\t\t\t<a href=\"https:\/\/gyoparosfurdo-oroshaza.hu\/wp-content\/gallery\/szauna\/szaunapark_gallery_20260202_3.jpg\" title=\"Sauna park \/ Szaunapark\" class=\"thickbox\" rel=\"set_5\" >\n\t\t\t\t\t\t\t\t<img title=\"Szaunapark\" alt=\"Szaunapark\" src=\"https:\/\/gyoparosfurdo-oroshaza.hu\/wp-content\/gallery\/szauna\/thumbs\/thumbs_szaunapark_gallery_20260202_3.jpg\" width=\"120\" height=\"95\" \/>\n\t\t\t\t\t\t\t<\/a>\n\t\t<\/div>\n\t<\/div>\n\t\n\t\t\n \t\t\n\t<div id=\"ngg-image-1656\" class=\"ngg-gallery-thumbnail-box\"  >\n\t\t<div class=\"ngg-gallery-thumbnail\" >\n\t\t\t<a href=\"https:\/\/gyoparosfurdo-oroshaza.hu\/wp-content\/gallery\/szauna\/szaunapark_gallery_20260202_2.jpg\" title=\"Sauna park \/ Szaunapark\" class=\"thickbox\" rel=\"set_5\" >\n\t\t\t\t\t\t\t\t<img title=\"Szaunapark\" alt=\"Szaunapark\" src=\"https:\/\/gyoparosfurdo-oroshaza.hu\/wp-content\/gallery\/szauna\/thumbs\/thumbs_szaunapark_gallery_20260202_2.jpg\" width=\"120\" height=\"95\" \/>\n\t\t\t\t\t\t\t<\/a>\n\t\t<\/div>\n\t<\/div>\n\t\n\t\t\n \t\t\n\t<div id=\"ngg-image-1661\" class=\"ngg-gallery-thumbnail-box\"  >\n\t\t<div class=\"ngg-gallery-thumbnail\" >\n\t\t\t<a href=\"https:\/\/gyoparosfurdo-oroshaza.hu\/wp-content\/gallery\/szauna\/szaunapark_gallery_20260202_7.jpg\" title=\"Sauna park \/ Szaunapark\" class=\"thickbox\" rel=\"set_5\" >\n\t\t\t\t\t\t\t\t<img title=\"Szaunapark\" alt=\"Szaunapark\" src=\"https:\/\/gyoparosfurdo-oroshaza.hu\/wp-content\/gallery\/szauna\/thumbs\/thumbs_szaunapark_gallery_20260202_7.jpg\" width=\"120\" height=\"95\" \/>\n\t\t\t\t\t\t\t<\/a>\n\t\t<\/div>\n\t<\/div>\n\t\n\t\t\n \t\t\n\t<div id=\"ngg-image-1660\" class=\"ngg-gallery-thumbnail-box\"  >\n\t\t<div class=\"ngg-gallery-thumbnail\" >\n\t\t\t<a href=\"https:\/\/gyoparosfurdo-oroshaza.hu\/wp-content\/gallery\/szauna\/szaunapark_gallery_20260202_6.jpg\" title=\"Sauna park \/ Szaunapark\" class=\"thickbox\" rel=\"set_5\" >\n\t\t\t\t\t\t\t\t<img title=\"Szaunapark\" alt=\"Szaunapark\" src=\"https:\/\/gyoparosfurdo-oroshaza.hu\/wp-content\/gallery\/szauna\/thumbs\/thumbs_szaunapark_gallery_20260202_6.jpg\" width=\"120\" height=\"95\" \/>\n\t\t\t\t\t\t\t<\/a>\n\t\t<\/div>\n\t<\/div>\n\t\n\t\t\n \t\t\n\t<div id=\"ngg-image-1662\" class=\"ngg-gallery-thumbnail-box\"  >\n\t\t<div class=\"ngg-gallery-thumbnail\" >\n\t\t\t<a href=\"https:\/\/gyoparosfurdo-oroshaza.hu\/wp-content\/gallery\/szauna\/szaunapark_gallery_20260202_8.jpg\" title=\"Sauna park \/ Szaunapark\" class=\"thickbox\" rel=\"set_5\" >\n\t\t\t\t\t\t\t\t<img title=\"Szaunapark\" alt=\"Szaunapark\" src=\"https:\/\/gyoparosfurdo-oroshaza.hu\/wp-content\/gallery\/szauna\/thumbs\/thumbs_szaunapark_gallery_20260202_8.jpg\" width=\"120\" height=\"95\" \/>\n\t\t\t\t\t\t\t<\/a>\n\t\t<\/div>\n\t<\/div>\n\t\n\t\t\n \t \t\n\t<!-- Pagination -->\n \t<div class='ngg-clear'><\/div>\n \t\n<\/div>\n\n\n<div class=\"topten_slider_title\"><span class=\"h3\">Top programmes<\/span><a href=\"https:\/\/gyoparosfurdo-oroshaza.hu\/en\/programs\" title=\"Show all programmes \u00bb\">Show all programmes \u00bb<\/a><\/div><div class=\"topten_container topten_slider\" id=\"topten_slider\"><ul class=\"topten_inner\"><li class=\"topten_item\" data-id=\"tsi_1\"><a href=\"\/en\/programs\/1-week\" title=\"for 1 week\" class=\"topten_link\" style=\"background: url(\/wp-content\/uploads\/2012\/05\/1-hetre-top-programok-gyoparosfurdon.jpg) top left no-repeat;\"><span class=\"title\">for 1 week<\/span><\/a><a href=\"\/en\/programs\/for-anglers\" title=\"for anglers\" class=\"topten_link\" style=\"background: url(\/wp-content\/uploads\/2012\/05\/horgaszoknak-top-programok-gyoparosfurdon.jpg) top left no-repeat;\"><span class=\"title\">for anglers<\/span><\/a><a href=\"\/en\/programs\/for-photographers\" title=\"for photographers\" class=\"topten_link\" style=\"background: url(\/wp-content\/uploads\/2012\/05\/fotosoknak-top-programok-gyoparosfurdon.jpg) top left no-repeat;\"><span class=\"title\">for photographers<\/span><\/a><a href=\"\/en\/programs\/for-sports-fans\" title=\"for sports fans\" class=\"topten_link\" style=\"background: url(\/wp-content\/uploads\/2012\/05\/sportbaratoknak-top-programok-gyoparosfurdon.jpg) top left no-repeat;\"><span class=\"title\">for sports fans<\/span><\/a><a href=\"\/en\/programs\/for-families\" title=\"for families\" class=\"topten_link\" style=\"background: url(\/wp-content\/uploads\/2012\/05\/csaladosoknak-top-programok-gyoparosfurdon.jpg) top left no-repeat;\"><span class=\"title\">for families<\/span><\/a><a href=\"\/en\/programs\/in-summer\" title=\"in summer\" class=\"topten_link\" style=\"background: url(\/wp-content\/uploads\/2012\/05\/nyaron-top-programok-gyoparosfurdon.jpg) top left no-repeat;\"><span class=\"title\">in summer<\/span><\/a><\/li><li class=\"topten_item\" data-id=\"tsi_2\"><a href=\"\/en\/programs\/1-day\" title=\"for 1 day\" class=\"topten_link\" style=\"background: url(\/wp-content\/uploads\/2012\/05\/1-napra-top-programok-gyoparosfurdon.jpg) top left no-repeat;\"><span class=\"title\">for 1 day<\/span><\/a><a href=\"\/en\/programs\/for-cyclers\" title=\"for cyclers\" class=\"topten_link\" style=\"background: url(\/wp-content\/uploads\/2012\/05\/kerekparosoknak-top-programok-gyoparosfurdon.jpg) top left no-repeat;\"><span class=\"title\">for cyclers<\/span><\/a><a href=\"\/en\/programs\/for-a-weekend\" title=\"for a weekend\" class=\"topten_link\" style=\"background: url(\/wp-content\/uploads\/2012\/05\/hetvegere-top-programok-gyoparosfurdon.jpg) top left no-repeat;\"><span class=\"title\">for a weekend<\/span><\/a><a href=\"\/en\/programs\/in-winter\" title=\"in winter\" class=\"topten_link\" style=\"background: url(\/wp-content\/uploads\/2012\/05\/telen-top-programok-gyoparosfurdon.jpg) top left no-repeat;\"><span class=\"title\">in winter<\/span><\/a><a href=\"\/en\/programs\/for-youngsters\" title=\"for youngsters\" class=\"topten_link\" style=\"background: url(\/wp-content\/uploads\/2012\/05\/fiataloknak-top-programok-gyoparosfurdon.jpg) top left no-repeat;\"><span class=\"title\">for youngsters<\/span><\/a><a href=\"\/en\/programs\/for-couples\" title=\"for couples\" class=\"topten_link\" style=\"background: url(\/wp-content\/uploads\/2012\/05\/paroknak-top-programok-gyoparosfurdon.jpg) top left no-repeat;\"><span class=\"title\">for couples<\/span><\/a><\/li><li class=\"topten_item\" data-id=\"tsi_3\"><a href=\"\/en\/programs\/by-car\" title=\"by car\" class=\"topten_link\" style=\"background: url(\/wp-content\/uploads\/2012\/05\/autoval-top-programok-gyoparosfurdon.jpg) top left no-repeat;\"><span class=\"title\">by car<\/span><\/a><a href=\"\/en\/programs\/for-culture-fans\" title=\"for culture fans\" class=\"topten_link\" style=\"background: url(\/wp-content\/uploads\/2012\/05\/kulturabaratoknak-top-programok-gyoparosfurdon.jpg) top left no-repeat;\"><span class=\"title\">for culture fans<\/span><\/a><\/ul><div class=\"lapozobox\"><span id=\"lprev\"><\/span><span id=\"lnext\"><\/span><span id=\"ts_1\" class=\"active\"><\/span><span id=\"ts_2\" ><\/span><span id=\"ts_3\" ><\/span><\/div><\/div>\n","protected":false},"excerpt":{"rendered":"<p>Sauna seances have quickly gained popularity at Gyop\u00e1rosf\u00fcrd\u0151. This kind of pass-time is healthy and entertaining in the same time. The difference between traditional sauna and sauna seances lies in the fact that seances are guided by a qualified sauna &hellip; <a href=\"https:\/\/gyoparosfurdo-oroshaza.hu\/en\/gyoparosfurdo\/sauna-seances\">Folytat\u00e1s <span class=\"meta-nav\">&rarr;<\/span><\/a><\/p>\n","protected":false},"author":6,"featured_media":0,"parent":25870,"menu_order":0,"comment_status":"closed","ping_status":"closed","template":"","meta":[],"_links":{"self":[{"href":"https:\/\/gyoparosfurdo-oroshaza.hu\/en\/wp-json\/wp\/v2\/pages\/26272"}],"collection":[{"href":"https:\/\/gyoparosfurdo-oroshaza.hu\/en\/wp-json\/wp\/v2\/pages"}],"about":[{"href":"https:\/\/gyoparosfurdo-oroshaza.hu\/en\/wp-json\/wp\/v2\/types\/page"}],"author":[{"embeddable":true,"href":"https:\/\/gyoparosfurdo-oroshaza.hu\/en\/wp-json\/wp\/v2\/users\/6"}],"replies":[{"embeddable":true,"href":"https:\/\/gyoparosfurdo-oroshaza.hu\/en\/wp-json\/wp\/v2\/comments?post=26272"}],"version-history":[{"count":50,"href":"https:\/\/gyoparosfurdo-oroshaza.hu\/en\/wp-json\/wp\/v2\/pages\/26272\/revisions"}],"predecessor-version":[{"id":39848,"href":"https:\/\/gyoparosfurdo-oroshaza.hu\/en\/wp-json\/wp\/v2\/pages\/26272\/revisions\/39848"}],"up":[{"embeddable":true,"href":"https:\/\/gyoparosfurdo-oroshaza.hu\/en\/wp-json\/wp\/v2\/pages\/25870"}],"wp:attachment":[{"href":"https:\/\/gyoparosfurdo-oroshaza.hu\/en\/wp-json\/wp\/v2\/media?parent=26272"}],"curies":[{"name":"wp","href":"https:\/\/api.w.org\/{rel}","templated":true}]}}