{"id":26247,"date":"2012-10-01T12:42:56","date_gmt":"2012-10-01T10:42:56","guid":{"rendered":"https:\/\/gyoparosfurdo-oroshaza.hu\/oroshaza-live-webcams"},"modified":"2012-10-01T12:42:56","modified_gmt":"2012-10-01T11:42:56","slug":"oroshaza-live-webcams","status":"publish","type":"page","link":"https:\/\/gyoparosfurdo-oroshaza.hu\/en\/oroshaza-live-webcams","title":{"rendered":"Orosh\u00e1za live webcams"},"content":{"rendered":"<p>&nbsp;<\/p>\n<h2>Gyop\u00e1rosf\u00fcrd\u0151 look-out<\/h2>\n<p><img loading=\"lazy\" id=\"stream1\" src=\"http:\/\/kamera:huro2013@kamera.gyoparosfurdo.hu:55089\/\/mjpg\/video.mjpg\" alt=\"Gyop\u00e1rosf\u00fcrd\u0151 webcam livefeed\" width=\"480\" height=\"360\" border=\"0\" \/><\/p>\n<h2>Orosh\u00e1za main square<\/h2>\n<p><img loading=\"lazy\" id=\"stream2\" src=\"http:\/\/kamera:huro2013@46.35.192.171:8181\/mjpg\/video.mjpg\" alt=\"Orosh\u00e1za main square webcam 1. live feed\" width=\"480\" height=\"360\" border=\"0\" \/><\/p>\n<p><img loading=\"lazy\" id=\"stream3\" src=\"http:\/\/kamera:huro2013@46.35.192.171:8184\/mjpg\/video.mjpg\" alt=\"Orosh\u00e1za main square webcam 2. live feed\" width=\"480\" height=\"360\" border=\"0\" \/><\/p>\n<p><img loading=\"lazy\" id=\"stream4\" src=\"http:\/\/kamera:huro2013@46.35.192.171:8180\/mjpg\/video.mjpg\" alt=\"Orosh\u00e1za main square webcam 3. live feed\" width=\"480\" height=\"360\" border=\"0\" \/><\/p>\n<p><img loading=\"lazy\" id=\"stream5\" src=\"http:\/\/kamera:huro2013@46.35.192.171:8182\/mjpg\/video.mjpg\" alt=\"Orosh\u00e1za main square webcam 4. live feed\" width=\"480\" height=\"360\" border=\"0\" \/><\/p>\n<p><img loading=\"lazy\" id=\"stream6\" src=\"http:\/\/kamera:huro2013@46.35.192.171:8183\/mjpg\/video.mjpg\" alt=\"Orosh\u00e1za main square webcam 5. live feed\" width=\"480\" height=\"360\" border=\"0\" \/><\/p>\n","protected":false},"excerpt":{"rendered":"<p>&nbsp; Gyop\u00e1rosf\u00fcrd\u0151 look-out Orosh\u00e1za main square<\/p>\n","protected":false},"author":6,"featured_media":0,"parent":0,"menu_order":0,"comment_status":"closed","ping_status":"closed","template":"","meta":[],"_links":{"self":[{"href":"https:\/\/gyoparosfurdo-oroshaza.hu\/en\/wp-json\/wp\/v2\/pages\/26247"}],"collection":[{"href":"https:\/\/gyoparosfurdo-oroshaza.hu\/en\/wp-json\/wp\/v2\/pages"}],"about":[{"href":"https:\/\/gyoparosfurdo-oroshaza.hu\/en\/wp-json\/wp\/v2\/types\/page"}],"author":[{"embeddable":true,"href":"https:\/\/gyoparosfurdo-oroshaza.hu\/en\/wp-json\/wp\/v2\/users\/6"}],"replies":[{"embeddable":true,"href":"https:\/\/gyoparosfurdo-oroshaza.hu\/en\/wp-json\/wp\/v2\/comments?post=26247"}],"version-history":[{"count":0,"href":"https:\/\/gyoparosfurdo-oroshaza.hu\/en\/wp-json\/wp\/v2\/pages\/26247\/revisions"}],"wp:attachment":[{"href":"https:\/\/gyoparosfurdo-oroshaza.hu\/en\/wp-json\/wp\/v2\/media?parent=26247"}],"curies":[{"name":"wp","href":"https:\/\/api.w.org\/{rel}","templated":true}]}}