{"id":26198,"date":"2012-04-16T13:29:38","date_gmt":"2012-04-16T11:29:38","guid":{"rendered":"https:\/\/gyoparosfurdo-oroshaza.hu\/newsletter"},"modified":"2012-04-16T13:29:38","modified_gmt":"2012-04-16T12:29:38","slug":"newsletter","status":"publish","type":"page","link":"https:\/\/gyoparosfurdo-oroshaza.hu\/en\/newsletter","title":{"rendered":"Newsletter"},"content":{"rendered":"<p>Sign up for our newsletter and learn more about the news, the programs and the current promotions of Orosh\u00e1za-Gyop\u00e1rosf\u00fcrd\u0151!<\/p>\n<script>(function() {\n\twindow.mc4wp = window.mc4wp || {\n\t\tlisteners: [],\n\t\tforms: {\n\t\t\ton: function(evt, cb) {\n\t\t\t\twindow.mc4wp.listeners.push(\n\t\t\t\t\t{\n\t\t\t\t\t\tevent   : evt,\n\t\t\t\t\t\tcallback: cb\n\t\t\t\t\t}\n\t\t\t\t);\n\t\t\t}\n\t\t}\n\t}\n})();\n<\/script><!-- Mailchimp for WordPress v4.8.7 - https:\/\/wordpress.org\/plugins\/mailchimp-for-wp\/ --><form id=\"mc4wp-form-1\" class=\"mc4wp-form mc4wp-form-15582\" method=\"post\" data-id=\"15582\" data-name=\"H\u00edrlev\u00e9l EN\" ><div class=\"mc4wp-form-fields\"><p>\r\n\t<label>Your name*:<\/label>\r\n\t<input type=\"text\" name=\"NAME\" required \/>\r\n<\/p>\r\n<p>\r\n\t<label>Your email address*:<\/label>\r\n\t<input type=\"email\" name=\"EMAIL\" required \/>\r\n<\/p>\r\n<p style=\"margin-top: 5px\">\r\n   \t<input type=\"checkbox\" style=\"width: 30px\" name=\"GDPR1\" required \/>  I have read and agree to <a href=\"\/en\/adatkezeles\">the web site's data management policy<\/a><br\/>\r\n<\/p>\r\n\r\n<input type=\"hidden\" name=\"DATETEXT\" value=\"2026\/04\/11 16:47:45\">\r\n<input type=\"hidden\" name=\"FROM1\" value=\"H\u00edrlev\u00e9l\">\r\n<input type=\"hidden\" name=\"FROM2\" value=\"https:\/\/gyoparosfurdo-oroshaza.hu\/en\/wp-json\/wp\/v2\/pages\/26198\/\">\r\n<input type=\"hidden\" name=\"SOURCE\" value=\"Nincs megadva\">\r\n\r\n<p>\r\n\t<input type=\"submit\" class=\"m_send\" value=\"Subscribe\" \/>\r\n<\/p><\/div><label style=\"display: none !important;\">Leave this field empty if you're human: <input type=\"text\" name=\"_mc4wp_honeypot\" value=\"\" tabindex=\"-1\" autocomplete=\"off\" \/><\/label><input type=\"hidden\" name=\"_mc4wp_timestamp\" value=\"1775918865\" \/><input type=\"hidden\" name=\"_mc4wp_form_id\" value=\"15582\" \/><input type=\"hidden\" name=\"_mc4wp_form_element_id\" value=\"mc4wp-form-1\" \/><div class=\"mc4wp-response\"><\/div><\/form><!-- \/ Mailchimp for WordPress Plugin -->\n<p>Already subscribed? If you wish to unsubscribe from our newsletter, <a href=\"http:\/\/gyoparosfurdo-oroshaza.us15.list-manage2.com\/unsubscribe?u=7c49370bf920d89ed4f4ab3a0&#038;id=801303ed2e\" target=\"_blank\" rel=\"noopener noreferrer\" rel=\"noopener\">you can unsubscribe here<\/a>.<\/p>\n","protected":false},"excerpt":{"rendered":"<p>Sign up for our newsletter and learn more about the news, the programs and the current promotions of Orosh\u00e1za-Gyop\u00e1rosf\u00fcrd\u0151! Already subscribed? If you wish to unsubscribe from our newsletter, you can unsubscribe here.<\/p>\n","protected":false},"author":6,"featured_media":0,"parent":0,"menu_order":41,"comment_status":"closed","ping_status":"closed","template":"","meta":[],"_links":{"self":[{"href":"https:\/\/gyoparosfurdo-oroshaza.hu\/en\/wp-json\/wp\/v2\/pages\/26198"}],"collection":[{"href":"https:\/\/gyoparosfurdo-oroshaza.hu\/en\/wp-json\/wp\/v2\/pages"}],"about":[{"href":"https:\/\/gyoparosfurdo-oroshaza.hu\/en\/wp-json\/wp\/v2\/types\/page"}],"author":[{"embeddable":true,"href":"https:\/\/gyoparosfurdo-oroshaza.hu\/en\/wp-json\/wp\/v2\/users\/6"}],"replies":[{"embeddable":true,"href":"https:\/\/gyoparosfurdo-oroshaza.hu\/en\/wp-json\/wp\/v2\/comments?post=26198"}],"version-history":[{"count":0,"href":"https:\/\/gyoparosfurdo-oroshaza.hu\/en\/wp-json\/wp\/v2\/pages\/26198\/revisions"}],"wp:attachment":[{"href":"https:\/\/gyoparosfurdo-oroshaza.hu\/en\/wp-json\/wp\/v2\/media?parent=26198"}],"curies":[{"name":"wp","href":"https:\/\/api.w.org\/{rel}","templated":true}]}}