{"id":26194,"date":"2012-04-16T12:41:05","date_gmt":"2012-04-16T10:41:05","guid":{"rendered":"https:\/\/gyoparosfurdo-oroshaza.hu\/impressum"},"modified":"2023-05-24T15:12:24","modified_gmt":"2023-05-24T13:12:24","slug":"impressum","status":"publish","type":"page","link":"https:\/\/gyoparosfurdo-oroshaza.hu\/en\/impressum","title":{"rendered":"Impressum"},"content":{"rendered":"<h3>This website is operated by the company<\/h3>\n<p><strong>Orosh\u00e1za-Gyop\u00e1rosf\u00fcrd\u0151<\/strong><br \/>\nH-5904 Gyop\u00e1rosf\u00fcrd\u0151, Fasor street 3.<br \/>\nGPS: 46\u00b0 33&#8242; 59&#8243; N ; 20\u00b0 37&#8242; 42.6&#8243; E<br \/>\nTelephone: +36 68 411-962<br \/>\nTelefax: +36 68 512-261<br \/>\n<a href=\"mailto:info&#64;g&#121;&#111;&#112;ar&#111;&#115;f&#117;rdo&#46;h&#117;\" title=\"i&#110;&#102;o&#64;gy&#111;&#112;&#97;r&#111;s&#102;urdo.&#104;&#117;\">i&#110;&#102;o&#64;gy&#111;&#112;&#97;r&#111;s&#102;urdo.&#104;&#117;<\/a><\/p>\n<h3>Pictures<\/h3>\n<p>Kov\u00e1cs K\u00e1lm\u00e1n<br \/>\n<strong>Index M\u00e9dia Kft.<\/strong><br \/>\n5900 Orosh\u00e1za, Bajnok street 3.<br \/>\nTelephone: +36 68 630 964<br \/>\n<a href=\"mailto:&#105;&#110;de&#120;&#109;e&#100;&#105;a&#64;t-&#111;&#110;&#108;&#105;&#110;&#101;&#46;&#104;u\" title=\"&#105;n&#100;&#101;xme&#100;&#105;&#97;&#64;&#116;-&#111;n&#108;&#105;&#110;e&#46;h&#117;\">&#105;n&#100;&#101;xme&#100;&#105;&#97;&#64;&#116;-&#111;n&#108;&#105;&#110;e&#46;h&#117;<\/a><br \/>\nWeb: www.indexmedia.hu<\/p>\n","protected":false},"excerpt":{"rendered":"<p>This website is operated by the company Orosh\u00e1za-Gyop\u00e1rosf\u00fcrd\u0151 H-5904 Gyop\u00e1rosf\u00fcrd\u0151, Fasor street 3. GPS: 46\u00b0 33&#8242; 59&#8243; N ; 20\u00b0 37&#8242; 42.6&#8243; E Telephone: +36 68 411-962 Telefax: +36 68 512-261 Pictures Kov\u00e1cs K\u00e1lm\u00e1n Index M\u00e9dia Kft. 5900 Orosh\u00e1za, Bajnok &hellip; <a href=\"https:\/\/gyoparosfurdo-oroshaza.hu\/en\/impressum\">Folytat\u00e1s <span class=\"meta-nav\">&rarr;<\/span><\/a><\/p>\n","protected":false},"author":6,"featured_media":0,"parent":0,"menu_order":35,"comment_status":"closed","ping_status":"closed","template":"","meta":[],"_links":{"self":[{"href":"https:\/\/gyoparosfurdo-oroshaza.hu\/en\/wp-json\/wp\/v2\/pages\/26194"}],"collection":[{"href":"https:\/\/gyoparosfurdo-oroshaza.hu\/en\/wp-json\/wp\/v2\/pages"}],"about":[{"href":"https:\/\/gyoparosfurdo-oroshaza.hu\/en\/wp-json\/wp\/v2\/types\/page"}],"author":[{"embeddable":true,"href":"https:\/\/gyoparosfurdo-oroshaza.hu\/en\/wp-json\/wp\/v2\/users\/6"}],"replies":[{"embeddable":true,"href":"https:\/\/gyoparosfurdo-oroshaza.hu\/en\/wp-json\/wp\/v2\/comments?post=26194"}],"version-history":[{"count":1,"href":"https:\/\/gyoparosfurdo-oroshaza.hu\/en\/wp-json\/wp\/v2\/pages\/26194\/revisions"}],"predecessor-version":[{"id":37837,"href":"https:\/\/gyoparosfurdo-oroshaza.hu\/en\/wp-json\/wp\/v2\/pages\/26194\/revisions\/37837"}],"wp:attachment":[{"href":"https:\/\/gyoparosfurdo-oroshaza.hu\/en\/wp-json\/wp\/v2\/media?parent=26194"}],"curies":[{"name":"wp","href":"https:\/\/api.w.org\/{rel}","templated":true}]}}