{"id":26173,"date":"2012-04-16T10:32:38","date_gmt":"2012-04-16T08:32:38","guid":{"rendered":"https:\/\/gyoparosfurdo-oroshaza.hu\/sauna-park"},"modified":"2025-09-02T09:51:35","modified_gmt":"2025-09-02T07:51:35","slug":"sauna-park","status":"publish","type":"page","link":"https:\/\/gyoparosfurdo-oroshaza.hu\/en\/gyoparosfurdo\/sauna-park","title":{"rendered":"Sauna park"},"content":{"rendered":"<h2>We have switched to autumn-winter opening hours, so from September 15th 2025 only the outdoor thermal pool, the indoor thermal pool and the ground floor sauna cabin will be open. The Aquapark and the Sauna Park are CLOSED. <a href=\"https:\/\/gyoparosfurdo-oroshaza.hu\/en\/news\/autumn-opening-hours-and-information-2025\">More details<\/a><\/h2>\n\n<p>The sauna park with ten cabins is open on some days of the week till midnight.<\/p>\n<p>Visitors will find a wide choice of saunas: the dry Finnish sauna at a temperature of 60-70 and 70-80 Celsius degrees, an aromatic cabin and a bio-sauna with phototherapy at 50-60 Celsius degrees, a danarium sweating visitors at a temperature of 30-40 Celsius degrees, a steam cabin with 100 % of vapour content and temperature of 45-50 Celsius degrees and last but not least an infra-red cabin of insures perfect recreation \u2013 some days till midnight. (for further information see <a href=\"\/en\/gyoparosfurdo\/nyitvatartas\" title=\"Opening hours\">opening hours<\/a>).<\/p>\n<p>The sauna park consisting of ten cabins welcomes not only the fans of the sweaty hobby, but those who are experiencing the fantastic world of sauna for the first time, those who are exploring the ceremony of sauna rituals, this century old method of health preserving. Qualified masters of ceremony help the exploring visitors to do the first steps in the world of saunas, they explain the process of a sauna, give useful advice and warn about the possible dangers. <\/p>\n<p><img loading=\"lazy\" class=\"alignleft\" title=\"Sauna\" src=\"\/wp-content\/uploads\/2012\/04\/attekinto.jpg\" alt=\"Sauna\" width=\"190\" height=\"180\" \/>In a wonderful environment the cabins give relief to various problems, they have different effects on the visitors. While the dry sauna has mainly a detoxificative, anti-cellulitic and immune reinforcing effect, the aroma cabin is refreshing, vitalizing, pores cleaning and respiratory tracts. The bio-sauna with phototherapy cures with the power of the colours. It is calming, relaxing and detoxificating in the same time. The steam cabin is relaxing, recreating, while it is good for the respiratory system. Visitors who are searching thorough detoxification, fat burning, relaxation of muscles, metabolic stimulation \u2013 the infra-red cabin is the best solution. <\/p>\n<p><img loading=\"lazy\" src=\"\/wp-content\/uploads\/2012\/04\/gyoparosfurdo-szaunamesterek.jpg\" alt=\"Our sauna masters\" width=\"570\" height=\"314\" class=\"aligncenter size-full wp-image-19394\" srcset=\"https:\/\/gyoparosfurdo-oroshaza.hu\/wp-content\/uploads\/2012\/04\/gyoparosfurdo-szaunamesterek.jpg 570w, https:\/\/gyoparosfurdo-oroshaza.hu\/wp-content\/uploads\/2012\/04\/gyoparosfurdo-szaunamesterek-300x165.jpg 300w, https:\/\/gyoparosfurdo-oroshaza.hu\/wp-content\/uploads\/2012\/04\/gyoparosfurdo-szaunamesterek-500x275.jpg 500w\" sizes=\"(max-width: 570px) 100vw, 570px\" \/><\/p>\n<p>Not to miss: <a href=\"\/en\/gyoparosfurdo\/szauna-szeanszaink\">visit our sauna seances in autumn, winter and spring!<\/a><\/p>\n<table>\n<tr style=\"vertical-align: top;\">\n<td style=\"vertical-align: top;\"><a href=\"\/en\/gyoparosfurdo\/panorama\"><img loading=\"lazy\" src=\"\/wp-content\/uploads\/2012\/04\/icon-360-mid.png\" width=\"63\" height=\"60\" \/><\/a><\/td>\n<td style=\"vertical-align: top; border: none;\"><a href=\"\/en\/gyoparosfurdo\/panorama\" style=\"font-size: 16px; font-weight: bold;\">Gyop\u00e1rosf\u00fcrd\u0151 panorama<\/a><br \/>Take a tour of the Gyop\u00e1rosf\u00fcrd\u0151 spa using 360\u00b0 panoramic pictures.<\/td>\n<\/tr>\n<\/table>\n<h3>Pictures of sauna park<\/h3>\n\n<div class=\"ngg-galleryoverview\" id=\"ngg-gallery-5-26173\">\n\n\n\t\n\t<!-- Thumbnails -->\n\t\t\n\t<div id=\"ngg-image-1655\" class=\"ngg-gallery-thumbnail-box\"  >\n\t\t<div class=\"ngg-gallery-thumbnail\" >\n\t\t\t<a href=\"https:\/\/gyoparosfurdo-oroshaza.hu\/wp-content\/gallery\/szauna\/szaunapark_gallery_20260202_1.jpg\" title=\"Sauna park \/ Szaunapark\" class=\"thickbox\" rel=\"set_5\" >\n\t\t\t\t\t\t\t\t<img title=\"Szaunapark\" alt=\"Szaunapark\" src=\"https:\/\/gyoparosfurdo-oroshaza.hu\/wp-content\/gallery\/szauna\/thumbs\/thumbs_szaunapark_gallery_20260202_1.jpg\" width=\"120\" height=\"95\" \/>\n\t\t\t\t\t\t\t<\/a>\n\t\t<\/div>\n\t<\/div>\n\t\n\t\t\n \t\t\n\t<div id=\"ngg-image-1658\" class=\"ngg-gallery-thumbnail-box\"  >\n\t\t<div class=\"ngg-gallery-thumbnail\" >\n\t\t\t<a href=\"https:\/\/gyoparosfurdo-oroshaza.hu\/wp-content\/gallery\/szauna\/szaunapark_gallery_20260202_4.jpg\" title=\"Sauna park \/ Szaunapark\" class=\"thickbox\" rel=\"set_5\" >\n\t\t\t\t\t\t\t\t<img title=\"Szaunapark\" alt=\"Szaunapark\" src=\"https:\/\/gyoparosfurdo-oroshaza.hu\/wp-content\/gallery\/szauna\/thumbs\/thumbs_szaunapark_gallery_20260202_4.jpg\" width=\"120\" height=\"95\" \/>\n\t\t\t\t\t\t\t<\/a>\n\t\t<\/div>\n\t<\/div>\n\t\n\t\t\n \t\t\n\t<div id=\"ngg-image-1659\" class=\"ngg-gallery-thumbnail-box\"  >\n\t\t<div class=\"ngg-gallery-thumbnail\" >\n\t\t\t<a href=\"https:\/\/gyoparosfurdo-oroshaza.hu\/wp-content\/gallery\/szauna\/szaunapark_gallery_20260202_5.jpg\" title=\"Sauna park \/ Szaunapark\" class=\"thickbox\" rel=\"set_5\" >\n\t\t\t\t\t\t\t\t<img title=\"Szaunapark\" alt=\"Szaunapark\" src=\"https:\/\/gyoparosfurdo-oroshaza.hu\/wp-content\/gallery\/szauna\/thumbs\/thumbs_szaunapark_gallery_20260202_5.jpg\" width=\"120\" height=\"95\" \/>\n\t\t\t\t\t\t\t<\/a>\n\t\t<\/div>\n\t<\/div>\n\t\n\t\t\n \t\t\n\t<div id=\"ngg-image-1657\" class=\"ngg-gallery-thumbnail-box\"  >\n\t\t<div class=\"ngg-gallery-thumbnail\" >\n\t\t\t<a href=\"https:\/\/gyoparosfurdo-oroshaza.hu\/wp-content\/gallery\/szauna\/szaunapark_gallery_20260202_3.jpg\" title=\"Sauna park \/ Szaunapark\" class=\"thickbox\" rel=\"set_5\" >\n\t\t\t\t\t\t\t\t<img title=\"Szaunapark\" alt=\"Szaunapark\" src=\"https:\/\/gyoparosfurdo-oroshaza.hu\/wp-content\/gallery\/szauna\/thumbs\/thumbs_szaunapark_gallery_20260202_3.jpg\" width=\"120\" height=\"95\" \/>\n\t\t\t\t\t\t\t<\/a>\n\t\t<\/div>\n\t<\/div>\n\t\n\t\t\n \t\t\n\t<div id=\"ngg-image-1656\" class=\"ngg-gallery-thumbnail-box\"  >\n\t\t<div class=\"ngg-gallery-thumbnail\" >\n\t\t\t<a href=\"https:\/\/gyoparosfurdo-oroshaza.hu\/wp-content\/gallery\/szauna\/szaunapark_gallery_20260202_2.jpg\" title=\"Sauna park \/ Szaunapark\" class=\"thickbox\" rel=\"set_5\" >\n\t\t\t\t\t\t\t\t<img title=\"Szaunapark\" alt=\"Szaunapark\" src=\"https:\/\/gyoparosfurdo-oroshaza.hu\/wp-content\/gallery\/szauna\/thumbs\/thumbs_szaunapark_gallery_20260202_2.jpg\" width=\"120\" height=\"95\" \/>\n\t\t\t\t\t\t\t<\/a>\n\t\t<\/div>\n\t<\/div>\n\t\n\t\t\n \t\t\n\t<div id=\"ngg-image-1661\" class=\"ngg-gallery-thumbnail-box\"  >\n\t\t<div class=\"ngg-gallery-thumbnail\" >\n\t\t\t<a href=\"https:\/\/gyoparosfurdo-oroshaza.hu\/wp-content\/gallery\/szauna\/szaunapark_gallery_20260202_7.jpg\" title=\"Sauna park \/ Szaunapark\" class=\"thickbox\" rel=\"set_5\" >\n\t\t\t\t\t\t\t\t<img title=\"Szaunapark\" alt=\"Szaunapark\" src=\"https:\/\/gyoparosfurdo-oroshaza.hu\/wp-content\/gallery\/szauna\/thumbs\/thumbs_szaunapark_gallery_20260202_7.jpg\" width=\"120\" height=\"95\" \/>\n\t\t\t\t\t\t\t<\/a>\n\t\t<\/div>\n\t<\/div>\n\t\n\t\t\n \t\t\n\t<div id=\"ngg-image-1660\" class=\"ngg-gallery-thumbnail-box\"  >\n\t\t<div class=\"ngg-gallery-thumbnail\" >\n\t\t\t<a href=\"https:\/\/gyoparosfurdo-oroshaza.hu\/wp-content\/gallery\/szauna\/szaunapark_gallery_20260202_6.jpg\" title=\"Sauna park \/ Szaunapark\" class=\"thickbox\" rel=\"set_5\" >\n\t\t\t\t\t\t\t\t<img title=\"Szaunapark\" alt=\"Szaunapark\" src=\"https:\/\/gyoparosfurdo-oroshaza.hu\/wp-content\/gallery\/szauna\/thumbs\/thumbs_szaunapark_gallery_20260202_6.jpg\" width=\"120\" height=\"95\" \/>\n\t\t\t\t\t\t\t<\/a>\n\t\t<\/div>\n\t<\/div>\n\t\n\t\t\n \t\t\n\t<div id=\"ngg-image-1662\" class=\"ngg-gallery-thumbnail-box\"  >\n\t\t<div class=\"ngg-gallery-thumbnail\" >\n\t\t\t<a href=\"https:\/\/gyoparosfurdo-oroshaza.hu\/wp-content\/gallery\/szauna\/szaunapark_gallery_20260202_8.jpg\" title=\"Sauna park \/ Szaunapark\" class=\"thickbox\" rel=\"set_5\" >\n\t\t\t\t\t\t\t\t<img title=\"Szaunapark\" alt=\"Szaunapark\" src=\"https:\/\/gyoparosfurdo-oroshaza.hu\/wp-content\/gallery\/szauna\/thumbs\/thumbs_szaunapark_gallery_20260202_8.jpg\" width=\"120\" height=\"95\" \/>\n\t\t\t\t\t\t\t<\/a>\n\t\t<\/div>\n\t<\/div>\n\t\n\t\t\n \t \t\n\t<!-- Pagination -->\n \t<div class='ngg-clear'><\/div>\n \t\n<\/div>\n\n\n<div class=\"kapcsolodo_tartalom\"><h3>Related content<\/h3><ul class=\"custom_menu\"><li class=\"page_item page-item-25884\"><a title=\"Aquapark\" href=\"https:\/\/gyoparosfurdo-oroshaza.hu\/en\/gyoparosfurdo\/aquapark\">Aquapark<\/a><\/li><li class=\"page_item page-item-26344\"><a title=\"Gyop\u00e1rosf\u00fcrd\u0151 \u2013 health resort\" href=\"https:\/\/gyoparosfurdo-oroshaza.hu\/en\/gyoparosfurdo\/gyoparosfurdo-health-resort\">Gyop\u00e1rosf\u00fcrd\u0151 \u2013 health resort<\/a><\/li><li class=\"page_item page-item-26356\"><a title=\"Gyop\u00e1rosf\u00fcrd\u0151 panorama\" href=\"https:\/\/gyoparosfurdo-oroshaza.hu\/en\/gyoparosfurdo\/gyoparosfurdo-panorama\">Gyop\u00e1rosf\u00fcrd\u0151 panorama<\/a><\/li><li class=\"page_item page-item-25880\"><a title=\"History\" href=\"https:\/\/gyoparosfurdo-oroshaza.hu\/en\/gyoparosfurdo\/history\">History<\/a><\/li><li class=\"page_item page-item-26279\"><a title=\"Indoor playground for children\" href=\"https:\/\/gyoparosfurdo-oroshaza.hu\/en\/gyoparosfurdo\/gyoparosfurdo-jatekkucko-indoor-playground-for-children\">Indoor playground for children<\/a><\/li><\/ul><ul class=\"custom_menu\"><li class=\"page_item page-item-26403\"><a title=\"Massages\" href=\"https:\/\/gyoparosfurdo-oroshaza.hu\/en\/gyoparosfurdo\/massages\">Massages<\/a><\/li><li class=\"page_item page-item-25996\"><a title=\"Nyitvatart\u00e1s\" href=\"https:\/\/gyoparosfurdo-oroshaza.hu\/en\/gyoparosfurdo\/opening-hours\">Nyitvatart\u00e1s<\/a><\/li><li class=\"page_item page-item-25897\"><a title=\"Park and outdoor pools\" href=\"https:\/\/gyoparosfurdo-oroshaza.hu\/en\/gyoparosfurdo\/park-and-outdoor-pools\">Park and outdoor pools<\/a><\/li><li class=\"page_item page-item-26492\"><a title=\"Parking\" href=\"https:\/\/gyoparosfurdo-oroshaza.hu\/en\/gyoparosfurdo\/parking\">Parking<\/a><\/li><li class=\"page_item page-item-25973\"><a title=\"Prices\" href=\"https:\/\/gyoparosfurdo-oroshaza.hu\/en\/gyoparosfurdo\/prices\">Prices<\/a><\/li><\/ul><ul class=\"custom_menu\"><li class=\"page_item page-item-26272\"><a title=\"Sauna seances\" href=\"https:\/\/gyoparosfurdo-oroshaza.hu\/en\/gyoparosfurdo\/sauna-seances\">Sauna seances<\/a><\/li><li class=\"page_item page-item-26218\"><a title=\"SZ\u00c9P Card and Health Insurance Fund\" href=\"https:\/\/gyoparosfurdo-oroshaza.hu\/en\/gyoparosfurdo\/szep-card-and-health-insurance-fund\">SZ\u00c9P Card and Health Insurance Fund<\/a><\/li><li class=\"page_item page-item-25901\"><a title=\"Thermal Spa\" href=\"https:\/\/gyoparosfurdo-oroshaza.hu\/en\/gyoparosfurdo\/thermal-spa\">Thermal Spa<\/a><\/li><li class=\"page_item page-item-26328\"><a title=\"Videos\" href=\"https:\/\/gyoparosfurdo-oroshaza.hu\/en\/gyoparosfurdo\/videos\">Videos<\/a><\/li><li class=\"page_item page-item-26151\"><a title=\"Wellness\" href=\"https:\/\/gyoparosfurdo-oroshaza.hu\/en\/gyoparosfurdo\/wellness\">Wellness<\/a><\/li><\/ul><br class=\"clear\" \/><\/div>\n<div class=\"topten_slider_title\"><span class=\"h3\">Top programmes<\/span><a href=\"https:\/\/gyoparosfurdo-oroshaza.hu\/en\/programs\" title=\"Show all programmes \u00bb\">Show all programmes \u00bb<\/a><\/div><div class=\"topten_container topten_slider\" id=\"topten_slider\"><ul class=\"topten_inner\"><li class=\"topten_item\" data-id=\"tsi_1\"><a href=\"\/en\/programs\/for-photographers\" title=\"for photographers\" class=\"topten_link\" style=\"background: url(\/wp-content\/uploads\/2012\/05\/fotosoknak-top-programok-gyoparosfurdon.jpg) top left no-repeat;\"><span class=\"title\">for photographers<\/span><\/a><a href=\"\/en\/programs\/for-sports-fans\" title=\"for sports fans\" class=\"topten_link\" style=\"background: url(\/wp-content\/uploads\/2012\/05\/sportbaratoknak-top-programok-gyoparosfurdon.jpg) top left no-repeat;\"><span class=\"title\">for sports fans<\/span><\/a><a href=\"\/en\/programs\/for-families\" title=\"for families\" class=\"topten_link\" style=\"background: url(\/wp-content\/uploads\/2012\/05\/csaladosoknak-top-programok-gyoparosfurdon.jpg) top left no-repeat;\"><span class=\"title\">for families<\/span><\/a><a href=\"\/en\/programs\/in-summer\" title=\"in summer\" class=\"topten_link\" style=\"background: url(\/wp-content\/uploads\/2012\/05\/nyaron-top-programok-gyoparosfurdon.jpg) top left no-repeat;\"><span class=\"title\">in summer<\/span><\/a><a href=\"\/en\/programs\/1-day\" title=\"for 1 day\" class=\"topten_link\" style=\"background: url(\/wp-content\/uploads\/2012\/05\/1-napra-top-programok-gyoparosfurdon.jpg) top left no-repeat;\"><span class=\"title\">for 1 day<\/span><\/a><a href=\"\/en\/programs\/for-cyclers\" title=\"for cyclers\" class=\"topten_link\" style=\"background: url(\/wp-content\/uploads\/2012\/05\/kerekparosoknak-top-programok-gyoparosfurdon.jpg) top left no-repeat;\"><span class=\"title\">for cyclers<\/span><\/a><\/li><li class=\"topten_item\" data-id=\"tsi_2\"><a href=\"\/en\/programs\/for-a-weekend\" title=\"for a weekend\" class=\"topten_link\" style=\"background: url(\/wp-content\/uploads\/2012\/05\/hetvegere-top-programok-gyoparosfurdon.jpg) top left no-repeat;\"><span class=\"title\">for a weekend<\/span><\/a><a href=\"\/en\/programs\/in-winter\" title=\"in winter\" class=\"topten_link\" style=\"background: url(\/wp-content\/uploads\/2012\/05\/telen-top-programok-gyoparosfurdon.jpg) top left no-repeat;\"><span class=\"title\">in winter<\/span><\/a><a href=\"\/en\/programs\/for-youngsters\" title=\"for youngsters\" class=\"topten_link\" style=\"background: url(\/wp-content\/uploads\/2012\/05\/fiataloknak-top-programok-gyoparosfurdon.jpg) top left no-repeat;\"><span class=\"title\">for youngsters<\/span><\/a><a href=\"\/en\/programs\/for-couples\" title=\"for couples\" class=\"topten_link\" style=\"background: url(\/wp-content\/uploads\/2012\/05\/paroknak-top-programok-gyoparosfurdon.jpg) top left no-repeat;\"><span class=\"title\">for couples<\/span><\/a><a href=\"\/en\/programs\/by-car\" title=\"by car\" class=\"topten_link\" style=\"background: url(\/wp-content\/uploads\/2012\/05\/autoval-top-programok-gyoparosfurdon.jpg) top left no-repeat;\"><span class=\"title\">by car<\/span><\/a><a href=\"\/en\/programs\/for-culture-fans\" title=\"for culture fans\" class=\"topten_link\" style=\"background: url(\/wp-content\/uploads\/2012\/05\/kulturabaratoknak-top-programok-gyoparosfurdon.jpg) top left no-repeat;\"><span class=\"title\">for culture fans<\/span><\/a><\/li><li class=\"topten_item\" data-id=\"tsi_3\"><a href=\"\/en\/programs\/1-week\" title=\"for 1 week\" class=\"topten_link\" style=\"background: url(\/wp-content\/uploads\/2012\/05\/1-hetre-top-programok-gyoparosfurdon.jpg) top left no-repeat;\"><span class=\"title\">for 1 week<\/span><\/a><a href=\"\/en\/programs\/for-anglers\" title=\"for anglers\" class=\"topten_link\" style=\"background: url(\/wp-content\/uploads\/2012\/05\/horgaszoknak-top-programok-gyoparosfurdon.jpg) top left no-repeat;\"><span class=\"title\">for anglers<\/span><\/a><\/ul><div class=\"lapozobox\"><span id=\"lprev\"><\/span><span id=\"lnext\"><\/span><span id=\"ts_1\" class=\"active\"><\/span><span id=\"ts_2\" ><\/span><span id=\"ts_3\" ><\/span><\/div><\/div>\n","protected":false},"excerpt":{"rendered":"<p>The sauna park with ten cabins is open on some days of the week till midnight. Visitors will find a wide choice of saunas: the dry Finnish sauna at a temperature of 60-70 and 70-80 Celsius degrees, an aromatic cabin &hellip; <a href=\"https:\/\/gyoparosfurdo-oroshaza.hu\/en\/gyoparosfurdo\/sauna-park\">Folytat\u00e1s <span class=\"meta-nav\">&rarr;<\/span><\/a><\/p>\n","protected":false},"author":6,"featured_media":0,"parent":25870,"menu_order":0,"comment_status":"closed","ping_status":"closed","template":"","meta":[],"_links":{"self":[{"href":"https:\/\/gyoparosfurdo-oroshaza.hu\/en\/wp-json\/wp\/v2\/pages\/26173"}],"collection":[{"href":"https:\/\/gyoparosfurdo-oroshaza.hu\/en\/wp-json\/wp\/v2\/pages"}],"about":[{"href":"https:\/\/gyoparosfurdo-oroshaza.hu\/en\/wp-json\/wp\/v2\/types\/page"}],"author":[{"embeddable":true,"href":"https:\/\/gyoparosfurdo-oroshaza.hu\/en\/wp-json\/wp\/v2\/users\/6"}],"replies":[{"embeddable":true,"href":"https:\/\/gyoparosfurdo-oroshaza.hu\/en\/wp-json\/wp\/v2\/comments?post=26173"}],"version-history":[{"count":5,"href":"https:\/\/gyoparosfurdo-oroshaza.hu\/en\/wp-json\/wp\/v2\/pages\/26173\/revisions"}],"predecessor-version":[{"id":39847,"href":"https:\/\/gyoparosfurdo-oroshaza.hu\/en\/wp-json\/wp\/v2\/pages\/26173\/revisions\/39847"}],"up":[{"embeddable":true,"href":"https:\/\/gyoparosfurdo-oroshaza.hu\/en\/wp-json\/wp\/v2\/pages\/25870"}],"wp:attachment":[{"href":"https:\/\/gyoparosfurdo-oroshaza.hu\/en\/wp-json\/wp\/v2\/media?parent=26173"}],"curies":[{"name":"wp","href":"https:\/\/api.w.org\/{rel}","templated":true}]}}