{"id":26151,"date":"2012-04-16T10:31:14","date_gmt":"2012-04-16T08:31:14","guid":{"rendered":"https:\/\/gyoparosfurdo-oroshaza.hu\/wellness"},"modified":"2012-04-16T10:31:14","modified_gmt":"2012-04-16T09:31:14","slug":"wellness","status":"publish","type":"page","link":"https:\/\/gyoparosfurdo-oroshaza.hu\/en\/gyoparosfurdo\/wellness","title":{"rendered":"Wellness"},"content":{"rendered":"\n<p>After a holiday at Orosh\u00e1za \u2013 Gyop\u00e1ros we can return to our everyday routine like a new person: full of stamina and energy, refreshed and happy with the new experiences.<\/p>\n<p><img loading=\"lazy\" src=\"\/wp-content\/uploads\/2012\/04\/w1.jpg\" alt=\"Wellness Gyop\u00e1rosf\u00fcrd\u0151\" width=\"190\" height=\"140\" class=\"alignleft\" \/>We will take home the memories of the beautiful landscape and spa, of the happy moments, the delicious taste of the local dishes and we could go on with the list. There are problems we do not have to carry on us any more, if we hunt not only the active experiences, but the relaxing, refreshing and revitalizing programmes as well. <\/p>\n<h3 id=\"masszazs\">Massages<\/h3>\n<p><img loading=\"lazy\" src=\"\/wp-content\/uploads\/2017\/02\/kis-masszazs.jpg\" width=\"190\" height=\"160\" class=\"alignleft\" \/>Apart from therapeutic massage our spa provides a wide range of special massages for indicated tariffs.<br \/>\nFurther details about the massages and information about making appointments can be found on our<br \/>\n <a href=\"https:\/\/gyoparosfurdo-oroshaza.hu\/en\/gyoparosfurdo\/massages\" title=\"massage offers\">massage offers page<\/a>. Click on the <a href=\"https:\/\/gyoparosfurdo-oroshaza.hu\/en\/gyoparosfurdo\/prices\">price list<\/a> for information about the prices of the different massages. <\/p>\n<div style=\"clear: both\"><\/div>\n<h3>Pedicure<\/h3>\n<p>Make appointment for a pedicure treatment (open from Wednesday to Sunday, including holidays) on the following phone number <a href=\"tel:+36702393486\" title=\"+36-70\/239-3486\">+36-70\/239-3486<\/a>.<\/p>\n<h3 id=\"wellness\">Wellness package offers<\/h3>\n<p>Appointments for the below packages can be made on the following phone numbers <a href=\"tel:+3668512260\" title=\"+36 (68) 512-260\">+36 (68) 512-260<\/a> and <a href=\"tel:+3668512262\" title=\"+36 (68) 512-262\">+36 (68) 512-262<\/a> or personally at the cash desk of the therapy centre. Click on the <a href=\"https:\/\/gyoparosfurdo-oroshaza.hu\/en\/gyoparosfurdo\/prices\">price list<\/a> for information about the prices of the different wellness packages.<br \/>\nIf you have any further enquires about the packages please turn to our colleagues at the <b>therapy department<\/b>, who are at your disposal.<\/p>\n<table>\n<tr>\n<td style=\"vertical-align: top\" width=\"50%\"><b>Alf\u00f6ldi  \u201cBety\u00e1ros\u201d treatment \u2013 local speciality<\/b><\/p>\n<ul>\n<li>Carbon dioxide therapy bath  (15 min)<\/li>\n<li>Massage with plum spirit and patting   with birch sticks (25 min)<\/li>\n<li>Treatment with red wine and cinnamon\/red wine and orange (20 min)<\/li>\n<\/ul>\n<\/td>\n<td width=\"50%\"><img loading=\"lazy\" align=\"center\" alt=\"Wellness Orosh\u00e1za\" src=\"\/wp-content\/uploads\/2017\/02\/betyaros.jpg\" width=\"190\" height=\"160\" \/>\n<\/td>\n<\/tr>\n<tr>\n<td><img loading=\"lazy\" align=\"center\" alt=\"Wellness Orosh\u00e1za\" src=\"\/wp-content\/uploads\/2017\/02\/seherezade.jpg\" width=\"190\" height=\"160\" \/><\/td>\n<td style=\"vertical-align: top\">\n<b>&#8220;Magic of Scheherazade&#8221; \u2013 Wellness package for ladies<\/b><\/p>\n<ul>\n<li>Carbon Dioxide Therapy Bath  (15 min)<\/li>\n<li>Refreshing foot or relaxing head massage (25 min)<\/li>\n<li>Pampering massage with grape seed oil (25 min)<\/li>\n<\/ul>\n<\/td>\n<\/tr>\n<tr>\n<td style=\"vertical-align: top\">\n<b>&#8220;Strength of Zeus&#8221; \u2013 Wellness package for gentlemen<\/b><\/p>\n<li>Carbon dioxide therapy bath  (15 min)<\/li>\n<li>Refreshing foot or relaxing head massage (25 min)<\/li>\n<li>Sport massage (25 min)<\/li>\n<\/ul>\n<\/td>\n<td>\n<img loading=\"lazy\" align=\"center\" alt=\"Wellness Orosh\u00e1za\" src=\"\/wp-content\/uploads\/2015\/03\/zeuszereje.jpeg\" width=\"160\" height=\"160\" \/><\/td>\n<\/tr>\n<tr>\n<td>\n<img loading=\"lazy\" align=\"center\" alt=\"Wellness Orosh\u00e1za\" src=\"\/wp-content\/uploads\/2017\/02\/orok-fiatalsag.jpg\" width=\"190\" height=\"160\" \/>\n<\/td>\n<td style=\"vertical-align: top\">\n<b>&#8220;Eternal Youth&#8221; \u2013 skin firming treatment<\/b><\/p>\n<ul>\n<li>Carbon dioxide therapy bath  (15 min)<\/li>\n<li>Anti-aging massage with cinnamon (25 min)<\/li>\n<li>Anti-cellulite treatment (25 min)<\/li>\n<\/ul>\n<\/td>\n<\/tr>\n<tr>\n<td style=\"vertical-align: top\"><b>&#8220;Magic of the Sea&#8221; \u2013 Hawaiian pampering treatment<\/b><\/p>\n<ul>\n<li>Carbon dioxide therapy bath  (15 min)<\/li>\n<li>Lava stone massage (25 min)<\/li>\n<li>Marine salt peeling (15 min)<\/li>\n<\/ul>\n<\/td>\n<td>\n<img loading=\"lazy\" align=\"center\" alt=\"Wellness Orosh\u00e1za\" src=\"\/wp-content\/uploads\/2017\/02\/lavakoves.jpg\" width=\"190\" height=\"160\" <\/td>\n<\/tr>\n<tr>\n<td>\n<img loading=\"lazy\" align=\"center\" alt=\"Wellness Orosh\u00e1za\" src=\"\/wp-content\/uploads\/2017\/02\/thai.jpg\" width=\"190\" height=\"160\" <\/td>\n<td style=\"vertical-align: top\">\n<b>&#8220;Magic of the Far East&#8221; \u2013 Thai package<\/b><\/p>\n<ul>\n<li>Carbon dioxide therapy bath  (15 min)<\/li>\n<li>Thai-massage (55 min)<\/li>\n<\/ul>\n<\/td>\n<\/tr>\n<\/table>\n<h3>Wellness picture gallery<\/h3>\n\n<div class=\"ngg-galleryoverview\" id=\"ngg-gallery-90-26151\">\n\n\n\t\n\t<!-- Thumbnails -->\n\t\t\n\t<div id=\"ngg-image-1273\" class=\"ngg-gallery-thumbnail-box\"  >\n\t\t<div class=\"ngg-gallery-thumbnail\" >\n\t\t\t<a href=\"https:\/\/gyoparosfurdo-oroshaza.hu\/wp-content\/gallery\/wellness_2\/w7.jpg\" title=\"Wellness Gyop\u00e1rosf\u00fcrd\u0151\" class=\"thickbox\" rel=\"set_90\" >\n\t\t\t\t\t\t\t\t<img title=\"Wellness Gyop\u00e1rosf\u00fcrd\u0151\" alt=\"Wellness Gyop\u00e1rosf\u00fcrd\u0151\" src=\"https:\/\/gyoparosfurdo-oroshaza.hu\/wp-content\/gallery\/wellness_2\/thumbs\/thumbs_w7.jpg\" width=\"120\" height=\"95\" \/>\n\t\t\t\t\t\t\t<\/a>\n\t\t<\/div>\n\t<\/div>\n\t\n\t\t\n \t\t\n\t<div id=\"ngg-image-1274\" class=\"ngg-gallery-thumbnail-box\"  >\n\t\t<div class=\"ngg-gallery-thumbnail\" >\n\t\t\t<a href=\"https:\/\/gyoparosfurdo-oroshaza.hu\/wp-content\/gallery\/wellness_2\/w8.jpg\" title=\"Wellness Gyop\u00e1rosf\u00fcrd\u0151\" class=\"thickbox\" rel=\"set_90\" >\n\t\t\t\t\t\t\t\t<img title=\"Wellness Gyop\u00e1rosf\u00fcrd\u0151\" alt=\"Wellness Gyop\u00e1rosf\u00fcrd\u0151\" src=\"https:\/\/gyoparosfurdo-oroshaza.hu\/wp-content\/gallery\/wellness_2\/thumbs\/thumbs_w8.jpg\" width=\"120\" height=\"95\" \/>\n\t\t\t\t\t\t\t<\/a>\n\t\t<\/div>\n\t<\/div>\n\t\n\t\t\n \t\t\n\t<div id=\"ngg-image-1267\" class=\"ngg-gallery-thumbnail-box\"  >\n\t\t<div class=\"ngg-gallery-thumbnail\" >\n\t\t\t<a href=\"https:\/\/gyoparosfurdo-oroshaza.hu\/wp-content\/gallery\/wellness_2\/w1.jpg\" title=\"Wellness Gyop\u00e1rosf\u00fcrd\u0151\" class=\"thickbox\" rel=\"set_90\" >\n\t\t\t\t\t\t\t\t<img title=\"Wellness Gyop\u00e1rosf\u00fcrd\u0151\" alt=\"Wellness Gyop\u00e1rosf\u00fcrd\u0151\" src=\"https:\/\/gyoparosfurdo-oroshaza.hu\/wp-content\/gallery\/wellness_2\/thumbs\/thumbs_w1.jpg\" width=\"120\" height=\"95\" \/>\n\t\t\t\t\t\t\t<\/a>\n\t\t<\/div>\n\t<\/div>\n\t\n\t\t\n \t\t\n\t<div id=\"ngg-image-1268\" class=\"ngg-gallery-thumbnail-box\"  >\n\t\t<div class=\"ngg-gallery-thumbnail\" >\n\t\t\t<a href=\"https:\/\/gyoparosfurdo-oroshaza.hu\/wp-content\/gallery\/wellness_2\/w2.jpg\" title=\"Wellness Gyop\u00e1rosf\u00fcrd\u0151\" class=\"thickbox\" rel=\"set_90\" >\n\t\t\t\t\t\t\t\t<img title=\"Wellness Gyop\u00e1rosf\u00fcrd\u0151\" alt=\"Wellness Gyop\u00e1rosf\u00fcrd\u0151\" src=\"https:\/\/gyoparosfurdo-oroshaza.hu\/wp-content\/gallery\/wellness_2\/thumbs\/thumbs_w2.jpg\" width=\"120\" height=\"95\" \/>\n\t\t\t\t\t\t\t<\/a>\n\t\t<\/div>\n\t<\/div>\n\t\n\t\t\n \t\t\n\t<div id=\"ngg-image-1269\" class=\"ngg-gallery-thumbnail-box\"  >\n\t\t<div class=\"ngg-gallery-thumbnail\" >\n\t\t\t<a href=\"https:\/\/gyoparosfurdo-oroshaza.hu\/wp-content\/gallery\/wellness_2\/w3.jpg\" title=\"Wellness Gyop\u00e1rosf\u00fcrd\u0151\" class=\"thickbox\" rel=\"set_90\" >\n\t\t\t\t\t\t\t\t<img title=\"Wellness Gyop\u00e1rosf\u00fcrd\u0151\" alt=\"Wellness Gyop\u00e1rosf\u00fcrd\u0151\" src=\"https:\/\/gyoparosfurdo-oroshaza.hu\/wp-content\/gallery\/wellness_2\/thumbs\/thumbs_w3.jpg\" width=\"120\" height=\"95\" \/>\n\t\t\t\t\t\t\t<\/a>\n\t\t<\/div>\n\t<\/div>\n\t\n\t\t\n \t\t\n\t<div id=\"ngg-image-1270\" class=\"ngg-gallery-thumbnail-box\"  >\n\t\t<div class=\"ngg-gallery-thumbnail\" >\n\t\t\t<a href=\"https:\/\/gyoparosfurdo-oroshaza.hu\/wp-content\/gallery\/wellness_2\/w4.jpg\" title=\"Wellness Gyop\u00e1rosf\u00fcrd\u0151\" class=\"thickbox\" rel=\"set_90\" >\n\t\t\t\t\t\t\t\t<img title=\"Wellness Gyop\u00e1rosf\u00fcrd\u0151\" alt=\"Wellness Gyop\u00e1rosf\u00fcrd\u0151\" src=\"https:\/\/gyoparosfurdo-oroshaza.hu\/wp-content\/gallery\/wellness_2\/thumbs\/thumbs_w4.jpg\" width=\"120\" height=\"95\" \/>\n\t\t\t\t\t\t\t<\/a>\n\t\t<\/div>\n\t<\/div>\n\t\n\t\t\n \t\t\n\t<div id=\"ngg-image-1271\" class=\"ngg-gallery-thumbnail-box\"  >\n\t\t<div class=\"ngg-gallery-thumbnail\" >\n\t\t\t<a href=\"https:\/\/gyoparosfurdo-oroshaza.hu\/wp-content\/gallery\/wellness_2\/w5.jpg\" title=\"Wellness Gyop\u00e1rosf\u00fcrd\u0151\" class=\"thickbox\" rel=\"set_90\" >\n\t\t\t\t\t\t\t\t<img title=\"Wellness Gyop\u00e1rosf\u00fcrd\u0151\" alt=\"Wellness Gyop\u00e1rosf\u00fcrd\u0151\" src=\"https:\/\/gyoparosfurdo-oroshaza.hu\/wp-content\/gallery\/wellness_2\/thumbs\/thumbs_w5.jpg\" width=\"120\" height=\"95\" \/>\n\t\t\t\t\t\t\t<\/a>\n\t\t<\/div>\n\t<\/div>\n\t\n\t\t\n \t\t\n\t<div id=\"ngg-image-1272\" class=\"ngg-gallery-thumbnail-box\"  >\n\t\t<div class=\"ngg-gallery-thumbnail\" >\n\t\t\t<a href=\"https:\/\/gyoparosfurdo-oroshaza.hu\/wp-content\/gallery\/wellness_2\/w6.jpg\" title=\"Wellness Gyop\u00e1rosf\u00fcrd\u0151\" class=\"thickbox\" rel=\"set_90\" >\n\t\t\t\t\t\t\t\t<img title=\"Wellness Gyop\u00e1rosf\u00fcrd\u0151\" alt=\"Wellness Gyop\u00e1rosf\u00fcrd\u0151\" src=\"https:\/\/gyoparosfurdo-oroshaza.hu\/wp-content\/gallery\/wellness_2\/thumbs\/thumbs_w6.jpg\" width=\"120\" height=\"95\" \/>\n\t\t\t\t\t\t\t<\/a>\n\t\t<\/div>\n\t<\/div>\n\t\n\t\t\n \t \t\n\t<!-- Pagination -->\n \t<div class='ngg-clear'><\/div>\n \t\n<\/div>\n\n\n<div class=\"kapcsolodo_tartalom\"><h3>Related content<\/h3><ul class=\"custom_menu\"><li class=\"page_item page-item-25884\"><a title=\"Aquapark\" href=\"https:\/\/gyoparosfurdo-oroshaza.hu\/en\/gyoparosfurdo\/aquapark\">Aquapark<\/a><\/li><li class=\"page_item page-item-26344\"><a title=\"Gyop\u00e1rosf\u00fcrd\u0151 \u2013 health resort\" href=\"https:\/\/gyoparosfurdo-oroshaza.hu\/en\/gyoparosfurdo\/gyoparosfurdo-health-resort\">Gyop\u00e1rosf\u00fcrd\u0151 \u2013 health resort<\/a><\/li><li class=\"page_item page-item-26356\"><a title=\"Gyop\u00e1rosf\u00fcrd\u0151 panorama\" href=\"https:\/\/gyoparosfurdo-oroshaza.hu\/en\/gyoparosfurdo\/gyoparosfurdo-panorama\">Gyop\u00e1rosf\u00fcrd\u0151 panorama<\/a><\/li><li class=\"page_item page-item-25880\"><a title=\"History\" href=\"https:\/\/gyoparosfurdo-oroshaza.hu\/en\/gyoparosfurdo\/history\">History<\/a><\/li><li class=\"page_item page-item-26279\"><a title=\"Indoor playground for children\" href=\"https:\/\/gyoparosfurdo-oroshaza.hu\/en\/gyoparosfurdo\/gyoparosfurdo-jatekkucko-indoor-playground-for-children\">Indoor playground for children<\/a><\/li><li class=\"page_item page-item-26403\"><a title=\"Massages\" href=\"https:\/\/gyoparosfurdo-oroshaza.hu\/en\/gyoparosfurdo\/massages\">Massages<\/a><\/li><\/ul><ul class=\"custom_menu\"><li class=\"page_item page-item-25996\"><a title=\"Nyitvatart\u00e1s\" href=\"https:\/\/gyoparosfurdo-oroshaza.hu\/en\/gyoparosfurdo\/opening-hours\">Nyitvatart\u00e1s<\/a><\/li><li class=\"page_item page-item-25897\"><a title=\"Park and outdoor pools\" href=\"https:\/\/gyoparosfurdo-oroshaza.hu\/en\/gyoparosfurdo\/park-and-outdoor-pools\">Park and outdoor pools<\/a><\/li><li class=\"page_item page-item-26492\"><a title=\"Parking\" href=\"https:\/\/gyoparosfurdo-oroshaza.hu\/en\/gyoparosfurdo\/parking\">Parking<\/a><\/li><li class=\"page_item page-item-25973\"><a title=\"Prices\" href=\"https:\/\/gyoparosfurdo-oroshaza.hu\/en\/gyoparosfurdo\/prices\">Prices<\/a><\/li><li class=\"page_item page-item-26173\"><a title=\"Sauna park\" href=\"https:\/\/gyoparosfurdo-oroshaza.hu\/en\/gyoparosfurdo\/sauna-park\">Sauna park<\/a><\/li><li class=\"page_item page-item-26255\"><a title=\"Proper sauna etiquette\" href=\"https:\/\/gyoparosfurdo-oroshaza.hu\/en\/gyoparosfurdo\/sauna-park\/proper-sauna-etiquette\">Proper sauna etiquette<\/a><\/li><\/ul><ul class=\"custom_menu\"><li class=\"page_item page-item-26268\"><a title=\"Proper way of using the sauna\" href=\"https:\/\/gyoparosfurdo-oroshaza.hu\/en\/gyoparosfurdo\/sauna-park\/proper-way-of-using-the-sauna\">Proper way of using the sauna<\/a><\/li><li class=\"page_item page-item-26251\"><a title=\"Sauna Culture\" href=\"https:\/\/gyoparosfurdo-oroshaza.hu\/en\/gyoparosfurdo\/sauna-park\/sauna-culture\">Sauna Culture<\/a><\/li><li class=\"page_item page-item-26272\"><a title=\"Sauna seances\" href=\"https:\/\/gyoparosfurdo-oroshaza.hu\/en\/gyoparosfurdo\/sauna-seances\">Sauna seances<\/a><\/li><li class=\"page_item page-item-26218\"><a title=\"SZ\u00c9P Card and Health Insurance Fund\" href=\"https:\/\/gyoparosfurdo-oroshaza.hu\/en\/gyoparosfurdo\/szep-card-and-health-insurance-fund\">SZ\u00c9P Card and Health Insurance Fund<\/a><\/li><li class=\"page_item page-item-25901\"><a title=\"Thermal Spa\" href=\"https:\/\/gyoparosfurdo-oroshaza.hu\/en\/gyoparosfurdo\/thermal-spa\">Thermal Spa<\/a><\/li><li class=\"page_item page-item-26328\"><a title=\"Videos\" href=\"https:\/\/gyoparosfurdo-oroshaza.hu\/en\/gyoparosfurdo\/videos\">Videos<\/a><\/li><\/ul><br class=\"clear\" \/><\/div>\n<div class=\"topten_slider_title\"><span class=\"h3\">Top programmes<\/span><a href=\"https:\/\/gyoparosfurdo-oroshaza.hu\/en\/programs\" title=\"Show all programmes \u00bb\">Show all programmes \u00bb<\/a><\/div><div class=\"topten_container topten_slider\" id=\"topten_slider\"><ul class=\"topten_inner\"><li class=\"topten_item\" data-id=\"tsi_1\"><a href=\"\/en\/programs\/for-families\" title=\"for families\" class=\"topten_link\" style=\"background: url(\/wp-content\/uploads\/2012\/05\/csaladosoknak-top-programok-gyoparosfurdon.jpg) top left no-repeat;\"><span class=\"title\">for families<\/span><\/a><a href=\"\/en\/programs\/in-summer\" title=\"in summer\" class=\"topten_link\" style=\"background: url(\/wp-content\/uploads\/2012\/05\/nyaron-top-programok-gyoparosfurdon.jpg) top left no-repeat;\"><span class=\"title\">in summer<\/span><\/a><a href=\"\/en\/programs\/1-day\" title=\"for 1 day\" class=\"topten_link\" style=\"background: url(\/wp-content\/uploads\/2012\/05\/1-napra-top-programok-gyoparosfurdon.jpg) top left no-repeat;\"><span class=\"title\">for 1 day<\/span><\/a><a href=\"\/en\/programs\/for-cyclers\" title=\"for cyclers\" class=\"topten_link\" style=\"background: url(\/wp-content\/uploads\/2012\/05\/kerekparosoknak-top-programok-gyoparosfurdon.jpg) top left no-repeat;\"><span class=\"title\">for cyclers<\/span><\/a><a href=\"\/en\/programs\/for-a-weekend\" title=\"for a weekend\" class=\"topten_link\" style=\"background: url(\/wp-content\/uploads\/2012\/05\/hetvegere-top-programok-gyoparosfurdon.jpg) top left no-repeat;\"><span class=\"title\">for a weekend<\/span><\/a><a href=\"\/en\/programs\/in-winter\" title=\"in winter\" class=\"topten_link\" style=\"background: url(\/wp-content\/uploads\/2012\/05\/telen-top-programok-gyoparosfurdon.jpg) top left no-repeat;\"><span class=\"title\">in winter<\/span><\/a><\/li><li class=\"topten_item\" data-id=\"tsi_2\"><a href=\"\/en\/programs\/for-youngsters\" title=\"for youngsters\" class=\"topten_link\" style=\"background: url(\/wp-content\/uploads\/2012\/05\/fiataloknak-top-programok-gyoparosfurdon.jpg) top left no-repeat;\"><span class=\"title\">for youngsters<\/span><\/a><a href=\"\/en\/programs\/for-couples\" title=\"for couples\" class=\"topten_link\" style=\"background: url(\/wp-content\/uploads\/2012\/05\/paroknak-top-programok-gyoparosfurdon.jpg) top left no-repeat;\"><span class=\"title\">for couples<\/span><\/a><a href=\"\/en\/programs\/by-car\" title=\"by car\" class=\"topten_link\" style=\"background: url(\/wp-content\/uploads\/2012\/05\/autoval-top-programok-gyoparosfurdon.jpg) top left no-repeat;\"><span class=\"title\">by car<\/span><\/a><a href=\"\/en\/programs\/for-culture-fans\" title=\"for culture fans\" class=\"topten_link\" style=\"background: url(\/wp-content\/uploads\/2012\/05\/kulturabaratoknak-top-programok-gyoparosfurdon.jpg) top left no-repeat;\"><span class=\"title\">for culture fans<\/span><\/a><a href=\"\/en\/programs\/1-week\" title=\"for 1 week\" class=\"topten_link\" style=\"background: url(\/wp-content\/uploads\/2012\/05\/1-hetre-top-programok-gyoparosfurdon.jpg) top left no-repeat;\"><span class=\"title\">for 1 week<\/span><\/a><a href=\"\/en\/programs\/for-anglers\" title=\"for anglers\" class=\"topten_link\" style=\"background: url(\/wp-content\/uploads\/2012\/05\/horgaszoknak-top-programok-gyoparosfurdon.jpg) top left no-repeat;\"><span class=\"title\">for anglers<\/span><\/a><\/li><li class=\"topten_item\" data-id=\"tsi_3\"><a href=\"\/en\/programs\/for-photographers\" title=\"for photographers\" class=\"topten_link\" style=\"background: url(\/wp-content\/uploads\/2012\/05\/fotosoknak-top-programok-gyoparosfurdon.jpg) top left no-repeat;\"><span class=\"title\">for photographers<\/span><\/a><a href=\"\/en\/programs\/for-sports-fans\" title=\"for sports fans\" class=\"topten_link\" style=\"background: url(\/wp-content\/uploads\/2012\/05\/sportbaratoknak-top-programok-gyoparosfurdon.jpg) top left no-repeat;\"><span class=\"title\">for sports fans<\/span><\/a><\/ul><div class=\"lapozobox\"><span id=\"lprev\"><\/span><span id=\"lnext\"><\/span><span id=\"ts_1\" class=\"active\"><\/span><span id=\"ts_2\" ><\/span><span id=\"ts_3\" ><\/span><\/div><\/div>\n","protected":false},"excerpt":{"rendered":"<p>After a holiday at Orosh\u00e1za \u2013 Gyop\u00e1ros we can return to our everyday routine like a new person: full of stamina and energy, refreshed and happy with the new experiences. We will take home the memories of the beautiful landscape &hellip; <a href=\"https:\/\/gyoparosfurdo-oroshaza.hu\/en\/gyoparosfurdo\/wellness\">Folytat\u00e1s <span class=\"meta-nav\">&rarr;<\/span><\/a><\/p>\n","protected":false},"author":6,"featured_media":0,"parent":25870,"menu_order":0,"comment_status":"closed","ping_status":"closed","template":"","meta":[],"_links":{"self":[{"href":"https:\/\/gyoparosfurdo-oroshaza.hu\/en\/wp-json\/wp\/v2\/pages\/26151"}],"collection":[{"href":"https:\/\/gyoparosfurdo-oroshaza.hu\/en\/wp-json\/wp\/v2\/pages"}],"about":[{"href":"https:\/\/gyoparosfurdo-oroshaza.hu\/en\/wp-json\/wp\/v2\/types\/page"}],"author":[{"embeddable":true,"href":"https:\/\/gyoparosfurdo-oroshaza.hu\/en\/wp-json\/wp\/v2\/users\/6"}],"replies":[{"embeddable":true,"href":"https:\/\/gyoparosfurdo-oroshaza.hu\/en\/wp-json\/wp\/v2\/comments?post=26151"}],"version-history":[{"count":0,"href":"https:\/\/gyoparosfurdo-oroshaza.hu\/en\/wp-json\/wp\/v2\/pages\/26151\/revisions"}],"up":[{"embeddable":true,"href":"https:\/\/gyoparosfurdo-oroshaza.hu\/en\/wp-json\/wp\/v2\/pages\/25870"}],"wp:attachment":[{"href":"https:\/\/gyoparosfurdo-oroshaza.hu\/en\/wp-json\/wp\/v2\/media?parent=26151"}],"curies":[{"name":"wp","href":"https:\/\/api.w.org\/{rel}","templated":true}]}}