{"id":26147,"date":"2012-04-16T08:44:44","date_gmt":"2012-04-16T06:44:44","guid":{"rendered":"https:\/\/gyoparosfurdo-oroshaza.hu\/our-neighbour-arad"},"modified":"2012-04-16T08:44:44","modified_gmt":"2012-04-16T07:44:44","slug":"our-neighbour-arad","status":"publish","type":"page","link":"https:\/\/gyoparosfurdo-oroshaza.hu\/en\/oroshaza\/our-neighbour-arad","title":{"rendered":"Our neighbour: Arad"},"content":{"rendered":"<h2>From certain points of view the geographical position of Orosh\u00e1za, situated on the eastern part of the country, is disadvantageous, but if we think of the arriving tourists or the proximity of the border gives the town numerous benefits.<\/h2>\n<p>Arad offers a wide choice of programmes and the town is rich of historic monuments, too.<\/p>\n<p><img loading=\"lazy\" src=\"\/wp-content\/uploads\/2012\/04\/ill_1_arad.jpg\" alt=\"Arad\" title=\"Arad\" width=\"190\" height=\"142\" class=\"alignleft\" \/>B\u00e9k\u00e9s county is surrounded on the east and south from Romanian territories. When crossing the frontier we can chose among different border crossing points. If we set off from Orosh\u00e1za the most convenient points are Nagylak or Battonya, but if we take towards Gyula we will also have a pleasant and smooth journey. Romania is accessable by train as well passing through B\u00e9k\u00e9scsaba, we can cross the border at L\u00f6k\u00f6sh\u00e1za.<\/p>\n<p>To a short distance from the border we can find cities of historic interst. From north to south there is: Nagyv\u00e1rad, Szalonta, Arad and Temesv\u00e1r. These places offer interesting historic sights and monuments worth visiting. Nagyv\u00e1rad was the birth place of outstanding historical personalities, such as: Istv\u00e1n B\u00e1thory (Voivode of Transylvania), P\u00e9ter P\u00e1zm\u00e1ny archbishop, K\u00e1lm\u00e1n Tisza prime minister, Mih\u00e1ly Teleki. As for our current days Jen\u0151 Kn\u00e9zi sport riporter and Ren\u00e1ta Tolvaj singer can be mentioned. <\/p>\n<p><img loading=\"lazy\" src=\"\/wp-content\/uploads\/2012\/04\/ill_2_arad.jpg\" alt=\"Arad f\u0151t\u00e9r\" title=\"Arad main square\" width=\"190\" height=\"142\" class=\"alignleft\" \/>Salonta is famous for Mikl\u00f3s Toldi and the author of his story J\u00e1nos Arany, who  was born and lived here.  We have to mention two other writers Istv\u00e1n Sinka and Lajos Zilahy, eminent personalities of Hungarian literature. At Arad we can find the monument of the thirteen Hungarian generals who were executed in 1849 at Arad city.<br \/>\n&nbsp;<br \/>\nFamous personalities given by the city: P\u00e1l J\u00e1vor famous actor and \u00c1rp\u00e1d T\u00f3th poet. Temesv\u00e1r, capital of area named Banat, is the third biggest city of Roumania. Famous people related to the city are: Gy\u00f6rgy Klapka (later captain of the Kom\u00e1rom Castle), Ern\u0151 Kiss, one of the thirteen executed generals, L\u00e1szl\u00f3 T\u0151k\u00e9s, former deputy bishop and nowadays Member of the European Parliament, or Zolt\u00e1n M\u00e1rki poet. <\/p>\n<p>Find more useful information on Arad and its surrounding at the following website: http:\/\/www.aradhotspots.ro<\/p>\n<h3>Pictures of  Arad<\/h3>\n\n<div class=\"ngg-galleryoverview\" id=\"ngg-gallery-33-26147\">\n\n\n\t\n\t<!-- Thumbnails -->\n\t\t\n\t<div id=\"ngg-image-253\" class=\"ngg-gallery-thumbnail-box\"  >\n\t\t<div class=\"ngg-gallery-thumbnail\" >\n\t\t\t<a href=\"https:\/\/gyoparosfurdo-oroshaza.hu\/wp-content\/gallery\/arad_1\/arad_1_m.jpg\" title=\"Arad\" class=\"thickbox\" rel=\"set_33\" >\n\t\t\t\t\t\t\t\t<img title=\"Arad\" alt=\"Arad\" src=\"https:\/\/gyoparosfurdo-oroshaza.hu\/wp-content\/gallery\/arad_1\/thumbs\/thumbs_arad_1_m.jpg\" width=\"120\" height=\"95\" \/>\n\t\t\t\t\t\t\t<\/a>\n\t\t<\/div>\n\t<\/div>\n\t\n\t\t\n \t\t\n\t<div id=\"ngg-image-254\" class=\"ngg-gallery-thumbnail-box\"  >\n\t\t<div class=\"ngg-gallery-thumbnail\" >\n\t\t\t<a href=\"https:\/\/gyoparosfurdo-oroshaza.hu\/wp-content\/gallery\/arad_1\/arad_2_-m.jpg\" title=\"Arad\" class=\"thickbox\" rel=\"set_33\" >\n\t\t\t\t\t\t\t\t<img title=\"Arad\" alt=\"Arad\" src=\"https:\/\/gyoparosfurdo-oroshaza.hu\/wp-content\/gallery\/arad_1\/thumbs\/thumbs_arad_2_-m.jpg\" width=\"120\" height=\"95\" \/>\n\t\t\t\t\t\t\t<\/a>\n\t\t<\/div>\n\t<\/div>\n\t\n\t\t\n \t\t\n\t<div id=\"ngg-image-255\" class=\"ngg-gallery-thumbnail-box\"  >\n\t\t<div class=\"ngg-gallery-thumbnail\" >\n\t\t\t<a href=\"https:\/\/gyoparosfurdo-oroshaza.hu\/wp-content\/gallery\/arad_1\/arad_3_m.jpg\" title=\"Arad\" class=\"thickbox\" rel=\"set_33\" >\n\t\t\t\t\t\t\t\t<img title=\"Arad\" alt=\"Arad\" src=\"https:\/\/gyoparosfurdo-oroshaza.hu\/wp-content\/gallery\/arad_1\/thumbs\/thumbs_arad_3_m.jpg\" width=\"120\" height=\"95\" \/>\n\t\t\t\t\t\t\t<\/a>\n\t\t<\/div>\n\t<\/div>\n\t\n\t\t\n \t\t\n\t<div id=\"ngg-image-256\" class=\"ngg-gallery-thumbnail-box\"  >\n\t\t<div class=\"ngg-gallery-thumbnail\" >\n\t\t\t<a href=\"https:\/\/gyoparosfurdo-oroshaza.hu\/wp-content\/gallery\/arad_1\/arad_4_m.jpg\" title=\"Arad\" class=\"thickbox\" rel=\"set_33\" >\n\t\t\t\t\t\t\t\t<img title=\"Arad\" alt=\"Arad\" src=\"https:\/\/gyoparosfurdo-oroshaza.hu\/wp-content\/gallery\/arad_1\/thumbs\/thumbs_arad_4_m.jpg\" width=\"120\" height=\"95\" \/>\n\t\t\t\t\t\t\t<\/a>\n\t\t<\/div>\n\t<\/div>\n\t\n\t\t\n \t\t\n\t<div id=\"ngg-image-257\" class=\"ngg-gallery-thumbnail-box\"  >\n\t\t<div class=\"ngg-gallery-thumbnail\" >\n\t\t\t<a href=\"https:\/\/gyoparosfurdo-oroshaza.hu\/wp-content\/gallery\/arad_1\/arad_5_m.jpg\" title=\"Arad\" class=\"thickbox\" rel=\"set_33\" >\n\t\t\t\t\t\t\t\t<img title=\"Arad\" alt=\"Arad\" src=\"https:\/\/gyoparosfurdo-oroshaza.hu\/wp-content\/gallery\/arad_1\/thumbs\/thumbs_arad_5_m.jpg\" width=\"120\" height=\"95\" \/>\n\t\t\t\t\t\t\t<\/a>\n\t\t<\/div>\n\t<\/div>\n\t\n\t\t\n \t \t\n\t<!-- Pagination -->\n \t<div class='ngg-clear'><\/div>\n \t\n<\/div>\n\n\n<h3>Arad on map<\/h3>\n\n<div class=\"kapcsolodo_tartalom\"><h3>Related content<\/h3><ul class=\"custom_menu\"><li class=\"page_item page-item-26022\"><a title=\"General Information\" href=\"https:\/\/gyoparosfurdo-oroshaza.hu\/en\/oroshaza\/general-information\">General Information<\/a><\/li><li class=\"page_item page-item-26130\"><a title=\"Genuine Lowland\" href=\"https:\/\/gyoparosfurdo-oroshaza.hu\/en\/oroshaza\/genuine-lowland\">Genuine Lowland<\/a><\/li><li class=\"page_item page-item-26311\"><a title=\"Local products\" href=\"https:\/\/gyoparosfurdo-oroshaza.hu\/en\/oroshaza\/local-products\">Local products<\/a><\/li><li class=\"page_item page-item-26177\"><a title=\"My Orosh\u00e1za\" href=\"https:\/\/gyoparosfurdo-oroshaza.hu\/en\/oroshaza\/my-oroshaza\">My Orosh\u00e1za<\/a><\/li><\/ul><ul class=\"custom_menu\"><li class=\"page_item page-item-26301\"><a title=\"Andr\u00e1s G\u00e1sp\u00e1r actor\" href=\"https:\/\/gyoparosfurdo-oroshaza.hu\/en\/oroshaza\/my-oroshaza\/andras-gaspar-actor\">Andr\u00e1s G\u00e1sp\u00e1r actor<\/a><\/li><li class=\"page_item page-item-26324\"><a title=\"Zsolt Litauszki\" href=\"https:\/\/gyoparosfurdo-oroshaza.hu\/en\/oroshaza\/my-oroshaza\/zsolt-litauszki\">Zsolt Litauszki<\/a><\/li><li class=\"page_item page-item-26000\"><a title=\"Orosh\u00e1za Gastronomy\" href=\"https:\/\/gyoparosfurdo-oroshaza.hu\/en\/oroshaza\/oroshaza-gastronomy\">Orosh\u00e1za Gastronomy<\/a><\/li><li class=\"page_item page-item-26214\"><a title=\"Restaurants\" href=\"https:\/\/gyoparosfurdo-oroshaza.hu\/en\/oroshaza\/restaurants\">Restaurants<\/a><\/li><\/ul><ul class=\"custom_menu\"><li class=\"page_item page-item-26137\"><a title=\"Storm region\" href=\"https:\/\/gyoparosfurdo-oroshaza.hu\/en\/oroshaza\/storm-region\">Storm region<\/a><\/li><li class=\"page_item page-item-26306\"><a title=\"TDM\" href=\"https:\/\/gyoparosfurdo-oroshaza.hu\/en\/oroshaza\/tdm\">TDM<\/a><\/li><\/ul><br class=\"clear\" \/><\/div>\n<div class=\"topten_slider_title\"><span class=\"h3\">Top programmes<\/span><a href=\"https:\/\/gyoparosfurdo-oroshaza.hu\/en\/programs\" title=\"Show all programmes \u00bb\">Show all programmes \u00bb<\/a><\/div><div class=\"topten_container topten_slider\" id=\"topten_slider\"><ul class=\"topten_inner\"><li class=\"topten_item\" data-id=\"tsi_1\"><a href=\"\/en\/programs\/for-anglers\" title=\"for anglers\" class=\"topten_link\" style=\"background: url(\/wp-content\/uploads\/2012\/05\/horgaszoknak-top-programok-gyoparosfurdon.jpg) top left no-repeat;\"><span class=\"title\">for anglers<\/span><\/a><a href=\"\/en\/programs\/for-photographers\" title=\"for photographers\" class=\"topten_link\" style=\"background: url(\/wp-content\/uploads\/2012\/05\/fotosoknak-top-programok-gyoparosfurdon.jpg) top left no-repeat;\"><span class=\"title\">for photographers<\/span><\/a><a href=\"\/en\/programs\/for-sports-fans\" title=\"for sports fans\" class=\"topten_link\" style=\"background: url(\/wp-content\/uploads\/2012\/05\/sportbaratoknak-top-programok-gyoparosfurdon.jpg) top left no-repeat;\"><span class=\"title\">for sports fans<\/span><\/a><a href=\"\/en\/programs\/for-families\" title=\"for families\" class=\"topten_link\" style=\"background: url(\/wp-content\/uploads\/2012\/05\/csaladosoknak-top-programok-gyoparosfurdon.jpg) top left no-repeat;\"><span class=\"title\">for families<\/span><\/a><a href=\"\/en\/programs\/in-summer\" title=\"in summer\" class=\"topten_link\" style=\"background: url(\/wp-content\/uploads\/2012\/05\/nyaron-top-programok-gyoparosfurdon.jpg) top left no-repeat;\"><span class=\"title\">in summer<\/span><\/a><a href=\"\/en\/programs\/1-day\" title=\"for 1 day\" class=\"topten_link\" style=\"background: url(\/wp-content\/uploads\/2012\/05\/1-napra-top-programok-gyoparosfurdon.jpg) top left no-repeat;\"><span class=\"title\">for 1 day<\/span><\/a><\/li><li class=\"topten_item\" data-id=\"tsi_2\"><a href=\"\/en\/programs\/for-cyclers\" title=\"for cyclers\" class=\"topten_link\" style=\"background: url(\/wp-content\/uploads\/2012\/05\/kerekparosoknak-top-programok-gyoparosfurdon.jpg) top left no-repeat;\"><span class=\"title\">for cyclers<\/span><\/a><a href=\"\/en\/programs\/for-a-weekend\" title=\"for a weekend\" class=\"topten_link\" style=\"background: url(\/wp-content\/uploads\/2012\/05\/hetvegere-top-programok-gyoparosfurdon.jpg) top left no-repeat;\"><span class=\"title\">for a weekend<\/span><\/a><a href=\"\/en\/programs\/in-winter\" title=\"in winter\" class=\"topten_link\" style=\"background: url(\/wp-content\/uploads\/2012\/05\/telen-top-programok-gyoparosfurdon.jpg) top left no-repeat;\"><span class=\"title\">in winter<\/span><\/a><a href=\"\/en\/programs\/for-youngsters\" title=\"for youngsters\" class=\"topten_link\" style=\"background: url(\/wp-content\/uploads\/2012\/05\/fiataloknak-top-programok-gyoparosfurdon.jpg) top left no-repeat;\"><span class=\"title\">for youngsters<\/span><\/a><a href=\"\/en\/programs\/for-couples\" title=\"for couples\" class=\"topten_link\" style=\"background: url(\/wp-content\/uploads\/2012\/05\/paroknak-top-programok-gyoparosfurdon.jpg) top left no-repeat;\"><span class=\"title\">for couples<\/span><\/a><a href=\"\/en\/programs\/by-car\" title=\"by car\" class=\"topten_link\" style=\"background: url(\/wp-content\/uploads\/2012\/05\/autoval-top-programok-gyoparosfurdon.jpg) top left no-repeat;\"><span class=\"title\">by car<\/span><\/a><\/li><li class=\"topten_item\" data-id=\"tsi_3\"><a href=\"\/en\/programs\/for-culture-fans\" title=\"for culture fans\" class=\"topten_link\" style=\"background: url(\/wp-content\/uploads\/2012\/05\/kulturabaratoknak-top-programok-gyoparosfurdon.jpg) top left no-repeat;\"><span class=\"title\">for culture fans<\/span><\/a><a href=\"\/en\/programs\/1-week\" title=\"for 1 week\" class=\"topten_link\" style=\"background: url(\/wp-content\/uploads\/2012\/05\/1-hetre-top-programok-gyoparosfurdon.jpg) top left no-repeat;\"><span class=\"title\">for 1 week<\/span><\/a><\/ul><div class=\"lapozobox\"><span id=\"lprev\"><\/span><span id=\"lnext\"><\/span><span id=\"ts_1\" class=\"active\"><\/span><span id=\"ts_2\" ><\/span><span id=\"ts_3\" ><\/span><\/div><\/div>\n","protected":false},"excerpt":{"rendered":"<p>From certain points of view the geographical position of Orosh\u00e1za, situated on the eastern part of the country, is disadvantageous, but if we think of the arriving tourists or the proximity of the border gives the town numerous benefits. Arad &hellip; <a href=\"https:\/\/gyoparosfurdo-oroshaza.hu\/en\/oroshaza\/our-neighbour-arad\">Folytat\u00e1s <span class=\"meta-nav\">&rarr;<\/span><\/a><\/p>\n","protected":false},"author":6,"featured_media":0,"parent":25956,"menu_order":0,"comment_status":"closed","ping_status":"closed","template":"","meta":[],"_links":{"self":[{"href":"https:\/\/gyoparosfurdo-oroshaza.hu\/en\/wp-json\/wp\/v2\/pages\/26147"}],"collection":[{"href":"https:\/\/gyoparosfurdo-oroshaza.hu\/en\/wp-json\/wp\/v2\/pages"}],"about":[{"href":"https:\/\/gyoparosfurdo-oroshaza.hu\/en\/wp-json\/wp\/v2\/types\/page"}],"author":[{"embeddable":true,"href":"https:\/\/gyoparosfurdo-oroshaza.hu\/en\/wp-json\/wp\/v2\/users\/6"}],"replies":[{"embeddable":true,"href":"https:\/\/gyoparosfurdo-oroshaza.hu\/en\/wp-json\/wp\/v2\/comments?post=26147"}],"version-history":[{"count":0,"href":"https:\/\/gyoparosfurdo-oroshaza.hu\/en\/wp-json\/wp\/v2\/pages\/26147\/revisions"}],"up":[{"embeddable":true,"href":"https:\/\/gyoparosfurdo-oroshaza.hu\/en\/wp-json\/wp\/v2\/pages\/25956"}],"wp:attachment":[{"href":"https:\/\/gyoparosfurdo-oroshaza.hu\/en\/wp-json\/wp\/v2\/media?parent=26147"}],"curies":[{"name":"wp","href":"https:\/\/api.w.org\/{rel}","templated":true}]}}