{"id":26137,"date":"2012-04-16T08:43:07","date_gmt":"2012-04-16T06:43:07","guid":{"rendered":"https:\/\/gyoparosfurdo-oroshaza.hu\/storm-region"},"modified":"2012-04-16T08:43:07","modified_gmt":"2012-04-16T07:43:07","slug":"storm-region","status":"publish","type":"page","link":"https:\/\/gyoparosfurdo-oroshaza.hu\/en\/oroshaza\/storm-region","title":{"rendered":"Storm region"},"content":{"rendered":"<h2>After centuries of war and violence today Storm region is one of the most peaceful regions in Hungary.<\/h2>\n<p> The name &#8220;Storm region&#8221; is an approximate translation of the Hungarian term &#8220;viharsarok&#8221; (&#8220;storm corner&#8221;), a historical name indicating south-east (e.g. B\u00e9k\u00e9s county) of Hungary.<\/p>\n<p><img loading=\"lazy\" src=\"\/wp-content\/uploads\/2012\/04\/viharsarok_puszta.jpg\" alt=\"Viharsarok\" title=\"Storm region\" width=\"190\" height=\"190\" class=\"alignleft\" \/>The name, which is still used with pride by people living in the region south of river K\u00f6r\u00f6s, dates back to the 19th century. B\u00e9k\u00e9s and Csongr\u00e1d comitatus (county), and the later integrated counties of Arad, Csan\u00e1d, Toront\u00e1l were loud of fights, revolutions and their repressions and strikes. Starting from the second half of the 20th century the area became quiet, nowadays the county is really peaceful as its name suggests. (\u201eb\u00e9k\u00e9s\u201d means peaceful)<br \/>\n&nbsp;<\/p>\n<p>In contemporary sense Stormregion is a geographic area comprising Orosh\u00e1za, B\u00e9k\u00e9scsaba, Mez\u0151kov\u00e1csh\u00e1za as well as Mez\u0151hegyes and its surroundings, in a way it is the south-eastern corner of the country, offering numerous sites to be seen for arriving visitors. It is rich of historical and cultural monuments, as well as of natural values. Both lovers of culture and lovers of nature will find the activity and entertainment suiting their specific field of interest. <\/p>\n<p>It is worth hitting the road and discovering the main cities as well as the hidden places. During a holiday spent at Orosh\u00e1za visitors will not be disappointed if they put on their hiking boots. <\/p>\n<h3>Pictures of Storm region<\/h3>\n\n<div class=\"ngg-galleryoverview\" id=\"ngg-gallery-9-26137\">\n\n\n\t\n\t<!-- Thumbnails -->\n\t\t\n\t<div id=\"ngg-image-221\" class=\"ngg-gallery-thumbnail-box\"  >\n\t\t<div class=\"ngg-gallery-thumbnail\" >\n\t\t\t<a href=\"https:\/\/gyoparosfurdo-oroshaza.hu\/wp-content\/gallery\/viharsarok\/viharsarok_1.jpg\" title=\"Gyop\u00e1rosf\u00fcrd\u0151 a Panor\u00e1ma kil\u00e1t\u00f3val \u00e9s a Gyop\u00e1rosi t\u00f3val\" class=\"thickbox\" rel=\"set_9\" >\n\t\t\t\t\t\t\t\t<img title=\"Gyop\u00e1rosf\u00fcrd\u0151 a t\u00f3 fel\u0151l\" alt=\"Gyop\u00e1rosf\u00fcrd\u0151 a t\u00f3 fel\u0151l\" src=\"https:\/\/gyoparosfurdo-oroshaza.hu\/wp-content\/gallery\/viharsarok\/thumbs\/thumbs_viharsarok_1.jpg\" width=\"120\" height=\"95\" \/>\n\t\t\t\t\t\t\t<\/a>\n\t\t<\/div>\n\t<\/div>\n\t\n\t\t\n \t\t\n\t<div id=\"ngg-image-222\" class=\"ngg-gallery-thumbnail-box\"  >\n\t\t<div class=\"ngg-gallery-thumbnail\" >\n\t\t\t<a href=\"https:\/\/gyoparosfurdo-oroshaza.hu\/wp-content\/gallery\/viharsarok\/viharsarok_2.jpg\" title=\"Orosh\u00e1zi evang\u00e9likus templom\" class=\"thickbox\" rel=\"set_9\" >\n\t\t\t\t\t\t\t\t<img title=\"Orosh\u00e1zi evang\u00e9likus templom\" alt=\"Orosh\u00e1zi evang\u00e9likus templom\" src=\"https:\/\/gyoparosfurdo-oroshaza.hu\/wp-content\/gallery\/viharsarok\/thumbs\/thumbs_viharsarok_2.jpg\" width=\"120\" height=\"95\" \/>\n\t\t\t\t\t\t\t<\/a>\n\t\t<\/div>\n\t<\/div>\n\t\n\t\t\n \t\t\n\t<div id=\"ngg-image-223\" class=\"ngg-gallery-thumbnail-box\"  >\n\t\t<div class=\"ngg-gallery-thumbnail\" >\n\t\t\t<a href=\"https:\/\/gyoparosfurdo-oroshaza.hu\/wp-content\/gallery\/viharsarok\/viharsarok_3.jpg\" title=\"Sz\u00fcrkemarh\u00e1k Kardosk\u00faton\" class=\"thickbox\" rel=\"set_9\" >\n\t\t\t\t\t\t\t\t<img title=\"Sz\u00fcrkemarh\u00e1k Kardosk\u00faton\" alt=\"Sz\u00fcrkemarh\u00e1k Kardosk\u00faton\" src=\"https:\/\/gyoparosfurdo-oroshaza.hu\/wp-content\/gallery\/viharsarok\/thumbs\/thumbs_viharsarok_3.jpg\" width=\"120\" height=\"95\" \/>\n\t\t\t\t\t\t\t<\/a>\n\t\t<\/div>\n\t<\/div>\n\t\n\t\t\n \t\t\n\t<div id=\"ngg-image-224\" class=\"ngg-gallery-thumbnail-box\"  >\n\t\t<div class=\"ngg-gallery-thumbnail\" >\n\t\t\t<a href=\"https:\/\/gyoparosfurdo-oroshaza.hu\/wp-content\/gallery\/viharsarok\/viharsarok_4.jpg\" title=\"Az orosh\u00e1zi tanyavil\u00e1g\" class=\"thickbox\" rel=\"set_9\" >\n\t\t\t\t\t\t\t\t<img title=\"Az orosh\u00e1zi tanyavil\u00e1g\" alt=\"Az orosh\u00e1zi tanyavil\u00e1g\" src=\"https:\/\/gyoparosfurdo-oroshaza.hu\/wp-content\/gallery\/viharsarok\/thumbs\/thumbs_viharsarok_4.jpg\" width=\"120\" height=\"95\" \/>\n\t\t\t\t\t\t\t<\/a>\n\t\t<\/div>\n\t<\/div>\n\t\n\t\t\n \t \t\n\t<!-- Pagination -->\n \t<div class='ngg-clear'><\/div>\n \t\n<\/div>\n\n\n<div class=\"kapcsolodo_tartalom\"><h3>Related content<\/h3><ul class=\"custom_menu\"><li class=\"page_item page-item-26022\"><a title=\"General Information\" href=\"https:\/\/gyoparosfurdo-oroshaza.hu\/en\/oroshaza\/general-information\">General Information<\/a><\/li><li class=\"page_item page-item-26130\"><a title=\"Genuine Lowland\" href=\"https:\/\/gyoparosfurdo-oroshaza.hu\/en\/oroshaza\/genuine-lowland\">Genuine Lowland<\/a><\/li><li class=\"page_item page-item-26311\"><a title=\"Local products\" href=\"https:\/\/gyoparosfurdo-oroshaza.hu\/en\/oroshaza\/local-products\">Local products<\/a><\/li><li class=\"page_item page-item-26177\"><a title=\"My Orosh\u00e1za\" href=\"https:\/\/gyoparosfurdo-oroshaza.hu\/en\/oroshaza\/my-oroshaza\">My Orosh\u00e1za<\/a><\/li><\/ul><ul class=\"custom_menu\"><li class=\"page_item page-item-26301\"><a title=\"Andr\u00e1s G\u00e1sp\u00e1r actor\" href=\"https:\/\/gyoparosfurdo-oroshaza.hu\/en\/oroshaza\/my-oroshaza\/andras-gaspar-actor\">Andr\u00e1s G\u00e1sp\u00e1r actor<\/a><\/li><li class=\"page_item page-item-26324\"><a title=\"Zsolt Litauszki\" href=\"https:\/\/gyoparosfurdo-oroshaza.hu\/en\/oroshaza\/my-oroshaza\/zsolt-litauszki\">Zsolt Litauszki<\/a><\/li><li class=\"page_item page-item-26000\"><a title=\"Orosh\u00e1za Gastronomy\" href=\"https:\/\/gyoparosfurdo-oroshaza.hu\/en\/oroshaza\/oroshaza-gastronomy\">Orosh\u00e1za Gastronomy<\/a><\/li><li class=\"page_item page-item-26147\"><a title=\"Our neighbour: Arad\" href=\"https:\/\/gyoparosfurdo-oroshaza.hu\/en\/oroshaza\/our-neighbour-arad\">Our neighbour: Arad<\/a><\/li><\/ul><ul class=\"custom_menu\"><li class=\"page_item page-item-26214\"><a title=\"Restaurants\" href=\"https:\/\/gyoparosfurdo-oroshaza.hu\/en\/oroshaza\/restaurants\">Restaurants<\/a><\/li><li class=\"page_item page-item-26306\"><a title=\"TDM\" href=\"https:\/\/gyoparosfurdo-oroshaza.hu\/en\/oroshaza\/tdm\">TDM<\/a><\/li><\/ul><br class=\"clear\" \/><\/div>\n<div class=\"topten_slider_title\"><span class=\"h3\">Top programmes<\/span><a href=\"https:\/\/gyoparosfurdo-oroshaza.hu\/en\/programs\" title=\"Show all programmes \u00bb\">Show all programmes \u00bb<\/a><\/div><div class=\"topten_container topten_slider\" id=\"topten_slider\"><ul class=\"topten_inner\"><li class=\"topten_item\" data-id=\"tsi_1\"><a href=\"\/en\/programs\/for-families\" title=\"for families\" class=\"topten_link\" style=\"background: url(\/wp-content\/uploads\/2012\/05\/csaladosoknak-top-programok-gyoparosfurdon.jpg) top left no-repeat;\"><span class=\"title\">for families<\/span><\/a><a href=\"\/en\/programs\/in-summer\" title=\"in summer\" class=\"topten_link\" style=\"background: url(\/wp-content\/uploads\/2012\/05\/nyaron-top-programok-gyoparosfurdon.jpg) top left no-repeat;\"><span class=\"title\">in summer<\/span><\/a><a href=\"\/en\/programs\/1-day\" title=\"for 1 day\" class=\"topten_link\" style=\"background: url(\/wp-content\/uploads\/2012\/05\/1-napra-top-programok-gyoparosfurdon.jpg) top left no-repeat;\"><span class=\"title\">for 1 day<\/span><\/a><a href=\"\/en\/programs\/for-cyclers\" title=\"for cyclers\" class=\"topten_link\" style=\"background: url(\/wp-content\/uploads\/2012\/05\/kerekparosoknak-top-programok-gyoparosfurdon.jpg) top left no-repeat;\"><span class=\"title\">for cyclers<\/span><\/a><a href=\"\/en\/programs\/for-a-weekend\" title=\"for a weekend\" class=\"topten_link\" style=\"background: url(\/wp-content\/uploads\/2012\/05\/hetvegere-top-programok-gyoparosfurdon.jpg) top left no-repeat;\"><span class=\"title\">for a weekend<\/span><\/a><a href=\"\/en\/programs\/in-winter\" title=\"in winter\" class=\"topten_link\" style=\"background: url(\/wp-content\/uploads\/2012\/05\/telen-top-programok-gyoparosfurdon.jpg) top left no-repeat;\"><span class=\"title\">in winter<\/span><\/a><\/li><li class=\"topten_item\" data-id=\"tsi_2\"><a href=\"\/en\/programs\/for-youngsters\" title=\"for youngsters\" class=\"topten_link\" style=\"background: url(\/wp-content\/uploads\/2012\/05\/fiataloknak-top-programok-gyoparosfurdon.jpg) top left no-repeat;\"><span class=\"title\">for youngsters<\/span><\/a><a href=\"\/en\/programs\/for-couples\" title=\"for couples\" class=\"topten_link\" style=\"background: url(\/wp-content\/uploads\/2012\/05\/paroknak-top-programok-gyoparosfurdon.jpg) top left no-repeat;\"><span class=\"title\">for couples<\/span><\/a><a href=\"\/en\/programs\/by-car\" title=\"by car\" class=\"topten_link\" style=\"background: url(\/wp-content\/uploads\/2012\/05\/autoval-top-programok-gyoparosfurdon.jpg) top left no-repeat;\"><span class=\"title\">by car<\/span><\/a><a href=\"\/en\/programs\/for-culture-fans\" title=\"for culture fans\" class=\"topten_link\" style=\"background: url(\/wp-content\/uploads\/2012\/05\/kulturabaratoknak-top-programok-gyoparosfurdon.jpg) top left no-repeat;\"><span class=\"title\">for culture fans<\/span><\/a><a href=\"\/en\/programs\/1-week\" title=\"for 1 week\" class=\"topten_link\" style=\"background: url(\/wp-content\/uploads\/2012\/05\/1-hetre-top-programok-gyoparosfurdon.jpg) top left no-repeat;\"><span class=\"title\">for 1 week<\/span><\/a><a href=\"\/en\/programs\/for-anglers\" title=\"for anglers\" class=\"topten_link\" style=\"background: url(\/wp-content\/uploads\/2012\/05\/horgaszoknak-top-programok-gyoparosfurdon.jpg) top left no-repeat;\"><span class=\"title\">for anglers<\/span><\/a><\/li><li class=\"topten_item\" data-id=\"tsi_3\"><a href=\"\/en\/programs\/for-photographers\" title=\"for photographers\" class=\"topten_link\" style=\"background: url(\/wp-content\/uploads\/2012\/05\/fotosoknak-top-programok-gyoparosfurdon.jpg) top left no-repeat;\"><span class=\"title\">for photographers<\/span><\/a><a href=\"\/en\/programs\/for-sports-fans\" title=\"for sports fans\" class=\"topten_link\" style=\"background: url(\/wp-content\/uploads\/2012\/05\/sportbaratoknak-top-programok-gyoparosfurdon.jpg) top left no-repeat;\"><span class=\"title\">for sports fans<\/span><\/a><\/ul><div class=\"lapozobox\"><span id=\"lprev\"><\/span><span id=\"lnext\"><\/span><span id=\"ts_1\" class=\"active\"><\/span><span id=\"ts_2\" ><\/span><span id=\"ts_3\" ><\/span><\/div><\/div>\n","protected":false},"excerpt":{"rendered":"<p>After centuries of war and violence today Storm region is one of the most peaceful regions in Hungary. The name &#8220;Storm region&#8221; is an approximate translation of the Hungarian term &#8220;viharsarok&#8221; (&#8220;storm corner&#8221;), a historical name indicating south-east (e.g. B\u00e9k\u00e9s &hellip; <a href=\"https:\/\/gyoparosfurdo-oroshaza.hu\/en\/oroshaza\/storm-region\">Folytat\u00e1s <span class=\"meta-nav\">&rarr;<\/span><\/a><\/p>\n","protected":false},"author":6,"featured_media":0,"parent":25956,"menu_order":0,"comment_status":"closed","ping_status":"closed","template":"","meta":[],"_links":{"self":[{"href":"https:\/\/gyoparosfurdo-oroshaza.hu\/en\/wp-json\/wp\/v2\/pages\/26137"}],"collection":[{"href":"https:\/\/gyoparosfurdo-oroshaza.hu\/en\/wp-json\/wp\/v2\/pages"}],"about":[{"href":"https:\/\/gyoparosfurdo-oroshaza.hu\/en\/wp-json\/wp\/v2\/types\/page"}],"author":[{"embeddable":true,"href":"https:\/\/gyoparosfurdo-oroshaza.hu\/en\/wp-json\/wp\/v2\/users\/6"}],"replies":[{"embeddable":true,"href":"https:\/\/gyoparosfurdo-oroshaza.hu\/en\/wp-json\/wp\/v2\/comments?post=26137"}],"version-history":[{"count":0,"href":"https:\/\/gyoparosfurdo-oroshaza.hu\/en\/wp-json\/wp\/v2\/pages\/26137\/revisions"}],"up":[{"embeddable":true,"href":"https:\/\/gyoparosfurdo-oroshaza.hu\/en\/wp-json\/wp\/v2\/pages\/25956"}],"wp:attachment":[{"href":"https:\/\/gyoparosfurdo-oroshaza.hu\/en\/wp-json\/wp\/v2\/media?parent=26137"}],"curies":[{"name":"wp","href":"https:\/\/api.w.org\/{rel}","templated":true}]}}