{"id":26130,"date":"2012-04-16T08:41:26","date_gmt":"2012-04-16T06:41:26","guid":{"rendered":"https:\/\/gyoparosfurdo-oroshaza.hu\/genuine-lowland"},"modified":"2012-04-16T08:41:26","modified_gmt":"2012-04-16T07:41:26","slug":"genuine-lowland","status":"publish","type":"page","link":"https:\/\/gyoparosfurdo-oroshaza.hu\/en\/oroshaza\/genuine-lowland","title":{"rendered":"Genuine Lowland"},"content":{"rendered":"<h2>Perfect recreation and tranquillity, particular of this area, takes us back in times when there was no stress, no busy city life, no crowd, no hurry from Monday to Friday.<\/h2>\n<p>We will be seduced by the beautiful landscape of the Lowland, of magic of the long seen starry sky, the hospitality of local people \u2013 these all make our holiday perfect and relaxing.<\/p>\n<p><img loading=\"lazy\" class=\"alignleft\" title=\"Alf\u00f6ld, Orosh\u00e1za, Gyop\u00e1rosf\u00fcrd\u0151\" src=\"\/wp-content\/uploads\/2012\/04\/hamisitatlan_alfold.jpg\" alt=\"Alf\u00f6ld, Orosh\u00e1za, Gyop\u00e1rosf\u00fcrd\u0151\" width=\"190\" height=\"197\" \/><\/p>\n<p>Orosh\u00e1za is considered Pearl of the Lowland region. Till the end of our eyesight we can see endless green fields covered with grass, golden fields of wheat, haycocks placed with accuracy. In the sparkling sunshine the whole countryside varies in amazing bright shades of green and golden yellow and brown, giving pleasure to our eyesight and tranquillity to our souls.<\/p>\n<p>Although Lowland is beautiful and it is becoming a more and more popular holiday destination for tourists both within and across border, fortunately it is not crowded. There is no disturbing crowd or noise that could spoil our holiday. There is only peace and quiet.<\/p>\n<p>Far away from the noisy and stressful city life, from the economic and commercial centres, at the Lowland visitors can find the long lost peace and quiet without exaggerated financial sacrifices. Visitors can enjoy various services, can choose from a wide variety of accommodations without having to tighten the purse strings.<\/p>\n<p>Lowland offers programmes tailored to our field of interest, budget, length of holiday, in this way making our vacation an unforgettable memory.<\/p>\n<h3>Pictures of genuine Lowland<\/h3>\n\n<div class=\"ngg-galleryoverview\" id=\"ngg-gallery-8-26130\">\n\n\n\t\n\t<!-- Thumbnails -->\n\t\t\n\t<div id=\"ngg-image-309\" class=\"ngg-gallery-thumbnail-box\"  >\n\t\t<div class=\"ngg-gallery-thumbnail\" >\n\t\t\t<a href=\"https:\/\/gyoparosfurdo-oroshaza.hu\/wp-content\/gallery\/alfold\/alfold_b3.jpg\" title=\"Tavaszi b\u00fazamez\u0151k\" class=\"thickbox\" rel=\"set_8\" >\n\t\t\t\t\t\t\t\t<img title=\"Tavaszi b\u00fazamez\u0151k\" alt=\"Tavaszi b\u00fazamez\u0151k\" src=\"https:\/\/gyoparosfurdo-oroshaza.hu\/wp-content\/gallery\/alfold\/thumbs\/thumbs_alfold_b3.jpg\" width=\"120\" height=\"95\" \/>\n\t\t\t\t\t\t\t<\/a>\n\t\t<\/div>\n\t<\/div>\n\t\n\t\t\n \t\t\n\t<div id=\"ngg-image-37\" class=\"ngg-gallery-thumbnail-box\"  >\n\t\t<div class=\"ngg-gallery-thumbnail\" >\n\t\t\t<a href=\"https:\/\/gyoparosfurdo-oroshaza.hu\/wp-content\/gallery\/alfold\/alfold_1.jpg\" title=\"Tavaszi mez\u0151 az Alf\u00f6ld\u00f6n\" class=\"thickbox\" rel=\"set_8\" >\n\t\t\t\t\t\t\t\t<img title=\"Tavaszi mez\u0151 az Alf\u00f6ld\u00f6n\" alt=\"Tavaszi mez\u0151 az Alf\u00f6ld\u00f6n\" src=\"https:\/\/gyoparosfurdo-oroshaza.hu\/wp-content\/gallery\/alfold\/thumbs\/thumbs_alfold_1.jpg\" width=\"120\" height=\"95\" \/>\n\t\t\t\t\t\t\t<\/a>\n\t\t<\/div>\n\t<\/div>\n\t\n\t\t\n \t\t\n\t<div id=\"ngg-image-310\" class=\"ngg-gallery-thumbnail-box\"  >\n\t\t<div class=\"ngg-gallery-thumbnail\" >\n\t\t\t<a href=\"https:\/\/gyoparosfurdo-oroshaza.hu\/wp-content\/gallery\/alfold\/alfold_b4.jpg\" title=\"Kil\u00e1t\u00f3 naplement\u00e9ben\" class=\"thickbox\" rel=\"set_8\" >\n\t\t\t\t\t\t\t\t<img title=\"Kil\u00e1t\u00f3 naplement\u00e9ben\" alt=\"Kil\u00e1t\u00f3 naplement\u00e9ben\" src=\"https:\/\/gyoparosfurdo-oroshaza.hu\/wp-content\/gallery\/alfold\/thumbs\/thumbs_alfold_b4.jpg\" width=\"120\" height=\"95\" \/>\n\t\t\t\t\t\t\t<\/a>\n\t\t<\/div>\n\t<\/div>\n\t\n\t\t\n \t\t\n\t<div id=\"ngg-image-39\" class=\"ngg-gallery-thumbnail-box\"  >\n\t\t<div class=\"ngg-gallery-thumbnail\" >\n\t\t\t<a href=\"https:\/\/gyoparosfurdo-oroshaza.hu\/wp-content\/gallery\/alfold\/alfold_3.jpg\" title=\"Az orosh\u00e1zi tanyavil\u00e1g\" class=\"thickbox\" rel=\"set_8\" >\n\t\t\t\t\t\t\t\t<img title=\"Az orosh\u00e1zi tanyavil\u00e1g\" alt=\"Az orosh\u00e1zi tanyavil\u00e1g\" src=\"https:\/\/gyoparosfurdo-oroshaza.hu\/wp-content\/gallery\/alfold\/thumbs\/thumbs_alfold_3.jpg\" width=\"120\" height=\"95\" \/>\n\t\t\t\t\t\t\t<\/a>\n\t\t<\/div>\n\t<\/div>\n\t\n\t\t\n \t\t\n\t<div id=\"ngg-image-308\" class=\"ngg-gallery-thumbnail-box\"  >\n\t\t<div class=\"ngg-gallery-thumbnail\" >\n\t\t\t<a href=\"https:\/\/gyoparosfurdo-oroshaza.hu\/wp-content\/gallery\/alfold\/alfold_b2.jpg\" title=\"Alf\u00f6ldi naplemente\" class=\"thickbox\" rel=\"set_8\" >\n\t\t\t\t\t\t\t\t<img title=\"Alf\u00f6ldi naplemente\" alt=\"Alf\u00f6ldi naplemente\" src=\"https:\/\/gyoparosfurdo-oroshaza.hu\/wp-content\/gallery\/alfold\/thumbs\/thumbs_alfold_b2.jpg\" width=\"120\" height=\"95\" \/>\n\t\t\t\t\t\t\t<\/a>\n\t\t<\/div>\n\t<\/div>\n\t\n\t\t\n \t\t\n\t<div id=\"ngg-image-38\" class=\"ngg-gallery-thumbnail-box\"  >\n\t\t<div class=\"ngg-gallery-thumbnail\" >\n\t\t\t<a href=\"https:\/\/gyoparosfurdo-oroshaza.hu\/wp-content\/gallery\/alfold\/alfold_2.jpg\" title=\"Alf\u00f6ldi szalmab\u00e1l\u00e1k\" class=\"thickbox\" rel=\"set_8\" >\n\t\t\t\t\t\t\t\t<img title=\"Alf\u00f6ldi szalmab\u00e1l\u00e1k\" alt=\"Alf\u00f6ldi szalmab\u00e1l\u00e1k\" src=\"https:\/\/gyoparosfurdo-oroshaza.hu\/wp-content\/gallery\/alfold\/thumbs\/thumbs_alfold_2.jpg\" width=\"120\" height=\"95\" \/>\n\t\t\t\t\t\t\t<\/a>\n\t\t<\/div>\n\t<\/div>\n\t\n\t\t\n \t\t\n\t<div id=\"ngg-image-307\" class=\"ngg-gallery-thumbnail-box\"  >\n\t\t<div class=\"ngg-gallery-thumbnail\" >\n\t\t\t<a href=\"https:\/\/gyoparosfurdo-oroshaza.hu\/wp-content\/gallery\/alfold\/alfold_b1.jpg\" title=\"Szalmab\u00e1l\u00e1k \u00e9s kil\u00e1t\u00f3\" class=\"thickbox\" rel=\"set_8\" >\n\t\t\t\t\t\t\t\t<img title=\"Szalmab\u00e1l\u00e1k \u00e9s kil\u00e1t\u00f3\" alt=\"Szalmab\u00e1l\u00e1k \u00e9s kil\u00e1t\u00f3\" src=\"https:\/\/gyoparosfurdo-oroshaza.hu\/wp-content\/gallery\/alfold\/thumbs\/thumbs_alfold_b1.jpg\" width=\"120\" height=\"95\" \/>\n\t\t\t\t\t\t\t<\/a>\n\t\t<\/div>\n\t<\/div>\n\t\n\t\t\n \t\t\n\t<div id=\"ngg-image-40\" class=\"ngg-gallery-thumbnail-box\"  >\n\t\t<div class=\"ngg-gallery-thumbnail\" >\n\t\t\t<a href=\"https:\/\/gyoparosfurdo-oroshaza.hu\/wp-content\/gallery\/alfold\/alfold_4.jpg\" title=\"Sz\u00fcrkemarh\u00e1k Kardosk\u00faton\" class=\"thickbox\" rel=\"set_8\" >\n\t\t\t\t\t\t\t\t<img title=\"Sz\u00fcrkemarh\u00e1k Kardosk\u00faton\" alt=\"Sz\u00fcrkemarh\u00e1k Kardosk\u00faton\" src=\"https:\/\/gyoparosfurdo-oroshaza.hu\/wp-content\/gallery\/alfold\/thumbs\/thumbs_alfold_4.jpg\" width=\"120\" height=\"95\" \/>\n\t\t\t\t\t\t\t<\/a>\n\t\t<\/div>\n\t<\/div>\n\t\n\t\t\n \t\t\n\t<div id=\"ngg-image-41\" class=\"ngg-gallery-thumbnail-box\"  >\n\t\t<div class=\"ngg-gallery-thumbnail\" >\n\t\t\t<a href=\"https:\/\/gyoparosfurdo-oroshaza.hu\/wp-content\/gallery\/alfold\/alfold_5.jpg\" title=\"Tanyasi macska\" class=\"thickbox\" rel=\"set_8\" >\n\t\t\t\t\t\t\t\t<img title=\"Tanyasi macska\" alt=\"Tanyasi macska\" src=\"https:\/\/gyoparosfurdo-oroshaza.hu\/wp-content\/gallery\/alfold\/thumbs\/thumbs_alfold_5.jpg\" width=\"120\" height=\"95\" \/>\n\t\t\t\t\t\t\t<\/a>\n\t\t<\/div>\n\t<\/div>\n\t\n\t\t\n \t\t\n\t<div id=\"ngg-image-42\" class=\"ngg-gallery-thumbnail-box\"  >\n\t\t<div class=\"ngg-gallery-thumbnail\" >\n\t\t\t<a href=\"https:\/\/gyoparosfurdo-oroshaza.hu\/wp-content\/gallery\/alfold\/alfold_6.jpg\" title=\"Az Alf\u00f6ldi sz\u00ednei\" class=\"thickbox\" rel=\"set_8\" >\n\t\t\t\t\t\t\t\t<img title=\"Az Alf\u00f6ldi sz\u00ednei\" alt=\"Az Alf\u00f6ldi sz\u00ednei\" src=\"https:\/\/gyoparosfurdo-oroshaza.hu\/wp-content\/gallery\/alfold\/thumbs\/thumbs_alfold_6.jpg\" width=\"120\" height=\"95\" \/>\n\t\t\t\t\t\t\t<\/a>\n\t\t<\/div>\n\t<\/div>\n\t\n\t\t\n \t\t\n\t<div id=\"ngg-image-43\" class=\"ngg-gallery-thumbnail-box\"  >\n\t\t<div class=\"ngg-gallery-thumbnail\" >\n\t\t\t<a href=\"https:\/\/gyoparosfurdo-oroshaza.hu\/wp-content\/gallery\/alfold\/alfold_7.jpg\" title=\"Napnyugta az Alf\u00f6ld\u00f6n\" class=\"thickbox\" rel=\"set_8\" >\n\t\t\t\t\t\t\t\t<img title=\"Napnyugta az Alf\u00f6ld\u00f6n\" alt=\"Napnyugta az Alf\u00f6ld\u00f6n\" src=\"https:\/\/gyoparosfurdo-oroshaza.hu\/wp-content\/gallery\/alfold\/thumbs\/thumbs_alfold_7.jpg\" width=\"120\" height=\"95\" \/>\n\t\t\t\t\t\t\t<\/a>\n\t\t<\/div>\n\t<\/div>\n\t\n\t\t\n \t\t\n\t<div id=\"ngg-image-44\" class=\"ngg-gallery-thumbnail-box\"  >\n\t\t<div class=\"ngg-gallery-thumbnail\" >\n\t\t\t<a href=\"https:\/\/gyoparosfurdo-oroshaza.hu\/wp-content\/gallery\/alfold\/alfold_8.jpg\" title=\"Napnyugta az Alf\u00f6ld\u00f6n\" class=\"thickbox\" rel=\"set_8\" >\n\t\t\t\t\t\t\t\t<img title=\"Napnyugta az Alf\u00f6ld\u00f6n\" alt=\"Napnyugta az Alf\u00f6ld\u00f6n\" src=\"https:\/\/gyoparosfurdo-oroshaza.hu\/wp-content\/gallery\/alfold\/thumbs\/thumbs_alfold_8.jpg\" width=\"120\" height=\"95\" \/>\n\t\t\t\t\t\t\t<\/a>\n\t\t<\/div>\n\t<\/div>\n\t\n\t\t\n \t \t\n\t<!-- Pagination -->\n \t<div class='ngg-clear'><\/div>\n \t\n<\/div>\n\n\n<div class=\"kapcsolodo_tartalom\"><h3>Related content<\/h3><ul class=\"custom_menu\"><li class=\"page_item page-item-26022\"><a title=\"General Information\" href=\"https:\/\/gyoparosfurdo-oroshaza.hu\/en\/oroshaza\/general-information\">General Information<\/a><\/li><li class=\"page_item page-item-26311\"><a title=\"Local products\" href=\"https:\/\/gyoparosfurdo-oroshaza.hu\/en\/oroshaza\/local-products\">Local products<\/a><\/li><li class=\"page_item page-item-26177\"><a title=\"My Orosh\u00e1za\" href=\"https:\/\/gyoparosfurdo-oroshaza.hu\/en\/oroshaza\/my-oroshaza\">My Orosh\u00e1za<\/a><\/li><li class=\"page_item page-item-26301\"><a title=\"Andr\u00e1s G\u00e1sp\u00e1r actor\" href=\"https:\/\/gyoparosfurdo-oroshaza.hu\/en\/oroshaza\/my-oroshaza\/andras-gaspar-actor\">Andr\u00e1s G\u00e1sp\u00e1r actor<\/a><\/li><\/ul><ul class=\"custom_menu\"><li class=\"page_item page-item-26324\"><a title=\"Zsolt Litauszki\" href=\"https:\/\/gyoparosfurdo-oroshaza.hu\/en\/oroshaza\/my-oroshaza\/zsolt-litauszki\">Zsolt Litauszki<\/a><\/li><li class=\"page_item page-item-26000\"><a title=\"Orosh\u00e1za Gastronomy\" href=\"https:\/\/gyoparosfurdo-oroshaza.hu\/en\/oroshaza\/oroshaza-gastronomy\">Orosh\u00e1za Gastronomy<\/a><\/li><li class=\"page_item page-item-26147\"><a title=\"Our neighbour: Arad\" href=\"https:\/\/gyoparosfurdo-oroshaza.hu\/en\/oroshaza\/our-neighbour-arad\">Our neighbour: Arad<\/a><\/li><li class=\"page_item page-item-26214\"><a title=\"Restaurants\" href=\"https:\/\/gyoparosfurdo-oroshaza.hu\/en\/oroshaza\/restaurants\">Restaurants<\/a><\/li><\/ul><ul class=\"custom_menu\"><li class=\"page_item page-item-26137\"><a title=\"Storm region\" href=\"https:\/\/gyoparosfurdo-oroshaza.hu\/en\/oroshaza\/storm-region\">Storm region<\/a><\/li><li class=\"page_item page-item-26306\"><a title=\"TDM\" href=\"https:\/\/gyoparosfurdo-oroshaza.hu\/en\/oroshaza\/tdm\">TDM<\/a><\/li><\/ul><br class=\"clear\" \/><\/div>\n<div class=\"topten_slider_title\"><span class=\"h3\">Top programmes<\/span><a href=\"https:\/\/gyoparosfurdo-oroshaza.hu\/en\/programs\" title=\"Show all programmes \u00bb\">Show all programmes \u00bb<\/a><\/div><div class=\"topten_container topten_slider\" id=\"topten_slider\"><ul class=\"topten_inner\"><li class=\"topten_item\" data-id=\"tsi_1\"><a href=\"\/en\/programs\/for-sports-fans\" title=\"for sports fans\" class=\"topten_link\" style=\"background: url(\/wp-content\/uploads\/2012\/05\/sportbaratoknak-top-programok-gyoparosfurdon.jpg) top left no-repeat;\"><span class=\"title\">for sports fans<\/span><\/a><a href=\"\/en\/programs\/for-families\" title=\"for families\" class=\"topten_link\" style=\"background: url(\/wp-content\/uploads\/2012\/05\/csaladosoknak-top-programok-gyoparosfurdon.jpg) top left no-repeat;\"><span class=\"title\">for families<\/span><\/a><a href=\"\/en\/programs\/in-summer\" title=\"in summer\" class=\"topten_link\" style=\"background: url(\/wp-content\/uploads\/2012\/05\/nyaron-top-programok-gyoparosfurdon.jpg) top left no-repeat;\"><span class=\"title\">in summer<\/span><\/a><a href=\"\/en\/programs\/1-day\" title=\"for 1 day\" class=\"topten_link\" style=\"background: url(\/wp-content\/uploads\/2012\/05\/1-napra-top-programok-gyoparosfurdon.jpg) top left no-repeat;\"><span class=\"title\">for 1 day<\/span><\/a><a href=\"\/en\/programs\/for-cyclers\" title=\"for cyclers\" class=\"topten_link\" style=\"background: url(\/wp-content\/uploads\/2012\/05\/kerekparosoknak-top-programok-gyoparosfurdon.jpg) top left no-repeat;\"><span class=\"title\">for cyclers<\/span><\/a><a href=\"\/en\/programs\/for-a-weekend\" title=\"for a weekend\" class=\"topten_link\" style=\"background: url(\/wp-content\/uploads\/2012\/05\/hetvegere-top-programok-gyoparosfurdon.jpg) top left no-repeat;\"><span class=\"title\">for a weekend<\/span><\/a><\/li><li class=\"topten_item\" data-id=\"tsi_2\"><a href=\"\/en\/programs\/in-winter\" title=\"in winter\" class=\"topten_link\" style=\"background: url(\/wp-content\/uploads\/2012\/05\/telen-top-programok-gyoparosfurdon.jpg) top left no-repeat;\"><span class=\"title\">in winter<\/span><\/a><a href=\"\/en\/programs\/for-youngsters\" title=\"for youngsters\" class=\"topten_link\" style=\"background: url(\/wp-content\/uploads\/2012\/05\/fiataloknak-top-programok-gyoparosfurdon.jpg) top left no-repeat;\"><span class=\"title\">for youngsters<\/span><\/a><a href=\"\/en\/programs\/for-couples\" title=\"for couples\" class=\"topten_link\" style=\"background: url(\/wp-content\/uploads\/2012\/05\/paroknak-top-programok-gyoparosfurdon.jpg) top left no-repeat;\"><span class=\"title\">for couples<\/span><\/a><a href=\"\/en\/programs\/by-car\" title=\"by car\" class=\"topten_link\" style=\"background: url(\/wp-content\/uploads\/2012\/05\/autoval-top-programok-gyoparosfurdon.jpg) top left no-repeat;\"><span class=\"title\">by car<\/span><\/a><a href=\"\/en\/programs\/for-culture-fans\" title=\"for culture fans\" class=\"topten_link\" style=\"background: url(\/wp-content\/uploads\/2012\/05\/kulturabaratoknak-top-programok-gyoparosfurdon.jpg) top left no-repeat;\"><span class=\"title\">for culture fans<\/span><\/a><a href=\"\/en\/programs\/1-week\" title=\"for 1 week\" class=\"topten_link\" style=\"background: url(\/wp-content\/uploads\/2012\/05\/1-hetre-top-programok-gyoparosfurdon.jpg) top left no-repeat;\"><span class=\"title\">for 1 week<\/span><\/a><\/li><li class=\"topten_item\" data-id=\"tsi_3\"><a href=\"\/en\/programs\/for-anglers\" title=\"for anglers\" class=\"topten_link\" style=\"background: url(\/wp-content\/uploads\/2012\/05\/horgaszoknak-top-programok-gyoparosfurdon.jpg) top left no-repeat;\"><span class=\"title\">for anglers<\/span><\/a><a href=\"\/en\/programs\/for-photographers\" title=\"for photographers\" class=\"topten_link\" style=\"background: url(\/wp-content\/uploads\/2012\/05\/fotosoknak-top-programok-gyoparosfurdon.jpg) top left no-repeat;\"><span class=\"title\">for photographers<\/span><\/a><\/ul><div class=\"lapozobox\"><span id=\"lprev\"><\/span><span id=\"lnext\"><\/span><span id=\"ts_1\" class=\"active\"><\/span><span id=\"ts_2\" ><\/span><span id=\"ts_3\" ><\/span><\/div><\/div>\n","protected":false},"excerpt":{"rendered":"<p>Perfect recreation and tranquillity, particular of this area, takes us back in times when there was no stress, no busy city life, no crowd, no hurry from Monday to Friday. We will be seduced by the beautiful landscape of the &hellip; <a href=\"https:\/\/gyoparosfurdo-oroshaza.hu\/en\/oroshaza\/genuine-lowland\">Folytat\u00e1s <span class=\"meta-nav\">&rarr;<\/span><\/a><\/p>\n","protected":false},"author":6,"featured_media":0,"parent":25956,"menu_order":0,"comment_status":"closed","ping_status":"closed","template":"","meta":[],"_links":{"self":[{"href":"https:\/\/gyoparosfurdo-oroshaza.hu\/en\/wp-json\/wp\/v2\/pages\/26130"}],"collection":[{"href":"https:\/\/gyoparosfurdo-oroshaza.hu\/en\/wp-json\/wp\/v2\/pages"}],"about":[{"href":"https:\/\/gyoparosfurdo-oroshaza.hu\/en\/wp-json\/wp\/v2\/types\/page"}],"author":[{"embeddable":true,"href":"https:\/\/gyoparosfurdo-oroshaza.hu\/en\/wp-json\/wp\/v2\/users\/6"}],"replies":[{"embeddable":true,"href":"https:\/\/gyoparosfurdo-oroshaza.hu\/en\/wp-json\/wp\/v2\/comments?post=26130"}],"version-history":[{"count":0,"href":"https:\/\/gyoparosfurdo-oroshaza.hu\/en\/wp-json\/wp\/v2\/pages\/26130\/revisions"}],"up":[{"embeddable":true,"href":"https:\/\/gyoparosfurdo-oroshaza.hu\/en\/wp-json\/wp\/v2\/pages\/25956"}],"wp:attachment":[{"href":"https:\/\/gyoparosfurdo-oroshaza.hu\/en\/wp-json\/wp\/v2\/media?parent=26130"}],"curies":[{"name":"wp","href":"https:\/\/api.w.org\/{rel}","templated":true}]}}