{"id":26126,"date":"2012-04-13T12:16:29","date_gmt":"2012-04-13T10:16:29","guid":{"rendered":"https:\/\/gyoparosfurdo-oroshaza.hu\/by-car"},"modified":"2012-04-13T12:16:29","modified_gmt":"2012-04-13T11:16:29","slug":"by-car","status":"publish","type":"page","link":"https:\/\/gyoparosfurdo-oroshaza.hu\/en\/programs\/by-car","title":{"rendered":"by car"},"content":{"rendered":"<div class=\"topten_grid_container topten_page\"><div class=\"topten_grid_item\"><span class=\"h3\">Top programmes<\/span><a href=\"\/en\/programs\/for-families\" class=\"topten_for-families first\">for families &raquo;<\/a><a href=\"\/en\/programs\/in-summer\" class=\"topten_in-summer\">in summer &raquo;<\/a><a href=\"\/en\/programs\/1-day\" class=\"topten_1-day first\">for 1 day &raquo;<\/a><a href=\"\/en\/programs\/for-cyclers\" class=\"topten_for-cyclers\">for cyclers &raquo;<\/a><a href=\"\/en\/programs\/for-a-weekend\" class=\"topten_for-a-weekend first\">for a weekend &raquo;<\/a><a href=\"\/en\/programs\/in-winter\" class=\"topten_in-winter\">in winter &raquo;<\/a><a href=\"\/en\/programs\/for-youngsters\" class=\"topten_for-youngsters first\">for youngsters &raquo;<\/a><a href=\"\/en\/programs\/for-couples\" class=\"topten_for-couples\">for couples &raquo;<\/a><a href=\"\/en\/programs\/by-car\" class=\"topten_by-car first active\">by car &raquo;<\/a><a href=\"\/en\/programs\/for-culture-fans\" class=\"topten_for-culture-fans\">for culture fans &raquo;<\/a><a href=\"\/en\/programs\/1-week\" class=\"topten_1-week first\">for 1 week &raquo;<\/a><a href=\"\/en\/programs\/for-anglers\" class=\"topten_for-anglers\">for anglers &raquo;<\/a><a href=\"\/en\/programs\/for-photographers\" class=\"topten_for-photographers first\">for photographers &raquo;<\/a><a href=\"\/en\/programs\/for-sports-fans\" class=\"topten_for-sports-fans\">for sports fans &raquo;<\/a><\/div><a href=\"https:\/\/gyoparosfurdo-oroshaza.hu\/en\/programok\/bekescsaba\" title=\"B\u00e9k\u00e9scsaba\" class=\"topten_grid_item\"><span class=\"number\">1<\/span><img width=\"290\" height=\"230\" src=\"https:\/\/gyoparosfurdo-oroshaza.hu\/wp-content\/uploads\/2012\/04\/Bekescsaba.jpg\" class=\"lazyload wp-post-image\" alt=\"\" loading=\"lazy\" \/><span class=\"title\">B\u00e9k\u00e9scsaba<\/span><span class=\"text\">B\u00e9k\u00e9scsaba, the chief town of B\u00e9k\u00e9s county is situated within half an hour drive from Orosh\u00e1za, on the main road no.47.<\/span><\/a><a href=\"https:\/\/gyoparosfurdo-oroshaza.hu\/en\/programok\/csorvas\" title=\"Csorv\u00e1s\" class=\"topten_grid_item\"><span class=\"number\">2<\/span><img width=\"290\" height=\"230\" src=\"https:\/\/gyoparosfurdo-oroshaza.hu\/wp-content\/uploads\/2012\/04\/Csorvas.jpg\" class=\"lazyload wp-post-image\" alt=\"\" loading=\"lazy\" \/><span class=\"title\">Csorv\u00e1s<\/span><span class=\"text\">Csorv\u00e1s is a small town with a population of 5\u00a0000 inhabitants. It is situated 15 km from Orosh\u00e1za, by the main road nr: 47.<\/span><\/a><a href=\"https:\/\/gyoparosfurdo-oroshaza.hu\/en\/programok\/kardoskut\" title=\"Kardosk\u00fat\" class=\"topten_grid_item\"><span class=\"number\">3<\/span><img width=\"290\" height=\"230\" src=\"https:\/\/gyoparosfurdo-oroshaza.hu\/wp-content\/uploads\/2012\/04\/Kardoskut.jpg\" class=\"lazyload wp-post-image\" alt=\"\" loading=\"lazy\" \/><span class=\"title\">Kardosk\u00fat<\/span><span class=\"text\">The village Kardosk\u00fat, with 900 inhabitants, is situated just 10-15 minutes drive way from Orosh\u00e1za downtown.<\/span><\/a><a href=\"https:\/\/gyoparosfurdo-oroshaza.hu\/en\/programok\/szabadkigyos\" title=\"Szabadk\u00edgy\u00f3s\" class=\"topten_grid_item\"><span class=\"number\">4<\/span><img width=\"290\" height=\"230\" src=\"https:\/\/gyoparosfurdo-oroshaza.hu\/wp-content\/uploads\/2012\/04\/Szabadkigyos.jpg\" class=\"lazyload wp-post-image\" alt=\"\" loading=\"lazy\" \/><span class=\"title\">Szabadk\u00edgy\u00f3s<\/span><span class=\"text\">Szabadk\u00edgy\u00f3s is a small village with a population of 3\u00a0000, situated south of B\u00e9k\u00e9scsaba.<\/span><\/a><a href=\"https:\/\/gyoparosfurdo-oroshaza.hu\/en\/programok\/gyula\" title=\"Gyula\" class=\"topten_grid_item\"><span class=\"number\">5<\/span><img width=\"290\" height=\"230\" src=\"https:\/\/gyoparosfurdo-oroshaza.hu\/wp-content\/uploads\/2012\/04\/Gyula.jpg\" class=\"lazyload wp-post-image\" alt=\"\" loading=\"lazy\" \/><span class=\"title\">Gyula<\/span><span class=\"text\">The almost 800-year old Gyula town is located in the south-eastern region of Hungary, in the gate of Transylvania, at a distance of 60 km from Orosh\u00e1za.<\/span><\/a><a href=\"https:\/\/gyoparosfurdo-oroshaza.hu\/en\/programok\/szarvas\" title=\"Szarvas\" class=\"topten_grid_item\"><span class=\"number\">6<\/span><img width=\"290\" height=\"230\" src=\"https:\/\/gyoparosfurdo-oroshaza.hu\/wp-content\/uploads\/2012\/04\/Szarvas.jpg\" class=\"lazyload wp-post-image\" alt=\"\" loading=\"lazy\" \/><span class=\"title\">Szarvas<\/span><span class=\"text\">Szarvas is situated next to the main Road 44 from Kecskem\u00e9t to B\u00e9k\u00e9scsaba, just a few kilometres from the border of B\u00e9k\u00e9s county. <\/span><\/a><a href=\"https:\/\/gyoparosfurdo-oroshaza.hu\/en\/programok\/mezohegyes\" title=\"Mez\u0151hegyes\" class=\"topten_grid_item\"><span class=\"number\">7<\/span><img width=\"290\" height=\"230\" src=\"https:\/\/gyoparosfurdo-oroshaza.hu\/wp-content\/uploads\/2012\/04\/Mezohegyes.jpg\" class=\"lazyload wp-post-image\" alt=\"\" loading=\"lazy\" \/><span class=\"title\">Mez\u0151hegyes<\/span><span class=\"text\">Mez\u0151hegyes is a town situated in B\u00e9k\u00e9s county, in the Southern Great Plain region of south-east Hungary.<\/span><\/a><a href=\"https:\/\/gyoparosfurdo-oroshaza.hu\/en\/programok\/totkomlos\" title=\"T\u00f3tkoml\u00f3s\" class=\"topten_grid_item\"><span class=\"number\">8<\/span><img width=\"290\" height=\"230\" src=\"https:\/\/gyoparosfurdo-oroshaza.hu\/wp-content\/uploads\/2012\/04\/Totkomlos.jpg\" class=\"lazyload wp-post-image\" alt=\"\" loading=\"lazy\" \/><span class=\"title\">T\u00f3tkoml\u00f3s<\/span><span class=\"text\">T\u00f3tkoml\u00f3s is situated about 15 km to south of Orosh\u00e1za. Due to its easy accessibility tourist can get to this destination even on bicycle.<\/span><\/a><a href=\"https:\/\/gyoparosfurdo-oroshaza.hu\/en\/programok\/hodmezovasarhely\" title=\"H\u00f3dmez\u0151v\u00e1s\u00e1rhely\" class=\"topten_grid_item\"><span class=\"number\">9<\/span><img width=\"290\" height=\"230\" src=\"https:\/\/gyoparosfurdo-oroshaza.hu\/wp-content\/uploads\/2012\/04\/Hodmezovasarhely.jpg\" class=\"lazyload wp-post-image\" alt=\"\" loading=\"lazy\" \/><span class=\"title\">H\u00f3dmez\u0151v\u00e1s\u00e1rhely<\/span><span class=\"text\">H\u00f3dmez\u0151v\u00e1s\u00e1rhely is situated in the South Eastern part of the Hungary, in the region of the Great Plain, Csongr\u00e1d county.<\/span><\/a><a href=\"https:\/\/gyoparosfurdo-oroshaza.hu\/en\/programok\/szeged\" title=\"Szeged\" class=\"topten_grid_item\"><span class=\"number\">10<\/span><img width=\"290\" height=\"230\" src=\"https:\/\/gyoparosfurdo-oroshaza.hu\/wp-content\/uploads\/2012\/04\/Szeged.jpg\" class=\"lazyload wp-post-image\" alt=\"\" loading=\"lazy\" \/><span class=\"title\">Szeged<\/span><span class=\"text\">Szeged is the perfect destination for a one or two day trip from Orosh\u00e1za. The city is known as the home of paprika, salami, goulash and fish soup.<\/span><\/a><a href=\"https:\/\/gyoparosfurdo-oroshaza.hu\/en\/programok\/arad\" title=\"Arad\" class=\"topten_grid_item\"><span class=\"number\">11<\/span><img width=\"290\" height=\"230\" src=\"https:\/\/gyoparosfurdo-oroshaza.hu\/wp-content\/uploads\/2012\/04\/Arad.jpg\" class=\"lazyload wp-post-image\" alt=\"\" loading=\"lazy\" \/><span class=\"title\">Arad<\/span><span class=\"text\">Arad is situated at a distance of 75 km from Orosh\u00e1za. Travelling by car it is a distance that can be covered in an hour and a half.<\/span><\/a><a href=\"https:\/\/gyoparosfurdo-oroshaza.hu\/en\/programok\/kardoskuti-feherto\" title=\"White Lake at Kardosk\u00fat\" class=\"topten_grid_item\"><span class=\"number\">12<\/span><img width=\"290\" height=\"230\" src=\"https:\/\/gyoparosfurdo-oroshaza.hu\/wp-content\/uploads\/2012\/04\/24_Kardoskuti_feher_to.jpg\" class=\"lazyload wp-post-image\" alt=\"\" loading=\"lazy\" \/><span class=\"title\">White Lake at Kardosk\u00fat<\/span><span class=\"text\">White Lake at Kardosk\u00fat is a must-see for visitors spending their holiday at Orosh\u00e1za or its surroundings.<\/span><\/a><a href=\"https:\/\/gyoparosfurdo-oroshaza.hu\/en\/programok\/tatarsanc\" title=\"Tat\u00e1rs\u00e1nc\" class=\"topten_grid_item\"><span class=\"number\">13<\/span><img width=\"290\" height=\"230\" src=\"https:\/\/gyoparosfurdo-oroshaza.hu\/wp-content\/uploads\/2012\/04\/Tatarsanc.jpg\" class=\"lazyload wp-post-image\" alt=\"\" loading=\"lazy\" \/><span class=\"title\">Tat\u00e1rs\u00e1nc<\/span><span class=\"text\">The native grassland near the village Pusztaf\u00f6ldv\u00e1r can offer exciting things to see not only for those who are interested in the historical.<\/span><\/a><a href=\"https:\/\/gyoparosfurdo-oroshaza.hu\/en\/programok\/opusztaszeri-emlekpark\" title=\"\u00d3pusztaszeri Memorial Park\" class=\"topten_grid_item\"><span class=\"number\">14<\/span><img width=\"290\" height=\"230\" src=\"https:\/\/gyoparosfurdo-oroshaza.hu\/wp-content\/uploads\/2012\/11\/opusz.jpg\" class=\"lazyload wp-post-image\" alt=\"\" loading=\"lazy\" \/><span class=\"title\">\u00d3pusztaszeri Memorial Park<\/span><span class=\"text\">\u00d3pusztaszer Memorial Park <\/span><\/a><div class=\"clear\"><\/div><\/div>\n<div class=\"W560\"><span class=\"h3\">If you arrive on four wheels \u2026<\/span><\/p>\n<h2>Orosh\u00e1za and Gyop\u00e1rosf\u00fcrd\u0151 are ideal destinations for a drive holiday as they offer both conditions that are important for visitors arriving by car: safe garages and high mobility in this way.<\/h2>\n<p>What is more cars are not only safe, but parking or guards is free as all accommodation places offer free, guarded parking places. On top of that parking is free all over the town. Right at the entrance of the spa parking is payable, but a few hundred meters further free and safe parking places are provided for visitors.<\/p>\n<p>As the 50-60 km area of Orosh\u00e1za offers some sights worth seeing, going by car is the most convenient way for discovering them during one day trips. We come across attractive tourist sights any direction we go. Let\u2019s start with the well known town <a title=\"Szeged\" href=\"\/programok\/szeged\">Szeged<\/a> situated to the south from Orhosh\u00e1za. Besides its famous cultural and architectural values, the performances in the open-air theatre provide unforgettable experiences for visitors. One of the best zoos in the country is the Szeged wildlife park. As for gastronomy: the local fish soup is a must try.<\/p>\n<p>If we start on the north, we will get to <a title=\"Szarvas\" href=\"\/programok\/szarvas\">Szarvas<\/a>. It is famous for its Arboretum, water stage and other heritages. We can also watch the Memorial raised for the geometrical centre of the territory of the historical Hungary, existed before the Treaty of Trianon. Gourmets will find Szarvas an ideal destination as the restaurants follow the traditions of both Hungarian and Slovak cuisine.<\/p>\n<p>If we take it to the east we reach two towns: <a title=\"B\u00e9k\u00e9scsaba\" href=\"\/programok\/bekescsaba\">B\u00e9k\u00e9scsab\u00e1ra<\/a> and\u00a0<a title=\"Gyula\" href=\"\/programok\/gyula\">Gyul\u00e1ra<\/a>. Both towns are attractive as the renovated downtown of B\u00e9k\u00e9scsaba has a European atmosphere, the J\u00f3kai Theatre offers great performances, and here is the only cinema of the county, which reaches the level of other cinemas in the country. One thing we should not forget: this is the land of sausages, it is worth the effort finding the best resources of home made sausages.<\/p>\n<p>Gyula does not need any introduction as its castle and spa is worldwide famous, not to mention D\u00fcrer and Erkel, whose memories are preserved in a professional way in this town.<\/p>\n<h3>Pictures<\/h3>\n\n<div class=\"ngg-galleryoverview\" id=\"ngg-gallery-47-26126\">\n\n\n\t\n\t<!-- Thumbnails -->\n\t\t\n\t<div id=\"ngg-image-388\" class=\"ngg-gallery-thumbnail-box\"  >\n\t\t<div class=\"ngg-gallery-thumbnail\" >\n\t\t\t<a href=\"https:\/\/gyoparosfurdo-oroshaza.hu\/wp-content\/gallery\/autoval\/autoval_01.jpg\" title=\"Gyop\u00e1rosf\u00fcrd\u0151 a Kil\u00e1t\u00f3toronnyal\" class=\"thickbox\" rel=\"set_47\" >\n\t\t\t\t\t\t\t\t<img title=\"Gyop\u00e1rosf\u00fcrd\u0151 a Kil\u00e1t\u00f3toronnyal\" alt=\"Gyop\u00e1rosf\u00fcrd\u0151 a Kil\u00e1t\u00f3toronnyal\" src=\"https:\/\/gyoparosfurdo-oroshaza.hu\/wp-content\/gallery\/autoval\/thumbs\/thumbs_autoval_01.jpg\" width=\"120\" height=\"95\" \/>\n\t\t\t\t\t\t\t<\/a>\n\t\t<\/div>\n\t<\/div>\n\t\n\t\t\n \t\t\n\t<div id=\"ngg-image-389\" class=\"ngg-gallery-thumbnail-box\"  >\n\t\t<div class=\"ngg-gallery-thumbnail\" >\n\t\t\t<a href=\"https:\/\/gyoparosfurdo-oroshaza.hu\/wp-content\/gallery\/autoval\/autoval_02.jpg\" title=\"A gyop\u00e1rosi \u00c9lm\u00e9nyf\u00fcrd\u0151 rossz id\u0151 eset\u00e9n is j\u00f3 v\u00e1laszt\u00e1s\" class=\"thickbox\" rel=\"set_47\" >\n\t\t\t\t\t\t\t\t<img title=\"A gyop\u00e1rosi \u00c9lm\u00e9nyf\u00fcrd\u0151 rossz id\u0151 eset\u00e9n is j\u00f3 v\u00e1laszt\u00e1s\" alt=\"A gyop\u00e1rosi \u00c9lm\u00e9nyf\u00fcrd\u0151 rossz id\u0151 eset\u00e9n is j\u00f3 v\u00e1laszt\u00e1s\" src=\"https:\/\/gyoparosfurdo-oroshaza.hu\/wp-content\/gallery\/autoval\/thumbs\/thumbs_autoval_02.jpg\" width=\"120\" height=\"95\" \/>\n\t\t\t\t\t\t\t<\/a>\n\t\t<\/div>\n\t<\/div>\n\t\n\t\t\n \t\t\n\t<div id=\"ngg-image-390\" class=\"ngg-gallery-thumbnail-box\"  >\n\t\t<div class=\"ngg-gallery-thumbnail\" >\n\t\t\t<a href=\"https:\/\/gyoparosfurdo-oroshaza.hu\/wp-content\/gallery\/autoval\/autoval_03.jpg\" title=\"Az \u00c9lm\u00e9nyf\u00fcrd\u0151 cs\u00faszdarendszere\" class=\"thickbox\" rel=\"set_47\" >\n\t\t\t\t\t\t\t\t<img title=\"Az \u00c9lm\u00e9nyf\u00fcrd\u0151 cs\u00faszdarendszere\" alt=\"Az \u00c9lm\u00e9nyf\u00fcrd\u0151 cs\u00faszdarendszere\" src=\"https:\/\/gyoparosfurdo-oroshaza.hu\/wp-content\/gallery\/autoval\/thumbs\/thumbs_autoval_03.jpg\" width=\"120\" height=\"95\" \/>\n\t\t\t\t\t\t\t<\/a>\n\t\t<\/div>\n\t<\/div>\n\t\n\t\t\n \t\t\n\t<div id=\"ngg-image-391\" class=\"ngg-gallery-thumbnail-box\"  >\n\t\t<div class=\"ngg-gallery-thumbnail\" >\n\t\t\t<a href=\"https:\/\/gyoparosfurdo-oroshaza.hu\/wp-content\/gallery\/autoval\/autoval_04.jpg\" title=\"A hatalmas z\u00f6ld gyop\u00e1rosi Parkf\u00fcrd\u0151\" class=\"thickbox\" rel=\"set_47\" >\n\t\t\t\t\t\t\t\t<img title=\"A hatalmas z\u00f6ld gyop\u00e1rosi Parkf\u00fcrd\u0151\" alt=\"A hatalmas z\u00f6ld gyop\u00e1rosi Parkf\u00fcrd\u0151\" src=\"https:\/\/gyoparosfurdo-oroshaza.hu\/wp-content\/gallery\/autoval\/thumbs\/thumbs_autoval_04.jpg\" width=\"120\" height=\"95\" \/>\n\t\t\t\t\t\t\t<\/a>\n\t\t<\/div>\n\t<\/div>\n\t\n\t\t\n \t\t\n\t<div id=\"ngg-image-392\" class=\"ngg-gallery-thumbnail-box\"  >\n\t\t<div class=\"ngg-gallery-thumbnail\" >\n\t\t\t<a href=\"https:\/\/gyoparosfurdo-oroshaza.hu\/wp-content\/gallery\/autoval\/autoval_05.jpg\" title=\"A kardosk\u00fati Feh\u00e9rt\u00f3n a val\u00f3di term\u00e9szet fogad\" class=\"thickbox\" rel=\"set_47\" >\n\t\t\t\t\t\t\t\t<img title=\"A kardosk\u00fati Feh\u00e9rt\u00f3n a val\u00f3di term\u00e9szet fogad\" alt=\"A kardosk\u00fati Feh\u00e9rt\u00f3n a val\u00f3di term\u00e9szet fogad\" src=\"https:\/\/gyoparosfurdo-oroshaza.hu\/wp-content\/gallery\/autoval\/thumbs\/thumbs_autoval_05.jpg\" width=\"120\" height=\"95\" \/>\n\t\t\t\t\t\t\t<\/a>\n\t\t<\/div>\n\t<\/div>\n\t\n\t\t\n \t\t\n\t<div id=\"ngg-image-393\" class=\"ngg-gallery-thumbnail-box\"  >\n\t\t<div class=\"ngg-gallery-thumbnail\" >\n\t\t\t<a href=\"https:\/\/gyoparosfurdo-oroshaza.hu\/wp-content\/gallery\/autoval\/autoval_06.jpg\" title=\"B\u00e9k\u00e9scsaba alig t\u00f6bb, mint f\u00e9l \u00f3ra keleti ir\u00e1nyban\" class=\"thickbox\" rel=\"set_47\" >\n\t\t\t\t\t\t\t\t<img title=\"B\u00e9k\u00e9scsaba alig t\u00f6bb, mint f\u00e9l \u00f3ra keleti ir\u00e1nyban\" alt=\"B\u00e9k\u00e9scsaba alig t\u00f6bb, mint f\u00e9l \u00f3ra keleti ir\u00e1nyban\" src=\"https:\/\/gyoparosfurdo-oroshaza.hu\/wp-content\/gallery\/autoval\/thumbs\/thumbs_autoval_06.jpg\" width=\"120\" height=\"95\" \/>\n\t\t\t\t\t\t\t<\/a>\n\t\t<\/div>\n\t<\/div>\n\t\n\t\t\n \t\t\n\t<div id=\"ngg-image-394\" class=\"ngg-gallery-thumbnail-box\"  >\n\t\t<div class=\"ngg-gallery-thumbnail\" >\n\t\t\t<a href=\"https:\/\/gyoparosfurdo-oroshaza.hu\/wp-content\/gallery\/autoval\/autoval_07.jpg\" title=\"Szeged 56 km nyugati ir\u00e1nyban\" class=\"thickbox\" rel=\"set_47\" >\n\t\t\t\t\t\t\t\t<img title=\"Szeged 56 km nyugati ir\u00e1nyban\" alt=\"Szeged 56 km nyugati ir\u00e1nyban\" src=\"https:\/\/gyoparosfurdo-oroshaza.hu\/wp-content\/gallery\/autoval\/thumbs\/thumbs_autoval_07.jpg\" width=\"120\" height=\"95\" \/>\n\t\t\t\t\t\t\t<\/a>\n\t\t<\/div>\n\t<\/div>\n\t\n\t\t\n \t\t\n\t<div id=\"ngg-image-395\" class=\"ngg-gallery-thumbnail-box\"  >\n\t\t<div class=\"ngg-gallery-thumbnail\" >\n\t\t\t<a href=\"https:\/\/gyoparosfurdo-oroshaza.hu\/wp-content\/gallery\/autoval\/autoval_08.jpg\" title=\"Szarvas \u00e9s a K\u0151r\u00f6s\u00f6k alig 40 km\" class=\"thickbox\" rel=\"set_47\" >\n\t\t\t\t\t\t\t\t<img title=\"Szarvas \u00e9s a K\u0151r\u00f6s\u00f6k alig 40 km\" alt=\"Szarvas \u00e9s a K\u0151r\u00f6s\u00f6k alig 40 km\" src=\"https:\/\/gyoparosfurdo-oroshaza.hu\/wp-content\/gallery\/autoval\/thumbs\/thumbs_autoval_08.jpg\" width=\"120\" height=\"95\" \/>\n\t\t\t\t\t\t\t<\/a>\n\t\t<\/div>\n\t<\/div>\n\t\n\t\t\n \t\t\n\t<div id=\"ngg-image-396\" class=\"ngg-gallery-thumbnail-box\"  >\n\t\t<div class=\"ngg-gallery-thumbnail\" >\n\t\t\t<a href=\"https:\/\/gyoparosfurdo-oroshaza.hu\/wp-content\/gallery\/autoval\/autoval_09.jpg\" title=\"B\u00e9k\u00e9scsab\u00e1t\u00f3l m\u00e1r nincs messze Gyula\" class=\"thickbox\" rel=\"set_47\" >\n\t\t\t\t\t\t\t\t<img title=\"B\u00e9k\u00e9scsab\u00e1t\u00f3l m\u00e1r nincs messze Gyula\" alt=\"B\u00e9k\u00e9scsab\u00e1t\u00f3l m\u00e1r nincs messze Gyula\" src=\"https:\/\/gyoparosfurdo-oroshaza.hu\/wp-content\/gallery\/autoval\/thumbs\/thumbs_autoval_09.jpg\" width=\"120\" height=\"95\" \/>\n\t\t\t\t\t\t\t<\/a>\n\t\t<\/div>\n\t<\/div>\n\t\n\t\t\n \t\t\n\t<div id=\"ngg-image-397\" class=\"ngg-gallery-thumbnail-box\"  >\n\t\t<div class=\"ngg-gallery-thumbnail\" >\n\t\t\t<a href=\"https:\/\/gyoparosfurdo-oroshaza.hu\/wp-content\/gallery\/autoval\/autoval_10.jpg\" title=\"De Szabadk\u00edgy\u00f3s sem\" class=\"thickbox\" rel=\"set_47\" >\n\t\t\t\t\t\t\t\t<img title=\"De Szabadk\u00edgy\u00f3s sem\" alt=\"De Szabadk\u00edgy\u00f3s sem\" src=\"https:\/\/gyoparosfurdo-oroshaza.hu\/wp-content\/gallery\/autoval\/thumbs\/thumbs_autoval_10.jpg\" width=\"120\" height=\"95\" \/>\n\t\t\t\t\t\t\t<\/a>\n\t\t<\/div>\n\t<\/div>\n\t\n\t\t\n \t\t\n\t<div id=\"ngg-image-398\" class=\"ngg-gallery-thumbnail-box\"  >\n\t\t<div class=\"ngg-gallery-thumbnail\" >\n\t\t\t<a href=\"https:\/\/gyoparosfurdo-oroshaza.hu\/wp-content\/gallery\/autoval\/autoval_11.jpg\" title=\"A k\u00f6zeli Mez\u0151hegyes a hazai l\u00f3teny\u00e9szt\u00e9s mekk\u00e1ja\" class=\"thickbox\" rel=\"set_47\" >\n\t\t\t\t\t\t\t\t<img title=\"A k\u00f6zeli Mez\u0151hegyes a hazai l\u00f3teny\u00e9szt\u00e9s mekk\u00e1ja\" alt=\"A k\u00f6zeli Mez\u0151hegyes a hazai l\u00f3teny\u00e9szt\u00e9s mekk\u00e1ja\" src=\"https:\/\/gyoparosfurdo-oroshaza.hu\/wp-content\/gallery\/autoval\/thumbs\/thumbs_autoval_11.jpg\" width=\"120\" height=\"95\" \/>\n\t\t\t\t\t\t\t<\/a>\n\t\t<\/div>\n\t<\/div>\n\t\n\t\t\n \t\t\n\t<div id=\"ngg-image-399\" class=\"ngg-gallery-thumbnail-box\"  >\n\t\t<div class=\"ngg-gallery-thumbnail\" >\n\t\t\t<a href=\"https:\/\/gyoparosfurdo-oroshaza.hu\/wp-content\/gallery\/autoval\/autoval_12.jpg\" title=\"Arad sincs messzebb 75 km-n\u00e9l\" class=\"thickbox\" rel=\"set_47\" >\n\t\t\t\t\t\t\t\t<img title=\"Arad sincs messzebb 75 km-n\u00e9l\" alt=\"Arad sincs messzebb 75 km-n\u00e9l\" src=\"https:\/\/gyoparosfurdo-oroshaza.hu\/wp-content\/gallery\/autoval\/thumbs\/thumbs_autoval_12.jpg\" width=\"120\" height=\"95\" \/>\n\t\t\t\t\t\t\t<\/a>\n\t\t<\/div>\n\t<\/div>\n\t\n\t\t\n \t \t\n\t<!-- Pagination -->\n \t<div class='ngg-clear'><\/div>\n \t\n<\/div>\n\n\n<\/div>\n","protected":false},"excerpt":{"rendered":"<p>If you arrive on four wheels \u2026 Orosh\u00e1za and Gyop\u00e1rosf\u00fcrd\u0151 are ideal destinations for a drive holiday as they offer both conditions that are important for visitors arriving by car: safe garages and high mobility in this way. What is &hellip; <a href=\"https:\/\/gyoparosfurdo-oroshaza.hu\/en\/programs\/by-car\">Folytat\u00e1s <span class=\"meta-nav\">&rarr;<\/span><\/a><\/p>\n","protected":false},"author":6,"featured_media":0,"parent":26026,"menu_order":0,"comment_status":"closed","ping_status":"closed","template":"","meta":[],"_links":{"self":[{"href":"https:\/\/gyoparosfurdo-oroshaza.hu\/en\/wp-json\/wp\/v2\/pages\/26126"}],"collection":[{"href":"https:\/\/gyoparosfurdo-oroshaza.hu\/en\/wp-json\/wp\/v2\/pages"}],"about":[{"href":"https:\/\/gyoparosfurdo-oroshaza.hu\/en\/wp-json\/wp\/v2\/types\/page"}],"author":[{"embeddable":true,"href":"https:\/\/gyoparosfurdo-oroshaza.hu\/en\/wp-json\/wp\/v2\/users\/6"}],"replies":[{"embeddable":true,"href":"https:\/\/gyoparosfurdo-oroshaza.hu\/en\/wp-json\/wp\/v2\/comments?post=26126"}],"version-history":[{"count":0,"href":"https:\/\/gyoparosfurdo-oroshaza.hu\/en\/wp-json\/wp\/v2\/pages\/26126\/revisions"}],"up":[{"embeddable":true,"href":"https:\/\/gyoparosfurdo-oroshaza.hu\/en\/wp-json\/wp\/v2\/pages\/26026"}],"wp:attachment":[{"href":"https:\/\/gyoparosfurdo-oroshaza.hu\/en\/wp-json\/wp\/v2\/media?parent=26126"}],"curies":[{"name":"wp","href":"https:\/\/api.w.org\/{rel}","templated":true}]}}