{"id":26122,"date":"2012-04-13T12:16:11","date_gmt":"2012-04-13T10:16:11","guid":{"rendered":"https:\/\/gyoparosfurdo-oroshaza.hu\/in-winter"},"modified":"2012-04-13T12:16:11","modified_gmt":"2012-04-13T11:16:11","slug":"in-winter","status":"publish","type":"page","link":"https:\/\/gyoparosfurdo-oroshaza.hu\/en\/programs\/in-winter","title":{"rendered":"in winter"},"content":{"rendered":"<div class=\"topten_grid_container topten_page\"><div class=\"topten_grid_item\"><span class=\"h3\">Top programmes<\/span><a href=\"\/en\/programs\/for-sports-fans\" class=\"topten_for-sports-fans first\">for sports fans &raquo;<\/a><a href=\"\/en\/programs\/for-families\" class=\"topten_for-families\">for families &raquo;<\/a><a href=\"\/en\/programs\/in-summer\" class=\"topten_in-summer first\">in summer &raquo;<\/a><a href=\"\/en\/programs\/1-day\" class=\"topten_1-day\">for 1 day &raquo;<\/a><a href=\"\/en\/programs\/for-cyclers\" class=\"topten_for-cyclers first\">for cyclers &raquo;<\/a><a href=\"\/en\/programs\/for-a-weekend\" class=\"topten_for-a-weekend\">for a weekend &raquo;<\/a><a href=\"\/en\/programs\/in-winter\" class=\"topten_in-winter first active\">in winter &raquo;<\/a><a href=\"\/en\/programs\/for-youngsters\" class=\"topten_for-youngsters\">for youngsters &raquo;<\/a><a href=\"\/en\/programs\/for-couples\" class=\"topten_for-couples first\">for couples &raquo;<\/a><a href=\"\/en\/programs\/by-car\" class=\"topten_by-car\">by car &raquo;<\/a><a href=\"\/en\/programs\/for-culture-fans\" class=\"topten_for-culture-fans first\">for culture fans &raquo;<\/a><a href=\"\/en\/programs\/1-week\" class=\"topten_1-week\">for 1 week &raquo;<\/a><a href=\"\/en\/programs\/for-anglers\" class=\"topten_for-anglers first\">for anglers &raquo;<\/a><a href=\"\/en\/programs\/for-photographers\" class=\"topten_for-photographers\">for photographers &raquo;<\/a><\/div><a href=\"https:\/\/gyoparosfurdo-oroshaza.hu\/en\/programok\/elmenyfurdozes-gyoparoson\" title=\"Gyop\u00e1ros Bathing Experience\" class=\"topten_grid_item\"><span class=\"number\">1<\/span><img width=\"290\" height=\"230\" src=\"https:\/\/gyoparosfurdo-oroshaza.hu\/wp-content\/uploads\/2012\/04\/elmenyfurdo_kiemelt.jpg\" class=\"lazyload wp-post-image\" alt=\"\" loading=\"lazy\" \/><span class=\"title\">Gyop\u00e1ros Bathing Experience<\/span><span class=\"text\">Fun and entertainment provided by the adventure pools at Gyop\u00e1ros.<\/span><\/a><a href=\"https:\/\/gyoparosfurdo-oroshaza.hu\/en\/programok\/wellness-es-kenyeztetes\" title=\"Wellness and treat\" class=\"topten_grid_item\"><span class=\"number\">2<\/span><img width=\"290\" height=\"230\" src=\"https:\/\/gyoparosfurdo-oroshaza.hu\/wp-content\/uploads\/2012\/05\/3_Wellness.jpg\" class=\"lazyload wp-post-image\" alt=\"\" loading=\"lazy\" \/><span class=\"title\">Wellness and treat<\/span><span class=\"text\">The pampering services offered by Gyop\u00e1ros feel like a romantic touch.<\/span><\/a><a href=\"https:\/\/gyoparosfurdo-oroshaza.hu\/en\/programok\/ejszakai-furdozes\" title=\"Night bathing\" class=\"topten_grid_item\"><span class=\"number\">3<\/span><img width=\"290\" height=\"230\" src=\"https:\/\/gyoparosfurdo-oroshaza.hu\/wp-content\/uploads\/2012\/04\/4_Ejszakai_furdozes.jpg\" class=\"lazyload wp-post-image\" alt=\"\" loading=\"lazy\" \/><span class=\"title\">Night bathing<\/span><span class=\"text\">Night bathing in Gyop\u00e1rosf\u00fcrd\u0151 until midnight on saturdays.<\/span><\/a><a href=\"https:\/\/gyoparosfurdo-oroshaza.hu\/en\/programok\/a-puszta-telen\" title=\"The lowland Puszta in Winter\" class=\"topten_grid_item\"><span class=\"number\">4<\/span><img width=\"290\" height=\"230\" src=\"https:\/\/gyoparosfurdo-oroshaza.hu\/wp-content\/uploads\/2012\/04\/A_puszta_telen.jpg\" class=\"lazyload wp-post-image\" alt=\"\" loading=\"lazy\" \/><span class=\"title\">The lowland Puszta in Winter<\/span><span class=\"text\">The lowland Puszta attracts visitors not only during the hot summer months with temperatures reaching 34-36\u00b0C, but in winter time as well.<\/span><\/a><a href=\"https:\/\/gyoparosfurdo-oroshaza.hu\/en\/programok\/fallabda-tenisz\" title=\"Tennis, Squash\" class=\"topten_grid_item\"><span class=\"number\">5<\/span><img width=\"290\" height=\"230\" src=\"https:\/\/gyoparosfurdo-oroshaza.hu\/wp-content\/uploads\/2012\/04\/10_Tenisz_fallabda.jpg\" class=\"lazyload wp-post-image\" alt=\"\" loading=\"lazy\" \/><span class=\"title\">Tennis, Squash<\/span><span class=\"text\">You do not have to leave your rackets at home during your holiday at Orosh\u00e1za.<\/span><\/a><div class=\"clear\"><\/div><\/div>\n<div class=\"W560\">\n<span class=\"h3\">Awaiting you here  at orosh\u00e1za-gyop\u00e1ros for a winter holiday<\/span><\/p>\n<h2>Although the beautiful green parks of Gyop\u00e1rosf\u00fcrd\u0151 lose their foliage for winter time, it is still worth coming.<\/h2>\n<p>The <a href=\"https:\/\/gyoparosfurdo-oroshaza.hu\/en\/gyoparosfurdo\/thermal-spa\" title=\"Thermal Spa\">thermal spa<\/a> as well as the<a href=\"https:\/\/gyoparosfurdo-oroshaza.hu\/en\/gyoparosfurdo\/aquapark\" title=\"Adventure pools\"> adventure complexity<\/a> is open all year round, that means visitors can come here for winter programmes during Christmas time or New Year\u2019s Eve.<\/p>\n<p>Although Lowland does not offer any skiing facilities, visitors can find a wide variety of pastimes at orosh\u00e1za and its surroundings.  The beauty of <a href=\"\/en\/programok\/a-puszta-telen\" title=\"The lowland Puszta in Winter\">winter puszta<\/a> (=Hungarian plain) inspired a lot of poets proving how beautiful the endless white landscape can be. A walk in the park is great. When it freezes over, a highway of brilliant ice invites the whole family for ice skating, hockey, or plain sliding. And even when the air vibrates with joy and laughter, visitors can sense the peace and serenity of the surroundings.<\/p>\n<p>The spa itself is a unique experience in winter. We can go to saunas to warm up. For many people winter time means sauna time. Minus degrees outside, depressingly short days, general proclivity to stay home instead of going out in the blistering cold. The best tip to get warm throughout the next couple of months is sauna.  Melt away the stress in a hot sauna. Besides being relaxing, sauna is detoxificating, regenerating, sterilizing and boosts the immune system. It is highly recommended in winter time.<\/p>\n<p>To make our comfort perfect: free wifi internet access is available all over the spa. In this way using the mobiles, tablets or laptops visitors can surf the net any time, handle their things or share with friends the latest experiences about a pleasant wellness therapy.<\/p>\n<p>The fitness clubs all over the town are open. Beside body building visitors can take a rest in one of the <a href=\"https:\/\/gyoparosfurdo-oroshaza.hu\/en\/oroshaza\/restaurants\" title=\"Restaurants\">restaurants<\/a> or bars. Museums and other cultural institutions offer a wide range of programmes just like during the high season. Visitors can enjoy concerts, theatre plays, performances of children studying at the local art school. This is the perfect place to chill out!<\/p>\n<h3>Pictures<\/h3>\n\n<div class=\"ngg-galleryoverview\" id=\"ngg-gallery-25-26122\">\n\n\n\t\n\t<!-- Thumbnails -->\n\t\t\n\t<div id=\"ngg-image-1519\" class=\"ngg-gallery-thumbnail-box\"  >\n\t\t<div class=\"ngg-gallery-thumbnail\" >\n\t\t\t<a href=\"https:\/\/gyoparosfurdo-oroshaza.hu\/wp-content\/gallery\/telen\/gyoparos-tel-2018-03.jpg\" title=\"Gyop\u00e1rosf\u00fcrd\u0151 t\u00e9len\" class=\"thickbox\" rel=\"set_25\" >\n\t\t\t\t\t\t\t\t<img title=\"Gyop\u00e1rosf\u00fcrd\u0151 t\u00e9len\" alt=\"Gyop\u00e1rosf\u00fcrd\u0151 t\u00e9len\" src=\"https:\/\/gyoparosfurdo-oroshaza.hu\/wp-content\/gallery\/telen\/thumbs\/thumbs_gyoparos-tel-2018-03.jpg\" width=\"120\" height=\"95\" \/>\n\t\t\t\t\t\t\t<\/a>\n\t\t<\/div>\n\t<\/div>\n\t\n\t\t\n \t\t\n\t<div id=\"ngg-image-999\" class=\"ngg-gallery-thumbnail-box\"  >\n\t\t<div class=\"ngg-gallery-thumbnail\" >\n\t\t\t<a href=\"https:\/\/gyoparosfurdo-oroshaza.hu\/wp-content\/gallery\/telen\/elmenyfurdo_napsutes.jpg\" title=\"\u00c9lm\u00e9nyf\u00fcrd\u0151z\u00e9s t\u00e9len\" class=\"thickbox\" rel=\"set_25\" >\n\t\t\t\t\t\t\t\t<img title=\"\u00c9lm\u00e9nyf\u00fcrd\u0151z\u00e9s t\u00e9len\" alt=\"\u00c9lm\u00e9nyf\u00fcrd\u0151z\u00e9s t\u00e9len\" src=\"https:\/\/gyoparosfurdo-oroshaza.hu\/wp-content\/gallery\/telen\/thumbs\/thumbs_elmenyfurdo_napsutes.jpg\" width=\"120\" height=\"95\" \/>\n\t\t\t\t\t\t\t<\/a>\n\t\t<\/div>\n\t<\/div>\n\t\n\t\t\n \t\t\n\t<div id=\"ngg-image-1000\" class=\"ngg-gallery-thumbnail-box\"  >\n\t\t<div class=\"ngg-gallery-thumbnail\" >\n\t\t\t<a href=\"https:\/\/gyoparosfurdo-oroshaza.hu\/wp-content\/gallery\/telen\/gyoparosfurdo-szauna-2.jpg\" title=\"A meg\u00fajult szaunapark\" class=\"thickbox\" rel=\"set_25\" >\n\t\t\t\t\t\t\t\t<img title=\"A meg\u00fajult szaunapark\" alt=\"A meg\u00fajult szaunapark\" src=\"https:\/\/gyoparosfurdo-oroshaza.hu\/wp-content\/gallery\/telen\/thumbs\/thumbs_gyoparosfurdo-szauna-2.jpg\" width=\"120\" height=\"95\" \/>\n\t\t\t\t\t\t\t<\/a>\n\t\t<\/div>\n\t<\/div>\n\t\n\t\t\n \t\t\n\t<div id=\"ngg-image-1002\" class=\"ngg-gallery-thumbnail-box\"  >\n\t\t<div class=\"ngg-gallery-thumbnail\" >\n\t\t\t<a href=\"https:\/\/gyoparosfurdo-oroshaza.hu\/wp-content\/gallery\/telen\/gyoparosfurdo-szauna-5.jpg\" title=\"A meg\u00fajult szaunapark\" class=\"thickbox\" rel=\"set_25\" >\n\t\t\t\t\t\t\t\t<img title=\"A meg\u00fajult szaunapark\" alt=\"A meg\u00fajult szaunapark\" src=\"https:\/\/gyoparosfurdo-oroshaza.hu\/wp-content\/gallery\/telen\/thumbs\/thumbs_gyoparosfurdo-szauna-5.jpg\" width=\"120\" height=\"95\" \/>\n\t\t\t\t\t\t\t<\/a>\n\t\t<\/div>\n\t<\/div>\n\t\n\t\t\n \t\t\n\t<div id=\"ngg-image-1001\" class=\"ngg-gallery-thumbnail-box\"  >\n\t\t<div class=\"ngg-gallery-thumbnail\" >\n\t\t\t<a href=\"https:\/\/gyoparosfurdo-oroshaza.hu\/wp-content\/gallery\/telen\/gyoparosfurdo-szauna-3.jpg\" title=\"Szaunasze\u00e1nszok\" class=\"thickbox\" rel=\"set_25\" >\n\t\t\t\t\t\t\t\t<img title=\"Szaunasze\u00e1nszok\" alt=\"Szaunasze\u00e1nszok\" src=\"https:\/\/gyoparosfurdo-oroshaza.hu\/wp-content\/gallery\/telen\/thumbs\/thumbs_gyoparosfurdo-szauna-3.jpg\" width=\"120\" height=\"95\" \/>\n\t\t\t\t\t\t\t<\/a>\n\t\t<\/div>\n\t<\/div>\n\t\n\t\t\n \t\t\n\t<div id=\"ngg-image-1279\" class=\"ngg-gallery-thumbnail-box\"  >\n\t\t<div class=\"ngg-gallery-thumbnail\" >\n\t\t\t<a href=\"https:\/\/gyoparosfurdo-oroshaza.hu\/wp-content\/gallery\/telen\/tel1.jpg\" title=\"Wellness t\u00e9len\" class=\"thickbox\" rel=\"set_25\" >\n\t\t\t\t\t\t\t\t<img title=\"Wellness t\u00e9len\" alt=\"Wellness t\u00e9len\" src=\"https:\/\/gyoparosfurdo-oroshaza.hu\/wp-content\/gallery\/telen\/thumbs\/thumbs_tel1.jpg\" width=\"120\" height=\"95\" \/>\n\t\t\t\t\t\t\t<\/a>\n\t\t<\/div>\n\t<\/div>\n\t\n\t\t\n \t\t\n\t<div id=\"ngg-image-1282\" class=\"ngg-gallery-thumbnail-box\"  >\n\t\t<div class=\"ngg-gallery-thumbnail\" >\n\t\t\t<a href=\"https:\/\/gyoparosfurdo-oroshaza.hu\/wp-content\/gallery\/telen\/tel4.jpg\" title=\"Wellness t\u00e9len\" class=\"thickbox\" rel=\"set_25\" >\n\t\t\t\t\t\t\t\t<img title=\"Wellness t\u00e9len\" alt=\"Wellness t\u00e9len\" src=\"https:\/\/gyoparosfurdo-oroshaza.hu\/wp-content\/gallery\/telen\/thumbs\/thumbs_tel4.jpg\" width=\"120\" height=\"95\" \/>\n\t\t\t\t\t\t\t<\/a>\n\t\t<\/div>\n\t<\/div>\n\t\n\t\t\n \t\t\n\t<div id=\"ngg-image-1517\" class=\"ngg-gallery-thumbnail-box\"  >\n\t\t<div class=\"ngg-gallery-thumbnail\" >\n\t\t\t<a href=\"https:\/\/gyoparosfurdo-oroshaza.hu\/wp-content\/gallery\/telen\/gyoparos-tel-2018-01.jpg\" title=\"\u00c9lm\u00e9nyf\u00fcrd\u0151 k\u00fclt\u00e9ri medenc\u00e9k\" class=\"thickbox\" rel=\"set_25\" >\n\t\t\t\t\t\t\t\t<img title=\"\u00c9lm\u00e9nyf\u00fcrd\u0151 k\u00fclt\u00e9ri medenc\u00e9k\" alt=\"\u00c9lm\u00e9nyf\u00fcrd\u0151 k\u00fclt\u00e9ri medenc\u00e9k\" src=\"https:\/\/gyoparosfurdo-oroshaza.hu\/wp-content\/gallery\/telen\/thumbs\/thumbs_gyoparos-tel-2018-01.jpg\" width=\"120\" height=\"95\" \/>\n\t\t\t\t\t\t\t<\/a>\n\t\t<\/div>\n\t<\/div>\n\t\n\t\t\n \t\t\n\t<div id=\"ngg-image-1518\" class=\"ngg-gallery-thumbnail-box\"  >\n\t\t<div class=\"ngg-gallery-thumbnail\" >\n\t\t\t<a href=\"https:\/\/gyoparosfurdo-oroshaza.hu\/wp-content\/gallery\/telen\/gyoparos-tel-2018-02.jpg\" title=\"Melegv\u00edzes gy\u00f3gymedence\" class=\"thickbox\" rel=\"set_25\" >\n\t\t\t\t\t\t\t\t<img title=\"Melegv\u00edzes gy\u00f3gymedence\" alt=\"Melegv\u00edzes gy\u00f3gymedence\" src=\"https:\/\/gyoparosfurdo-oroshaza.hu\/wp-content\/gallery\/telen\/thumbs\/thumbs_gyoparos-tel-2018-02.jpg\" width=\"120\" height=\"95\" \/>\n\t\t\t\t\t\t\t<\/a>\n\t\t<\/div>\n\t<\/div>\n\t\n\t\t\n \t\t\n\t<div id=\"ngg-image-193\" class=\"ngg-gallery-thumbnail-box\"  >\n\t\t<div class=\"ngg-gallery-thumbnail\" >\n\t\t\t<a href=\"https:\/\/gyoparosfurdo-oroshaza.hu\/wp-content\/gallery\/telen\/telen_1.jpg\" title=\"T\u00e9li sz\u00e1nk\u00f3z\u00e1s a befagyott Gyop\u00e1rosi tavon\" class=\"thickbox\" rel=\"set_25\" >\n\t\t\t\t\t\t\t\t<img title=\"T\u00e9li sz\u00e1nk\u00f3z\u00e1s a befagyott Gyop\u00e1rosi tavon\" alt=\"T\u00e9li sz\u00e1nk\u00f3z\u00e1s a befagyott Gyop\u00e1rosi tavon\" src=\"https:\/\/gyoparosfurdo-oroshaza.hu\/wp-content\/gallery\/telen\/thumbs\/thumbs_telen_1.jpg\" width=\"120\" height=\"95\" \/>\n\t\t\t\t\t\t\t<\/a>\n\t\t<\/div>\n\t<\/div>\n\t\n\t\t\n \t\t\n\t<div id=\"ngg-image-194\" class=\"ngg-gallery-thumbnail-box\"  >\n\t\t<div class=\"ngg-gallery-thumbnail\" >\n\t\t\t<a href=\"https:\/\/gyoparosfurdo-oroshaza.hu\/wp-content\/gallery\/telen\/telen_2.jpg\" title=\"Korcsolyap\u00e1lya a t\u00e9li tavon\" class=\"thickbox\" rel=\"set_25\" >\n\t\t\t\t\t\t\t\t<img title=\"Korcsolyap\u00e1lya a t\u00e9li tavon\" alt=\"Korcsolyap\u00e1lya a t\u00e9li tavon\" src=\"https:\/\/gyoparosfurdo-oroshaza.hu\/wp-content\/gallery\/telen\/thumbs\/thumbs_telen_2.jpg\" width=\"120\" height=\"95\" \/>\n\t\t\t\t\t\t\t<\/a>\n\t\t<\/div>\n\t<\/div>\n\t\n\t\t\n \t\t\n\t<div id=\"ngg-image-196\" class=\"ngg-gallery-thumbnail-box\"  >\n\t\t<div class=\"ngg-gallery-thumbnail\" >\n\t\t\t<a href=\"https:\/\/gyoparosfurdo-oroshaza.hu\/wp-content\/gallery\/telen\/telen_4.jpg\" title=\"A gyop\u00e1rosi f\u00fcrd\u0151 \u00e9p\u00fclete t\u00e9li d\u00edszkivil\u00e1g\u00edt\u00e1ssal\" class=\"thickbox\" rel=\"set_25\" >\n\t\t\t\t\t\t\t\t<img title=\"A gyop\u00e1rosi f\u00fcrd\u0151 \u00e9p\u00fclete t\u00e9li d\u00edszkivil\u00e1g\u00edt\u00e1ssal\" alt=\"A gyop\u00e1rosi f\u00fcrd\u0151 \u00e9p\u00fclete t\u00e9li d\u00edszkivil\u00e1g\u00edt\u00e1ssal\" src=\"https:\/\/gyoparosfurdo-oroshaza.hu\/wp-content\/gallery\/telen\/thumbs\/thumbs_telen_4.jpg\" width=\"120\" height=\"95\" \/>\n\t\t\t\t\t\t\t<\/a>\n\t\t<\/div>\n\t<\/div>\n\t\n\t\t\n \t \t\n\t<!-- Pagination -->\n \t<div class='ngg-clear'><\/div>\n \t\n<\/div>\n\n<\/div>\n","protected":false},"excerpt":{"rendered":"<p>Awaiting you here at orosh\u00e1za-gyop\u00e1ros for a winter holiday Although the beautiful green parks of Gyop\u00e1rosf\u00fcrd\u0151 lose their foliage for winter time, it is still worth coming. The thermal spa as well as the adventure complexity is open all year &hellip; <a href=\"https:\/\/gyoparosfurdo-oroshaza.hu\/en\/programs\/in-winter\">Folytat\u00e1s <span class=\"meta-nav\">&rarr;<\/span><\/a><\/p>\n","protected":false},"author":6,"featured_media":0,"parent":26026,"menu_order":0,"comment_status":"closed","ping_status":"closed","template":"","meta":[],"_links":{"self":[{"href":"https:\/\/gyoparosfurdo-oroshaza.hu\/en\/wp-json\/wp\/v2\/pages\/26122"}],"collection":[{"href":"https:\/\/gyoparosfurdo-oroshaza.hu\/en\/wp-json\/wp\/v2\/pages"}],"about":[{"href":"https:\/\/gyoparosfurdo-oroshaza.hu\/en\/wp-json\/wp\/v2\/types\/page"}],"author":[{"embeddable":true,"href":"https:\/\/gyoparosfurdo-oroshaza.hu\/en\/wp-json\/wp\/v2\/users\/6"}],"replies":[{"embeddable":true,"href":"https:\/\/gyoparosfurdo-oroshaza.hu\/en\/wp-json\/wp\/v2\/comments?post=26122"}],"version-history":[{"count":0,"href":"https:\/\/gyoparosfurdo-oroshaza.hu\/en\/wp-json\/wp\/v2\/pages\/26122\/revisions"}],"up":[{"embeddable":true,"href":"https:\/\/gyoparosfurdo-oroshaza.hu\/en\/wp-json\/wp\/v2\/pages\/26026"}],"wp:attachment":[{"href":"https:\/\/gyoparosfurdo-oroshaza.hu\/en\/wp-json\/wp\/v2\/media?parent=26122"}],"curies":[{"name":"wp","href":"https:\/\/api.w.org\/{rel}","templated":true}]}}