{"id":26109,"date":"2012-04-13T12:15:49","date_gmt":"2012-04-13T10:15:49","guid":{"rendered":"https:\/\/gyoparosfurdo-oroshaza.hu\/for-sports-fans"},"modified":"2012-04-13T12:15:49","modified_gmt":"2012-04-13T11:15:49","slug":"for-sports-fans","status":"publish","type":"page","link":"https:\/\/gyoparosfurdo-oroshaza.hu\/en\/programs\/for-sports-fans","title":{"rendered":"for sports fans"},"content":{"rendered":"<div class=\"topten_grid_container topten_page\"><div class=\"topten_grid_item\"><span class=\"h3\">Top programmes<\/span><a href=\"\/en\/programs\/for-families\" class=\"topten_for-families first\">for families &raquo;<\/a><a href=\"\/en\/programs\/in-summer\" class=\"topten_in-summer\">in summer &raquo;<\/a><a href=\"\/en\/programs\/1-day\" class=\"topten_1-day first\">for 1 day &raquo;<\/a><a href=\"\/en\/programs\/for-cyclers\" class=\"topten_for-cyclers\">for cyclers &raquo;<\/a><a href=\"\/en\/programs\/for-a-weekend\" class=\"topten_for-a-weekend first\">for a weekend &raquo;<\/a><a href=\"\/en\/programs\/in-winter\" class=\"topten_in-winter\">in winter &raquo;<\/a><a href=\"\/en\/programs\/for-youngsters\" class=\"topten_for-youngsters first\">for youngsters &raquo;<\/a><a href=\"\/en\/programs\/for-couples\" class=\"topten_for-couples\">for couples &raquo;<\/a><a href=\"\/en\/programs\/by-car\" class=\"topten_by-car first\">by car &raquo;<\/a><a href=\"\/en\/programs\/for-culture-fans\" class=\"topten_for-culture-fans\">for culture fans &raquo;<\/a><a href=\"\/en\/programs\/1-week\" class=\"topten_1-week first\">for 1 week &raquo;<\/a><a href=\"\/en\/programs\/for-anglers\" class=\"topten_for-anglers\">for anglers &raquo;<\/a><a href=\"\/en\/programs\/for-photographers\" class=\"topten_for-photographers first\">for photographers &raquo;<\/a><a href=\"\/en\/programs\/for-sports-fans\" class=\"topten_for-sports-fans active\">for sports fans &raquo;<\/a><\/div><a href=\"https:\/\/gyoparosfurdo-oroshaza.hu\/en\/programok\/futas-a-gyoparosi-to-korul\" title=\"Jogging around the lake\" class=\"topten_grid_item\"><span class=\"number\">1<\/span><img width=\"290\" height=\"230\" src=\"https:\/\/gyoparosfurdo-oroshaza.hu\/wp-content\/uploads\/2012\/04\/Futas_a_to_korul.jpg\" class=\"lazyload wp-post-image\" alt=\"\" loading=\"lazy\" \/><span class=\"title\">Jogging around the lake<\/span><span class=\"text\">Jogging in the nature is always pleasant be it in the winter or the summer.<\/span><\/a><a href=\"https:\/\/gyoparosfurdo-oroshaza.hu\/en\/programok\/elmenyfurdozes-gyoparoson\" title=\"Gyop\u00e1ros Bathing Experience\" class=\"topten_grid_item\"><span class=\"number\">2<\/span><img width=\"290\" height=\"230\" src=\"https:\/\/gyoparosfurdo-oroshaza.hu\/wp-content\/uploads\/2012\/04\/elmenyfurdo_kiemelt.jpg\" class=\"lazyload wp-post-image\" alt=\"\" loading=\"lazy\" \/><span class=\"title\">Gyop\u00e1ros Bathing Experience<\/span><span class=\"text\">Fun and entertainment provided by the adventure pools at Gyop\u00e1ros.<\/span><\/a><a href=\"https:\/\/gyoparosfurdo-oroshaza.hu\/en\/programok\/strandolas-gyoparosfurdon\" title=\"Bathing in Gyop\u00e1rosf\u00fcrd\u0151\" class=\"topten_grid_item\"><span class=\"number\">3<\/span><img width=\"290\" height=\"230\" src=\"https:\/\/gyoparosfurdo-oroshaza.hu\/wp-content\/uploads\/2012\/04\/Strandol\u00e1s_gyoparosfurdon.jpg\" class=\"lazyload wp-post-image\" alt=\"\" loading=\"lazy\" \/><span class=\"title\">Bathing in Gyop\u00e1rosf\u00fcrd\u0151<\/span><span class=\"text\">Sport enthusiasts can have fun in the 50 meter swimming pool or learners\u2019 pool.<\/span><\/a><a href=\"https:\/\/gyoparosfurdo-oroshaza.hu\/en\/programok\/ejszakai-furdozes\" title=\"Night bathing\" class=\"topten_grid_item\"><span class=\"number\">4<\/span><img width=\"290\" height=\"230\" src=\"https:\/\/gyoparosfurdo-oroshaza.hu\/wp-content\/uploads\/2012\/04\/4_Ejszakai_furdozes.jpg\" class=\"lazyload wp-post-image\" alt=\"\" loading=\"lazy\" \/><span class=\"title\">Night bathing<\/span><span class=\"text\">Night bathing in Gyop\u00e1rosf\u00fcrd\u0151 until midnight on saturdays.<\/span><\/a><a href=\"https:\/\/gyoparosfurdo-oroshaza.hu\/en\/programok\/horgasztavak\" title=\"Fishing lakes\" class=\"topten_grid_item\"><span class=\"number\">5<\/span><img width=\"290\" height=\"230\" src=\"https:\/\/gyoparosfurdo-oroshaza.hu\/wp-content\/uploads\/2012\/04\/Horgasztavak.jpg\" class=\"lazyload wp-post-image\" alt=\"\" loading=\"lazy\" \/><span class=\"title\">Fishing lakes<\/span><span class=\"text\">B\u00e9k\u00e9s county offers plenty of fishing possibilities, ideal place for fans of fishing.<\/span><\/a><a href=\"https:\/\/gyoparosfurdo-oroshaza.hu\/en\/programok\/bowling\" title=\"Bowling\" class=\"topten_grid_item\"><span class=\"number\">6<\/span><img width=\"290\" height=\"230\" src=\"https:\/\/gyoparosfurdo-oroshaza.hu\/wp-content\/uploads\/2012\/05\/11_Bowling.jpg\" class=\"lazyload wp-post-image\" alt=\"\" loading=\"lazy\" \/><span class=\"title\">Bowling<\/span><span class=\"text\">Bowling fans can pursue their hobby at Gyop\u00e1r Sports Center.<\/span><\/a><a href=\"https:\/\/gyoparosfurdo-oroshaza.hu\/en\/programok\/fallabda-tenisz\" title=\"Tennis, Squash\" class=\"topten_grid_item\"><span class=\"number\">7<\/span><img width=\"290\" height=\"230\" src=\"https:\/\/gyoparosfurdo-oroshaza.hu\/wp-content\/uploads\/2012\/04\/10_Tenisz_fallabda.jpg\" class=\"lazyload wp-post-image\" alt=\"\" loading=\"lazy\" \/><span class=\"title\">Tennis, Squash<\/span><span class=\"text\">You do not have to leave your rackets at home during your holiday at Orosh\u00e1za.<\/span><\/a><a href=\"https:\/\/gyoparosfurdo-oroshaza.hu\/en\/programok\/lovassportok\" title=\"Horse riding\" class=\"topten_grid_item\"><span class=\"number\">8<\/span><img width=\"290\" height=\"230\" src=\"https:\/\/gyoparosfurdo-oroshaza.hu\/wp-content\/uploads\/2012\/04\/Lovassportok.jpg\" class=\"lazyload wp-post-image\" alt=\"\" loading=\"lazy\" \/><span class=\"title\">Horse riding<\/span><span class=\"text\">From different point of views Orosh\u00e1za can be considered as centre of horse life in the Southern Great Plain region.<\/span><\/a><a href=\"https:\/\/gyoparosfurdo-oroshaza.hu\/en\/programok\/kerekpartura-30-km\" title=\"Bicycle Tour\" class=\"topten_grid_item\"><span class=\"number\">9<\/span><img width=\"290\" height=\"230\" src=\"https:\/\/gyoparosfurdo-oroshaza.hu\/wp-content\/uploads\/2012\/04\/Kerekpartura.jpg\" class=\"lazyload wp-post-image\" alt=\"\" loading=\"lazy\" \/><span class=\"title\">Bicycle Tour<\/span><span class=\"text\">Although most cyclists prefer the hills and mountains, hereby we would like to promote cycling on flat ground.<\/span><\/a><a href=\"https:\/\/gyoparosfurdo-oroshaza.hu\/en\/programok\/vadaszat\" title=\"Hunting\" class=\"topten_grid_item\"><span class=\"number\">10<\/span><img width=\"290\" height=\"230\" src=\"https:\/\/gyoparosfurdo-oroshaza.hu\/wp-content\/uploads\/2012\/05\/vadaszat.jpg\" class=\"lazyload wp-post-image\" alt=\"\" loading=\"lazy\" \/><span class=\"title\">Hunting<\/span><span class=\"text\">Wildlife management ares in B\u00e9k\u00e9s county amount 500\u00a0000 hectares. Most of this territory falls under the authority of Orosh\u00e1za.<\/span><\/a><a href=\"https:\/\/gyoparosfurdo-oroshaza.hu\/en\/programok\/paintball\" title=\"Paintball\" class=\"topten_grid_item\"><span class=\"number\">11<\/span><img width=\"290\" height=\"230\" src=\"https:\/\/gyoparosfurdo-oroshaza.hu\/wp-content\/uploads\/2012\/07\/paintball1.jpg\" class=\"lazyload wp-post-image\" alt=\"\" loading=\"lazy\" \/><span class=\"title\">Paintball<\/span><span class=\"text\">Paintball is the perfect solution both for relaxation and for team building.<\/span><\/a><div class=\"clear\"><\/div><\/div>\n<div class=\"W560\"><span class=\"h3\">A sound mind in a sound body<\/span><\/p>\n<h2>Orosh\u00e1za has sportsmen of first rank, supporting audience and fans: nationally ranked handball team, wrestlers, table tennis team, athletes have gained fame for the town. Last but not least there is a football team in the second class of the National Championship, mainly focusing on the junior football club.<\/h2>\n<p>In the sports news we can often hear about the local modelling team and representatives of technical sports. Of course tourists are not interested in top-level, professional sports, by providing this information we wanted to underline the fact that they are arriving in a sport-friendly environment that disposes of proper facilities in order to insure meaningful pastime.<\/p>\n<p>For those who go jogging on regular basis, Gyop\u00e1rosf\u00fcrd\u0151 is the best place. Visitors can go<a title=\"Jogging round the lake\" href=\"\/en\/programok\/futas-a-gyoparosi-to-korul\"> jogging in fresh air<\/a>, calm and natural environment with fresh air. For swimming ideal conditions are provided by the 50 m outdoor swimming pool situated in the <a title=\"Park pools, beach\" href=\"https:\/\/gyoparosfurdo-oroshaza.hu\/en\/gyoparosfurdo\/park-and-outdoor-pools\">park<\/a>. This pool is never overcrowded, especially in the evening hours. In the park there are separate beach volleyball, beach handball and football pitches.<\/p>\n<p>Visitors who <a title=\"Squash, Tennis\" href=\"\/en\/programok\/fallabda-tenisz\">pursue the queen of sports<\/a> should not leave their rackets at home as Orosh\u00e1za offers various possibilities to enjoy your hobbies at Kazszer Tennis Club and Town Tennis Club.<\/p>\n<p>If you are the type, who would like to have your own bicycle during your holiday \u2013 this is the best place for you. Taking your bike on holidays with you shouldn\u2019t be a major hassle as you can hire one. There is a wide choice of bicycle routes, for details see the <a title=\"For Bikers\" href=\"https:\/\/gyoparosfurdo-oroshaza.hu\/en\/programs\/for-cyclers\">page for bikers<\/a>. By the way the town disposes of two cycling clubs: the OK\u00c9 founded in 2005 representing the interests of bikers, while Orosh\u00e1zi Ker\u00e9kp\u00e1ros Sport Egyes\u00fclet gathers the competitors, professional bikers.<\/p>\n<p>If you wish to maintain your fitness program during the holiday, Gyop\u00e1rosf\u00fcrd\u0151 offers solution for it in the gym of the spa or at <a title=\"Gyop\u00e1r Sportcentrum\" href=\"http:\/\/www.gyoparsportcentrum.hu\/\" target=\"_blank\" rel=\"noopener noreferrer\" rel=\"noopener\">Gyop\u00e1r Sportcentrum<\/a>, or at Body Fit Squash &amp; Fitness Center. Some of the local accommodations dispose of gym as well, so it is advisable to do some research about it before making a reservation.<\/p>\n<h3>Pictures<\/h3>\n\n<div class=\"ngg-galleryoverview\" id=\"ngg-gallery-24-26109\">\n\n\n\t\n\t<!-- Thumbnails -->\n\t\t\n\t<div id=\"ngg-image-185\" class=\"ngg-gallery-thumbnail-box\"  >\n\t\t<div class=\"ngg-gallery-thumbnail\" >\n\t\t\t<a href=\"https:\/\/gyoparosfurdo-oroshaza.hu\/wp-content\/gallery\/aktiv\/aktiv_1.jpg\" title=\"Ker\u00e9kp\u00e1roz\u00e1s a Gyop\u00e1rosi t\u00f3 k\u00f6r\u00fcl\" class=\"thickbox\" rel=\"set_24\" >\n\t\t\t\t\t\t\t\t<img title=\"Ker\u00e9kp\u00e1roz\u00e1s a Gyop\u00e1rosi t\u00f3 k\u00f6r\u00fcl\" alt=\"Ker\u00e9kp\u00e1roz\u00e1s a Gyop\u00e1rosi t\u00f3 k\u00f6r\u00fcl\" src=\"https:\/\/gyoparosfurdo-oroshaza.hu\/wp-content\/gallery\/aktiv\/thumbs\/thumbs_aktiv_1.jpg\" width=\"120\" height=\"95\" \/>\n\t\t\t\t\t\t\t<\/a>\n\t\t<\/div>\n\t<\/div>\n\t\n\t\t\n \t\t\n\t<div id=\"ngg-image-186\" class=\"ngg-gallery-thumbnail-box\"  >\n\t\t<div class=\"ngg-gallery-thumbnail\" >\n\t\t\t<a href=\"https:\/\/gyoparosfurdo-oroshaza.hu\/wp-content\/gallery\/aktiv\/aktiv_2.jpg\" title=\"Fut\u00e1s a Gyop\u00e1rosi t\u00f3 k\u00f6r\u00fcl\" class=\"thickbox\" rel=\"set_24\" >\n\t\t\t\t\t\t\t\t<img title=\"Fut\u00e1s a Gyop\u00e1rosi t\u00f3 k\u00f6r\u00fcl\" alt=\"Fut\u00e1s a Gyop\u00e1rosi t\u00f3 k\u00f6r\u00fcl\" src=\"https:\/\/gyoparosfurdo-oroshaza.hu\/wp-content\/gallery\/aktiv\/thumbs\/thumbs_aktiv_2.jpg\" width=\"120\" height=\"95\" \/>\n\t\t\t\t\t\t\t<\/a>\n\t\t<\/div>\n\t<\/div>\n\t\n\t\t\n \t\t\n\t<div id=\"ngg-image-232\" class=\"ngg-gallery-thumbnail-box\"  >\n\t\t<div class=\"ngg-gallery-thumbnail\" >\n\t\t\t<a href=\"https:\/\/gyoparosfurdo-oroshaza.hu\/wp-content\/gallery\/aktiv\/aktiv_9.jpg\" title=\"A sportmedence mellett kiv\u00e1l\u00f3 strandr\u00f6plabda p\u00e1lya tal\u00e1lhat\u00f3\" class=\"thickbox\" rel=\"set_24\" >\n\t\t\t\t\t\t\t\t<img title=\"Strandr\u00f6plabda\" alt=\"Strandr\u00f6plabda\" src=\"https:\/\/gyoparosfurdo-oroshaza.hu\/wp-content\/gallery\/aktiv\/thumbs\/thumbs_aktiv_9.jpg\" width=\"120\" height=\"95\" \/>\n\t\t\t\t\t\t\t<\/a>\n\t\t<\/div>\n\t<\/div>\n\t\n\t\t\n \t\t\n\t<div id=\"ngg-image-188\" class=\"ngg-gallery-thumbnail-box\"  >\n\t\t<div class=\"ngg-gallery-thumbnail\" >\n\t\t\t<a href=\"https:\/\/gyoparosfurdo-oroshaza.hu\/wp-content\/gallery\/aktiv\/aktiv_4.jpg\" title=\"A strandr\u00f6plabda p\u00e1lya az 50 m\u00e9teres sportmedence mellett tal\u00e1lhat\u00f3.\" class=\"thickbox\" rel=\"set_24\" >\n\t\t\t\t\t\t\t\t<img title=\"Strandr\u00f6plabda\" alt=\"Strandr\u00f6plabda\" src=\"https:\/\/gyoparosfurdo-oroshaza.hu\/wp-content\/gallery\/aktiv\/thumbs\/thumbs_aktiv_4.jpg\" width=\"120\" height=\"95\" \/>\n\t\t\t\t\t\t\t<\/a>\n\t\t<\/div>\n\t<\/div>\n\t\n\t\t\n \t\t\n\t<div id=\"ngg-image-187\" class=\"ngg-gallery-thumbnail-box\"  >\n\t\t<div class=\"ngg-gallery-thumbnail\" >\n\t\t\t<a href=\"https:\/\/gyoparosfurdo-oroshaza.hu\/wp-content\/gallery\/aktiv\/aktiv_3.jpg\" title=\"R\u00f6plabd\u00e1z\u00e1s ut\u00e1n csak n\u00e9h\u00e1ny m\u00e9ter a friss h\u0171s v\u00edz\" class=\"thickbox\" rel=\"set_24\" >\n\t\t\t\t\t\t\t\t<img title=\"Strandr\u00f6plabda\" alt=\"Strandr\u00f6plabda\" src=\"https:\/\/gyoparosfurdo-oroshaza.hu\/wp-content\/gallery\/aktiv\/thumbs\/thumbs_aktiv_3.jpg\" width=\"120\" height=\"95\" \/>\n\t\t\t\t\t\t\t<\/a>\n\t\t<\/div>\n\t<\/div>\n\t\n\t\t\n \t\t\n\t<div id=\"ngg-image-191\" class=\"ngg-gallery-thumbnail-box\"  >\n\t\t<div class=\"ngg-gallery-thumbnail\" >\n\t\t\t<a href=\"https:\/\/gyoparosfurdo-oroshaza.hu\/wp-content\/gallery\/aktiv\/aktiv_7.jpg\" title=\"A parkf\u00fcrd\u0151ben sz\u00e1mos izgalmas attrakci\u00f3t tal\u00e1lunk\" class=\"thickbox\" rel=\"set_24\" >\n\t\t\t\t\t\t\t\t<img title=\"Hull\u00e1mdeszka\" alt=\"Hull\u00e1mdeszka\" src=\"https:\/\/gyoparosfurdo-oroshaza.hu\/wp-content\/gallery\/aktiv\/thumbs\/thumbs_aktiv_7.jpg\" width=\"120\" height=\"95\" \/>\n\t\t\t\t\t\t\t<\/a>\n\t\t<\/div>\n\t<\/div>\n\t\n\t\t\n \t\t\n\t<div id=\"ngg-image-231\" class=\"ngg-gallery-thumbnail-box\"  >\n\t\t<div class=\"ngg-gallery-thumbnail\" >\n\t\t\t<a href=\"https:\/\/gyoparosfurdo-oroshaza.hu\/wp-content\/gallery\/aktiv\/aktiv_12.jpg\" title=\"V\u00edzig\u00f6mb a sportmedenc\u00e9ben\" class=\"thickbox\" rel=\"set_24\" >\n\t\t\t\t\t\t\t\t<img title=\"V\u00edzig\u00f6mb\" alt=\"V\u00edzig\u00f6mb\" src=\"https:\/\/gyoparosfurdo-oroshaza.hu\/wp-content\/gallery\/aktiv\/thumbs\/thumbs_aktiv_12.jpg\" width=\"120\" height=\"95\" \/>\n\t\t\t\t\t\t\t<\/a>\n\t\t<\/div>\n\t<\/div>\n\t\n\t\t\n \t\t\n\t<div id=\"ngg-image-189\" class=\"ngg-gallery-thumbnail-box\"  >\n\t\t<div class=\"ngg-gallery-thumbnail\" >\n\t\t\t<a href=\"https:\/\/gyoparosfurdo-oroshaza.hu\/wp-content\/gallery\/aktiv\/aktiv_5.jpg\" title=\"V\u00edzifoci Gyop\u00e1rosf\u00fcrd\u0151n\" class=\"thickbox\" rel=\"set_24\" >\n\t\t\t\t\t\t\t\t<img title=\"V\u00edzifoci Gyop\u00e1rosf\u00fcrd\u0151n\" alt=\"V\u00edzifoci Gyop\u00e1rosf\u00fcrd\u0151n\" src=\"https:\/\/gyoparosfurdo-oroshaza.hu\/wp-content\/gallery\/aktiv\/thumbs\/thumbs_aktiv_5.jpg\" width=\"120\" height=\"95\" \/>\n\t\t\t\t\t\t\t<\/a>\n\t\t<\/div>\n\t<\/div>\n\t\n\t\t\n \t\t\n\t<div id=\"ngg-image-229\" class=\"ngg-gallery-thumbnail-box\"  >\n\t\t<div class=\"ngg-gallery-thumbnail\" >\n\t\t\t<a href=\"https:\/\/gyoparosfurdo-oroshaza.hu\/wp-content\/gallery\/aktiv\/aktiv_10.jpg\" title=\"Sportprogramok m\u00e1jus elsej\u00e9n.\" class=\"thickbox\" rel=\"set_24\" >\n\t\t\t\t\t\t\t\t<img title=\"2012. m\u00e1jus 1.\" alt=\"2012. m\u00e1jus 1.\" src=\"https:\/\/gyoparosfurdo-oroshaza.hu\/wp-content\/gallery\/aktiv\/thumbs\/thumbs_aktiv_10.jpg\" width=\"120\" height=\"95\" \/>\n\t\t\t\t\t\t\t<\/a>\n\t\t<\/div>\n\t<\/div>\n\t\n\t\t\n \t\t\n\t<div id=\"ngg-image-230\" class=\"ngg-gallery-thumbnail-box\"  >\n\t\t<div class=\"ngg-gallery-thumbnail\" >\n\t\t\t<a href=\"https:\/\/gyoparosfurdo-oroshaza.hu\/wp-content\/gallery\/aktiv\/aktiv_11.jpg\" title=\"Sportprogramok m\u00e1jus elsej\u00e9n.\" class=\"thickbox\" rel=\"set_24\" >\n\t\t\t\t\t\t\t\t<img title=\"2012. m\u00e1jus 1.\" alt=\"2012. m\u00e1jus 1.\" src=\"https:\/\/gyoparosfurdo-oroshaza.hu\/wp-content\/gallery\/aktiv\/thumbs\/thumbs_aktiv_11.jpg\" width=\"120\" height=\"95\" \/>\n\t\t\t\t\t\t\t<\/a>\n\t\t<\/div>\n\t<\/div>\n\t\n\t\t\n \t\t\n\t<div id=\"ngg-image-192\" class=\"ngg-gallery-thumbnail-box\"  >\n\t\t<div class=\"ngg-gallery-thumbnail\" >\n\t\t\t<a href=\"https:\/\/gyoparosfurdo-oroshaza.hu\/wp-content\/gallery\/aktiv\/aktiv_8.jpg\" title=\"Ker\u00e9kp\u00e1roz\u00e1s a v\u00e1rosban\" class=\"thickbox\" rel=\"set_24\" >\n\t\t\t\t\t\t\t\t<img title=\"Akt\u00edv programok\" alt=\"Akt\u00edv programok\" src=\"https:\/\/gyoparosfurdo-oroshaza.hu\/wp-content\/gallery\/aktiv\/thumbs\/thumbs_aktiv_8.jpg\" width=\"120\" height=\"95\" \/>\n\t\t\t\t\t\t\t<\/a>\n\t\t<\/div>\n\t<\/div>\n\t\n\t\t\n \t\t\n\t<div id=\"ngg-image-190\" class=\"ngg-gallery-thumbnail-box\"  >\n\t\t<div class=\"ngg-gallery-thumbnail\" >\n\t\t\t<a href=\"https:\/\/gyoparosfurdo-oroshaza.hu\/wp-content\/gallery\/aktiv\/aktiv_6.jpg\" title=\"A T\u00e1ncsics Gimn\u00e1zium sportp\u00e1ly\u00e1ja\" class=\"thickbox\" rel=\"set_24\" >\n\t\t\t\t\t\t\t\t<img title=\"Sportp\u00e1lya\" alt=\"Sportp\u00e1lya\" src=\"https:\/\/gyoparosfurdo-oroshaza.hu\/wp-content\/gallery\/aktiv\/thumbs\/thumbs_aktiv_6.jpg\" width=\"120\" height=\"95\" \/>\n\t\t\t\t\t\t\t<\/a>\n\t\t<\/div>\n\t<\/div>\n\t\n\t\t\n \t \t\n\t<!-- Pagination -->\n \t<div class='ngg-clear'><\/div>\n \t\n<\/div>\n\n\n<\/div>\n","protected":false},"excerpt":{"rendered":"<p>A sound mind in a sound body Orosh\u00e1za has sportsmen of first rank, supporting audience and fans: nationally ranked handball team, wrestlers, table tennis team, athletes have gained fame for the town. Last but not least there is a football &hellip; <a href=\"https:\/\/gyoparosfurdo-oroshaza.hu\/en\/programs\/for-sports-fans\">Folytat\u00e1s <span class=\"meta-nav\">&rarr;<\/span><\/a><\/p>\n","protected":false},"author":6,"featured_media":0,"parent":26026,"menu_order":0,"comment_status":"closed","ping_status":"closed","template":"","meta":[],"_links":{"self":[{"href":"https:\/\/gyoparosfurdo-oroshaza.hu\/en\/wp-json\/wp\/v2\/pages\/26109"}],"collection":[{"href":"https:\/\/gyoparosfurdo-oroshaza.hu\/en\/wp-json\/wp\/v2\/pages"}],"about":[{"href":"https:\/\/gyoparosfurdo-oroshaza.hu\/en\/wp-json\/wp\/v2\/types\/page"}],"author":[{"embeddable":true,"href":"https:\/\/gyoparosfurdo-oroshaza.hu\/en\/wp-json\/wp\/v2\/users\/6"}],"replies":[{"embeddable":true,"href":"https:\/\/gyoparosfurdo-oroshaza.hu\/en\/wp-json\/wp\/v2\/comments?post=26109"}],"version-history":[{"count":0,"href":"https:\/\/gyoparosfurdo-oroshaza.hu\/en\/wp-json\/wp\/v2\/pages\/26109\/revisions"}],"up":[{"embeddable":true,"href":"https:\/\/gyoparosfurdo-oroshaza.hu\/en\/wp-json\/wp\/v2\/pages\/26026"}],"wp:attachment":[{"href":"https:\/\/gyoparosfurdo-oroshaza.hu\/en\/wp-json\/wp\/v2\/media?parent=26109"}],"curies":[{"name":"wp","href":"https:\/\/api.w.org\/{rel}","templated":true}]}}