{"id":26105,"date":"2012-04-13T12:15:25","date_gmt":"2012-04-13T10:15:25","guid":{"rendered":"https:\/\/gyoparosfurdo-oroshaza.hu\/for-couples"},"modified":"2012-04-13T12:15:25","modified_gmt":"2012-04-13T11:15:25","slug":"for-couples","status":"publish","type":"page","link":"https:\/\/gyoparosfurdo-oroshaza.hu\/en\/programs\/for-couples","title":{"rendered":"for couples"},"content":{"rendered":"<div class=\"topten_grid_container topten_page\"><div class=\"topten_grid_item\"><span class=\"h3\">Top programmes<\/span><a href=\"\/en\/programs\/1-day\" class=\"topten_1-day first\">for 1 day &raquo;<\/a><a href=\"\/en\/programs\/for-cyclers\" class=\"topten_for-cyclers\">for cyclers &raquo;<\/a><a href=\"\/en\/programs\/for-a-weekend\" class=\"topten_for-a-weekend first\">for a weekend &raquo;<\/a><a href=\"\/en\/programs\/in-winter\" class=\"topten_in-winter\">in winter &raquo;<\/a><a href=\"\/en\/programs\/for-youngsters\" class=\"topten_for-youngsters first\">for youngsters &raquo;<\/a><a href=\"\/en\/programs\/for-couples\" class=\"topten_for-couples active\">for couples &raquo;<\/a><a href=\"\/en\/programs\/by-car\" class=\"topten_by-car first\">by car &raquo;<\/a><a href=\"\/en\/programs\/for-culture-fans\" class=\"topten_for-culture-fans\">for culture fans &raquo;<\/a><a href=\"\/en\/programs\/1-week\" class=\"topten_1-week first\">for 1 week &raquo;<\/a><a href=\"\/en\/programs\/for-anglers\" class=\"topten_for-anglers\">for anglers &raquo;<\/a><a href=\"\/en\/programs\/for-photographers\" class=\"topten_for-photographers first\">for photographers &raquo;<\/a><a href=\"\/en\/programs\/for-sports-fans\" class=\"topten_for-sports-fans\">for sports fans &raquo;<\/a><a href=\"\/en\/programs\/for-families\" class=\"topten_for-families first\">for families &raquo;<\/a><a href=\"\/en\/programs\/in-summer\" class=\"topten_in-summer\">in summer &raquo;<\/a><\/div><a href=\"https:\/\/gyoparosfurdo-oroshaza.hu\/en\/programok\/elmenyfurdozes-gyoparoson\" title=\"Gyop\u00e1ros Bathing Experience\" class=\"topten_grid_item\"><span class=\"number\">1<\/span><img width=\"290\" height=\"230\" src=\"https:\/\/gyoparosfurdo-oroshaza.hu\/wp-content\/uploads\/2012\/04\/elmenyfurdo_kiemelt.jpg\" class=\"lazyload wp-post-image\" alt=\"\" loading=\"lazy\" \/><span class=\"title\">Gyop\u00e1ros Bathing Experience<\/span><span class=\"text\">Fun and entertainment provided by the adventure pools at Gyop\u00e1ros.<\/span><\/a><a href=\"https:\/\/gyoparosfurdo-oroshaza.hu\/en\/programok\/strandolas-gyoparosfurdon\" title=\"Bathing in Gyop\u00e1rosf\u00fcrd\u0151\" class=\"topten_grid_item\"><span class=\"number\">2<\/span><img width=\"290\" height=\"230\" src=\"https:\/\/gyoparosfurdo-oroshaza.hu\/wp-content\/uploads\/2012\/04\/Strandol\u00e1s_gyoparosfurdon.jpg\" class=\"lazyload wp-post-image\" alt=\"\" loading=\"lazy\" \/><span class=\"title\">Bathing in Gyop\u00e1rosf\u00fcrd\u0151<\/span><span class=\"text\">Sport enthusiasts can have fun in the 50 meter swimming pool or learners\u2019 pool.<\/span><\/a><a href=\"https:\/\/gyoparosfurdo-oroshaza.hu\/en\/programok\/wellness-es-kenyeztetes\" title=\"Wellness and treat\" class=\"topten_grid_item\"><span class=\"number\">3<\/span><img width=\"290\" height=\"230\" src=\"https:\/\/gyoparosfurdo-oroshaza.hu\/wp-content\/uploads\/2012\/05\/3_Wellness.jpg\" class=\"lazyload wp-post-image\" alt=\"\" loading=\"lazy\" \/><span class=\"title\">Wellness and treat<\/span><span class=\"text\">The pampering services offered by Gyop\u00e1ros feel like a romantic touch.<\/span><\/a><a href=\"https:\/\/gyoparosfurdo-oroshaza.hu\/en\/programok\/ejszakai-furdozes\" title=\"Night bathing\" class=\"topten_grid_item\"><span class=\"number\">4<\/span><img width=\"290\" height=\"230\" src=\"https:\/\/gyoparosfurdo-oroshaza.hu\/wp-content\/uploads\/2012\/04\/4_Ejszakai_furdozes.jpg\" class=\"lazyload wp-post-image\" alt=\"\" loading=\"lazy\" \/><span class=\"title\">Night bathing<\/span><span class=\"text\">Night bathing in Gyop\u00e1rosf\u00fcrd\u0151 until midnight on saturdays.<\/span><\/a><a href=\"https:\/\/gyoparosfurdo-oroshaza.hu\/en\/programok\/csillagfenyes-ejszaka\" title=\"Starry night\" class=\"topten_grid_item\"><span class=\"number\">5<\/span><img width=\"290\" height=\"230\" src=\"https:\/\/gyoparosfurdo-oroshaza.hu\/wp-content\/uploads\/2012\/04\/6_Csillagfenyes_ejszaka.jpg\" class=\"lazyload wp-post-image\" alt=\"\" loading=\"lazy\" \/><span class=\"title\">Starry night<\/span><span class=\"text\">B\u00e9k\u00e9s county is a genuine lowland area, with the unique atmosphere of puszta (vast area of plains), offering the experience of starry night seen in the films.<\/span><\/a><a href=\"https:\/\/gyoparosfurdo-oroshaza.hu\/en\/programok\/bowling\" title=\"Bowling\" class=\"topten_grid_item\"><span class=\"number\">6<\/span><img width=\"290\" height=\"230\" src=\"https:\/\/gyoparosfurdo-oroshaza.hu\/wp-content\/uploads\/2012\/05\/11_Bowling.jpg\" class=\"lazyload wp-post-image\" alt=\"\" loading=\"lazy\" \/><span class=\"title\">Bowling<\/span><span class=\"text\">Bowling fans can pursue their hobby at Gyop\u00e1r Sports Center.<\/span><\/a><a href=\"https:\/\/gyoparosfurdo-oroshaza.hu\/en\/programok\/lovassportok\" title=\"Horse riding\" class=\"topten_grid_item\"><span class=\"number\">7<\/span><img width=\"290\" height=\"230\" src=\"https:\/\/gyoparosfurdo-oroshaza.hu\/wp-content\/uploads\/2012\/04\/Lovassportok.jpg\" class=\"lazyload wp-post-image\" alt=\"\" loading=\"lazy\" \/><span class=\"title\">Horse riding<\/span><span class=\"text\">From different point of views Orosh\u00e1za can be considered as centre of horse life in the Southern Great Plain region.<\/span><\/a><a href=\"https:\/\/gyoparosfurdo-oroshaza.hu\/en\/programok\/ejszakai-elet-oroshazan\" title=\"Night life in Orosh\u00e1za\" class=\"topten_grid_item\"><span class=\"number\">8<\/span><img width=\"290\" height=\"230\" src=\"https:\/\/gyoparosfurdo-oroshaza.hu\/wp-content\/uploads\/2012\/04\/Ejszakai_elet.jpg\" class=\"lazyload wp-post-image\" alt=\"\" loading=\"lazy\" \/><span class=\"title\">Night life in Orosh\u00e1za<\/span><span class=\"text\">We can not compare local night life with big cities because it is apples and oranges. However, the town springs to life on Friday and Saturday evenings.<\/span><\/a><a href=\"https:\/\/gyoparosfurdo-oroshaza.hu\/en\/programok\/piaclatogatas-oroshazan\" title=\"Market - Orosh\u00e1za\" class=\"topten_grid_item\"><span class=\"number\">9<\/span><img width=\"290\" height=\"230\" src=\"https:\/\/gyoparosfurdo-oroshaza.hu\/wp-content\/uploads\/2012\/04\/Piac.jpg\" class=\"lazyload wp-post-image\" alt=\"\" loading=\"lazy\" \/><span class=\"title\">Market - Orosh\u00e1za<\/span><span class=\"text\">When you are in Orosh\u00e1za, do as the locals do During a holiday in Orosh\u00e1za it is worth visiting the local market.<\/span><\/a><a href=\"https:\/\/gyoparosfurdo-oroshaza.hu\/en\/programok\/panorama-kilato\" title=\"Panor\u00e1ma lookout tower\" class=\"topten_grid_item\"><span class=\"number\">10<\/span><img width=\"290\" height=\"230\" src=\"https:\/\/gyoparosfurdo-oroshaza.hu\/wp-content\/uploads\/2012\/04\/Panorama_kilato.jpg\" class=\"lazyload wp-post-image\" alt=\"\" loading=\"lazy\" \/><span class=\"title\">Panor\u00e1ma lookout tower<\/span><span class=\"text\">The Panor\u00e1ma lookout tower is one of the attractions of Orosh\u00e1za and Gyop\u00e1rosf\u00fcrd\u0151.<\/span><\/a><div class=\"clear\"><\/div><\/div>\n<div class=\"W560\">\n<span class=\"h3\">Hand in hand we walk down the lane<\/span><\/p>\n<h2>What is needed for a romantic week end or holiday in two? A spa surrounded by a park, lake and wood is more than enough. <\/h2>\n<p>At <a href=\"https:\/\/gyoparosfurdo-oroshaza.hu\/en\/gyoparosfurdo\" title=\"Gyop\u00e1rosf\u00fcrd\u0151\">Gyop\u00e1rosf\u00fcrd\u0151<\/a> all conditions are given for spending unforgettable hours or days with our sweetheart: <a href=\"https:\/\/gyoparosfurdo-oroshaza.huhttps:\/\/gyoparosfurdo-oroshaza.hu\/en\/gyoparosfurdo\/wellness\" title=\"Wellness\">wellness<\/a>, <a href=\"https:\/\/gyoparosfurdo-oroshaza.huhttps:\/\/gyoparosfurdo-oroshaza.hu\/en\/gyoparosfurdo\/aquapark\" title=\"Adventure pools\">adventure pools<\/a>, romantic walks, dinners with candle light,<a href=\"\/en\/programok\/lovassportok\" title=\"Horse riding\"> horse riding<\/a>, promenade, trips \u2013 all are available during a holiday spent at Orosh\u00e1za.<\/p>\n<p>The spa offers a wide choice of services in the park, outdoor pools, adventure pools and thermal bath. The choice of <a href=\"https:\/\/gyoparosfurdo-oroshaza.hu\/en\/accomodations\" title=\"Accomodations\">accomodation<\/a> is rich as well: starting from two star camp site to four star luxury hotel. The decision is up to you.<\/p>\n<p>As for restaurants: both at Gyop\u00e1rosf\u00fcrd\u0151 and in the town couples are welcome with delicious dishes, good service to make a romantic evening perfect. <\/p>\n<p>Horse riding or even promenading can be tried out. There are several farms offering their services. <\/p>\n<p>Varga farm focuses mainly on horses. They offer riding trainings, tours on horse or shows with horses. The Mustang Horse School or the Pony club can be an attractive destination. <\/p>\n","protected":false},"excerpt":{"rendered":"<p>Hand in hand we walk down the lane What is needed for a romantic week end or holiday in two? A spa surrounded by a park, lake and wood is more than enough. At Gyop\u00e1rosf\u00fcrd\u0151 all conditions are given for &hellip; <a href=\"https:\/\/gyoparosfurdo-oroshaza.hu\/en\/programs\/for-couples\">Folytat\u00e1s <span class=\"meta-nav\">&rarr;<\/span><\/a><\/p>\n","protected":false},"author":6,"featured_media":0,"parent":26026,"menu_order":0,"comment_status":"closed","ping_status":"closed","template":"","meta":[],"_links":{"self":[{"href":"https:\/\/gyoparosfurdo-oroshaza.hu\/en\/wp-json\/wp\/v2\/pages\/26105"}],"collection":[{"href":"https:\/\/gyoparosfurdo-oroshaza.hu\/en\/wp-json\/wp\/v2\/pages"}],"about":[{"href":"https:\/\/gyoparosfurdo-oroshaza.hu\/en\/wp-json\/wp\/v2\/types\/page"}],"author":[{"embeddable":true,"href":"https:\/\/gyoparosfurdo-oroshaza.hu\/en\/wp-json\/wp\/v2\/users\/6"}],"replies":[{"embeddable":true,"href":"https:\/\/gyoparosfurdo-oroshaza.hu\/en\/wp-json\/wp\/v2\/comments?post=26105"}],"version-history":[{"count":0,"href":"https:\/\/gyoparosfurdo-oroshaza.hu\/en\/wp-json\/wp\/v2\/pages\/26105\/revisions"}],"up":[{"embeddable":true,"href":"https:\/\/gyoparosfurdo-oroshaza.hu\/en\/wp-json\/wp\/v2\/pages\/26026"}],"wp:attachment":[{"href":"https:\/\/gyoparosfurdo-oroshaza.hu\/en\/wp-json\/wp\/v2\/media?parent=26105"}],"curies":[{"name":"wp","href":"https:\/\/api.w.org\/{rel}","templated":true}]}}