{"id":26102,"date":"2012-04-13T12:14:44","date_gmt":"2012-04-13T10:14:44","guid":{"rendered":"https:\/\/gyoparosfurdo-oroshaza.hu\/in-summer"},"modified":"2012-04-13T12:14:44","modified_gmt":"2012-04-13T11:14:44","slug":"in-summer","status":"publish","type":"page","link":"https:\/\/gyoparosfurdo-oroshaza.hu\/en\/programs\/in-summer","title":{"rendered":"in Summer"},"content":{"rendered":"<div class=\"topten_grid_container topten_page\"><div class=\"topten_grid_item\"><span class=\"h3\">Top programmes<\/span><a href=\"\/en\/programs\/for-photographers\" class=\"topten_for-photographers first\">for photographers &raquo;<\/a><a href=\"\/en\/programs\/for-sports-fans\" class=\"topten_for-sports-fans\">for sports fans &raquo;<\/a><a href=\"\/en\/programs\/for-families\" class=\"topten_for-families first\">for families &raquo;<\/a><a href=\"\/en\/programs\/in-summer\" class=\"topten_in-summer active\">in summer &raquo;<\/a><a href=\"\/en\/programs\/1-day\" class=\"topten_1-day first\">for 1 day &raquo;<\/a><a href=\"\/en\/programs\/for-cyclers\" class=\"topten_for-cyclers\">for cyclers &raquo;<\/a><a href=\"\/en\/programs\/for-a-weekend\" class=\"topten_for-a-weekend first\">for a weekend &raquo;<\/a><a href=\"\/en\/programs\/in-winter\" class=\"topten_in-winter\">in winter &raquo;<\/a><a href=\"\/en\/programs\/for-youngsters\" class=\"topten_for-youngsters first\">for youngsters &raquo;<\/a><a href=\"\/en\/programs\/for-couples\" class=\"topten_for-couples\">for couples &raquo;<\/a><a href=\"\/en\/programs\/by-car\" class=\"topten_by-car first\">by car &raquo;<\/a><a href=\"\/en\/programs\/for-culture-fans\" class=\"topten_for-culture-fans\">for culture fans &raquo;<\/a><a href=\"\/en\/programs\/1-week\" class=\"topten_1-week first\">for 1 week &raquo;<\/a><a href=\"\/en\/programs\/for-anglers\" class=\"topten_for-anglers\">for anglers &raquo;<\/a><\/div><a href=\"https:\/\/gyoparosfurdo-oroshaza.hu\/en\/programok\/elmenyfurdozes-gyoparoson\" title=\"Gyop\u00e1ros Bathing Experience\" class=\"topten_grid_item\"><span class=\"number\">1<\/span><img width=\"290\" height=\"230\" src=\"https:\/\/gyoparosfurdo-oroshaza.hu\/wp-content\/uploads\/2012\/04\/elmenyfurdo_kiemelt.jpg\" class=\"lazyload wp-post-image\" alt=\"\" loading=\"lazy\" \/><span class=\"title\">Gyop\u00e1ros Bathing Experience<\/span><span class=\"text\">Fun and entertainment provided by the adventure pools at Gyop\u00e1ros.<\/span><\/a><a href=\"https:\/\/gyoparosfurdo-oroshaza.hu\/en\/programok\/strandolas-gyoparosfurdon\" title=\"Bathing in Gyop\u00e1rosf\u00fcrd\u0151\" class=\"topten_grid_item\"><span class=\"number\">2<\/span><img width=\"290\" height=\"230\" src=\"https:\/\/gyoparosfurdo-oroshaza.hu\/wp-content\/uploads\/2012\/04\/Strandol\u00e1s_gyoparosfurdon.jpg\" class=\"lazyload wp-post-image\" alt=\"\" loading=\"lazy\" \/><span class=\"title\">Bathing in Gyop\u00e1rosf\u00fcrd\u0151<\/span><span class=\"text\">Sport enthusiasts can have fun in the 50 meter swimming pool or learners\u2019 pool.<\/span><\/a><a href=\"https:\/\/gyoparosfurdo-oroshaza.hu\/en\/programok\/wellness-es-kenyeztetes\" title=\"Wellness and treat\" class=\"topten_grid_item\"><span class=\"number\">3<\/span><img width=\"290\" height=\"230\" src=\"https:\/\/gyoparosfurdo-oroshaza.hu\/wp-content\/uploads\/2012\/05\/3_Wellness.jpg\" class=\"lazyload wp-post-image\" alt=\"\" loading=\"lazy\" \/><span class=\"title\">Wellness and treat<\/span><span class=\"text\">The pampering services offered by Gyop\u00e1ros feel like a romantic touch.<\/span><\/a><a href=\"https:\/\/gyoparosfurdo-oroshaza.hu\/en\/programok\/ejszakai-furdozes\" title=\"Night bathing\" class=\"topten_grid_item\"><span class=\"number\">4<\/span><img width=\"290\" height=\"230\" src=\"https:\/\/gyoparosfurdo-oroshaza.hu\/wp-content\/uploads\/2012\/04\/4_Ejszakai_furdozes.jpg\" class=\"lazyload wp-post-image\" alt=\"\" loading=\"lazy\" \/><span class=\"title\">Night bathing<\/span><span class=\"text\">Night bathing in Gyop\u00e1rosf\u00fcrd\u0151 until midnight on saturdays.<\/span><\/a><a href=\"https:\/\/gyoparosfurdo-oroshaza.hu\/en\/programok\/csillagfenyes-ejszaka\" title=\"Starry night\" class=\"topten_grid_item\"><span class=\"number\">5<\/span><img width=\"290\" height=\"230\" src=\"https:\/\/gyoparosfurdo-oroshaza.hu\/wp-content\/uploads\/2012\/04\/6_Csillagfenyes_ejszaka.jpg\" class=\"lazyload wp-post-image\" alt=\"\" loading=\"lazy\" \/><span class=\"title\">Starry night<\/span><span class=\"text\">B\u00e9k\u00e9s county is a genuine lowland area, with the unique atmosphere of puszta (vast area of plains), offering the experience of starry night seen in the films.<\/span><\/a><a href=\"https:\/\/gyoparosfurdo-oroshaza.hu\/en\/programok\/fallabda-tenisz\" title=\"Tennis, Squash\" class=\"topten_grid_item\"><span class=\"number\">6<\/span><img width=\"290\" height=\"230\" src=\"https:\/\/gyoparosfurdo-oroshaza.hu\/wp-content\/uploads\/2012\/04\/10_Tenisz_fallabda.jpg\" class=\"lazyload wp-post-image\" alt=\"\" loading=\"lazy\" \/><span class=\"title\">Tennis, Squash<\/span><span class=\"text\">You do not have to leave your rackets at home during your holiday at Orosh\u00e1za.<\/span><\/a><a href=\"https:\/\/gyoparosfurdo-oroshaza.hu\/en\/programok\/lovassportok\" title=\"Horse riding\" class=\"topten_grid_item\"><span class=\"number\">7<\/span><img width=\"290\" height=\"230\" src=\"https:\/\/gyoparosfurdo-oroshaza.hu\/wp-content\/uploads\/2012\/04\/Lovassportok.jpg\" class=\"lazyload wp-post-image\" alt=\"\" loading=\"lazy\" \/><span class=\"title\">Horse riding<\/span><span class=\"text\">From different point of views Orosh\u00e1za can be considered as centre of horse life in the Southern Great Plain region.<\/span><\/a><a href=\"https:\/\/gyoparosfurdo-oroshaza.hu\/en\/programok\/ejszakai-elet-oroshazan\" title=\"Night life in Orosh\u00e1za\" class=\"topten_grid_item\"><span class=\"number\">8<\/span><img width=\"290\" height=\"230\" src=\"https:\/\/gyoparosfurdo-oroshaza.hu\/wp-content\/uploads\/2012\/04\/Ejszakai_elet.jpg\" class=\"lazyload wp-post-image\" alt=\"\" loading=\"lazy\" \/><span class=\"title\">Night life in Orosh\u00e1za<\/span><span class=\"text\">We can not compare local night life with big cities because it is apples and oranges. However, the town springs to life on Friday and Saturday evenings.<\/span><\/a><a href=\"https:\/\/gyoparosfurdo-oroshaza.hu\/en\/programok\/piaclatogatas-oroshazan\" title=\"Market - Orosh\u00e1za\" class=\"topten_grid_item\"><span class=\"number\">9<\/span><img width=\"290\" height=\"230\" src=\"https:\/\/gyoparosfurdo-oroshaza.hu\/wp-content\/uploads\/2012\/04\/Piac.jpg\" class=\"lazyload wp-post-image\" alt=\"\" loading=\"lazy\" \/><span class=\"title\">Market - Orosh\u00e1za<\/span><span class=\"text\">When you are in Orosh\u00e1za, do as the locals do During a holiday in Orosh\u00e1za it is worth visiting the local market.<\/span><\/a><a href=\"https:\/\/gyoparosfurdo-oroshaza.hu\/en\/programok\/panorama-kilato\" title=\"Panor\u00e1ma lookout tower\" class=\"topten_grid_item\"><span class=\"number\">10<\/span><img width=\"290\" height=\"230\" src=\"https:\/\/gyoparosfurdo-oroshaza.hu\/wp-content\/uploads\/2012\/04\/Panorama_kilato.jpg\" class=\"lazyload wp-post-image\" alt=\"\" loading=\"lazy\" \/><span class=\"title\">Panor\u00e1ma lookout tower<\/span><span class=\"text\">The Panor\u00e1ma lookout tower is one of the attractions of Orosh\u00e1za and Gyop\u00e1rosf\u00fcrd\u0151.<\/span><\/a><a href=\"https:\/\/gyoparosfurdo-oroshaza.hu\/en\/programok\/kerekpartura-30-km\" title=\"Bicycle Tour\" class=\"topten_grid_item\"><span class=\"number\">11<\/span><img width=\"290\" height=\"230\" src=\"https:\/\/gyoparosfurdo-oroshaza.hu\/wp-content\/uploads\/2012\/04\/Kerekpartura.jpg\" class=\"lazyload wp-post-image\" alt=\"\" loading=\"lazy\" \/><span class=\"title\">Bicycle Tour<\/span><span class=\"text\">Although most cyclists prefer the hills and mountains, hereby we would like to promote cycling on flat ground.<\/span><\/a><a href=\"https:\/\/gyoparosfurdo-oroshaza.hu\/en\/programok\/paintball\" title=\"Paintball\" class=\"topten_grid_item\"><span class=\"number\">12<\/span><img width=\"290\" height=\"230\" src=\"https:\/\/gyoparosfurdo-oroshaza.hu\/wp-content\/uploads\/2012\/07\/paintball1.jpg\" class=\"lazyload wp-post-image\" alt=\"\" loading=\"lazy\" \/><span class=\"title\">Paintball<\/span><span class=\"text\">Paintball is the perfect solution both for relaxation and for team building.<\/span><\/a><a href=\"https:\/\/gyoparosfurdo-oroshaza.hu\/en\/programok\/foter\" title=\"Renewed main square\" class=\"topten_grid_item\"><span class=\"number\">13<\/span><img width=\"290\" height=\"230\" src=\"https:\/\/gyoparosfurdo-oroshaza.hu\/wp-content\/uploads\/2012\/04\/seta_kiemelt.jpg\" class=\"lazyload wp-post-image\" alt=\"\" loading=\"lazy\" \/><span class=\"title\">Renewed main square<\/span><span class=\"text\">The Main City Square of the city Orosh\u00e1za, renewed in 2013.<\/span><\/a><div class=\"clear\"><\/div><\/div>\n<div class=\"W560\">\n<span class=\"h3\">If it is summer time \u2013 go to gyop\u00e1ros<\/span><\/p>\n<h2>If it is summer time, the best thing to do is going to the spa. At Gyop\u00e1ros a huge area is at the visitors disposal. The place is ideal for bathing, sunbathing, sport activities, such as: beach volleyball, beach handball and football.<\/h2>\n<p>The open air swimming pool situated in the park is suitable for international competitions, but serves the demands of the local swimming and scuba diving club. These sports have long standing traditions in the town. <a href=\"\/en\/programok\/strandolas-gyoparosfurdon\" title=\"Park\"><\/a><\/p>\n<p>On a huge space of more than 6\u00a0000 m2 <a href=\"\/en\/programok\/elmenyfurdozes-gyoparoson\" title=\"The adventure spa\">the adventure spa<\/a> offers enjoyment all year round. There are three outdoor and four indoor pools with various adventure elements such as: neck shower, musroom, lazy river rides, lying massage, geysers, water spitters, massage jets and waterfalls make recreation and relaxation even more enjoyable. Lovers of slides can enjoy going down two huge spiral slides arriving either in an open air pool or in an indoor pool.<\/p>\n<p>Apart from bathing the town and its surrounding area offers a wide variety of programmes from spring till autumn. An ideal destination for one-day trips is <a href=\"\/en\/programok\/kardoskuti-feherto\" title=\"White Lake\">White Lake<\/a> at Kardosk\u00fat-Pusztak\u00f6zpont situated at a distance of 8-10 km. White Lake and its surroundings is a nature conservation area rich of geographical, ornithological and biological values.Lovers of <a href=\"https:\/\/gyoparosfurdo-oroshaza.hu\/en\/programs\/for-cyclers\" title=\"Cycling\">cycling<\/a> can choose from routes of different difficulties. Although the local network of cyclist lanes needs to be improved, local drivers are very tolerant towards cyclists. In this way this form of travelling is safe.<\/p>\n<p>During the past years Orosh\u00e1za has gained fame as host of numerous festivals. Different events are attracting thousands of visitors in the town, there are events almost in each month of the year, such as: Orosh\u00e1za Festival, Orosh\u00e1za Goose Liver Festival, European Bread Festival, International Horse Championship. <\/p>\n<h3>Pictures<\/h3>\n\n<div class=\"ngg-galleryoverview\" id=\"ngg-gallery-26-26102\">\n\n\n\t\n\t<!-- Thumbnails -->\n\t\t\n\t<div id=\"ngg-image-198\" class=\"ngg-gallery-thumbnail-box\"  >\n\t\t<div class=\"ngg-gallery-thumbnail\" >\n\t\t\t<a href=\"https:\/\/gyoparosfurdo-oroshaza.hu\/wp-content\/gallery\/nyaron\/nyaron_02.jpg\" title=\"Gyop\u00e1rosi parkf\u00fcrd\u0151\" class=\"thickbox\" rel=\"set_26\" >\n\t\t\t\t\t\t\t\t<img title=\"Gyop\u00e1rosi parkf\u00fcrd\u0151\" alt=\"Gyop\u00e1rosi parkf\u00fcrd\u0151\" src=\"https:\/\/gyoparosfurdo-oroshaza.hu\/wp-content\/gallery\/nyaron\/thumbs\/thumbs_nyaron_02.jpg\" width=\"120\" height=\"95\" \/>\n\t\t\t\t\t\t\t<\/a>\n\t\t<\/div>\n\t<\/div>\n\t\n\t\t\n \t\t\n\t<div id=\"ngg-image-200\" class=\"ngg-gallery-thumbnail-box\"  >\n\t\t<div class=\"ngg-gallery-thumbnail\" >\n\t\t\t<a href=\"https:\/\/gyoparosfurdo-oroshaza.hu\/wp-content\/gallery\/nyaron\/nyaron_04.jpg\" title=\"Gyop\u00e1rosi \u00e9lm\u00e9nymedenc\u00e9k\" class=\"thickbox\" rel=\"set_26\" >\n\t\t\t\t\t\t\t\t<img title=\"Gyop\u00e1rosi \u00e9lm\u00e9nymedenc\u00e9k\" alt=\"Gyop\u00e1rosi \u00e9lm\u00e9nymedenc\u00e9k\" src=\"https:\/\/gyoparosfurdo-oroshaza.hu\/wp-content\/gallery\/nyaron\/thumbs\/thumbs_nyaron_04.jpg\" width=\"120\" height=\"95\" \/>\n\t\t\t\t\t\t\t<\/a>\n\t\t<\/div>\n\t<\/div>\n\t\n\t\t\n \t\t\n\t<div id=\"ngg-image-197\" class=\"ngg-gallery-thumbnail-box\"  >\n\t\t<div class=\"ngg-gallery-thumbnail\" >\n\t\t\t<a href=\"https:\/\/gyoparosfurdo-oroshaza.hu\/wp-content\/gallery\/nyaron\/nyaron_01.jpg\" title=\"50 m\u00e9teres sportmedence a parkf\u00fcrd\u0151ben\" class=\"thickbox\" rel=\"set_26\" >\n\t\t\t\t\t\t\t\t<img title=\"50 m\u00e9teres sportmedence a parkf\u00fcrd\u0151ben\" alt=\"50 m\u00e9teres sportmedence a parkf\u00fcrd\u0151ben\" src=\"https:\/\/gyoparosfurdo-oroshaza.hu\/wp-content\/gallery\/nyaron\/thumbs\/thumbs_nyaron_01.jpg\" width=\"120\" height=\"95\" \/>\n\t\t\t\t\t\t\t<\/a>\n\t\t<\/div>\n\t<\/div>\n\t\n\t\t\n \t\t\n\t<div id=\"ngg-image-1008\" class=\"ngg-gallery-thumbnail-box\"  >\n\t\t<div class=\"ngg-gallery-thumbnail\" >\n\t\t\t<a href=\"https:\/\/gyoparosfurdo-oroshaza.hu\/wp-content\/gallery\/nyaron\/parkfurdo_ugras_allo.jpg\" title=\"50 m\u00e9teres sportmedence a parkf\u00fcrd\u0151ben\" class=\"thickbox\" rel=\"set_26\" >\n\t\t\t\t\t\t\t\t<img title=\"50 m\u00e9teres sportmedence a parkf\u00fcrd\u0151ben\" alt=\"50 m\u00e9teres sportmedence a parkf\u00fcrd\u0151ben\" src=\"https:\/\/gyoparosfurdo-oroshaza.hu\/wp-content\/gallery\/nyaron\/thumbs\/thumbs_parkfurdo_ugras_allo.jpg\" width=\"120\" height=\"95\" \/>\n\t\t\t\t\t\t\t<\/a>\n\t\t<\/div>\n\t<\/div>\n\t\n\t\t\n \t\t\n\t<div id=\"ngg-image-1007\" class=\"ngg-gallery-thumbnail-box\"  >\n\t\t<div class=\"ngg-gallery-thumbnail\" >\n\t\t\t<a href=\"https:\/\/gyoparosfurdo-oroshaza.hu\/wp-content\/gallery\/nyaron\/parkfurdo_rendezveny.jpg\" title=\"Rendezv\u00e9ny a parkf\u00fcrd\u0151ben\" class=\"thickbox\" rel=\"set_26\" >\n\t\t\t\t\t\t\t\t<img title=\"Rendezv\u00e9ny a parkf\u00fcrd\u0151ben\" alt=\"Rendezv\u00e9ny a parkf\u00fcrd\u0151ben\" src=\"https:\/\/gyoparosfurdo-oroshaza.hu\/wp-content\/gallery\/nyaron\/thumbs\/thumbs_parkfurdo_rendezveny.jpg\" width=\"120\" height=\"95\" \/>\n\t\t\t\t\t\t\t<\/a>\n\t\t<\/div>\n\t<\/div>\n\t\n\t\t\n \t\t\n\t<div id=\"ngg-image-1003\" class=\"ngg-gallery-thumbnail-box\"  >\n\t\t<div class=\"ngg-gallery-thumbnail\" >\n\t\t\t<a href=\"https:\/\/gyoparosfurdo-oroshaza.hu\/wp-content\/gallery\/nyaron\/elmenyfurdo_napsutes.jpg\" title=\"A gyop\u00e1rosi \u00e9lm\u00e9nyf\u00fcrd\u0151\" class=\"thickbox\" rel=\"set_26\" >\n\t\t\t\t\t\t\t\t<img title=\"A gyop\u00e1rosi \u00e9lm\u00e9nyf\u00fcrd\u0151\" alt=\"A gyop\u00e1rosi \u00e9lm\u00e9nyf\u00fcrd\u0151\" src=\"https:\/\/gyoparosfurdo-oroshaza.hu\/wp-content\/gallery\/nyaron\/thumbs\/thumbs_elmenyfurdo_napsutes.jpg\" width=\"120\" height=\"95\" \/>\n\t\t\t\t\t\t\t<\/a>\n\t\t<\/div>\n\t<\/div>\n\t\n\t\t\n \t\t\n\t<div id=\"ngg-image-1004\" class=\"ngg-gallery-thumbnail-box\"  >\n\t\t<div class=\"ngg-gallery-thumbnail\" >\n\t\t\t<a href=\"https:\/\/gyoparosfurdo-oroshaza.hu\/wp-content\/gallery\/nyaron\/gyoparosfurdo-gyogyfurdo.jpg\" title=\"A gyop\u00e1rosi gy\u00f3gyf\u00fcrd\u0151\" class=\"thickbox\" rel=\"set_26\" >\n\t\t\t\t\t\t\t\t<img title=\"A gyop\u00e1rosi gy\u00f3gyf\u00fcrd\u0151\" alt=\"A gyop\u00e1rosi gy\u00f3gyf\u00fcrd\u0151\" src=\"https:\/\/gyoparosfurdo-oroshaza.hu\/wp-content\/gallery\/nyaron\/thumbs\/thumbs_gyoparosfurdo-gyogyfurdo.jpg\" width=\"120\" height=\"95\" \/>\n\t\t\t\t\t\t\t<\/a>\n\t\t<\/div>\n\t<\/div>\n\t\n\t\t\n \t\t\n\t<div id=\"ngg-image-1005\" class=\"ngg-gallery-thumbnail-box\"  >\n\t\t<div class=\"ngg-gallery-thumbnail\" >\n\t\t\t<a href=\"https:\/\/gyoparosfurdo-oroshaza.hu\/wp-content\/gallery\/nyaron\/gyoparosfurdo_levegobol.jpg\" title=\"Gyop\u00e1rosf\u00fcrd\u0151 a leveg\u0151b\u0151l\" class=\"thickbox\" rel=\"set_26\" >\n\t\t\t\t\t\t\t\t<img title=\"Gyop\u00e1rosf\u00fcrd\u0151 a leveg\u0151b\u0151l\" alt=\"Gyop\u00e1rosf\u00fcrd\u0151 a leveg\u0151b\u0151l\" src=\"https:\/\/gyoparosfurdo-oroshaza.hu\/wp-content\/gallery\/nyaron\/thumbs\/thumbs_gyoparosfurdo_levegobol.jpg\" width=\"120\" height=\"95\" \/>\n\t\t\t\t\t\t\t<\/a>\n\t\t<\/div>\n\t<\/div>\n\t\n\t\t\n \t\t\n\t<div id=\"ngg-image-201\" class=\"ngg-gallery-thumbnail-box\"  >\n\t\t<div class=\"ngg-gallery-thumbnail\" >\n\t\t\t<a href=\"https:\/\/gyoparosfurdo-oroshaza.hu\/wp-content\/gallery\/nyaron\/nyaron_05.jpg\" title=\"Ny\u00e1ri programok\" class=\"thickbox\" rel=\"set_26\" >\n\t\t\t\t\t\t\t\t<img title=\"Ny\u00e1ri programok\" alt=\"Ny\u00e1ri programok\" src=\"https:\/\/gyoparosfurdo-oroshaza.hu\/wp-content\/gallery\/nyaron\/thumbs\/thumbs_nyaron_05.jpg\" width=\"120\" height=\"95\" \/>\n\t\t\t\t\t\t\t<\/a>\n\t\t<\/div>\n\t<\/div>\n\t\n\t\t\n \t\t\n\t<div id=\"ngg-image-202\" class=\"ngg-gallery-thumbnail-box\"  >\n\t\t<div class=\"ngg-gallery-thumbnail\" >\n\t\t\t<a href=\"https:\/\/gyoparosfurdo-oroshaza.hu\/wp-content\/gallery\/nyaron\/nyaron_06.jpg\" title=\"Ny\u00e1ri programok\" class=\"thickbox\" rel=\"set_26\" >\n\t\t\t\t\t\t\t\t<img title=\"Ny\u00e1ri programok\" alt=\"Ny\u00e1ri programok\" src=\"https:\/\/gyoparosfurdo-oroshaza.hu\/wp-content\/gallery\/nyaron\/thumbs\/thumbs_nyaron_06.jpg\" width=\"120\" height=\"95\" \/>\n\t\t\t\t\t\t\t<\/a>\n\t\t<\/div>\n\t<\/div>\n\t\n\t\t\n \t\t\n\t<div id=\"ngg-image-1006\" class=\"ngg-gallery-thumbnail-box\"  >\n\t\t<div class=\"ngg-gallery-thumbnail\" >\n\t\t\t<a href=\"https:\/\/gyoparosfurdo-oroshaza.hu\/wp-content\/gallery\/nyaron\/oroshaza-foter-2.jpg\" title=\"Orosh\u00e1za meg\u00fajult f\u0151tere\" class=\"thickbox\" rel=\"set_26\" >\n\t\t\t\t\t\t\t\t<img title=\"Orosh\u00e1za meg\u00fajult f\u0151tere\" alt=\"Orosh\u00e1za meg\u00fajult f\u0151tere\" src=\"https:\/\/gyoparosfurdo-oroshaza.hu\/wp-content\/gallery\/nyaron\/thumbs\/thumbs_oroshaza-foter-2.jpg\" width=\"120\" height=\"95\" \/>\n\t\t\t\t\t\t\t<\/a>\n\t\t<\/div>\n\t<\/div>\n\t\n\t\t\n \t\t\n\t<div id=\"ngg-image-1009\" class=\"ngg-gallery-thumbnail-box\"  >\n\t\t<div class=\"ngg-gallery-thumbnail\" >\n\t\t\t<a href=\"https:\/\/gyoparosfurdo-oroshaza.hu\/wp-content\/gallery\/nyaron\/foter_ejszaka.jpg\" title=\"Orosh\u00e1za f\u0151tere \u00e9jjel\" class=\"thickbox\" rel=\"set_26\" >\n\t\t\t\t\t\t\t\t<img title=\"Orosh\u00e1za f\u0151tere \u00e9jjel\" alt=\"Orosh\u00e1za f\u0151tere \u00e9jjel\" src=\"https:\/\/gyoparosfurdo-oroshaza.hu\/wp-content\/gallery\/nyaron\/thumbs\/thumbs_foter_ejszaka.jpg\" width=\"120\" height=\"95\" \/>\n\t\t\t\t\t\t\t<\/a>\n\t\t<\/div>\n\t<\/div>\n\t\n\t\t\n \t\t\n\t<div id=\"ngg-image-204\" class=\"ngg-gallery-thumbnail-box\"  >\n\t\t<div class=\"ngg-gallery-thumbnail\" >\n\t\t\t<a href=\"https:\/\/gyoparosfurdo-oroshaza.hu\/wp-content\/gallery\/nyaron\/nyaron_08.jpg\" title=\"Ny\u00e1ri programok\" class=\"thickbox\" rel=\"set_26\" >\n\t\t\t\t\t\t\t\t<img title=\"Ny\u00e1ri programok\" alt=\"Ny\u00e1ri programok\" src=\"https:\/\/gyoparosfurdo-oroshaza.hu\/wp-content\/gallery\/nyaron\/thumbs\/thumbs_nyaron_08.jpg\" width=\"120\" height=\"95\" \/>\n\t\t\t\t\t\t\t<\/a>\n\t\t<\/div>\n\t<\/div>\n\t\n\t\t\n \t\t\n\t<div id=\"ngg-image-205\" class=\"ngg-gallery-thumbnail-box\"  >\n\t\t<div class=\"ngg-gallery-thumbnail\" >\n\t\t\t<a href=\"https:\/\/gyoparosfurdo-oroshaza.hu\/wp-content\/gallery\/nyaron\/nyaron_09.jpg\" title=\"Ny\u00e1ri programok\" class=\"thickbox\" rel=\"set_26\" >\n\t\t\t\t\t\t\t\t<img title=\"Ny\u00e1ri programok\" alt=\"Ny\u00e1ri programok\" src=\"https:\/\/gyoparosfurdo-oroshaza.hu\/wp-content\/gallery\/nyaron\/thumbs\/thumbs_nyaron_09.jpg\" width=\"120\" height=\"95\" \/>\n\t\t\t\t\t\t\t<\/a>\n\t\t<\/div>\n\t<\/div>\n\t\n\t\t\n \t\t\n\t<div id=\"ngg-image-206\" class=\"ngg-gallery-thumbnail-box\"  >\n\t\t<div class=\"ngg-gallery-thumbnail\" >\n\t\t\t<a href=\"https:\/\/gyoparosfurdo-oroshaza.hu\/wp-content\/gallery\/nyaron\/nyaron_10.jpg\" title=\"Ny\u00e1ri programok\" class=\"thickbox\" rel=\"set_26\" >\n\t\t\t\t\t\t\t\t<img title=\"Ny\u00e1ri programok\" alt=\"Ny\u00e1ri programok\" src=\"https:\/\/gyoparosfurdo-oroshaza.hu\/wp-content\/gallery\/nyaron\/thumbs\/thumbs_nyaron_10.jpg\" width=\"120\" height=\"95\" \/>\n\t\t\t\t\t\t\t<\/a>\n\t\t<\/div>\n\t<\/div>\n\t\n\t\t\n \t\t\n\t<div id=\"ngg-image-207\" class=\"ngg-gallery-thumbnail-box\"  >\n\t\t<div class=\"ngg-gallery-thumbnail\" >\n\t\t\t<a href=\"https:\/\/gyoparosfurdo-oroshaza.hu\/wp-content\/gallery\/nyaron\/nyaron_11.jpg\" title=\"Ny\u00e1ri programok\" class=\"thickbox\" rel=\"set_26\" >\n\t\t\t\t\t\t\t\t<img title=\"Ny\u00e1ri programok\" alt=\"Ny\u00e1ri programok\" src=\"https:\/\/gyoparosfurdo-oroshaza.hu\/wp-content\/gallery\/nyaron\/thumbs\/thumbs_nyaron_11.jpg\" width=\"120\" height=\"95\" \/>\n\t\t\t\t\t\t\t<\/a>\n\t\t<\/div>\n\t<\/div>\n\t\n\t\t\n \t \t\n\t<!-- Pagination -->\n \t<div class='ngg-clear'><\/div>\n \t\n<\/div>\n\n<\/div>\n","protected":false},"excerpt":{"rendered":"<p>If it is summer time \u2013 go to gyop\u00e1ros If it is summer time, the best thing to do is going to the spa. At Gyop\u00e1ros a huge area is at the visitors disposal. The place is ideal for bathing, &hellip; <a href=\"https:\/\/gyoparosfurdo-oroshaza.hu\/en\/programs\/in-summer\">Folytat\u00e1s <span class=\"meta-nav\">&rarr;<\/span><\/a><\/p>\n","protected":false},"author":6,"featured_media":0,"parent":26026,"menu_order":0,"comment_status":"closed","ping_status":"closed","template":"","meta":[],"_links":{"self":[{"href":"https:\/\/gyoparosfurdo-oroshaza.hu\/en\/wp-json\/wp\/v2\/pages\/26102"}],"collection":[{"href":"https:\/\/gyoparosfurdo-oroshaza.hu\/en\/wp-json\/wp\/v2\/pages"}],"about":[{"href":"https:\/\/gyoparosfurdo-oroshaza.hu\/en\/wp-json\/wp\/v2\/types\/page"}],"author":[{"embeddable":true,"href":"https:\/\/gyoparosfurdo-oroshaza.hu\/en\/wp-json\/wp\/v2\/users\/6"}],"replies":[{"embeddable":true,"href":"https:\/\/gyoparosfurdo-oroshaza.hu\/en\/wp-json\/wp\/v2\/comments?post=26102"}],"version-history":[{"count":0,"href":"https:\/\/gyoparosfurdo-oroshaza.hu\/en\/wp-json\/wp\/v2\/pages\/26102\/revisions"}],"up":[{"embeddable":true,"href":"https:\/\/gyoparosfurdo-oroshaza.hu\/en\/wp-json\/wp\/v2\/pages\/26026"}],"wp:attachment":[{"href":"https:\/\/gyoparosfurdo-oroshaza.hu\/en\/wp-json\/wp\/v2\/media?parent=26102"}],"curies":[{"name":"wp","href":"https:\/\/api.w.org\/{rel}","templated":true}]}}