{"id":26089,"date":"2012-04-13T12:14:20","date_gmt":"2012-04-13T10:14:20","guid":{"rendered":"https:\/\/gyoparosfurdo-oroshaza.hu\/for-culture-fans"},"modified":"2012-04-13T12:14:20","modified_gmt":"2012-04-13T11:14:20","slug":"for-culture-fans","status":"publish","type":"page","link":"https:\/\/gyoparosfurdo-oroshaza.hu\/en\/programs\/for-culture-fans","title":{"rendered":"for culture fans"},"content":{"rendered":"<div class=\"topten_grid_container topten_page\"><div class=\"topten_grid_item\"><span class=\"h3\">Top programmes<\/span><a href=\"\/en\/programs\/for-culture-fans\" class=\"topten_for-culture-fans first active\">for culture fans &raquo;<\/a><a href=\"\/en\/programs\/1-week\" class=\"topten_1-week\">for 1 week &raquo;<\/a><a href=\"\/en\/programs\/for-anglers\" class=\"topten_for-anglers first\">for anglers &raquo;<\/a><a href=\"\/en\/programs\/for-photographers\" class=\"topten_for-photographers\">for photographers &raquo;<\/a><a href=\"\/en\/programs\/for-sports-fans\" class=\"topten_for-sports-fans first\">for sports fans &raquo;<\/a><a href=\"\/en\/programs\/for-families\" class=\"topten_for-families\">for families &raquo;<\/a><a href=\"\/en\/programs\/in-summer\" class=\"topten_in-summer first\">in summer &raquo;<\/a><a href=\"\/en\/programs\/1-day\" class=\"topten_1-day\">for 1 day &raquo;<\/a><a href=\"\/en\/programs\/for-cyclers\" class=\"topten_for-cyclers first\">for cyclers &raquo;<\/a><a href=\"\/en\/programs\/for-a-weekend\" class=\"topten_for-a-weekend\">for a weekend &raquo;<\/a><a href=\"\/en\/programs\/in-winter\" class=\"topten_in-winter first\">in winter &raquo;<\/a><a href=\"\/en\/programs\/for-youngsters\" class=\"topten_for-youngsters\">for youngsters &raquo;<\/a><a href=\"\/en\/programs\/for-couples\" class=\"topten_for-couples first\">for couples &raquo;<\/a><a href=\"\/en\/programs\/by-car\" class=\"topten_by-car\">by car &raquo;<\/a><\/div><a href=\"https:\/\/gyoparosfurdo-oroshaza.hu\/en\/programok\/strandolas-gyoparosfurdon\" title=\"Bathing in Gyop\u00e1rosf\u00fcrd\u0151\" class=\"topten_grid_item\"><span class=\"number\">1<\/span><img width=\"290\" height=\"230\" src=\"https:\/\/gyoparosfurdo-oroshaza.hu\/wp-content\/uploads\/2012\/04\/Strandol\u00e1s_gyoparosfurdon.jpg\" class=\"lazyload wp-post-image\" alt=\"\" loading=\"lazy\" \/><span class=\"title\">Bathing in Gyop\u00e1rosf\u00fcrd\u0151<\/span><span class=\"text\">Sport enthusiasts can have fun in the 50 meter swimming pool or learners\u2019 pool.<\/span><\/a><a href=\"https:\/\/gyoparosfurdo-oroshaza.hu\/en\/programok\/darvas-jozsef-emlekhaz\" title=\"J\u00f3zsef Darvas memorial house\" class=\"topten_grid_item\"><span class=\"number\">2<\/span><img width=\"290\" height=\"230\" src=\"https:\/\/gyoparosfurdo-oroshaza.hu\/wp-content\/uploads\/2012\/04\/17_Darvas_emlekhaz.jpg\" class=\"lazyload wp-post-image\" alt=\"\" loading=\"lazy\" \/><span class=\"title\">J\u00f3zsef Darvas memorial house<\/span><span class=\"text\">One of the most contradictory personalities in the history of Orosh\u00e1za during the past century was J\u00f3zsef Darvas, writer and politician born in Orosh\u00e1za.<\/span><\/a><a href=\"https:\/\/gyoparosfurdo-oroshaza.hu\/en\/programok\/varosi-keptar\" title=\"Town Art Gallery\" class=\"topten_grid_item\"><span class=\"number\">3<\/span><img width=\"290\" height=\"230\" src=\"https:\/\/gyoparosfurdo-oroshaza.hu\/wp-content\/uploads\/2012\/04\/Varosi_keptar.jpg\" class=\"lazyload wp-post-image\" alt=\"\" loading=\"lazy\" \/><span class=\"title\">Town Art Gallery<\/span><span class=\"text\">While at Orosh\u00e1za for art loving visitors Town Art Gallery is an important stop during their journey.<\/span><\/a><a href=\"https:\/\/gyoparosfurdo-oroshaza.hu\/en\/programok\/kutmuzeum\" title=\"Museum presenting water history\" class=\"topten_grid_item\"><span class=\"number\">4<\/span><img width=\"290\" height=\"230\" src=\"https:\/\/gyoparosfurdo-oroshaza.hu\/wp-content\/uploads\/2012\/04\/18_Kutmuzeum.jpg\" class=\"lazyload wp-post-image\" alt=\"\" loading=\"lazy\" \/><span class=\"title\">Museum presenting water history<\/span><span class=\"text\">The only well museum in the country can be found here, as well as a related exhibition presenting water history.<\/span><\/a><a href=\"https:\/\/gyoparosfurdo-oroshaza.hu\/en\/programok\/panorama-kilato\" title=\"Panor\u00e1ma lookout tower\" class=\"topten_grid_item\"><span class=\"number\">5<\/span><img width=\"290\" height=\"230\" src=\"https:\/\/gyoparosfurdo-oroshaza.hu\/wp-content\/uploads\/2012\/04\/Panorama_kilato.jpg\" class=\"lazyload wp-post-image\" alt=\"\" loading=\"lazy\" \/><span class=\"title\">Panor\u00e1ma lookout tower<\/span><span class=\"text\">The Panor\u00e1ma lookout tower is one of the attractions of Orosh\u00e1za and Gyop\u00e1rosf\u00fcrd\u0151.<\/span><\/a><a href=\"https:\/\/gyoparosfurdo-oroshaza.hu\/en\/programok\/tortenelmi-emlekpark\" title=\"Historical Memorial Park\" class=\"topten_grid_item\"><span class=\"number\">6<\/span><img width=\"290\" height=\"230\" src=\"https:\/\/gyoparosfurdo-oroshaza.hu\/wp-content\/uploads\/2012\/04\/Tortenelmi_Emlekpark.jpg\" class=\"lazyload wp-post-image\" alt=\"\" loading=\"lazy\" \/><span class=\"title\">Historical Memorial Park<\/span><span class=\"text\">In the square in front of the T\u00e1ncsics Secondary School, there is a Historical Memorial Park, the work of Tibor Szerv\u00e1tiusz.<\/span><\/a><a href=\"https:\/\/gyoparosfurdo-oroshaza.hu\/en\/programok\/oroshazi-templomok\" title=\"Churches in Orosh\u00e1za\" class=\"topten_grid_item\"><span class=\"number\">7<\/span><img width=\"290\" height=\"230\" src=\"https:\/\/gyoparosfurdo-oroshaza.hu\/wp-content\/uploads\/2012\/04\/Oroshazi_templomok.jpg\" class=\"lazyload wp-post-image\" alt=\"\" loading=\"lazy\" \/><span class=\"title\">Churches in Orosh\u00e1za<\/span><span class=\"text\">The only monument of the town is the Lutheran Church constructed in late baroque style.<\/span><\/a><a href=\"https:\/\/gyoparosfurdo-oroshaza.hu\/en\/programok\/oroshazi-szobortura\" title=\"Sculpture tour in Orosh\u00e1za\" class=\"topten_grid_item\"><span class=\"number\">8<\/span><img width=\"290\" height=\"230\" src=\"https:\/\/gyoparosfurdo-oroshaza.hu\/wp-content\/uploads\/2012\/04\/Oroshazi_szobortura.jpg\" class=\"lazyload wp-post-image\" alt=\"\" loading=\"lazy\" \/><span class=\"title\">Sculpture tour in Orosh\u00e1za<\/span><span class=\"text\">Let\u2019s start our sightseeing tour at Vilmos Gy\u0151ri square, where we can see the statue of Saint Stephen,the first Hungarian King\u2019s statue.<\/span><\/a><a href=\"https:\/\/gyoparosfurdo-oroshaza.hu\/en\/programok\/gellertegyhaza-tortenelmi-park\" title=\"Gell\u00e9rtegyh\u00e1za Historical Park\" class=\"topten_grid_item\"><span class=\"number\">9<\/span><img width=\"290\" height=\"230\" src=\"https:\/\/gyoparosfurdo-oroshaza.hu\/wp-content\/uploads\/2012\/11\/gell.jpg\" class=\"lazyload wp-post-image\" alt=\"\" loading=\"lazy\" \/><span class=\"title\">Gell\u00e9rtegyh\u00e1za Historical Park<\/span><span class=\"text\">Gell\u00e9rtegyh\u00e1za Historical Park, Orosh\u00e1za<\/span><\/a><a href=\"https:\/\/gyoparosfurdo-oroshaza.hu\/en\/programok\/opusztaszeri-emlekpark\" title=\"\u00d3pusztaszeri Memorial Park\" class=\"topten_grid_item\"><span class=\"number\">10<\/span><img width=\"290\" height=\"230\" src=\"https:\/\/gyoparosfurdo-oroshaza.hu\/wp-content\/uploads\/2012\/11\/opusz.jpg\" class=\"lazyload wp-post-image\" alt=\"\" loading=\"lazy\" \/><span class=\"title\">\u00d3pusztaszeri Memorial Park<\/span><span class=\"text\">\u00d3pusztaszer Memorial Park <\/span><\/a><a href=\"https:\/\/gyoparosfurdo-oroshaza.hu\/en\/programok\/hudak-csalad-keziszovomuhelye\" title=\"Hand weavery \u2013 workshop owned by Hud\u00e1k family\" class=\"topten_grid_item\"><span class=\"number\">11<\/span><img width=\"290\" height=\"230\" src=\"https:\/\/gyoparosfurdo-oroshaza.hu\/wp-content\/uploads\/2012\/11\/szovo.jpg\" class=\"lazyload wp-post-image\" alt=\"\" loading=\"lazy\" \/><span class=\"title\">Hand weavery \u2013 workshop owned by Hud\u00e1k family<\/span><span class=\"text\">Hand weavery \u2013 workshop owned by Hud\u00e1k family <\/span><\/a><a href=\"https:\/\/gyoparosfurdo-oroshaza.hu\/en\/programok\/szlovak-tajjellegu-tanya\" title=\"Traditional Slovak farm\" class=\"topten_grid_item\"><span class=\"number\">12<\/span><img width=\"290\" height=\"230\" src=\"https:\/\/gyoparosfurdo-oroshaza.hu\/wp-content\/uploads\/2012\/11\/ger.jpg\" class=\"lazyload wp-post-image\" alt=\"\" loading=\"lazy\" \/><span class=\"title\">Traditional Slovak farm<\/span><span class=\"text\">This is the way Slovak minority lived in B\u00e9k\u00e9s county<\/span><\/a><a href=\"https:\/\/gyoparosfurdo-oroshaza.hu\/en\/programok\/oroshazi-sajtkeszito-muhely\" title=\"Cheese manufacturing workshop at Orosh\u00e1za\" class=\"topten_grid_item\"><span class=\"number\">13<\/span><img width=\"290\" height=\"230\" src=\"https:\/\/gyoparosfurdo-oroshaza.hu\/wp-content\/uploads\/2012\/11\/sajt.jpg\" class=\"lazyload wp-post-image\" alt=\"\" loading=\"lazy\" \/><span class=\"title\">Cheese manufacturing workshop at Orosh\u00e1za<\/span><span class=\"text\">Workshop of a local cheese manufacturer, how is real home-made cheese produced<\/span><\/a><div class=\"clear\"><\/div><\/div>\n<div class=\"W560\"><span class=\"h3\">Colourful town, colourful culture<\/span><\/p>\n<h2>Orosh\u00e1za maintains long cultural traditions of high quality music, fine art and literature.<\/h2>\n<p>These traditions are prefectly reflected by the institutions of the local cultural life. The cultural offer of the town is a mixture of present and past aspirations.<\/p>\n<p>Let\u2019s see the most important monuments. The Historical Memorial Park can be found in front of Mih\u00e1ly T\u00e1ncsics secondary high school for two decads. In the center of the statue park the Gate of sorrow and the figure of a crying woman can be found. All around, in the park, in chronological order, the decisive episodes of the history are symbolized by rustic, unformed blocks of stone immortalizing the important dates of the Hungarian history.<\/p>\n<p>At Vilmos Gy\u0151ri square we can see the statue of Saint Stephen, the first Hungarian king. This statue is the work of L\u00e1szl\u00f3 Rajki, born in Orosh\u00e1za. The famous statue of Kossuth, restored by L\u00e1szl\u00f3 Rajki. Other sights not to miss: the statue of Mih\u00e1ly T\u00e1ncsics,the statue of J\u00e1nos Sz\u00e1nt\u00f3 Kov\u00e1cs, S\u00e1ndor Pet\u0151fi statue, J\u00f3zsef E\u00f6tv\u00f6s statue and the statue of Heroes.<\/p>\n<p>The center of local cultural life is Pet\u0151fi Cultural Center. The institution organises and supports a wide spectrum of programmes to promote Hungarian art and artists. During the high season festivals and concerts are held in different scenes of the town.<\/p>\n<p>The Public Library of the town can be found in this building. Apart from its classic duties the Library organises and hosts a large number of events that are of interest to their members, such as: writer-reader meetings, panel discussions and a programme running under the name: Loose your book, that gained international success.<\/p>\n<p>The <a title=\"The Gyula Nagy Regional Museum\" href=\"https:\/\/gyoparosfurdo-oroshaza.hu\/en\/programok\/nagy-gyula-muzeum\">Gyula Nagy Regional Museum <\/a>of Orosh\u00e1za presents the local traditions. During the past years the institution has gained national importance. Last but not least we have to mention<a title=\"J\u00f3zsef Darvas Memorial House\" href=\"\/en\/programok\/darvas-jozsef-emlekhaz\"> J\u00f3zsef Darvas Memorial House<\/a>, hosting the Literary Collection of B\u00e9k\u00e9s County. J\u00f3zsef Darvas was a Hungarian writer, politician and sociographer.<\/p>\n<h3>Pictures<\/h3>\n\n<div class=\"ngg-galleryoverview\" id=\"ngg-gallery-23-26089\">\n\n\n\t\n\t<!-- Thumbnails -->\n\t\t\n\t<div id=\"ngg-image-169\" class=\"ngg-gallery-thumbnail-box\"  >\n\t\t<div class=\"ngg-gallery-thumbnail\" >\n\t\t\t<a href=\"https:\/\/gyoparosfurdo-oroshaza.hu\/wp-content\/gallery\/kultura\/kultura_1.jpg\" title=\"Sz\u00e1nt\u00f3-Kov\u00e1cs J\u00e1nos m\u00fazeum\" class=\"thickbox\" rel=\"set_23\" >\n\t\t\t\t\t\t\t\t<img title=\"Sz\u00e1nt\u00f3-Kov\u00e1cs J\u00e1nos m\u00fazeum\" alt=\"Sz\u00e1nt\u00f3-Kov\u00e1cs J\u00e1nos m\u00fazeum\" src=\"https:\/\/gyoparosfurdo-oroshaza.hu\/wp-content\/gallery\/kultura\/thumbs\/thumbs_kultura_1.jpg\" width=\"120\" height=\"95\" \/>\n\t\t\t\t\t\t\t<\/a>\n\t\t<\/div>\n\t<\/div>\n\t\n\t\t\n \t\t\n\t<div id=\"ngg-image-170\" class=\"ngg-gallery-thumbnail-box\"  >\n\t\t<div class=\"ngg-gallery-thumbnail\" >\n\t\t\t<a href=\"https:\/\/gyoparosfurdo-oroshaza.hu\/wp-content\/gallery\/kultura\/kultura_2.jpg\" title=\"Darvas J\u00f3zsef eml\u00e9kh\u00e1z\" class=\"thickbox\" rel=\"set_23\" >\n\t\t\t\t\t\t\t\t<img title=\"Darvas J\u00f3zsef eml\u00e9kh\u00e1z\" alt=\"Darvas J\u00f3zsef eml\u00e9kh\u00e1z\" src=\"https:\/\/gyoparosfurdo-oroshaza.hu\/wp-content\/gallery\/kultura\/thumbs\/thumbs_kultura_2.jpg\" width=\"120\" height=\"95\" \/>\n\t\t\t\t\t\t\t<\/a>\n\t\t<\/div>\n\t<\/div>\n\t\n\t\t\n \t\t\n\t<div id=\"ngg-image-171\" class=\"ngg-gallery-thumbnail-box\"  >\n\t\t<div class=\"ngg-gallery-thumbnail\" >\n\t\t\t<a href=\"https:\/\/gyoparosfurdo-oroshaza.hu\/wp-content\/gallery\/kultura\/kultura_3.jpg\" title=\"Orosh\u00e1zi v\u00e1rosi k\u00f6nyvt\u00e1r\" class=\"thickbox\" rel=\"set_23\" >\n\t\t\t\t\t\t\t\t<img title=\"Orosh\u00e1zi v\u00e1rosi k\u00f6nyvt\u00e1r\" alt=\"Orosh\u00e1zi v\u00e1rosi k\u00f6nyvt\u00e1r\" src=\"https:\/\/gyoparosfurdo-oroshaza.hu\/wp-content\/gallery\/kultura\/thumbs\/thumbs_kultura_3.jpg\" width=\"120\" height=\"95\" \/>\n\t\t\t\t\t\t\t<\/a>\n\t\t<\/div>\n\t<\/div>\n\t\n\t\t\n \t\t\n\t<div id=\"ngg-image-172\" class=\"ngg-gallery-thumbnail-box\"  >\n\t\t<div class=\"ngg-gallery-thumbnail\" >\n\t\t\t<a href=\"https:\/\/gyoparosfurdo-oroshaza.hu\/wp-content\/gallery\/kultura\/kultura_4.jpg\" title=\"Pet\u0151fi M\u0171vel\u0151d\u00e9si K\u00f6zpont\" class=\"thickbox\" rel=\"set_23\" >\n\t\t\t\t\t\t\t\t<img title=\"Pet\u0151fi M\u0171vel\u0151d\u00e9si K\u00f6zpont\" alt=\"Pet\u0151fi M\u0171vel\u0151d\u00e9si K\u00f6zpont\" src=\"https:\/\/gyoparosfurdo-oroshaza.hu\/wp-content\/gallery\/kultura\/thumbs\/thumbs_kultura_4.jpg\" width=\"120\" height=\"95\" \/>\n\t\t\t\t\t\t\t<\/a>\n\t\t<\/div>\n\t<\/div>\n\t\n\t\t\n \t \t\n\t<!-- Pagination -->\n \t<div class='ngg-clear'><\/div>\n \t\n<\/div>\n\n\n<\/div>\n","protected":false},"excerpt":{"rendered":"<p>Colourful town, colourful culture Orosh\u00e1za maintains long cultural traditions of high quality music, fine art and literature. These traditions are prefectly reflected by the institutions of the local cultural life. The cultural offer of the town is a mixture of &hellip; <a href=\"https:\/\/gyoparosfurdo-oroshaza.hu\/en\/programs\/for-culture-fans\">Folytat\u00e1s <span class=\"meta-nav\">&rarr;<\/span><\/a><\/p>\n","protected":false},"author":6,"featured_media":0,"parent":26026,"menu_order":0,"comment_status":"closed","ping_status":"closed","template":"","meta":[],"_links":{"self":[{"href":"https:\/\/gyoparosfurdo-oroshaza.hu\/en\/wp-json\/wp\/v2\/pages\/26089"}],"collection":[{"href":"https:\/\/gyoparosfurdo-oroshaza.hu\/en\/wp-json\/wp\/v2\/pages"}],"about":[{"href":"https:\/\/gyoparosfurdo-oroshaza.hu\/en\/wp-json\/wp\/v2\/types\/page"}],"author":[{"embeddable":true,"href":"https:\/\/gyoparosfurdo-oroshaza.hu\/en\/wp-json\/wp\/v2\/users\/6"}],"replies":[{"embeddable":true,"href":"https:\/\/gyoparosfurdo-oroshaza.hu\/en\/wp-json\/wp\/v2\/comments?post=26089"}],"version-history":[{"count":0,"href":"https:\/\/gyoparosfurdo-oroshaza.hu\/en\/wp-json\/wp\/v2\/pages\/26089\/revisions"}],"up":[{"embeddable":true,"href":"https:\/\/gyoparosfurdo-oroshaza.hu\/en\/wp-json\/wp\/v2\/pages\/26026"}],"wp:attachment":[{"href":"https:\/\/gyoparosfurdo-oroshaza.hu\/en\/wp-json\/wp\/v2\/media?parent=26089"}],"curies":[{"name":"wp","href":"https:\/\/api.w.org\/{rel}","templated":true}]}}