{"id":26085,"date":"2012-04-13T12:13:54","date_gmt":"2012-04-13T10:13:54","guid":{"rendered":"https:\/\/gyoparosfurdo-oroshaza.hu\/for-cyclers"},"modified":"2012-04-13T12:13:54","modified_gmt":"2012-04-13T11:13:54","slug":"for-cyclers","status":"publish","type":"page","link":"https:\/\/gyoparosfurdo-oroshaza.hu\/en\/programs\/for-cyclers","title":{"rendered":"for cyclers"},"content":{"rendered":"<div class=\"topten_grid_container topten_page\"><div class=\"topten_grid_item\"><span class=\"h3\">Top programmes<\/span><a href=\"\/en\/programs\/1-day\" class=\"topten_1-day first\">for 1 day &raquo;<\/a><a href=\"\/en\/programs\/for-cyclers\" class=\"topten_for-cyclers active\">for cyclers &raquo;<\/a><a href=\"\/en\/programs\/for-a-weekend\" class=\"topten_for-a-weekend first\">for a weekend &raquo;<\/a><a href=\"\/en\/programs\/in-winter\" class=\"topten_in-winter\">in winter &raquo;<\/a><a href=\"\/en\/programs\/for-youngsters\" class=\"topten_for-youngsters first\">for youngsters &raquo;<\/a><a href=\"\/en\/programs\/for-couples\" class=\"topten_for-couples\">for couples &raquo;<\/a><a href=\"\/en\/programs\/by-car\" class=\"topten_by-car first\">by car &raquo;<\/a><a href=\"\/en\/programs\/for-culture-fans\" class=\"topten_for-culture-fans\">for culture fans &raquo;<\/a><a href=\"\/en\/programs\/1-week\" class=\"topten_1-week first\">for 1 week &raquo;<\/a><a href=\"\/en\/programs\/for-anglers\" class=\"topten_for-anglers\">for anglers &raquo;<\/a><a href=\"\/en\/programs\/for-photographers\" class=\"topten_for-photographers first\">for photographers &raquo;<\/a><a href=\"\/en\/programs\/for-sports-fans\" class=\"topten_for-sports-fans\">for sports fans &raquo;<\/a><a href=\"\/en\/programs\/for-families\" class=\"topten_for-families first\">for families &raquo;<\/a><a href=\"\/en\/programs\/in-summer\" class=\"topten_in-summer\">in summer &raquo;<\/a><\/div><a href=\"https:\/\/gyoparosfurdo-oroshaza.hu\/en\/programok\/szabadkigyos\" title=\"Szabadk\u00edgy\u00f3s\" class=\"topten_grid_item\"><span class=\"number\">1<\/span><img width=\"290\" height=\"230\" src=\"https:\/\/gyoparosfurdo-oroshaza.hu\/wp-content\/uploads\/2012\/04\/Szabadkigyos.jpg\" class=\"lazyload wp-post-image\" alt=\"\" loading=\"lazy\" \/><span class=\"title\">Szabadk\u00edgy\u00f3s<\/span><span class=\"text\">Szabadk\u00edgy\u00f3s is a small village with a population of 3\u00a0000, situated south of B\u00e9k\u00e9scsaba.<\/span><\/a><a href=\"https:\/\/gyoparosfurdo-oroshaza.hu\/en\/programok\/strandolas-gyoparosfurdon\" title=\"Bathing in Gyop\u00e1rosf\u00fcrd\u0151\" class=\"topten_grid_item\"><span class=\"number\">2<\/span><img width=\"290\" height=\"230\" src=\"https:\/\/gyoparosfurdo-oroshaza.hu\/wp-content\/uploads\/2012\/04\/Strandol\u00e1s_gyoparosfurdon.jpg\" class=\"lazyload wp-post-image\" alt=\"\" loading=\"lazy\" \/><span class=\"title\">Bathing in Gyop\u00e1rosf\u00fcrd\u0151<\/span><span class=\"text\">Sport enthusiasts can have fun in the 50 meter swimming pool or learners\u2019 pool.<\/span><\/a><a href=\"https:\/\/gyoparosfurdo-oroshaza.hu\/en\/programok\/oroshazi-templomok\" title=\"Churches in Orosh\u00e1za\" class=\"topten_grid_item\"><span class=\"number\">3<\/span><img width=\"290\" height=\"230\" src=\"https:\/\/gyoparosfurdo-oroshaza.hu\/wp-content\/uploads\/2012\/04\/Oroshazi_templomok.jpg\" class=\"lazyload wp-post-image\" alt=\"\" loading=\"lazy\" \/><span class=\"title\">Churches in Orosh\u00e1za<\/span><span class=\"text\">The only monument of the town is the Lutheran Church constructed in late baroque style.<\/span><\/a><a href=\"https:\/\/gyoparosfurdo-oroshaza.hu\/en\/programok\/oroshazi-szobortura\" title=\"Sculpture tour in Orosh\u00e1za\" class=\"topten_grid_item\"><span class=\"number\">4<\/span><img width=\"290\" height=\"230\" src=\"https:\/\/gyoparosfurdo-oroshaza.hu\/wp-content\/uploads\/2012\/04\/Oroshazi_szobortura.jpg\" class=\"lazyload wp-post-image\" alt=\"\" loading=\"lazy\" \/><span class=\"title\">Sculpture tour in Orosh\u00e1za<\/span><span class=\"text\">Let\u2019s start our sightseeing tour at Vilmos Gy\u0151ri square, where we can see the statue of Saint Stephen,the first Hungarian King\u2019s statue.<\/span><\/a><a href=\"https:\/\/gyoparosfurdo-oroshaza.hu\/en\/programok\/kardoskuti-feherto\" title=\"White Lake at Kardosk\u00fat\" class=\"topten_grid_item\"><span class=\"number\">5<\/span><img width=\"290\" height=\"230\" src=\"https:\/\/gyoparosfurdo-oroshaza.hu\/wp-content\/uploads\/2012\/04\/24_Kardoskuti_feher_to.jpg\" class=\"lazyload wp-post-image\" alt=\"\" loading=\"lazy\" \/><span class=\"title\">White Lake at Kardosk\u00fat<\/span><span class=\"text\">White Lake at Kardosk\u00fat is a must-see for visitors spending their holiday at Orosh\u00e1za or its surroundings.<\/span><\/a><a href=\"https:\/\/gyoparosfurdo-oroshaza.hu\/en\/programok\/tatarsanc\" title=\"Tat\u00e1rs\u00e1nc\" class=\"topten_grid_item\"><span class=\"number\">6<\/span><img width=\"290\" height=\"230\" src=\"https:\/\/gyoparosfurdo-oroshaza.hu\/wp-content\/uploads\/2012\/04\/Tatarsanc.jpg\" class=\"lazyload wp-post-image\" alt=\"\" loading=\"lazy\" \/><span class=\"title\">Tat\u00e1rs\u00e1nc<\/span><span class=\"text\">The native grassland near the village Pusztaf\u00f6ldv\u00e1r can offer exciting things to see not only for those who are interested in the historical.<\/span><\/a><a href=\"https:\/\/gyoparosfurdo-oroshaza.hu\/en\/programok\/kerekpartura-30-km\" title=\"Bicycle Tour\" class=\"topten_grid_item\"><span class=\"number\">7<\/span><img width=\"290\" height=\"230\" src=\"https:\/\/gyoparosfurdo-oroshaza.hu\/wp-content\/uploads\/2012\/04\/Kerekpartura.jpg\" class=\"lazyload wp-post-image\" alt=\"\" loading=\"lazy\" \/><span class=\"title\">Bicycle Tour<\/span><span class=\"text\">Although most cyclists prefer the hills and mountains, hereby we would like to promote cycling on flat ground.<\/span><\/a><a href=\"https:\/\/gyoparosfurdo-oroshaza.hu\/en\/programok\/gellertegyhaza-tortenelmi-park\" title=\"Gell\u00e9rtegyh\u00e1za Historical Park\" class=\"topten_grid_item\"><span class=\"number\">8<\/span><img width=\"290\" height=\"230\" src=\"https:\/\/gyoparosfurdo-oroshaza.hu\/wp-content\/uploads\/2012\/11\/gell.jpg\" class=\"lazyload wp-post-image\" alt=\"\" loading=\"lazy\" \/><span class=\"title\">Gell\u00e9rtegyh\u00e1za Historical Park<\/span><span class=\"text\">Gell\u00e9rtegyh\u00e1za Historical Park, Orosh\u00e1za<\/span><\/a><a href=\"https:\/\/gyoparosfurdo-oroshaza.hu\/en\/programok\/szlovak-tajjellegu-tanya\" title=\"Traditional Slovak farm\" class=\"topten_grid_item\"><span class=\"number\">9<\/span><img width=\"290\" height=\"230\" src=\"https:\/\/gyoparosfurdo-oroshaza.hu\/wp-content\/uploads\/2012\/11\/ger.jpg\" class=\"lazyload wp-post-image\" alt=\"\" loading=\"lazy\" \/><span class=\"title\">Traditional Slovak farm<\/span><span class=\"text\">This is the way Slovak minority lived in B\u00e9k\u00e9s county<\/span><\/a><div class=\"clear\"><\/div><\/div>\n<div class=\"W560\">\n<span class=\"h3\">Rolling on two whells on flat ground<\/span><\/p>\n<h2>Orosh\u00e1za and its neighbouring area is a real paradise for cyclers. In the streets, on the roads we can meet plenty of cycling people. On top of that in the town there are two bicyclers\u2019 clubs. <\/h2>\n<p>On the roads you can encounter three different types of cyclists. There are people who simply use their bikes as mean of transport within the town. Other people are attracted by the sport performance, they want to get from one place to another as quickly as possible. The third type of biker is attracted by the trip itself. They are passionate cyclists, enjoy the landscape while cycling and are willing to stop for a break to admire a place of unique beauty. Now we are making suggestions for routs based on the tips of local bike fans.<\/p>\n<p>On the roads you can encounter three different types of cyclists. There are people who simply use their bikes as mean of transport within the town. Other people are attracted by the sport performance, they want to get from one place to another as quickly as possible. The third type of biker is attracted by the trip itself. They are passionate cyclists, enjoy the landscape while cycling and are willing to stop for a break to admire a place of unique beauty. Now we are making suggestions for routs based on the tips of local bike fans.<\/p>\n<p><a href=\"\/en\/programok\/kerekpartura-30-km\" title=\"Bicycle Tour\">On this page<\/a> we are offering three different 30 km routes. The destination of the first one is <a href=\"\/en\/programok\/kardoskut\" title=\"Kardosk\u00fat\">Kardosk\u00fat-Pusztak\u00f6zpont<\/a>, and <a href=\"\/en\/programok\/kardoskuti-feherto\" title=\"White Lake\">White Lake<\/a>. The destination of the second route is Pusztaf\u00f6ldv\u00e1r, <a href=\"\/en\/programok\/tatarsanc\" title=\"Tat\u00e1rs\u00e1nc\">Tat\u00e1rs\u00e1nc<\/a>. The third route has K\u00e1rolyi Castle in Nagym\u00e1gocs as destination.<\/p>\n<p>For experienced cyclists we suggest routes on this page.  The route to do is 70 and 120 km long, they are one-day trips, starting point Orosh\u00e1za.<\/p>\n<p>Returning from our longer or shorter trips it is pleasant to have a refreshing bath in the open air pools of the <a href=\"\/en\/programok\/strandolas-gyoparosfurdon\" title=\"Park pools, beach\">spa<\/a>. And a final useful tip: the centre of the town and the spa is connected with a safe cycle lane.\n<\/div>\n","protected":false},"excerpt":{"rendered":"<p>Rolling on two whells on flat ground Orosh\u00e1za and its neighbouring area is a real paradise for cyclers. In the streets, on the roads we can meet plenty of cycling people. On top of that in the town there are &hellip; <a href=\"https:\/\/gyoparosfurdo-oroshaza.hu\/en\/programs\/for-cyclers\">Folytat\u00e1s <span class=\"meta-nav\">&rarr;<\/span><\/a><\/p>\n","protected":false},"author":6,"featured_media":0,"parent":26026,"menu_order":0,"comment_status":"closed","ping_status":"closed","template":"","meta":[],"_links":{"self":[{"href":"https:\/\/gyoparosfurdo-oroshaza.hu\/en\/wp-json\/wp\/v2\/pages\/26085"}],"collection":[{"href":"https:\/\/gyoparosfurdo-oroshaza.hu\/en\/wp-json\/wp\/v2\/pages"}],"about":[{"href":"https:\/\/gyoparosfurdo-oroshaza.hu\/en\/wp-json\/wp\/v2\/types\/page"}],"author":[{"embeddable":true,"href":"https:\/\/gyoparosfurdo-oroshaza.hu\/en\/wp-json\/wp\/v2\/users\/6"}],"replies":[{"embeddable":true,"href":"https:\/\/gyoparosfurdo-oroshaza.hu\/en\/wp-json\/wp\/v2\/comments?post=26085"}],"version-history":[{"count":0,"href":"https:\/\/gyoparosfurdo-oroshaza.hu\/en\/wp-json\/wp\/v2\/pages\/26085\/revisions"}],"up":[{"embeddable":true,"href":"https:\/\/gyoparosfurdo-oroshaza.hu\/en\/wp-json\/wp\/v2\/pages\/26026"}],"wp:attachment":[{"href":"https:\/\/gyoparosfurdo-oroshaza.hu\/en\/wp-json\/wp\/v2\/media?parent=26085"}],"curies":[{"name":"wp","href":"https:\/\/api.w.org\/{rel}","templated":true}]}}