{"id":26072,"date":"2012-04-13T12:13:10","date_gmt":"2012-04-13T10:13:10","guid":{"rendered":"https:\/\/gyoparosfurdo-oroshaza.hu\/for-anglers"},"modified":"2012-04-13T12:13:10","modified_gmt":"2012-04-13T11:13:10","slug":"for-anglers","status":"publish","type":"page","link":"https:\/\/gyoparosfurdo-oroshaza.hu\/en\/programs\/for-anglers","title":{"rendered":"for anglers"},"content":{"rendered":"<div class=\"topten_grid_container topten_page\"><div class=\"topten_grid_item\"><span class=\"h3\">Top programmes<\/span><a href=\"\/en\/programs\/for-a-weekend\" class=\"topten_for-a-weekend first\">for a weekend &raquo;<\/a><a href=\"\/en\/programs\/in-winter\" class=\"topten_in-winter\">in winter &raquo;<\/a><a href=\"\/en\/programs\/for-youngsters\" class=\"topten_for-youngsters first\">for youngsters &raquo;<\/a><a href=\"\/en\/programs\/for-couples\" class=\"topten_for-couples\">for couples &raquo;<\/a><a href=\"\/en\/programs\/by-car\" class=\"topten_by-car first\">by car &raquo;<\/a><a href=\"\/en\/programs\/for-culture-fans\" class=\"topten_for-culture-fans\">for culture fans &raquo;<\/a><a href=\"\/en\/programs\/1-week\" class=\"topten_1-week first\">for 1 week &raquo;<\/a><a href=\"\/en\/programs\/for-anglers\" class=\"topten_for-anglers active\">for anglers &raquo;<\/a><a href=\"\/en\/programs\/for-photographers\" class=\"topten_for-photographers first\">for photographers &raquo;<\/a><a href=\"\/en\/programs\/for-sports-fans\" class=\"topten_for-sports-fans\">for sports fans &raquo;<\/a><a href=\"\/en\/programs\/for-families\" class=\"topten_for-families first\">for families &raquo;<\/a><a href=\"\/en\/programs\/in-summer\" class=\"topten_in-summer\">in summer &raquo;<\/a><a href=\"\/en\/programs\/1-day\" class=\"topten_1-day first\">for 1 day &raquo;<\/a><a href=\"\/en\/programs\/for-cyclers\" class=\"topten_for-cyclers\">for cyclers &raquo;<\/a><\/div><a href=\"https:\/\/gyoparosfurdo-oroshaza.hu\/en\/programok\/strandolas-gyoparosfurdon\" title=\"Bathing in Gyop\u00e1rosf\u00fcrd\u0151\" class=\"topten_grid_item\"><span class=\"number\">1<\/span><img width=\"290\" height=\"230\" src=\"https:\/\/gyoparosfurdo-oroshaza.hu\/wp-content\/uploads\/2012\/04\/Strandol\u00e1s_gyoparosfurdon.jpg\" class=\"lazyload wp-post-image\" alt=\"\" loading=\"lazy\" \/><span class=\"title\">Bathing in Gyop\u00e1rosf\u00fcrd\u0151<\/span><span class=\"text\">Sport enthusiasts can have fun in the 50 meter swimming pool or learners\u2019 pool.<\/span><\/a><a href=\"https:\/\/gyoparosfurdo-oroshaza.hu\/en\/programok\/horgasztavak\" title=\"Fishing lakes\" class=\"topten_grid_item\"><span class=\"number\">2<\/span><img width=\"290\" height=\"230\" src=\"https:\/\/gyoparosfurdo-oroshaza.hu\/wp-content\/uploads\/2012\/04\/Horgasztavak.jpg\" class=\"lazyload wp-post-image\" alt=\"\" loading=\"lazy\" \/><span class=\"title\">Fishing lakes<\/span><span class=\"text\">B\u00e9k\u00e9s county offers plenty of fishing possibilities, ideal place for fans of fishing.<\/span><\/a><div class=\"clear\"><\/div><\/div>\n<div class=\"W560\">\n<span class=\"h3\">The great fi-fi-fi-fisherman out of hot water<\/span><\/p>\n<h2>B\u00e9k\u00e9s county and especially Orosh\u00e1za is a real Paradise for fans of fishing as a sport. But those who take to fishing only as a hobby will sit satisifed on their fishing chairs, too. <\/h2>\n<p>Orosh\u00e1za has some excellent <a href=\"\/programok\/horgasztavak\" title=\"Fishing lakes\">fishing lakes<\/a>. We highly recommend Southern Lake at Gyop\u00e1rso. It is open to the public from dawn to twilight, every day &#8211; except for Saturdays and holidays.<\/p>\n<h3>Sand Mine Lake<\/h3>\n<p><img loading=\"lazy\" src=\"\/wp-content\/uploads\/2012\/04\/horgaszas_oroshaza_illu2.jpg\" alt=\"Horg\u00e1sz az orosh\u00e1zi Homokb\u00e1nya tavon\" title=\"Fishing\" width=\"190\" height=\"152\" class=\"alignleft\" \/>This lake is a popular fishing spot among locals, but an increasing number of fans are coming from all over the country. The lake is under the protection of the local Kinizsi Fishing Club. On the banks of the lake can be found the guard house with detailed information about regulations and rules refering to the place. Species in the lake: carps, pikes, bass, catfish, grass carp, bream and perch. Location: Orosh\u00e1za, Szentesi road.<\/p>\n<h3>Lakes at the old brick factory<\/h3>\n<p>The place offers three different passtimes. Fishing in the lake rich of catfish. Daily tickets are available in the pub by the lake. The pub also offers basic fishing equipment and refreshments. For children a playground is provided. Outdoor cooking vessel is also provided. Location: Orosh\u00e1za, Gyop\u00e1rosi ugarok (fallow land) nr:6.<\/p>\n<h3>New sand mine<\/h3>\n<p>It is a place dedicated especially to fishing with boilies, to catching big fishes! At the weekends possibility for camping. The owners promise built fishing berths. Location: Orosh\u00e1za, Szentesi road.<\/p>\n<p>Lovers of rivers will find their amusement not far from Orosh\u00e1za. Favourite spots on the river K\u00f6r\u00f6s can be found at <a href=\"\/programok\/szarvas\" title=\"Szarvas\">Szarvas<\/a>, Gyomaendr\u0151d, B\u00e9k\u00e9sszentandr\u00e1s, K\u00f6r\u00f6starcsa, B\u00e9k\u00e9s, Gyula, Sarkad, Szeghalom. But if we have a look around in the neighbouring Csongr\u00e1d county we will find places like: Szentes, Csongr\u00e1d, H\u00f3dmez\u0151v\u00e1s\u00e1rhely, M\u00e1rt\u00e9ly, Szeged. These places are at short distance.<\/p>\n<p>Local shops provide you anything missing from your equipment.<\/p>\n<h3>Pictures<\/h3>\n\n<div class=\"ngg-galleryoverview\" id=\"ngg-gallery-42-26072\">\n\n\n\t\n\t<!-- Thumbnails -->\n\t\t\n\t<div id=\"ngg-image-332\" class=\"ngg-gallery-thumbnail-box\"  >\n\t\t<div class=\"ngg-gallery-thumbnail\" >\n\t\t\t<a href=\"https:\/\/gyoparosfurdo-oroshaza.hu\/wp-content\/gallery\/horgaszat\/homokbanya_1.jpg\" title=\"B\u00e9ke \/ Homokb\u00e1nya t\u00f3\" class=\"thickbox\" rel=\"set_42\" >\n\t\t\t\t\t\t\t\t<img title=\"B\u00e9ke \/ Homokb\u00e1nya t\u00f3\" alt=\"B\u00e9ke \/ Homokb\u00e1nya t\u00f3\" src=\"https:\/\/gyoparosfurdo-oroshaza.hu\/wp-content\/gallery\/horgaszat\/thumbs\/thumbs_homokbanya_1.jpg\" width=\"120\" height=\"95\" \/>\n\t\t\t\t\t\t\t<\/a>\n\t\t<\/div>\n\t<\/div>\n\t\n\t\t\n \t\t\n\t<div id=\"ngg-image-333\" class=\"ngg-gallery-thumbnail-box\"  >\n\t\t<div class=\"ngg-gallery-thumbnail\" >\n\t\t\t<a href=\"https:\/\/gyoparosfurdo-oroshaza.hu\/wp-content\/gallery\/horgaszat\/homokbanya_2.jpg\" title=\"B\u00e9ke \/ Homokb\u00e1nya t\u00f3 horg\u00e1szlesr\u0151l\" class=\"thickbox\" rel=\"set_42\" >\n\t\t\t\t\t\t\t\t<img title=\"B\u00e9ke \/ Homokb\u00e1nya t\u00f3 horg\u00e1szlesr\u0151l\" alt=\"B\u00e9ke \/ Homokb\u00e1nya t\u00f3 horg\u00e1szlesr\u0151l\" src=\"https:\/\/gyoparosfurdo-oroshaza.hu\/wp-content\/gallery\/horgaszat\/thumbs\/thumbs_homokbanya_2.jpg\" width=\"120\" height=\"95\" \/>\n\t\t\t\t\t\t\t<\/a>\n\t\t<\/div>\n\t<\/div>\n\t\n\t\t\n \t\t\n\t<div id=\"ngg-image-334\" class=\"ngg-gallery-thumbnail-box\"  >\n\t\t<div class=\"ngg-gallery-thumbnail\" >\n\t\t\t<a href=\"https:\/\/gyoparosfurdo-oroshaza.hu\/wp-content\/gallery\/horgaszat\/homokbanya_3.jpg\" title=\"B\u00e9ke \/ Homokb\u00e1nya t\u00f3 l\u00e1tk\u00e9p\" class=\"thickbox\" rel=\"set_42\" >\n\t\t\t\t\t\t\t\t<img title=\"B\u00e9ke \/ Homokb\u00e1nya t\u00f3 l\u00e1tk\u00e9p\" alt=\"B\u00e9ke \/ Homokb\u00e1nya t\u00f3 l\u00e1tk\u00e9p\" src=\"https:\/\/gyoparosfurdo-oroshaza.hu\/wp-content\/gallery\/horgaszat\/thumbs\/thumbs_homokbanya_3.jpg\" width=\"120\" height=\"95\" \/>\n\t\t\t\t\t\t\t<\/a>\n\t\t<\/div>\n\t<\/div>\n\t\n\t\t\n \t\t\n\t<div id=\"ngg-image-335\" class=\"ngg-gallery-thumbnail-box\"  >\n\t\t<div class=\"ngg-gallery-thumbnail\" >\n\t\t\t<a href=\"https:\/\/gyoparosfurdo-oroshaza.hu\/wp-content\/gallery\/horgaszat\/homokbanya_4.jpg\" title=\"B\u00e9ke \/ Homokb\u00e1nya t\u00f3 m\u00e1sik horg\u00e1szlesr\u0151l\" class=\"thickbox\" rel=\"set_42\" >\n\t\t\t\t\t\t\t\t<img title=\"B\u00e9ke \/ Homokb\u00e1nya t\u00f3 m\u00e1sik horg\u00e1szlesr\u0151l\" alt=\"B\u00e9ke \/ Homokb\u00e1nya t\u00f3 m\u00e1sik horg\u00e1szlesr\u0151l\" src=\"https:\/\/gyoparosfurdo-oroshaza.hu\/wp-content\/gallery\/horgaszat\/thumbs\/thumbs_homokbanya_4.jpg\" width=\"120\" height=\"95\" \/>\n\t\t\t\t\t\t\t<\/a>\n\t\t<\/div>\n\t<\/div>\n\t\n\t\t\n \t\t\n\t<div id=\"ngg-image-336\" class=\"ngg-gallery-thumbnail-box\"  >\n\t\t<div class=\"ngg-gallery-thumbnail\" >\n\t\t\t<a href=\"https:\/\/gyoparosfurdo-oroshaza.hu\/wp-content\/gallery\/horgaszat\/homokbanya_5.jpg\" title=\"B\u00e9ke \/ Homokb\u00e1nya t\u00f3 k\u00f3csaggal\" class=\"thickbox\" rel=\"set_42\" >\n\t\t\t\t\t\t\t\t<img title=\"B\u00e9ke \/ Homokb\u00e1nya t\u00f3 k\u00f3csaggal\" alt=\"B\u00e9ke \/ Homokb\u00e1nya t\u00f3 k\u00f3csaggal\" src=\"https:\/\/gyoparosfurdo-oroshaza.hu\/wp-content\/gallery\/horgaszat\/thumbs\/thumbs_homokbanya_5.jpg\" width=\"120\" height=\"95\" \/>\n\t\t\t\t\t\t\t<\/a>\n\t\t<\/div>\n\t<\/div>\n\t\n\t\t\n \t\t\n\t<div id=\"ngg-image-337\" class=\"ngg-gallery-thumbnail-box\"  >\n\t\t<div class=\"ngg-gallery-thumbnail\" >\n\t\t\t<a href=\"https:\/\/gyoparosfurdo-oroshaza.hu\/wp-content\/gallery\/horgaszat\/homokbanya_6.jpg\" title=\"B\u00e9ke \/ Homokb\u00e1nya t\u00f3 naplement\u00e9ben\" class=\"thickbox\" rel=\"set_42\" >\n\t\t\t\t\t\t\t\t<img title=\"B\u00e9ke \/ Homokb\u00e1nya t\u00f3 naplement\u00e9ben\" alt=\"B\u00e9ke \/ Homokb\u00e1nya t\u00f3 naplement\u00e9ben\" src=\"https:\/\/gyoparosfurdo-oroshaza.hu\/wp-content\/gallery\/horgaszat\/thumbs\/thumbs_homokbanya_6.jpg\" width=\"120\" height=\"95\" \/>\n\t\t\t\t\t\t\t<\/a>\n\t\t<\/div>\n\t<\/div>\n\t\n\t\t\n \t\t\n\t<div id=\"ngg-image-338\" class=\"ngg-gallery-thumbnail-box\"  >\n\t\t<div class=\"ngg-gallery-thumbnail\" >\n\t\t\t<a href=\"https:\/\/gyoparosfurdo-oroshaza.hu\/wp-content\/gallery\/horgaszat\/uj_homokbanya_1.jpg\" title=\"\u00daj homokb\u00e1nya ki\u00e9p\u00edtett horg\u00e1szles\" class=\"thickbox\" rel=\"set_42\" >\n\t\t\t\t\t\t\t\t<img title=\"\u00daj homokb\u00e1nya ki\u00e9p\u00edtett horg\u00e1szles \" alt=\"\u00daj homokb\u00e1nya ki\u00e9p\u00edtett horg\u00e1szles \" src=\"https:\/\/gyoparosfurdo-oroshaza.hu\/wp-content\/gallery\/horgaszat\/thumbs\/thumbs_uj_homokbanya_1.jpg\" width=\"120\" height=\"95\" \/>\n\t\t\t\t\t\t\t<\/a>\n\t\t<\/div>\n\t<\/div>\n\t\n\t\t\n \t\t\n\t<div id=\"ngg-image-339\" class=\"ngg-gallery-thumbnail-box\"  >\n\t\t<div class=\"ngg-gallery-thumbnail\" >\n\t\t\t<a href=\"https:\/\/gyoparosfurdo-oroshaza.hu\/wp-content\/gallery\/horgaszat\/uj_homokbanya_2.jpg\" title=\"\u00daj homokb\u00e1nya t\u00f3\" class=\"thickbox\" rel=\"set_42\" >\n\t\t\t\t\t\t\t\t<img title=\"\u00daj homokb\u00e1nya t\u00f3\" alt=\"\u00daj homokb\u00e1nya t\u00f3\" src=\"https:\/\/gyoparosfurdo-oroshaza.hu\/wp-content\/gallery\/horgaszat\/thumbs\/thumbs_uj_homokbanya_2.jpg\" width=\"120\" height=\"95\" \/>\n\t\t\t\t\t\t\t<\/a>\n\t\t<\/div>\n\t<\/div>\n\t\n\t\t\n \t \t\n\t<!-- Pagination -->\n \t<div class='ngg-clear'><\/div>\n \t\n<\/div>\n\n\n","protected":false},"excerpt":{"rendered":"<p>The great fi-fi-fi-fisherman out of hot water B\u00e9k\u00e9s county and especially Orosh\u00e1za is a real Paradise for fans of fishing as a sport. But those who take to fishing only as a hobby will sit satisifed on their fishing chairs, &hellip; <a href=\"https:\/\/gyoparosfurdo-oroshaza.hu\/en\/programs\/for-anglers\">Folytat\u00e1s <span class=\"meta-nav\">&rarr;<\/span><\/a><\/p>\n","protected":false},"author":6,"featured_media":0,"parent":26026,"menu_order":0,"comment_status":"closed","ping_status":"closed","template":"","meta":[],"_links":{"self":[{"href":"https:\/\/gyoparosfurdo-oroshaza.hu\/en\/wp-json\/wp\/v2\/pages\/26072"}],"collection":[{"href":"https:\/\/gyoparosfurdo-oroshaza.hu\/en\/wp-json\/wp\/v2\/pages"}],"about":[{"href":"https:\/\/gyoparosfurdo-oroshaza.hu\/en\/wp-json\/wp\/v2\/types\/page"}],"author":[{"embeddable":true,"href":"https:\/\/gyoparosfurdo-oroshaza.hu\/en\/wp-json\/wp\/v2\/users\/6"}],"replies":[{"embeddable":true,"href":"https:\/\/gyoparosfurdo-oroshaza.hu\/en\/wp-json\/wp\/v2\/comments?post=26072"}],"version-history":[{"count":0,"href":"https:\/\/gyoparosfurdo-oroshaza.hu\/en\/wp-json\/wp\/v2\/pages\/26072\/revisions"}],"up":[{"embeddable":true,"href":"https:\/\/gyoparosfurdo-oroshaza.hu\/en\/wp-json\/wp\/v2\/pages\/26026"}],"wp:attachment":[{"href":"https:\/\/gyoparosfurdo-oroshaza.hu\/en\/wp-json\/wp\/v2\/media?parent=26072"}],"curies":[{"name":"wp","href":"https:\/\/api.w.org\/{rel}","templated":true}]}}