{"id":26068,"date":"2012-04-13T12:12:46","date_gmt":"2012-04-13T10:12:46","guid":{"rendered":"https:\/\/gyoparosfurdo-oroshaza.hu\/for-a-weekend"},"modified":"2012-04-13T12:12:46","modified_gmt":"2012-04-13T11:12:46","slug":"for-a-weekend","status":"publish","type":"page","link":"https:\/\/gyoparosfurdo-oroshaza.hu\/en\/programs\/for-a-weekend","title":{"rendered":"for a weekend"},"content":{"rendered":"<div class=\"topten_grid_container topten_page\"><div class=\"topten_grid_item\"><span class=\"h3\">Top programmes<\/span><a href=\"\/en\/programs\/for-couples\" class=\"topten_for-couples first\">for couples &raquo;<\/a><a href=\"\/en\/programs\/by-car\" class=\"topten_by-car\">by car &raquo;<\/a><a href=\"\/en\/programs\/for-culture-fans\" class=\"topten_for-culture-fans first\">for culture fans &raquo;<\/a><a href=\"\/en\/programs\/1-week\" class=\"topten_1-week\">for 1 week &raquo;<\/a><a href=\"\/en\/programs\/for-anglers\" class=\"topten_for-anglers first\">for anglers &raquo;<\/a><a href=\"\/en\/programs\/for-photographers\" class=\"topten_for-photographers\">for photographers &raquo;<\/a><a href=\"\/en\/programs\/for-sports-fans\" class=\"topten_for-sports-fans first\">for sports fans &raquo;<\/a><a href=\"\/en\/programs\/for-families\" class=\"topten_for-families\">for families &raquo;<\/a><a href=\"\/en\/programs\/in-summer\" class=\"topten_in-summer first\">in summer &raquo;<\/a><a href=\"\/en\/programs\/1-day\" class=\"topten_1-day\">for 1 day &raquo;<\/a><a href=\"\/en\/programs\/for-cyclers\" class=\"topten_for-cyclers first\">for cyclers &raquo;<\/a><a href=\"\/en\/programs\/for-a-weekend\" class=\"topten_for-a-weekend active\">for a weekend &raquo;<\/a><a href=\"\/en\/programs\/in-winter\" class=\"topten_in-winter first\">in winter &raquo;<\/a><a href=\"\/en\/programs\/for-youngsters\" class=\"topten_for-youngsters\">for youngsters &raquo;<\/a><\/div><a href=\"https:\/\/gyoparosfurdo-oroshaza.hu\/en\/programok\/elmenyfurdozes-gyoparoson\" title=\"Gyop\u00e1ros Bathing Experience\" class=\"topten_grid_item\"><span class=\"number\">1<\/span><img width=\"290\" height=\"230\" src=\"https:\/\/gyoparosfurdo-oroshaza.hu\/wp-content\/uploads\/2012\/04\/elmenyfurdo_kiemelt.jpg\" class=\"lazyload wp-post-image\" alt=\"\" loading=\"lazy\" \/><span class=\"title\">Gyop\u00e1ros Bathing Experience<\/span><span class=\"text\">Fun and entertainment provided by the adventure pools at Gyop\u00e1ros.<\/span><\/a><a href=\"https:\/\/gyoparosfurdo-oroshaza.hu\/en\/programok\/strandolas-gyoparosfurdon\" title=\"Bathing in Gyop\u00e1rosf\u00fcrd\u0151\" class=\"topten_grid_item\"><span class=\"number\">2<\/span><img width=\"290\" height=\"230\" src=\"https:\/\/gyoparosfurdo-oroshaza.hu\/wp-content\/uploads\/2012\/04\/Strandol\u00e1s_gyoparosfurdon.jpg\" class=\"lazyload wp-post-image\" alt=\"\" loading=\"lazy\" \/><span class=\"title\">Bathing in Gyop\u00e1rosf\u00fcrd\u0151<\/span><span class=\"text\">Sport enthusiasts can have fun in the 50 meter swimming pool or learners\u2019 pool.<\/span><\/a><a href=\"https:\/\/gyoparosfurdo-oroshaza.hu\/en\/programok\/wellness-es-kenyeztetes\" title=\"Wellness and treat\" class=\"topten_grid_item\"><span class=\"number\">3<\/span><img width=\"290\" height=\"230\" src=\"https:\/\/gyoparosfurdo-oroshaza.hu\/wp-content\/uploads\/2012\/05\/3_Wellness.jpg\" class=\"lazyload wp-post-image\" alt=\"\" loading=\"lazy\" \/><span class=\"title\">Wellness and treat<\/span><span class=\"text\">The pampering services offered by Gyop\u00e1ros feel like a romantic touch.<\/span><\/a><a href=\"https:\/\/gyoparosfurdo-oroshaza.hu\/en\/programok\/ejszakai-furdozes\" title=\"Night bathing\" class=\"topten_grid_item\"><span class=\"number\">4<\/span><img width=\"290\" height=\"230\" src=\"https:\/\/gyoparosfurdo-oroshaza.hu\/wp-content\/uploads\/2012\/04\/4_Ejszakai_furdozes.jpg\" class=\"lazyload wp-post-image\" alt=\"\" loading=\"lazy\" \/><span class=\"title\">Night bathing<\/span><span class=\"text\">Night bathing in Gyop\u00e1rosf\u00fcrd\u0151 until midnight on saturdays.<\/span><\/a><a href=\"https:\/\/gyoparosfurdo-oroshaza.hu\/en\/programok\/ejszakai-elet-oroshazan\" title=\"Night life in Orosh\u00e1za\" class=\"topten_grid_item\"><span class=\"number\">5<\/span><img width=\"290\" height=\"230\" src=\"https:\/\/gyoparosfurdo-oroshaza.hu\/wp-content\/uploads\/2012\/04\/Ejszakai_elet.jpg\" class=\"lazyload wp-post-image\" alt=\"\" loading=\"lazy\" \/><span class=\"title\">Night life in Orosh\u00e1za<\/span><span class=\"text\">We can not compare local night life with big cities because it is apples and oranges. However, the town springs to life on Friday and Saturday evenings.<\/span><\/a><a href=\"https:\/\/gyoparosfurdo-oroshaza.hu\/en\/programok\/seta-oroshaza-belvarosaban\" title=\"Walking in Orosh\u00e1za downtown\" class=\"topten_grid_item\"><span class=\"number\">6<\/span><img width=\"290\" height=\"230\" src=\"https:\/\/gyoparosfurdo-oroshaza.hu\/wp-content\/uploads\/2012\/04\/belvarosi_seta_kiemelt.jpg\" class=\"lazyload wp-post-image\" alt=\"\" loading=\"lazy\" \/><span class=\"title\">Walking in Orosh\u00e1za downtown<\/span><span class=\"text\">We can get to know a town really well only by having a pleasant walk in its downtown area.<\/span><\/a><a href=\"https:\/\/gyoparosfurdo-oroshaza.hu\/en\/programok\/piaclatogatas-oroshazan\" title=\"Market - Orosh\u00e1za\" class=\"topten_grid_item\"><span class=\"number\">7<\/span><img width=\"290\" height=\"230\" src=\"https:\/\/gyoparosfurdo-oroshaza.hu\/wp-content\/uploads\/2012\/04\/Piac.jpg\" class=\"lazyload wp-post-image\" alt=\"\" loading=\"lazy\" \/><span class=\"title\">Market - Orosh\u00e1za<\/span><span class=\"text\">When you are in Orosh\u00e1za, do as the locals do During a holiday in Orosh\u00e1za it is worth visiting the local market.<\/span><\/a><a href=\"https:\/\/gyoparosfurdo-oroshaza.hu\/en\/programok\/kardoskuti-feherto\" title=\"White Lake at Kardosk\u00fat\" class=\"topten_grid_item\"><span class=\"number\">8<\/span><img width=\"290\" height=\"230\" src=\"https:\/\/gyoparosfurdo-oroshaza.hu\/wp-content\/uploads\/2012\/04\/24_Kardoskuti_feher_to.jpg\" class=\"lazyload wp-post-image\" alt=\"\" loading=\"lazy\" \/><span class=\"title\">White Lake at Kardosk\u00fat<\/span><span class=\"text\">White Lake at Kardosk\u00fat is a must-see for visitors spending their holiday at Orosh\u00e1za or its surroundings.<\/span><\/a><a href=\"https:\/\/gyoparosfurdo-oroshaza.hu\/en\/programok\/foter\" title=\"Renewed main square\" class=\"topten_grid_item\"><span class=\"number\">9<\/span><img width=\"290\" height=\"230\" src=\"https:\/\/gyoparosfurdo-oroshaza.hu\/wp-content\/uploads\/2012\/04\/seta_kiemelt.jpg\" class=\"lazyload wp-post-image\" alt=\"\" loading=\"lazy\" \/><span class=\"title\">Renewed main square<\/span><span class=\"text\">The Main City Square of the city Orosh\u00e1za, renewed in 2013.<\/span><\/a><div class=\"clear\"><\/div><\/div>\n<div class=\"W560\"><span class=\"h3\">An active and passive weekend breaks<\/span><\/p>\n<h2>Gyop\u00e1ros is the best choice both for an active and for a passive weekend break. You will surely be satisfied.<\/h2>\n<p>Your pleasant holiday is guaranteed by the calm, relaxing green surroundings and various opportunities for recreation and sport activities provided by the <a title=\"Park pools, beach\" href=\"https:\/\/gyoparosfurdo-oroshaza.hu\/en\/gyoparosfurdo\/park-and-outdoor-pools\">spa<\/a>,<a title=\"Thermal bath\" href=\"https:\/\/gyoparosfurdo-oroshaza.hu\/en\/gyoparosfurdo\/thermal-spa\"> thermal bath<\/a> and <a title=\"Adventure pools\" href=\"https:\/\/gyoparosfurdo-oroshaza.hu\/en\/gyoparosfurdo\/aquapark\">adventure pools<\/a> of Gyop\u00e1rosf\u00fcrd\u0151. The complexity was built east of Lake Gyop\u00e1ros, which is a lake system consisting of three interconnected lakes. The three lakes cover an area of 25 hectare and are surrounded by a 85 hectare park. The 30 hectare forest park is ideal place for walks, <a title=\"Jogging round the lake\" href=\"\/en\/programok\/futas-a-gyoparosi-to-korul\">jogging<\/a> or bicycle tours.<\/p>\n<p>It would take at least three days to explore all these things, for those who want more sights we recommend the attractions of the neighbouring area.<\/p>\n<p>First of all we should start our trip in Orosh\u00e1za. It is a small town with a population of 30\u00a0000 inhabitants. We can see the signs of industrialization and those of a <a title=\"Market - Orosh\u00e1za\" href=\"\/en\/programok\/piaclatogatas-oroshazan\">market<\/a> town as well. Starting from architecture, economy and culture \u2013 they reflect the signs of both styles. Fortunately they have melted into a pleasant mixture, making Orosh\u00e1za a nice town, where we can go for a walk. At the weekends, in the morning hours one of the must-sees is the market of local producers.<\/p>\n<p>Another tip for passing your time is a trip to White Lake in Kardosk\u00fat, situated at a distance of approximately 15 minutes by car from Orosh\u00e1za. It is a protected natural area, which is part of K\u00f6r\u00f6s-Maros National Park. The place is amazing due to its rich fauna and special birds.<\/p>\n<p>Of course we will not get bored even after sunset, as the town offers a wide variety of <a title=\"Night life in Orosh\u00e1za\" href=\"\/en\/programok\/ejszakai-elet-oroshazan\">opportunities for amusement<\/a>. We can take the advantages of a great night time bathing at Gyop\u00e1rosf\u00fcrd\u0151 or we can go to clubs and pubs, which offer music that is popular not only among teens.<\/p>\n<h3>Pictures<\/h3>\n\n<div class=\"ngg-galleryoverview\" id=\"ngg-gallery-44-26068\">\n\n\n\t\n\t<!-- Thumbnails -->\n\t\t\n\t<div id=\"ngg-image-967\" class=\"ngg-gallery-thumbnail-box\"  >\n\t\t<div class=\"ngg-gallery-thumbnail\" >\n\t\t\t<a href=\"https:\/\/gyoparosfurdo-oroshaza.hu\/wp-content\/gallery\/hetvege\/oroshaza-foter-2.jpg\" title=\"Orosh\u00e1za meg\u00fajult f\u0151tere\" class=\"thickbox\" rel=\"set_44\" >\n\t\t\t\t\t\t\t\t<img title=\"Orosh\u00e1za meg\u00fajult f\u0151tere\" alt=\"Orosh\u00e1za meg\u00fajult f\u0151tere\" src=\"https:\/\/gyoparosfurdo-oroshaza.hu\/wp-content\/gallery\/hetvege\/thumbs\/thumbs_oroshaza-foter-2.jpg\" width=\"120\" height=\"95\" \/>\n\t\t\t\t\t\t\t<\/a>\n\t\t<\/div>\n\t<\/div>\n\t\n\t\t\n \t\t\n\t<div id=\"ngg-image-968\" class=\"ngg-gallery-thumbnail-box\"  >\n\t\t<div class=\"ngg-gallery-thumbnail\" >\n\t\t\t<a href=\"https:\/\/gyoparosfurdo-oroshaza.hu\/wp-content\/gallery\/hetvege\/oroshaza-foter-gyerekek.jpg\" title=\"Orosh\u00e1za meg\u00fajult f\u0151tere\" class=\"thickbox\" rel=\"set_44\" >\n\t\t\t\t\t\t\t\t<img title=\"Orosh\u00e1za meg\u00fajult f\u0151tere\" alt=\"Orosh\u00e1za meg\u00fajult f\u0151tere\" src=\"https:\/\/gyoparosfurdo-oroshaza.hu\/wp-content\/gallery\/hetvege\/thumbs\/thumbs_oroshaza-foter-gyerekek.jpg\" width=\"120\" height=\"95\" \/>\n\t\t\t\t\t\t\t<\/a>\n\t\t<\/div>\n\t<\/div>\n\t\n\t\t\n \t\t\n\t<div id=\"ngg-image-964\" class=\"ngg-gallery-thumbnail-box\"  >\n\t\t<div class=\"ngg-gallery-thumbnail\" >\n\t\t\t<a href=\"https:\/\/gyoparosfurdo-oroshaza.hu\/wp-content\/gallery\/hetvege\/foter_ejszaka.jpg\" title=\"Orosh\u00e1za meg\u00fajult f\u0151tere \u00e9jszaka\" class=\"thickbox\" rel=\"set_44\" >\n\t\t\t\t\t\t\t\t<img title=\"Orosh\u00e1za meg\u00fajult f\u0151tere \u00e9jszaka\" alt=\"Orosh\u00e1za meg\u00fajult f\u0151tere \u00e9jszaka\" src=\"https:\/\/gyoparosfurdo-oroshaza.hu\/wp-content\/gallery\/hetvege\/thumbs\/thumbs_foter_ejszaka.jpg\" width=\"120\" height=\"95\" \/>\n\t\t\t\t\t\t\t<\/a>\n\t\t<\/div>\n\t<\/div>\n\t\n\t\t\n \t\t\n\t<div id=\"ngg-image-354\" class=\"ngg-gallery-thumbnail-box\"  >\n\t\t<div class=\"ngg-gallery-thumbnail\" >\n\t\t\t<a href=\"https:\/\/gyoparosfurdo-oroshaza.hu\/wp-content\/gallery\/hetvege\/hetvege_03.jpg\" title=\"A v\u00e1rosi piac az \u0151stermel\u0151k terepe\" class=\"thickbox\" rel=\"set_44\" >\n\t\t\t\t\t\t\t\t<img title=\"A v\u00e1rosi piac az \u0151stermel\u0151k terepe\" alt=\"A v\u00e1rosi piac az \u0151stermel\u0151k terepe\" src=\"https:\/\/gyoparosfurdo-oroshaza.hu\/wp-content\/gallery\/hetvege\/thumbs\/thumbs_hetvege_03.jpg\" width=\"120\" height=\"95\" \/>\n\t\t\t\t\t\t\t<\/a>\n\t\t<\/div>\n\t<\/div>\n\t\n\t\t\n \t\t\n\t<div id=\"ngg-image-962\" class=\"ngg-gallery-thumbnail-box\"  >\n\t\t<div class=\"ngg-gallery-thumbnail\" >\n\t\t\t<a href=\"https:\/\/gyoparosfurdo-oroshaza.hu\/wp-content\/gallery\/hetvege\/elmenyfurdo_levegobol.jpg\" title=\"Gyop\u00e1rosf\u00fcrd\u0151 a leveg\u0151b\u0151l\" class=\"thickbox\" rel=\"set_44\" >\n\t\t\t\t\t\t\t\t<img title=\"Gyop\u00e1rosf\u00fcrd\u0151 a leveg\u0151b\u0151l\" alt=\"Gyop\u00e1rosf\u00fcrd\u0151 a leveg\u0151b\u0151l\" src=\"https:\/\/gyoparosfurdo-oroshaza.hu\/wp-content\/gallery\/hetvege\/thumbs\/thumbs_elmenyfurdo_levegobol.jpg\" width=\"120\" height=\"95\" \/>\n\t\t\t\t\t\t\t<\/a>\n\t\t<\/div>\n\t<\/div>\n\t\n\t\t\n \t\t\n\t<div id=\"ngg-image-963\" class=\"ngg-gallery-thumbnail-box\"  >\n\t\t<div class=\"ngg-gallery-thumbnail\" >\n\t\t\t<a href=\"https:\/\/gyoparosfurdo-oroshaza.hu\/wp-content\/gallery\/hetvege\/elmenyfurdo_napsutes.jpg\" title=\"\u00c9lm\u00e9nyf\u00fcrd\u0151 naplement\u00e9vel\" class=\"thickbox\" rel=\"set_44\" >\n\t\t\t\t\t\t\t\t<img title=\"\u00c9lm\u00e9nyf\u00fcrd\u0151 naplement\u00e9vel\" alt=\"\u00c9lm\u00e9nyf\u00fcrd\u0151 naplement\u00e9vel\" src=\"https:\/\/gyoparosfurdo-oroshaza.hu\/wp-content\/gallery\/hetvege\/thumbs\/thumbs_elmenyfurdo_napsutes.jpg\" width=\"120\" height=\"95\" \/>\n\t\t\t\t\t\t\t<\/a>\n\t\t<\/div>\n\t<\/div>\n\t\n\t\t\n \t\t\n\t<div id=\"ngg-image-355\" class=\"ngg-gallery-thumbnail-box\"  >\n\t\t<div class=\"ngg-gallery-thumbnail\" >\n\t\t\t<a href=\"https:\/\/gyoparosfurdo-oroshaza.hu\/wp-content\/gallery\/hetvege\/hetvege_04.jpg\" title=\"A z\u00e1rt \u00e9lm\u00e9nyf\u00fcrd\u0151 rossz id\u0151ben is biztos c\u00e9l\" class=\"thickbox\" rel=\"set_44\" >\n\t\t\t\t\t\t\t\t<img title=\"A z\u00e1rt \u00e9lm\u00e9nyf\u00fcrd\u0151 rossz id\u0151ben is biztos c\u00e9l\" alt=\"A z\u00e1rt \u00e9lm\u00e9nyf\u00fcrd\u0151 rossz id\u0151ben is biztos c\u00e9l\" src=\"https:\/\/gyoparosfurdo-oroshaza.hu\/wp-content\/gallery\/hetvege\/thumbs\/thumbs_hetvege_04.jpg\" width=\"120\" height=\"95\" \/>\n\t\t\t\t\t\t\t<\/a>\n\t\t<\/div>\n\t<\/div>\n\t\n\t\t\n \t\t\n\t<div id=\"ngg-image-965\" class=\"ngg-gallery-thumbnail-box\"  >\n\t\t<div class=\"ngg-gallery-thumbnail\" >\n\t\t\t<a href=\"https:\/\/gyoparosfurdo-oroshaza.hu\/wp-content\/gallery\/hetvege\/gyoparosfurdo-gyogyfurdo.jpg\" title=\"A gyop\u00e1rosi gy\u00f3gyf\u00fcrd\u0151 \" class=\"thickbox\" rel=\"set_44\" >\n\t\t\t\t\t\t\t\t<img title=\"A gyop\u00e1rosi gy\u00f3gyf\u00fcrd\u0151 \" alt=\"A gyop\u00e1rosi gy\u00f3gyf\u00fcrd\u0151 \" src=\"https:\/\/gyoparosfurdo-oroshaza.hu\/wp-content\/gallery\/hetvege\/thumbs\/thumbs_gyoparosfurdo-gyogyfurdo.jpg\" width=\"120\" height=\"95\" \/>\n\t\t\t\t\t\t\t<\/a>\n\t\t<\/div>\n\t<\/div>\n\t\n\t\t\n \t\t\n\t<div id=\"ngg-image-966\" class=\"ngg-gallery-thumbnail-box\"  >\n\t\t<div class=\"ngg-gallery-thumbnail\" >\n\t\t\t<a href=\"https:\/\/gyoparosfurdo-oroshaza.hu\/wp-content\/gallery\/hetvege\/gyoparosfurdo-szauna-2.jpg\" title=\"Szaunapark\" class=\"thickbox\" rel=\"set_44\" >\n\t\t\t\t\t\t\t\t<img title=\"Szaunapark\" alt=\"Szaunapark\" src=\"https:\/\/gyoparosfurdo-oroshaza.hu\/wp-content\/gallery\/hetvege\/thumbs\/thumbs_gyoparosfurdo-szauna-2.jpg\" width=\"120\" height=\"95\" \/>\n\t\t\t\t\t\t\t<\/a>\n\t\t<\/div>\n\t<\/div>\n\t\n\t\t\n \t\t\n\t<div id=\"ngg-image-356\" class=\"ngg-gallery-thumbnail-box\"  >\n\t\t<div class=\"ngg-gallery-thumbnail\" >\n\t\t\t<a href=\"https:\/\/gyoparosfurdo-oroshaza.hu\/wp-content\/gallery\/hetvege\/hetvege_05.jpg\" title=\"Az \u00e9lm\u00e9nyf\u00fcrd\u0151 cs\u00faszd\u00e1i senkit nem hagynak hidegen\" class=\"thickbox\" rel=\"set_44\" >\n\t\t\t\t\t\t\t\t<img title=\"Az \u00e9lm\u00e9nyf\u00fcrd\u0151 cs\u00faszd\u00e1i senkit nem hagynak hidegen\" alt=\"Az \u00e9lm\u00e9nyf\u00fcrd\u0151 cs\u00faszd\u00e1i senkit nem hagynak hidegen\" src=\"https:\/\/gyoparosfurdo-oroshaza.hu\/wp-content\/gallery\/hetvege\/thumbs\/thumbs_hetvege_05.jpg\" width=\"120\" height=\"95\" \/>\n\t\t\t\t\t\t\t<\/a>\n\t\t<\/div>\n\t<\/div>\n\t\n\t\t\n \t\t\n\t<div id=\"ngg-image-357\" class=\"ngg-gallery-thumbnail-box\"  >\n\t\t<div class=\"ngg-gallery-thumbnail\" >\n\t\t\t<a href=\"https:\/\/gyoparosfurdo-oroshaza.hu\/wp-content\/gallery\/hetvege\/hetvege_06.jpg\" title=\"A z\u00f6ld Parkf\u00fcrd\u0151ben 50 m\u00e9teres, hideg viz\u0171 sportmedence v\u00e1r\" class=\"thickbox\" rel=\"set_44\" >\n\t\t\t\t\t\t\t\t<img title=\"A z\u00f6ld Parkf\u00fcrd\u0151ben 50 m\u00e9teres, hideg viz\u0171 sportmedence v\u00e1r\" alt=\"A z\u00f6ld Parkf\u00fcrd\u0151ben 50 m\u00e9teres, hideg viz\u0171 sportmedence v\u00e1r\" src=\"https:\/\/gyoparosfurdo-oroshaza.hu\/wp-content\/gallery\/hetvege\/thumbs\/thumbs_hetvege_06.jpg\" width=\"120\" height=\"95\" \/>\n\t\t\t\t\t\t\t<\/a>\n\t\t<\/div>\n\t<\/div>\n\t\n\t\t\n \t\t\n\t<div id=\"ngg-image-359\" class=\"ngg-gallery-thumbnail-box\"  >\n\t\t<div class=\"ngg-gallery-thumbnail\" >\n\t\t\t<a href=\"https:\/\/gyoparosfurdo-oroshaza.hu\/wp-content\/gallery\/hetvege\/hetvege_08.jpg\" title=\"Parkf\u00fcrd\u0151: k\u00e9nyelmesen a szabad \u00e9g alatt\" class=\"thickbox\" rel=\"set_44\" >\n\t\t\t\t\t\t\t\t<img title=\"Parkf\u00fcrd\u0151: k\u00e9nyelmesen a szabad \u00e9g alatt\" alt=\"Parkf\u00fcrd\u0151: k\u00e9nyelmesen a szabad \u00e9g alatt\" src=\"https:\/\/gyoparosfurdo-oroshaza.hu\/wp-content\/gallery\/hetvege\/thumbs\/thumbs_hetvege_08.jpg\" width=\"120\" height=\"95\" \/>\n\t\t\t\t\t\t\t<\/a>\n\t\t<\/div>\n\t<\/div>\n\t\n\t\t\n \t\t\n\t<div id=\"ngg-image-360\" class=\"ngg-gallery-thumbnail-box\"  >\n\t\t<div class=\"ngg-gallery-thumbnail\" >\n\t\t\t<a href=\"https:\/\/gyoparosfurdo-oroshaza.hu\/wp-content\/gallery\/hetvege\/hetvege_09.jpg\" title=\"Fut\u00e1s a t\u00f3 k\u00f6r\u00fcl: fens\u00e9ges panor\u00e1ma fogad\" class=\"thickbox\" rel=\"set_44\" >\n\t\t\t\t\t\t\t\t<img title=\"Fut\u00e1s a t\u00f3 k\u00f6r\u00fcl: fens\u00e9ges panor\u00e1ma fogad\" alt=\"Fut\u00e1s a t\u00f3 k\u00f6r\u00fcl: fens\u00e9ges panor\u00e1ma fogad\" src=\"https:\/\/gyoparosfurdo-oroshaza.hu\/wp-content\/gallery\/hetvege\/thumbs\/thumbs_hetvege_09.jpg\" width=\"120\" height=\"95\" \/>\n\t\t\t\t\t\t\t<\/a>\n\t\t<\/div>\n\t<\/div>\n\t\n\t\t\n \t\t\n\t<div id=\"ngg-image-361\" class=\"ngg-gallery-thumbnail-box\"  >\n\t\t<div class=\"ngg-gallery-thumbnail\" >\n\t\t\t<a href=\"https:\/\/gyoparosfurdo-oroshaza.hu\/wp-content\/gallery\/hetvege\/hetvege_10.jpg\" title=\"A gyop\u00e1rosi f\u00fcrd\u0151t \u00f3ri\u00e1si park \u00f6leli k\u00f6rbe\" class=\"thickbox\" rel=\"set_44\" >\n\t\t\t\t\t\t\t\t<img title=\"A gyop\u00e1rosi f\u00fcrd\u0151t \u00f3ri\u00e1si park \u00f6leli k\u00f6rbe\" alt=\"A gyop\u00e1rosi f\u00fcrd\u0151t \u00f3ri\u00e1si park \u00f6leli k\u00f6rbe\" src=\"https:\/\/gyoparosfurdo-oroshaza.hu\/wp-content\/gallery\/hetvege\/thumbs\/thumbs_hetvege_10.jpg\" width=\"120\" height=\"95\" \/>\n\t\t\t\t\t\t\t<\/a>\n\t\t<\/div>\n\t<\/div>\n\t\n\t\t\n \t\t\n\t<div id=\"ngg-image-362\" class=\"ngg-gallery-thumbnail-box\"  >\n\t\t<div class=\"ngg-gallery-thumbnail\" >\n\t\t\t<a href=\"https:\/\/gyoparosfurdo-oroshaza.hu\/wp-content\/gallery\/hetvege\/hetvege_11.jpg\" title=\"A kardosk\u00fati Feh\u00e9rt\u00f3 fens\u00e9ge l\u00e1tv\u00e1nya\" class=\"thickbox\" rel=\"set_44\" >\n\t\t\t\t\t\t\t\t<img title=\"A kardosk\u00fati Feh\u00e9rt\u00f3 fens\u00e9ge l\u00e1tv\u00e1nya\" alt=\"A kardosk\u00fati Feh\u00e9rt\u00f3 fens\u00e9ge l\u00e1tv\u00e1nya\" src=\"https:\/\/gyoparosfurdo-oroshaza.hu\/wp-content\/gallery\/hetvege\/thumbs\/thumbs_hetvege_11.jpg\" width=\"120\" height=\"95\" \/>\n\t\t\t\t\t\t\t<\/a>\n\t\t<\/div>\n\t<\/div>\n\t\n\t\t\n \t\t\n\t<div id=\"ngg-image-363\" class=\"ngg-gallery-thumbnail-box\"  >\n\t\t<div class=\"ngg-gallery-thumbnail\" >\n\t\t\t<a href=\"https:\/\/gyoparosfurdo-oroshaza.hu\/wp-content\/gallery\/hetvege\/hetvege_12.jpg\" title=\"Az alf\u00f6ld v\u00e9gtelenje Feh\u00e9rt\u00f3n\" class=\"thickbox\" rel=\"set_44\" >\n\t\t\t\t\t\t\t\t<img title=\"Az alf\u00f6ld v\u00e9gtelenje Feh\u00e9rt\u00f3n\" alt=\"Az alf\u00f6ld v\u00e9gtelenje Feh\u00e9rt\u00f3n\" src=\"https:\/\/gyoparosfurdo-oroshaza.hu\/wp-content\/gallery\/hetvege\/thumbs\/thumbs_hetvege_12.jpg\" width=\"120\" height=\"95\" \/>\n\t\t\t\t\t\t\t<\/a>\n\t\t<\/div>\n\t<\/div>\n\t\n\t\t\n \t \t\n\t<!-- Pagination -->\n \t<div class='ngg-clear'><\/div>\n \t\n<\/div>\n\n\n<\/div>\n","protected":false},"excerpt":{"rendered":"<p>An active and passive weekend breaks Gyop\u00e1ros is the best choice both for an active and for a passive weekend break. You will surely be satisfied. Your pleasant holiday is guaranteed by the calm, relaxing green surroundings and various opportunities &hellip; <a href=\"https:\/\/gyoparosfurdo-oroshaza.hu\/en\/programs\/for-a-weekend\">Folytat\u00e1s <span class=\"meta-nav\">&rarr;<\/span><\/a><\/p>\n","protected":false},"author":6,"featured_media":0,"parent":26026,"menu_order":0,"comment_status":"closed","ping_status":"closed","template":"","meta":[],"_links":{"self":[{"href":"https:\/\/gyoparosfurdo-oroshaza.hu\/en\/wp-json\/wp\/v2\/pages\/26068"}],"collection":[{"href":"https:\/\/gyoparosfurdo-oroshaza.hu\/en\/wp-json\/wp\/v2\/pages"}],"about":[{"href":"https:\/\/gyoparosfurdo-oroshaza.hu\/en\/wp-json\/wp\/v2\/types\/page"}],"author":[{"embeddable":true,"href":"https:\/\/gyoparosfurdo-oroshaza.hu\/en\/wp-json\/wp\/v2\/users\/6"}],"replies":[{"embeddable":true,"href":"https:\/\/gyoparosfurdo-oroshaza.hu\/en\/wp-json\/wp\/v2\/comments?post=26068"}],"version-history":[{"count":0,"href":"https:\/\/gyoparosfurdo-oroshaza.hu\/en\/wp-json\/wp\/v2\/pages\/26068\/revisions"}],"up":[{"embeddable":true,"href":"https:\/\/gyoparosfurdo-oroshaza.hu\/en\/wp-json\/wp\/v2\/pages\/26026"}],"wp:attachment":[{"href":"https:\/\/gyoparosfurdo-oroshaza.hu\/en\/wp-json\/wp\/v2\/media?parent=26068"}],"curies":[{"name":"wp","href":"https:\/\/api.w.org\/{rel}","templated":true}]}}