{"id":26064,"date":"2012-04-13T12:12:05","date_gmt":"2012-04-13T10:12:05","guid":{"rendered":"https:\/\/gyoparosfurdo-oroshaza.hu\/for-photographers"},"modified":"2012-04-13T12:12:05","modified_gmt":"2012-04-13T11:12:05","slug":"for-photographers","status":"publish","type":"page","link":"https:\/\/gyoparosfurdo-oroshaza.hu\/en\/programs\/for-photographers","title":{"rendered":"for photographers"},"content":{"rendered":"<div class=\"topten_grid_container topten_page\"><div class=\"topten_grid_item\"><span class=\"h3\">Top programmes<\/span><a href=\"\/en\/programs\/for-a-weekend\" class=\"topten_for-a-weekend first\">for a weekend &raquo;<\/a><a href=\"\/en\/programs\/in-winter\" class=\"topten_in-winter\">in winter &raquo;<\/a><a href=\"\/en\/programs\/for-youngsters\" class=\"topten_for-youngsters first\">for youngsters &raquo;<\/a><a href=\"\/en\/programs\/for-couples\" class=\"topten_for-couples\">for couples &raquo;<\/a><a href=\"\/en\/programs\/by-car\" class=\"topten_by-car first\">by car &raquo;<\/a><a href=\"\/en\/programs\/for-culture-fans\" class=\"topten_for-culture-fans\">for culture fans &raquo;<\/a><a href=\"\/en\/programs\/1-week\" class=\"topten_1-week first\">for 1 week &raquo;<\/a><a href=\"\/en\/programs\/for-anglers\" class=\"topten_for-anglers\">for anglers &raquo;<\/a><a href=\"\/en\/programs\/for-photographers\" class=\"topten_for-photographers first active\">for photographers &raquo;<\/a><a href=\"\/en\/programs\/for-sports-fans\" class=\"topten_for-sports-fans\">for sports fans &raquo;<\/a><a href=\"\/en\/programs\/for-families\" class=\"topten_for-families first\">for families &raquo;<\/a><a href=\"\/en\/programs\/in-summer\" class=\"topten_in-summer\">in summer &raquo;<\/a><a href=\"\/en\/programs\/1-day\" class=\"topten_1-day first\">for 1 day &raquo;<\/a><a href=\"\/en\/programs\/for-cyclers\" class=\"topten_for-cyclers\">for cyclers &raquo;<\/a><\/div><a href=\"https:\/\/gyoparosfurdo-oroshaza.hu\/en\/programok\/a-puszta-telen\" title=\"The lowland Puszta in Winter\" class=\"topten_grid_item\"><span class=\"number\">1<\/span><img width=\"290\" height=\"230\" src=\"https:\/\/gyoparosfurdo-oroshaza.hu\/wp-content\/uploads\/2012\/04\/A_puszta_telen.jpg\" class=\"lazyload wp-post-image\" alt=\"\" loading=\"lazy\" \/><span class=\"title\">The lowland Puszta in Winter<\/span><span class=\"text\">The lowland Puszta attracts visitors not only during the hot summer months with temperatures reaching 34-36\u00b0C, but in winter time as well.<\/span><\/a><a href=\"https:\/\/gyoparosfurdo-oroshaza.hu\/en\/programok\/panorama-kilato\" title=\"Panor\u00e1ma lookout tower\" class=\"topten_grid_item\"><span class=\"number\">2<\/span><img width=\"290\" height=\"230\" src=\"https:\/\/gyoparosfurdo-oroshaza.hu\/wp-content\/uploads\/2012\/04\/Panorama_kilato.jpg\" class=\"lazyload wp-post-image\" alt=\"\" loading=\"lazy\" \/><span class=\"title\">Panor\u00e1ma lookout tower<\/span><span class=\"text\">The Panor\u00e1ma lookout tower is one of the attractions of Orosh\u00e1za and Gyop\u00e1rosf\u00fcrd\u0151.<\/span><\/a><a href=\"https:\/\/gyoparosfurdo-oroshaza.hu\/en\/programok\/tortenelmi-emlekpark\" title=\"Historical Memorial Park\" class=\"topten_grid_item\"><span class=\"number\">3<\/span><img width=\"290\" height=\"230\" src=\"https:\/\/gyoparosfurdo-oroshaza.hu\/wp-content\/uploads\/2012\/04\/Tortenelmi_Emlekpark.jpg\" class=\"lazyload wp-post-image\" alt=\"\" loading=\"lazy\" \/><span class=\"title\">Historical Memorial Park<\/span><span class=\"text\">In the square in front of the T\u00e1ncsics Secondary School, there is a Historical Memorial Park, the work of Tibor Szerv\u00e1tiusz.<\/span><\/a><a href=\"https:\/\/gyoparosfurdo-oroshaza.hu\/en\/programok\/oroshazi-templomok\" title=\"Churches in Orosh\u00e1za\" class=\"topten_grid_item\"><span class=\"number\">4<\/span><img width=\"290\" height=\"230\" src=\"https:\/\/gyoparosfurdo-oroshaza.hu\/wp-content\/uploads\/2012\/04\/Oroshazi_templomok.jpg\" class=\"lazyload wp-post-image\" alt=\"\" loading=\"lazy\" \/><span class=\"title\">Churches in Orosh\u00e1za<\/span><span class=\"text\">The only monument of the town is the Lutheran Church constructed in late baroque style.<\/span><\/a><a href=\"https:\/\/gyoparosfurdo-oroshaza.hu\/en\/programok\/oroshazi-szobortura\" title=\"Sculpture tour in Orosh\u00e1za\" class=\"topten_grid_item\"><span class=\"number\">5<\/span><img width=\"290\" height=\"230\" src=\"https:\/\/gyoparosfurdo-oroshaza.hu\/wp-content\/uploads\/2012\/04\/Oroshazi_szobortura.jpg\" class=\"lazyload wp-post-image\" alt=\"\" loading=\"lazy\" \/><span class=\"title\">Sculpture tour in Orosh\u00e1za<\/span><span class=\"text\">Let\u2019s start our sightseeing tour at Vilmos Gy\u0151ri square, where we can see the statue of Saint Stephen,the first Hungarian King\u2019s statue.<\/span><\/a><a href=\"https:\/\/gyoparosfurdo-oroshaza.hu\/en\/programok\/kardoskuti-feherto\" title=\"White Lake at Kardosk\u00fat\" class=\"topten_grid_item\"><span class=\"number\">6<\/span><img width=\"290\" height=\"230\" src=\"https:\/\/gyoparosfurdo-oroshaza.hu\/wp-content\/uploads\/2012\/04\/24_Kardoskuti_feher_to.jpg\" class=\"lazyload wp-post-image\" alt=\"\" loading=\"lazy\" \/><span class=\"title\">White Lake at Kardosk\u00fat<\/span><span class=\"text\">White Lake at Kardosk\u00fat is a must-see for visitors spending their holiday at Orosh\u00e1za or its surroundings.<\/span><\/a><div class=\"clear\"><\/div><\/div>\n<div class=\"W560\">\n<span class=\"h3\">To photographers: record orosh\u00e1za and its surroundings!<\/span><\/p>\n<h2>There are different types of photographers: there are lovers of nature photography, others are fond of taking pictures of buildings, while others are interested in social documentary photography.<\/h2>\n<p>If you take your camera with you for your holiday, we have a few tips for each type of photographer<\/p>\n<p>Natural values of Great Plain do not need any more presentation, we have discussed them in details on other pages. The flora and fauna of the region offers good subject either in winter or in summer time. No wonder Bence M\u00e1t\u00e9, one of the best professional wildlife photographer lives in the Great Plain area, at a distance of 100 km from Orosh\u00e1za.<\/p>\n<p>Now let\u2019s see some useful tips from professional photographers: the first area to be shot is the Gyop\u00e1ros lake system and the surrounding area. Another challenging place is the K\u00f6r\u00f6s-Maros National Park with its protected areas at Kardosk\u00fat, Szarvas, D\u00e9vav\u00e1nya, Szabadk\u00edgy\u00f3s. These places have unique geographical, ornithological and biological values that indicate high level of protection.<a href=\"\/en\/programok\/kardoskuti-feherto\" title=\"White Lake at Kardosk\u00fat\">  White Lake at Kardosk\u00fat<\/a> is situated at a distance of 10-15 minutes from Orosh\u00e1za. Of course we should mention the Arboretum of Szarvas. If you are interested in the flora and fauna of wild waters, then our rivers: Black-, White-, Double- and Triple-K\u00f6r\u00f6s will offer perfect themes to you. Photographers may be attracted by the beauty of S\u00e1rr\u00e9t, Sz\u00e1raz \u00e9r and Park of Mez\u0151hegyes.<a href=\"http:\/\/gyoparosfurdo-oroshaza.hu\/en\/programok\/szarvas\" title=\"Szarvas\"><\/a><a href=\"\/en\/programok\/piaclatogatas-oroshazan\" title=\"Market - Orosh\u00e1za\"><\/a><\/p>\n<p>Apart from natural beauties Orosh\u00e1za is rich of monuments, too. Numerous churches and statues will catch the eyes of photographers. But if you have possibility to travel let\u2019s go to<br \/>\n<a href=\"\/en\/programok\/gyula\" title=\"Gyula\">Gyula<\/a>\u00a0and Szarvas, town that is called Athens of the K\u00f6r\u00f6s river. At Gyula the castle and the buildings of the old town, the D\u00fcrer and Erkel memorial houses are top attractions. We also have to mention the tradition preserving houses at \u00a0<a href=\"\/en\/programok\/totkomlos\" title=\"T\u00f3tkoml\u00f3s\">T\u00f3tkoml\u00f3s<\/a>,\u00a0<a href=\"\/en\/programok\/bekescsaba\" title=\"B\u00e9k\u00e9scsaba\">B\u00e9k\u00e9scsaba<\/a>, Elek, Battonya, M\u00e9hker\u00e9k. Reliques of national identities.<\/p>\n<p>And last but not least the social photographer:<a href=\"\/en\/programok\/seta-oroshaza-belvarosaban\" title=\"Walking in Orosh\u00e1za downtown\"> go for a walk in the town<\/a>, observe the local people, go to the market, have a coffee in a bar or in a pub. If you are watching carefully you can catch the most of it, the real essential features of local people.<\/p>\n<h3>Pictures<\/h3>\n\n<div class=\"ngg-galleryoverview\" id=\"ngg-gallery-19-26064\">\n\n\n\t\n\t<!-- Thumbnails -->\n\t\t\n\t<div id=\"ngg-image-73\" class=\"ngg-gallery-thumbnail-box\"  >\n\t\t<div class=\"ngg-gallery-thumbnail\" >\n\t\t\t<a href=\"https:\/\/gyoparosfurdo-oroshaza.hu\/wp-content\/gallery\/foto\/foto_01.jpg\" title=\"A Gyop\u00e1rosi t\u00f3 k\u00f6rny\u00e9ke kiv\u00e1l\u00f3 terep a term\u00e9szetfot\u00f3z\u00e1shoz\" class=\"thickbox\" rel=\"set_19\" >\n\t\t\t\t\t\t\t\t<img title=\"Fot\u00f3z\u00e1s: v\u00edz \u00e9s term\u00e9szet\" alt=\"Fot\u00f3z\u00e1s: v\u00edz \u00e9s term\u00e9szet\" src=\"https:\/\/gyoparosfurdo-oroshaza.hu\/wp-content\/gallery\/foto\/thumbs\/thumbs_foto_01.jpg\" width=\"120\" height=\"95\" \/>\n\t\t\t\t\t\t\t<\/a>\n\t\t<\/div>\n\t<\/div>\n\t\n\t\t\n \t\t\n\t<div id=\"ngg-image-74\" class=\"ngg-gallery-thumbnail-box\"  >\n\t\t<div class=\"ngg-gallery-thumbnail\" >\n\t\t\t<a href=\"https:\/\/gyoparosfurdo-oroshaza.hu\/wp-content\/gallery\/foto\/foto_02.jpg\" title=\"A Gyop\u00e1rosi t\u00f3 k\u00f6rny\u00e9ke kiv\u00e1l\u00f3 terep a term\u00e9szetfot\u00f3z\u00e1shoz\" class=\"thickbox\" rel=\"set_19\" >\n\t\t\t\t\t\t\t\t<img title=\"Fot\u00f3z\u00e1s: Gyop\u00e1rosi t\u00f3 n\u00e1ddal\" alt=\"Fot\u00f3z\u00e1s: Gyop\u00e1rosi t\u00f3 n\u00e1ddal\" src=\"https:\/\/gyoparosfurdo-oroshaza.hu\/wp-content\/gallery\/foto\/thumbs\/thumbs_foto_02.jpg\" width=\"120\" height=\"95\" \/>\n\t\t\t\t\t\t\t<\/a>\n\t\t<\/div>\n\t<\/div>\n\t\n\t\t\n \t\t\n\t<div id=\"ngg-image-75\" class=\"ngg-gallery-thumbnail-box\"  >\n\t\t<div class=\"ngg-gallery-thumbnail\" >\n\t\t\t<a href=\"https:\/\/gyoparosfurdo-oroshaza.hu\/wp-content\/gallery\/foto\/foto_03.jpg\" title=\"A Gyop\u00e1rosi t\u00f3 k\u00f6rny\u00e9ke kiv\u00e1l\u00f3 terep a term\u00e9szetfot\u00f3z\u00e1shoz\" class=\"thickbox\" rel=\"set_19\" >\n\t\t\t\t\t\t\t\t<img title=\"Fot\u00f3z\u00e1s: Gyop\u00e1rosi t\u00f3 n\u00e1ddal\" alt=\"Fot\u00f3z\u00e1s: Gyop\u00e1rosi t\u00f3 n\u00e1ddal\" src=\"https:\/\/gyoparosfurdo-oroshaza.hu\/wp-content\/gallery\/foto\/thumbs\/thumbs_foto_03.jpg\" width=\"120\" height=\"95\" \/>\n\t\t\t\t\t\t\t<\/a>\n\t\t<\/div>\n\t<\/div>\n\t\n\t\t\n \t\t\n\t<div id=\"ngg-image-76\" class=\"ngg-gallery-thumbnail-box\"  >\n\t\t<div class=\"ngg-gallery-thumbnail\" >\n\t\t\t<a href=\"https:\/\/gyoparosfurdo-oroshaza.hu\/wp-content\/gallery\/foto\/foto_04.jpg\" title=\"A Gyop\u00e1rosi t\u00f3 k\u00f6rny\u00e9ke kiv\u00e1l\u00f3 terep a term\u00e9szetfot\u00f3z\u00e1shoz\" class=\"thickbox\" rel=\"set_19\" >\n\t\t\t\t\t\t\t\t<img title=\"Fot\u00f3z\u00e1s: n\u00e1d makr\u00f3fot\u00f3\" alt=\"Fot\u00f3z\u00e1s: n\u00e1d makr\u00f3fot\u00f3\" src=\"https:\/\/gyoparosfurdo-oroshaza.hu\/wp-content\/gallery\/foto\/thumbs\/thumbs_foto_04.jpg\" width=\"120\" height=\"95\" \/>\n\t\t\t\t\t\t\t<\/a>\n\t\t<\/div>\n\t<\/div>\n\t\n\t\t\n \t\t\n\t<div id=\"ngg-image-77\" class=\"ngg-gallery-thumbnail-box\"  >\n\t\t<div class=\"ngg-gallery-thumbnail\" >\n\t\t\t<a href=\"https:\/\/gyoparosfurdo-oroshaza.hu\/wp-content\/gallery\/foto\/foto_05.jpg\" title=\"A Gyop\u00e1rosi t\u00f3 k\u00f6rny\u00e9ke kiv\u00e1l\u00f3 terep a term\u00e9szetfot\u00f3z\u00e1shoz\" class=\"thickbox\" rel=\"set_19\" >\n\t\t\t\t\t\t\t\t<img title=\"Fot\u00f3z\u00e1s: n\u00e1d b\u00e9kany\u00e1llal\" alt=\"Fot\u00f3z\u00e1s: n\u00e1d b\u00e9kany\u00e1llal\" src=\"https:\/\/gyoparosfurdo-oroshaza.hu\/wp-content\/gallery\/foto\/thumbs\/thumbs_foto_05.jpg\" width=\"120\" height=\"95\" \/>\n\t\t\t\t\t\t\t<\/a>\n\t\t<\/div>\n\t<\/div>\n\t\n\t\t\n \t\t\n\t<div id=\"ngg-image-78\" class=\"ngg-gallery-thumbnail-box\"  >\n\t\t<div class=\"ngg-gallery-thumbnail\" >\n\t\t\t<a href=\"https:\/\/gyoparosfurdo-oroshaza.hu\/wp-content\/gallery\/foto\/foto_06.jpg\" title=\"A strandon is sok \u00e9rdekes fot\u00f3t\u00e9ma fogad\" class=\"thickbox\" rel=\"set_19\" >\n\t\t\t\t\t\t\t\t<img title=\"Fot\u00f3z\u00e1s: v\u00edzibiciklik\" alt=\"Fot\u00f3z\u00e1s: v\u00edzibiciklik\" src=\"https:\/\/gyoparosfurdo-oroshaza.hu\/wp-content\/gallery\/foto\/thumbs\/thumbs_foto_06.jpg\" width=\"120\" height=\"95\" \/>\n\t\t\t\t\t\t\t<\/a>\n\t\t<\/div>\n\t<\/div>\n\t\n\t\t\n \t\t\n\t<div id=\"ngg-image-79\" class=\"ngg-gallery-thumbnail-box\"  >\n\t\t<div class=\"ngg-gallery-thumbnail\" >\n\t\t\t<a href=\"https:\/\/gyoparosfurdo-oroshaza.hu\/wp-content\/gallery\/foto\/foto_07.jpg\" title=\"A strandon is sok \u00e9rdekes fot\u00f3t\u00e9ma fogad\" class=\"thickbox\" rel=\"set_19\" >\n\t\t\t\t\t\t\t\t<img title=\"Fot\u00f3z\u00e1s: gyermekek a v\u00edzben\" alt=\"Fot\u00f3z\u00e1s: gyermekek a v\u00edzben\" src=\"https:\/\/gyoparosfurdo-oroshaza.hu\/wp-content\/gallery\/foto\/thumbs\/thumbs_foto_07.jpg\" width=\"120\" height=\"95\" \/>\n\t\t\t\t\t\t\t<\/a>\n\t\t<\/div>\n\t<\/div>\n\t\n\t\t\n \t\t\n\t<div id=\"ngg-image-80\" class=\"ngg-gallery-thumbnail-box\"  >\n\t\t<div class=\"ngg-gallery-thumbnail\" >\n\t\t\t<a href=\"https:\/\/gyoparosfurdo-oroshaza.hu\/wp-content\/gallery\/foto\/foto_08.jpg\" title=\"A belv\u00e1ros sem \u00e9rdektelen fot\u00f3s szempontb\u00f3l\" class=\"thickbox\" rel=\"set_19\" >\n\t\t\t\t\t\t\t\t<img title=\"Fot\u00f3z\u00e1s: templom sziv\u00e1rv\u00e1nnyal\" alt=\"Fot\u00f3z\u00e1s: templom sziv\u00e1rv\u00e1nnyal\" src=\"https:\/\/gyoparosfurdo-oroshaza.hu\/wp-content\/gallery\/foto\/thumbs\/thumbs_foto_08.jpg\" width=\"120\" height=\"95\" \/>\n\t\t\t\t\t\t\t<\/a>\n\t\t<\/div>\n\t<\/div>\n\t\n\t\t\n \t\t\n\t<div id=\"ngg-image-81\" class=\"ngg-gallery-thumbnail-box\"  >\n\t\t<div class=\"ngg-gallery-thumbnail\" >\n\t\t\t<a href=\"https:\/\/gyoparosfurdo-oroshaza.hu\/wp-content\/gallery\/foto\/foto_09.jpg\" title=\"A v\u00e1rost elhagyva is \u00e9rdekes fot\u00f3t\u00e9m\u00e1kra lelhet\u00fcnk\" class=\"thickbox\" rel=\"set_19\" >\n\t\t\t\t\t\t\t\t<img title=\"Fot\u00f3z\u00e1s: tanyasi macska\" alt=\"Fot\u00f3z\u00e1s: tanyasi macska\" src=\"https:\/\/gyoparosfurdo-oroshaza.hu\/wp-content\/gallery\/foto\/thumbs\/thumbs_foto_09.jpg\" width=\"120\" height=\"95\" \/>\n\t\t\t\t\t\t\t<\/a>\n\t\t<\/div>\n\t<\/div>\n\t\n\t\t\n \t\t\n\t<div id=\"ngg-image-82\" class=\"ngg-gallery-thumbnail-box\"  >\n\t\t<div class=\"ngg-gallery-thumbnail\" >\n\t\t\t<a href=\"https:\/\/gyoparosfurdo-oroshaza.hu\/wp-content\/gallery\/foto\/foto_10.jpg\" title=\"A v\u00e1rost elhagyva is \u00e9rdekes fot\u00f3t\u00e9m\u00e1kra lelhet\u00fcnk\" class=\"thickbox\" rel=\"set_19\" >\n\t\t\t\t\t\t\t\t<img title=\"Fot\u00f3z\u00e1s: a m\u00falt eml\u00e9kei Nagyb\u00e1nhegyesen\" alt=\"Fot\u00f3z\u00e1s: a m\u00falt eml\u00e9kei Nagyb\u00e1nhegyesen\" src=\"https:\/\/gyoparosfurdo-oroshaza.hu\/wp-content\/gallery\/foto\/thumbs\/thumbs_foto_10.jpg\" width=\"120\" height=\"95\" \/>\n\t\t\t\t\t\t\t<\/a>\n\t\t<\/div>\n\t<\/div>\n\t\n\t\t\n \t\t\n\t<div id=\"ngg-image-83\" class=\"ngg-gallery-thumbnail-box\"  >\n\t\t<div class=\"ngg-gallery-thumbnail\" >\n\t\t\t<a href=\"https:\/\/gyoparosfurdo-oroshaza.hu\/wp-content\/gallery\/foto\/foto_11.jpg\" title=\"A v\u00e1rost elhagyva is \u00e9rdekes fot\u00f3t\u00e9m\u00e1kra lelhet\u00fcnk\" class=\"thickbox\" rel=\"set_19\" >\n\t\t\t\t\t\t\t\t<img title=\"Fot\u00f3z\u00e1s: az orosh\u00e1zi tanyavil\u00e1g\" alt=\"Fot\u00f3z\u00e1s: az orosh\u00e1zi tanyavil\u00e1g\" src=\"https:\/\/gyoparosfurdo-oroshaza.hu\/wp-content\/gallery\/foto\/thumbs\/thumbs_foto_11.jpg\" width=\"120\" height=\"95\" \/>\n\t\t\t\t\t\t\t<\/a>\n\t\t<\/div>\n\t<\/div>\n\t\n\t\t\n \t\t\n\t<div id=\"ngg-image-84\" class=\"ngg-gallery-thumbnail-box\"  >\n\t\t<div class=\"ngg-gallery-thumbnail\" >\n\t\t\t<a href=\"https:\/\/gyoparosfurdo-oroshaza.hu\/wp-content\/gallery\/foto\/foto_12.jpg\" title=\"T\u00e9len se hagyjuk otthon kamer\u00e1nkat\" class=\"thickbox\" rel=\"set_19\" >\n\t\t\t\t\t\t\t\t<img title=\"Fot\u00f3z\u00e1s: a puszta t\u00e9len\" alt=\"Fot\u00f3z\u00e1s: a puszta t\u00e9len\" src=\"https:\/\/gyoparosfurdo-oroshaza.hu\/wp-content\/gallery\/foto\/thumbs\/thumbs_foto_12.jpg\" width=\"120\" height=\"95\" \/>\n\t\t\t\t\t\t\t<\/a>\n\t\t<\/div>\n\t<\/div>\n\t\n\t\t\n \t \t\n\t<!-- Pagination -->\n \t<div class='ngg-clear'><\/div>\n \t\n<\/div>\n\n<\/div>\n","protected":false},"excerpt":{"rendered":"<p>To photographers: record orosh\u00e1za and its surroundings! There are different types of photographers: there are lovers of nature photography, others are fond of taking pictures of buildings, while others are interested in social documentary photography. If you take your camera &hellip; <a href=\"https:\/\/gyoparosfurdo-oroshaza.hu\/en\/programs\/for-photographers\">Folytat\u00e1s <span class=\"meta-nav\">&rarr;<\/span><\/a><\/p>\n","protected":false},"author":6,"featured_media":0,"parent":26026,"menu_order":0,"comment_status":"closed","ping_status":"closed","template":"","meta":[],"_links":{"self":[{"href":"https:\/\/gyoparosfurdo-oroshaza.hu\/en\/wp-json\/wp\/v2\/pages\/26064"}],"collection":[{"href":"https:\/\/gyoparosfurdo-oroshaza.hu\/en\/wp-json\/wp\/v2\/pages"}],"about":[{"href":"https:\/\/gyoparosfurdo-oroshaza.hu\/en\/wp-json\/wp\/v2\/types\/page"}],"author":[{"embeddable":true,"href":"https:\/\/gyoparosfurdo-oroshaza.hu\/en\/wp-json\/wp\/v2\/users\/6"}],"replies":[{"embeddable":true,"href":"https:\/\/gyoparosfurdo-oroshaza.hu\/en\/wp-json\/wp\/v2\/comments?post=26064"}],"version-history":[{"count":0,"href":"https:\/\/gyoparosfurdo-oroshaza.hu\/en\/wp-json\/wp\/v2\/pages\/26064\/revisions"}],"up":[{"embeddable":true,"href":"https:\/\/gyoparosfurdo-oroshaza.hu\/en\/wp-json\/wp\/v2\/pages\/26026"}],"wp:attachment":[{"href":"https:\/\/gyoparosfurdo-oroshaza.hu\/en\/wp-json\/wp\/v2\/media?parent=26064"}],"curies":[{"name":"wp","href":"https:\/\/api.w.org\/{rel}","templated":true}]}}