{"id":26051,"date":"2012-04-13T12:11:35","date_gmt":"2012-04-13T10:11:35","guid":{"rendered":"https:\/\/gyoparosfurdo-oroshaza.hu\/for-youngsters"},"modified":"2012-04-13T12:11:35","modified_gmt":"2012-04-13T11:11:35","slug":"for-youngsters","status":"publish","type":"page","link":"https:\/\/gyoparosfurdo-oroshaza.hu\/en\/programs\/for-youngsters","title":{"rendered":"for youngsters"},"content":{"rendered":"<p><div class=\"topten_grid_container topten_page\"><div class=\"topten_grid_item\"><span class=\"h3\">Top programmes<\/span><a href=\"\/en\/programs\/1-day\" class=\"topten_1-day first\">for 1 day &raquo;<\/a><a href=\"\/en\/programs\/for-cyclers\" class=\"topten_for-cyclers\">for cyclers &raquo;<\/a><a href=\"\/en\/programs\/for-a-weekend\" class=\"topten_for-a-weekend first\">for a weekend &raquo;<\/a><a href=\"\/en\/programs\/in-winter\" class=\"topten_in-winter\">in winter &raquo;<\/a><a href=\"\/en\/programs\/for-youngsters\" class=\"topten_for-youngsters first active\">for youngsters &raquo;<\/a><a href=\"\/en\/programs\/for-couples\" class=\"topten_for-couples\">for couples &raquo;<\/a><a href=\"\/en\/programs\/by-car\" class=\"topten_by-car first\">by car &raquo;<\/a><a href=\"\/en\/programs\/for-culture-fans\" class=\"topten_for-culture-fans\">for culture fans &raquo;<\/a><a href=\"\/en\/programs\/1-week\" class=\"topten_1-week first\">for 1 week &raquo;<\/a><a href=\"\/en\/programs\/for-anglers\" class=\"topten_for-anglers\">for anglers &raquo;<\/a><a href=\"\/en\/programs\/for-photographers\" class=\"topten_for-photographers first\">for photographers &raquo;<\/a><a href=\"\/en\/programs\/for-sports-fans\" class=\"topten_for-sports-fans\">for sports fans &raquo;<\/a><a href=\"\/en\/programs\/for-families\" class=\"topten_for-families first\">for families &raquo;<\/a><a href=\"\/en\/programs\/in-summer\" class=\"topten_in-summer\">in summer &raquo;<\/a><\/div><a href=\"https:\/\/gyoparosfurdo-oroshaza.hu\/en\/programok\/elmenyfurdozes-gyoparoson\" title=\"Gyop\u00e1ros Bathing Experience\" class=\"topten_grid_item\"><span class=\"number\">1<\/span><img width=\"290\" height=\"230\" src=\"https:\/\/gyoparosfurdo-oroshaza.hu\/wp-content\/uploads\/2012\/04\/elmenyfurdo_kiemelt.jpg\" class=\"lazyload wp-post-image\" alt=\"\" loading=\"lazy\" \/><span class=\"title\">Gyop\u00e1ros Bathing Experience<\/span><span class=\"text\">Fun and entertainment provided by the adventure pools at Gyop\u00e1ros.<\/span><\/a><a href=\"https:\/\/gyoparosfurdo-oroshaza.hu\/en\/programok\/strandolas-gyoparosfurdon\" title=\"Bathing in Gyop\u00e1rosf\u00fcrd\u0151\" class=\"topten_grid_item\"><span class=\"number\">2<\/span><img width=\"290\" height=\"230\" src=\"https:\/\/gyoparosfurdo-oroshaza.hu\/wp-content\/uploads\/2012\/04\/Strandol\u00e1s_gyoparosfurdon.jpg\" class=\"lazyload wp-post-image\" alt=\"\" loading=\"lazy\" \/><span class=\"title\">Bathing in Gyop\u00e1rosf\u00fcrd\u0151<\/span><span class=\"text\">Sport enthusiasts can have fun in the 50 meter swimming pool or learners\u2019 pool.<\/span><\/a><a href=\"https:\/\/gyoparosfurdo-oroshaza.hu\/en\/programok\/ejszakai-furdozes\" title=\"Night bathing\" class=\"topten_grid_item\"><span class=\"number\">3<\/span><img width=\"290\" height=\"230\" src=\"https:\/\/gyoparosfurdo-oroshaza.hu\/wp-content\/uploads\/2012\/04\/4_Ejszakai_furdozes.jpg\" class=\"lazyload wp-post-image\" alt=\"\" loading=\"lazy\" \/><span class=\"title\">Night bathing<\/span><span class=\"text\">Night bathing in Gyop\u00e1rosf\u00fcrd\u0151 until midnight on saturdays.<\/span><\/a><a href=\"https:\/\/gyoparosfurdo-oroshaza.hu\/en\/programok\/bowling\" title=\"Bowling\" class=\"topten_grid_item\"><span class=\"number\">4<\/span><img width=\"290\" height=\"230\" src=\"https:\/\/gyoparosfurdo-oroshaza.hu\/wp-content\/uploads\/2012\/05\/11_Bowling.jpg\" class=\"lazyload wp-post-image\" alt=\"\" loading=\"lazy\" \/><span class=\"title\">Bowling<\/span><span class=\"text\">Bowling fans can pursue their hobby at Gyop\u00e1r Sports Center.<\/span><\/a><a href=\"https:\/\/gyoparosfurdo-oroshaza.hu\/en\/programok\/fallabda-tenisz\" title=\"Tennis, Squash\" class=\"topten_grid_item\"><span class=\"number\">5<\/span><img width=\"290\" height=\"230\" src=\"https:\/\/gyoparosfurdo-oroshaza.hu\/wp-content\/uploads\/2012\/04\/10_Tenisz_fallabda.jpg\" class=\"lazyload wp-post-image\" alt=\"\" loading=\"lazy\" \/><span class=\"title\">Tennis, Squash<\/span><span class=\"text\">You do not have to leave your rackets at home during your holiday at Orosh\u00e1za.<\/span><\/a><a href=\"https:\/\/gyoparosfurdo-oroshaza.hu\/en\/programok\/lovassportok\" title=\"Horse riding\" class=\"topten_grid_item\"><span class=\"number\">6<\/span><img width=\"290\" height=\"230\" src=\"https:\/\/gyoparosfurdo-oroshaza.hu\/wp-content\/uploads\/2012\/04\/Lovassportok.jpg\" class=\"lazyload wp-post-image\" alt=\"\" loading=\"lazy\" \/><span class=\"title\">Horse riding<\/span><span class=\"text\">From different point of views Orosh\u00e1za can be considered as centre of horse life in the Southern Great Plain region.<\/span><\/a><a href=\"https:\/\/gyoparosfurdo-oroshaza.hu\/en\/programok\/ejszakai-elet-oroshazan\" title=\"Night life in Orosh\u00e1za\" class=\"topten_grid_item\"><span class=\"number\">7<\/span><img width=\"290\" height=\"230\" src=\"https:\/\/gyoparosfurdo-oroshaza.hu\/wp-content\/uploads\/2012\/04\/Ejszakai_elet.jpg\" class=\"lazyload wp-post-image\" alt=\"\" loading=\"lazy\" \/><span class=\"title\">Night life in Orosh\u00e1za<\/span><span class=\"text\">We can not compare local night life with big cities because it is apples and oranges. However, the town springs to life on Friday and Saturday evenings.<\/span><\/a><a href=\"https:\/\/gyoparosfurdo-oroshaza.hu\/en\/programok\/seta-oroshaza-belvarosaban\" title=\"Walking in Orosh\u00e1za downtown\" class=\"topten_grid_item\"><span class=\"number\">8<\/span><img width=\"290\" height=\"230\" src=\"https:\/\/gyoparosfurdo-oroshaza.hu\/wp-content\/uploads\/2012\/04\/belvarosi_seta_kiemelt.jpg\" class=\"lazyload wp-post-image\" alt=\"\" loading=\"lazy\" \/><span class=\"title\">Walking in Orosh\u00e1za downtown<\/span><span class=\"text\">We can get to know a town really well only by having a pleasant walk in its downtown area.<\/span><\/a><a href=\"https:\/\/gyoparosfurdo-oroshaza.hu\/en\/programok\/panorama-kilato\" title=\"Panor\u00e1ma lookout tower\" class=\"topten_grid_item\"><span class=\"number\">9<\/span><img width=\"290\" height=\"230\" src=\"https:\/\/gyoparosfurdo-oroshaza.hu\/wp-content\/uploads\/2012\/04\/Panorama_kilato.jpg\" class=\"lazyload wp-post-image\" alt=\"\" loading=\"lazy\" \/><span class=\"title\">Panor\u00e1ma lookout tower<\/span><span class=\"text\">The Panor\u00e1ma lookout tower is one of the attractions of Orosh\u00e1za and Gyop\u00e1rosf\u00fcrd\u0151.<\/span><\/a><a href=\"https:\/\/gyoparosfurdo-oroshaza.hu\/en\/programok\/paintball\" title=\"Paintball\" class=\"topten_grid_item\"><span class=\"number\">10<\/span><img width=\"290\" height=\"230\" src=\"https:\/\/gyoparosfurdo-oroshaza.hu\/wp-content\/uploads\/2012\/07\/paintball1.jpg\" class=\"lazyload wp-post-image\" alt=\"\" loading=\"lazy\" \/><span class=\"title\">Paintball<\/span><span class=\"text\">Paintball is the perfect solution both for relaxation and for team building.<\/span><\/a><a href=\"https:\/\/gyoparosfurdo-oroshaza.hu\/en\/programok\/osztalykirandulas-taborozas-gyoparosfurdon\" title=\"Excursions for classes, summer camps at Gyop\u00e1rosf\u00fcrd\u0151\" class=\"topten_grid_item\"><span class=\"number\">11<\/span><img width=\"290\" height=\"228\" src=\"https:\/\/gyoparosfurdo-oroshaza.hu\/wp-content\/uploads\/2013\/03\/erdei.jpg\" class=\"lazyload wp-post-image\" alt=\"\" loading=\"lazy\" \/><span class=\"title\">Excursions for classes, summer camps at Gyop\u00e1rosf\u00fcrd\u0151<\/span><span class=\"text\">Excursions, summer camp at Orosh\u00e1za-Gyop\u00e1rosf\u00fcrd\u0151<\/span><\/a><a href=\"https:\/\/gyoparosfurdo-oroshaza.hu\/en\/programok\/foter\" title=\"Renewed main square\" class=\"topten_grid_item\"><span class=\"number\">12<\/span><img width=\"290\" height=\"230\" src=\"https:\/\/gyoparosfurdo-oroshaza.hu\/wp-content\/uploads\/2012\/04\/seta_kiemelt.jpg\" class=\"lazyload wp-post-image\" alt=\"\" loading=\"lazy\" \/><span class=\"title\">Renewed main square<\/span><span class=\"text\">The Main City Square of the city Orosh\u00e1za, renewed in 2013.<\/span><\/a><div class=\"clear\"><\/div><\/div>\n<div class=\"W560\">\n<p><span class=\"h3\">Spinning around day and night<\/span><\/p>\n<h2>Orosh\u00e1za is not the place where you can spend the whole day sitting around with your feet up, watching TV or the computer screen or your tablet: fortunately there are plenty of programmes, especially at the weekends.<\/h2>\n<p>First of all there is the<a title=\"Adventure pools\" href=\"https:\/\/gyoparosfurdo-oroshaza.hu\/en\/gyoparosfurdo\/aquapark\"> adventure bath<\/a> at Gyop\u00e1ros, during the high season the huge<a title=\"Park pools, beach\" href=\"https:\/\/gyoparosfurdo-oroshaza.hu\/en\/gyoparosfurdo\/park-and-outdoor-pools\"> park and spa<\/a> with outdoor pools. You should try the<a title=\"Night time bathing\" href=\"https:\/\/gyoparosfurdo-oroshaza.hu\/en\/programs\/ejszakai-furdozes\"> night time bathing<\/a> \u2013 on specific days of the week the adventure bath is open till late night \u2013 and of course the various <a title=\"Programs\" href=\"https:\/\/gyoparosfurdo-oroshaza.hu\/en\/programs\">programmes and parties<\/a>, too.<\/p>\n<p>The town offers a wide range of places worth visiting both during the day and in the <a title=\"Night life in Orosh\u00e1za\" href=\"https:\/\/gyoparosfurdo-oroshaza.hu\/en\/programs\/ejszakai-elet-oroshazan\">evenings<\/a> starting from coffes to pubs.<\/p>\n<p>If it is party time, you have a lot of options. One of the most popular places among local youngsters is\u00a0Bla-Bla\u00a0in T\u00e1ncsics street. The place istelf used tor un under different names during the past years. Under the name Katlan it used to be a popular party zone for generations of youngsters. Pop groups of Sziget-generation used to give concerts here week after week. Such groups were: P\u00e1l Utcai Fi\u00fakt\u00f3l or M\u00e1sf\u00e9l.<\/p>\n<p>Nowadays the place serves the electronic pop music, with DH-s starting from DJ Andr\u00f3 to Attila B\u00e1r\u00e1ny or DJ Sterbinszky. The place is visited by thousands of youngsters during the weekends, though it provides amusement in a cultured and safe surrounding.<\/p>\n<p>Fans of live music should visit \u00a0Anno pub\u00a0instead, where mainly rock and blues bands play usually. Another popular place is Koccint\u00f3 pub, which gives place to music of different style.<\/p>\n<p>It is useful to follow the programmes offered by <a title=\"Pet\u0151fi Cultural Center\" href=\"http:\/\/www.pmk.oroshaza.hu\/\" target=\"_blank\" rel=\"noopener noreferrer\" rel=\"noopener\">Pet\u0151fi Cultural Center<\/a>. We can come across great concerts, local festivals with popular national and international pop stars.<\/p>\n<p>If you are attracted by extreme sports, you can practise them as bmx has long standing traditions in the town, as well as skate boarding \u2013 teens can be seen practising in the streets day by day. And you wish to try out paintball with your friends, no problem! Just drop an e-mail or a phone call and book a date.<\/p>\n<p>Furthermore we highly reccomend the surrounding bigger towns, such as: Szeged, B\u00e9k\u00e9scsaba \u00e9s Gyula. Each of them offers a wide range of pubs and bars, places of amusement. The <a title=\"Center Cinema\" href=\"http:\/\/centermozi.hu\/\" target=\"_blank\" rel=\"noopener noreferrer\" rel=\"noopener\">Center Cinema<\/a> in B\u00e9k\u00e9scsaba keeping up with the latest films.<\/p>\n<h3>Pictures<\/h3>\n\n<div class=\"ngg-galleryoverview\" id=\"ngg-gallery-22-26051\">\n\n\n\t\n\t<!-- Thumbnails -->\n\t\t\n\t<div id=\"ngg-image-1283\" class=\"ngg-gallery-thumbnail-box\"  >\n\t\t<div class=\"ngg-gallery-thumbnail\" >\n\t\t\t<a href=\"https:\/\/gyoparosfurdo-oroshaza.hu\/wp-content\/gallery\/fiataloknak\/fiatalok-1.jpg\" title=\"Wellness Gyop\u00e1rosf\u00fcrd\u0151n\" class=\"thickbox\" rel=\"set_22\" >\n\t\t\t\t\t\t\t\t<img title=\"Wellness Gyop\u00e1rosf\u00fcrd\u0151n\" alt=\"Wellness Gyop\u00e1rosf\u00fcrd\u0151n\" src=\"https:\/\/gyoparosfurdo-oroshaza.hu\/wp-content\/gallery\/fiataloknak\/thumbs\/thumbs_fiatalok-1.jpg\" width=\"120\" height=\"95\" \/>\n\t\t\t\t\t\t\t<\/a>\n\t\t<\/div>\n\t<\/div>\n\t\n\t\t\n \t\t\n\t<div id=\"ngg-image-989\" class=\"ngg-gallery-thumbnail-box\"  >\n\t\t<div class=\"ngg-gallery-thumbnail\" >\n\t\t\t<a href=\"https:\/\/gyoparosfurdo-oroshaza.hu\/wp-content\/gallery\/fiataloknak\/elmenyfurdo_napsutes.jpg\" title=\"\u00c9jszakai f\u00fcrd\u0151z\u00e9s Gyop\u00e1rosf\u00fcrd\u0151n\" class=\"thickbox\" rel=\"set_22\" >\n\t\t\t\t\t\t\t\t<img title=\"\u00c9jszakai f\u00fcrd\u0151z\u00e9s Gyop\u00e1rosf\u00fcrd\u0151n\" alt=\"\u00c9jszakai f\u00fcrd\u0151z\u00e9s Gyop\u00e1rosf\u00fcrd\u0151n\" src=\"https:\/\/gyoparosfurdo-oroshaza.hu\/wp-content\/gallery\/fiataloknak\/thumbs\/thumbs_elmenyfurdo_napsutes.jpg\" width=\"120\" height=\"95\" \/>\n\t\t\t\t\t\t\t<\/a>\n\t\t<\/div>\n\t<\/div>\n\t\n\t\t\n \t\t\n\t<div id=\"ngg-image-156\" class=\"ngg-gallery-thumbnail-box\"  >\n\t\t<div class=\"ngg-gallery-thumbnail\" >\n\t\t\t<a href=\"https:\/\/gyoparosfurdo-oroshaza.hu\/wp-content\/gallery\/fiataloknak\/fiataloknak_04.jpg\" title=\"Jakuzzi\" class=\"thickbox\" rel=\"set_22\" >\n\t\t\t\t\t\t\t\t<img title=\"Jakuzzi\" alt=\"Jakuzzi\" src=\"https:\/\/gyoparosfurdo-oroshaza.hu\/wp-content\/gallery\/fiataloknak\/thumbs\/thumbs_fiataloknak_04.jpg\" width=\"120\" height=\"95\" \/>\n\t\t\t\t\t\t\t<\/a>\n\t\t<\/div>\n\t<\/div>\n\t\n\t\t\n \t\t\n\t<div id=\"ngg-image-991\" class=\"ngg-gallery-thumbnail-box\"  >\n\t\t<div class=\"ngg-gallery-thumbnail\" >\n\t\t\t<a href=\"https:\/\/gyoparosfurdo-oroshaza.hu\/wp-content\/gallery\/fiataloknak\/gyoparosfurdo-gozfurdo.jpg\" title=\"G\u0151zf\u00fcrd\u0151 a meg\u00fajult szaunaparkban\" class=\"thickbox\" rel=\"set_22\" >\n\t\t\t\t\t\t\t\t<img title=\"G\u0151zf\u00fcrd\u0151 a meg\u00fajult szaunaparkban\" alt=\"G\u0151zf\u00fcrd\u0151 a meg\u00fajult szaunaparkban\" src=\"https:\/\/gyoparosfurdo-oroshaza.hu\/wp-content\/gallery\/fiataloknak\/thumbs\/thumbs_gyoparosfurdo-gozfurdo.jpg\" width=\"120\" height=\"95\" \/>\n\t\t\t\t\t\t\t<\/a>\n\t\t<\/div>\n\t<\/div>\n\t\n\t\t\n \t\t\n\t<div id=\"ngg-image-995\" class=\"ngg-gallery-thumbnail-box\"  >\n\t\t<div class=\"ngg-gallery-thumbnail\" >\n\t\t\t<a href=\"https:\/\/gyoparosfurdo-oroshaza.hu\/wp-content\/gallery\/fiataloknak\/gyoparosfurdo-szauna-8-allo.jpg\" title=\"A meg\u00fajult szaunapark\" class=\"thickbox\" rel=\"set_22\" >\n\t\t\t\t\t\t\t\t<img title=\"A meg\u00fajult szaunapark\" alt=\"A meg\u00fajult szaunapark\" src=\"https:\/\/gyoparosfurdo-oroshaza.hu\/wp-content\/gallery\/fiataloknak\/thumbs\/thumbs_gyoparosfurdo-szauna-8-allo.jpg\" width=\"120\" height=\"95\" \/>\n\t\t\t\t\t\t\t<\/a>\n\t\t<\/div>\n\t<\/div>\n\t\n\t\t\n \t\t\n\t<div id=\"ngg-image-993\" class=\"ngg-gallery-thumbnail-box\"  >\n\t\t<div class=\"ngg-gallery-thumbnail\" >\n\t\t\t<a href=\"https:\/\/gyoparosfurdo-oroshaza.hu\/wp-content\/gallery\/fiataloknak\/gyoparosfurdo-kinti-haj-allo.jpg\" title=\"Gyop\u00e1rosf\u00fcrd\u0151 \u00e9lm\u00e9nymedenc\u00e9i\" class=\"thickbox\" rel=\"set_22\" >\n\t\t\t\t\t\t\t\t<img title=\"Gyop\u00e1rosf\u00fcrd\u0151 \u00e9lm\u00e9nymedenc\u00e9i\" alt=\"Gyop\u00e1rosf\u00fcrd\u0151 \u00e9lm\u00e9nymedenc\u00e9i\" src=\"https:\/\/gyoparosfurdo-oroshaza.hu\/wp-content\/gallery\/fiataloknak\/thumbs\/thumbs_gyoparosfurdo-kinti-haj-allo.jpg\" width=\"120\" height=\"95\" \/>\n\t\t\t\t\t\t\t<\/a>\n\t\t<\/div>\n\t<\/div>\n\t\n\t\t\n \t\t\n\t<div id=\"ngg-image-994\" class=\"ngg-gallery-thumbnail-box\"  >\n\t\t<div class=\"ngg-gallery-thumbnail\" >\n\t\t\t<a href=\"https:\/\/gyoparosfurdo-oroshaza.hu\/wp-content\/gallery\/fiataloknak\/gyoparosfurdo-szauna-7.jpg\" title=\"A meg\u00fajult szaunapark\" class=\"thickbox\" rel=\"set_22\" >\n\t\t\t\t\t\t\t\t<img title=\"A meg\u00fajult szaunapark\" alt=\"A meg\u00fajult szaunapark\" src=\"https:\/\/gyoparosfurdo-oroshaza.hu\/wp-content\/gallery\/fiataloknak\/thumbs\/thumbs_gyoparosfurdo-szauna-7.jpg\" width=\"120\" height=\"95\" \/>\n\t\t\t\t\t\t\t<\/a>\n\t\t<\/div>\n\t<\/div>\n\t\n\t\t\n \t\t\n\t<div id=\"ngg-image-892\" class=\"ngg-gallery-thumbnail-box\"  >\n\t\t<div class=\"ngg-gallery-thumbnail\" >\n\t\t\t<a href=\"https:\/\/gyoparosfurdo-oroshaza.hu\/wp-content\/gallery\/fiataloknak\/img_1062.jpg\" title=\"Gyop\u00e1rosf\u00fcrd\u0151 \u00e9lm\u00e9nymedenc\u00e9i\" class=\"thickbox\" rel=\"set_22\" >\n\t\t\t\t\t\t\t\t<img title=\"Gyop\u00e1rosf\u00fcrd\u0151 \u00e9lm\u00e9nymedenc\u00e9i\" alt=\"Gyop\u00e1rosf\u00fcrd\u0151 \u00e9lm\u00e9nymedenc\u00e9i\" src=\"https:\/\/gyoparosfurdo-oroshaza.hu\/wp-content\/gallery\/fiataloknak\/thumbs\/thumbs_img_1062.jpg\" width=\"120\" height=\"95\" \/>\n\t\t\t\t\t\t\t<\/a>\n\t\t<\/div>\n\t<\/div>\n\t\n\t\t\n \t\t\n\t<div id=\"ngg-image-894\" class=\"ngg-gallery-thumbnail-box\"  >\n\t\t<div class=\"ngg-gallery-thumbnail\" >\n\t\t\t<a href=\"https:\/\/gyoparosfurdo-oroshaza.hu\/wp-content\/gallery\/fiataloknak\/img_5632.jpg\" title=\"Ugr\u00e1s az 50 m\u00e9teres sportmedenc\u00e9be\" class=\"thickbox\" rel=\"set_22\" >\n\t\t\t\t\t\t\t\t<img title=\"Ugr\u00e1s az 50 m\u00e9teres sportmedenc\u00e9be\" alt=\"Ugr\u00e1s az 50 m\u00e9teres sportmedenc\u00e9be\" src=\"https:\/\/gyoparosfurdo-oroshaza.hu\/wp-content\/gallery\/fiataloknak\/thumbs\/thumbs_img_5632.jpg\" width=\"120\" height=\"95\" \/>\n\t\t\t\t\t\t\t<\/a>\n\t\t<\/div>\n\t<\/div>\n\t\n\t\t\n \t\t\n\t<div id=\"ngg-image-157\" class=\"ngg-gallery-thumbnail-box\"  >\n\t\t<div class=\"ngg-gallery-thumbnail\" >\n\t\t\t<a href=\"https:\/\/gyoparosfurdo-oroshaza.hu\/wp-content\/gallery\/fiataloknak\/fiataloknak_05.jpg\" title=\"Gyop\u00e1rosf\u00fcrd\u0151 \u00e9lm\u00e9nymedenc\u00e9i\" class=\"thickbox\" rel=\"set_22\" >\n\t\t\t\t\t\t\t\t<img title=\"Gyop\u00e1rosf\u00fcrd\u0151 \u00e9lm\u00e9nymedenc\u00e9i\" alt=\"Gyop\u00e1rosf\u00fcrd\u0151 \u00e9lm\u00e9nymedenc\u00e9i\" src=\"https:\/\/gyoparosfurdo-oroshaza.hu\/wp-content\/gallery\/fiataloknak\/thumbs\/thumbs_fiataloknak_05.jpg\" width=\"120\" height=\"95\" \/>\n\t\t\t\t\t\t\t<\/a>\n\t\t<\/div>\n\t<\/div>\n\t\n\t\t\n \t\t\n\t<div id=\"ngg-image-1285\" class=\"ngg-gallery-thumbnail-box\"  >\n\t\t<div class=\"ngg-gallery-thumbnail\" >\n\t\t\t<a href=\"https:\/\/gyoparosfurdo-oroshaza.hu\/wp-content\/gallery\/fiataloknak\/fiatalok-3.jpg\" title=\"Wellness Gyop\u00e1rosf\u00fcrd\u0151n\" class=\"thickbox\" rel=\"set_22\" >\n\t\t\t\t\t\t\t\t<img title=\"Wellness Gyop\u00e1rosf\u00fcrd\u0151n\" alt=\"Wellness Gyop\u00e1rosf\u00fcrd\u0151n\" src=\"https:\/\/gyoparosfurdo-oroshaza.hu\/wp-content\/gallery\/fiataloknak\/thumbs\/thumbs_fiatalok-3.jpg\" width=\"120\" height=\"95\" \/>\n\t\t\t\t\t\t\t<\/a>\n\t\t<\/div>\n\t<\/div>\n\t\n\t\t\n \t\t\n\t<div id=\"ngg-image-1286\" class=\"ngg-gallery-thumbnail-box\"  >\n\t\t<div class=\"ngg-gallery-thumbnail\" >\n\t\t\t<a href=\"https:\/\/gyoparosfurdo-oroshaza.hu\/wp-content\/gallery\/fiataloknak\/fiatalok-4.jpg\" title=\"Wellness Gyop\u00e1rosf\u00fcrd\u0151n\" class=\"thickbox\" rel=\"set_22\" >\n\t\t\t\t\t\t\t\t<img title=\"Wellness Gyop\u00e1rosf\u00fcrd\u0151n\" alt=\"Wellness Gyop\u00e1rosf\u00fcrd\u0151n\" src=\"https:\/\/gyoparosfurdo-oroshaza.hu\/wp-content\/gallery\/fiataloknak\/thumbs\/thumbs_fiatalok-4.jpg\" width=\"120\" height=\"95\" \/>\n\t\t\t\t\t\t\t<\/a>\n\t\t<\/div>\n\t<\/div>\n\t\n\t\t\n \t\t\n\t<div id=\"ngg-image-1284\" class=\"ngg-gallery-thumbnail-box\"  >\n\t\t<div class=\"ngg-gallery-thumbnail\" >\n\t\t\t<a href=\"https:\/\/gyoparosfurdo-oroshaza.hu\/wp-content\/gallery\/fiataloknak\/fiatalok-2.jpg\" title=\"Wellness Gyop\u00e1rosf\u00fcrd\u0151n\" class=\"thickbox\" rel=\"set_22\" >\n\t\t\t\t\t\t\t\t<img title=\"Wellness Gyop\u00e1rosf\u00fcrd\u0151n\" alt=\"Wellness Gyop\u00e1rosf\u00fcrd\u0151n\" src=\"https:\/\/gyoparosfurdo-oroshaza.hu\/wp-content\/gallery\/fiataloknak\/thumbs\/thumbs_fiatalok-2.jpg\" width=\"120\" height=\"95\" \/>\n\t\t\t\t\t\t\t<\/a>\n\t\t<\/div>\n\t<\/div>\n\t\n\t\t\n \t\t\n\t<div id=\"ngg-image-895\" class=\"ngg-gallery-thumbnail-box\"  >\n\t\t<div class=\"ngg-gallery-thumbnail\" >\n\t\t\t<a href=\"https:\/\/gyoparosfurdo-oroshaza.hu\/wp-content\/gallery\/fiataloknak\/img_5719.jpg\" title=\"Vizibicikli Gyop\u00e1rosf\u00fcrd\u0151n\" class=\"thickbox\" rel=\"set_22\" >\n\t\t\t\t\t\t\t\t<img title=\"Vizibicikli Gyop\u00e1rosf\u00fcrd\u0151n\" alt=\"Vizibicikli Gyop\u00e1rosf\u00fcrd\u0151n\" src=\"https:\/\/gyoparosfurdo-oroshaza.hu\/wp-content\/gallery\/fiataloknak\/thumbs\/thumbs_img_5719.jpg\" width=\"120\" height=\"95\" \/>\n\t\t\t\t\t\t\t<\/a>\n\t\t<\/div>\n\t<\/div>\n\t\n\t\t\n \t\t\n\t<div id=\"ngg-image-159\" class=\"ngg-gallery-thumbnail-box\"  >\n\t\t<div class=\"ngg-gallery-thumbnail\" >\n\t\t\t<a href=\"https:\/\/gyoparosfurdo-oroshaza.hu\/wp-content\/gallery\/fiataloknak\/fiataloknak_07.jpg\" title=\"Sportprogramok a parkf\u00fcrd\u0151ben\" class=\"thickbox\" rel=\"set_22\" >\n\t\t\t\t\t\t\t\t<img title=\"Sportprogramok a parkf\u00fcrd\u0151ben\" alt=\"Sportprogramok a parkf\u00fcrd\u0151ben\" src=\"https:\/\/gyoparosfurdo-oroshaza.hu\/wp-content\/gallery\/fiataloknak\/thumbs\/thumbs_fiataloknak_07.jpg\" width=\"120\" height=\"95\" \/>\n\t\t\t\t\t\t\t<\/a>\n\t\t<\/div>\n\t<\/div>\n\t\n\t\t\n \t\t\n\t<div id=\"ngg-image-161\" class=\"ngg-gallery-thumbnail-box\"  >\n\t\t<div class=\"ngg-gallery-thumbnail\" >\n\t\t\t<a href=\"https:\/\/gyoparosfurdo-oroshaza.hu\/wp-content\/gallery\/fiataloknak\/fiataloknak_09.jpg\" title=\"Strandr\u00f6plabda-p\u00e1lya a parkf\u00fcrd\u0151ben\" class=\"thickbox\" rel=\"set_22\" >\n\t\t\t\t\t\t\t\t<img title=\"Strandr\u00f6plabda-p\u00e1lya a parkf\u00fcrd\u0151ben\" alt=\"Strandr\u00f6plabda-p\u00e1lya a parkf\u00fcrd\u0151ben\" src=\"https:\/\/gyoparosfurdo-oroshaza.hu\/wp-content\/gallery\/fiataloknak\/thumbs\/thumbs_fiataloknak_09.jpg\" width=\"120\" height=\"95\" \/>\n\t\t\t\t\t\t\t<\/a>\n\t\t<\/div>\n\t<\/div>\n\t\n\t\t\n \t\t\n\t<div id=\"ngg-image-996\" class=\"ngg-gallery-thumbnail-box\"  >\n\t\t<div class=\"ngg-gallery-thumbnail\" >\n\t\t\t<a href=\"https:\/\/gyoparosfurdo-oroshaza.hu\/wp-content\/gallery\/fiataloknak\/parkfurdo_rendezveny.jpg\" title=\"Rendezv\u00e9ny a Parkf\u00fcrd\u0151ben\" class=\"thickbox\" rel=\"set_22\" >\n\t\t\t\t\t\t\t\t<img title=\"Rendezv\u00e9ny a Parkf\u00fcrd\u0151ben\" alt=\"Rendezv\u00e9ny a Parkf\u00fcrd\u0151ben\" src=\"https:\/\/gyoparosfurdo-oroshaza.hu\/wp-content\/gallery\/fiataloknak\/thumbs\/thumbs_parkfurdo_rendezveny.jpg\" width=\"120\" height=\"95\" \/>\n\t\t\t\t\t\t\t<\/a>\n\t\t<\/div>\n\t<\/div>\n\t\n\t\t\n \t\t\n\t<div id=\"ngg-image-163\" class=\"ngg-gallery-thumbnail-box\"  >\n\t\t<div class=\"ngg-gallery-thumbnail\" >\n\t\t\t<a href=\"https:\/\/gyoparosfurdo-oroshaza.hu\/wp-content\/gallery\/fiataloknak\/fiataloknak_11.jpg\" title=\"Gyop\u00e1ros fiataloknak \/ for youngster\" class=\"thickbox\" rel=\"set_22\" >\n\t\t\t\t\t\t\t\t<img title=\"Fiataloknak sz\u00f3l\u00f3 rendezv\u00e9nyek a f\u00fcrd\u0151ben\" alt=\"Fiataloknak sz\u00f3l\u00f3 rendezv\u00e9nyek a f\u00fcrd\u0151ben\" src=\"https:\/\/gyoparosfurdo-oroshaza.hu\/wp-content\/gallery\/fiataloknak\/thumbs\/thumbs_fiataloknak_11.jpg\" width=\"120\" height=\"95\" \/>\n\t\t\t\t\t\t\t<\/a>\n\t\t<\/div>\n\t<\/div>\n\t\n\t\t\n \t\t\n\t<div id=\"ngg-image-997\" class=\"ngg-gallery-thumbnail-box\"  >\n\t\t<div class=\"ngg-gallery-thumbnail\" >\n\t\t\t<a href=\"https:\/\/gyoparosfurdo-oroshaza.hu\/wp-content\/gallery\/fiataloknak\/kaland1.jpg\" title=\"Gyop\u00e1rosi Kalandpark\" class=\"thickbox\" rel=\"set_22\" >\n\t\t\t\t\t\t\t\t<img title=\"Gyop\u00e1rosi Kalandpark\" alt=\"Gyop\u00e1rosi Kalandpark\" src=\"https:\/\/gyoparosfurdo-oroshaza.hu\/wp-content\/gallery\/fiataloknak\/thumbs\/thumbs_kaland1.jpg\" width=\"120\" height=\"95\" \/>\n\t\t\t\t\t\t\t<\/a>\n\t\t<\/div>\n\t<\/div>\n\t\n\t\t\n \t\t\n\t<div id=\"ngg-image-990\" class=\"ngg-gallery-thumbnail-box\"  >\n\t\t<div class=\"ngg-gallery-thumbnail\" >\n\t\t\t<a href=\"https:\/\/gyoparosfurdo-oroshaza.hu\/wp-content\/gallery\/fiataloknak\/foter_ejszaka.jpg\" title=\"Orosh\u00e1za f\u0151tere \u00e9jszaka\" class=\"thickbox\" rel=\"set_22\" >\n\t\t\t\t\t\t\t\t<img title=\"Orosh\u00e1za f\u0151tere \u00e9jszaka\" alt=\"Orosh\u00e1za f\u0151tere \u00e9jszaka\" src=\"https:\/\/gyoparosfurdo-oroshaza.hu\/wp-content\/gallery\/fiataloknak\/thumbs\/thumbs_foter_ejszaka.jpg\" width=\"120\" height=\"95\" \/>\n\t\t\t\t\t\t\t<\/a>\n\t\t<\/div>\n\t<\/div>\n\t\n\t\t\n \t \t\n\t<!-- Pagination -->\n \t<div class='ngg-clear'><\/div>\n \t\n<\/div>\n\n\n<\/div>\n","protected":false},"excerpt":{"rendered":"<p>Spinning around day and night Orosh\u00e1za is not the place where you can spend the whole day sitting around with your feet up, watching TV or the computer screen or your tablet: fortunately there are plenty of programmes, especially at &hellip; <a href=\"https:\/\/gyoparosfurdo-oroshaza.hu\/en\/programs\/for-youngsters\">Folytat\u00e1s <span class=\"meta-nav\">&rarr;<\/span><\/a><\/p>\n","protected":false},"author":6,"featured_media":0,"parent":26026,"menu_order":0,"comment_status":"closed","ping_status":"closed","template":"","meta":[],"_links":{"self":[{"href":"https:\/\/gyoparosfurdo-oroshaza.hu\/en\/wp-json\/wp\/v2\/pages\/26051"}],"collection":[{"href":"https:\/\/gyoparosfurdo-oroshaza.hu\/en\/wp-json\/wp\/v2\/pages"}],"about":[{"href":"https:\/\/gyoparosfurdo-oroshaza.hu\/en\/wp-json\/wp\/v2\/types\/page"}],"author":[{"embeddable":true,"href":"https:\/\/gyoparosfurdo-oroshaza.hu\/en\/wp-json\/wp\/v2\/users\/6"}],"replies":[{"embeddable":true,"href":"https:\/\/gyoparosfurdo-oroshaza.hu\/en\/wp-json\/wp\/v2\/comments?post=26051"}],"version-history":[{"count":0,"href":"https:\/\/gyoparosfurdo-oroshaza.hu\/en\/wp-json\/wp\/v2\/pages\/26051\/revisions"}],"up":[{"embeddable":true,"href":"https:\/\/gyoparosfurdo-oroshaza.hu\/en\/wp-json\/wp\/v2\/pages\/26026"}],"wp:attachment":[{"href":"https:\/\/gyoparosfurdo-oroshaza.hu\/en\/wp-json\/wp\/v2\/media?parent=26051"}],"curies":[{"name":"wp","href":"https:\/\/api.w.org\/{rel}","templated":true}]}}