{"id":26047,"date":"2012-04-13T12:11:14","date_gmt":"2012-04-13T10:11:14","guid":{"rendered":"https:\/\/gyoparosfurdo-oroshaza.hu\/for-families"},"modified":"2012-04-13T12:11:14","modified_gmt":"2012-04-13T11:11:14","slug":"for-families","status":"publish","type":"page","link":"https:\/\/gyoparosfurdo-oroshaza.hu\/en\/programs\/for-families","title":{"rendered":"for families"},"content":{"rendered":"<div class=\"topten_grid_container topten_page\"><div class=\"topten_grid_item\"><span class=\"h3\">Top programmes<\/span><a href=\"\/en\/programs\/for-sports-fans\" class=\"topten_for-sports-fans first\">for sports fans &raquo;<\/a><a href=\"\/en\/programs\/for-families\" class=\"topten_for-families active\">for families &raquo;<\/a><a href=\"\/en\/programs\/in-summer\" class=\"topten_in-summer first\">in summer &raquo;<\/a><a href=\"\/en\/programs\/1-day\" class=\"topten_1-day\">for 1 day &raquo;<\/a><a href=\"\/en\/programs\/for-cyclers\" class=\"topten_for-cyclers first\">for cyclers &raquo;<\/a><a href=\"\/en\/programs\/for-a-weekend\" class=\"topten_for-a-weekend\">for a weekend &raquo;<\/a><a href=\"\/en\/programs\/in-winter\" class=\"topten_in-winter first\">in winter &raquo;<\/a><a href=\"\/en\/programs\/for-youngsters\" class=\"topten_for-youngsters\">for youngsters &raquo;<\/a><a href=\"\/en\/programs\/for-couples\" class=\"topten_for-couples first\">for couples &raquo;<\/a><a href=\"\/en\/programs\/by-car\" class=\"topten_by-car\">by car &raquo;<\/a><a href=\"\/en\/programs\/for-culture-fans\" class=\"topten_for-culture-fans first\">for culture fans &raquo;<\/a><a href=\"\/en\/programs\/1-week\" class=\"topten_1-week\">for 1 week &raquo;<\/a><a href=\"\/en\/programs\/for-anglers\" class=\"topten_for-anglers first\">for anglers &raquo;<\/a><a href=\"\/en\/programs\/for-photographers\" class=\"topten_for-photographers\">for photographers &raquo;<\/a><\/div><a href=\"https:\/\/gyoparosfurdo-oroshaza.hu\/en\/programok\/elmenyfurdozes-gyoparoson\" title=\"Gyop\u00e1ros Bathing Experience\" class=\"topten_grid_item\"><span class=\"number\">1<\/span><img width=\"290\" height=\"230\" src=\"https:\/\/gyoparosfurdo-oroshaza.hu\/wp-content\/uploads\/2012\/04\/elmenyfurdo_kiemelt.jpg\" class=\"lazyload wp-post-image\" alt=\"\" loading=\"lazy\" \/><span class=\"title\">Gyop\u00e1ros Bathing Experience<\/span><span class=\"text\">Fun and entertainment provided by the adventure pools at Gyop\u00e1ros.<\/span><\/a><a href=\"https:\/\/gyoparosfurdo-oroshaza.hu\/en\/programok\/strandolas-gyoparosfurdon\" title=\"Bathing in Gyop\u00e1rosf\u00fcrd\u0151\" class=\"topten_grid_item\"><span class=\"number\">2<\/span><img width=\"290\" height=\"230\" src=\"https:\/\/gyoparosfurdo-oroshaza.hu\/wp-content\/uploads\/2012\/04\/Strandol\u00e1s_gyoparosfurdon.jpg\" class=\"lazyload wp-post-image\" alt=\"\" loading=\"lazy\" \/><span class=\"title\">Bathing in Gyop\u00e1rosf\u00fcrd\u0151<\/span><span class=\"text\">Sport enthusiasts can have fun in the 50 meter swimming pool or learners\u2019 pool.<\/span><\/a><a href=\"https:\/\/gyoparosfurdo-oroshaza.hu\/en\/programok\/ejszakai-furdozes\" title=\"Night bathing\" class=\"topten_grid_item\"><span class=\"number\">3<\/span><img width=\"290\" height=\"230\" src=\"https:\/\/gyoparosfurdo-oroshaza.hu\/wp-content\/uploads\/2012\/04\/4_Ejszakai_furdozes.jpg\" class=\"lazyload wp-post-image\" alt=\"\" loading=\"lazy\" \/><span class=\"title\">Night bathing<\/span><span class=\"text\">Night bathing in Gyop\u00e1rosf\u00fcrd\u0151 until midnight on saturdays.<\/span><\/a><a href=\"https:\/\/gyoparosfurdo-oroshaza.hu\/en\/programok\/horgasztavak\" title=\"Fishing lakes\" class=\"topten_grid_item\"><span class=\"number\">4<\/span><img width=\"290\" height=\"230\" src=\"https:\/\/gyoparosfurdo-oroshaza.hu\/wp-content\/uploads\/2012\/04\/Horgasztavak.jpg\" class=\"lazyload wp-post-image\" alt=\"\" loading=\"lazy\" \/><span class=\"title\">Fishing lakes<\/span><span class=\"text\">B\u00e9k\u00e9s county offers plenty of fishing possibilities, ideal place for fans of fishing.<\/span><\/a><a href=\"https:\/\/gyoparosfurdo-oroshaza.hu\/en\/programok\/lovassportok\" title=\"Horse riding\" class=\"topten_grid_item\"><span class=\"number\">5<\/span><img width=\"290\" height=\"230\" src=\"https:\/\/gyoparosfurdo-oroshaza.hu\/wp-content\/uploads\/2012\/04\/Lovassportok.jpg\" class=\"lazyload wp-post-image\" alt=\"\" loading=\"lazy\" \/><span class=\"title\">Horse riding<\/span><span class=\"text\">From different point of views Orosh\u00e1za can be considered as centre of horse life in the Southern Great Plain region.<\/span><\/a><a href=\"https:\/\/gyoparosfurdo-oroshaza.hu\/en\/programok\/seta-oroshaza-belvarosaban\" title=\"Walking in Orosh\u00e1za downtown\" class=\"topten_grid_item\"><span class=\"number\">6<\/span><img width=\"290\" height=\"230\" src=\"https:\/\/gyoparosfurdo-oroshaza.hu\/wp-content\/uploads\/2012\/04\/belvarosi_seta_kiemelt.jpg\" class=\"lazyload wp-post-image\" alt=\"\" loading=\"lazy\" \/><span class=\"title\">Walking in Orosh\u00e1za downtown<\/span><span class=\"text\">We can get to know a town really well only by having a pleasant walk in its downtown area.<\/span><\/a><a href=\"https:\/\/gyoparosfurdo-oroshaza.hu\/en\/programok\/piaclatogatas-oroshazan\" title=\"Market - Orosh\u00e1za\" class=\"topten_grid_item\"><span class=\"number\">7<\/span><img width=\"290\" height=\"230\" src=\"https:\/\/gyoparosfurdo-oroshaza.hu\/wp-content\/uploads\/2012\/04\/Piac.jpg\" class=\"lazyload wp-post-image\" alt=\"\" loading=\"lazy\" \/><span class=\"title\">Market - Orosh\u00e1za<\/span><span class=\"text\">When you are in Orosh\u00e1za, do as the locals do During a holiday in Orosh\u00e1za it is worth visiting the local market.<\/span><\/a><a href=\"https:\/\/gyoparosfurdo-oroshaza.hu\/en\/programok\/panorama-kilato\" title=\"Panor\u00e1ma lookout tower\" class=\"topten_grid_item\"><span class=\"number\">8<\/span><img width=\"290\" height=\"230\" src=\"https:\/\/gyoparosfurdo-oroshaza.hu\/wp-content\/uploads\/2012\/04\/Panorama_kilato.jpg\" class=\"lazyload wp-post-image\" alt=\"\" loading=\"lazy\" \/><span class=\"title\">Panor\u00e1ma lookout tower<\/span><span class=\"text\">The Panor\u00e1ma lookout tower is one of the attractions of Orosh\u00e1za and Gyop\u00e1rosf\u00fcrd\u0151.<\/span><\/a><a href=\"https:\/\/gyoparosfurdo-oroshaza.hu\/en\/programok\/tortenelmi-emlekpark\" title=\"Historical Memorial Park\" class=\"topten_grid_item\"><span class=\"number\">9<\/span><img width=\"290\" height=\"230\" src=\"https:\/\/gyoparosfurdo-oroshaza.hu\/wp-content\/uploads\/2012\/04\/Tortenelmi_Emlekpark.jpg\" class=\"lazyload wp-post-image\" alt=\"\" loading=\"lazy\" \/><span class=\"title\">Historical Memorial Park<\/span><span class=\"text\">In the square in front of the T\u00e1ncsics Secondary School, there is a Historical Memorial Park, the work of Tibor Szerv\u00e1tiusz.<\/span><\/a><a href=\"https:\/\/gyoparosfurdo-oroshaza.hu\/en\/programok\/kardoskuti-feherto\" title=\"White Lake at Kardosk\u00fat\" class=\"topten_grid_item\"><span class=\"number\">10<\/span><img width=\"290\" height=\"230\" src=\"https:\/\/gyoparosfurdo-oroshaza.hu\/wp-content\/uploads\/2012\/04\/24_Kardoskuti_feher_to.jpg\" class=\"lazyload wp-post-image\" alt=\"\" loading=\"lazy\" \/><span class=\"title\">White Lake at Kardosk\u00fat<\/span><span class=\"text\">White Lake at Kardosk\u00fat is a must-see for visitors spending their holiday at Orosh\u00e1za or its surroundings.<\/span><\/a><a href=\"https:\/\/gyoparosfurdo-oroshaza.hu\/en\/programok\/oroshazi-sajtkeszito-muhely\" title=\"Cheese manufacturing workshop at Orosh\u00e1za\" class=\"topten_grid_item\"><span class=\"number\">11<\/span><img width=\"290\" height=\"230\" src=\"https:\/\/gyoparosfurdo-oroshaza.hu\/wp-content\/uploads\/2012\/11\/sajt.jpg\" class=\"lazyload wp-post-image\" alt=\"\" loading=\"lazy\" \/><span class=\"title\">Cheese manufacturing workshop at Orosh\u00e1za<\/span><span class=\"text\">Workshop of a local cheese manufacturer, how is real home-made cheese produced<\/span><\/a><a href=\"https:\/\/gyoparosfurdo-oroshaza.hu\/en\/programok\/uveg-kortefa\" title=\"Glass Wild Pear Tree\" class=\"topten_grid_item\"><span class=\"number\">12<\/span><img width=\"290\" height=\"230\" src=\"https:\/\/gyoparosfurdo-oroshaza.hu\/wp-content\/uploads\/2013\/09\/korte.jpg\" class=\"lazyload wp-post-image\" alt=\"\" loading=\"lazy\" \/><span class=\"title\">Glass Wild Pear Tree<\/span><span class=\"text\">Glass Wild Pear Tree at the Main Square of Orosh\u00e1za town <\/span><\/a><div class=\"clear\"><\/div><\/div>\n<div class=\"W560\">\n<span class=\"h3\">Where kids surely will not get bored<\/span><\/p>\n<h2>Orosh\u00e1za is a quiet and child-friendly small town, where all conditions are provided for a happy family day. <\/h2>\n<p>Children easily get bored, it is difficult to keep their interest for a longer time. Well, Orosh\u00e1za offers a wide range of possibilities to entertain children of any age be it younger or elder.<\/p>\n<p><img loading=\"lazy\" src=\"\/wp-content\/uploads\/2012\/04\/csaladi_program.jpg\" alt=\"Csal\u00e1di program Orosh\u00e1z\u00e1n\" title=\"Csal\u00e1di program Orosh\u00e1z\u00e1n\" width=\"190\" height=\"126\" class=\"alignleft\" \/><br \/>\nLet\u2019s start with <a href=\"https:\/\/gyoparosfurdo-oroshaza.hu\/en\/gyoparosfurdo\" title=\"Gyop\u00e1rosf\u00fcrd\u0151\">Gyop\u00e1rosf\u00fcrd\u0151<\/a>: both <a href=\"https:\/\/gyoparosfurdo-oroshaza.huhttps:\/\/gyoparosfurdo-oroshaza.hu\/en\/gyoparosfurdo\/aquapark\" title=\"adventure pools\">adventure pools<\/a>,<a href=\"https:\/\/gyoparosfurdo-oroshaza.huhttps:\/\/gyoparosfurdo-oroshaza.hu\/en\/gyoparosfurdo\/park-and-outdoor-pools\" title=\"Park pools, beach\"> outdoor pools<\/a> and <a href=\"https:\/\/gyoparosfurdo-oroshaza.huhttps:\/\/gyoparosfurdo-oroshaza.hu\/en\/gyoparosfurdo\/park-and-outdoor-pools\" title=\"Park pools, beach\">park<\/a> respect the demands of a families arriving with children. There are a lot of functions that are aimed to children mainly, offering entertainment for the whole family.  Kids\u2019 favourite programmes are <a href=\"\/en\/programok\/csonakazas-a-tavon\" title=\"Boating\">boating<\/a> or water cycling on Gyop\u00e1ros Lake.<\/p>\n<p>Visitors arriving by car should fit in their schedule a trip to Kardosk\u00fat, <a href=\"\/en\/programok\/kardoskuti-feherto\" title=\"White Lake\">Feh\u00e9rt\u00f3 (White Lake)<\/a>, which is a nature conservation area. The beauty of the landscape, the unbroken horizon, the mosaics of extensively cultivated lands and grasslands, the natural values of the region all worth a trip. Tourists can visit the stocks of Hungarian grey cattle, racka and cigaja sheep owned by the K\u00f6r\u00f6s-Maros National Park at its Feh\u00e9rt\u00f3 unit at Kardosk\u00fat, namely at the S\u00f3st\u00f3 establishment.<\/p>\n<p>The town offers a number of playgrounds throughout the town for your child&#8217;s enjoyment and meet the European regulations: they are safe and made of environment friendly materials and provide children with an exciting environment, stimulating their mind. The Malta playground is guarded, offers happy hours for children.<\/p>\n<p>Although there is no separate playhouse for children, the local Culture Center regularly offers programmes and theatrical plays for children. Not to mention the summer festivals and concerts dedicated for children.<\/p>\n<p>Holidays with babies and toddlers need not be stressful. You can take babies or young children for a holiday at Orosh\u00e1za as all <a href=\"https:\/\/gyoparosfurdo-oroshaza.hu\/en\/accomodations\" title=\"Accomodations\">accomodations<\/a> are prepared for their special needs, while most <a href=\"https:\/\/gyoparosfurdo-oroshaza.hu\/en\/oroshaza\/restaurants\" title=\"Restaurants\">restaurants<\/a> provide feeding chair and easy access for baby buggies. This is also valid for the down-town: streets, institutions and shops are all easily accessible for baby buggies.<\/p>\n<p>The notion family does not necessarily mean only mother-father-children: three-generation families are also welcome at Gyop\u00e1rosf\u00fcrd\u0151 and Orosh\u00e1za:<a href=\"https:\/\/gyoparosfurdo-oroshaza.huhttps:\/\/gyoparosfurdo-oroshaza.hu\/en\/gyoparosfurdo\/thermal-spa\" title=\"Thermal spa\"> thermal bath<\/a> is mainly recommended for the elder generation, but active forms of pastime are provided as well such as:  <a href=\"https:\/\/gyoparosfurdo-oroshaza.hu\/en\/gyoparosfurdo\" title=\"Bathing\">bathing<\/a>, walk in the park or in the <a href=\"\/en\/programok\/seta-oroshaza-belvarosaban\" title=\"Town\">town<\/a>, <a href=\"https:\/\/gyoparosfurdo-oroshaza.hu\/en\/programs\/for-sports-fans\" title=\"Sport\">sport<\/a> facilities and <a href=\"https:\/\/gyoparosfurdo-oroshaza.hu\/en\/programs\/for-culture-fans\" title=\"cultur\">cultural<\/a> programmes. All in all members of each generation will find the proper pastime during a holiday here.<\/p>\n<h3>Pictures<\/h3>\n\n<div class=\"ngg-galleryoverview\" id=\"ngg-gallery-21-26047\">\n\n\n\t\n\t<!-- Thumbnails -->\n\t\t\n\t<div id=\"ngg-image-1291\" class=\"ngg-gallery-thumbnail-box\"  >\n\t\t<div class=\"ngg-gallery-thumbnail\" >\n\t\t\t<a href=\"https:\/\/gyoparosfurdo-oroshaza.hu\/wp-content\/gallery\/csalad\/cs1.jpg\" title=\"Gyermekkuck\u00f3 Gyop\u00e1roson\" class=\"thickbox\" rel=\"set_21\" >\n\t\t\t\t\t\t\t\t<img title=\"Gyermekkuck\u00f3 Gyop\u00e1roson\" alt=\"Gyermekkuck\u00f3 Gyop\u00e1roson\" src=\"https:\/\/gyoparosfurdo-oroshaza.hu\/wp-content\/gallery\/csalad\/thumbs\/thumbs_cs1.jpg\" width=\"120\" height=\"95\" \/>\n\t\t\t\t\t\t\t<\/a>\n\t\t<\/div>\n\t<\/div>\n\t\n\t\t\n \t\t\n\t<div id=\"ngg-image-986\" class=\"ngg-gallery-thumbnail-box\"  >\n\t\t<div class=\"ngg-gallery-thumbnail\" >\n\t\t\t<a href=\"https:\/\/gyoparosfurdo-oroshaza.hu\/wp-content\/gallery\/csalad\/gyoparosfurdo_levegobol.jpg\" title=\"Gyop\u00e1rosf\u00fcrd\u0151 a leveg\u0151b\u0151l\" class=\"thickbox\" rel=\"set_21\" >\n\t\t\t\t\t\t\t\t<img title=\"Gyop\u00e1rosf\u00fcrd\u0151 a leveg\u0151b\u0151l\" alt=\"Gyop\u00e1rosf\u00fcrd\u0151 a leveg\u0151b\u0151l\" src=\"https:\/\/gyoparosfurdo-oroshaza.hu\/wp-content\/gallery\/csalad\/thumbs\/thumbs_gyoparosfurdo_levegobol.jpg\" width=\"120\" height=\"95\" \/>\n\t\t\t\t\t\t\t<\/a>\n\t\t<\/div>\n\t<\/div>\n\t\n\t\t\n \t\t\n\t<div id=\"ngg-image-1292\" class=\"ngg-gallery-thumbnail-box\"  >\n\t\t<div class=\"ngg-gallery-thumbnail\" >\n\t\t\t<a href=\"https:\/\/gyoparosfurdo-oroshaza.hu\/wp-content\/gallery\/csalad\/cs2.jpg\" title=\"Gyermekkuck\u00f3 Gyop\u00e1roson\" class=\"thickbox\" rel=\"set_21\" >\n\t\t\t\t\t\t\t\t<img title=\"Gyermekkuck\u00f3 Gyop\u00e1roson\" alt=\"Gyermekkuck\u00f3 Gyop\u00e1roson\" src=\"https:\/\/gyoparosfurdo-oroshaza.hu\/wp-content\/gallery\/csalad\/thumbs\/thumbs_cs2.jpg\" width=\"120\" height=\"95\" \/>\n\t\t\t\t\t\t\t<\/a>\n\t\t<\/div>\n\t<\/div>\n\t\n\t\t\n \t\t\n\t<div id=\"ngg-image-981\" class=\"ngg-gallery-thumbnail-box\"  >\n\t\t<div class=\"ngg-gallery-thumbnail\" >\n\t\t\t<a href=\"https:\/\/gyoparosfurdo-oroshaza.hu\/wp-content\/gallery\/csalad\/elmenyfurdo_napsutes.jpg\" title=\"Gyop\u00e1rosf\u00fcrd\u0151 \u00e9lm\u00e9nyf\u00fcrd\u0151je\" class=\"thickbox\" rel=\"set_21\" >\n\t\t\t\t\t\t\t\t<img title=\"Gyop\u00e1rosf\u00fcrd\u0151 \u00e9lm\u00e9nyf\u00fcrd\u0151je\" alt=\"Gyop\u00e1rosf\u00fcrd\u0151 \u00e9lm\u00e9nyf\u00fcrd\u0151je\" src=\"https:\/\/gyoparosfurdo-oroshaza.hu\/wp-content\/gallery\/csalad\/thumbs\/thumbs_elmenyfurdo_napsutes.jpg\" width=\"120\" height=\"95\" \/>\n\t\t\t\t\t\t\t<\/a>\n\t\t<\/div>\n\t<\/div>\n\t\n\t\t\n \t\t\n\t<div id=\"ngg-image-1293\" class=\"ngg-gallery-thumbnail-box\"  >\n\t\t<div class=\"ngg-gallery-thumbnail\" >\n\t\t\t<a href=\"https:\/\/gyoparosfurdo-oroshaza.hu\/wp-content\/gallery\/csalad\/cs3.jpg\" title=\"Gyermekkuck\u00f3 Gyop\u00e1roson\" class=\"thickbox\" rel=\"set_21\" >\n\t\t\t\t\t\t\t\t<img title=\"Gyermekkuck\u00f3 Gyop\u00e1roson\" alt=\"Gyermekkuck\u00f3 Gyop\u00e1roson\" src=\"https:\/\/gyoparosfurdo-oroshaza.hu\/wp-content\/gallery\/csalad\/thumbs\/thumbs_cs3.jpg\" width=\"120\" height=\"95\" \/>\n\t\t\t\t\t\t\t<\/a>\n\t\t<\/div>\n\t<\/div>\n\t\n\t\t\n \t\t\n\t<div id=\"ngg-image-982\" class=\"ngg-gallery-thumbnail-box\"  >\n\t\t<div class=\"ngg-gallery-thumbnail\" >\n\t\t\t<a href=\"https:\/\/gyoparosfurdo-oroshaza.hu\/wp-content\/gallery\/csalad\/gyoparosfurdo-gyogyfurdo.jpg\" title=\"Gyop\u00e1rosf\u00fcrd\u0151 gy\u00f3gyf\u00fcrd\u0151je\" class=\"thickbox\" rel=\"set_21\" >\n\t\t\t\t\t\t\t\t<img title=\"Gyop\u00e1rosf\u00fcrd\u0151 gy\u00f3gyf\u00fcrd\u0151je\" alt=\"Gyop\u00e1rosf\u00fcrd\u0151 gy\u00f3gyf\u00fcrd\u0151je\" src=\"https:\/\/gyoparosfurdo-oroshaza.hu\/wp-content\/gallery\/csalad\/thumbs\/thumbs_gyoparosfurdo-gyogyfurdo.jpg\" width=\"120\" height=\"95\" \/>\n\t\t\t\t\t\t\t<\/a>\n\t\t<\/div>\n\t<\/div>\n\t\n\t\t\n \t\t\n\t<div id=\"ngg-image-1294\" class=\"ngg-gallery-thumbnail-box\"  >\n\t\t<div class=\"ngg-gallery-thumbnail\" >\n\t\t\t<a href=\"https:\/\/gyoparosfurdo-oroshaza.hu\/wp-content\/gallery\/csalad\/cs4.jpg\" title=\"Gyermekkuck\u00f3 Gyop\u00e1roson\" class=\"thickbox\" rel=\"set_21\" >\n\t\t\t\t\t\t\t\t<img title=\"Gyermekkuck\u00f3 Gyop\u00e1roson\" alt=\"Gyermekkuck\u00f3 Gyop\u00e1roson\" src=\"https:\/\/gyoparosfurdo-oroshaza.hu\/wp-content\/gallery\/csalad\/thumbs\/thumbs_cs4.jpg\" width=\"120\" height=\"95\" \/>\n\t\t\t\t\t\t\t<\/a>\n\t\t<\/div>\n\t<\/div>\n\t\n\t\t\n \t\t\n\t<div id=\"ngg-image-984\" class=\"ngg-gallery-thumbnail-box\"  >\n\t\t<div class=\"ngg-gallery-thumbnail\" >\n\t\t\t<a href=\"https:\/\/gyoparosfurdo-oroshaza.hu\/wp-content\/gallery\/csalad\/gyoparosfurdo-szauna-2.jpg\" title=\"Szaunapark Gyop\u00e1rosf\u00fcrd\u0151n\" class=\"thickbox\" rel=\"set_21\" >\n\t\t\t\t\t\t\t\t<img title=\"Szaunapark Gyop\u00e1rosf\u00fcrd\u0151n\" alt=\"Szaunapark Gyop\u00e1rosf\u00fcrd\u0151n\" src=\"https:\/\/gyoparosfurdo-oroshaza.hu\/wp-content\/gallery\/csalad\/thumbs\/thumbs_gyoparosfurdo-szauna-2.jpg\" width=\"120\" height=\"95\" \/>\n\t\t\t\t\t\t\t<\/a>\n\t\t<\/div>\n\t<\/div>\n\t\n\t\t\n \t\t\n\t<div id=\"ngg-image-173\" class=\"ngg-gallery-thumbnail-box\"  >\n\t\t<div class=\"ngg-gallery-thumbnail\" >\n\t\t\t<a href=\"https:\/\/gyoparosfurdo-oroshaza.hu\/wp-content\/gallery\/csalad\/csalad_01.jpg\" title=\"Az \u00e9lm\u00e9nyf\u00fcrd\u0151ben sz\u00e1mos j\u00e1t\u00e9k \u00e9s attrakci\u00f3 v\u00e1rja a cs\u00f6pps\u00e9geket\" class=\"thickbox\" rel=\"set_21\" >\n\t\t\t\t\t\t\t\t<img title=\"Gyermekj\u00e1t\u00e9k az \u00e9lm\u00e9nyf\u00fcrd\u0151ben\" alt=\"Gyermekj\u00e1t\u00e9k az \u00e9lm\u00e9nyf\u00fcrd\u0151ben\" src=\"https:\/\/gyoparosfurdo-oroshaza.hu\/wp-content\/gallery\/csalad\/thumbs\/thumbs_csalad_01.jpg\" width=\"120\" height=\"95\" \/>\n\t\t\t\t\t\t\t<\/a>\n\t\t<\/div>\n\t<\/div>\n\t\n\t\t\n \t\t\n\t<div id=\"ngg-image-174\" class=\"ngg-gallery-thumbnail-box\"  >\n\t\t<div class=\"ngg-gallery-thumbnail\" >\n\t\t\t<a href=\"https:\/\/gyoparosfurdo-oroshaza.hu\/wp-content\/gallery\/csalad\/csalad_02.jpg\" title=\"Az \u00faszni tud\u00f3 gyermekeknek j\u00f3 sz\u00f3rakoz\u00e1s az 50 m\u00e9teres, hideg viz\u0171 sportmedence\" class=\"thickbox\" rel=\"set_21\" >\n\t\t\t\t\t\t\t\t<img title=\"Csal\u00e1di sz\u00f3rakoz\u00e1s a sportmedenc\u00e9ben\" alt=\"Csal\u00e1di sz\u00f3rakoz\u00e1s a sportmedenc\u00e9ben\" src=\"https:\/\/gyoparosfurdo-oroshaza.hu\/wp-content\/gallery\/csalad\/thumbs\/thumbs_csalad_02.jpg\" width=\"120\" height=\"95\" \/>\n\t\t\t\t\t\t\t<\/a>\n\t\t<\/div>\n\t<\/div>\n\t\n\t\t\n \t\t\n\t<div id=\"ngg-image-980\" class=\"ngg-gallery-thumbnail-box\"  >\n\t\t<div class=\"ngg-gallery-thumbnail\" >\n\t\t\t<a href=\"https:\/\/gyoparosfurdo-oroshaza.hu\/wp-content\/gallery\/csalad\/gyoparosfurdo-kulteri.jpg\" title=\"F\u00fcrd\u00e9s a k\u00fclt\u00e9ri medenc\u00e9ben\" class=\"thickbox\" rel=\"set_21\" >\n\t\t\t\t\t\t\t\t<img title=\"F\u00fcrd\u00e9s a k\u00fclt\u00e9ri medenc\u00e9ben\" alt=\"F\u00fcrd\u00e9s a k\u00fclt\u00e9ri medenc\u00e9ben\" src=\"https:\/\/gyoparosfurdo-oroshaza.hu\/wp-content\/gallery\/csalad\/thumbs\/thumbs_gyoparosfurdo-kulteri.jpg\" width=\"120\" height=\"95\" \/>\n\t\t\t\t\t\t\t<\/a>\n\t\t<\/div>\n\t<\/div>\n\t\n\t\t\n \t\t\n\t<div id=\"ngg-image-979\" class=\"ngg-gallery-thumbnail-box\"  >\n\t\t<div class=\"ngg-gallery-thumbnail\" >\n\t\t\t<a href=\"https:\/\/gyoparosfurdo-oroshaza.hu\/wp-content\/gallery\/csalad\/gyermekmedence-gyoparosfurdo.jpg\" title=\"Gyermekmedence Gyop\u00e1rosf\u00fcrd\u0151n\" class=\"thickbox\" rel=\"set_21\" >\n\t\t\t\t\t\t\t\t<img title=\"Gyermekmedence Gyop\u00e1rosf\u00fcrd\u0151n\" alt=\"Gyermekmedence Gyop\u00e1rosf\u00fcrd\u0151n\" src=\"https:\/\/gyoparosfurdo-oroshaza.hu\/wp-content\/gallery\/csalad\/thumbs\/thumbs_gyermekmedence-gyoparosfurdo.jpg\" width=\"120\" height=\"95\" \/>\n\t\t\t\t\t\t\t<\/a>\n\t\t<\/div>\n\t<\/div>\n\t\n\t\t\n \t\t\n\t<div id=\"ngg-image-176\" class=\"ngg-gallery-thumbnail-box\"  >\n\t\t<div class=\"ngg-gallery-thumbnail\" >\n\t\t\t<a href=\"https:\/\/gyoparosfurdo-oroshaza.hu\/wp-content\/gallery\/csalad\/csalad_04.jpg\" title=\"Az \u00e9lm\u00e9nyf\u00fcrd\u0151ben sz\u00e1mos j\u00e1t\u00e9k \u00e9s attrakci\u00f3 v\u00e1rja a cs\u00f6pps\u00e9geket\" class=\"thickbox\" rel=\"set_21\" >\n\t\t\t\t\t\t\t\t<img title=\"Gyermekj\u00e1t\u00e9k az \u00e9lm\u00e9nyf\u00fcrd\u0151ben\" alt=\"Gyermekj\u00e1t\u00e9k az \u00e9lm\u00e9nyf\u00fcrd\u0151ben\" src=\"https:\/\/gyoparosfurdo-oroshaza.hu\/wp-content\/gallery\/csalad\/thumbs\/thumbs_csalad_04.jpg\" width=\"120\" height=\"95\" \/>\n\t\t\t\t\t\t\t<\/a>\n\t\t<\/div>\n\t<\/div>\n\t\n\t\t\n \t\t\n\t<div id=\"ngg-image-178\" class=\"ngg-gallery-thumbnail-box\"  >\n\t\t<div class=\"ngg-gallery-thumbnail\" >\n\t\t\t<a href=\"https:\/\/gyoparosfurdo-oroshaza.hu\/wp-content\/gallery\/csalad\/csalad_06.jpg\" title=\"Az \u00e9lm\u00e9nyf\u00fcrd\u0151 cs\u00faszd\u00e1it kicsik \u00e9s nagyok egyar\u00e1nt kedvelik\" class=\"thickbox\" rel=\"set_21\" >\n\t\t\t\t\t\t\t\t<img title=\"Csal\u00e1di cs\u00faszd\u00e1z\u00e1s\" alt=\"Csal\u00e1di cs\u00faszd\u00e1z\u00e1s\" src=\"https:\/\/gyoparosfurdo-oroshaza.hu\/wp-content\/gallery\/csalad\/thumbs\/thumbs_csalad_06.jpg\" width=\"120\" height=\"95\" \/>\n\t\t\t\t\t\t\t<\/a>\n\t\t<\/div>\n\t<\/div>\n\t\n\t\t\n \t\t\n\t<div id=\"ngg-image-181\" class=\"ngg-gallery-thumbnail-box\"  >\n\t\t<div class=\"ngg-gallery-thumbnail\" >\n\t\t\t<a href=\"https:\/\/gyoparosfurdo-oroshaza.hu\/wp-content\/gallery\/csalad\/csalad_09.jpg\" title=\"Gyermekprogram a v\u00e1rosi k\u00f6nyvt\u00e1rban\" class=\"thickbox\" rel=\"set_21\" >\n\t\t\t\t\t\t\t\t<img title=\"Csal\u00e1di programok\" alt=\"Csal\u00e1di programok\" src=\"https:\/\/gyoparosfurdo-oroshaza.hu\/wp-content\/gallery\/csalad\/thumbs\/thumbs_csalad_09.jpg\" width=\"120\" height=\"95\" \/>\n\t\t\t\t\t\t\t<\/a>\n\t\t<\/div>\n\t<\/div>\n\t\n\t\t\n \t\t\n\t<div id=\"ngg-image-182\" class=\"ngg-gallery-thumbnail-box\"  >\n\t\t<div class=\"ngg-gallery-thumbnail\" >\n\t\t\t<a href=\"https:\/\/gyoparosfurdo-oroshaza.hu\/wp-content\/gallery\/csalad\/csalad_10.jpg\" title=\"Orosh\u00e1za k\u00f6rny\u00e9ke \u00e9rdekes kir\u00e1ndul\u00e1si lehet\u0151s\u00e9geket k\u00edn\u00e1l\" class=\"thickbox\" rel=\"set_21\" >\n\t\t\t\t\t\t\t\t<img title=\"Kir\u00e1ndul\u00e1s csal\u00e1ddal\" alt=\"Kir\u00e1ndul\u00e1s csal\u00e1ddal\" src=\"https:\/\/gyoparosfurdo-oroshaza.hu\/wp-content\/gallery\/csalad\/thumbs\/thumbs_csalad_10.jpg\" width=\"120\" height=\"95\" \/>\n\t\t\t\t\t\t\t<\/a>\n\t\t<\/div>\n\t<\/div>\n\t\n\t\t\n \t\t\n\t<div id=\"ngg-image-183\" class=\"ngg-gallery-thumbnail-box\"  >\n\t\t<div class=\"ngg-gallery-thumbnail\" >\n\t\t\t<a href=\"https:\/\/gyoparosfurdo-oroshaza.hu\/wp-content\/gallery\/csalad\/csalad_11.jpg\" title=\"Sz\u00fcrkemarha telep a Kardosk\u00fati Feh\u00e9rt\u00f3 ter\u00fclet\u00e9n\" class=\"thickbox\" rel=\"set_21\" >\n\t\t\t\t\t\t\t\t<img title=\"Csal\u00e1di program Kardosk\u00faton\" alt=\"Csal\u00e1di program Kardosk\u00faton\" src=\"https:\/\/gyoparosfurdo-oroshaza.hu\/wp-content\/gallery\/csalad\/thumbs\/thumbs_csalad_11.jpg\" width=\"120\" height=\"95\" \/>\n\t\t\t\t\t\t\t<\/a>\n\t\t<\/div>\n\t<\/div>\n\t\n\t\t\n \t\t\n\t<div id=\"ngg-image-184\" class=\"ngg-gallery-thumbnail-box\"  >\n\t\t<div class=\"ngg-gallery-thumbnail\" >\n\t\t\t<a href=\"https:\/\/gyoparosfurdo-oroshaza.hu\/wp-content\/gallery\/csalad\/csalad_12.jpg\" title=\"A Feh\u00e9rt\u00f3 mad\u00e1rvil\u00e1ga izgalmas l\u00e1tnival\u00f3t k\u00edn\u00e1l kicsiknek, nagyoknak egyar\u00e1nt\" class=\"thickbox\" rel=\"set_21\" >\n\t\t\t\t\t\t\t\t<img title=\"Mad\u00e1rles Feh\u00e9rt\u00f3n\" alt=\"Mad\u00e1rles Feh\u00e9rt\u00f3n\" src=\"https:\/\/gyoparosfurdo-oroshaza.hu\/wp-content\/gallery\/csalad\/thumbs\/thumbs_csalad_12.jpg\" width=\"120\" height=\"95\" \/>\n\t\t\t\t\t\t\t<\/a>\n\t\t<\/div>\n\t<\/div>\n\t\n\t\t\n \t\t\n\t<div id=\"ngg-image-987\" class=\"ngg-gallery-thumbnail-box\"  >\n\t\t<div class=\"ngg-gallery-thumbnail\" >\n\t\t\t<a href=\"https:\/\/gyoparosfurdo-oroshaza.hu\/wp-content\/gallery\/csalad\/oroshaza-foter-2.jpg\" title=\"Orosh\u00e1za meg\u00fajult f\u0151tere\" class=\"thickbox\" rel=\"set_21\" >\n\t\t\t\t\t\t\t\t<img title=\"Orosh\u00e1za meg\u00fajult f\u0151tere\" alt=\"Orosh\u00e1za meg\u00fajult f\u0151tere\" src=\"https:\/\/gyoparosfurdo-oroshaza.hu\/wp-content\/gallery\/csalad\/thumbs\/thumbs_oroshaza-foter-2.jpg\" width=\"120\" height=\"95\" \/>\n\t\t\t\t\t\t\t<\/a>\n\t\t<\/div>\n\t<\/div>\n\t\n\t\t\n \t\t\n\t<div id=\"ngg-image-988\" class=\"ngg-gallery-thumbnail-box\"  >\n\t\t<div class=\"ngg-gallery-thumbnail\" >\n\t\t\t<a href=\"https:\/\/gyoparosfurdo-oroshaza.hu\/wp-content\/gallery\/csalad\/oroshaza-foter-gyerekek.jpg\" title=\"Orosh\u00e1za meg\u00fajult f\u0151tere\" class=\"thickbox\" rel=\"set_21\" >\n\t\t\t\t\t\t\t\t<img title=\"Orosh\u00e1za meg\u00fajult f\u0151tere\" alt=\"Orosh\u00e1za meg\u00fajult f\u0151tere\" src=\"https:\/\/gyoparosfurdo-oroshaza.hu\/wp-content\/gallery\/csalad\/thumbs\/thumbs_oroshaza-foter-gyerekek.jpg\" width=\"120\" height=\"95\" \/>\n\t\t\t\t\t\t\t<\/a>\n\t\t<\/div>\n\t<\/div>\n\t\n\t\t\n \t \t\n\t<!-- Pagination -->\n \t<div class='ngg-clear'><\/div>\n \t\n<\/div>\n\n<\/div>\n","protected":false},"excerpt":{"rendered":"<p>Where kids surely will not get bored Orosh\u00e1za is a quiet and child-friendly small town, where all conditions are provided for a happy family day. Children easily get bored, it is difficult to keep their interest for a longer time. &hellip; <a href=\"https:\/\/gyoparosfurdo-oroshaza.hu\/en\/programs\/for-families\">Folytat\u00e1s <span class=\"meta-nav\">&rarr;<\/span><\/a><\/p>\n","protected":false},"author":6,"featured_media":0,"parent":26026,"menu_order":0,"comment_status":"closed","ping_status":"closed","template":"","meta":[],"_links":{"self":[{"href":"https:\/\/gyoparosfurdo-oroshaza.hu\/en\/wp-json\/wp\/v2\/pages\/26047"}],"collection":[{"href":"https:\/\/gyoparosfurdo-oroshaza.hu\/en\/wp-json\/wp\/v2\/pages"}],"about":[{"href":"https:\/\/gyoparosfurdo-oroshaza.hu\/en\/wp-json\/wp\/v2\/types\/page"}],"author":[{"embeddable":true,"href":"https:\/\/gyoparosfurdo-oroshaza.hu\/en\/wp-json\/wp\/v2\/users\/6"}],"replies":[{"embeddable":true,"href":"https:\/\/gyoparosfurdo-oroshaza.hu\/en\/wp-json\/wp\/v2\/comments?post=26047"}],"version-history":[{"count":0,"href":"https:\/\/gyoparosfurdo-oroshaza.hu\/en\/wp-json\/wp\/v2\/pages\/26047\/revisions"}],"up":[{"embeddable":true,"href":"https:\/\/gyoparosfurdo-oroshaza.hu\/en\/wp-json\/wp\/v2\/pages\/26026"}],"wp:attachment":[{"href":"https:\/\/gyoparosfurdo-oroshaza.hu\/en\/wp-json\/wp\/v2\/media?parent=26047"}],"curies":[{"name":"wp","href":"https:\/\/api.w.org\/{rel}","templated":true}]}}