{"id":26030,"date":"2012-04-13T11:26:17","date_gmt":"2012-04-13T09:26:17","guid":{"rendered":"https:\/\/gyoparosfurdo-oroshaza.hu\/1-day"},"modified":"2012-04-13T11:26:17","modified_gmt":"2012-04-13T10:26:17","slug":"1-day","status":"publish","type":"page","link":"https:\/\/gyoparosfurdo-oroshaza.hu\/en\/programs\/1-day","title":{"rendered":"1 day"},"content":{"rendered":"<div class=\"topten_grid_container topten_page\"><div class=\"topten_grid_item\"><span class=\"h3\">Top programmes<\/span><a href=\"\/en\/programs\/in-winter\" class=\"topten_in-winter first\">in winter &raquo;<\/a><a href=\"\/en\/programs\/for-youngsters\" class=\"topten_for-youngsters\">for youngsters &raquo;<\/a><a href=\"\/en\/programs\/for-couples\" class=\"topten_for-couples first\">for couples &raquo;<\/a><a href=\"\/en\/programs\/by-car\" class=\"topten_by-car\">by car &raquo;<\/a><a href=\"\/en\/programs\/for-culture-fans\" class=\"topten_for-culture-fans first\">for culture fans &raquo;<\/a><a href=\"\/en\/programs\/1-week\" class=\"topten_1-week\">for 1 week &raquo;<\/a><a href=\"\/en\/programs\/for-anglers\" class=\"topten_for-anglers first\">for anglers &raquo;<\/a><a href=\"\/en\/programs\/for-photographers\" class=\"topten_for-photographers\">for photographers &raquo;<\/a><a href=\"\/en\/programs\/for-sports-fans\" class=\"topten_for-sports-fans first\">for sports fans &raquo;<\/a><a href=\"\/en\/programs\/for-families\" class=\"topten_for-families\">for families &raquo;<\/a><a href=\"\/en\/programs\/in-summer\" class=\"topten_in-summer first\">in summer &raquo;<\/a><a href=\"\/en\/programs\/1-day\" class=\"topten_1-day active\">for 1 day &raquo;<\/a><a href=\"\/en\/programs\/for-cyclers\" class=\"topten_for-cyclers first\">for cyclers &raquo;<\/a><a href=\"\/en\/programs\/for-a-weekend\" class=\"topten_for-a-weekend\">for a weekend &raquo;<\/a><\/div><a href=\"https:\/\/gyoparosfurdo-oroshaza.hu\/en\/programok\/elmenyfurdozes-gyoparoson\" title=\"Gyop\u00e1ros Bathing Experience\" class=\"topten_grid_item\"><span class=\"number\">1<\/span><img width=\"290\" height=\"230\" src=\"https:\/\/gyoparosfurdo-oroshaza.hu\/wp-content\/uploads\/2012\/04\/elmenyfurdo_kiemelt.jpg\" class=\"lazyload wp-post-image\" alt=\"\" loading=\"lazy\" \/><span class=\"title\">Gyop\u00e1ros Bathing Experience<\/span><span class=\"text\">Fun and entertainment provided by the adventure pools at Gyop\u00e1ros.<\/span><\/a><a href=\"https:\/\/gyoparosfurdo-oroshaza.hu\/en\/programok\/strandolas-gyoparosfurdon\" title=\"Bathing in Gyop\u00e1rosf\u00fcrd\u0151\" class=\"topten_grid_item\"><span class=\"number\">2<\/span><img width=\"290\" height=\"230\" src=\"https:\/\/gyoparosfurdo-oroshaza.hu\/wp-content\/uploads\/2012\/04\/Strandol\u00e1s_gyoparosfurdon.jpg\" class=\"lazyload wp-post-image\" alt=\"\" loading=\"lazy\" \/><span class=\"title\">Bathing in Gyop\u00e1rosf\u00fcrd\u0151<\/span><span class=\"text\">Sport enthusiasts can have fun in the 50 meter swimming pool or learners\u2019 pool.<\/span><\/a><a href=\"https:\/\/gyoparosfurdo-oroshaza.hu\/en\/programok\/ejszakai-furdozes\" title=\"Night bathing\" class=\"topten_grid_item\"><span class=\"number\">3<\/span><img width=\"290\" height=\"230\" src=\"https:\/\/gyoparosfurdo-oroshaza.hu\/wp-content\/uploads\/2012\/04\/4_Ejszakai_furdozes.jpg\" class=\"lazyload wp-post-image\" alt=\"\" loading=\"lazy\" \/><span class=\"title\">Night bathing<\/span><span class=\"text\">Night bathing in Gyop\u00e1rosf\u00fcrd\u0151 until midnight on saturdays.<\/span><\/a><a href=\"https:\/\/gyoparosfurdo-oroshaza.hu\/en\/programok\/seta-oroshaza-belvarosaban\" title=\"Walking in Orosh\u00e1za downtown\" class=\"topten_grid_item\"><span class=\"number\">4<\/span><img width=\"290\" height=\"230\" src=\"https:\/\/gyoparosfurdo-oroshaza.hu\/wp-content\/uploads\/2012\/04\/belvarosi_seta_kiemelt.jpg\" class=\"lazyload wp-post-image\" alt=\"\" loading=\"lazy\" \/><span class=\"title\">Walking in Orosh\u00e1za downtown<\/span><span class=\"text\">We can get to know a town really well only by having a pleasant walk in its downtown area.<\/span><\/a><a href=\"https:\/\/gyoparosfurdo-oroshaza.hu\/en\/programok\/piaclatogatas-oroshazan\" title=\"Market - Orosh\u00e1za\" class=\"topten_grid_item\"><span class=\"number\">5<\/span><img width=\"290\" height=\"230\" src=\"https:\/\/gyoparosfurdo-oroshaza.hu\/wp-content\/uploads\/2012\/04\/Piac.jpg\" class=\"lazyload wp-post-image\" alt=\"\" loading=\"lazy\" \/><span class=\"title\">Market - Orosh\u00e1za<\/span><span class=\"text\">When you are in Orosh\u00e1za, do as the locals do During a holiday in Orosh\u00e1za it is worth visiting the local market.<\/span><\/a><div class=\"clear\"><\/div><\/div>\n<div class=\"W560\">\n<span class=\"h3\">A short trip in gyop\u00e1ros<\/span><\/p>\n<h2>Eight-ten hours is not a long time. Actually this is the time we spend sleeping or working during a single day.<\/h2>\n<p>If we want to spend eight hours in a really meaningful way, we can do a lot of things at Gyop\u00e1rosf\u00fcrd\u0151. Let\u2019s start with a pleasant <a href=\"\/en\/programok\/seta-oroshaza-belvarosaban\" title=\"Walking in Orosh\u00e1za downtown\">walk in the town<\/a>. The best starting point could be Kossuth street, which is the pleasant walking street of the town. Just a few steps from here we can find the traditional<a href=\"\/en\/programok\/piaclatogatas-oroshazan\" title=\"Market \u2013 Orosh\u00e1za\"> town market<\/a> and hall, where local farmers sell their high quality reliable products. It is worth walking to R\u00e1k\u00f3czi street and Endre Th\u00e9k street with the <a href=\"\/en\/programok\/varosi-keptar\" title=\"Town Art\">Town Art Gallery<\/a>, which has unique permanent and temporary exhibitions all year round. In the same time we can visit the only monumental building of the town, the Evangelical church.<\/p>\n<p>In the town centre everything is at our disposal to settle our affairs: shopping, banking or insurance. <\/p>\n<p>When we have finished with all these things, we can go to <a href=\"https:\/\/gyoparosfurdo-oroshaza.hu\/en\/gyoparosfurdo\" title=\"Gyop\u00e1rosf\u00fcrd\u0151\">Gyop\u00e1rosf\u00fcrd\u0151<\/a>. It is only a few minutes\u2019 drive from the town, but there are scheduled coaches and trains as well. Bikers can go on the bicycle lane up to the entrance of the spa.<\/p>\n<p>Now we can enjoy the reward at the end of the day: bathing either in the open air or indoor pools, depending on the season and weather conditions. Apart from that, we can relax in the <a href=\"https:\/\/gyoparosfurdo-oroshaza.huhttps:\/\/gyoparosfurdo-oroshaza.hu\/en\/gyoparosfurdo\/sauna-park\" title=\"Sauna park\">sauna<\/a> cabins or benefit from the <a href=\"https:\/\/gyoparosfurdo-oroshaza.huhttps:\/\/gyoparosfurdo-oroshaza.hu\/en\/gyoparosfurdo\/thermal-spa\" title=\"Thermal Spa\">medical treatments<\/a>. Time flies so fast when you are having fun, but we still need to have a few snacks. There are <a href=\"https:\/\/gyoparosfurdo-oroshaza.hu\/en\/oroshaza\/restaurants\" title=\"Restaurants\">great opportunities<\/a> both within the spa and in the downtown.<\/p>\n<p>This short trip is enough to get a personal impression about the place before taking decision on making plans for a long week-end or a holiday. We will know for sure: it is worth spending a few days or even a longer period of time here.<br \/>\n<\/p>\n<h3>Pictures<\/h3>\n\n<div class=\"ngg-galleryoverview\" id=\"ngg-gallery-43-26030\">\n\n\n\t\n\t<!-- Thumbnails -->\n\t\t\n\t<div id=\"ngg-image-961\" class=\"ngg-gallery-thumbnail-box\"  >\n\t\t<div class=\"ngg-gallery-thumbnail\" >\n\t\t\t<a href=\"https:\/\/gyoparosfurdo-oroshaza.hu\/wp-content\/gallery\/1nap\/oroshaza-foter-2.jpg\" title=\"Orosh\u00e1za meg\u00fajult f\u0151tere\" class=\"thickbox\" rel=\"set_43\" >\n\t\t\t\t\t\t\t\t<img title=\"Orosh\u00e1za meg\u00fajult f\u0151tere\" alt=\"Orosh\u00e1za meg\u00fajult f\u0151tere\" src=\"https:\/\/gyoparosfurdo-oroshaza.hu\/wp-content\/gallery\/1nap\/thumbs\/thumbs_oroshaza-foter-2.jpg\" width=\"120\" height=\"95\" \/>\n\t\t\t\t\t\t\t<\/a>\n\t\t<\/div>\n\t<\/div>\n\t\n\t\t\n \t\t\n\t<div id=\"ngg-image-960\" class=\"ngg-gallery-thumbnail-box\"  >\n\t\t<div class=\"ngg-gallery-thumbnail\" >\n\t\t\t<a href=\"https:\/\/gyoparosfurdo-oroshaza.hu\/wp-content\/gallery\/1nap\/oroshaza-foter-gyerekek.jpg\" title=\"Orosh\u00e1za meg\u00fajult f\u0151tere\" class=\"thickbox\" rel=\"set_43\" >\n\t\t\t\t\t\t\t\t<img title=\"Orosh\u00e1za meg\u00fajult f\u0151tere\" alt=\"Orosh\u00e1za meg\u00fajult f\u0151tere\" src=\"https:\/\/gyoparosfurdo-oroshaza.hu\/wp-content\/gallery\/1nap\/thumbs\/thumbs_oroshaza-foter-gyerekek.jpg\" width=\"120\" height=\"95\" \/>\n\t\t\t\t\t\t\t<\/a>\n\t\t<\/div>\n\t<\/div>\n\t\n\t\t\n \t\t\n\t<div id=\"ngg-image-347\" class=\"ngg-gallery-thumbnail-box\"  >\n\t\t<div class=\"ngg-gallery-thumbnail\" >\n\t\t\t<a href=\"https:\/\/gyoparosfurdo-oroshaza.hu\/wp-content\/gallery\/1nap\/1nap_4.jpg\" title=\"A v\u00e1rosi piaci az \u0151stermel\u0151k mekk\u00e1ja\" class=\"thickbox\" rel=\"set_43\" >\n\t\t\t\t\t\t\t\t<img title=\"A v\u00e1rosi piaci az \u0151stermel\u0151k mekk\u00e1ja\" alt=\"A v\u00e1rosi piaci az \u0151stermel\u0151k mekk\u00e1ja\" src=\"https:\/\/gyoparosfurdo-oroshaza.hu\/wp-content\/gallery\/1nap\/thumbs\/thumbs_1nap_4.jpg\" width=\"120\" height=\"95\" \/>\n\t\t\t\t\t\t\t<\/a>\n\t\t<\/div>\n\t<\/div>\n\t\n\t\t\n \t\t\n\t<div id=\"ngg-image-958\" class=\"ngg-gallery-thumbnail-box\"  >\n\t\t<div class=\"ngg-gallery-thumbnail\" >\n\t\t\t<a href=\"https:\/\/gyoparosfurdo-oroshaza.hu\/wp-content\/gallery\/1nap\/elmenyfurdo_napsutes.jpg\" title=\"\u00c9lm\u00e9nyf\u00fcrd\u0151 Gyop\u00e1roson\" class=\"thickbox\" rel=\"set_43\" >\n\t\t\t\t\t\t\t\t<img title=\"\u00c9lm\u00e9nyf\u00fcrd\u0151 Gyop\u00e1roson\" alt=\"\u00c9lm\u00e9nyf\u00fcrd\u0151 Gyop\u00e1roson\" src=\"https:\/\/gyoparosfurdo-oroshaza.hu\/wp-content\/gallery\/1nap\/thumbs\/thumbs_elmenyfurdo_napsutes.jpg\" width=\"120\" height=\"95\" \/>\n\t\t\t\t\t\t\t<\/a>\n\t\t<\/div>\n\t<\/div>\n\t\n\t\t\n \t\t\n\t<div id=\"ngg-image-348\" class=\"ngg-gallery-thumbnail-box\"  >\n\t\t<div class=\"ngg-gallery-thumbnail\" >\n\t\t\t<a href=\"https:\/\/gyoparosfurdo-oroshaza.hu\/wp-content\/gallery\/1nap\/1nap_5.jpg\" title=\"A gyop\u00e1rosi \u00e9lm\u00e9nyf\u00fcrd\u0151 id\u0151j\u00e1r\u00e1st\u00f3l f\u00fcggetlen\u00fcl j\u00f3 sz\u00f3rakoz\u00e1s\" class=\"thickbox\" rel=\"set_43\" >\n\t\t\t\t\t\t\t\t<img title=\"A gyop\u00e1rosi \u00e9lm\u00e9nyf\u00fcrd\u0151 id\u0151j\u00e1r\u00e1st\u00f3l f\u00fcggetlen\u00fcl j\u00f3 sz\u00f3rakoz\u00e1s\" alt=\"A gyop\u00e1rosi \u00e9lm\u00e9nyf\u00fcrd\u0151 id\u0151j\u00e1r\u00e1st\u00f3l f\u00fcggetlen\u00fcl j\u00f3 sz\u00f3rakoz\u00e1s\" src=\"https:\/\/gyoparosfurdo-oroshaza.hu\/wp-content\/gallery\/1nap\/thumbs\/thumbs_1nap_5.jpg\" width=\"120\" height=\"95\" \/>\n\t\t\t\t\t\t\t<\/a>\n\t\t<\/div>\n\t<\/div>\n\t\n\t\t\n \t\t\n\t<div id=\"ngg-image-349\" class=\"ngg-gallery-thumbnail-box\"  >\n\t\t<div class=\"ngg-gallery-thumbnail\" >\n\t\t\t<a href=\"https:\/\/gyoparosfurdo-oroshaza.hu\/wp-content\/gallery\/1nap\/1nap_6.jpg\" title=\"A z\u00f6ld Parkf\u00fcrd\u0151ben 50 m\u00e9teres, hideg v\u00edz\u0171 versenymedenc\u00e9t tal\u00e1lunk\" class=\"thickbox\" rel=\"set_43\" >\n\t\t\t\t\t\t\t\t<img title=\"A z\u00f6ld Parkf\u00fcrd\u0151ben 50 m\u00e9teres versenymedenc\u00e9t tal\u00e1lunk\" alt=\"A z\u00f6ld Parkf\u00fcrd\u0151ben 50 m\u00e9teres versenymedenc\u00e9t tal\u00e1lunk\" src=\"https:\/\/gyoparosfurdo-oroshaza.hu\/wp-content\/gallery\/1nap\/thumbs\/thumbs_1nap_6.jpg\" width=\"120\" height=\"95\" \/>\n\t\t\t\t\t\t\t<\/a>\n\t\t<\/div>\n\t<\/div>\n\t\n\t\t\n \t\t\n\t<div id=\"ngg-image-350\" class=\"ngg-gallery-thumbnail-box\"  >\n\t\t<div class=\"ngg-gallery-thumbnail\" >\n\t\t\t<a href=\"https:\/\/gyoparosfurdo-oroshaza.hu\/wp-content\/gallery\/1nap\/1nap_7.jpg\" title=\"J\u00f3 sz\u00f3rakoz\u00e1st ny\u00fajt a Parkf\u00fcrd\u0151 \u00e9lm\u00e9nymedenc\u00e9je\" class=\"thickbox\" rel=\"set_43\" >\n\t\t\t\t\t\t\t\t<img title=\"J\u00f3 sz\u00f3rakoz\u00e1st ny\u00fajt a Parkf\u00fcrd\u0151 \u00e9lm\u00e9nymedenc\u00e9je\" alt=\"J\u00f3 sz\u00f3rakoz\u00e1st ny\u00fajt a Parkf\u00fcrd\u0151 \u00e9lm\u00e9nymedenc\u00e9je\" src=\"https:\/\/gyoparosfurdo-oroshaza.hu\/wp-content\/gallery\/1nap\/thumbs\/thumbs_1nap_7.jpg\" width=\"120\" height=\"95\" \/>\n\t\t\t\t\t\t\t<\/a>\n\t\t<\/div>\n\t<\/div>\n\t\n\t\t\n \t\t\n\t<div id=\"ngg-image-351\" class=\"ngg-gallery-thumbnail-box\"  >\n\t\t<div class=\"ngg-gallery-thumbnail\" >\n\t\t\t<a href=\"https:\/\/gyoparosfurdo-oroshaza.hu\/wp-content\/gallery\/1nap\/1nap_8.jpg\" title=\"Napnyugta Gyop\u00e1roson - kezd\u0151dhet az \u00e9jszakai f\u00fcrd\u0151z\u00e9s!\" class=\"thickbox\" rel=\"set_43\" >\n\t\t\t\t\t\t\t\t<img title=\"Napnyugta Gyop\u00e1roson - kezd\u0151dhet az \u00e9jszakai f\u00fcrd\u0151z\u00e9s!\" alt=\"Napnyugta Gyop\u00e1roson - kezd\u0151dhet az \u00e9jszakai f\u00fcrd\u0151z\u00e9s!\" src=\"https:\/\/gyoparosfurdo-oroshaza.hu\/wp-content\/gallery\/1nap\/thumbs\/thumbs_1nap_8.jpg\" width=\"120\" height=\"95\" \/>\n\t\t\t\t\t\t\t<\/a>\n\t\t<\/div>\n\t<\/div>\n\t\n\t\t\n \t \t\n\t<!-- Pagination -->\n \t<div class='ngg-clear'><\/div>\n \t\n<\/div>\n\n<\/div>\n","protected":false},"excerpt":{"rendered":"<p>A short trip in gyop\u00e1ros Eight-ten hours is not a long time. Actually this is the time we spend sleeping or working during a single day. If we want to spend eight hours in a really meaningful way, we can &hellip; <a href=\"https:\/\/gyoparosfurdo-oroshaza.hu\/en\/programs\/1-day\">Folytat\u00e1s <span class=\"meta-nav\">&rarr;<\/span><\/a><\/p>\n","protected":false},"author":6,"featured_media":0,"parent":26026,"menu_order":0,"comment_status":"closed","ping_status":"closed","template":"","meta":[],"_links":{"self":[{"href":"https:\/\/gyoparosfurdo-oroshaza.hu\/en\/wp-json\/wp\/v2\/pages\/26030"}],"collection":[{"href":"https:\/\/gyoparosfurdo-oroshaza.hu\/en\/wp-json\/wp\/v2\/pages"}],"about":[{"href":"https:\/\/gyoparosfurdo-oroshaza.hu\/en\/wp-json\/wp\/v2\/types\/page"}],"author":[{"embeddable":true,"href":"https:\/\/gyoparosfurdo-oroshaza.hu\/en\/wp-json\/wp\/v2\/users\/6"}],"replies":[{"embeddable":true,"href":"https:\/\/gyoparosfurdo-oroshaza.hu\/en\/wp-json\/wp\/v2\/comments?post=26030"}],"version-history":[{"count":0,"href":"https:\/\/gyoparosfurdo-oroshaza.hu\/en\/wp-json\/wp\/v2\/pages\/26030\/revisions"}],"up":[{"embeddable":true,"href":"https:\/\/gyoparosfurdo-oroshaza.hu\/en\/wp-json\/wp\/v2\/pages\/26026"}],"wp:attachment":[{"href":"https:\/\/gyoparosfurdo-oroshaza.hu\/en\/wp-json\/wp\/v2\/media?parent=26030"}],"curies":[{"name":"wp","href":"https:\/\/api.w.org\/{rel}","templated":true}]}}