{"id":26022,"date":"2012-04-13T10:53:11","date_gmt":"2012-04-13T08:53:11","guid":{"rendered":"https:\/\/gyoparosfurdo-oroshaza.hu\/general-information"},"modified":"2012-04-13T10:53:11","modified_gmt":"2012-04-13T09:53:11","slug":"general-information","status":"publish","type":"page","link":"https:\/\/gyoparosfurdo-oroshaza.hu\/en\/oroshaza\/general-information","title":{"rendered":"General Information"},"content":{"rendered":"<h2>All the things to know about Orosh\u00e1za in one place<\/h2>\n<h3>Number of  inhabitants<\/h3>\n<p>30\u00a0000<\/p>\n<h3>How to get here<\/h3>\n<p>Orosh\u00e1za is situated at a distance of 180 kilometre from Budapest, on highway.<\/p>\n<p>The town is situated by the main road number 47, connecting Szeged to Debrecen. The heavy transit traffic is handled by the orbital motorway built around the town. The direction of the beltway is from East to West.<\/p>\n<p>Orosh\u00e1za can be reached by railway from several directions as the town lies at the intersection of four lines. <\/p>\n<h3>Parking<\/h3>\n<p>Orosh\u00e1za is one of those rare towns where parking is free of charge all over the town. However, the traffic is balanced, there are no parking anomalies. <\/p>\n<p><img loading=\"lazy\" src=\"\/wp-content\/uploads\/2012\/04\/gyoparos_parkolas.jpg\" alt=\"Ingyen parkol\u00e1s Gyop\u00e1roson\" title=\"Free parking\" width=\"190\" height=\"170\" class=\"alignleft\" \/> The situation is different at Gyop\u00e1rosf\u00fcrd\u0151, where parking fee has to be paid in the zone of the spa. Visitors who do not mind a few hundred meters\u2019 walk can park their car free at the car park built over the railway. It is true that cars are not in front of our eyes, but according to the last years\u2019 experience your valuables are safe, as criminal acts or car robberies are not typical of this place.<br \/>\nLocal hotels and pensions without exception provide guarded parking place to their guests.<\/p>\n<h3>Taxi<\/h3>\n<p>At Orosh\u00e1za there are several taxi companies and private taxis. Some of them are: Grant Taxi, the Maxi-Toyota and Andr\u00e1s Varr\u00f3 entrepreneur.  Each of them can be found at the taxi station at Gy\u0151ri Vilmos square, but of course we can have a taxi called from every restaurant or hotel.  The phone number of the taxi station is: +36 (68) 412-000. Even though petrol prices have reached the sky recently the local taxi fare are still reasonable. While in the capital the average fare per kilometre is 220-240 HUF, at Orosh\u00e1za fares are around 160-180HUF, at least at the beginning of the high season in 2012. <\/p>\n<h3>SOS<\/h3>\n<p>It is better safe than sorry &#8211; as the old saying goes. <\/p>\n<p>It is better safe than sorry \u2013 as the old saying goes. Before going on a holiday people do not usually think of any problem that could occur, but it is good to get prepared for unexpected events. Whatever wrong thing happens to us, we can feel safe at Orosh\u00e1za. <\/p>\n<p>In case of an accident or medical problems you can get emergency care from the ambulance station situated in the city centre. The arriving ambulance will take the patient to hospital, where professional doctors will provide the necessary medical care. If the problem can not be solved locally an air ambulance will be called from the heliport located in Szentes, 30 km from Orosh\u00e1za, and will take the patient right away to Szeged or the capital if the situation indicates.<\/p>\n<p>If we become victims of a crime, we can turn to the local Police Station, which shows higher efficiency than the national average. Anyway, the local forces are prepared for the tourist season starting from spring; there is a severe police presence all over the town. <\/p>\n<p>If we have an accident or our valuables are damaged, we need the help of our insurance company. We can find branches of the most popular insurance companies at Orosh\u00e1za. In this way there is no obstacle in the process of immediate handling of the problem. <\/p>\n<p>We do hope that that problems will not occur, but as we have already mentioned in the preface: in case of unexpected events people who are spending their holiday here are not alone.<\/p>\n<h3>Shopping<\/h3>\n<ul>\n<li>Tesco<\/li>\n<li>Lidl<\/li>\n<li>\u00c9l\u00e9sker<\/li>\n<li>JYSK<\/li>\n<\/ul>\n<h3>Cash dispensers<\/h3>\n<ul>\n<li>OTP,<\/li>\n<li>K&amp;H<\/li>\n<li>Cib<\/li>\n<li>Erste<\/li>\n<li>Takar\u00e9kbank<\/li>\n<li>Budapest Bank<\/li>\n<li>MKB<\/li>\n<\/ul>\n<h3> Banking institutions<\/h3>\n<h4>CIB Bank Rt.<\/h4>\n<p>Opening hours<br \/>\nMonday, Tuesday, Thursday: 8.30-12.30, 13-16<br \/>\nWednesday: 8.30-12.30, 13-17<br \/>\nFriday: 8.30-14.30<br \/>\nAddress: 5900 Orosh\u00e1za, Sz\u00e9chenyi square nr: 1.<br \/>\nTel.: \t68\/510-240<br \/>\nFax: \t68\/510-249<\/p>\n<h4>ERSTE Bank Hungary Rt.<\/h4>\n<p>Opening hours<br \/>\nMonday: 8-17<br \/>\nTuesday-Thursday: 8-16<br \/>\nFriday: 8-15<br \/>\nContact<br \/>\nAddress: \t5900 Orosh\u00e1za, Kossuth utca 2.<br \/>\nTel.: \t68\/413-225<br \/>\nFax: \t68\/512-050<\/p>\n<h4>FONTANA Credit Takar\u00e9ksz\u00f6vetkezet<\/h4>\n<p>Opening hours<br \/>\nMonday, Tuesday, Thursday: 7:30-15:30<br \/>\nWednesday 7:30-17:30<br \/>\nFriday: 7:30-12:40<br \/>\nContact<br \/>\nAddress: 5900 Orosh\u00e1za Kossuth str. nr:16.<br \/>\nTel.: \t68\/510-490<br \/>\nFax: \t68\/510-491<\/p>\n<h4>G\u00e1doros \u00e9s Vid\u00e9ke Takar\u00e9ksz\u00f6vetkezet<\/h4>\n<p>Opening hours<br \/>\nMonday-Thursday: 7.30-15.30<br \/>\nFriday: 7.30-13<br \/>\nContact<br \/>\nAddress: 5900 Orosh\u00e1za, Th\u00f6k\u00f6ly str. nr: 15.<br \/>\nTel.: \t68\/512-340<br \/>\nFax: \t68\/512-341<\/p>\n<h4>Kereskedelmi \u00e9s Hitelbank Rt.<\/h4>\n<p>Opening hours<br \/>\nMonday: 8-17<br \/>\nTuesday-Thursday: 8-16<br \/>\nFriday: 8-15<br \/>\nAddress: 5900 Orosh\u00e1za, R\u00e1k\u00f3czi str. nr: 5.<br \/>\nTel.: \t68\/512-300<\/p>\n<h4>MKB Bank Rt.<\/h4>\n<p>Opening hours<br \/>\nMonday-Thursday: 8-15.30<br \/>\nFriday: 8-15<br \/>\nContact<br \/>\nAddress: 5900 Orosh\u00e1za, K\u00f6nd str. nr: 38.<br \/>\nTel.: \t68\/512-430<br \/>\nFax: \t68\/512-439<\/p>\n<h4>Orsz\u00e1gos Takar\u00e9kp\u00e9nzt\u00e1r \u00e9s Kereskedelmi Bank Rt.<\/h4>\n<p>Opening hours<br \/>\nMonday: 7.45-17<br \/>\nTuesday-Friday: 7.45-16<br \/>\nAddress: 5900 Orosh\u00e1za, Kossuth str. nr: 18-20.<br \/>\nTel.: \t68\/412-444<br \/>\nFax: \t68\/411-015<\/p>\n<h4>Raiffeisen Bank Zrt.<\/h4>\n<p>Opening hours<br \/>\nMonday: 8-17<br \/>\nTuesday-Thursday: 8-16.30<br \/>\nFriday: 8-16<br \/>\nContact<br \/>\nAddress: 5900 Orosh\u00e1za, K\u00f6nd str. nr 33.<br \/>\nTel.: \t68\/512-280, 06\/40-48-48-48<br \/>\nFax: \t68\/512-281<br \/>\n<div class=\"kapcsolodo_tartalom\"><h3>Related content<\/h3><ul class=\"custom_menu\"><li class=\"page_item page-item-26130\"><a title=\"Genuine Lowland\" href=\"https:\/\/gyoparosfurdo-oroshaza.hu\/en\/oroshaza\/genuine-lowland\">Genuine Lowland<\/a><\/li><li class=\"page_item page-item-26311\"><a title=\"Local products\" href=\"https:\/\/gyoparosfurdo-oroshaza.hu\/en\/oroshaza\/local-products\">Local products<\/a><\/li><li class=\"page_item page-item-26177\"><a title=\"My Orosh\u00e1za\" href=\"https:\/\/gyoparosfurdo-oroshaza.hu\/en\/oroshaza\/my-oroshaza\">My Orosh\u00e1za<\/a><\/li><li class=\"page_item page-item-26301\"><a title=\"Andr\u00e1s G\u00e1sp\u00e1r actor\" href=\"https:\/\/gyoparosfurdo-oroshaza.hu\/en\/oroshaza\/my-oroshaza\/andras-gaspar-actor\">Andr\u00e1s G\u00e1sp\u00e1r actor<\/a><\/li><\/ul><ul class=\"custom_menu\"><li class=\"page_item page-item-26324\"><a title=\"Zsolt Litauszki\" href=\"https:\/\/gyoparosfurdo-oroshaza.hu\/en\/oroshaza\/my-oroshaza\/zsolt-litauszki\">Zsolt Litauszki<\/a><\/li><li class=\"page_item page-item-26000\"><a title=\"Orosh\u00e1za Gastronomy\" href=\"https:\/\/gyoparosfurdo-oroshaza.hu\/en\/oroshaza\/oroshaza-gastronomy\">Orosh\u00e1za Gastronomy<\/a><\/li><li class=\"page_item page-item-26147\"><a title=\"Our neighbour: Arad\" href=\"https:\/\/gyoparosfurdo-oroshaza.hu\/en\/oroshaza\/our-neighbour-arad\">Our neighbour: Arad<\/a><\/li><li class=\"page_item page-item-26214\"><a title=\"Restaurants\" href=\"https:\/\/gyoparosfurdo-oroshaza.hu\/en\/oroshaza\/restaurants\">Restaurants<\/a><\/li><\/ul><ul class=\"custom_menu\"><li class=\"page_item page-item-26137\"><a title=\"Storm region\" href=\"https:\/\/gyoparosfurdo-oroshaza.hu\/en\/oroshaza\/storm-region\">Storm region<\/a><\/li><li class=\"page_item page-item-26306\"><a title=\"TDM\" href=\"https:\/\/gyoparosfurdo-oroshaza.hu\/en\/oroshaza\/tdm\">TDM<\/a><\/li><\/ul><br class=\"clear\" \/><\/div><\/p>\n<div class=\"topten_slider_title\"><span class=\"h3\">Top programmes<\/span><a href=\"https:\/\/gyoparosfurdo-oroshaza.hu\/en\/programs\" title=\"Show all programmes \u00bb\">Show all programmes \u00bb<\/a><\/div><div class=\"topten_container topten_slider\" id=\"topten_slider\"><ul class=\"topten_inner\"><li class=\"topten_item\" data-id=\"tsi_1\"><a href=\"\/en\/programs\/1-day\" title=\"for 1 day\" class=\"topten_link\" style=\"background: url(\/wp-content\/uploads\/2012\/05\/1-napra-top-programok-gyoparosfurdon.jpg) top left no-repeat;\"><span class=\"title\">for 1 day<\/span><\/a><a href=\"\/en\/programs\/for-cyclers\" title=\"for cyclers\" class=\"topten_link\" style=\"background: url(\/wp-content\/uploads\/2012\/05\/kerekparosoknak-top-programok-gyoparosfurdon.jpg) top left no-repeat;\"><span class=\"title\">for cyclers<\/span><\/a><a href=\"\/en\/programs\/for-a-weekend\" title=\"for a weekend\" class=\"topten_link\" style=\"background: url(\/wp-content\/uploads\/2012\/05\/hetvegere-top-programok-gyoparosfurdon.jpg) top left no-repeat;\"><span class=\"title\">for a weekend<\/span><\/a><a href=\"\/en\/programs\/in-winter\" title=\"in winter\" class=\"topten_link\" style=\"background: url(\/wp-content\/uploads\/2012\/05\/telen-top-programok-gyoparosfurdon.jpg) top left no-repeat;\"><span class=\"title\">in winter<\/span><\/a><a href=\"\/en\/programs\/for-youngsters\" title=\"for youngsters\" class=\"topten_link\" style=\"background: url(\/wp-content\/uploads\/2012\/05\/fiataloknak-top-programok-gyoparosfurdon.jpg) top left no-repeat;\"><span class=\"title\">for youngsters<\/span><\/a><a href=\"\/en\/programs\/for-couples\" title=\"for couples\" class=\"topten_link\" style=\"background: url(\/wp-content\/uploads\/2012\/05\/paroknak-top-programok-gyoparosfurdon.jpg) top left no-repeat;\"><span class=\"title\">for couples<\/span><\/a><\/li><li class=\"topten_item\" data-id=\"tsi_2\"><a href=\"\/en\/programs\/by-car\" title=\"by car\" class=\"topten_link\" style=\"background: url(\/wp-content\/uploads\/2012\/05\/autoval-top-programok-gyoparosfurdon.jpg) top left no-repeat;\"><span class=\"title\">by car<\/span><\/a><a href=\"\/en\/programs\/for-culture-fans\" title=\"for culture fans\" class=\"topten_link\" style=\"background: url(\/wp-content\/uploads\/2012\/05\/kulturabaratoknak-top-programok-gyoparosfurdon.jpg) top left no-repeat;\"><span class=\"title\">for culture fans<\/span><\/a><a href=\"\/en\/programs\/1-week\" title=\"for 1 week\" class=\"topten_link\" style=\"background: url(\/wp-content\/uploads\/2012\/05\/1-hetre-top-programok-gyoparosfurdon.jpg) top left no-repeat;\"><span class=\"title\">for 1 week<\/span><\/a><a href=\"\/en\/programs\/for-anglers\" title=\"for anglers\" class=\"topten_link\" style=\"background: url(\/wp-content\/uploads\/2012\/05\/horgaszoknak-top-programok-gyoparosfurdon.jpg) top left no-repeat;\"><span class=\"title\">for anglers<\/span><\/a><a href=\"\/en\/programs\/for-photographers\" title=\"for photographers\" class=\"topten_link\" style=\"background: url(\/wp-content\/uploads\/2012\/05\/fotosoknak-top-programok-gyoparosfurdon.jpg) top left no-repeat;\"><span class=\"title\">for photographers<\/span><\/a><a href=\"\/en\/programs\/for-sports-fans\" title=\"for sports fans\" class=\"topten_link\" style=\"background: url(\/wp-content\/uploads\/2012\/05\/sportbaratoknak-top-programok-gyoparosfurdon.jpg) top left no-repeat;\"><span class=\"title\">for sports fans<\/span><\/a><\/li><li class=\"topten_item\" data-id=\"tsi_3\"><a href=\"\/en\/programs\/for-families\" title=\"for families\" class=\"topten_link\" style=\"background: url(\/wp-content\/uploads\/2012\/05\/csaladosoknak-top-programok-gyoparosfurdon.jpg) top left no-repeat;\"><span class=\"title\">for families<\/span><\/a><a href=\"\/en\/programs\/in-summer\" title=\"in summer\" class=\"topten_link\" style=\"background: url(\/wp-content\/uploads\/2012\/05\/nyaron-top-programok-gyoparosfurdon.jpg) top left no-repeat;\"><span class=\"title\">in summer<\/span><\/a><\/ul><div class=\"lapozobox\"><span id=\"lprev\"><\/span><span id=\"lnext\"><\/span><span id=\"ts_1\" class=\"active\"><\/span><span id=\"ts_2\" ><\/span><span id=\"ts_3\" ><\/span><\/div><\/div>\n","protected":false},"excerpt":{"rendered":"<p>All the things to know about Orosh\u00e1za in one place Number of inhabitants 30\u00a0000 How to get here Orosh\u00e1za is situated at a distance of 180 kilometre from Budapest, on highway. The town is situated by the main road number &hellip; <a href=\"https:\/\/gyoparosfurdo-oroshaza.hu\/en\/oroshaza\/general-information\">Folytat\u00e1s <span class=\"meta-nav\">&rarr;<\/span><\/a><\/p>\n","protected":false},"author":6,"featured_media":0,"parent":25956,"menu_order":0,"comment_status":"closed","ping_status":"closed","template":"","meta":[],"_links":{"self":[{"href":"https:\/\/gyoparosfurdo-oroshaza.hu\/en\/wp-json\/wp\/v2\/pages\/26022"}],"collection":[{"href":"https:\/\/gyoparosfurdo-oroshaza.hu\/en\/wp-json\/wp\/v2\/pages"}],"about":[{"href":"https:\/\/gyoparosfurdo-oroshaza.hu\/en\/wp-json\/wp\/v2\/types\/page"}],"author":[{"embeddable":true,"href":"https:\/\/gyoparosfurdo-oroshaza.hu\/en\/wp-json\/wp\/v2\/users\/6"}],"replies":[{"embeddable":true,"href":"https:\/\/gyoparosfurdo-oroshaza.hu\/en\/wp-json\/wp\/v2\/comments?post=26022"}],"version-history":[{"count":0,"href":"https:\/\/gyoparosfurdo-oroshaza.hu\/en\/wp-json\/wp\/v2\/pages\/26022\/revisions"}],"up":[{"embeddable":true,"href":"https:\/\/gyoparosfurdo-oroshaza.hu\/en\/wp-json\/wp\/v2\/pages\/25956"}],"wp:attachment":[{"href":"https:\/\/gyoparosfurdo-oroshaza.hu\/en\/wp-json\/wp\/v2\/media?parent=26022"}],"curies":[{"name":"wp","href":"https:\/\/api.w.org\/{rel}","templated":true}]}}