{"id":26000,"date":"2012-04-13T10:40:30","date_gmt":"2012-04-13T08:40:30","guid":{"rendered":"https:\/\/gyoparosfurdo-oroshaza.hu\/oroshaza-gastronomy"},"modified":"2012-04-13T10:40:30","modified_gmt":"2012-04-13T09:40:30","slug":"oroshaza-gastronomy","status":"publish","type":"page","link":"https:\/\/gyoparosfurdo-oroshaza.hu\/en\/oroshaza\/oroshaza-gastronomy","title":{"rendered":"Orosh\u00e1za Gastronomy"},"content":{"rendered":"<h2>Gastronomic tour: local specialities \u2013 banana, bread and wheat germ pudding.<\/h2>\n<p><img loading=\"lazy\" src=\"\/wp-content\/uploads\/2012\/04\/ill_gasztro_kislany.jpg\" alt=\"\" title=\"Orosh\u00e1za Gastronomy\" width=\"190\" height=\"305\" class=\"alignleft\" \/>The multi-coloured feature at Orosh\u00e1za is present not only in culture and economy, but in the field of gastronomy as well. We can find effects of traditional farmer culture, of the mixed tastes from different regions, of the slovak minority. As a result of this unique mixture of impacts, contestants from Orosh\u00e1za has won many prizes at sausage making competitions.<\/p>\n<p>The <b>Orosh\u00e1zi Banana<\/b> is a local speciality. According to the information provided by Facebbook it is a brioche made from a puff pastry dough enriched with eggs. It has a shiny, goldish-yellow, grooved surface and is slightly larger than the palm of a man&#8217;s hand. It is flat and reminds one of a half-peeled banana, hence the name. It is strewn with caramelized sugar, which lends its characteristic taste to the pastry. It was created thanks to the background given by agriculture, mill industry and bakeries with tradiotions.<\/p>\n<p>One of the local specialities is wheat germ pudding, that is the oldest dessert. After the process of germination of corn seeds, the seeds are ground, some flower is added and the mixture is baked in a furnace in a traditional way. During the germination the farina from the seeds is transformed into sugar, giving a pleasant sweet taste to the stuff. The result is a dessert, which is rich of minerals, protein and trace elements.<\/p>\n<p>Another major ingredient of the local gastronomic culture is poultry. It is due to traditions in processing and breeding of poultry. The local food processing company, Merian, has gained fame all over Europe for its premium quality products and goose liver based products.<\/p>\n<p>One of the most popular local specialities is the famous<b> soup a la Orosh\u00e1za<\/b>, made from beef and a great variety of vegetables, hard boled egges, sour cream,  seasoned generously.  It is a very rich stew based dish, that must be tasted. <\/p>\n<p>If somebody is interested in further gastronomic specialities it is worth browsing through the local food blog, running under the name \u00cdzes Orosh\u00e1za  <a target=\"_blank\" rel=\"noopener noreferrer\" href=\"http:\/\/www.izesoroshaza.blogspot.com\" title=\"Orosh\u00e1za Gastro\" rel=\"noopener\">(izesoroshaza.blogspot.com<\/a>). Its  editor, B\u00e9la F\u00fcl\u00f6p K\u00e1rolyi, is a master not only of ingredients but of the Hungarian language as well being a writer, who has already edited several books with  gastronomic subject. <\/p>\n<h3>Pictures of local specialities<\/h3>\n\n<div class=\"ngg-galleryoverview\" id=\"ngg-gallery-7-26000\">\n\n\n\t\n\t<!-- Thumbnails -->\n\t\t\n\t<div id=\"ngg-image-17\" class=\"ngg-gallery-thumbnail-box\"  >\n\t\t<div class=\"ngg-gallery-thumbnail\" >\n\t\t\t<a href=\"https:\/\/gyoparosfurdo-oroshaza.hu\/wp-content\/gallery\/gasztro\/gasztro_1.jpg\" title=\"Orosh\u00e1zi keny\u00e9r\" class=\"thickbox\" rel=\"set_7\" >\n\t\t\t\t\t\t\t\t<img title=\"Orosh\u00e1zi keny\u00e9r\" alt=\"Orosh\u00e1zi keny\u00e9r\" src=\"https:\/\/gyoparosfurdo-oroshaza.hu\/wp-content\/gallery\/gasztro\/thumbs\/thumbs_gasztro_1.jpg\" width=\"120\" height=\"95\" \/>\n\t\t\t\t\t\t\t<\/a>\n\t\t<\/div>\n\t<\/div>\n\t\n\t\t\n \t\t\n\t<div id=\"ngg-image-18\" class=\"ngg-gallery-thumbnail-box\"  >\n\t\t<div class=\"ngg-gallery-thumbnail\" >\n\t\t\t<a href=\"https:\/\/gyoparosfurdo-oroshaza.hu\/wp-content\/gallery\/gasztro\/gasztro_2.jpg\" title=\"Gyop\u00e1rosi rendezv\u00e9nyre k\u00e9sz\u00fclt, 25 m\u00e9ter hossz\u00fa orosh\u00e1zi keny\u00e9r\" class=\"thickbox\" rel=\"set_7\" >\n\t\t\t\t\t\t\t\t<img title=\"Cs\u00facstart\u00f3 25 m\u00e9teres keny\u00e9r\" alt=\"Cs\u00facstart\u00f3 25 m\u00e9teres keny\u00e9r\" src=\"https:\/\/gyoparosfurdo-oroshaza.hu\/wp-content\/gallery\/gasztro\/thumbs\/thumbs_gasztro_2.jpg\" width=\"120\" height=\"95\" \/>\n\t\t\t\t\t\t\t<\/a>\n\t\t<\/div>\n\t<\/div>\n\t\n\t\t\n \t\t\n\t<div id=\"ngg-image-19\" class=\"ngg-gallery-thumbnail-box\"  >\n\t\t<div class=\"ngg-gallery-thumbnail\" >\n\t\t\t<a href=\"https:\/\/gyoparosfurdo-oroshaza.hu\/wp-content\/gallery\/gasztro\/gasztro_3.jpg\" title=\"Orosh\u00e1zi cs\u00edram\u00e1l\u00e9 t\u00e1ny\u00e9rban\" class=\"thickbox\" rel=\"set_7\" >\n\t\t\t\t\t\t\t\t<img title=\"Orosh\u00e1zi cs\u00edram\u00e1l\u00e9\" alt=\"Orosh\u00e1zi cs\u00edram\u00e1l\u00e9\" src=\"https:\/\/gyoparosfurdo-oroshaza.hu\/wp-content\/gallery\/gasztro\/thumbs\/thumbs_gasztro_3.jpg\" width=\"120\" height=\"95\" \/>\n\t\t\t\t\t\t\t<\/a>\n\t\t<\/div>\n\t<\/div>\n\t\n\t\t\n \t\t\n\t<div id=\"ngg-image-20\" class=\"ngg-gallery-thumbnail-box\"  >\n\t\t<div class=\"ngg-gallery-thumbnail\" >\n\t\t\t<a href=\"https:\/\/gyoparosfurdo-oroshaza.hu\/wp-content\/gallery\/gasztro\/gasztro_4.jpg\" title=\"Az orosh\u00e1zi cs\u00edram\u00e1l\u00e9 tavasszal az orosh\u00e1zi piacon is megv\u00e1s\u00e1rolhat\u00f3\" class=\"thickbox\" rel=\"set_7\" >\n\t\t\t\t\t\t\t\t<img title=\"Orosh\u00e1zi cs\u00edram\u00e1l\u00e9 a piacon\" alt=\"Orosh\u00e1zi cs\u00edram\u00e1l\u00e9 a piacon\" src=\"https:\/\/gyoparosfurdo-oroshaza.hu\/wp-content\/gallery\/gasztro\/thumbs\/thumbs_gasztro_4.jpg\" width=\"120\" height=\"95\" \/>\n\t\t\t\t\t\t\t<\/a>\n\t\t<\/div>\n\t<\/div>\n\t\n\t\t\n \t \t\n\t<!-- Pagination -->\n \t<div class='ngg-clear'><\/div>\n \t\n<\/div>\n\n\n<div class=\"kapcsolodo_tartalom\"><h3>Related content<\/h3><ul class=\"custom_menu\"><li class=\"page_item page-item-26022\"><a title=\"General Information\" href=\"https:\/\/gyoparosfurdo-oroshaza.hu\/en\/oroshaza\/general-information\">General Information<\/a><\/li><li class=\"page_item page-item-26130\"><a title=\"Genuine Lowland\" href=\"https:\/\/gyoparosfurdo-oroshaza.hu\/en\/oroshaza\/genuine-lowland\">Genuine Lowland<\/a><\/li><li class=\"page_item page-item-26311\"><a title=\"Local products\" href=\"https:\/\/gyoparosfurdo-oroshaza.hu\/en\/oroshaza\/local-products\">Local products<\/a><\/li><li class=\"page_item page-item-26177\"><a title=\"My Orosh\u00e1za\" href=\"https:\/\/gyoparosfurdo-oroshaza.hu\/en\/oroshaza\/my-oroshaza\">My Orosh\u00e1za<\/a><\/li><\/ul><ul class=\"custom_menu\"><li class=\"page_item page-item-26301\"><a title=\"Andr\u00e1s G\u00e1sp\u00e1r actor\" href=\"https:\/\/gyoparosfurdo-oroshaza.hu\/en\/oroshaza\/my-oroshaza\/andras-gaspar-actor\">Andr\u00e1s G\u00e1sp\u00e1r actor<\/a><\/li><li class=\"page_item page-item-26324\"><a title=\"Zsolt Litauszki\" href=\"https:\/\/gyoparosfurdo-oroshaza.hu\/en\/oroshaza\/my-oroshaza\/zsolt-litauszki\">Zsolt Litauszki<\/a><\/li><li class=\"page_item page-item-26147\"><a title=\"Our neighbour: Arad\" href=\"https:\/\/gyoparosfurdo-oroshaza.hu\/en\/oroshaza\/our-neighbour-arad\">Our neighbour: Arad<\/a><\/li><li class=\"page_item page-item-26214\"><a title=\"Restaurants\" href=\"https:\/\/gyoparosfurdo-oroshaza.hu\/en\/oroshaza\/restaurants\">Restaurants<\/a><\/li><\/ul><ul class=\"custom_menu\"><li class=\"page_item page-item-26137\"><a title=\"Storm region\" href=\"https:\/\/gyoparosfurdo-oroshaza.hu\/en\/oroshaza\/storm-region\">Storm region<\/a><\/li><li class=\"page_item page-item-26306\"><a title=\"TDM\" href=\"https:\/\/gyoparosfurdo-oroshaza.hu\/en\/oroshaza\/tdm\">TDM<\/a><\/li><\/ul><br class=\"clear\" \/><\/div>\n<div class=\"topten_slider_title\"><span class=\"h3\">Top programmes<\/span><a href=\"https:\/\/gyoparosfurdo-oroshaza.hu\/en\/programs\" title=\"Show all programmes \u00bb\">Show all programmes \u00bb<\/a><\/div><div class=\"topten_container topten_slider\" id=\"topten_slider\"><ul class=\"topten_inner\"><li class=\"topten_item\" data-id=\"tsi_1\"><a href=\"\/en\/programs\/for-anglers\" title=\"for anglers\" class=\"topten_link\" style=\"background: url(\/wp-content\/uploads\/2012\/05\/horgaszoknak-top-programok-gyoparosfurdon.jpg) top left no-repeat;\"><span class=\"title\">for anglers<\/span><\/a><a href=\"\/en\/programs\/for-photographers\" title=\"for photographers\" class=\"topten_link\" style=\"background: url(\/wp-content\/uploads\/2012\/05\/fotosoknak-top-programok-gyoparosfurdon.jpg) top left no-repeat;\"><span class=\"title\">for photographers<\/span><\/a><a href=\"\/en\/programs\/for-sports-fans\" title=\"for sports fans\" class=\"topten_link\" style=\"background: url(\/wp-content\/uploads\/2012\/05\/sportbaratoknak-top-programok-gyoparosfurdon.jpg) top left no-repeat;\"><span class=\"title\">for sports fans<\/span><\/a><a href=\"\/en\/programs\/for-families\" title=\"for families\" class=\"topten_link\" style=\"background: url(\/wp-content\/uploads\/2012\/05\/csaladosoknak-top-programok-gyoparosfurdon.jpg) top left no-repeat;\"><span class=\"title\">for families<\/span><\/a><a href=\"\/en\/programs\/in-summer\" title=\"in summer\" class=\"topten_link\" style=\"background: url(\/wp-content\/uploads\/2012\/05\/nyaron-top-programok-gyoparosfurdon.jpg) top left no-repeat;\"><span class=\"title\">in summer<\/span><\/a><a href=\"\/en\/programs\/1-day\" title=\"for 1 day\" class=\"topten_link\" style=\"background: url(\/wp-content\/uploads\/2012\/05\/1-napra-top-programok-gyoparosfurdon.jpg) top left no-repeat;\"><span class=\"title\">for 1 day<\/span><\/a><\/li><li class=\"topten_item\" data-id=\"tsi_2\"><a href=\"\/en\/programs\/for-cyclers\" title=\"for cyclers\" class=\"topten_link\" style=\"background: url(\/wp-content\/uploads\/2012\/05\/kerekparosoknak-top-programok-gyoparosfurdon.jpg) top left no-repeat;\"><span class=\"title\">for cyclers<\/span><\/a><a href=\"\/en\/programs\/for-a-weekend\" title=\"for a weekend\" class=\"topten_link\" style=\"background: url(\/wp-content\/uploads\/2012\/05\/hetvegere-top-programok-gyoparosfurdon.jpg) top left no-repeat;\"><span class=\"title\">for a weekend<\/span><\/a><a href=\"\/en\/programs\/in-winter\" title=\"in winter\" class=\"topten_link\" style=\"background: url(\/wp-content\/uploads\/2012\/05\/telen-top-programok-gyoparosfurdon.jpg) top left no-repeat;\"><span class=\"title\">in winter<\/span><\/a><a href=\"\/en\/programs\/for-youngsters\" title=\"for youngsters\" class=\"topten_link\" style=\"background: url(\/wp-content\/uploads\/2012\/05\/fiataloknak-top-programok-gyoparosfurdon.jpg) top left no-repeat;\"><span class=\"title\">for youngsters<\/span><\/a><a href=\"\/en\/programs\/for-couples\" title=\"for couples\" class=\"topten_link\" style=\"background: url(\/wp-content\/uploads\/2012\/05\/paroknak-top-programok-gyoparosfurdon.jpg) top left no-repeat;\"><span class=\"title\">for couples<\/span><\/a><a href=\"\/en\/programs\/by-car\" title=\"by car\" class=\"topten_link\" style=\"background: url(\/wp-content\/uploads\/2012\/05\/autoval-top-programok-gyoparosfurdon.jpg) top left no-repeat;\"><span class=\"title\">by car<\/span><\/a><\/li><li class=\"topten_item\" data-id=\"tsi_3\"><a href=\"\/en\/programs\/for-culture-fans\" title=\"for culture fans\" class=\"topten_link\" style=\"background: url(\/wp-content\/uploads\/2012\/05\/kulturabaratoknak-top-programok-gyoparosfurdon.jpg) top left no-repeat;\"><span class=\"title\">for culture fans<\/span><\/a><a href=\"\/en\/programs\/1-week\" title=\"for 1 week\" class=\"topten_link\" style=\"background: url(\/wp-content\/uploads\/2012\/05\/1-hetre-top-programok-gyoparosfurdon.jpg) top left no-repeat;\"><span class=\"title\">for 1 week<\/span><\/a><\/ul><div class=\"lapozobox\"><span id=\"lprev\"><\/span><span id=\"lnext\"><\/span><span id=\"ts_1\" class=\"active\"><\/span><span id=\"ts_2\" ><\/span><span id=\"ts_3\" ><\/span><\/div><\/div>\n","protected":false},"excerpt":{"rendered":"<p>Gastronomic tour: local specialities \u2013 banana, bread and wheat germ pudding. The multi-coloured feature at Orosh\u00e1za is present not only in culture and economy, but in the field of gastronomy as well. We can find effects of traditional farmer culture, &hellip; <a href=\"https:\/\/gyoparosfurdo-oroshaza.hu\/en\/oroshaza\/oroshaza-gastronomy\">Folytat\u00e1s <span class=\"meta-nav\">&rarr;<\/span><\/a><\/p>\n","protected":false},"author":6,"featured_media":0,"parent":25956,"menu_order":0,"comment_status":"closed","ping_status":"closed","template":"","meta":[],"_links":{"self":[{"href":"https:\/\/gyoparosfurdo-oroshaza.hu\/en\/wp-json\/wp\/v2\/pages\/26000"}],"collection":[{"href":"https:\/\/gyoparosfurdo-oroshaza.hu\/en\/wp-json\/wp\/v2\/pages"}],"about":[{"href":"https:\/\/gyoparosfurdo-oroshaza.hu\/en\/wp-json\/wp\/v2\/types\/page"}],"author":[{"embeddable":true,"href":"https:\/\/gyoparosfurdo-oroshaza.hu\/en\/wp-json\/wp\/v2\/users\/6"}],"replies":[{"embeddable":true,"href":"https:\/\/gyoparosfurdo-oroshaza.hu\/en\/wp-json\/wp\/v2\/comments?post=26000"}],"version-history":[{"count":0,"href":"https:\/\/gyoparosfurdo-oroshaza.hu\/en\/wp-json\/wp\/v2\/pages\/26000\/revisions"}],"up":[{"embeddable":true,"href":"https:\/\/gyoparosfurdo-oroshaza.hu\/en\/wp-json\/wp\/v2\/pages\/25956"}],"wp:attachment":[{"href":"https:\/\/gyoparosfurdo-oroshaza.hu\/en\/wp-json\/wp\/v2\/media?parent=26000"}],"curies":[{"name":"wp","href":"https:\/\/api.w.org\/{rel}","templated":true}]}}