{"id":25996,"date":"2012-04-13T10:33:05","date_gmt":"2012-04-13T08:33:05","guid":{"rendered":"https:\/\/gyoparosfurdo-oroshaza.hu\/opening-hours"},"modified":"2026-03-30T11:40:29","modified_gmt":"2026-03-30T09:40:29","slug":"opening-hours","status":"publish","type":"page","link":"https:\/\/gyoparosfurdo-oroshaza.hu\/en\/gyoparosfurdo\/opening-hours","title":{"rendered":"Nyitvatart\u00e1s"},"content":{"rendered":"<h3>Water Park and Park Bath<\/h3>\n<ul>\n<li>Monday\u2013Friday: 09:00\u201320:00<\/li>\n<li>Saturday: 09:00\u201324:00<\/li>\n<li>Sunday: 09:00\u201320:00<\/li>\n<\/ul>\n<h3>Sauna Park<\/h3>\n<ul>\n<li>Monday\u2013Friday: 12:00\u201320:00<\/li>\n<li>Saturday: 12:00\u201324:00<\/li>\n<li>Sunday: 12:00\u201320:00<\/li>\n<\/ul>\n<h3>Opening hours of the Medical Department<\/h3>\n<ul>\n<li>Monday\u2013Friday: 07:00\u201315:30<\/li>\n<li>Saturday\u2013Sunday: Closed<\/li>\n<\/ul>\n<p>We would like to inform our guests that the currently effective legislation regulating the operation of public baths \u2014 Government Decree No. 510\/2023 (XI. 20.) \u2014 contains strict provisions regarding children bathing in medicinal water.<\/p>\n<p>According to the decree, children under the age of 14 are not allowed to use medicinal pools or pools intended for therapeutic purposes, except on the basis of a medical prescription. In accordance with the decree, the operator of a public bath is obliged to operate the facility in full compliance with the public health regulations set out in Annex 5.<br \/>\n<a href=\"https:\/\/njt.hu\/jogszabaly\/2023-510-20-22\">https:\/\/njt.hu\/jogszabaly\/2023-510-20-22<\/a><\/p>\n<div class=\"kapcsolodo_tartalom\"><h3>Kapcsol\u00f3d\u00f3 tartalmak<\/h3><ul class=\"custom_menu\"><li class=\"page_item page-item-25884\"><a title=\"Aquapark\" href=\"https:\/\/gyoparosfurdo-oroshaza.hu\/en\/gyoparosfurdo\/aquapark\">Aquapark<\/a><\/li><li class=\"page_item page-item-26344\"><a title=\"Gyop\u00e1rosf\u00fcrd\u0151 \u2013 health resort\" href=\"https:\/\/gyoparosfurdo-oroshaza.hu\/en\/gyoparosfurdo\/gyoparosfurdo-health-resort\">Gyop\u00e1rosf\u00fcrd\u0151 \u2013 health resort<\/a><\/li><li class=\"page_item page-item-26356\"><a title=\"Gyop\u00e1rosf\u00fcrd\u0151 panorama\" href=\"https:\/\/gyoparosfurdo-oroshaza.hu\/en\/gyoparosfurdo\/gyoparosfurdo-panorama\">Gyop\u00e1rosf\u00fcrd\u0151 panorama<\/a><\/li><li class=\"page_item page-item-25880\"><a title=\"History\" href=\"https:\/\/gyoparosfurdo-oroshaza.hu\/en\/gyoparosfurdo\/history\">History<\/a><\/li><li class=\"page_item page-item-26279\"><a title=\"Indoor playground for children\" href=\"https:\/\/gyoparosfurdo-oroshaza.hu\/en\/gyoparosfurdo\/gyoparosfurdo-jatekkucko-indoor-playground-for-children\">Indoor playground for children<\/a><\/li><li class=\"page_item page-item-26403\"><a title=\"Massages\" href=\"https:\/\/gyoparosfurdo-oroshaza.hu\/en\/gyoparosfurdo\/massages\">Massages<\/a><\/li><\/ul><ul class=\"custom_menu\"><li class=\"page_item page-item-25897\"><a title=\"Park and outdoor pools\" href=\"https:\/\/gyoparosfurdo-oroshaza.hu\/en\/gyoparosfurdo\/park-and-outdoor-pools\">Park and outdoor pools<\/a><\/li><li class=\"page_item page-item-26492\"><a title=\"Parking\" href=\"https:\/\/gyoparosfurdo-oroshaza.hu\/en\/gyoparosfurdo\/parking\">Parking<\/a><\/li><li class=\"page_item page-item-25973\"><a title=\"Prices\" href=\"https:\/\/gyoparosfurdo-oroshaza.hu\/en\/gyoparosfurdo\/prices\">Prices<\/a><\/li><li class=\"page_item page-item-26173\"><a title=\"Sauna park\" href=\"https:\/\/gyoparosfurdo-oroshaza.hu\/en\/gyoparosfurdo\/sauna-park\">Sauna park<\/a><\/li><li class=\"page_item page-item-26255\"><a title=\"Proper sauna etiquette\" href=\"https:\/\/gyoparosfurdo-oroshaza.hu\/en\/gyoparosfurdo\/sauna-park\/proper-sauna-etiquette\">Proper sauna etiquette<\/a><\/li><li class=\"page_item page-item-26268\"><a title=\"Proper way of using the sauna\" href=\"https:\/\/gyoparosfurdo-oroshaza.hu\/en\/gyoparosfurdo\/sauna-park\/proper-way-of-using-the-sauna\">Proper way of using the sauna<\/a><\/li><\/ul><ul class=\"custom_menu\"><li class=\"page_item page-item-26251\"><a title=\"Sauna Culture\" href=\"https:\/\/gyoparosfurdo-oroshaza.hu\/en\/gyoparosfurdo\/sauna-park\/sauna-culture\">Sauna Culture<\/a><\/li><li class=\"page_item page-item-26272\"><a title=\"Sauna seances\" href=\"https:\/\/gyoparosfurdo-oroshaza.hu\/en\/gyoparosfurdo\/sauna-seances\">Sauna seances<\/a><\/li><li class=\"page_item page-item-26218\"><a title=\"SZ\u00c9P Card and Health Insurance Fund\" href=\"https:\/\/gyoparosfurdo-oroshaza.hu\/en\/gyoparosfurdo\/szep-card-and-health-insurance-fund\">SZ\u00c9P Card and Health Insurance Fund<\/a><\/li><li class=\"page_item page-item-25901\"><a title=\"Thermal Spa\" href=\"https:\/\/gyoparosfurdo-oroshaza.hu\/en\/gyoparosfurdo\/thermal-spa\">Thermal Spa<\/a><\/li><li class=\"page_item page-item-26328\"><a title=\"Videos\" href=\"https:\/\/gyoparosfurdo-oroshaza.hu\/en\/gyoparosfurdo\/videos\">Videos<\/a><\/li><li class=\"page_item page-item-26151\"><a title=\"Wellness\" href=\"https:\/\/gyoparosfurdo-oroshaza.hu\/en\/gyoparosfurdo\/wellness\">Wellness<\/a><\/li><\/ul><br class=\"clear\" \/><\/div>\n<div class=\"topten_slider_title\"><span class=\"h3\">Top programmes<\/span><a href=\"https:\/\/gyoparosfurdo-oroshaza.hu\/en\/programs\" title=\"Show all programmes \u00bb\">Show all programmes \u00bb<\/a><\/div><div class=\"topten_container topten_slider\" id=\"topten_slider\"><ul class=\"topten_inner\"><li class=\"topten_item\" data-id=\"tsi_1\"><a href=\"\/en\/programs\/for-photographers\" title=\"for photographers\" class=\"topten_link\" style=\"background: url(\/wp-content\/uploads\/2012\/05\/fotosoknak-top-programok-gyoparosfurdon.jpg) top left no-repeat;\"><span class=\"title\">for photographers<\/span><\/a><a href=\"\/en\/programs\/for-sports-fans\" title=\"for sports fans\" class=\"topten_link\" style=\"background: url(\/wp-content\/uploads\/2012\/05\/sportbaratoknak-top-programok-gyoparosfurdon.jpg) top left no-repeat;\"><span class=\"title\">for sports fans<\/span><\/a><a href=\"\/en\/programs\/for-families\" title=\"for families\" class=\"topten_link\" style=\"background: url(\/wp-content\/uploads\/2012\/05\/csaladosoknak-top-programok-gyoparosfurdon.jpg) top left no-repeat;\"><span class=\"title\">for families<\/span><\/a><a href=\"\/en\/programs\/in-summer\" title=\"in summer\" class=\"topten_link\" style=\"background: url(\/wp-content\/uploads\/2012\/05\/nyaron-top-programok-gyoparosfurdon.jpg) top left no-repeat;\"><span class=\"title\">in summer<\/span><\/a><a href=\"\/en\/programs\/1-day\" title=\"for 1 day\" class=\"topten_link\" style=\"background: url(\/wp-content\/uploads\/2012\/05\/1-napra-top-programok-gyoparosfurdon.jpg) top left no-repeat;\"><span class=\"title\">for 1 day<\/span><\/a><a href=\"\/en\/programs\/for-cyclers\" title=\"for cyclers\" class=\"topten_link\" style=\"background: url(\/wp-content\/uploads\/2012\/05\/kerekparosoknak-top-programok-gyoparosfurdon.jpg) top left no-repeat;\"><span class=\"title\">for cyclers<\/span><\/a><\/li><li class=\"topten_item\" data-id=\"tsi_2\"><a href=\"\/en\/programs\/for-a-weekend\" title=\"for a weekend\" class=\"topten_link\" style=\"background: url(\/wp-content\/uploads\/2012\/05\/hetvegere-top-programok-gyoparosfurdon.jpg) top left no-repeat;\"><span class=\"title\">for a weekend<\/span><\/a><a href=\"\/en\/programs\/in-winter\" title=\"in winter\" class=\"topten_link\" style=\"background: url(\/wp-content\/uploads\/2012\/05\/telen-top-programok-gyoparosfurdon.jpg) top left no-repeat;\"><span class=\"title\">in winter<\/span><\/a><a href=\"\/en\/programs\/for-youngsters\" title=\"for youngsters\" class=\"topten_link\" style=\"background: url(\/wp-content\/uploads\/2012\/05\/fiataloknak-top-programok-gyoparosfurdon.jpg) top left no-repeat;\"><span class=\"title\">for youngsters<\/span><\/a><a href=\"\/en\/programs\/for-couples\" title=\"for couples\" class=\"topten_link\" style=\"background: url(\/wp-content\/uploads\/2012\/05\/paroknak-top-programok-gyoparosfurdon.jpg) top left no-repeat;\"><span class=\"title\">for couples<\/span><\/a><a href=\"\/en\/programs\/by-car\" title=\"by car\" class=\"topten_link\" style=\"background: url(\/wp-content\/uploads\/2012\/05\/autoval-top-programok-gyoparosfurdon.jpg) top left no-repeat;\"><span class=\"title\">by car<\/span><\/a><a href=\"\/en\/programs\/for-culture-fans\" title=\"for culture fans\" class=\"topten_link\" style=\"background: url(\/wp-content\/uploads\/2012\/05\/kulturabaratoknak-top-programok-gyoparosfurdon.jpg) top left no-repeat;\"><span class=\"title\">for culture fans<\/span><\/a><\/li><li class=\"topten_item\" data-id=\"tsi_3\"><a href=\"\/en\/programs\/1-week\" title=\"for 1 week\" class=\"topten_link\" style=\"background: url(\/wp-content\/uploads\/2012\/05\/1-hetre-top-programok-gyoparosfurdon.jpg) top left no-repeat;\"><span class=\"title\">for 1 week<\/span><\/a><a href=\"\/en\/programs\/for-anglers\" title=\"for anglers\" class=\"topten_link\" style=\"background: url(\/wp-content\/uploads\/2012\/05\/horgaszoknak-top-programok-gyoparosfurdon.jpg) top left no-repeat;\"><span class=\"title\">for anglers<\/span><\/a><\/ul><div class=\"lapozobox\"><span id=\"lprev\"><\/span><span id=\"lnext\"><\/span><span id=\"ts_1\" class=\"active\"><\/span><span id=\"ts_2\" ><\/span><span id=\"ts_3\" ><\/span><\/div><\/div>\n","protected":false},"excerpt":{"rendered":"<p>Water Park and Park Bath Monday\u2013Friday: 09:00\u201320:00 Saturday: 09:00\u201324:00 Sunday: 09:00\u201320:00 Sauna Park Monday\u2013Friday: 12:00\u201320:00 Saturday: 12:00\u201324:00 Sunday: 12:00\u201320:00 Opening hours of the Medical Department Monday\u2013Friday: 07:00\u201315:30 Saturday\u2013Sunday: Closed We would like to inform our guests that the currently effective &hellip; <a href=\"https:\/\/gyoparosfurdo-oroshaza.hu\/en\/gyoparosfurdo\/opening-hours\">Folytat\u00e1s <span class=\"meta-nav\">&rarr;<\/span><\/a><\/p>\n","protected":false},"author":6,"featured_media":0,"parent":25870,"menu_order":0,"comment_status":"closed","ping_status":"closed","template":"","meta":[],"_links":{"self":[{"href":"https:\/\/gyoparosfurdo-oroshaza.hu\/en\/wp-json\/wp\/v2\/pages\/25996"}],"collection":[{"href":"https:\/\/gyoparosfurdo-oroshaza.hu\/en\/wp-json\/wp\/v2\/pages"}],"about":[{"href":"https:\/\/gyoparosfurdo-oroshaza.hu\/en\/wp-json\/wp\/v2\/types\/page"}],"author":[{"embeddable":true,"href":"https:\/\/gyoparosfurdo-oroshaza.hu\/en\/wp-json\/wp\/v2\/users\/6"}],"replies":[{"embeddable":true,"href":"https:\/\/gyoparosfurdo-oroshaza.hu\/en\/wp-json\/wp\/v2\/comments?post=25996"}],"version-history":[{"count":48,"href":"https:\/\/gyoparosfurdo-oroshaza.hu\/en\/wp-json\/wp\/v2\/pages\/25996\/revisions"}],"predecessor-version":[{"id":40338,"href":"https:\/\/gyoparosfurdo-oroshaza.hu\/en\/wp-json\/wp\/v2\/pages\/25996\/revisions\/40338"}],"up":[{"embeddable":true,"href":"https:\/\/gyoparosfurdo-oroshaza.hu\/en\/wp-json\/wp\/v2\/pages\/25870"}],"wp:attachment":[{"href":"https:\/\/gyoparosfurdo-oroshaza.hu\/en\/wp-json\/wp\/v2\/media?parent=25996"}],"curies":[{"name":"wp","href":"https:\/\/api.w.org\/{rel}","templated":true}]}}