{"id":25973,"date":"2012-04-13T10:23:28","date_gmt":"2012-04-13T08:23:28","guid":{"rendered":"https:\/\/gyoparosfurdo-oroshaza.hu\/prices"},"modified":"2026-04-15T12:35:49","modified_gmt":"2026-04-15T10:35:49","slug":"prices","status":"publish","type":"page","link":"https:\/\/gyoparosfurdo-oroshaza.hu\/en\/gyoparosfurdo\/prices","title":{"rendered":"Prices"},"content":{"rendered":"<style>h4.tablazatheader {padding: 18px !important; border-radius: 12px 12px 0 0; background-color: #387b93; text-align: center; color: #ffffff !important; margin-top: 20px; margin-bottom: -15px; font-weight: 700; font-size: 20px !important; line-height: 24px !important;}<\/style>\n<p>Prices are valid from April 13, 2026!<\/p>\n<h4 class=\"tablazatheader\">Adventure Bath (includes Park and Thermal Bath entry, use of salt room and gym)<\/h4>\n<table>\n<tbody>\n<tr>\n<td>Daily adult Adventure Bath ticket (from age 14)<\/td>\n<td>5,000 HUF\/person<\/td>\n<\/tr>\n<tr>\n<td>Daily adult Adventure Bath ticket (from age 14) after 4:00 PM<\/td>\n<td>4,000 HUF\/person<\/td>\n<\/tr>\n<tr>\n<td>Daily adult Adventure Bath ticket (from age 14) with Orosh\u00e1za resident discount<\/td>\n<td>3,000 HUF\/person<\/td>\n<\/tr>\n<tr>\n<td>Daily adult Adventure Bath ticket (from age 14) with Orosh\u00e1za resident discount after 4:00 PM<\/td>\n<td>2,400 HUF\/person<\/td>\n<\/tr>\n<tr>\n<td>Daily adult Adventure Bath ticket (from age 14) with regional discount<\/td>\n<td>3,500 HUF\/person<\/td>\n<\/tr>\n<tr>\n<td>Daily adult Adventure Bath ticket (from age 14) with regional discount after 4:00 PM<\/td>\n<td>2,800 HUF\/person<\/td>\n<\/tr>\n<tr>\n<td>Daily senior\/student* Adventure Bath ticket (from age 14)<\/td>\n<td>4,000 HUF\/person<\/td>\n<\/tr>\n<tr>\n<td>Daily senior\/student* Adventure Bath ticket (from age 14) after 4:00 PM<\/td>\n<td>3,200 HUF\/person<\/td>\n<\/tr>\n<tr>\n<td>Daily senior\/student* Adventure Bath ticket (from age 14) with Orosh\u00e1za resident discount<\/td>\n<td>2,400 HUF\/person<\/td>\n<\/tr>\n<tr>\n<td>Daily senior\/student* Adventure Bath ticket (from age 14) with Orosh\u00e1za resident discount after 4:00 PM<\/td>\n<td>1,900 HUF\/person<\/td>\n<\/tr>\n<tr>\n<td>Daily senior\/student* Adventure Bath ticket (from age 14) with regional discount<\/td>\n<td>2,800 HUF\/person<\/td>\n<\/tr>\n<tr>\n<td>Daily senior\/student* Adventure Bath ticket (from age 14) with regional discount after 4:00 PM<\/td>\n<td>2,200 HUF\/person<\/td>\n<\/tr>\n<tr>\n<td>Daily child Adventure Bath ticket (ages 6-14)<\/td>\n<td>1,500 HUF\/person<\/td>\n<\/tr>\n<tr>\n<td>Daily child Adventure Bath ticket (ages 6-14) after 4:00 PM<\/td>\n<td>1,200 HUF\/person<\/td>\n<\/tr>\n<tr>\n<td>Daily child Adventure Bath ticket (ages 6-14) with Orosh\u00e1za resident discount<\/td>\n<td>900 HUF\/person<\/td>\n<\/tr>\n<tr>\n<td>Daily child Adventure Bath ticket (ages 6-14) with Orosh\u00e1za resident discount after 4:00 PM<\/td>\n<td>700 HUF\/person<\/td>\n<\/tr>\n<tr>\n<td>Daily child Adventure Bath ticket (ages 6-14) with regional discount<\/td>\n<td>1,050 HUF\/person<\/td>\n<\/tr>\n<tr>\n<td>Daily child Adventure Bath ticket (ages 6-14) with regional discount after 4:00 PM<\/td>\n<td>850 HUF\/person<\/td>\n<\/tr>\n<tr>\n<td>Daily child Adventure Bath ticket under 6 years old<\/td>\n<td>FREE<\/td>\n<\/tr>\n<tr>\n<td>Group discount (over 20 people)<\/td>\n<td>10% discount<\/td>\n<\/tr>\n<tr>\n<td>Sauna sheet deposit<\/td>\n<td>1,000 HUF<\/td>\n<\/tr>\n<tr>\n<td>Adventure Bath supplement for Sauna Park use<\/td>\n<td>1,500 HUF\/person<\/td>\n<\/tr>\n<tr>\n<td>Sauna s\u00e9ance ticket (with valid sauna entry)<\/td>\n<td>1,000 HUF\/s\u00e9ance<\/td>\n<\/tr>\n<\/tbody>\n<\/table>\n<p>* Upon presentation of a valid student ID<\/p>\n<h4 class=\"tablazatheader\">Other Services<\/h4>\n<table>\n<tbody>\n<tr>\n<td>Orosh\u00e1za \/ Regional Resident Card (valid until Dec 31 of current year)<\/td>\n<td>1,000 HUF<\/td>\n<\/tr>\n<tr>\n<td>Standing solarium (min. 5 min) with sauna use<\/td>\n<td>200 HUF\/min<\/td>\n<\/tr>\n<tr>\n<td>Lying solarium (min. 5 min) with sauna use<\/td>\n<td>200 HUF\/min<\/td>\n<\/tr>\n<tr>\n<td>Towel rental<\/td>\n<td>500 HUF<\/td>\n<\/tr>\n<tr>\n<td>Bathrobe rental<\/td>\n<td>500 HUF<\/td>\n<\/tr>\n<tr>\n<td>Parking fee directly in front of the bath entrance<\/td>\n<td>150 HUF\/hour<\/td>\n<\/tr>\n<tr>\n<td>Parking fee in the distant large parking lot<\/td>\n<td>FREE<\/td>\n<\/tr>\n<\/tbody>\n<\/table>\n<h4 class=\"tablazatheader\">Thermal Bath<\/h4>\n<table>\n<tbody>\n<tr>\n<td>Daily entry ticket<\/td>\n<td>2,000 HUF<\/td>\n<\/tr>\n<tr>\n<td>Medicinal mud compress<\/td>\n<td>7,000 HUF<\/td>\n<\/tr>\n<tr>\n<td>Treatment cloth<\/td>\n<td>600 HUF<\/td>\n<\/tr>\n<tr>\n<td>Key deposit<\/td>\n<td>1,000 HUF<\/td>\n<\/tr>\n<\/tbody>\n<\/table>\n<h4 class=\"tablazatheader\">Medical Treatments<\/h4>\n<table>\n<thead>\n<tr>\n<th>NEAK (Health Insurance) Supported Treatment Prices (with referral)<\/th>\n<th>NEAK Supported<\/th>\n<th>Non-supported<\/th>\n<\/tr>\n<\/thead>\n<tbody>\n<tr>\n<td>01 Thermal water pool<\/td>\n<td>500 HUF\/session<\/td>\n<td>Daily entry<\/td>\n<\/tr>\n<tr>\n<td>02 Thermal water tub bath<\/td>\n<td>500 HUF\/session<\/td>\n<td>2,500 HUF\/session<\/td>\n<\/tr>\n<tr>\n<td>03 Mud pack<\/td>\n<td>500 HUF\/session<\/td>\n<td>2,500 HUF\/session<\/td>\n<\/tr>\n<tr>\n<td>04 Weight bath<\/td>\n<td>500 HUF\/session<\/td>\n<td>2,500 HUF\/session<\/td>\n<\/tr>\n<tr>\n<td>05 Carbonated bath<\/td>\n<td>500 HUF\/session<\/td>\n<td>2,500 HUF\/session<\/td>\n<\/tr>\n<tr>\n<td>06 Medical massage<\/td>\n<td>500 HUF\/session<\/td>\n<td>3,000 HUF\/session<\/td>\n<\/tr>\n<tr>\n<td>07 Underwater jet massage<\/td>\n<td>500 HUF\/session<\/td>\n<td>2,500 HUF\/session<\/td>\n<\/tr>\n<tr>\n<td>08 Underwater group physiotherapy<\/td>\n<td>500 HUF\/session<\/td>\n<td>2,500 HUF\/session<\/td>\n<\/tr>\n<tr>\n<td>09 Complex treatment<\/td>\n<td>2,000 HUF\/session<\/td>\n<td><\/td>\n<\/tr>\n<\/tbody>\n<\/table>\n<h4 class=\"tablazatheader\">Medical and Health Preservation Services<\/h4>\n<table>\n<tbody>\n<tr>\n<td>Medical examination, follow-up<\/td>\n<td>FREE<\/td>\n<\/tr>\n<tr>\n<td>Individual physiotherapy (25 min)<\/td>\n<td>4,500 HUF\/session<\/td>\n<\/tr>\n<tr>\n<td>Individual physiotherapy (25 min) 5 sessions<\/td>\n<td>21,000 HUF<\/td>\n<\/tr>\n<tr>\n<td>Individual physiotherapy (25 min) 10 sessions<\/td>\n<td>41,000 HUF<\/td>\n<\/tr>\n<tr>\n<td>Individual physiotherapy (50 min)<\/td>\n<td>7,500 HUF\/session<\/td>\n<\/tr>\n<tr>\n<td>Individual physiotherapy (50 min) 5 sessions<\/td>\n<td>36,000 HUF<\/td>\n<\/tr>\n<tr>\n<td>Individual physiotherapy (50 min) 10 sessions<\/td>\n<td>70,000 HUF<\/td>\n<\/tr>\n<tr>\n<td>Individual water gymnastics (25 min)<\/td>\n<td>6,000 HUF\/session<\/td>\n<\/tr>\n<tr>\n<td>Health assessment (25 min)<\/td>\n<td>4,500 HUF\/session<\/td>\n<\/tr>\n<tr>\n<td>McKenzie therapy<\/td>\n<td>8,000 HUF\/session<\/td>\n<\/tr>\n<tr>\n<td>McKenzie therapy follow-up<\/td>\n<td>5,000 HUF\/session<\/td>\n<\/tr>\n<tr>\n<td>Pelvic floor exercises (group)<\/td>\n<td>3,000 HUF\/session<\/td>\n<\/tr>\n<tr>\n<td>Postpartum rehabilitation (group)<\/td>\n<td>3,000 HUF\/session<\/td>\n<\/tr>\n<tr>\n<td>Prenatal gymnastics (group)<\/td>\n<td>3,000 HUF\/session<\/td>\n<\/tr>\n<tr>\n<td>Baby-mama gymnastics (group)<\/td>\n<td>3,000 HUF\/session<\/td>\n<\/tr>\n<tr>\n<td>Scar treatment (25 min)<\/td>\n<td>5,000 HUF\/session<\/td>\n<\/tr>\n<tr>\n<td>Vagus therapy<\/td>\n<td>8,000 HUF\/session<\/td>\n<\/tr>\n<tr>\n<td>Sports rehabilitation (50 min)<\/td>\n<td>8,000 HUF\/session<\/td>\n<\/tr>\n<tr>\n<td>Floss therapy (25 min)<\/td>\n<td>5,000 HUF\/session<\/td>\n<\/tr>\n<tr>\n<td>Kinesiology taping<\/td>\n<td>3,500 HUF\/body part<\/td>\n<\/tr>\n<tr>\n<td>Shockwave therapy<\/td>\n<td>7,500 HUF\/session<\/td>\n<\/tr>\n<tr>\n<td>Shockwave therapy 5 sessions<\/td>\n<td>36,000 HUF<\/td>\n<\/tr>\n<tr>\n<td>Shockwave therapy 10 sessions<\/td>\n<td>70,000 HUF<\/td>\n<\/tr>\n<tr>\n<td>Electrotherapy treatments<\/td>\n<td>1,500 HUF\/treatment<\/td>\n<\/tr>\n<tr>\n<td>Ultrasound (underwater US)<\/td>\n<td>1,500 HUF\/treatment<\/td>\n<\/tr>\n<tr>\n<td>Laser therapy<\/td>\n<td>6,000 HUF\/session<\/td>\n<\/tr>\n<tr>\n<td>Laser therapy 5 sessions<\/td>\n<td>28,000 HUF<\/td>\n<\/tr>\n<tr>\n<td>Laser therapy 10 sessions<\/td>\n<td>55,000 HUF<\/td>\n<\/tr>\n<tr>\n<td>Salt room adult (with basic entry ticket)<\/td>\n<td>FREE<\/td>\n<\/tr>\n<tr>\n<td>Salt room student-senior (with basic entry ticket)<\/td>\n<td>FREE<\/td>\n<\/tr>\n<\/tbody>\n<\/table>\n<h4 class=\"tablazatheader\">Wellness Packages<\/h4>\n<table>\n<tbody>\n<tr>\n<td>&#8220;Great Plain Outlaw&#8221; Cure<\/td>\n<td>9,000 HUF<\/td>\n<\/tr>\n<tr>\n<td>&#8220;Scheherazade&#8217;s Charm&#8221;<\/td>\n<td>9,000 HUF<\/td>\n<\/tr>\n<tr>\n<td>&#8220;Strength of Zeus&#8221;<\/td>\n<td>9,000 HUF<\/td>\n<\/tr>\n<tr>\n<td>&#8220;Eternal Youth&#8221;<\/td>\n<td>9,000 HUF<\/td>\n<\/tr>\n<tr>\n<td>&#8220;Charm of the Sea&#8221;<\/td>\n<td>7,500 HUF<\/td>\n<\/tr>\n<tr>\n<td>&#8220;Charm of the Far East&#8221;<\/td>\n<td>10,500 HUF<\/td>\n<\/tr>\n<\/tbody>\n<\/table>\n<h4 class=\"tablazatheader\">Massages<\/h4>\n<table>\n<tbody>\n<tr>\n<td>Refreshing massage (15 min)<\/td>\n<td>2,500 HUF\/session<\/td>\n<\/tr>\n<tr>\n<td>Refreshing massage (25 min)<\/td>\n<td>4,000 HUF\/session<\/td>\n<\/tr>\n<tr>\n<td>Refreshing massage (50 min)<\/td>\n<td>7,800 HUF\/session<\/td>\n<\/tr>\n<tr>\n<td>Relaxing head massage (25 min)<\/td>\n<td>4,500 HUF\/session<\/td>\n<\/tr>\n<tr>\n<td>Refreshing foot massage (25 min)<\/td>\n<td>4,500 HUF\/session<\/td>\n<\/tr>\n<tr>\n<td>Rheumatism massage (25 min)<\/td>\n<td>4,500 HUF\/session<\/td>\n<\/tr>\n<tr>\n<td>Sports massage (25 min)<\/td>\n<td>5.500 HUF\/session<\/td>\n<\/tr>\n<tr>\n<td>Soothing massage (25 min)<\/td>\n<td>4,500 HUF\/session<\/td>\n<\/tr>\n<tr>\n<td>Soothing massage (50 min)<\/td>\n<td>8,500 HUF\/session<\/td>\n<\/tr>\n<tr>\n<td>Lymphatic drainage massage (50 min)<\/td>\n<td>9,000 HUF\/session<\/td>\n<\/tr>\n<tr>\n<td>Thai massage (55 min)<\/td>\n<td>9,500 HUF\/session<\/td>\n<\/tr>\n<tr>\n<td>Hot stone massage (55 min)<\/td>\n<td>9,500 HUF\/session<\/td>\n<\/tr>\n<tr>\n<td>Cupping therapy (25 min)<\/td>\n<td>4,500 HUF\/session<\/td>\n<\/tr>\n<\/tbody>\n<\/table>\n<h4 class=\"tablazatheader\">Camping<\/h4>\n<table>\n<tbody>\n<tr>\n<td>Wooden house (4 persons) including entry ticket<\/td>\n<td>40,000 HUF\/night<\/td>\n<\/tr>\n<tr>\n<td>Adult fee including entry ticket<\/td>\n<td>5,000 HUF\/night<\/td>\n<\/tr>\n<tr>\n<td>Student\/Senior fee including entry ticket<\/td>\n<td>4,000 HUF\/night<\/td>\n<\/tr>\n<tr>\n<td>Child fee (under 6 years old)<\/td>\n<td>FREE<\/td>\n<\/tr>\n<tr>\n<td>Caravan (including parking fee)<\/td>\n<td>4,000 HUF\/night<\/td>\n<\/tr>\n<tr>\n<td>Motorhome<\/td>\n<td>4,000 HUF\/night<\/td>\n<\/tr>\n<tr>\n<td>Electricity use (tent)<\/td>\n<td>900 HUF\/night<\/td>\n<\/tr>\n<tr>\n<td>Electricity use (caravan\/motorhome)<\/td>\n<td>1,000 HUF\/night<\/td>\n<\/tr>\n<tr>\n<td>Parking fee (car)<\/td>\n<td>1,000 HUF\/night<\/td>\n<\/tr>\n<tr>\n<td>Parking fee (motorcycle)<\/td>\n<td>900 HUF\/night<\/td>\n<\/tr>\n<tr>\n<td>Tourist Tax (IFA) for over 18s<\/td>\n<td>400 HUF\/night\/person<\/td>\n<\/tr>\n<tr>\n<td>Camping supplement for sauna use<\/td>\n<td>1,500 HUF\/day<\/td>\n<\/tr>\n<\/tbody>\n<\/table>\n<p><b>Notes:<\/b><br \/>\n\u2022 We reserve the right to change prices!<br \/>\n\u2022 Our prices are in Hungarian Forints (HUF) and include VAT.<br \/>\n\u2022 Only one type of discount can be used at a time; discounts cannot be combined.<br \/>\n\u2022 Discounts are provided based on the presentation of a valid address card!<\/p>\n<p>*Upon presentation of a valid student ID<\/p>\n<p><b>Settlements entitled to regional discounts:<\/b> B\u00e9k\u00e9ss\u00e1mson, Csan\u00e1dap\u00e1ca, Csorv\u00e1s, G\u00e1doros, Gerend\u00e1s, Kardosk\u00fat, Nagym\u00e1gocs, Nagysz\u00e9n\u00e1s, Pusztaf\u00f6ldv\u00e1r, T\u00f3tkoml\u00f3s<\/p>\n<p>Please be advised that the current legislation governing the operation of public baths, Government Decree 510\/2023. (XI. 20.) <a href=\"https:\/\/njt.hu\/jogszabaly\/2023-510-20-22\">Government Decree<\/a>, contains strict regulations regarding children bathing in thermal water. According to the decree, children under 14 years of age may not bathe in medicinal or therapeutic pools, except by medical prescription. The operator of the public bath is obliged to operate the facility in compliance with the public health rules set out in Annex 5 of the Government Decree.<\/p>\n<div class=\"kapcsolodo_tartalom\"><h3>Related content<\/h3><ul class=\"custom_menu\"><li class=\"page_item page-item-25884\"><a title=\"Aquapark\" href=\"https:\/\/gyoparosfurdo-oroshaza.hu\/en\/gyoparosfurdo\/aquapark\">Aquapark<\/a><\/li><li class=\"page_item page-item-26344\"><a title=\"Gyop\u00e1rosf\u00fcrd\u0151 \u2013 health resort\" href=\"https:\/\/gyoparosfurdo-oroshaza.hu\/en\/gyoparosfurdo\/gyoparosfurdo-health-resort\">Gyop\u00e1rosf\u00fcrd\u0151 \u2013 health resort<\/a><\/li><li class=\"page_item page-item-26356\"><a title=\"Gyop\u00e1rosf\u00fcrd\u0151 panorama\" href=\"https:\/\/gyoparosfurdo-oroshaza.hu\/en\/gyoparosfurdo\/gyoparosfurdo-panorama\">Gyop\u00e1rosf\u00fcrd\u0151 panorama<\/a><\/li><li class=\"page_item page-item-25880\"><a title=\"History\" href=\"https:\/\/gyoparosfurdo-oroshaza.hu\/en\/gyoparosfurdo\/history\">History<\/a><\/li><li class=\"page_item page-item-26279\"><a title=\"Indoor playground for children\" href=\"https:\/\/gyoparosfurdo-oroshaza.hu\/en\/gyoparosfurdo\/gyoparosfurdo-jatekkucko-indoor-playground-for-children\">Indoor playground for children<\/a><\/li><li class=\"page_item page-item-26403\"><a title=\"Massages\" href=\"https:\/\/gyoparosfurdo-oroshaza.hu\/en\/gyoparosfurdo\/massages\">Massages<\/a><\/li><\/ul><ul class=\"custom_menu\"><li class=\"page_item page-item-25996\"><a title=\"Nyitvatart\u00e1s\" href=\"https:\/\/gyoparosfurdo-oroshaza.hu\/en\/gyoparosfurdo\/opening-hours\">Nyitvatart\u00e1s<\/a><\/li><li class=\"page_item page-item-25897\"><a title=\"Park and outdoor pools\" href=\"https:\/\/gyoparosfurdo-oroshaza.hu\/en\/gyoparosfurdo\/park-and-outdoor-pools\">Park and outdoor pools<\/a><\/li><li class=\"page_item page-item-26492\"><a title=\"Parking\" href=\"https:\/\/gyoparosfurdo-oroshaza.hu\/en\/gyoparosfurdo\/parking\">Parking<\/a><\/li><li class=\"page_item page-item-26173\"><a title=\"Sauna park\" href=\"https:\/\/gyoparosfurdo-oroshaza.hu\/en\/gyoparosfurdo\/sauna-park\">Sauna park<\/a><\/li><li class=\"page_item page-item-26255\"><a title=\"Proper sauna etiquette\" href=\"https:\/\/gyoparosfurdo-oroshaza.hu\/en\/gyoparosfurdo\/sauna-park\/proper-sauna-etiquette\">Proper sauna etiquette<\/a><\/li><li class=\"page_item page-item-26268\"><a title=\"Proper way of using the sauna\" href=\"https:\/\/gyoparosfurdo-oroshaza.hu\/en\/gyoparosfurdo\/sauna-park\/proper-way-of-using-the-sauna\">Proper way of using the sauna<\/a><\/li><\/ul><ul class=\"custom_menu\"><li class=\"page_item page-item-26251\"><a title=\"Sauna Culture\" href=\"https:\/\/gyoparosfurdo-oroshaza.hu\/en\/gyoparosfurdo\/sauna-park\/sauna-culture\">Sauna Culture<\/a><\/li><li class=\"page_item page-item-26272\"><a title=\"Sauna seances\" href=\"https:\/\/gyoparosfurdo-oroshaza.hu\/en\/gyoparosfurdo\/sauna-seances\">Sauna seances<\/a><\/li><li class=\"page_item page-item-26218\"><a title=\"SZ\u00c9P Card and Health Insurance Fund\" href=\"https:\/\/gyoparosfurdo-oroshaza.hu\/en\/gyoparosfurdo\/szep-card-and-health-insurance-fund\">SZ\u00c9P Card and Health Insurance Fund<\/a><\/li><li class=\"page_item page-item-25901\"><a title=\"Thermal Spa\" href=\"https:\/\/gyoparosfurdo-oroshaza.hu\/en\/gyoparosfurdo\/thermal-spa\">Thermal Spa<\/a><\/li><li class=\"page_item page-item-26328\"><a title=\"Videos\" href=\"https:\/\/gyoparosfurdo-oroshaza.hu\/en\/gyoparosfurdo\/videos\">Videos<\/a><\/li><li class=\"page_item page-item-26151\"><a title=\"Wellness\" href=\"https:\/\/gyoparosfurdo-oroshaza.hu\/en\/gyoparosfurdo\/wellness\">Wellness<\/a><\/li><\/ul><br class=\"clear\" \/><\/div>\n<div class=\"topten_slider_title\"><span class=\"h3\">Top programmes<\/span><a href=\"https:\/\/gyoparosfurdo-oroshaza.hu\/en\/programs\" title=\"Show all programmes \u00bb\">Show all programmes \u00bb<\/a><\/div><div class=\"topten_container topten_slider\" id=\"topten_slider\"><ul class=\"topten_inner\"><li class=\"topten_item\" data-id=\"tsi_1\"><a href=\"\/en\/programs\/1-day\" title=\"for 1 day\" class=\"topten_link\" style=\"background: url(\/wp-content\/uploads\/2012\/05\/1-napra-top-programok-gyoparosfurdon.jpg) top left no-repeat;\"><span class=\"title\">for 1 day<\/span><\/a><a href=\"\/en\/programs\/for-cyclers\" title=\"for cyclers\" class=\"topten_link\" style=\"background: url(\/wp-content\/uploads\/2012\/05\/kerekparosoknak-top-programok-gyoparosfurdon.jpg) top left no-repeat;\"><span class=\"title\">for cyclers<\/span><\/a><a href=\"\/en\/programs\/for-a-weekend\" title=\"for a weekend\" class=\"topten_link\" style=\"background: url(\/wp-content\/uploads\/2012\/05\/hetvegere-top-programok-gyoparosfurdon.jpg) top left no-repeat;\"><span class=\"title\">for a weekend<\/span><\/a><a href=\"\/en\/programs\/in-winter\" title=\"in winter\" class=\"topten_link\" style=\"background: url(\/wp-content\/uploads\/2012\/05\/telen-top-programok-gyoparosfurdon.jpg) top left no-repeat;\"><span class=\"title\">in winter<\/span><\/a><a href=\"\/en\/programs\/for-youngsters\" title=\"for youngsters\" class=\"topten_link\" style=\"background: url(\/wp-content\/uploads\/2012\/05\/fiataloknak-top-programok-gyoparosfurdon.jpg) top left no-repeat;\"><span class=\"title\">for youngsters<\/span><\/a><a href=\"\/en\/programs\/for-couples\" title=\"for couples\" class=\"topten_link\" style=\"background: url(\/wp-content\/uploads\/2012\/05\/paroknak-top-programok-gyoparosfurdon.jpg) top left no-repeat;\"><span class=\"title\">for couples<\/span><\/a><\/li><li class=\"topten_item\" data-id=\"tsi_2\"><a href=\"\/en\/programs\/by-car\" title=\"by car\" class=\"topten_link\" style=\"background: url(\/wp-content\/uploads\/2012\/05\/autoval-top-programok-gyoparosfurdon.jpg) top left no-repeat;\"><span class=\"title\">by car<\/span><\/a><a href=\"\/en\/programs\/for-culture-fans\" title=\"for culture fans\" class=\"topten_link\" style=\"background: url(\/wp-content\/uploads\/2012\/05\/kulturabaratoknak-top-programok-gyoparosfurdon.jpg) top left no-repeat;\"><span class=\"title\">for culture fans<\/span><\/a><a href=\"\/en\/programs\/1-week\" title=\"for 1 week\" class=\"topten_link\" style=\"background: url(\/wp-content\/uploads\/2012\/05\/1-hetre-top-programok-gyoparosfurdon.jpg) top left no-repeat;\"><span class=\"title\">for 1 week<\/span><\/a><a href=\"\/en\/programs\/for-anglers\" title=\"for anglers\" class=\"topten_link\" style=\"background: url(\/wp-content\/uploads\/2012\/05\/horgaszoknak-top-programok-gyoparosfurdon.jpg) top left no-repeat;\"><span class=\"title\">for anglers<\/span><\/a><a href=\"\/en\/programs\/for-photographers\" title=\"for photographers\" class=\"topten_link\" style=\"background: url(\/wp-content\/uploads\/2012\/05\/fotosoknak-top-programok-gyoparosfurdon.jpg) top left no-repeat;\"><span class=\"title\">for photographers<\/span><\/a><a href=\"\/en\/programs\/for-sports-fans\" title=\"for sports fans\" class=\"topten_link\" style=\"background: url(\/wp-content\/uploads\/2012\/05\/sportbaratoknak-top-programok-gyoparosfurdon.jpg) top left no-repeat;\"><span class=\"title\">for sports fans<\/span><\/a><\/li><li class=\"topten_item\" data-id=\"tsi_3\"><a href=\"\/en\/programs\/for-families\" title=\"for families\" class=\"topten_link\" style=\"background: url(\/wp-content\/uploads\/2012\/05\/csaladosoknak-top-programok-gyoparosfurdon.jpg) top left no-repeat;\"><span class=\"title\">for families<\/span><\/a><a href=\"\/en\/programs\/in-summer\" title=\"in summer\" class=\"topten_link\" style=\"background: url(\/wp-content\/uploads\/2012\/05\/nyaron-top-programok-gyoparosfurdon.jpg) top left no-repeat;\"><span class=\"title\">in summer<\/span><\/a><\/ul><div class=\"lapozobox\"><span id=\"lprev\"><\/span><span id=\"lnext\"><\/span><span id=\"ts_1\" class=\"active\"><\/span><span id=\"ts_2\" ><\/span><span id=\"ts_3\" ><\/span><\/div><\/div>\n","protected":false},"excerpt":{"rendered":"<p>Prices are valid from April 13, 2026! Adventure Bath (includes Park and Thermal Bath entry, use of salt room and gym) Daily adult Adventure Bath ticket (from age 14) 5,000 HUF\/person Daily adult Adventure Bath ticket (from age 14) after &hellip; <a href=\"https:\/\/gyoparosfurdo-oroshaza.hu\/en\/gyoparosfurdo\/prices\">Folytat\u00e1s <span class=\"meta-nav\">&rarr;<\/span><\/a><\/p>\n","protected":false},"author":6,"featured_media":0,"parent":25870,"menu_order":0,"comment_status":"closed","ping_status":"closed","template":"","meta":[],"_links":{"self":[{"href":"https:\/\/gyoparosfurdo-oroshaza.hu\/en\/wp-json\/wp\/v2\/pages\/25973"}],"collection":[{"href":"https:\/\/gyoparosfurdo-oroshaza.hu\/en\/wp-json\/wp\/v2\/pages"}],"about":[{"href":"https:\/\/gyoparosfurdo-oroshaza.hu\/en\/wp-json\/wp\/v2\/types\/page"}],"author":[{"embeddable":true,"href":"https:\/\/gyoparosfurdo-oroshaza.hu\/en\/wp-json\/wp\/v2\/users\/6"}],"replies":[{"embeddable":true,"href":"https:\/\/gyoparosfurdo-oroshaza.hu\/en\/wp-json\/wp\/v2\/comments?post=25973"}],"version-history":[{"count":36,"href":"https:\/\/gyoparosfurdo-oroshaza.hu\/en\/wp-json\/wp\/v2\/pages\/25973\/revisions"}],"predecessor-version":[{"id":40448,"href":"https:\/\/gyoparosfurdo-oroshaza.hu\/en\/wp-json\/wp\/v2\/pages\/25973\/revisions\/40448"}],"up":[{"embeddable":true,"href":"https:\/\/gyoparosfurdo-oroshaza.hu\/en\/wp-json\/wp\/v2\/pages\/25870"}],"wp:attachment":[{"href":"https:\/\/gyoparosfurdo-oroshaza.hu\/en\/wp-json\/wp\/v2\/media?parent=25973"}],"curies":[{"name":"wp","href":"https:\/\/api.w.org\/{rel}","templated":true}]}}