{"id":25956,"date":"2012-04-13T10:07:37","date_gmt":"2012-04-13T08:07:37","guid":{"rendered":"https:\/\/gyoparosfurdo-oroshaza.hu\/oroshaza"},"modified":"2012-04-13T10:07:37","modified_gmt":"2012-04-13T09:07:37","slug":"oroshaza","status":"publish","type":"page","link":"https:\/\/gyoparosfurdo-oroshaza.hu\/en\/oroshaza","title":{"rendered":"Orosh\u00e1za"},"content":{"rendered":"<h2>Three in one: provincial town, industrial centre and tourist paradise.<\/h2>\n<p>Orosh\u00e1za is a multi-coloured town, it disposes of a healthy mixture of lowland provincial town, a 20th century industrial centre and an up-to-date tourist destination. <\/p>\n<p><img loading=\"lazy\" src=\"\/wp-content\/uploads\/2012\/04\/oroshaza.jpg\" alt=\"Orosh\u00e1za\" title=\"Orosh\u00e1za\" width=\"579\" height=\"148\" class=\"aligncenter\" \/><\/p>\n<p>In order to have a better understanding we need a bit of historical review: two and a half centuries ago Transdanubian protestant inhabitants were offered place of refuge here by the landlord of the time. They made a good use of the place and turned it into a prosperous agricultural town, people achieved middle-class status.<\/p>\n<p>During the years after the Second World War \u2013 based on the natural gas found in the neighbouring areas \u2013 a process of industrialization started. In the course of this process was founded the local glass factory, another company called Mez\u0151g\u00e9p &#8211; now of Canadian property and running under the name of Linamar Hungary \u2013 producer of agricultural machines and other factories with activity in the sector of heavy-industry.<\/p>\n<p>As a result of these changes not only the aspect of the town was modified, but its composition as well. Orosh\u00e1za became of significant importance in the field of economy, as well as in the respect of the local cultural and social life.<\/p>\n<p>Nowadays we can speak about a fully developed town with infrastructure by the main road nr. 47. Beside the existing primary and secondary schools it offers possibility for higher education, too. The health service is comprehensive with a modern hospital and polyclinics. There is a wide range of shopping opportunities as most of the main chains have a branch here. This is true for service sector, including banks, restaurants and beauty services.<\/p>\n<p>The majority of the thirty thousand inhabitants is Evangelical, but there is a significant number of Catholics and Calvinists. The non-historical religions are also present. The main social problem hits this place too: less and less youngsters stay in the town. Most of them go to the capital, to the Transdanubia or abroad. On the other hand we can notice a new tendency as well: more and more youngsters return and use their knowledge, capital and expertise in the prosperity of the town.<\/p>\n<h3>Pictures of Orosh\u00e1za<\/h3>\n\n<div class=\"ngg-galleryoverview\" id=\"ngg-gallery-46-25956\">\n\n\n\t\n\t<!-- Thumbnails -->\n\t\t\n\t<div id=\"ngg-image-896\" class=\"ngg-gallery-thumbnail-box\"  >\n\t\t<div class=\"ngg-gallery-thumbnail\" >\n\t\t\t<a href=\"https:\/\/gyoparosfurdo-oroshaza.hu\/wp-content\/gallery\/oroshaza\/oroshaza_2_0.jpg\" title=\"Orosh\u00e1za a leveg\u0151b\u0151l\" class=\"thickbox\" rel=\"set_46\" >\n\t\t\t\t\t\t\t\t<img title=\"Orosh\u00e1za a leveg\u0151b\u0151l\" alt=\"Orosh\u00e1za a leveg\u0151b\u0151l\" src=\"https:\/\/gyoparosfurdo-oroshaza.hu\/wp-content\/gallery\/oroshaza\/thumbs\/thumbs_oroshaza_2_0.jpg\" width=\"120\" height=\"95\" \/>\n\t\t\t\t\t\t\t<\/a>\n\t\t<\/div>\n\t<\/div>\n\t\n\t\t\n \t\t\n\t<div id=\"ngg-image-897\" class=\"ngg-gallery-thumbnail-box\"  >\n\t\t<div class=\"ngg-gallery-thumbnail\" >\n\t\t\t<a href=\"https:\/\/gyoparosfurdo-oroshaza.hu\/wp-content\/gallery\/oroshaza\/oroshaza_3_0.jpg\" title=\"Orosh\u00e1za belv\u00e1rosa a leveg\u0151b\u0151l\" class=\"thickbox\" rel=\"set_46\" >\n\t\t\t\t\t\t\t\t<img title=\"Orosh\u00e1za belv\u00e1rosa a leveg\u0151b\u0151l\" alt=\"Orosh\u00e1za belv\u00e1rosa a leveg\u0151b\u0151l\" src=\"https:\/\/gyoparosfurdo-oroshaza.hu\/wp-content\/gallery\/oroshaza\/thumbs\/thumbs_oroshaza_3_0.jpg\" width=\"120\" height=\"95\" \/>\n\t\t\t\t\t\t\t<\/a>\n\t\t<\/div>\n\t<\/div>\n\t\n\t\t\n \t\t\n\t<div id=\"ngg-image-899\" class=\"ngg-gallery-thumbnail-box\"  >\n\t\t<div class=\"ngg-gallery-thumbnail\" >\n\t\t\t<a href=\"https:\/\/gyoparosfurdo-oroshaza.hu\/wp-content\/gallery\/oroshaza\/oroshaza_5_0.jpg\" title=\"Orosh\u00e1za f\u0151tere\" class=\"thickbox\" rel=\"set_46\" >\n\t\t\t\t\t\t\t\t<img title=\"Orosh\u00e1za f\u0151tere\" alt=\"Orosh\u00e1za f\u0151tere\" src=\"https:\/\/gyoparosfurdo-oroshaza.hu\/wp-content\/gallery\/oroshaza\/thumbs\/thumbs_oroshaza_5_0.jpg\" width=\"120\" height=\"95\" \/>\n\t\t\t\t\t\t\t<\/a>\n\t\t<\/div>\n\t<\/div>\n\t\n\t\t\n \t\t\n\t<div id=\"ngg-image-901\" class=\"ngg-gallery-thumbnail-box\"  >\n\t\t<div class=\"ngg-gallery-thumbnail\" >\n\t\t\t<a href=\"https:\/\/gyoparosfurdo-oroshaza.hu\/wp-content\/gallery\/oroshaza\/oroshaza_7_0.jpg\" title=\"Orosh\u00e1za f\u0151tere\" class=\"thickbox\" rel=\"set_46\" >\n\t\t\t\t\t\t\t\t<img title=\"Orosh\u00e1za f\u0151tere\" alt=\"Orosh\u00e1za f\u0151tere\" src=\"https:\/\/gyoparosfurdo-oroshaza.hu\/wp-content\/gallery\/oroshaza\/thumbs\/thumbs_oroshaza_7_0.jpg\" width=\"120\" height=\"95\" \/>\n\t\t\t\t\t\t\t<\/a>\n\t\t<\/div>\n\t<\/div>\n\t\n\t\t\n \t\t\n\t<div id=\"ngg-image-902\" class=\"ngg-gallery-thumbnail-box\"  >\n\t\t<div class=\"ngg-gallery-thumbnail\" >\n\t\t\t<a href=\"https:\/\/gyoparosfurdo-oroshaza.hu\/wp-content\/gallery\/oroshaza\/oroshaza_8_0.jpg\" title=\"Orosh\u00e1za f\u0151tere este\" class=\"thickbox\" rel=\"set_46\" >\n\t\t\t\t\t\t\t\t<img title=\"Orosh\u00e1za f\u0151tere este\" alt=\"Orosh\u00e1za f\u0151tere este\" src=\"https:\/\/gyoparosfurdo-oroshaza.hu\/wp-content\/gallery\/oroshaza\/thumbs\/thumbs_oroshaza_8_0.jpg\" width=\"120\" height=\"95\" \/>\n\t\t\t\t\t\t\t<\/a>\n\t\t<\/div>\n\t<\/div>\n\t\n\t\t\n \t\t\n\t<div id=\"ngg-image-904\" class=\"ngg-gallery-thumbnail-box\"  >\n\t\t<div class=\"ngg-gallery-thumbnail\" >\n\t\t\t<a href=\"https:\/\/gyoparosfurdo-oroshaza.hu\/wp-content\/gallery\/oroshaza\/foter_nagy005.jpg\" title=\"F\u0151t\u00e9r \u00e9jszaka\" class=\"thickbox\" rel=\"set_46\" >\n\t\t\t\t\t\t\t\t<img title=\"F\u0151t\u00e9r \u00e9jszaka\" alt=\"F\u0151t\u00e9r \u00e9jszaka\" src=\"https:\/\/gyoparosfurdo-oroshaza.hu\/wp-content\/gallery\/oroshaza\/thumbs\/thumbs_foter_nagy005.jpg\" width=\"120\" height=\"95\" \/>\n\t\t\t\t\t\t\t<\/a>\n\t\t<\/div>\n\t<\/div>\n\t\n\t\t\n \t\t\n\t<div id=\"ngg-image-385\" class=\"ngg-gallery-thumbnail-box\"  >\n\t\t<div class=\"ngg-gallery-thumbnail\" >\n\t\t\t<a href=\"https:\/\/gyoparosfurdo-oroshaza.hu\/wp-content\/gallery\/oroshaza\/oroshaza_6.jpg\" title=\"Orosh\u00e1za belv\u00e1rosa szombat \u00e9jjel\" class=\"thickbox\" rel=\"set_46\" >\n\t\t\t\t\t\t\t\t<img title=\"Orosh\u00e1za belv\u00e1rosa szombat \u00e9jjel\" alt=\"Orosh\u00e1za belv\u00e1rosa szombat \u00e9jjel\" src=\"https:\/\/gyoparosfurdo-oroshaza.hu\/wp-content\/gallery\/oroshaza\/thumbs\/thumbs_oroshaza_6.jpg\" width=\"120\" height=\"95\" \/>\n\t\t\t\t\t\t\t<\/a>\n\t\t<\/div>\n\t<\/div>\n\t\n\t\t\n \t\t\n\t<div id=\"ngg-image-900\" class=\"ngg-gallery-thumbnail-box\"  >\n\t\t<div class=\"ngg-gallery-thumbnail\" >\n\t\t\t<a href=\"https:\/\/gyoparosfurdo-oroshaza.hu\/wp-content\/gallery\/oroshaza\/oroshaza_6_0.jpg\" title=\"Gyop\u00e1rosf\u00fcrd\u0151 a leveg\u0151b\u0151l\" class=\"thickbox\" rel=\"set_46\" >\n\t\t\t\t\t\t\t\t<img title=\"Gyop\u00e1rosf\u00fcrd\u0151 a leveg\u0151b\u0151l\" alt=\"Gyop\u00e1rosf\u00fcrd\u0151 a leveg\u0151b\u0151l\" src=\"https:\/\/gyoparosfurdo-oroshaza.hu\/wp-content\/gallery\/oroshaza\/thumbs\/thumbs_oroshaza_6_0.jpg\" width=\"120\" height=\"95\" \/>\n\t\t\t\t\t\t\t<\/a>\n\t\t<\/div>\n\t<\/div>\n\t\n\t\t\n \t\t\n\t<div id=\"ngg-image-903\" class=\"ngg-gallery-thumbnail-box\"  >\n\t\t<div class=\"ngg-gallery-thumbnail\" >\n\t\t\t<a href=\"https:\/\/gyoparosfurdo-oroshaza.hu\/wp-content\/gallery\/oroshaza\/oroshaza_furdo.jpg\" title=\"Gyop\u00e1rosf\u00fcrd\u0151 kil\u00e1t\u00f3\" class=\"thickbox\" rel=\"set_46\" >\n\t\t\t\t\t\t\t\t<img title=\"Gyop\u00e1rosf\u00fcrd\u0151 kil\u00e1t\u00f3\" alt=\"Gyop\u00e1rosf\u00fcrd\u0151 kil\u00e1t\u00f3\" src=\"https:\/\/gyoparosfurdo-oroshaza.hu\/wp-content\/gallery\/oroshaza\/thumbs\/thumbs_oroshaza_furdo.jpg\" width=\"120\" height=\"95\" \/>\n\t\t\t\t\t\t\t<\/a>\n\t\t<\/div>\n\t<\/div>\n\t\n\t\t\n \t\t\n\t<div id=\"ngg-image-380\" class=\"ngg-gallery-thumbnail-box\"  >\n\t\t<div class=\"ngg-gallery-thumbnail\" >\n\t\t\t<a href=\"https:\/\/gyoparosfurdo-oroshaza.hu\/wp-content\/gallery\/oroshaza\/oroshaza_1.jpg\" title=\"Orosh\u00e1za belv\u00e1rosa a katolikus templommal\" class=\"thickbox\" rel=\"set_46\" >\n\t\t\t\t\t\t\t\t<img title=\"Orosh\u00e1za belv\u00e1rosa a katolikus templommal\" alt=\"Orosh\u00e1za belv\u00e1rosa a katolikus templommal\" src=\"https:\/\/gyoparosfurdo-oroshaza.hu\/wp-content\/gallery\/oroshaza\/thumbs\/thumbs_oroshaza_1.jpg\" width=\"120\" height=\"95\" \/>\n\t\t\t\t\t\t\t<\/a>\n\t\t<\/div>\n\t<\/div>\n\t\n\t\t\n \t\t\n\t<div id=\"ngg-image-382\" class=\"ngg-gallery-thumbnail-box\"  >\n\t\t<div class=\"ngg-gallery-thumbnail\" >\n\t\t\t<a href=\"https:\/\/gyoparosfurdo-oroshaza.hu\/wp-content\/gallery\/oroshaza\/oroshaza_3.jpg\" title=\"Az orosh\u00e1zi f\u0151utca\" class=\"thickbox\" rel=\"set_46\" >\n\t\t\t\t\t\t\t\t<img title=\"Az orosh\u00e1zi f\u0151utca\" alt=\"Az orosh\u00e1zi f\u0151utca\" src=\"https:\/\/gyoparosfurdo-oroshaza.hu\/wp-content\/gallery\/oroshaza\/thumbs\/thumbs_oroshaza_3.jpg\" width=\"120\" height=\"95\" \/>\n\t\t\t\t\t\t\t<\/a>\n\t\t<\/div>\n\t<\/div>\n\t\n\t\t\n \t\t\n\t<div id=\"ngg-image-384\" class=\"ngg-gallery-thumbnail-box\"  >\n\t\t<div class=\"ngg-gallery-thumbnail\" >\n\t\t\t<a href=\"https:\/\/gyoparosfurdo-oroshaza.hu\/wp-content\/gallery\/oroshaza\/oroshaza_5.jpg\" title=\"Az Eml\u00e9kpark a belv\u00e1rosban, a Gimn\u00e1zium el\u0151tt\" class=\"thickbox\" rel=\"set_46\" >\n\t\t\t\t\t\t\t\t<img title=\"Az Eml\u00e9kpark a belv\u00e1rosban, a Gimn\u00e1zium el\u0151tt\" alt=\"Az Eml\u00e9kpark a belv\u00e1rosban, a Gimn\u00e1zium el\u0151tt\" src=\"https:\/\/gyoparosfurdo-oroshaza.hu\/wp-content\/gallery\/oroshaza\/thumbs\/thumbs_oroshaza_5.jpg\" width=\"120\" height=\"95\" \/>\n\t\t\t\t\t\t\t<\/a>\n\t\t<\/div>\n\t<\/div>\n\t\n\t\t\n \t \t\n\t<!-- Pagination -->\n \t<div class='ngg-clear'><\/div>\n \t\n<\/div>\n\n\n<div class=\"kapcsolodo_tartalom\"><h3>Similar content<\/h3><ul class=\"custom_menu\"><li class=\"page_item page-item-26022\"><a title=\"General Information\" href=\"https:\/\/gyoparosfurdo-oroshaza.hu\/en\/oroshaza\/general-information\">General Information<\/a><\/li><li class=\"page_item page-item-26130\"><a title=\"Genuine Lowland\" href=\"https:\/\/gyoparosfurdo-oroshaza.hu\/en\/oroshaza\/genuine-lowland\">Genuine Lowland<\/a><\/li><li class=\"page_item page-item-26311\"><a title=\"Local products\" href=\"https:\/\/gyoparosfurdo-oroshaza.hu\/en\/oroshaza\/local-products\">Local products<\/a><\/li><li class=\"page_item page-item-26177\"><a title=\"My Orosh\u00e1za\" href=\"https:\/\/gyoparosfurdo-oroshaza.hu\/en\/oroshaza\/my-oroshaza\">My Orosh\u00e1za<\/a><\/li><\/ul><ul class=\"custom_menu\"><li class=\"page_item page-item-26301\"><a title=\"Andr\u00e1s G\u00e1sp\u00e1r actor\" href=\"https:\/\/gyoparosfurdo-oroshaza.hu\/en\/oroshaza\/my-oroshaza\/andras-gaspar-actor\">Andr\u00e1s G\u00e1sp\u00e1r actor<\/a><\/li><li class=\"page_item page-item-26324\"><a title=\"Zsolt Litauszki\" href=\"https:\/\/gyoparosfurdo-oroshaza.hu\/en\/oroshaza\/my-oroshaza\/zsolt-litauszki\">Zsolt Litauszki<\/a><\/li><li class=\"page_item page-item-26000\"><a title=\"Orosh\u00e1za Gastronomy\" href=\"https:\/\/gyoparosfurdo-oroshaza.hu\/en\/oroshaza\/oroshaza-gastronomy\">Orosh\u00e1za Gastronomy<\/a><\/li><li class=\"page_item page-item-26147\"><a title=\"Our neighbour: Arad\" href=\"https:\/\/gyoparosfurdo-oroshaza.hu\/en\/oroshaza\/our-neighbour-arad\">Our neighbour: Arad<\/a><\/li><\/ul><ul class=\"custom_menu\"><li class=\"page_item page-item-26214\"><a title=\"Restaurants\" href=\"https:\/\/gyoparosfurdo-oroshaza.hu\/en\/oroshaza\/restaurants\">Restaurants<\/a><\/li><li class=\"page_item page-item-26137\"><a title=\"Storm region\" href=\"https:\/\/gyoparosfurdo-oroshaza.hu\/en\/oroshaza\/storm-region\">Storm region<\/a><\/li><li class=\"page_item page-item-26306\"><a title=\"TDM\" href=\"https:\/\/gyoparosfurdo-oroshaza.hu\/en\/oroshaza\/tdm\">TDM<\/a><\/li><\/ul><br class=\"clear\" \/><\/div>\n<div class=\"topten_slider_title\"><span class=\"h3\">Top programmes<\/span><a href=\"https:\/\/gyoparosfurdo-oroshaza.hu\/en\/programs\" title=\"Show all programmes \u00bb\">Show all programmes \u00bb<\/a><\/div><div class=\"topten_container topten_slider\" id=\"topten_slider\"><ul class=\"topten_inner\"><li class=\"topten_item\" data-id=\"tsi_1\"><a href=\"\/en\/programs\/for-a-weekend\" title=\"for a weekend\" class=\"topten_link\" style=\"background: url(\/wp-content\/uploads\/2012\/05\/hetvegere-top-programok-gyoparosfurdon.jpg) top left no-repeat;\"><span class=\"title\">for a weekend<\/span><\/a><a href=\"\/en\/programs\/in-winter\" title=\"in winter\" class=\"topten_link\" style=\"background: url(\/wp-content\/uploads\/2012\/05\/telen-top-programok-gyoparosfurdon.jpg) top left no-repeat;\"><span class=\"title\">in winter<\/span><\/a><a href=\"\/en\/programs\/for-youngsters\" title=\"for youngsters\" class=\"topten_link\" style=\"background: url(\/wp-content\/uploads\/2012\/05\/fiataloknak-top-programok-gyoparosfurdon.jpg) top left no-repeat;\"><span class=\"title\">for youngsters<\/span><\/a><a href=\"\/en\/programs\/for-couples\" title=\"for couples\" class=\"topten_link\" style=\"background: url(\/wp-content\/uploads\/2012\/05\/paroknak-top-programok-gyoparosfurdon.jpg) top left no-repeat;\"><span class=\"title\">for couples<\/span><\/a><a href=\"\/en\/programs\/by-car\" title=\"by car\" class=\"topten_link\" style=\"background: url(\/wp-content\/uploads\/2012\/05\/autoval-top-programok-gyoparosfurdon.jpg) top left no-repeat;\"><span class=\"title\">by car<\/span><\/a><a href=\"\/en\/programs\/for-culture-fans\" title=\"for culture fans\" class=\"topten_link\" style=\"background: url(\/wp-content\/uploads\/2012\/05\/kulturabaratoknak-top-programok-gyoparosfurdon.jpg) top left no-repeat;\"><span class=\"title\">for culture fans<\/span><\/a><\/li><li class=\"topten_item\" data-id=\"tsi_2\"><a href=\"\/en\/programs\/1-week\" title=\"for 1 week\" class=\"topten_link\" style=\"background: url(\/wp-content\/uploads\/2012\/05\/1-hetre-top-programok-gyoparosfurdon.jpg) top left no-repeat;\"><span class=\"title\">for 1 week<\/span><\/a><a href=\"\/en\/programs\/for-anglers\" title=\"for anglers\" class=\"topten_link\" style=\"background: url(\/wp-content\/uploads\/2012\/05\/horgaszoknak-top-programok-gyoparosfurdon.jpg) top left no-repeat;\"><span class=\"title\">for anglers<\/span><\/a><a href=\"\/en\/programs\/for-photographers\" title=\"for photographers\" class=\"topten_link\" style=\"background: url(\/wp-content\/uploads\/2012\/05\/fotosoknak-top-programok-gyoparosfurdon.jpg) top left no-repeat;\"><span class=\"title\">for photographers<\/span><\/a><a href=\"\/en\/programs\/for-sports-fans\" title=\"for sports fans\" class=\"topten_link\" style=\"background: url(\/wp-content\/uploads\/2012\/05\/sportbaratoknak-top-programok-gyoparosfurdon.jpg) top left no-repeat;\"><span class=\"title\">for sports fans<\/span><\/a><a href=\"\/en\/programs\/for-families\" title=\"for families\" class=\"topten_link\" style=\"background: url(\/wp-content\/uploads\/2012\/05\/csaladosoknak-top-programok-gyoparosfurdon.jpg) top left no-repeat;\"><span class=\"title\">for families<\/span><\/a><a href=\"\/en\/programs\/in-summer\" title=\"in summer\" class=\"topten_link\" style=\"background: url(\/wp-content\/uploads\/2012\/05\/nyaron-top-programok-gyoparosfurdon.jpg) top left no-repeat;\"><span class=\"title\">in summer<\/span><\/a><\/li><li class=\"topten_item\" data-id=\"tsi_3\"><a href=\"\/en\/programs\/1-day\" title=\"for 1 day\" class=\"topten_link\" style=\"background: url(\/wp-content\/uploads\/2012\/05\/1-napra-top-programok-gyoparosfurdon.jpg) top left no-repeat;\"><span class=\"title\">for 1 day<\/span><\/a><a href=\"\/en\/programs\/for-cyclers\" title=\"for cyclers\" class=\"topten_link\" style=\"background: url(\/wp-content\/uploads\/2012\/05\/kerekparosoknak-top-programok-gyoparosfurdon.jpg) top left no-repeat;\"><span class=\"title\">for cyclers<\/span><\/a><\/ul><div class=\"lapozobox\"><span id=\"lprev\"><\/span><span id=\"lnext\"><\/span><span id=\"ts_1\" class=\"active\"><\/span><span id=\"ts_2\" ><\/span><span id=\"ts_3\" ><\/span><\/div><\/div>\n","protected":false},"excerpt":{"rendered":"<p>Three in one: provincial town, industrial centre and tourist paradise. Orosh\u00e1za is a multi-coloured town, it disposes of a healthy mixture of lowland provincial town, a 20th century industrial centre and an up-to-date tourist destination. In order to have a &hellip; <a href=\"https:\/\/gyoparosfurdo-oroshaza.hu\/en\/oroshaza\">Folytat\u00e1s <span class=\"meta-nav\">&rarr;<\/span><\/a><\/p>\n","protected":false},"author":6,"featured_media":0,"parent":0,"menu_order":2,"comment_status":"closed","ping_status":"closed","template":"","meta":[],"_links":{"self":[{"href":"https:\/\/gyoparosfurdo-oroshaza.hu\/en\/wp-json\/wp\/v2\/pages\/25956"}],"collection":[{"href":"https:\/\/gyoparosfurdo-oroshaza.hu\/en\/wp-json\/wp\/v2\/pages"}],"about":[{"href":"https:\/\/gyoparosfurdo-oroshaza.hu\/en\/wp-json\/wp\/v2\/types\/page"}],"author":[{"embeddable":true,"href":"https:\/\/gyoparosfurdo-oroshaza.hu\/en\/wp-json\/wp\/v2\/users\/6"}],"replies":[{"embeddable":true,"href":"https:\/\/gyoparosfurdo-oroshaza.hu\/en\/wp-json\/wp\/v2\/comments?post=25956"}],"version-history":[{"count":0,"href":"https:\/\/gyoparosfurdo-oroshaza.hu\/en\/wp-json\/wp\/v2\/pages\/25956\/revisions"}],"wp:attachment":[{"href":"https:\/\/gyoparosfurdo-oroshaza.hu\/en\/wp-json\/wp\/v2\/media?parent=25956"}],"curies":[{"name":"wp","href":"https:\/\/api.w.org\/{rel}","templated":true}]}}