{"id":25952,"date":"2012-04-13T10:00:33","date_gmt":"2012-04-13T08:00:33","guid":{"rendered":"https:\/\/gyoparosfurdo-oroshaza.hu\/camping"},"modified":"2012-04-13T10:00:33","modified_gmt":"2012-04-13T09:00:33","slug":"camping","status":"publish","type":"page","link":"https:\/\/gyoparosfurdo-oroshaza.hu\/en\/accomodations\/camping","title":{"rendered":"Camping"},"content":{"rendered":"<h2> If you want to camp you will find the calculations &#8211; Orosh\u00e1za Gyop\u00e1rosf\u00fcrd\u0151 ideal solution for everyone in a pleasant, domestic holiday. <\/ h2><\/p>\n","protected":false},"excerpt":{"rendered":"<p>If you want to camp you will find the calculations &#8211; Orosh\u00e1za Gyop\u00e1rosf\u00fcrd\u0151 ideal solution for everyone in a pleasant, domestic holiday.<\/p>\n","protected":false},"author":6,"featured_media":0,"parent":25905,"menu_order":0,"comment_status":"closed","ping_status":"closed","template":"t-lista-terkep-page.php","meta":[],"_links":{"self":[{"href":"https:\/\/gyoparosfurdo-oroshaza.hu\/en\/wp-json\/wp\/v2\/pages\/25952"}],"collection":[{"href":"https:\/\/gyoparosfurdo-oroshaza.hu\/en\/wp-json\/wp\/v2\/pages"}],"about":[{"href":"https:\/\/gyoparosfurdo-oroshaza.hu\/en\/wp-json\/wp\/v2\/types\/page"}],"author":[{"embeddable":true,"href":"https:\/\/gyoparosfurdo-oroshaza.hu\/en\/wp-json\/wp\/v2\/users\/6"}],"replies":[{"embeddable":true,"href":"https:\/\/gyoparosfurdo-oroshaza.hu\/en\/wp-json\/wp\/v2\/comments?post=25952"}],"version-history":[{"count":0,"href":"https:\/\/gyoparosfurdo-oroshaza.hu\/en\/wp-json\/wp\/v2\/pages\/25952\/revisions"}],"up":[{"embeddable":true,"href":"https:\/\/gyoparosfurdo-oroshaza.hu\/en\/wp-json\/wp\/v2\/pages\/25905"}],"wp:attachment":[{"href":"https:\/\/gyoparosfurdo-oroshaza.hu\/en\/wp-json\/wp\/v2\/media?parent=25952"}],"curies":[{"name":"wp","href":"https:\/\/api.w.org\/{rel}","templated":true}]}}