{"id":25922,"date":"2012-04-13T09:59:48","date_gmt":"2012-04-13T07:59:48","guid":{"rendered":"https:\/\/gyoparosfurdo-oroshaza.hu\/apartment"},"modified":"2012-04-13T09:59:48","modified_gmt":"2012-04-13T08:59:48","slug":"apartment","status":"publish","type":"page","link":"https:\/\/gyoparosfurdo-oroshaza.hu\/en\/accomodations\/apartment","title":{"rendered":"Apartment"},"content":{"rendered":"<h2> Gyop\u00e1rosf\u00fcrd\u0151 apartments in the demand, prices, and job placement services in a variety of options from which to choose. <\/ h2><\/p>\n","protected":false},"excerpt":{"rendered":"<p>Gyop\u00e1rosf\u00fcrd\u0151 apartments in the demand, prices, and job placement services in a variety of options from which to choose.<\/p>\n","protected":false},"author":6,"featured_media":0,"parent":25905,"menu_order":0,"comment_status":"closed","ping_status":"closed","template":"t-lista-terkep-page.php","meta":[],"_links":{"self":[{"href":"https:\/\/gyoparosfurdo-oroshaza.hu\/en\/wp-json\/wp\/v2\/pages\/25922"}],"collection":[{"href":"https:\/\/gyoparosfurdo-oroshaza.hu\/en\/wp-json\/wp\/v2\/pages"}],"about":[{"href":"https:\/\/gyoparosfurdo-oroshaza.hu\/en\/wp-json\/wp\/v2\/types\/page"}],"author":[{"embeddable":true,"href":"https:\/\/gyoparosfurdo-oroshaza.hu\/en\/wp-json\/wp\/v2\/users\/6"}],"replies":[{"embeddable":true,"href":"https:\/\/gyoparosfurdo-oroshaza.hu\/en\/wp-json\/wp\/v2\/comments?post=25922"}],"version-history":[{"count":0,"href":"https:\/\/gyoparosfurdo-oroshaza.hu\/en\/wp-json\/wp\/v2\/pages\/25922\/revisions"}],"up":[{"embeddable":true,"href":"https:\/\/gyoparosfurdo-oroshaza.hu\/en\/wp-json\/wp\/v2\/pages\/25905"}],"wp:attachment":[{"href":"https:\/\/gyoparosfurdo-oroshaza.hu\/en\/wp-json\/wp\/v2\/media?parent=25922"}],"curies":[{"name":"wp","href":"https:\/\/api.w.org\/{rel}","templated":true}]}}