{"id":25905,"date":"2012-04-13T09:50:54","date_gmt":"2012-04-13T07:50:54","guid":{"rendered":"https:\/\/gyoparosfurdo-oroshaza.hu\/accomodations"},"modified":"2012-04-13T09:50:54","modified_gmt":"2012-04-13T08:50:54","slug":"accomodations","status":"publish","type":"page","link":"https:\/\/gyoparosfurdo-oroshaza.hu\/en\/accomodations","title":{"rendered":"Accomodations"},"content":{"rendered":"<h2>Orosh\u00e1za and Gyop\u00e1rosf\u00fcrd\u0151 offer a wide range of accomodations, services and prices for visitors arriving in the town.<\/h2>\n","protected":false},"excerpt":{"rendered":"<p>Orosh\u00e1za and Gyop\u00e1rosf\u00fcrd\u0151 offer a wide range of accomodations, services and prices for visitors arriving in the town.<\/p>\n","protected":false},"author":6,"featured_media":0,"parent":0,"menu_order":3,"comment_status":"closed","ping_status":"closed","template":"t-lista-terkep-page.php","meta":[],"_links":{"self":[{"href":"https:\/\/gyoparosfurdo-oroshaza.hu\/en\/wp-json\/wp\/v2\/pages\/25905"}],"collection":[{"href":"https:\/\/gyoparosfurdo-oroshaza.hu\/en\/wp-json\/wp\/v2\/pages"}],"about":[{"href":"https:\/\/gyoparosfurdo-oroshaza.hu\/en\/wp-json\/wp\/v2\/types\/page"}],"author":[{"embeddable":true,"href":"https:\/\/gyoparosfurdo-oroshaza.hu\/en\/wp-json\/wp\/v2\/users\/6"}],"replies":[{"embeddable":true,"href":"https:\/\/gyoparosfurdo-oroshaza.hu\/en\/wp-json\/wp\/v2\/comments?post=25905"}],"version-history":[{"count":0,"href":"https:\/\/gyoparosfurdo-oroshaza.hu\/en\/wp-json\/wp\/v2\/pages\/25905\/revisions"}],"wp:attachment":[{"href":"https:\/\/gyoparosfurdo-oroshaza.hu\/en\/wp-json\/wp\/v2\/media?parent=25905"}],"curies":[{"name":"wp","href":"https:\/\/api.w.org\/{rel}","templated":true}]}}