{"id":25884,"date":"2012-04-13T09:46:04","date_gmt":"2012-04-13T07:46:04","guid":{"rendered":"https:\/\/gyoparosfurdo-oroshaza.hu\/aquapark"},"modified":"2025-09-02T09:50:47","modified_gmt":"2025-09-02T07:50:47","slug":"aquapark","status":"publish","type":"page","link":"https:\/\/gyoparosfurdo-oroshaza.hu\/en\/gyoparosfurdo\/aquapark","title":{"rendered":"Aquapark"},"content":{"rendered":"<h2>We have switched to autumn-winter opening hours, so from September 15th 2025 only the outdoor thermal pool, the indoor thermal pool and the ground floor sauna cabin will be open. The Aquapark and the Sauna Park are CLOSED. <a href=\"https:\/\/gyoparosfurdo-oroshaza.hu\/en\/news\/autumn-opening-hours-and-information-2025\">More details<\/a><\/h2>\n\n<p>On a huge space of more than 6&nbsp;000 m<sup>2<\/sup> the Spa offers all year round enjoyment and dozens of adventure elements to visitors arriving for health reasons or pure fun, for holidays spent with friends or family.<\/p>\n<p>The recently built adventure complexity of Gyop\u00e1ros offers a wide choice of entertainment facilities starting from body moving attractions to pampering massages regardless of swimming knowledge, age or gender.<\/p>\n<p><img loading=\"lazy\" title=\"Adventure pools\" src=\"\/wp-content\/uploads\/2012\/04\/elmenyfurdo.jpg\" alt=\"Adventure pools\" width=\"585\" height=\"315\"><\/p>\n<p>The complexity is open all <strong>year round<\/strong> \u2013 on top of that on some days it is open<a href=\"https:\/\/gyoparosfurdo-oroshaza.hu\/en\/gyoparosfurdo\/opening-hours\" title=\"till midnight\"> till midnight<\/a>, disposes of three outdoor and four indoor spools. Lovers of slides can enjoy going down two huge spiral slides splashing in the end either in an open air pool or in an indoor pool.<\/p>\n<p>The wooden ceiling and the amazing panoramic windows give the indoor area a pleasant atmosphere. Various adventure elements such as: neck shower, mushroom, lazy river rides, lying massage, geysers, water spitters, massage jets and waterfalls make recreation and relaxation even more enjoyable.<\/p>\n<p>The adventure bath situated on a spacious area offers high quality services for visitors seeking not only recovery, but active and passive relaxation or entertainment.<\/p>\n<table>\n<tbody>\n<tr style=\"vertical-align: top;\">\n<td style=\"vertical-align: top;\"><a href=\"\/en\/gyoparosfurdo\/panorama\"><img loading=\"lazy\" src=\"\/wp-content\/uploads\/2012\/04\/icon-360-mid.png\" width=\"63\" height=\"60\"><\/a><\/td>\n<td style=\"vertical-align: top; border: none;\"><a href=\"\/en\/gyoparosfurdo\/panorama\" style=\"font-size: 16px; font-weight: bold;\">Gyop\u00e1rosf\u00fcrd\u0151 panorama<\/a><br \/>\nTake a tour of the Gyop\u00e1rosf\u00fcrd\u0151 spa using 360\u00b0 panoramic pictures.<\/td>\n<\/tr>\n<\/tbody>\n<\/table>\n<h3>Pictures of Adventure pools<\/h3>\n\n<div class=\"ngg-galleryoverview\" id=\"ngg-gallery-2-25884\">\n\n\n\t\n\t<!-- Thumbnails -->\n\t\t\n\t<div id=\"ngg-image-1720\" class=\"ngg-gallery-thumbnail-box\"  >\n\t\t<div class=\"ngg-gallery-thumbnail\" >\n\t\t\t<a href=\"https:\/\/gyoparosfurdo-oroshaza.hu\/wp-content\/gallery\/elmenyfurdo\/gyoparosfurdo_elmenyfurdo_08.jpg\" title=\"Gyop\u00e1rosf\u00fcrd\u0151 \/ \u00c9lm\u00e9nyf\u00fcrd\u0151\" class=\"thickbox\" rel=\"set_2\" >\n\t\t\t\t\t\t\t\t<img title=\"Gyop\u00e1rosf\u00fcrd\u0151 \/ \u00c9lm\u00e9nyf\u00fcrd\u0151\" alt=\"Gyop\u00e1rosf\u00fcrd\u0151 \/ \u00c9lm\u00e9nyf\u00fcrd\u0151\" src=\"https:\/\/gyoparosfurdo-oroshaza.hu\/wp-content\/gallery\/elmenyfurdo\/thumbs\/thumbs_gyoparosfurdo_elmenyfurdo_08.jpg\" width=\"120\" height=\"95\" \/>\n\t\t\t\t\t\t\t<\/a>\n\t\t<\/div>\n\t<\/div>\n\t\n\t\t\n \t\t\n\t<div id=\"ngg-image-1730\" class=\"ngg-gallery-thumbnail-box\"  >\n\t\t<div class=\"ngg-gallery-thumbnail\" >\n\t\t\t<a href=\"https:\/\/gyoparosfurdo-oroshaza.hu\/wp-content\/gallery\/elmenyfurdo\/gyoparosfurdo_elmenyfurdo_14_0.jpg\" title=\"Gyop\u00e1rosf\u00fcrd\u0151 \/ \u00c9lm\u00e9nyf\u00fcrd\u0151\" class=\"thickbox\" rel=\"set_2\" >\n\t\t\t\t\t\t\t\t<img title=\"Gyop\u00e1rosf\u00fcrd\u0151 \/ \u00c9lm\u00e9nyf\u00fcrd\u0151\" alt=\"Gyop\u00e1rosf\u00fcrd\u0151 \/ \u00c9lm\u00e9nyf\u00fcrd\u0151\" src=\"https:\/\/gyoparosfurdo-oroshaza.hu\/wp-content\/gallery\/elmenyfurdo\/thumbs\/thumbs_gyoparosfurdo_elmenyfurdo_14_0.jpg\" width=\"120\" height=\"95\" \/>\n\t\t\t\t\t\t\t<\/a>\n\t\t<\/div>\n\t<\/div>\n\t\n\t\t\n \t\t\n\t<div id=\"ngg-image-1714\" class=\"ngg-gallery-thumbnail-box\"  >\n\t\t<div class=\"ngg-gallery-thumbnail\" >\n\t\t\t<a href=\"https:\/\/gyoparosfurdo-oroshaza.hu\/wp-content\/gallery\/elmenyfurdo\/gyoparosfurdo_elmenyfurdo_02.jpg\" title=\"Gyop\u00e1rosf\u00fcrd\u0151 \/ \u00c9lm\u00e9nyf\u00fcrd\u0151\" class=\"thickbox\" rel=\"set_2\" >\n\t\t\t\t\t\t\t\t<img title=\"Gyop\u00e1rosf\u00fcrd\u0151 \/ \u00c9lm\u00e9nyf\u00fcrd\u0151\" alt=\"Gyop\u00e1rosf\u00fcrd\u0151 \/ \u00c9lm\u00e9nyf\u00fcrd\u0151\" src=\"https:\/\/gyoparosfurdo-oroshaza.hu\/wp-content\/gallery\/elmenyfurdo\/thumbs\/thumbs_gyoparosfurdo_elmenyfurdo_02.jpg\" width=\"120\" height=\"95\" \/>\n\t\t\t\t\t\t\t<\/a>\n\t\t<\/div>\n\t<\/div>\n\t\n\t\t\n \t\t\n\t<div id=\"ngg-image-1713\" class=\"ngg-gallery-thumbnail-box\"  >\n\t\t<div class=\"ngg-gallery-thumbnail\" >\n\t\t\t<a href=\"https:\/\/gyoparosfurdo-oroshaza.hu\/wp-content\/gallery\/elmenyfurdo\/gyoparosfurdo_elmenyfurdo_01.jpg\" title=\"Gyop\u00e1rosf\u00fcrd\u0151 \/ \u00c9lm\u00e9nyf\u00fcrd\u0151\" class=\"thickbox\" rel=\"set_2\" >\n\t\t\t\t\t\t\t\t<img title=\"Gyop\u00e1rosf\u00fcrd\u0151 \/ \u00c9lm\u00e9nyf\u00fcrd\u0151\" alt=\"Gyop\u00e1rosf\u00fcrd\u0151 \/ \u00c9lm\u00e9nyf\u00fcrd\u0151\" src=\"https:\/\/gyoparosfurdo-oroshaza.hu\/wp-content\/gallery\/elmenyfurdo\/thumbs\/thumbs_gyoparosfurdo_elmenyfurdo_01.jpg\" width=\"120\" height=\"95\" \/>\n\t\t\t\t\t\t\t<\/a>\n\t\t<\/div>\n\t<\/div>\n\t\n\t\t\n \t\t\n\t<div id=\"ngg-image-1729\" class=\"ngg-gallery-thumbnail-box\"  >\n\t\t<div class=\"ngg-gallery-thumbnail\" >\n\t\t\t<a href=\"https:\/\/gyoparosfurdo-oroshaza.hu\/wp-content\/gallery\/elmenyfurdo\/gyoparosfurdo_elmenyfurdo_17.jpg\" title=\"Gyop\u00e1rosf\u00fcrd\u0151 \/ \u00c9lm\u00e9nyf\u00fcrd\u0151\" class=\"thickbox\" rel=\"set_2\" >\n\t\t\t\t\t\t\t\t<img title=\"Gyop\u00e1rosf\u00fcrd\u0151 \/ \u00c9lm\u00e9nyf\u00fcrd\u0151\" alt=\"Gyop\u00e1rosf\u00fcrd\u0151 \/ \u00c9lm\u00e9nyf\u00fcrd\u0151\" src=\"https:\/\/gyoparosfurdo-oroshaza.hu\/wp-content\/gallery\/elmenyfurdo\/thumbs\/thumbs_gyoparosfurdo_elmenyfurdo_17.jpg\" width=\"120\" height=\"95\" \/>\n\t\t\t\t\t\t\t<\/a>\n\t\t<\/div>\n\t<\/div>\n\t\n\t\t\n \t\t\n\t<div id=\"ngg-image-1721\" class=\"ngg-gallery-thumbnail-box\"  >\n\t\t<div class=\"ngg-gallery-thumbnail\" >\n\t\t\t<a href=\"https:\/\/gyoparosfurdo-oroshaza.hu\/wp-content\/gallery\/elmenyfurdo\/gyoparosfurdo_elmenyfurdo_09.jpg\" title=\"Gyop\u00e1rosf\u00fcrd\u0151 \/ \u00c9lm\u00e9nyf\u00fcrd\u0151\" class=\"thickbox\" rel=\"set_2\" >\n\t\t\t\t\t\t\t\t<img title=\"Gyop\u00e1rosf\u00fcrd\u0151 \/ \u00c9lm\u00e9nyf\u00fcrd\u0151\" alt=\"Gyop\u00e1rosf\u00fcrd\u0151 \/ \u00c9lm\u00e9nyf\u00fcrd\u0151\" src=\"https:\/\/gyoparosfurdo-oroshaza.hu\/wp-content\/gallery\/elmenyfurdo\/thumbs\/thumbs_gyoparosfurdo_elmenyfurdo_09.jpg\" width=\"120\" height=\"95\" \/>\n\t\t\t\t\t\t\t<\/a>\n\t\t<\/div>\n\t<\/div>\n\t\n\t\t\n \t\t\n\t<div id=\"ngg-image-1725\" class=\"ngg-gallery-thumbnail-box\"  >\n\t\t<div class=\"ngg-gallery-thumbnail\" >\n\t\t\t<a href=\"https:\/\/gyoparosfurdo-oroshaza.hu\/wp-content\/gallery\/elmenyfurdo\/gyoparosfurdo_elmenyfurdo_13.jpg\" title=\"Gyop\u00e1rosf\u00fcrd\u0151 \/ \u00c9lm\u00e9nyf\u00fcrd\u0151\" class=\"thickbox\" rel=\"set_2\" >\n\t\t\t\t\t\t\t\t<img title=\"Gyop\u00e1rosf\u00fcrd\u0151 \/ \u00c9lm\u00e9nyf\u00fcrd\u0151\" alt=\"Gyop\u00e1rosf\u00fcrd\u0151 \/ \u00c9lm\u00e9nyf\u00fcrd\u0151\" src=\"https:\/\/gyoparosfurdo-oroshaza.hu\/wp-content\/gallery\/elmenyfurdo\/thumbs\/thumbs_gyoparosfurdo_elmenyfurdo_13.jpg\" width=\"120\" height=\"95\" \/>\n\t\t\t\t\t\t\t<\/a>\n\t\t<\/div>\n\t<\/div>\n\t\n\t\t\n \t\t\n\t<div id=\"ngg-image-1727\" class=\"ngg-gallery-thumbnail-box\"  >\n\t\t<div class=\"ngg-gallery-thumbnail\" >\n\t\t\t<a href=\"https:\/\/gyoparosfurdo-oroshaza.hu\/wp-content\/gallery\/elmenyfurdo\/gyoparosfurdo_elmenyfurdo_15.jpg\" title=\"Gyop\u00e1rosf\u00fcrd\u0151 \/ \u00c9lm\u00e9nyf\u00fcrd\u0151\" class=\"thickbox\" rel=\"set_2\" >\n\t\t\t\t\t\t\t\t<img title=\"Gyop\u00e1rosf\u00fcrd\u0151 \/ \u00c9lm\u00e9nyf\u00fcrd\u0151\" alt=\"Gyop\u00e1rosf\u00fcrd\u0151 \/ \u00c9lm\u00e9nyf\u00fcrd\u0151\" src=\"https:\/\/gyoparosfurdo-oroshaza.hu\/wp-content\/gallery\/elmenyfurdo\/thumbs\/thumbs_gyoparosfurdo_elmenyfurdo_15.jpg\" width=\"120\" height=\"95\" \/>\n\t\t\t\t\t\t\t<\/a>\n\t\t<\/div>\n\t<\/div>\n\t\n\t\t\n \t\t\n\t<div id=\"ngg-image-1718\" class=\"ngg-gallery-thumbnail-box\"  >\n\t\t<div class=\"ngg-gallery-thumbnail\" >\n\t\t\t<a href=\"https:\/\/gyoparosfurdo-oroshaza.hu\/wp-content\/gallery\/elmenyfurdo\/gyoparosfurdo_elmenyfurdo_06.jpg\" title=\"Gyop\u00e1rosf\u00fcrd\u0151 \/ \u00c9lm\u00e9nyf\u00fcrd\u0151\" class=\"thickbox\" rel=\"set_2\" >\n\t\t\t\t\t\t\t\t<img title=\"Gyop\u00e1rosf\u00fcrd\u0151 \/ \u00c9lm\u00e9nyf\u00fcrd\u0151\" alt=\"Gyop\u00e1rosf\u00fcrd\u0151 \/ \u00c9lm\u00e9nyf\u00fcrd\u0151\" src=\"https:\/\/gyoparosfurdo-oroshaza.hu\/wp-content\/gallery\/elmenyfurdo\/thumbs\/thumbs_gyoparosfurdo_elmenyfurdo_06.jpg\" width=\"120\" height=\"95\" \/>\n\t\t\t\t\t\t\t<\/a>\n\t\t<\/div>\n\t<\/div>\n\t\n\t\t\n \t\t\n\t<div id=\"ngg-image-1715\" class=\"ngg-gallery-thumbnail-box\"  >\n\t\t<div class=\"ngg-gallery-thumbnail\" >\n\t\t\t<a href=\"https:\/\/gyoparosfurdo-oroshaza.hu\/wp-content\/gallery\/elmenyfurdo\/gyoparosfurdo_elmenyfurdo_03.jpg\" title=\"Gyop\u00e1rosf\u00fcrd\u0151 \/ \u00c9lm\u00e9nyf\u00fcrd\u0151\" class=\"thickbox\" rel=\"set_2\" >\n\t\t\t\t\t\t\t\t<img title=\"Gyop\u00e1rosf\u00fcrd\u0151 \/ \u00c9lm\u00e9nyf\u00fcrd\u0151\" alt=\"Gyop\u00e1rosf\u00fcrd\u0151 \/ \u00c9lm\u00e9nyf\u00fcrd\u0151\" src=\"https:\/\/gyoparosfurdo-oroshaza.hu\/wp-content\/gallery\/elmenyfurdo\/thumbs\/thumbs_gyoparosfurdo_elmenyfurdo_03.jpg\" width=\"120\" height=\"95\" \/>\n\t\t\t\t\t\t\t<\/a>\n\t\t<\/div>\n\t<\/div>\n\t\n\t\t\n \t\t\n\t<div id=\"ngg-image-1728\" class=\"ngg-gallery-thumbnail-box\"  >\n\t\t<div class=\"ngg-gallery-thumbnail\" >\n\t\t\t<a href=\"https:\/\/gyoparosfurdo-oroshaza.hu\/wp-content\/gallery\/elmenyfurdo\/gyoparosfurdo_elmenyfurdo_16.jpg\" title=\"Gyop\u00e1rosf\u00fcrd\u0151 \/ \u00c9lm\u00e9nyf\u00fcrd\u0151\" class=\"thickbox\" rel=\"set_2\" >\n\t\t\t\t\t\t\t\t<img title=\"Gyop\u00e1rosf\u00fcrd\u0151 \/ \u00c9lm\u00e9nyf\u00fcrd\u0151\" alt=\"Gyop\u00e1rosf\u00fcrd\u0151 \/ \u00c9lm\u00e9nyf\u00fcrd\u0151\" src=\"https:\/\/gyoparosfurdo-oroshaza.hu\/wp-content\/gallery\/elmenyfurdo\/thumbs\/thumbs_gyoparosfurdo_elmenyfurdo_16.jpg\" width=\"120\" height=\"95\" \/>\n\t\t\t\t\t\t\t<\/a>\n\t\t<\/div>\n\t<\/div>\n\t\n\t\t\n \t\t\n\t<div id=\"ngg-image-1719\" class=\"ngg-gallery-thumbnail-box\"  >\n\t\t<div class=\"ngg-gallery-thumbnail\" >\n\t\t\t<a href=\"https:\/\/gyoparosfurdo-oroshaza.hu\/wp-content\/gallery\/elmenyfurdo\/gyoparosfurdo_elmenyfurdo_07.jpg\" title=\"Gyop\u00e1rosf\u00fcrd\u0151 \/ \u00c9lm\u00e9nyf\u00fcrd\u0151\" class=\"thickbox\" rel=\"set_2\" >\n\t\t\t\t\t\t\t\t<img title=\"Gyop\u00e1rosf\u00fcrd\u0151 \/ \u00c9lm\u00e9nyf\u00fcrd\u0151\" alt=\"Gyop\u00e1rosf\u00fcrd\u0151 \/ \u00c9lm\u00e9nyf\u00fcrd\u0151\" src=\"https:\/\/gyoparosfurdo-oroshaza.hu\/wp-content\/gallery\/elmenyfurdo\/thumbs\/thumbs_gyoparosfurdo_elmenyfurdo_07.jpg\" width=\"120\" height=\"95\" \/>\n\t\t\t\t\t\t\t<\/a>\n\t\t<\/div>\n\t<\/div>\n\t\n\t\t\n \t\t\n\t<div id=\"ngg-image-1731\" class=\"ngg-gallery-thumbnail-box\"  >\n\t\t<div class=\"ngg-gallery-thumbnail\" >\n\t\t\t<a href=\"https:\/\/gyoparosfurdo-oroshaza.hu\/wp-content\/gallery\/elmenyfurdo\/gyoparosfurdo_elmenyfurdo_10_0.jpg\" title=\"Gyop\u00e1rosf\u00fcrd\u0151 \/ \u00c9lm\u00e9nyf\u00fcrd\u0151\" class=\"thickbox\" rel=\"set_2\" >\n\t\t\t\t\t\t\t\t<img title=\"Gyop\u00e1rosf\u00fcrd\u0151 \/ \u00c9lm\u00e9nyf\u00fcrd\u0151\" alt=\"Gyop\u00e1rosf\u00fcrd\u0151 \/ \u00c9lm\u00e9nyf\u00fcrd\u0151\" src=\"https:\/\/gyoparosfurdo-oroshaza.hu\/wp-content\/gallery\/elmenyfurdo\/thumbs\/thumbs_gyoparosfurdo_elmenyfurdo_10_0.jpg\" width=\"120\" height=\"95\" \/>\n\t\t\t\t\t\t\t<\/a>\n\t\t<\/div>\n\t<\/div>\n\t\n\t\t\n \t\t\n\t<div id=\"ngg-image-1723\" class=\"ngg-gallery-thumbnail-box\"  >\n\t\t<div class=\"ngg-gallery-thumbnail\" >\n\t\t\t<a href=\"https:\/\/gyoparosfurdo-oroshaza.hu\/wp-content\/gallery\/elmenyfurdo\/gyoparosfurdo_elmenyfurdo_11.jpg\" title=\"Gyop\u00e1rosf\u00fcrd\u0151 \/ \u00c9lm\u00e9nyf\u00fcrd\u0151\" class=\"thickbox\" rel=\"set_2\" >\n\t\t\t\t\t\t\t\t<img title=\"Gyop\u00e1rosf\u00fcrd\u0151 \/ \u00c9lm\u00e9nyf\u00fcrd\u0151\" alt=\"Gyop\u00e1rosf\u00fcrd\u0151 \/ \u00c9lm\u00e9nyf\u00fcrd\u0151\" src=\"https:\/\/gyoparosfurdo-oroshaza.hu\/wp-content\/gallery\/elmenyfurdo\/thumbs\/thumbs_gyoparosfurdo_elmenyfurdo_11.jpg\" width=\"120\" height=\"95\" \/>\n\t\t\t\t\t\t\t<\/a>\n\t\t<\/div>\n\t<\/div>\n\t\n\t\t\n \t\t\n\t<div id=\"ngg-image-1716\" class=\"ngg-gallery-thumbnail-box\"  >\n\t\t<div class=\"ngg-gallery-thumbnail\" >\n\t\t\t<a href=\"https:\/\/gyoparosfurdo-oroshaza.hu\/wp-content\/gallery\/elmenyfurdo\/gyoparosfurdo_elmenyfurdo_04.jpg\" title=\"Gyop\u00e1rosf\u00fcrd\u0151 \/ \u00c9lm\u00e9nyf\u00fcrd\u0151\" class=\"thickbox\" rel=\"set_2\" >\n\t\t\t\t\t\t\t\t<img title=\"Gyop\u00e1rosf\u00fcrd\u0151 \/ \u00c9lm\u00e9nyf\u00fcrd\u0151\" alt=\"Gyop\u00e1rosf\u00fcrd\u0151 \/ \u00c9lm\u00e9nyf\u00fcrd\u0151\" src=\"https:\/\/gyoparosfurdo-oroshaza.hu\/wp-content\/gallery\/elmenyfurdo\/thumbs\/thumbs_gyoparosfurdo_elmenyfurdo_04.jpg\" width=\"120\" height=\"95\" \/>\n\t\t\t\t\t\t\t<\/a>\n\t\t<\/div>\n\t<\/div>\n\t\n\t\t\n \t\t\n\t<div id=\"ngg-image-1717\" class=\"ngg-gallery-thumbnail-box\"  >\n\t\t<div class=\"ngg-gallery-thumbnail\" >\n\t\t\t<a href=\"https:\/\/gyoparosfurdo-oroshaza.hu\/wp-content\/gallery\/elmenyfurdo\/gyoparosfurdo_elmenyfurdo_05.jpg\" title=\"Gyop\u00e1rosf\u00fcrd\u0151 \/ \u00c9lm\u00e9nyf\u00fcrd\u0151\" class=\"thickbox\" rel=\"set_2\" >\n\t\t\t\t\t\t\t\t<img title=\"Gyop\u00e1rosf\u00fcrd\u0151 \/ \u00c9lm\u00e9nyf\u00fcrd\u0151\" alt=\"Gyop\u00e1rosf\u00fcrd\u0151 \/ \u00c9lm\u00e9nyf\u00fcrd\u0151\" src=\"https:\/\/gyoparosfurdo-oroshaza.hu\/wp-content\/gallery\/elmenyfurdo\/thumbs\/thumbs_gyoparosfurdo_elmenyfurdo_05.jpg\" width=\"120\" height=\"95\" \/>\n\t\t\t\t\t\t\t<\/a>\n\t\t<\/div>\n\t<\/div>\n\t\n\t\t\n \t \t\n\t<!-- Pagination -->\n \t<div class='ngg-clear'><\/div>\n \t\n<\/div>\n\n\n<p><div class=\"kapcsolodo_tartalom\"><h3>Related Content<\/h3><ul class=\"custom_menu\"><li class=\"page_item page-item-26344\"><a title=\"Gyop\u00e1rosf\u00fcrd\u0151 \u2013 health resort\" href=\"https:\/\/gyoparosfurdo-oroshaza.hu\/en\/gyoparosfurdo\/gyoparosfurdo-health-resort\">Gyop\u00e1rosf\u00fcrd\u0151 \u2013 health resort<\/a><\/li><li class=\"page_item page-item-26356\"><a title=\"Gyop\u00e1rosf\u00fcrd\u0151 panorama\" href=\"https:\/\/gyoparosfurdo-oroshaza.hu\/en\/gyoparosfurdo\/gyoparosfurdo-panorama\">Gyop\u00e1rosf\u00fcrd\u0151 panorama<\/a><\/li><li class=\"page_item page-item-25880\"><a title=\"History\" href=\"https:\/\/gyoparosfurdo-oroshaza.hu\/en\/gyoparosfurdo\/history\">History<\/a><\/li><li class=\"page_item page-item-26279\"><a title=\"Indoor playground for children\" href=\"https:\/\/gyoparosfurdo-oroshaza.hu\/en\/gyoparosfurdo\/gyoparosfurdo-jatekkucko-indoor-playground-for-children\">Indoor playground for children<\/a><\/li><li class=\"page_item page-item-26403\"><a title=\"Massages\" href=\"https:\/\/gyoparosfurdo-oroshaza.hu\/en\/gyoparosfurdo\/massages\">Massages<\/a><\/li><li class=\"page_item page-item-25996\"><a title=\"Nyitvatart\u00e1s\" href=\"https:\/\/gyoparosfurdo-oroshaza.hu\/en\/gyoparosfurdo\/opening-hours\">Nyitvatart\u00e1s<\/a><\/li><\/ul><ul class=\"custom_menu\"><li class=\"page_item page-item-25897\"><a title=\"Park and outdoor pools\" href=\"https:\/\/gyoparosfurdo-oroshaza.hu\/en\/gyoparosfurdo\/park-and-outdoor-pools\">Park and outdoor pools<\/a><\/li><li class=\"page_item page-item-26492\"><a title=\"Parking\" href=\"https:\/\/gyoparosfurdo-oroshaza.hu\/en\/gyoparosfurdo\/parking\">Parking<\/a><\/li><li class=\"page_item page-item-25973\"><a title=\"Prices\" href=\"https:\/\/gyoparosfurdo-oroshaza.hu\/en\/gyoparosfurdo\/prices\">Prices<\/a><\/li><li class=\"page_item page-item-26173\"><a title=\"Sauna park\" href=\"https:\/\/gyoparosfurdo-oroshaza.hu\/en\/gyoparosfurdo\/sauna-park\">Sauna park<\/a><\/li><li class=\"page_item page-item-26255\"><a title=\"Proper sauna etiquette\" href=\"https:\/\/gyoparosfurdo-oroshaza.hu\/en\/gyoparosfurdo\/sauna-park\/proper-sauna-etiquette\">Proper sauna etiquette<\/a><\/li><li class=\"page_item page-item-26268\"><a title=\"Proper way of using the sauna\" href=\"https:\/\/gyoparosfurdo-oroshaza.hu\/en\/gyoparosfurdo\/sauna-park\/proper-way-of-using-the-sauna\">Proper way of using the sauna<\/a><\/li><\/ul><ul class=\"custom_menu\"><li class=\"page_item page-item-26251\"><a title=\"Sauna Culture\" href=\"https:\/\/gyoparosfurdo-oroshaza.hu\/en\/gyoparosfurdo\/sauna-park\/sauna-culture\">Sauna Culture<\/a><\/li><li class=\"page_item page-item-26272\"><a title=\"Sauna seances\" href=\"https:\/\/gyoparosfurdo-oroshaza.hu\/en\/gyoparosfurdo\/sauna-seances\">Sauna seances<\/a><\/li><li class=\"page_item page-item-26218\"><a title=\"SZ\u00c9P Card and Health Insurance Fund\" href=\"https:\/\/gyoparosfurdo-oroshaza.hu\/en\/gyoparosfurdo\/szep-card-and-health-insurance-fund\">SZ\u00c9P Card and Health Insurance Fund<\/a><\/li><li class=\"page_item page-item-25901\"><a title=\"Thermal Spa\" href=\"https:\/\/gyoparosfurdo-oroshaza.hu\/en\/gyoparosfurdo\/thermal-spa\">Thermal Spa<\/a><\/li><li class=\"page_item page-item-26328\"><a title=\"Videos\" href=\"https:\/\/gyoparosfurdo-oroshaza.hu\/en\/gyoparosfurdo\/videos\">Videos<\/a><\/li><li class=\"page_item page-item-26151\"><a title=\"Wellness\" href=\"https:\/\/gyoparosfurdo-oroshaza.hu\/en\/gyoparosfurdo\/wellness\">Wellness<\/a><\/li><\/ul><br class=\"clear\" \/><\/div><br \/>\n<div class=\"topten_slider_title\"><span class=\"h3\">Top programmes<\/span><a href=\"https:\/\/gyoparosfurdo-oroshaza.hu\/en\/programs\" title=\"Show all programmes \u00bb\">Show all programmes \u00bb<\/a><\/div><div class=\"topten_container topten_slider\" id=\"topten_slider\"><ul class=\"topten_inner\"><li class=\"topten_item\" data-id=\"tsi_1\"><a href=\"\/en\/programs\/for-families\" title=\"for families\" class=\"topten_link\" style=\"background: url(\/wp-content\/uploads\/2012\/05\/csaladosoknak-top-programok-gyoparosfurdon.jpg) top left no-repeat;\"><span class=\"title\">for families<\/span><\/a><a href=\"\/en\/programs\/in-summer\" title=\"in summer\" class=\"topten_link\" style=\"background: url(\/wp-content\/uploads\/2012\/05\/nyaron-top-programok-gyoparosfurdon.jpg) top left no-repeat;\"><span class=\"title\">in summer<\/span><\/a><a href=\"\/en\/programs\/1-day\" title=\"for 1 day\" class=\"topten_link\" style=\"background: url(\/wp-content\/uploads\/2012\/05\/1-napra-top-programok-gyoparosfurdon.jpg) top left no-repeat;\"><span class=\"title\">for 1 day<\/span><\/a><a href=\"\/en\/programs\/for-cyclers\" title=\"for cyclers\" class=\"topten_link\" style=\"background: url(\/wp-content\/uploads\/2012\/05\/kerekparosoknak-top-programok-gyoparosfurdon.jpg) top left no-repeat;\"><span class=\"title\">for cyclers<\/span><\/a><a href=\"\/en\/programs\/for-a-weekend\" title=\"for a weekend\" class=\"topten_link\" style=\"background: url(\/wp-content\/uploads\/2012\/05\/hetvegere-top-programok-gyoparosfurdon.jpg) top left no-repeat;\"><span class=\"title\">for a weekend<\/span><\/a><a href=\"\/en\/programs\/in-winter\" title=\"in winter\" class=\"topten_link\" style=\"background: url(\/wp-content\/uploads\/2012\/05\/telen-top-programok-gyoparosfurdon.jpg) top left no-repeat;\"><span class=\"title\">in winter<\/span><\/a><\/li><li class=\"topten_item\" data-id=\"tsi_2\"><a href=\"\/en\/programs\/for-youngsters\" title=\"for youngsters\" class=\"topten_link\" style=\"background: url(\/wp-content\/uploads\/2012\/05\/fiataloknak-top-programok-gyoparosfurdon.jpg) top left no-repeat;\"><span class=\"title\">for youngsters<\/span><\/a><a href=\"\/en\/programs\/for-couples\" title=\"for couples\" class=\"topten_link\" style=\"background: url(\/wp-content\/uploads\/2012\/05\/paroknak-top-programok-gyoparosfurdon.jpg) top left no-repeat;\"><span class=\"title\">for couples<\/span><\/a><a href=\"\/en\/programs\/by-car\" title=\"by car\" class=\"topten_link\" style=\"background: url(\/wp-content\/uploads\/2012\/05\/autoval-top-programok-gyoparosfurdon.jpg) top left no-repeat;\"><span class=\"title\">by car<\/span><\/a><a href=\"\/en\/programs\/for-culture-fans\" title=\"for culture fans\" class=\"topten_link\" style=\"background: url(\/wp-content\/uploads\/2012\/05\/kulturabaratoknak-top-programok-gyoparosfurdon.jpg) top left no-repeat;\"><span class=\"title\">for culture fans<\/span><\/a><a href=\"\/en\/programs\/1-week\" title=\"for 1 week\" class=\"topten_link\" style=\"background: url(\/wp-content\/uploads\/2012\/05\/1-hetre-top-programok-gyoparosfurdon.jpg) top left no-repeat;\"><span class=\"title\">for 1 week<\/span><\/a><a href=\"\/en\/programs\/for-anglers\" title=\"for anglers\" class=\"topten_link\" style=\"background: url(\/wp-content\/uploads\/2012\/05\/horgaszoknak-top-programok-gyoparosfurdon.jpg) top left no-repeat;\"><span class=\"title\">for anglers<\/span><\/a><\/li><li class=\"topten_item\" data-id=\"tsi_3\"><a href=\"\/en\/programs\/for-photographers\" title=\"for photographers\" class=\"topten_link\" style=\"background: url(\/wp-content\/uploads\/2012\/05\/fotosoknak-top-programok-gyoparosfurdon.jpg) top left no-repeat;\"><span class=\"title\">for photographers<\/span><\/a><a href=\"\/en\/programs\/for-sports-fans\" title=\"for sports fans\" class=\"topten_link\" style=\"background: url(\/wp-content\/uploads\/2012\/05\/sportbaratoknak-top-programok-gyoparosfurdon.jpg) top left no-repeat;\"><span class=\"title\">for sports fans<\/span><\/a><\/ul><div class=\"lapozobox\"><span id=\"lprev\"><\/span><span id=\"lnext\"><\/span><span id=\"ts_1\" class=\"active\"><\/span><span id=\"ts_2\" ><\/span><span id=\"ts_3\" ><\/span><\/div><\/div><\/p>\n","protected":false},"excerpt":{"rendered":"<p>On a huge space of more than 6&nbsp;000 m2 the Spa offers all year round enjoyment and dozens of adventure elements to visitors arriving for health reasons or pure fun, for holidays spent with friends or family. The recently built &hellip; <a href=\"https:\/\/gyoparosfurdo-oroshaza.hu\/en\/gyoparosfurdo\/aquapark\">Folytat\u00e1s <span class=\"meta-nav\">&rarr;<\/span><\/a><\/p>\n","protected":false},"author":6,"featured_media":0,"parent":25870,"menu_order":0,"comment_status":"closed","ping_status":"closed","template":"","meta":[],"_links":{"self":[{"href":"https:\/\/gyoparosfurdo-oroshaza.hu\/en\/wp-json\/wp\/v2\/pages\/25884"}],"collection":[{"href":"https:\/\/gyoparosfurdo-oroshaza.hu\/en\/wp-json\/wp\/v2\/pages"}],"about":[{"href":"https:\/\/gyoparosfurdo-oroshaza.hu\/en\/wp-json\/wp\/v2\/types\/page"}],"author":[{"embeddable":true,"href":"https:\/\/gyoparosfurdo-oroshaza.hu\/en\/wp-json\/wp\/v2\/users\/6"}],"replies":[{"embeddable":true,"href":"https:\/\/gyoparosfurdo-oroshaza.hu\/en\/wp-json\/wp\/v2\/comments?post=25884"}],"version-history":[{"count":14,"href":"https:\/\/gyoparosfurdo-oroshaza.hu\/en\/wp-json\/wp\/v2\/pages\/25884\/revisions"}],"predecessor-version":[{"id":39845,"href":"https:\/\/gyoparosfurdo-oroshaza.hu\/en\/wp-json\/wp\/v2\/pages\/25884\/revisions\/39845"}],"up":[{"embeddable":true,"href":"https:\/\/gyoparosfurdo-oroshaza.hu\/en\/wp-json\/wp\/v2\/pages\/25870"}],"wp:attachment":[{"href":"https:\/\/gyoparosfurdo-oroshaza.hu\/en\/wp-json\/wp\/v2\/media?parent=25884"}],"curies":[{"name":"wp","href":"https:\/\/api.w.org\/{rel}","templated":true}]}}