{"id":25880,"date":"2012-04-13T09:34:50","date_gmt":"2012-04-13T07:34:50","guid":{"rendered":"https:\/\/gyoparosfurdo-oroshaza.hu\/history"},"modified":"2012-04-13T09:34:50","modified_gmt":"2012-04-13T08:34:50","slug":"history","status":"publish","type":"page","link":"https:\/\/gyoparosfurdo-oroshaza.hu\/en\/gyoparosfurdo\/history","title":{"rendered":"History"},"content":{"rendered":"<h2>How did the former vegetable garden and orchard become one of the most popular spas of the region called South Lowland or even of Hungary? <\/h2>\n<p>More than a century time, some devoted local residents, a lot of work and the intention of continuous development is needed. <\/p>\n<p>The history of Gyop\u00e1rosf\u00fcrd\u0151 goes back to the late 1860\u2019s, while the history of the town goes back a few years earlier. The so called Gyop\u00e1rhalma became the home of those poor residents who were forced out of town. Their main activity was cultivating their vegetable garden and orchard. According to the records the place was founded in 1846. <\/p>\n<p><img loading=\"lazy\" src=\"\/wp-content\/uploads\/2012\/04\/ill_tortenelem.jpg\" alt=\"Gyop\u00e1rosf\u00fcrd\u0151 a XIX. sz\u00e1zadban\" title=\"Gyop\u00e1rosf\u00fcrd\u0151 in the 19. century\" width=\"580\" height=\"178\" class=\"aligncenter\" \/><\/p>\n<p>Gyop\u00e1r Lake attracted the people of the time, it is true that for reasons of practical common sense. Local people used the lake for retting of hemp and for horse bathing. Later people recognised the healing effect of the water. In 1869 based on the initiative of a local doctor named dr. Elek L\u00e1szl\u00f3 was started the building of the spa. Only a decade later the bath created on the southern part of the lake became a popular attraction visited by people arriving from distant places. <\/p>\n<p>The water of the lake was permanently analysed, examined and its healing power was scientifically proved: it cured a lot of different diseases. <\/p>\n<p>After years with ups and downs, pauses in the developments, tenant hunting and decline the first decade of the 20th century brought a significant breakthrough for Gyop\u00e1rosf\u00fcrd\u0151: the management of the town realized again the opportunities hiding in the spa. On top of that starting from 1906 the new railway line connected Orosh\u00e1za to Szentes touching the popular suburb. Later a regular train service was set. Although the development of the spa has always been continuous the period after the two World Wars brought years of recession. The investments restarted in 1958 and have been going on ever since. Thanks to this process Gyop\u00e1rosf\u00fcrd\u0151 has become a high quality bath with <a href=\"https:\/\/gyoparosfurdo-oroshaza.hu\/en\/gyoparosfurdo\/aquapark\" title=\"adventure\">adventure<\/a> and <a href=\"https:\/\/gyoparosfurdo-oroshaza.hu\/en\/gyoparosfurdo\/thermal-spa\" title=\"Thermal pools\"> thermal pools<\/a> surrounded by a park. It is the ideal destination for wellness fans. <\/p>\n<h3>Pictures<\/h3>\n\n<div class=\"ngg-galleryoverview\" id=\"ngg-gallery-6-25880\">\n\n\n\t\n\t<!-- Thumbnails -->\n\t\t\n\t<div id=\"ngg-image-33\" class=\"ngg-gallery-thumbnail-box\"  >\n\t\t<div class=\"ngg-gallery-thumbnail\" >\n\t\t\t<a href=\"https:\/\/gyoparosfurdo-oroshaza.hu\/wp-content\/gallery\/tortenelem\/tortenelem_1.jpg\" title=\"T\u00f6rt\u00e9nelem - Gyop\u00e1rosf\u00fcrd\u0151\" class=\"thickbox\" rel=\"set_6\" >\n\t\t\t\t\t\t\t\t<img title=\"T\u00f6rt\u00e9nelem - Gyop\u00e1rosf\u00fcrd\u0151\" alt=\"T\u00f6rt\u00e9nelem - Gyop\u00e1rosf\u00fcrd\u0151\" src=\"https:\/\/gyoparosfurdo-oroshaza.hu\/wp-content\/gallery\/tortenelem\/thumbs\/thumbs_tortenelem_1.jpg\" width=\"120\" height=\"95\" \/>\n\t\t\t\t\t\t\t<\/a>\n\t\t<\/div>\n\t<\/div>\n\t\n\t\t\n \t\t\n\t<div id=\"ngg-image-34\" class=\"ngg-gallery-thumbnail-box\"  >\n\t\t<div class=\"ngg-gallery-thumbnail\" >\n\t\t\t<a href=\"https:\/\/gyoparosfurdo-oroshaza.hu\/wp-content\/gallery\/tortenelem\/tortenelem_2.jpg\" title=\"T\u00f6rt\u00e9nelem - Gyop\u00e1rosf\u00fcrd\u0151\" class=\"thickbox\" rel=\"set_6\" >\n\t\t\t\t\t\t\t\t<img title=\"T\u00f6rt\u00e9nelem - Gyop\u00e1rosf\u00fcrd\u0151\" alt=\"T\u00f6rt\u00e9nelem - Gyop\u00e1rosf\u00fcrd\u0151\" src=\"https:\/\/gyoparosfurdo-oroshaza.hu\/wp-content\/gallery\/tortenelem\/thumbs\/thumbs_tortenelem_2.jpg\" width=\"120\" height=\"95\" \/>\n\t\t\t\t\t\t\t<\/a>\n\t\t<\/div>\n\t<\/div>\n\t\n\t\t\n \t\t\n\t<div id=\"ngg-image-35\" class=\"ngg-gallery-thumbnail-box\"  >\n\t\t<div class=\"ngg-gallery-thumbnail\" >\n\t\t\t<a href=\"https:\/\/gyoparosfurdo-oroshaza.hu\/wp-content\/gallery\/tortenelem\/tortenelem_3.jpg\" title=\"T\u00f6rt\u00e9nelem - Gyop\u00e1rosf\u00fcrd\u0151\" class=\"thickbox\" rel=\"set_6\" >\n\t\t\t\t\t\t\t\t<img title=\"T\u00f6rt\u00e9nelem - Gyop\u00e1rosf\u00fcrd\u0151\" alt=\"T\u00f6rt\u00e9nelem - Gyop\u00e1rosf\u00fcrd\u0151\" src=\"https:\/\/gyoparosfurdo-oroshaza.hu\/wp-content\/gallery\/tortenelem\/thumbs\/thumbs_tortenelem_3.jpg\" width=\"120\" height=\"95\" \/>\n\t\t\t\t\t\t\t<\/a>\n\t\t<\/div>\n\t<\/div>\n\t\n\t\t\n \t\t\n\t<div id=\"ngg-image-36\" class=\"ngg-gallery-thumbnail-box\"  >\n\t\t<div class=\"ngg-gallery-thumbnail\" >\n\t\t\t<a href=\"https:\/\/gyoparosfurdo-oroshaza.hu\/wp-content\/gallery\/tortenelem\/tortenelem_4.jpg\" title=\"T\u00f6rt\u00e9nelem - Gyop\u00e1rosf\u00fcrd\u0151\" class=\"thickbox\" rel=\"set_6\" >\n\t\t\t\t\t\t\t\t<img title=\"T\u00f6rt\u00e9nelem - Gyop\u00e1rosf\u00fcrd\u0151\" alt=\"T\u00f6rt\u00e9nelem - Gyop\u00e1rosf\u00fcrd\u0151\" src=\"https:\/\/gyoparosfurdo-oroshaza.hu\/wp-content\/gallery\/tortenelem\/thumbs\/thumbs_tortenelem_4.jpg\" width=\"120\" height=\"95\" \/>\n\t\t\t\t\t\t\t<\/a>\n\t\t<\/div>\n\t<\/div>\n\t\n\t\t\n \t\t\n\t<div id=\"ngg-image-1543\" class=\"ngg-gallery-thumbnail-box\"  >\n\t\t<div class=\"ngg-gallery-thumbnail\" >\n\t\t\t<a href=\"https:\/\/gyoparosfurdo-oroshaza.hu\/wp-content\/gallery\/tortenelem\/gyoparosfurdo_history_04.jpg\" title=\"Az Alf\u00f6ldi Els\u0151 Gazdas\u00e1gi Vas\u00fat (AEGV) benzin-villamos motorkocsija Gyop\u00e1rosf\u00fcrd\u0151 \u00e1llom\u00e1son, valamikor a XX. sz\u00e1zad els\u0151 fel\u00e9ben.\" class=\"thickbox\" rel=\"set_6\" >\n\t\t\t\t\t\t\t\t<img title=\"Az Alf\u00f6ldi Els\u0151 Gazdas\u00e1gi Vas\u00fat (AEGV) benzin-villamos motorkocsija Gyop\u00e1rosf\u00fcrd\u0151 \u00e1llom\u00e1son, valamikor a XX. sz\u00e1zad els\u0151 fel\u00e9ben.\" alt=\"Az Alf\u00f6ldi Els\u0151 Gazdas\u00e1gi Vas\u00fat (AEGV) benzin-villamos motorkocsija Gyop\u00e1rosf\u00fcrd\u0151 \u00e1llom\u00e1son, valamikor a XX. sz\u00e1zad els\u0151 fel\u00e9ben.\" src=\"https:\/\/gyoparosfurdo-oroshaza.hu\/wp-content\/gallery\/tortenelem\/thumbs\/thumbs_gyoparosfurdo_history_04.jpg\" width=\"120\" height=\"95\" \/>\n\t\t\t\t\t\t\t<\/a>\n\t\t<\/div>\n\t<\/div>\n\t\n\t\t\n \t\t\n\t<div id=\"ngg-image-1544\" class=\"ngg-gallery-thumbnail-box\"  >\n\t\t<div class=\"ngg-gallery-thumbnail\" >\n\t\t\t<a href=\"https:\/\/gyoparosfurdo-oroshaza.hu\/wp-content\/gallery\/tortenelem\/gyoparosfurdo_history_05.jpg\" title=\"Az Alf\u00f6ldi Els\u0151 Gazdas\u00e1gi Vas\u00fat (AEGV) benzin-villamos motorkocsija Gyop\u00e1rosf\u00fcrd\u0151 \u00e1llom\u00e1son, valamikor a XX. sz\u00e1zad els\u0151 fel\u00e9ben.\" class=\"thickbox\" rel=\"set_6\" >\n\t\t\t\t\t\t\t\t<img title=\"Az Alf\u00f6ldi Els\u0151 Gazdas\u00e1gi Vas\u00fat (AEGV) benzin-villamos motorkocsija Gyop\u00e1rosf\u00fcrd\u0151 \u00e1llom\u00e1son, valamikor a XX. sz\u00e1zad els\u0151 fel\u00e9ben.\" alt=\"Az Alf\u00f6ldi Els\u0151 Gazdas\u00e1gi Vas\u00fat (AEGV) benzin-villamos motorkocsija Gyop\u00e1rosf\u00fcrd\u0151 \u00e1llom\u00e1son, valamikor a XX. sz\u00e1zad els\u0151 fel\u00e9ben.\" src=\"https:\/\/gyoparosfurdo-oroshaza.hu\/wp-content\/gallery\/tortenelem\/thumbs\/thumbs_gyoparosfurdo_history_05.jpg\" width=\"120\" height=\"95\" \/>\n\t\t\t\t\t\t\t<\/a>\n\t\t<\/div>\n\t<\/div>\n\t\n\t\t\n \t\t\n\t<div id=\"ngg-image-1540\" class=\"ngg-gallery-thumbnail-box\"  >\n\t\t<div class=\"ngg-gallery-thumbnail\" >\n\t\t\t<a href=\"https:\/\/gyoparosfurdo-oroshaza.hu\/wp-content\/gallery\/tortenelem\/gyoparosfurdo_history_01.jpg\" title=\"T\u00f6rt\u00e9nelem - Gyop\u00e1rosf\u00fcrd\u0151\" class=\"thickbox\" rel=\"set_6\" >\n\t\t\t\t\t\t\t\t<img title=\"T\u00f6rt\u00e9nelem - Gyop\u00e1rosf\u00fcrd\u0151\" alt=\"T\u00f6rt\u00e9nelem - Gyop\u00e1rosf\u00fcrd\u0151\" src=\"https:\/\/gyoparosfurdo-oroshaza.hu\/wp-content\/gallery\/tortenelem\/thumbs\/thumbs_gyoparosfurdo_history_01.jpg\" width=\"120\" height=\"95\" \/>\n\t\t\t\t\t\t\t<\/a>\n\t\t<\/div>\n\t<\/div>\n\t\n\t\t\n \t\t\n\t<div id=\"ngg-image-1541\" class=\"ngg-gallery-thumbnail-box\"  >\n\t\t<div class=\"ngg-gallery-thumbnail\" >\n\t\t\t<a href=\"https:\/\/gyoparosfurdo-oroshaza.hu\/wp-content\/gallery\/tortenelem\/gyoparosfurdo_history_02.jpg\" title=\"T\u00f6rt\u00e9nelem - Gyop\u00e1rosf\u00fcrd\u0151\" class=\"thickbox\" rel=\"set_6\" >\n\t\t\t\t\t\t\t\t<img title=\"T\u00f6rt\u00e9nelem - Gyop\u00e1rosf\u00fcrd\u0151\" alt=\"T\u00f6rt\u00e9nelem - Gyop\u00e1rosf\u00fcrd\u0151\" src=\"https:\/\/gyoparosfurdo-oroshaza.hu\/wp-content\/gallery\/tortenelem\/thumbs\/thumbs_gyoparosfurdo_history_02.jpg\" width=\"120\" height=\"95\" \/>\n\t\t\t\t\t\t\t<\/a>\n\t\t<\/div>\n\t<\/div>\n\t\n\t\t\n \t\t\n\t<div id=\"ngg-image-1550\" class=\"ngg-gallery-thumbnail-box\"  >\n\t\t<div class=\"ngg-gallery-thumbnail\" >\n\t\t\t<a href=\"https:\/\/gyoparosfurdo-oroshaza.hu\/wp-content\/gallery\/tortenelem\/16.jpg\" title=\"T\u00f6rt\u00e9nelem - Gyop\u00e1rosf\u00fcrd\u0151\" class=\"thickbox\" rel=\"set_6\" >\n\t\t\t\t\t\t\t\t<img title=\"T\u00f6rt\u00e9nelem - Gyop\u00e1rosf\u00fcrd\u0151\" alt=\"T\u00f6rt\u00e9nelem - Gyop\u00e1rosf\u00fcrd\u0151\" src=\"https:\/\/gyoparosfurdo-oroshaza.hu\/wp-content\/gallery\/tortenelem\/thumbs\/thumbs_16.jpg\" width=\"120\" height=\"95\" \/>\n\t\t\t\t\t\t\t<\/a>\n\t\t<\/div>\n\t<\/div>\n\t\n\t\t\n \t\t\n\t<div id=\"ngg-image-1547\" class=\"ngg-gallery-thumbnail-box\"  >\n\t\t<div class=\"ngg-gallery-thumbnail\" >\n\t\t\t<a href=\"https:\/\/gyoparosfurdo-oroshaza.hu\/wp-content\/gallery\/tortenelem\/gyoparosfurdo_history_08.jpg\" title=\"T\u00f6rt\u00e9nelem - Gyop\u00e1rosf\u00fcrd\u0151\" class=\"thickbox\" rel=\"set_6\" >\n\t\t\t\t\t\t\t\t<img title=\"T\u00f6rt\u00e9nelem - Gyop\u00e1rosf\u00fcrd\u0151\" alt=\"T\u00f6rt\u00e9nelem - Gyop\u00e1rosf\u00fcrd\u0151\" src=\"https:\/\/gyoparosfurdo-oroshaza.hu\/wp-content\/gallery\/tortenelem\/thumbs\/thumbs_gyoparosfurdo_history_08.jpg\" width=\"120\" height=\"95\" \/>\n\t\t\t\t\t\t\t<\/a>\n\t\t<\/div>\n\t<\/div>\n\t\n\t\t\n \t\t\n\t<div id=\"ngg-image-1548\" class=\"ngg-gallery-thumbnail-box\"  >\n\t\t<div class=\"ngg-gallery-thumbnail\" >\n\t\t\t<a href=\"https:\/\/gyoparosfurdo-oroshaza.hu\/wp-content\/gallery\/tortenelem\/gyoparosfurdo_history_09.jpg\" title=\"T\u00f6rt\u00e9nelem - Gyop\u00e1rosf\u00fcrd\u0151\" class=\"thickbox\" rel=\"set_6\" >\n\t\t\t\t\t\t\t\t<img title=\"T\u00f6rt\u00e9nelem - Gyop\u00e1rosf\u00fcrd\u0151\" alt=\"T\u00f6rt\u00e9nelem - Gyop\u00e1rosf\u00fcrd\u0151\" src=\"https:\/\/gyoparosfurdo-oroshaza.hu\/wp-content\/gallery\/tortenelem\/thumbs\/thumbs_gyoparosfurdo_history_09.jpg\" width=\"120\" height=\"95\" \/>\n\t\t\t\t\t\t\t<\/a>\n\t\t<\/div>\n\t<\/div>\n\t\n\t\t\n \t\t\n\t<div id=\"ngg-image-1542\" class=\"ngg-gallery-thumbnail-box\"  >\n\t\t<div class=\"ngg-gallery-thumbnail\" >\n\t\t\t<a href=\"https:\/\/gyoparosfurdo-oroshaza.hu\/wp-content\/gallery\/tortenelem\/gyoparosfurdo_history_03.jpg\" title=\"T\u00f6rt\u00e9nelem - Gyop\u00e1rosf\u00fcrd\u0151\" class=\"thickbox\" rel=\"set_6\" >\n\t\t\t\t\t\t\t\t<img title=\"T\u00f6rt\u00e9nelem - Gyop\u00e1rosf\u00fcrd\u0151\" alt=\"T\u00f6rt\u00e9nelem - Gyop\u00e1rosf\u00fcrd\u0151\" src=\"https:\/\/gyoparosfurdo-oroshaza.hu\/wp-content\/gallery\/tortenelem\/thumbs\/thumbs_gyoparosfurdo_history_03.jpg\" width=\"120\" height=\"95\" \/>\n\t\t\t\t\t\t\t<\/a>\n\t\t<\/div>\n\t<\/div>\n\t\n\t\t\n \t\t\n\t<div id=\"ngg-image-1545\" class=\"ngg-gallery-thumbnail-box\"  >\n\t\t<div class=\"ngg-gallery-thumbnail\" >\n\t\t\t<a href=\"https:\/\/gyoparosfurdo-oroshaza.hu\/wp-content\/gallery\/tortenelem\/gyoparosfurdo_history_07.jpg\" title=\"T\u00f6rt\u00e9nelem - Gyop\u00e1rosf\u00fcrd\u0151\" class=\"thickbox\" rel=\"set_6\" >\n\t\t\t\t\t\t\t\t<img title=\"T\u00f6rt\u00e9nelem - Gyop\u00e1rosf\u00fcrd\u0151\" alt=\"T\u00f6rt\u00e9nelem - Gyop\u00e1rosf\u00fcrd\u0151\" src=\"https:\/\/gyoparosfurdo-oroshaza.hu\/wp-content\/gallery\/tortenelem\/thumbs\/thumbs_gyoparosfurdo_history_07.jpg\" width=\"120\" height=\"95\" \/>\n\t\t\t\t\t\t\t<\/a>\n\t\t<\/div>\n\t<\/div>\n\t\n\t\t\n \t\t\n\t<div id=\"ngg-image-1546\" class=\"ngg-gallery-thumbnail-box\"  >\n\t\t<div class=\"ngg-gallery-thumbnail\" >\n\t\t\t<a href=\"https:\/\/gyoparosfurdo-oroshaza.hu\/wp-content\/gallery\/tortenelem\/gyoparosfurdo_history_06.jpg\" title=\"T\u00f6rt\u00e9nelem - Gyop\u00e1rosf\u00fcrd\u0151\" class=\"thickbox\" rel=\"set_6\" >\n\t\t\t\t\t\t\t\t<img title=\"T\u00f6rt\u00e9nelem - Gyop\u00e1rosf\u00fcrd\u0151\" alt=\"T\u00f6rt\u00e9nelem - Gyop\u00e1rosf\u00fcrd\u0151\" src=\"https:\/\/gyoparosfurdo-oroshaza.hu\/wp-content\/gallery\/tortenelem\/thumbs\/thumbs_gyoparosfurdo_history_06.jpg\" width=\"120\" height=\"95\" \/>\n\t\t\t\t\t\t\t<\/a>\n\t\t<\/div>\n\t<\/div>\n\t\n\t\t\n \t\t\n\t<div id=\"ngg-image-1549\" class=\"ngg-gallery-thumbnail-box\"  >\n\t\t<div class=\"ngg-gallery-thumbnail\" >\n\t\t\t<a href=\"https:\/\/gyoparosfurdo-oroshaza.hu\/wp-content\/gallery\/tortenelem\/gyoparosfurdo_history_10.jpg\" title=\"T\u00f6rt\u00e9nelem - Gyop\u00e1rosf\u00fcrd\u0151\" class=\"thickbox\" rel=\"set_6\" >\n\t\t\t\t\t\t\t\t<img title=\"T\u00f6rt\u00e9nelem - Gyop\u00e1rosf\u00fcrd\u0151\" alt=\"T\u00f6rt\u00e9nelem - Gyop\u00e1rosf\u00fcrd\u0151\" src=\"https:\/\/gyoparosfurdo-oroshaza.hu\/wp-content\/gallery\/tortenelem\/thumbs\/thumbs_gyoparosfurdo_history_10.jpg\" width=\"120\" height=\"95\" \/>\n\t\t\t\t\t\t\t<\/a>\n\t\t<\/div>\n\t<\/div>\n\t\n\t\t\n \t \t\n\t<!-- Pagination -->\n \t<div class='ngg-clear'><\/div>\n \t\n<\/div>\n\n\n<div class=\"kapcsolodo_tartalom\"><h3>Related content<\/h3><ul class=\"custom_menu\"><li class=\"page_item page-item-25884\"><a title=\"Aquapark\" href=\"https:\/\/gyoparosfurdo-oroshaza.hu\/en\/gyoparosfurdo\/aquapark\">Aquapark<\/a><\/li><li class=\"page_item page-item-26344\"><a title=\"Gyop\u00e1rosf\u00fcrd\u0151 \u2013 health resort\" href=\"https:\/\/gyoparosfurdo-oroshaza.hu\/en\/gyoparosfurdo\/gyoparosfurdo-health-resort\">Gyop\u00e1rosf\u00fcrd\u0151 \u2013 health resort<\/a><\/li><li class=\"page_item page-item-26356\"><a title=\"Gyop\u00e1rosf\u00fcrd\u0151 panorama\" href=\"https:\/\/gyoparosfurdo-oroshaza.hu\/en\/gyoparosfurdo\/gyoparosfurdo-panorama\">Gyop\u00e1rosf\u00fcrd\u0151 panorama<\/a><\/li><li class=\"page_item page-item-26279\"><a title=\"Indoor playground for children\" href=\"https:\/\/gyoparosfurdo-oroshaza.hu\/en\/gyoparosfurdo\/gyoparosfurdo-jatekkucko-indoor-playground-for-children\">Indoor playground for children<\/a><\/li><li class=\"page_item page-item-26403\"><a title=\"Massages\" href=\"https:\/\/gyoparosfurdo-oroshaza.hu\/en\/gyoparosfurdo\/massages\">Massages<\/a><\/li><li class=\"page_item page-item-25996\"><a title=\"Nyitvatart\u00e1s\" href=\"https:\/\/gyoparosfurdo-oroshaza.hu\/en\/gyoparosfurdo\/opening-hours\">Nyitvatart\u00e1s<\/a><\/li><\/ul><ul class=\"custom_menu\"><li class=\"page_item page-item-25897\"><a title=\"Park and outdoor pools\" href=\"https:\/\/gyoparosfurdo-oroshaza.hu\/en\/gyoparosfurdo\/park-and-outdoor-pools\">Park and outdoor pools<\/a><\/li><li class=\"page_item page-item-26492\"><a title=\"Parking\" href=\"https:\/\/gyoparosfurdo-oroshaza.hu\/en\/gyoparosfurdo\/parking\">Parking<\/a><\/li><li class=\"page_item page-item-25973\"><a title=\"Prices\" href=\"https:\/\/gyoparosfurdo-oroshaza.hu\/en\/gyoparosfurdo\/prices\">Prices<\/a><\/li><li class=\"page_item page-item-26173\"><a title=\"Sauna park\" href=\"https:\/\/gyoparosfurdo-oroshaza.hu\/en\/gyoparosfurdo\/sauna-park\">Sauna park<\/a><\/li><li class=\"page_item page-item-26255\"><a title=\"Proper sauna etiquette\" href=\"https:\/\/gyoparosfurdo-oroshaza.hu\/en\/gyoparosfurdo\/sauna-park\/proper-sauna-etiquette\">Proper sauna etiquette<\/a><\/li><li class=\"page_item page-item-26268\"><a title=\"Proper way of using the sauna\" href=\"https:\/\/gyoparosfurdo-oroshaza.hu\/en\/gyoparosfurdo\/sauna-park\/proper-way-of-using-the-sauna\">Proper way of using the sauna<\/a><\/li><\/ul><ul class=\"custom_menu\"><li class=\"page_item page-item-26251\"><a title=\"Sauna Culture\" href=\"https:\/\/gyoparosfurdo-oroshaza.hu\/en\/gyoparosfurdo\/sauna-park\/sauna-culture\">Sauna Culture<\/a><\/li><li class=\"page_item page-item-26272\"><a title=\"Sauna seances\" href=\"https:\/\/gyoparosfurdo-oroshaza.hu\/en\/gyoparosfurdo\/sauna-seances\">Sauna seances<\/a><\/li><li class=\"page_item page-item-26218\"><a title=\"SZ\u00c9P Card and Health Insurance Fund\" href=\"https:\/\/gyoparosfurdo-oroshaza.hu\/en\/gyoparosfurdo\/szep-card-and-health-insurance-fund\">SZ\u00c9P Card and Health Insurance Fund<\/a><\/li><li class=\"page_item page-item-25901\"><a title=\"Thermal Spa\" href=\"https:\/\/gyoparosfurdo-oroshaza.hu\/en\/gyoparosfurdo\/thermal-spa\">Thermal Spa<\/a><\/li><li class=\"page_item page-item-26328\"><a title=\"Videos\" href=\"https:\/\/gyoparosfurdo-oroshaza.hu\/en\/gyoparosfurdo\/videos\">Videos<\/a><\/li><li class=\"page_item page-item-26151\"><a title=\"Wellness\" href=\"https:\/\/gyoparosfurdo-oroshaza.hu\/en\/gyoparosfurdo\/wellness\">Wellness<\/a><\/li><\/ul><br class=\"clear\" \/><\/div>\n<div class=\"topten_slider_title\"><span class=\"h3\">Top programmes<\/span><a href=\"https:\/\/gyoparosfurdo-oroshaza.hu\/en\/programs\" title=\"Show all programmes \u00bb\">Show all programmes \u00bb<\/a><\/div><div class=\"topten_container topten_slider\" id=\"topten_slider\"><ul class=\"topten_inner\"><li class=\"topten_item\" data-id=\"tsi_1\"><a href=\"\/en\/programs\/for-youngsters\" title=\"for youngsters\" class=\"topten_link\" style=\"background: url(\/wp-content\/uploads\/2012\/05\/fiataloknak-top-programok-gyoparosfurdon.jpg) top left no-repeat;\"><span class=\"title\">for youngsters<\/span><\/a><a href=\"\/en\/programs\/for-couples\" title=\"for couples\" class=\"topten_link\" style=\"background: url(\/wp-content\/uploads\/2012\/05\/paroknak-top-programok-gyoparosfurdon.jpg) top left no-repeat;\"><span class=\"title\">for couples<\/span><\/a><a href=\"\/en\/programs\/by-car\" title=\"by car\" class=\"topten_link\" style=\"background: url(\/wp-content\/uploads\/2012\/05\/autoval-top-programok-gyoparosfurdon.jpg) top left no-repeat;\"><span class=\"title\">by car<\/span><\/a><a href=\"\/en\/programs\/for-culture-fans\" title=\"for culture fans\" class=\"topten_link\" style=\"background: url(\/wp-content\/uploads\/2012\/05\/kulturabaratoknak-top-programok-gyoparosfurdon.jpg) top left no-repeat;\"><span class=\"title\">for culture fans<\/span><\/a><a href=\"\/en\/programs\/1-week\" title=\"for 1 week\" class=\"topten_link\" style=\"background: url(\/wp-content\/uploads\/2012\/05\/1-hetre-top-programok-gyoparosfurdon.jpg) top left no-repeat;\"><span class=\"title\">for 1 week<\/span><\/a><a href=\"\/en\/programs\/for-anglers\" title=\"for anglers\" class=\"topten_link\" style=\"background: url(\/wp-content\/uploads\/2012\/05\/horgaszoknak-top-programok-gyoparosfurdon.jpg) top left no-repeat;\"><span class=\"title\">for anglers<\/span><\/a><\/li><li class=\"topten_item\" data-id=\"tsi_2\"><a href=\"\/en\/programs\/for-photographers\" title=\"for photographers\" class=\"topten_link\" style=\"background: url(\/wp-content\/uploads\/2012\/05\/fotosoknak-top-programok-gyoparosfurdon.jpg) top left no-repeat;\"><span class=\"title\">for photographers<\/span><\/a><a href=\"\/en\/programs\/for-sports-fans\" title=\"for sports fans\" class=\"topten_link\" style=\"background: url(\/wp-content\/uploads\/2012\/05\/sportbaratoknak-top-programok-gyoparosfurdon.jpg) top left no-repeat;\"><span class=\"title\">for sports fans<\/span><\/a><a href=\"\/en\/programs\/for-families\" title=\"for families\" class=\"topten_link\" style=\"background: url(\/wp-content\/uploads\/2012\/05\/csaladosoknak-top-programok-gyoparosfurdon.jpg) top left no-repeat;\"><span class=\"title\">for families<\/span><\/a><a href=\"\/en\/programs\/in-summer\" title=\"in summer\" class=\"topten_link\" style=\"background: url(\/wp-content\/uploads\/2012\/05\/nyaron-top-programok-gyoparosfurdon.jpg) top left no-repeat;\"><span class=\"title\">in summer<\/span><\/a><a href=\"\/en\/programs\/1-day\" title=\"for 1 day\" class=\"topten_link\" style=\"background: url(\/wp-content\/uploads\/2012\/05\/1-napra-top-programok-gyoparosfurdon.jpg) top left no-repeat;\"><span class=\"title\">for 1 day<\/span><\/a><a href=\"\/en\/programs\/for-cyclers\" title=\"for cyclers\" class=\"topten_link\" style=\"background: url(\/wp-content\/uploads\/2012\/05\/kerekparosoknak-top-programok-gyoparosfurdon.jpg) top left no-repeat;\"><span class=\"title\">for cyclers<\/span><\/a><\/li><li class=\"topten_item\" data-id=\"tsi_3\"><a href=\"\/en\/programs\/for-a-weekend\" title=\"for a weekend\" class=\"topten_link\" style=\"background: url(\/wp-content\/uploads\/2012\/05\/hetvegere-top-programok-gyoparosfurdon.jpg) top left no-repeat;\"><span class=\"title\">for a weekend<\/span><\/a><a href=\"\/en\/programs\/in-winter\" title=\"in winter\" class=\"topten_link\" style=\"background: url(\/wp-content\/uploads\/2012\/05\/telen-top-programok-gyoparosfurdon.jpg) top left no-repeat;\"><span class=\"title\">in winter<\/span><\/a><\/ul><div class=\"lapozobox\"><span id=\"lprev\"><\/span><span id=\"lnext\"><\/span><span id=\"ts_1\" class=\"active\"><\/span><span id=\"ts_2\" ><\/span><span id=\"ts_3\" ><\/span><\/div><\/div>\n","protected":false},"excerpt":{"rendered":"<p>How did the former vegetable garden and orchard become one of the most popular spas of the region called South Lowland or even of Hungary? More than a century time, some devoted local residents, a lot of work and the &hellip; <a href=\"https:\/\/gyoparosfurdo-oroshaza.hu\/en\/gyoparosfurdo\/history\">Folytat\u00e1s <span class=\"meta-nav\">&rarr;<\/span><\/a><\/p>\n","protected":false},"author":6,"featured_media":0,"parent":25870,"menu_order":0,"comment_status":"closed","ping_status":"closed","template":"","meta":[],"_links":{"self":[{"href":"https:\/\/gyoparosfurdo-oroshaza.hu\/en\/wp-json\/wp\/v2\/pages\/25880"}],"collection":[{"href":"https:\/\/gyoparosfurdo-oroshaza.hu\/en\/wp-json\/wp\/v2\/pages"}],"about":[{"href":"https:\/\/gyoparosfurdo-oroshaza.hu\/en\/wp-json\/wp\/v2\/types\/page"}],"author":[{"embeddable":true,"href":"https:\/\/gyoparosfurdo-oroshaza.hu\/en\/wp-json\/wp\/v2\/users\/6"}],"replies":[{"embeddable":true,"href":"https:\/\/gyoparosfurdo-oroshaza.hu\/en\/wp-json\/wp\/v2\/comments?post=25880"}],"version-history":[{"count":0,"href":"https:\/\/gyoparosfurdo-oroshaza.hu\/en\/wp-json\/wp\/v2\/pages\/25880\/revisions"}],"up":[{"embeddable":true,"href":"https:\/\/gyoparosfurdo-oroshaza.hu\/en\/wp-json\/wp\/v2\/pages\/25870"}],"wp:attachment":[{"href":"https:\/\/gyoparosfurdo-oroshaza.hu\/en\/wp-json\/wp\/v2\/media?parent=25880"}],"curies":[{"name":"wp","href":"https:\/\/api.w.org\/{rel}","templated":true}]}}