{"id":25870,"date":"2012-04-13T09:15:25","date_gmt":"2012-04-13T07:15:25","guid":{"rendered":"https:\/\/gyoparosfurdo-oroshaza.hu\/gyoparosfurdo"},"modified":"2025-09-02T09:50:24","modified_gmt":"2025-09-02T07:50:24","slug":"gyoparosfurdo","status":"publish","type":"page","link":"https:\/\/gyoparosfurdo-oroshaza.hu\/en\/gyoparosfurdo","title":{"rendered":"Gyop\u00e1rosf\u00fcrd\u0151"},"content":{"rendered":"<h2>We have switched to autumn-winter opening hours, so from September 15th 2025 only the outdoor thermal pool, the indoor thermal pool and the ground floor sauna cabin will be open. The Aquapark and the Sauna Park are CLOSED. <a href=\"https:\/\/gyoparosfurdo-oroshaza.hu\/en\/news\/autumn-opening-hours-and-information-2025\">More details<\/a><\/h2>\n\n<div class=\"jobbsav\">\n<div class=\"altalanos_informacio\">\n<h4>Orosh\u00e1za-Gyop\u00e1rosf\u00fcrd\u0151<\/h4>\n<p>5904 Gyop\u00e1rosf\u00fcrd\u0151, Fasor street 3.<\/p>\n<p>Phone number: +36-68\/512-260<\/p>\n<p>E-mail: <a href=\"mailto:&#105;&#110;&#102;o&#64;&#103;y&#111;&#112;&#97;r&#111;&#115;&#102;u&#114;d&#111;&#46;h&#117;\" title=\"&#105;n&#102;&#111;&#64;gy&#111;p&#97;&#114;os&#102;urdo&#46;h&#117;\">&#105;n&#102;&#111;&#64;gy&#111;p&#97;&#114;os&#102;urdo&#46;h&#117;<\/a><\/p>\n<\/div>\n<div class=\"altalanos_informacio\">\n<h4>Opening hours<\/h4>\n<p><a title=\"Opening hours\" href=\"https:\/\/gyoparosfurdo-oroshaza.hu\/en\/gyoparosfurdo\/opening-hours\">Available here<\/a><\/p>\n<\/div>\n<\/div>\n<p>Gyop\u00e1rosf\u00fcrd\u0151, known in Hungary as Pearl of the Lowland, is a <a title=\"park\" href=\"\/en\/gyoparosfurdo\/park-and-outdoor-pools\">park<\/a>, <a title=\"adventure bath\" href=\"\/en\/gyoparosfurdo\/aquapark\">adventure bath <\/a>and <a title=\"therapy centre\" href=\"\/en\/gyoparosfurdo\/thermal-spa\">therapy centre<\/a>, sports centre, unique natural value offering water related programmes in the same time.<\/p>\n<p>The complexity built west from Orosh\u00e1za, a town of 30\u00a0000 inhabitants, has become a secret tip for relaxing, recreation among bath lover tourists seeking <a title=\"summer\" href=\"\/en\/programs\/in-summer\">summer<\/a> or <a title=\"winter\" href=\"\/en\/programs\/in-winter\">winter<\/a> experiences, within and across border.<\/p>\n<p>The stunning beauty of the lake and its surroundings, the healing property of the water has been tempting tourists seeking recovery and bathing facilities to visit the place for more than a century. Thanks to investments made in the past and recent years Gyop\u00e1rosf\u00fcrd\u0151 has become, without exaggeration, a spa of national importance and popular among tourists.<\/p>\n<p>The operating company of the spa, Orosh\u00e1zi V\u00e1ros\u00fczemeltet\u00e9si \u00e9s Szolg\u00e1ltat\u00f3 Zrt., is permanently trying to satisfy the visitors\u2019 demand with the wide choice of services, <a title=\"prices\" href=\"\/en\/gyoparosfurdo\/prices\">prices<\/a>, <a title=\"opening hours\" href=\"\/en\/gyoparosfurdo\/opening-hours\">opening hours<\/a>, summer and winter programmes. The results are shown by the countless positive feedbacks received from visitors on different blogs and comments.<\/p>\n<p>No wonder the Spa gets so many compliments, as the complexity lying surrounded by a 20 hectare park, offers a wide variety of programmes for those who arrive for <a title=\"a day\" href=\"\/en\/programs\/1-day\">a day<\/a>,<a title=\"a weekend\" href=\"\/en\/programs\/for-a-weekend\"> a weekend<\/a>, <a title=\"a week\" href=\"\/en\/programs\/1-week\">a week<\/a>, or for even longer period of time.<\/p>\n<p><img loading=\"lazy\" class=\"alignleft\" title=\"Gyop\u00e1rosf\u00fcrd\u0151\" src=\"\/wp-content\/uploads\/2012\/04\/gyoparosfurdo.jpg\" alt=\"Gyop\u00e1rosf\u00fcrd\u0151\" width=\"280\" height=\"172\"> <a title=\"Families\" href=\"https:\/\/gyoparosfurdo-oroshaza.hu\/en\/programs\/for-families\">Families<\/a>, <a title=\"couples\" href=\"\/en\/programs\/for-couples\">couples<\/a>,<a title=\"fans of sports\" href=\"\/en\/programs\/for-sports-fans\">fans of sports<\/a>, <a title=\"culture\" href=\"\/en\/programs\/for-culture-fans\">culture<\/a>, <a title=\"cycling\" href=\"\/en\/programs\/for-cyclers\">cycling<\/a>, <a title=\"fishing\" href=\"\/en\/programs\/for-anglers\">fishing<\/a> or even <a title=\"photographers\" href=\"\/en\/programs\/for-photographers\">photographers<\/a> will find the proper pastime at Orosh\u00e1za and its surroundings.<\/p>\n<p>From cheap apartments to expensive hotels everybody can find the <a title=\"accomodation\" href=\"\/en\/accomodations\">accommodation<\/a> with tariffs fitting his purse. In a pleasant environment visitors can feel close to nature and enjoy the wide choice of services satisfying all demands, ensuring complete recreation of both body and soul.<\/p>\n<table>\n<tbody>\n<tr style=\"vertical-align: top;\">\n<td style=\"vertical-align: top;\"><a href=\"\/en\/gyoparosfurdo\/panorama\"><img loading=\"lazy\" src=\"\/wp-content\/uploads\/2012\/04\/icon-360-mid.png\" width=\"63\" height=\"60\"><\/a><\/td>\n<td style=\"vertical-align: top; border: none;\"><a href=\"\/en\/gyoparosfurdo\/panorama\" style=\"font-size: 16px; font-weight: bold;\">Gyop\u00e1rosf\u00fcrd\u0151 panorama<\/a><br \/>\nTake a tour of the Gyop\u00e1rosf\u00fcrd\u0151 spa using 360\u00b0 panoramic pictures.<\/td>\n<\/tr>\n<\/tbody>\n<\/table>\n<h3>HD-imagefilm about the autumn in Gyop\u00e1rosf\u00fcrd\u0151 (2018)<\/h3>\n<p><iframe loading=\"lazy\" width=\"560\" height=\"315\" src=\"https:\/\/www.youtube.com\/embed\/T-1psslUPmM\" frameborder=\"0\" allow=\"autoplay; encrypted-media\" allowfullscreen=\"\"><\/iframe><\/p>\n<h3>Pictures of Gyop\u00e1rosf\u00fcrd\u0151<\/h3>\n\n<div class=\"ngg-galleryoverview\" id=\"ngg-gallery-27-25870\">\n\n\n\t\n\t<!-- Thumbnails -->\n\t\t\n\t<div id=\"ngg-image-938\" class=\"ngg-gallery-thumbnail-box\"  >\n\t\t<div class=\"ngg-gallery-thumbnail\" >\n\t\t\t<a href=\"https:\/\/gyoparosfurdo-oroshaza.hu\/wp-content\/gallery\/gyoparosfurdo\/fk1.jpg\" title=\"Gyop\u00e1rosf\u00fcrd\u0151 a leveg\u0151b\u0151l\" class=\"thickbox\" rel=\"set_27\" >\n\t\t\t\t\t\t\t\t<img title=\"Gyop\u00e1rosf\u00fcrd\u0151 a leveg\u0151b\u0151l\" alt=\"Gyop\u00e1rosf\u00fcrd\u0151 a leveg\u0151b\u0151l\" src=\"https:\/\/gyoparosfurdo-oroshaza.hu\/wp-content\/gallery\/gyoparosfurdo\/thumbs\/thumbs_fk1.jpg\" width=\"120\" height=\"95\" \/>\n\t\t\t\t\t\t\t<\/a>\n\t\t<\/div>\n\t<\/div>\n\t\n\t\t\n \t\t\n\t<div id=\"ngg-image-939\" class=\"ngg-gallery-thumbnail-box\"  >\n\t\t<div class=\"ngg-gallery-thumbnail\" >\n\t\t\t<a href=\"https:\/\/gyoparosfurdo-oroshaza.hu\/wp-content\/gallery\/gyoparosfurdo\/fk2.jpg\" title=\"Gyop\u00e1rosf\u00fcrd\u0151 a leveg\u0151b\u0151l\" class=\"thickbox\" rel=\"set_27\" >\n\t\t\t\t\t\t\t\t<img title=\"Gyop\u00e1rosf\u00fcrd\u0151 a leveg\u0151b\u0151l\" alt=\"Gyop\u00e1rosf\u00fcrd\u0151 a leveg\u0151b\u0151l\" src=\"https:\/\/gyoparosfurdo-oroshaza.hu\/wp-content\/gallery\/gyoparosfurdo\/thumbs\/thumbs_fk2.jpg\" width=\"120\" height=\"95\" \/>\n\t\t\t\t\t\t\t<\/a>\n\t\t<\/div>\n\t<\/div>\n\t\n\t\t\n \t\t\n\t<div id=\"ngg-image-311\" class=\"ngg-gallery-thumbnail-box\"  >\n\t\t<div class=\"ngg-gallery-thumbnail\" >\n\t\t\t<a href=\"https:\/\/gyoparosfurdo-oroshaza.hu\/wp-content\/gallery\/gyoparosfurdo\/gyoparos_5.jpg\" title=\"A Gyop\u00e1rosi t\u00f3 kil\u00e1t\u00f3val \u00e9s az \u00e9lm\u00e9nyf\u00fcrd\u0151vel naplementekor\" class=\"thickbox\" rel=\"set_27\" >\n\t\t\t\t\t\t\t\t<img title=\"Orosh\u00e1za Gyop\u00e1rosf\u00fcrd\u0151 naplementekor\" alt=\"Orosh\u00e1za Gyop\u00e1rosf\u00fcrd\u0151 naplementekor\" src=\"https:\/\/gyoparosfurdo-oroshaza.hu\/wp-content\/gallery\/gyoparosfurdo\/thumbs\/thumbs_gyoparos_5.jpg\" width=\"120\" height=\"95\" \/>\n\t\t\t\t\t\t\t<\/a>\n\t\t<\/div>\n\t<\/div>\n\t\n\t\t\n \t\t\n\t<div id=\"ngg-image-312\" class=\"ngg-gallery-thumbnail-box\"  >\n\t\t<div class=\"ngg-gallery-thumbnail\" >\n\t\t\t<a href=\"https:\/\/gyoparosfurdo-oroshaza.hu\/wp-content\/gallery\/gyoparosfurdo\/gyoparos_6.jpg\" title=\"Az 50 m\u00e9teres sportmedence \u00e9lm\u00e9nyf\u00fcrd\u0151vel \u00e9s a kil\u00e1t\u00f3val a h\u00e1tt\u00e9rben\" class=\"thickbox\" rel=\"set_27\" >\n\t\t\t\t\t\t\t\t<img title=\"Sportmedence \u00e9lm\u00e9nyf\u00fcrd\u0151vel\" alt=\"Sportmedence \u00e9lm\u00e9nyf\u00fcrd\u0151vel\" src=\"https:\/\/gyoparosfurdo-oroshaza.hu\/wp-content\/gallery\/gyoparosfurdo\/thumbs\/thumbs_gyoparos_6.jpg\" width=\"120\" height=\"95\" \/>\n\t\t\t\t\t\t\t<\/a>\n\t\t<\/div>\n\t<\/div>\n\t\n\t\t\n \t \t\n\t<!-- Pagination -->\n \t<div class='ngg-clear'><\/div>\n \t\n<\/div>\n\n\n<h3>Pictures of adventure bath and therapy centre<\/h3>\n\n<div class=\"ngg-galleryoverview\" id=\"ngg-gallery-28-25870\">\n\n\n\t\n\t<!-- Thumbnails -->\n\t\t\n\t<div id=\"ngg-image-936\" class=\"ngg-gallery-thumbnail-box\"  >\n\t\t<div class=\"ngg-gallery-thumbnail\" >\n\t\t\t<a href=\"https:\/\/gyoparosfurdo-oroshaza.hu\/wp-content\/gallery\/elmenyfurdo_rovid\/ek2.jpg\" title=\"A gyop\u00e1rosi \u00e9lm\u00e9nyf\u00fcrd\u0151\" class=\"thickbox\" rel=\"set_28\" >\n\t\t\t\t\t\t\t\t<img title=\"A gyop\u00e1rosi \u00e9lm\u00e9nyf\u00fcrd\u0151\" alt=\"A gyop\u00e1rosi \u00e9lm\u00e9nyf\u00fcrd\u0151\" src=\"https:\/\/gyoparosfurdo-oroshaza.hu\/wp-content\/gallery\/elmenyfurdo_rovid\/thumbs\/thumbs_ek2.jpg\" width=\"120\" height=\"95\" \/>\n\t\t\t\t\t\t\t<\/a>\n\t\t<\/div>\n\t<\/div>\n\t\n\t\t\n \t\t\n\t<div id=\"ngg-image-213\" class=\"ngg-gallery-thumbnail-box\"  >\n\t\t<div class=\"ngg-gallery-thumbnail\" >\n\t\t\t<a href=\"https:\/\/gyoparosfurdo-oroshaza.hu\/wp-content\/gallery\/elmenyfurdo_rovid\/elmenyfurdo_rovid_01.jpg\" title=\"A gyop\u00e1rosf\u00fcrd\u0151i \u00e9lm\u00e9nyf\u00fcrd\u0151 bel\u00fclr\u0151l\" class=\"thickbox\" rel=\"set_28\" >\n\t\t\t\t\t\t\t\t<img title=\"A gyop\u00e1rosf\u00fcrd\u0151i \u00e9lm\u00e9nyf\u00fcrd\u0151 bel\u00fclr\u0151l\" alt=\"A gyop\u00e1rosf\u00fcrd\u0151i \u00e9lm\u00e9nyf\u00fcrd\u0151 bel\u00fclr\u0151l\" src=\"https:\/\/gyoparosfurdo-oroshaza.hu\/wp-content\/gallery\/elmenyfurdo_rovid\/thumbs\/thumbs_elmenyfurdo_rovid_01.jpg\" width=\"120\" height=\"95\" \/>\n\t\t\t\t\t\t\t<\/a>\n\t\t<\/div>\n\t<\/div>\n\t\n\t\t\n \t\t\n\t<div id=\"ngg-image-214\" class=\"ngg-gallery-thumbnail-box\"  >\n\t\t<div class=\"ngg-gallery-thumbnail\" >\n\t\t\t<a href=\"https:\/\/gyoparosfurdo-oroshaza.hu\/wp-content\/gallery\/elmenyfurdo_rovid\/elmenyfurdo_rovid_02.jpg\" title=\"A gyop\u00e1rosf\u00fcrd\u0151i \u00e9lm\u00e9nyf\u00fcrd\u0151 k\u00fcls\u0151 terasza\" class=\"thickbox\" rel=\"set_28\" >\n\t\t\t\t\t\t\t\t<img title=\"A gyop\u00e1rosf\u00fcrd\u0151i \u00e9lm\u00e9nyf\u00fcrd\u0151 k\u00fcls\u0151 terasza\" alt=\"A gyop\u00e1rosf\u00fcrd\u0151i \u00e9lm\u00e9nyf\u00fcrd\u0151 k\u00fcls\u0151 terasza\" src=\"https:\/\/gyoparosfurdo-oroshaza.hu\/wp-content\/gallery\/elmenyfurdo_rovid\/thumbs\/thumbs_elmenyfurdo_rovid_02.jpg\" width=\"120\" height=\"95\" \/>\n\t\t\t\t\t\t\t<\/a>\n\t\t<\/div>\n\t<\/div>\n\t\n\t\t\n \t\t\n\t<div id=\"ngg-image-937\" class=\"ngg-gallery-thumbnail-box\"  >\n\t\t<div class=\"ngg-gallery-thumbnail\" >\n\t\t\t<a href=\"https:\/\/gyoparosfurdo-oroshaza.hu\/wp-content\/gallery\/elmenyfurdo_rovid\/gyogyfurdo.jpg\" title=\"A gyop\u00e1rosi gy\u00f3gyf\u00fcrd\u0151\" class=\"thickbox\" rel=\"set_28\" >\n\t\t\t\t\t\t\t\t<img title=\"A gyop\u00e1rosi gy\u00f3gyf\u00fcrd\u0151\" alt=\"A gyop\u00e1rosi gy\u00f3gyf\u00fcrd\u0151\" src=\"https:\/\/gyoparosfurdo-oroshaza.hu\/wp-content\/gallery\/elmenyfurdo_rovid\/thumbs\/thumbs_gyogyfurdo.jpg\" width=\"120\" height=\"95\" \/>\n\t\t\t\t\t\t\t<\/a>\n\t\t<\/div>\n\t<\/div>\n\t\n\t\t\n \t \t\n\t<!-- Pagination -->\n \t<div class='ngg-clear'><\/div>\n \t\n<\/div>\n\n\n<h3>Pictures of sauna park<\/h3>\n\n<div class=\"ngg-galleryoverview\" id=\"ngg-gallery-72-25870\">\n\n\n\t\n\t<!-- Thumbnails -->\n\t\t\n\t<div id=\"ngg-image-912\" class=\"ngg-gallery-thumbnail-box\"  >\n\t\t<div class=\"ngg-gallery-thumbnail\" >\n\t\t\t<a href=\"https:\/\/gyoparosfurdo-oroshaza.hu\/wp-content\/gallery\/szauna-kozponti\/szaunapark-gyoparos-1.jpg\" title=\"Szaunapark \/ Sauna park\" class=\"thickbox\" rel=\"set_72\" >\n\t\t\t\t\t\t\t\t<img title=\"Szaunapark Gyop\u00e1ros\" alt=\"Szaunapark Gyop\u00e1ros\" src=\"https:\/\/gyoparosfurdo-oroshaza.hu\/wp-content\/gallery\/szauna-kozponti\/thumbs\/thumbs_szaunapark-gyoparos-1.jpg\" width=\"120\" height=\"95\" \/>\n\t\t\t\t\t\t\t<\/a>\n\t\t<\/div>\n\t<\/div>\n\t\n\t\t\n \t\t\n\t<div id=\"ngg-image-913\" class=\"ngg-gallery-thumbnail-box\"  >\n\t\t<div class=\"ngg-gallery-thumbnail\" >\n\t\t\t<a href=\"https:\/\/gyoparosfurdo-oroshaza.hu\/wp-content\/gallery\/szauna-kozponti\/szaunapark-gyoparos-2.jpg\" title=\"Szaunapark \/ Sauna park\" class=\"thickbox\" rel=\"set_72\" >\n\t\t\t\t\t\t\t\t<img title=\"Szaunapark Gyop\u00e1ros\" alt=\"Szaunapark Gyop\u00e1ros\" src=\"https:\/\/gyoparosfurdo-oroshaza.hu\/wp-content\/gallery\/szauna-kozponti\/thumbs\/thumbs_szaunapark-gyoparos-2.jpg\" width=\"120\" height=\"95\" \/>\n\t\t\t\t\t\t\t<\/a>\n\t\t<\/div>\n\t<\/div>\n\t\n\t\t\n \t\t\n\t<div id=\"ngg-image-914\" class=\"ngg-gallery-thumbnail-box\"  >\n\t\t<div class=\"ngg-gallery-thumbnail\" >\n\t\t\t<a href=\"https:\/\/gyoparosfurdo-oroshaza.hu\/wp-content\/gallery\/szauna-kozponti\/szaunapark-gyoparos-3.jpg\" title=\"Szaunapark \/ Sauna park\" class=\"thickbox\" rel=\"set_72\" >\n\t\t\t\t\t\t\t\t<img title=\"Szaunapark Gyop\u00e1ros\" alt=\"Szaunapark Gyop\u00e1ros\" src=\"https:\/\/gyoparosfurdo-oroshaza.hu\/wp-content\/gallery\/szauna-kozponti\/thumbs\/thumbs_szaunapark-gyoparos-3.jpg\" width=\"120\" height=\"95\" \/>\n\t\t\t\t\t\t\t<\/a>\n\t\t<\/div>\n\t<\/div>\n\t\n\t\t\n \t\t\n\t<div id=\"ngg-image-915\" class=\"ngg-gallery-thumbnail-box\"  >\n\t\t<div class=\"ngg-gallery-thumbnail\" >\n\t\t\t<a href=\"https:\/\/gyoparosfurdo-oroshaza.hu\/wp-content\/gallery\/szauna-kozponti\/szaunapark-gyoparos-4.jpg\" title=\"Szaunapark \/ Sauna park\" class=\"thickbox\" rel=\"set_72\" >\n\t\t\t\t\t\t\t\t<img title=\"Szaunapark Gyop\u00e1ros\" alt=\"Szaunapark Gyop\u00e1ros\" src=\"https:\/\/gyoparosfurdo-oroshaza.hu\/wp-content\/gallery\/szauna-kozponti\/thumbs\/thumbs_szaunapark-gyoparos-4.jpg\" width=\"120\" height=\"95\" \/>\n\t\t\t\t\t\t\t<\/a>\n\t\t<\/div>\n\t<\/div>\n\t\n\t\t\n \t \t\n\t<!-- Pagination -->\n \t<div class='ngg-clear'><\/div>\n \t\n<\/div>\n\n\n<h3>Pictures of park and beach<\/h3>\n\n<div class=\"ngg-galleryoverview\" id=\"ngg-gallery-29-25870\">\n\n\n\t\n\t<!-- Thumbnails -->\n\t\t\n\t<div id=\"ngg-image-219\" class=\"ngg-gallery-thumbnail-box\"  >\n\t\t<div class=\"ngg-gallery-thumbnail\" >\n\t\t\t<a href=\"https:\/\/gyoparosfurdo-oroshaza.hu\/wp-content\/gallery\/parkfurdo_rovid\/park_rovid_03.jpg\" title=\"A parkf\u00fcrd\u0151 sportmedenc\u00e9je, h\u00e1tt\u00e9rben az \u00e9lm\u00e9nyf\u00fcrd\u0151\" class=\"thickbox\" rel=\"set_29\" >\n\t\t\t\t\t\t\t\t<img title=\"Gyop\u00e1rosf\u00fcrd\u0151 parkf\u00fcrd\u0151 sportmedenc\u00e9je\" alt=\"Gyop\u00e1rosf\u00fcrd\u0151 parkf\u00fcrd\u0151 sportmedenc\u00e9je\" src=\"https:\/\/gyoparosfurdo-oroshaza.hu\/wp-content\/gallery\/parkfurdo_rovid\/thumbs\/thumbs_park_rovid_03.jpg\" width=\"120\" height=\"95\" \/>\n\t\t\t\t\t\t\t<\/a>\n\t\t<\/div>\n\t<\/div>\n\t\n\t\t\n \t\t\n\t<div id=\"ngg-image-217\" class=\"ngg-gallery-thumbnail-box\"  >\n\t\t<div class=\"ngg-gallery-thumbnail\" >\n\t\t\t<a href=\"https:\/\/gyoparosfurdo-oroshaza.hu\/wp-content\/gallery\/parkfurdo_rovid\/park_rovid_01.jpg\" title=\"Gyop\u00e1rosf\u00fcrd\u0151 parkf\u00fcrd\u0151j\u00e9nek \u00e9lm\u00e9nymedenc\u00e9je a Panor\u00e1ma kil\u00e1t\u00f3val\" class=\"thickbox\" rel=\"set_29\" >\n\t\t\t\t\t\t\t\t<img title=\"Gyop\u00e1rosf\u00fcrd\u0151 parkf\u00fcrd\u0151j\u00e9nek \u00e9lm\u00e9nymedenc\u00e9je\" alt=\"Gyop\u00e1rosf\u00fcrd\u0151 parkf\u00fcrd\u0151j\u00e9nek \u00e9lm\u00e9nymedenc\u00e9je\" src=\"https:\/\/gyoparosfurdo-oroshaza.hu\/wp-content\/gallery\/parkfurdo_rovid\/thumbs\/thumbs_park_rovid_01.jpg\" width=\"120\" height=\"95\" \/>\n\t\t\t\t\t\t\t<\/a>\n\t\t<\/div>\n\t<\/div>\n\t\n\t\t\n \t\t\n\t<div id=\"ngg-image-934\" class=\"ngg-gallery-thumbnail-box\"  >\n\t\t<div class=\"ngg-gallery-thumbnail\" >\n\t\t\t<a href=\"https:\/\/gyoparosfurdo-oroshaza.hu\/wp-content\/gallery\/parkfurdo_rovid\/parkfurdo_kacsas.jpg\" title=\"Gyermekf\u00fcrd\u0151 a parkf\u00fcrd\u0151ben\" class=\"thickbox\" rel=\"set_29\" >\n\t\t\t\t\t\t\t\t<img title=\"Gyermekf\u00fcrd\u0151 a parkf\u00fcrd\u0151ben\" alt=\"Gyermekf\u00fcrd\u0151 a parkf\u00fcrd\u0151ben\" src=\"https:\/\/gyoparosfurdo-oroshaza.hu\/wp-content\/gallery\/parkfurdo_rovid\/thumbs\/thumbs_parkfurdo_kacsas.jpg\" width=\"120\" height=\"95\" \/>\n\t\t\t\t\t\t\t<\/a>\n\t\t<\/div>\n\t<\/div>\n\t\n\t\t\n \t\t\n\t<div id=\"ngg-image-935\" class=\"ngg-gallery-thumbnail-box\"  >\n\t\t<div class=\"ngg-gallery-thumbnail\" >\n\t\t\t<a href=\"https:\/\/gyoparosfurdo-oroshaza.hu\/wp-content\/gallery\/parkfurdo_rovid\/parkfurdo_ugras.jpg\" title=\"A parkf\u00fcrd\u0151 50 m\u00e9teres sportmedenc\u00e9je\" class=\"thickbox\" rel=\"set_29\" >\n\t\t\t\t\t\t\t\t<img title=\"A parkf\u00fcrd\u0151 50 m\u00e9teres sportmedenc\u00e9je\" alt=\"A parkf\u00fcrd\u0151 50 m\u00e9teres sportmedenc\u00e9je\" src=\"https:\/\/gyoparosfurdo-oroshaza.hu\/wp-content\/gallery\/parkfurdo_rovid\/thumbs\/thumbs_parkfurdo_ugras.jpg\" width=\"120\" height=\"95\" \/>\n\t\t\t\t\t\t\t<\/a>\n\t\t<\/div>\n\t<\/div>\n\t\n\t\t\n \t \t\n\t<!-- Pagination -->\n \t<div class='ngg-clear'><\/div>\n \t\n<\/div>\n\n\n<h3> Map of Gyop\u00e1rosf\u00fcrd\u0151<\/h3>\n\n<div class=\"kapcsolodo_tartalom\"><h3>Similar content<\/h3><ul class=\"custom_menu\"><li class=\"page_item page-item-25884\"><a title=\"Aquapark\" href=\"https:\/\/gyoparosfurdo-oroshaza.hu\/en\/gyoparosfurdo\/aquapark\">Aquapark<\/a><\/li><li class=\"page_item page-item-26344\"><a title=\"Gyop\u00e1rosf\u00fcrd\u0151 \u2013 health resort\" href=\"https:\/\/gyoparosfurdo-oroshaza.hu\/en\/gyoparosfurdo\/gyoparosfurdo-health-resort\">Gyop\u00e1rosf\u00fcrd\u0151 \u2013 health resort<\/a><\/li><li class=\"page_item page-item-26356\"><a title=\"Gyop\u00e1rosf\u00fcrd\u0151 panorama\" href=\"https:\/\/gyoparosfurdo-oroshaza.hu\/en\/gyoparosfurdo\/gyoparosfurdo-panorama\">Gyop\u00e1rosf\u00fcrd\u0151 panorama<\/a><\/li><li class=\"page_item page-item-25880\"><a title=\"History\" href=\"https:\/\/gyoparosfurdo-oroshaza.hu\/en\/gyoparosfurdo\/history\">History<\/a><\/li><li class=\"page_item page-item-26279\"><a title=\"Indoor playground for children\" href=\"https:\/\/gyoparosfurdo-oroshaza.hu\/en\/gyoparosfurdo\/gyoparosfurdo-jatekkucko-indoor-playground-for-children\">Indoor playground for children<\/a><\/li><li class=\"page_item page-item-26403\"><a title=\"Massages\" href=\"https:\/\/gyoparosfurdo-oroshaza.hu\/en\/gyoparosfurdo\/massages\">Massages<\/a><\/li><li class=\"page_item page-item-25996\"><a title=\"Nyitvatart\u00e1s\" href=\"https:\/\/gyoparosfurdo-oroshaza.hu\/en\/gyoparosfurdo\/opening-hours\">Nyitvatart\u00e1s<\/a><\/li><\/ul><ul class=\"custom_menu\"><li class=\"page_item page-item-25897\"><a title=\"Park and outdoor pools\" href=\"https:\/\/gyoparosfurdo-oroshaza.hu\/en\/gyoparosfurdo\/park-and-outdoor-pools\">Park and outdoor pools<\/a><\/li><li class=\"page_item page-item-26492\"><a title=\"Parking\" href=\"https:\/\/gyoparosfurdo-oroshaza.hu\/en\/gyoparosfurdo\/parking\">Parking<\/a><\/li><li class=\"page_item page-item-25973\"><a title=\"Prices\" href=\"https:\/\/gyoparosfurdo-oroshaza.hu\/en\/gyoparosfurdo\/prices\">Prices<\/a><\/li><li class=\"page_item page-item-26173\"><a title=\"Sauna park\" href=\"https:\/\/gyoparosfurdo-oroshaza.hu\/en\/gyoparosfurdo\/sauna-park\">Sauna park<\/a><\/li><li class=\"page_item page-item-26255\"><a title=\"Proper sauna etiquette\" href=\"https:\/\/gyoparosfurdo-oroshaza.hu\/en\/gyoparosfurdo\/sauna-park\/proper-sauna-etiquette\">Proper sauna etiquette<\/a><\/li><li class=\"page_item page-item-26268\"><a title=\"Proper way of using the sauna\" href=\"https:\/\/gyoparosfurdo-oroshaza.hu\/en\/gyoparosfurdo\/sauna-park\/proper-way-of-using-the-sauna\">Proper way of using the sauna<\/a><\/li><li class=\"page_item page-item-26251\"><a title=\"Sauna Culture\" href=\"https:\/\/gyoparosfurdo-oroshaza.hu\/en\/gyoparosfurdo\/sauna-park\/sauna-culture\">Sauna Culture<\/a><\/li><\/ul><ul class=\"custom_menu\"><li class=\"page_item page-item-26272\"><a title=\"Sauna seances\" href=\"https:\/\/gyoparosfurdo-oroshaza.hu\/en\/gyoparosfurdo\/sauna-seances\">Sauna seances<\/a><\/li><li class=\"page_item page-item-26218\"><a title=\"SZ\u00c9P Card and Health Insurance Fund\" href=\"https:\/\/gyoparosfurdo-oroshaza.hu\/en\/gyoparosfurdo\/szep-card-and-health-insurance-fund\">SZ\u00c9P Card and Health Insurance Fund<\/a><\/li><li class=\"page_item page-item-25901\"><a title=\"Thermal Spa\" href=\"https:\/\/gyoparosfurdo-oroshaza.hu\/en\/gyoparosfurdo\/thermal-spa\">Thermal Spa<\/a><\/li><li class=\"page_item page-item-26328\"><a title=\"Videos\" href=\"https:\/\/gyoparosfurdo-oroshaza.hu\/en\/gyoparosfurdo\/videos\">Videos<\/a><\/li><li class=\"page_item page-item-26151\"><a title=\"Wellness\" href=\"https:\/\/gyoparosfurdo-oroshaza.hu\/en\/gyoparosfurdo\/wellness\">Wellness<\/a><\/li><\/ul><br class=\"clear\" \/><\/div>\n<div class=\"topten_slider_title\"><span class=\"h3\">Top programmes<\/span><a href=\"https:\/\/gyoparosfurdo-oroshaza.hu\/en\/programs\" title=\"Show all programmes \u00bb\">Show all programmes \u00bb<\/a><\/div><div class=\"topten_container topten_slider\" id=\"topten_slider\"><ul class=\"topten_inner\"><li class=\"topten_item\" data-id=\"tsi_1\"><a href=\"\/en\/programs\/for-a-weekend\" title=\"for a weekend\" class=\"topten_link\" style=\"background: url(\/wp-content\/uploads\/2012\/05\/hetvegere-top-programok-gyoparosfurdon.jpg) top left no-repeat;\"><span class=\"title\">for a weekend<\/span><\/a><a href=\"\/en\/programs\/in-winter\" title=\"in winter\" class=\"topten_link\" style=\"background: url(\/wp-content\/uploads\/2012\/05\/telen-top-programok-gyoparosfurdon.jpg) top left no-repeat;\"><span class=\"title\">in winter<\/span><\/a><a href=\"\/en\/programs\/for-youngsters\" title=\"for youngsters\" class=\"topten_link\" style=\"background: url(\/wp-content\/uploads\/2012\/05\/fiataloknak-top-programok-gyoparosfurdon.jpg) top left no-repeat;\"><span class=\"title\">for youngsters<\/span><\/a><a href=\"\/en\/programs\/for-couples\" title=\"for couples\" class=\"topten_link\" style=\"background: url(\/wp-content\/uploads\/2012\/05\/paroknak-top-programok-gyoparosfurdon.jpg) top left no-repeat;\"><span class=\"title\">for couples<\/span><\/a><a href=\"\/en\/programs\/by-car\" title=\"by car\" class=\"topten_link\" style=\"background: url(\/wp-content\/uploads\/2012\/05\/autoval-top-programok-gyoparosfurdon.jpg) top left no-repeat;\"><span class=\"title\">by car<\/span><\/a><a href=\"\/en\/programs\/for-culture-fans\" title=\"for culture fans\" class=\"topten_link\" style=\"background: url(\/wp-content\/uploads\/2012\/05\/kulturabaratoknak-top-programok-gyoparosfurdon.jpg) top left no-repeat;\"><span class=\"title\">for culture fans<\/span><\/a><\/li><li class=\"topten_item\" data-id=\"tsi_2\"><a href=\"\/en\/programs\/1-week\" title=\"for 1 week\" class=\"topten_link\" style=\"background: url(\/wp-content\/uploads\/2012\/05\/1-hetre-top-programok-gyoparosfurdon.jpg) top left no-repeat;\"><span class=\"title\">for 1 week<\/span><\/a><a href=\"\/en\/programs\/for-anglers\" title=\"for anglers\" class=\"topten_link\" style=\"background: url(\/wp-content\/uploads\/2012\/05\/horgaszoknak-top-programok-gyoparosfurdon.jpg) top left no-repeat;\"><span class=\"title\">for anglers<\/span><\/a><a href=\"\/en\/programs\/for-photographers\" title=\"for photographers\" class=\"topten_link\" style=\"background: url(\/wp-content\/uploads\/2012\/05\/fotosoknak-top-programok-gyoparosfurdon.jpg) top left no-repeat;\"><span class=\"title\">for photographers<\/span><\/a><a href=\"\/en\/programs\/for-sports-fans\" title=\"for sports fans\" class=\"topten_link\" style=\"background: url(\/wp-content\/uploads\/2012\/05\/sportbaratoknak-top-programok-gyoparosfurdon.jpg) top left no-repeat;\"><span class=\"title\">for sports fans<\/span><\/a><a href=\"\/en\/programs\/for-families\" title=\"for families\" class=\"topten_link\" style=\"background: url(\/wp-content\/uploads\/2012\/05\/csaladosoknak-top-programok-gyoparosfurdon.jpg) top left no-repeat;\"><span class=\"title\">for families<\/span><\/a><a href=\"\/en\/programs\/in-summer\" title=\"in summer\" class=\"topten_link\" style=\"background: url(\/wp-content\/uploads\/2012\/05\/nyaron-top-programok-gyoparosfurdon.jpg) top left no-repeat;\"><span class=\"title\">in summer<\/span><\/a><\/li><li class=\"topten_item\" data-id=\"tsi_3\"><a href=\"\/en\/programs\/1-day\" title=\"for 1 day\" class=\"topten_link\" style=\"background: url(\/wp-content\/uploads\/2012\/05\/1-napra-top-programok-gyoparosfurdon.jpg) top left no-repeat;\"><span class=\"title\">for 1 day<\/span><\/a><a href=\"\/en\/programs\/for-cyclers\" title=\"for cyclers\" class=\"topten_link\" style=\"background: url(\/wp-content\/uploads\/2012\/05\/kerekparosoknak-top-programok-gyoparosfurdon.jpg) top left no-repeat;\"><span class=\"title\">for cyclers<\/span><\/a><\/ul><div class=\"lapozobox\"><span id=\"lprev\"><\/span><span id=\"lnext\"><\/span><span id=\"ts_1\" class=\"active\"><\/span><span id=\"ts_2\" ><\/span><span id=\"ts_3\" ><\/span><\/div><\/div>\n","protected":false},"excerpt":{"rendered":"<p>Orosh\u00e1za-Gyop\u00e1rosf\u00fcrd\u0151 5904 Gyop\u00e1rosf\u00fcrd\u0151, Fasor street 3. Phone number: +36-68\/512-260 E-mail: Opening hours Available here Gyop\u00e1rosf\u00fcrd\u0151, known in Hungary as Pearl of the Lowland, is a park, adventure bath and therapy centre, sports centre, unique natural value offering water related programmes &hellip; <a href=\"https:\/\/gyoparosfurdo-oroshaza.hu\/en\/gyoparosfurdo\">Folytat\u00e1s <span class=\"meta-nav\">&rarr;<\/span><\/a><\/p>\n","protected":false},"author":6,"featured_media":0,"parent":0,"menu_order":1,"comment_status":"closed","ping_status":"closed","template":"","meta":[],"_links":{"self":[{"href":"https:\/\/gyoparosfurdo-oroshaza.hu\/en\/wp-json\/wp\/v2\/pages\/25870"}],"collection":[{"href":"https:\/\/gyoparosfurdo-oroshaza.hu\/en\/wp-json\/wp\/v2\/pages"}],"about":[{"href":"https:\/\/gyoparosfurdo-oroshaza.hu\/en\/wp-json\/wp\/v2\/types\/page"}],"author":[{"embeddable":true,"href":"https:\/\/gyoparosfurdo-oroshaza.hu\/en\/wp-json\/wp\/v2\/users\/6"}],"replies":[{"embeddable":true,"href":"https:\/\/gyoparosfurdo-oroshaza.hu\/en\/wp-json\/wp\/v2\/comments?post=25870"}],"version-history":[{"count":12,"href":"https:\/\/gyoparosfurdo-oroshaza.hu\/en\/wp-json\/wp\/v2\/pages\/25870\/revisions"}],"predecessor-version":[{"id":39844,"href":"https:\/\/gyoparosfurdo-oroshaza.hu\/en\/wp-json\/wp\/v2\/pages\/25870\/revisions\/39844"}],"wp:attachment":[{"href":"https:\/\/gyoparosfurdo-oroshaza.hu\/en\/wp-json\/wp\/v2\/media?parent=25870"}],"curies":[{"name":"wp","href":"https:\/\/api.w.org\/{rel}","templated":true}]}}