{"id":26509,"date":"2021-12-13T10:38:18","date_gmt":"2021-12-13T09:38:18","guid":{"rendered":"https:\/\/gyoparosfurdo-oroshaza.hu\/feiertagsoeffnungszeiten-2021"},"modified":"2021-12-13T10:38:18","modified_gmt":"2021-12-13T09:38:18","slug":"feiertagsoeffnungszeiten-2021","status":"publish","type":"page","link":"https:\/\/gyoparosfurdo-oroshaza.hu\/de\/saisonale-angebote\/feiertagsoeffnungszeiten-2021","title":{"rendered":"Feiertags\u00f6ffnungszeiten 2021"},"content":{"rendered":"<h2>Unser Bad ist an Weihnachten und Silvester 2021 zu folgenden \u00d6ffnungszeiten ge\u00f6ffnet.<\/h2>\n<table>\n<tr>\n<td style=\"background-color: #d0d1d3\" rowspan=\"4\"><span style=\"color: #ff6600; font-size: 13pt; font-weight: bold\">24. Dezember<\/span><br \/>Freitag<\/td>\n<td style=\"font-style: italic; background-color: #d0d1d3\">Erlebnisbad + Heilbad<\/td>\n<td style=\"font-style: italic; font-weight: bold; background-color: #d0d1d3\">GESCHLOSSEN<\/td>\n<\/tr>\n<tr>\n<td style=\"font-style: italic; background-color: #d0d1d3\">Saunapark<\/td>\n<td style=\"font-style: italic; font-weight: bold; background-color: #d0d1d3\">GESCHLOSSEN<\/td>\n<\/tr>\n<tr>\n<td style=\"font-style: italic; background-color: #d0d1d3\">Heilbehandlungen<\/td>\n<td style=\"font-style: italic; font-weight: bold; background-color: #d0d1d3\">GESCHLOSSEN<\/td>\n<\/tr>\n<tr>\n<td style=\"color: #000000;font-style: italic; background-color: #d0d1d3\">Wellness Massage<\/td>\n<td style=\"color: #000000;font-style: italic; font-weight: bold; background-color: #d0d1d3\">GESCHLOSSEN<\/td>\n<\/tr>\n<tr>\n<td rowspan=\"3\"><span style=\"font-size: 13pt; font-weight: bold; color: #ff6600\">25. Dezember<\/span><br \/>Samstag<\/td>\n<td style=\"font-style: italic;\">Erlebnisbad + Heilbad  \u2013 <a href=\"\/de\/programok\/ejszakai-furdozes\" title=\"Nachtbaden\">Nachtbaden<\/a><\/td>\n<td style=\"font-style: italic;\">10:00-24:00<\/td>\n<\/tr>\n<tr>\n<td style=\"font-style: italic;\">Saunapark \u2013 <a href=\"\/de\/programok\/ejszakai-furdozes\" title=\"Nachtbaden\">Nachtbaden<\/a><\/td>\n<td style=\"font-style: italic;\">10:00-24:00<\/td>\n<\/tr>\n<tr>\n<td style=\"color: #000000;font-style: italic;\">Wellness Massage<\/td>\n<td style=\"font-style: italic;\">10:20-22:00<\/td>\n<\/tr>\n<tr>\n<td rowspan=\"3\"><span style=\"color: #ff6600;font-size: 13pt; font-weight: bold\">26. Dezember<\/span><br \/>Sonntag<\/td>\n<td style=\"font-style: italic;\">Erlebnisbad + Heilbad<\/td>\n<td style=\"font-style: italic;\">10:00-20:00<\/td>\n<\/tr>\n<tr>\n<td style=\"font-style: italic;\">Saunapark<\/td>\n<td style=\"font-style: italic;\">10:00-20:00<\/td>\n<\/tr>\n<tr>\n<td style=\"color: #000000;font-style: italic;\">Wellness Massage<\/span><\/td>\n<td style=\"color: #000000;font-style: italic;\">10:20-19:00<\/td>\n<\/tr>\n<tr>\n<td rowspan=\"4\"><span style=\"font-size: 13pt; font-weight: bold\">27. Dezember<\/span><br \/>Montag<\/td>\n<td style=\"font-style: italic;\">Erlebnisbad + Heilbad<\/td>\n<td style=\"font-style: italic;\">08:00-20:00<\/td>\n<\/tr>\n<tr>\n<td style=\"font-style: italic;\">Saunapark<\/td>\n<td style=\"font-style: italic;\">10:00-20:00<\/td>\n<\/tr>\n<tr>\n<td style=\"font-style: italic;\">Heilbehandlungen (Alle)<\/td>\n<td style=\"font-style: italic;\">07:00-18:00<\/td>\n<\/tr>\n<tr>\n<td style=\"color: #000000;font-style: italic;\">Wellness Massage<\/td>\n<td style=\"color: #000000;font-style: italic;\">8:00-18:00<\/td>\n<\/tr>\n<tr>\n<td rowspan=\"4\"><span style=\"font-size: 13pt; font-weight: bold\">28. Dezember<\/span><br \/>Dienstag<\/td>\n<td style=\"font-style: italic;\">Erlebnisbad + Heilbad<\/td>\n<td style=\"font-style: italic; \">08:00-20:00<\/td>\n<\/tr>\n<tr>\n<td style=\"font-style: italic;\">Saunapark<\/td>\n<td style=\"font-style: italic; \">10:00-20:00<\/td>\n<\/tr>\n<tr>\n<td style=\"font-style: italic;\">Heilbehandlungen (01-09)<\/td>\n<td style=\"font-style: italic;\">07:00-18:00<\/td>\n<\/tr>\n<tr>\n<td style=\"color: #000000;font-style: italic;\">Wellness Massage<\/td>\n<td style=\"color: #000000;font-style: italic;\">08:00-18:00<\/td>\n<\/tr>\n<tr>\n<td rowspan=\"4\"><span style=\"font-size: 13pt; font-weight: bold\">29. Dezember<\/span><br \/>Mittwoch<\/td>\n<td style=\"font-style: italic;\">Erlebnisbad + Heilbad<\/td>\n<td style=\"font-style: italic;\">08:00-20:00<\/td>\n<\/tr>\n<tr>\n<td style=\"font-style: italic;\">Saunapark<\/td>\n<td style=\"font-style: italic;\">10:00-20:00<\/td>\n<\/tr>\n<tr>\n<td style=\"font-style: italic;\">Heilbehandlungen (01-09)<\/td>\n<td style=\"font-style: italic;\">07:00-18:00<\/td>\n<\/tr>\n<tr>\n<td style=\"color: #000000;font-style: italic;\">Wellness Massage<\/td>\n<td style=\"color: #000000;font-style: italic;\">08:00-18:00<\/td>\n<\/tr>\n<td rowspan=\"4\"><span style=\"font-size: 13pt; font-weight: bold\">30. Dezember<\/span><br \/>Donnerstag<\/td>\n<td style=\"font-style: italic;\">Erlebnisbad + Heilbad<\/td>\n<td style=\"font-style: italic;\">08:00-20:00<\/td>\n<\/tr>\n<tr>\n<td style=\"font-style: italic;\">Saunapark<\/td>\n<td style=\"font-style: italic;\">10:00-20:00<\/td>\n<\/tr>\n<tr>\n<td style=\"font-style: italic;\">Heilbehandlungen (01-09)<\/td>\n<td style=\"font-style: italic;\">07:00-18:00<\/td>\n<\/tr>\n<tr>\n<td style=\"color: #000000;font-style: italic;\">Wellness Massage<\/td>\n<td style=\"color: #000000;font-style: italic;\">08:00-18:00<\/td>\n<\/tr>\n<tr>\n<td rowspan=\"4\" style=\"background-color: #d0d1d3\"><span style=\"font-size: 13pt; font-weight: bold\">31. Dezember<\/span><br \/>Freitag<\/td>\n<td style=\"font-style: italic; background-color: #d0d1d3\">Erlebnisbad + Heilbad<\/td>\n<td style=\"font-style: italic; background-color: #d0d1d3; font-weight: bold\">08:00-18:00<\/td>\n<\/tr>\n<tr>\n<td style=\"font-style: italic; background-color: #d0d1d3\">Saunapark<\/td>\n<td style=\"font-style: italic; background-color: #d0d1d3; font-weight: bold\">10:00-18:00<\/td>\n<\/tr>\n<tr>\n<td style=\"color: #000000; background-color: #d0d1d3\">Heilbehandlungen (01-09)<\/td>\n<td style=\"color: #000000;font-style: italic; background-color: #d0d1d3; font-weight: bold\">07:00-16:00<\/td>\n<\/tr>\n<tr>\n<td style=\"color: #000000; background-color: #d0d1d3\">Wellness Massage<\/td>\n<td style=\"font-style: italic; background-color: #d0d1d3; font-weight: bold\">08:00-16:00<\/td>\n<\/tr>\n<tr>\n<td rowspan=\"3\"><span style=\"color: #ff6600; font-size: 13pt; font-weight: bold\">1. Januar<\/span><br \/>Samstag<\/td>\n<td style=\"color: #000000\">Erlebnisbad + Heilbad  \u2013 <a href=\"\/de\/programok\/ejszakai-furdozes\" title=\"Nachtbaden\">Nachtbaden<\/a><\/td>\n<td style=\"font-style: italic; \">10:00-24:00<\/td>\n<\/tr>\n<tr>\n<td>Saunapark \u2013 <a href=\"\/de\/programok\/ejszakai-furdozes\" title=\"Nachtbaden\">Nachtbaden<\/a><\/td>\n<td style=\"font-style: italic;\">10:00-24:00<\/td>\n<\/tr>\n<tr>\n<td style=\"color: #000000;\">Wellness Massage<\/td>\n<td style=\"font-style: italic; \">10:20-22:00<\/td>\n<\/tr>\n<tr>\n<TD COLSPAN=3 STYLE=\"font-size: 13pt; font-weight: bold;\"><br \/>\nAb 2. Januar 2022 sind wir <a href=\"https:\/\/gyoparosfurdo-oroshaza.hu\/de\/gyoparosfurdo\/oeffnungszeiten\" title=\"Normal opening hours\">zu den normalen \u00d6ffnungszeiten ge\u00f6ffnet<\/a>!<\/td>\n<\/tr>\n<p><\/TABLE><\/p>\n<p><i>Unseren Pools schlie\u00dfen 30 Minuten vor der angegebenen Schlie\u00dfzeit des Bades!<\/i><\/p>\n<h3>Weitere Links<\/h3>\n<ul style=\"padding-bottom: 20px;\">\n<li><a href=\"https:\/\/gyoparosfurdo-oroshaza.hu\/de\/gyoparosfurdo\/oeffnungszeiten\">Gyop\u00e1rosf\u00fcrd\u0151 \u00d6ffnungszeiten<\/a><\/li>\n<li><a href=\"https:\/\/gyoparosfurdo-oroshaza.hu\/de\/gyoparosfurdo\/erlebnisbad\">Erlebnisbad<\/a><\/li>\n<li><a href=\"https:\/\/gyoparosfurdo-oroshaza.hu\/de\/gyoparosfurdo\/heilbad\">Heilbad<\/a><\/li>\n<li><a href=\"https:\/\/gyoparosfurdo-oroshaza.hu\/de\/gyoparosfurdo\/saunapark\">Saunapark<\/a><\/li>\n<li><a href=\"\/de\/programok\/ejszakai-furdozes\">Nachtbad<\/a><\/li>\n<\/ul>\n","protected":false},"excerpt":{"rendered":"<p>Unser Bad ist an Weihnachten und Silvester 2021 zu folgenden \u00d6ffnungszeiten ge\u00f6ffnet. 24. DezemberFreitag Erlebnisbad + Heilbad GESCHLOSSEN Saunapark GESCHLOSSEN Heilbehandlungen GESCHLOSSEN Wellness Massage GESCHLOSSEN 25. DezemberSamstag Erlebnisbad + Heilbad \u2013 Nachtbaden 10:00-24:00 Saunapark \u2013 Nachtbaden 10:00-24:00 Wellness Massage 10:20-22:00 &hellip; <a href=\"https:\/\/gyoparosfurdo-oroshaza.hu\/de\/saisonale-angebote\/feiertagsoeffnungszeiten-2021\">Folytat\u00e1s <span class=\"meta-nav\">&rarr;<\/span><\/a><\/p>\n","protected":false},"author":6,"featured_media":0,"parent":26370,"menu_order":0,"comment_status":"closed","ping_status":"closed","template":"","meta":[],"_links":{"self":[{"href":"https:\/\/gyoparosfurdo-oroshaza.hu\/de\/wp-json\/wp\/v2\/pages\/26509"}],"collection":[{"href":"https:\/\/gyoparosfurdo-oroshaza.hu\/de\/wp-json\/wp\/v2\/pages"}],"about":[{"href":"https:\/\/gyoparosfurdo-oroshaza.hu\/de\/wp-json\/wp\/v2\/types\/page"}],"author":[{"embeddable":true,"href":"https:\/\/gyoparosfurdo-oroshaza.hu\/de\/wp-json\/wp\/v2\/users\/6"}],"replies":[{"embeddable":true,"href":"https:\/\/gyoparosfurdo-oroshaza.hu\/de\/wp-json\/wp\/v2\/comments?post=26509"}],"version-history":[{"count":0,"href":"https:\/\/gyoparosfurdo-oroshaza.hu\/de\/wp-json\/wp\/v2\/pages\/26509\/revisions"}],"up":[{"embeddable":true,"href":"https:\/\/gyoparosfurdo-oroshaza.hu\/de\/wp-json\/wp\/v2\/pages\/26370"}],"wp:attachment":[{"href":"https:\/\/gyoparosfurdo-oroshaza.hu\/de\/wp-json\/wp\/v2\/media?parent=26509"}],"curies":[{"name":"wp","href":"https:\/\/api.w.org\/{rel}","templated":true}]}}