{"id":26491,"date":"2019-03-18T11:06:50","date_gmt":"2019-03-18T10:06:50","guid":{"rendered":"https:\/\/gyoparosfurdo-oroshaza.hu\/parken"},"modified":"2022-05-24T14:48:57","modified_gmt":"2022-05-24T12:48:57","slug":"parken","status":"publish","type":"page","link":"https:\/\/gyoparosfurdo-oroshaza.hu\/de\/gyoparosfurdo\/parken","title":{"rendered":"Parken"},"content":{"rendered":"<p>In Orosh\u00e1za m\u00fcssen Sie nur in unmittelbarer N\u00e4he des Bades f\u00fcr das Parken bezahlen. Dar\u00fcber hinaus ist das Parken in der gesamten Siedlung, einschlie\u00dflich des Zentrums von Orosh\u00e1za, kostenlos.<\/p>\n<p>In unmittelbarer N\u00e4he des Haupteingangs des Bades gibt es nur wenige Parkpl\u00e4tze. Wer also Komfort bevorzugt, muss im 2022 zwischen 08:00-19:00 eine Parkgeb\u00fchr von 150 HUF pro Stunde zahlen, maximal jedoch 600 HUF pro Tag. Die Parkgeb\u00fchr kann auch per Handy bezahlt werden. <b>Zonencode f\u00fcr mobile Zahlungen: 5904<\/b><\/p>\n<p>Diejenige, die kein Problem damit haben, 260 Meter zu Fu\u00df zu gehen, k\u00f6nnen ihr Auto <b>kostenlos<\/b> auf dem gro\u00dfen, \u00f6ffentlichen Parkplatz hinter den Bahngleisen parken.<\/p>\n<p><img loading=\"lazy\" src=\"https:\/\/gyoparosfurdo-oroshaza.hu\/wp-content\/uploads\/2019\/03\/parkolo-570.jpg\" alt=\"kostenloser, gro\u00dfer Parkplatz in Orosh\u00e1za-Gyop\u00e1rosf\u00fcrd\u0151\" width=\"570\" height=\"216\" class=\"aligncenter size-full wp-image-22471\" srcset=\"https:\/\/gyoparosfurdo-oroshaza.hu\/wp-content\/uploads\/2019\/03\/parkolo-570.jpg 570w, https:\/\/gyoparosfurdo-oroshaza.hu\/wp-content\/uploads\/2019\/03\/parkolo-570-300x114.jpg 300w, https:\/\/gyoparosfurdo-oroshaza.hu\/wp-content\/uploads\/2019\/03\/parkolo-570-500x189.jpg 500w\" sizes=\"(max-width: 570px) 100vw, 570px\" \/><\/p>\n<h3>Kostenloser, gro\u00dfer Parkplatz auf der Karte<\/h3>\n\n<h3>Bilder: kostenloser, gro\u00dfer Parkplatz<\/h3>\n\n<div class=\"ngg-galleryoverview\" id=\"ngg-gallery-121-26491\">\n\n\n\t\n\t<!-- Thumbnails -->\n\t\t\n\t<div id=\"ngg-image-1615\" class=\"ngg-gallery-thumbnail-box\"  >\n\t\t<div class=\"ngg-gallery-thumbnail\" >\n\t\t\t<a href=\"https:\/\/gyoparosfurdo-oroshaza.hu\/wp-content\/gallery\/ingyenes_parkolo\/ingyenes-parkolo-1.jpg\" title=\" \" class=\"thickbox\" rel=\"set_121\" >\n\t\t\t\t\t\t\t\t<img title=\"ingyenes-parkolo-1\" alt=\"ingyenes-parkolo-1\" src=\"https:\/\/gyoparosfurdo-oroshaza.hu\/wp-content\/gallery\/ingyenes_parkolo\/thumbs\/thumbs_ingyenes-parkolo-1.jpg\" width=\"120\" height=\"95\" \/>\n\t\t\t\t\t\t\t<\/a>\n\t\t<\/div>\n\t<\/div>\n\t\n\t\t\n \t\t\n\t<div id=\"ngg-image-1616\" class=\"ngg-gallery-thumbnail-box\"  >\n\t\t<div class=\"ngg-gallery-thumbnail\" >\n\t\t\t<a href=\"https:\/\/gyoparosfurdo-oroshaza.hu\/wp-content\/gallery\/ingyenes_parkolo\/ingyenes-parkolo-2.jpg\" title=\" \" class=\"thickbox\" rel=\"set_121\" >\n\t\t\t\t\t\t\t\t<img title=\"ingyenes-parkolo-2\" alt=\"ingyenes-parkolo-2\" src=\"https:\/\/gyoparosfurdo-oroshaza.hu\/wp-content\/gallery\/ingyenes_parkolo\/thumbs\/thumbs_ingyenes-parkolo-2.jpg\" width=\"120\" height=\"95\" \/>\n\t\t\t\t\t\t\t<\/a>\n\t\t<\/div>\n\t<\/div>\n\t\n\t\t\n \t\t\n\t<div id=\"ngg-image-1617\" class=\"ngg-gallery-thumbnail-box\"  >\n\t\t<div class=\"ngg-gallery-thumbnail\" >\n\t\t\t<a href=\"https:\/\/gyoparosfurdo-oroshaza.hu\/wp-content\/gallery\/ingyenes_parkolo\/ingyenes-parkolo-3.jpg\" title=\" \" class=\"thickbox\" rel=\"set_121\" >\n\t\t\t\t\t\t\t\t<img title=\"ingyenes-parkolo-3\" alt=\"ingyenes-parkolo-3\" src=\"https:\/\/gyoparosfurdo-oroshaza.hu\/wp-content\/gallery\/ingyenes_parkolo\/thumbs\/thumbs_ingyenes-parkolo-3.jpg\" width=\"120\" height=\"95\" \/>\n\t\t\t\t\t\t\t<\/a>\n\t\t<\/div>\n\t<\/div>\n\t\n\t\t\n \t\t\n\t<div id=\"ngg-image-1618\" class=\"ngg-gallery-thumbnail-box\"  >\n\t\t<div class=\"ngg-gallery-thumbnail\" >\n\t\t\t<a href=\"https:\/\/gyoparosfurdo-oroshaza.hu\/wp-content\/gallery\/ingyenes_parkolo\/ingyenes-parkolo-4.jpg\" title=\" \" class=\"thickbox\" rel=\"set_121\" >\n\t\t\t\t\t\t\t\t<img title=\"ingyenes-parkolo-4\" alt=\"ingyenes-parkolo-4\" src=\"https:\/\/gyoparosfurdo-oroshaza.hu\/wp-content\/gallery\/ingyenes_parkolo\/thumbs\/thumbs_ingyenes-parkolo-4.jpg\" width=\"120\" height=\"95\" \/>\n\t\t\t\t\t\t\t<\/a>\n\t\t<\/div>\n\t<\/div>\n\t\n\t\t\n \t \t\n\t<!-- Pagination -->\n \t<div class='ngg-clear'><\/div>\n \t\n<\/div>\n\n\n<h3>Lage der kostenpflichtigen Parkzonen<\/h3>\n<p><img loading=\"lazy\" src=\"https:\/\/gyoparosfurdo-oroshaza.hu\/wp-content\/uploads\/2019\/03\/fizetos-zonak-oroshazan.jpg\" alt=\"Lage der kostenpflichtigen Parkzonen in Orosh\u00e1za\" width=\"570\" height=\"305\" class=\"aligncenter size-full wp-image-23076\" srcset=\"https:\/\/gyoparosfurdo-oroshaza.hu\/wp-content\/uploads\/2019\/03\/fizetos-zonak-oroshazan.jpg 570w, https:\/\/gyoparosfurdo-oroshaza.hu\/wp-content\/uploads\/2019\/03\/fizetos-zonak-oroshazan-300x161.jpg 300w, https:\/\/gyoparosfurdo-oroshaza.hu\/wp-content\/uploads\/2019\/03\/fizetos-zonak-oroshazan-500x268.jpg 500w\" sizes=\"(max-width: 570px) 100vw, 570px\" \/><\/p>\n<h3>Bilder: kostenpflichtige Parkpl\u00e4tze<\/h3>\n\n<div class=\"ngg-galleryoverview\" id=\"ngg-gallery-120-26491\">\n\n\n\t\n\t<!-- Thumbnails -->\n\t\t\n\t<div id=\"ngg-image-1611\" class=\"ngg-gallery-thumbnail-box\"  >\n\t\t<div class=\"ngg-gallery-thumbnail\" >\n\t\t\t<a href=\"https:\/\/gyoparosfurdo-oroshaza.hu\/wp-content\/gallery\/fizeto_parkolo\/fizeto-parkolo-1.jpg\" title=\" \" class=\"thickbox\" rel=\"set_120\" >\n\t\t\t\t\t\t\t\t<img title=\"fizeto-parkolo-1\" alt=\"fizeto-parkolo-1\" src=\"https:\/\/gyoparosfurdo-oroshaza.hu\/wp-content\/gallery\/fizeto_parkolo\/thumbs\/thumbs_fizeto-parkolo-1.jpg\" width=\"120\" height=\"95\" \/>\n\t\t\t\t\t\t\t<\/a>\n\t\t<\/div>\n\t<\/div>\n\t\n\t\t\n \t\t\n\t<div id=\"ngg-image-1612\" class=\"ngg-gallery-thumbnail-box\"  >\n\t\t<div class=\"ngg-gallery-thumbnail\" >\n\t\t\t<a href=\"https:\/\/gyoparosfurdo-oroshaza.hu\/wp-content\/gallery\/fizeto_parkolo\/fizeto-parkolo-2.jpg\" title=\" \" class=\"thickbox\" rel=\"set_120\" >\n\t\t\t\t\t\t\t\t<img title=\"fizeto-parkolo-2\" alt=\"fizeto-parkolo-2\" src=\"https:\/\/gyoparosfurdo-oroshaza.hu\/wp-content\/gallery\/fizeto_parkolo\/thumbs\/thumbs_fizeto-parkolo-2.jpg\" width=\"120\" height=\"95\" \/>\n\t\t\t\t\t\t\t<\/a>\n\t\t<\/div>\n\t<\/div>\n\t\n\t\t\n \t\t\n\t<div id=\"ngg-image-1613\" class=\"ngg-gallery-thumbnail-box\"  >\n\t\t<div class=\"ngg-gallery-thumbnail\" >\n\t\t\t<a href=\"https:\/\/gyoparosfurdo-oroshaza.hu\/wp-content\/gallery\/fizeto_parkolo\/fizeto-parkolo-3.jpg\" title=\" \" class=\"thickbox\" rel=\"set_120\" >\n\t\t\t\t\t\t\t\t<img title=\"fizeto-parkolo-3\" alt=\"fizeto-parkolo-3\" src=\"https:\/\/gyoparosfurdo-oroshaza.hu\/wp-content\/gallery\/fizeto_parkolo\/thumbs\/thumbs_fizeto-parkolo-3.jpg\" width=\"120\" height=\"95\" \/>\n\t\t\t\t\t\t\t<\/a>\n\t\t<\/div>\n\t<\/div>\n\t\n\t\t\n \t\t\n\t<div id=\"ngg-image-1614\" class=\"ngg-gallery-thumbnail-box\"  >\n\t\t<div class=\"ngg-gallery-thumbnail\" >\n\t\t\t<a href=\"https:\/\/gyoparosfurdo-oroshaza.hu\/wp-content\/gallery\/fizeto_parkolo\/fizeto-parkolo-4.jpg\" title=\" \" class=\"thickbox\" rel=\"set_120\" >\n\t\t\t\t\t\t\t\t<img title=\"fizeto-parkolo-4\" alt=\"fizeto-parkolo-4\" src=\"https:\/\/gyoparosfurdo-oroshaza.hu\/wp-content\/gallery\/fizeto_parkolo\/thumbs\/thumbs_fizeto-parkolo-4.jpg\" width=\"120\" height=\"95\" \/>\n\t\t\t\t\t\t\t<\/a>\n\t\t<\/div>\n\t<\/div>\n\t\n\t\t\n \t \t\n\t<!-- Pagination -->\n \t<div class='ngg-clear'><\/div>\n \t\n<\/div>\n\n\n<div class=\"kapcsolodo_tartalom\"><h3>Verwandte Inhalte<\/h3><ul class=\"custom_menu\"><li class=\"page_item page-item-25883\"><a title=\"Erlebnisbad\" href=\"https:\/\/gyoparosfurdo-oroshaza.hu\/de\/gyoparosfurdo\/erlebnisbad\">Erlebnisbad<\/a><\/li><li class=\"page_item page-item-25879\"><a title=\"Geschichte\" href=\"https:\/\/gyoparosfurdo-oroshaza.hu\/de\/gyoparosfurdo\/geschichte\">Geschichte<\/a><\/li><li class=\"page_item page-item-26348\"><a title=\"Gyop\u00e1rosf\u00fcrd\u0151 Panoramarundgang\" href=\"https:\/\/gyoparosfurdo-oroshaza.hu\/de\/gyoparosfurdo\/gyoparosfurdo-panoramarundgang\">Gyop\u00e1rosf\u00fcrd\u0151 Panoramarundgang<\/a><\/li><li class=\"page_item page-item-25900\"><a title=\"Heilbad\" href=\"https:\/\/gyoparosfurdo-oroshaza.hu\/de\/gyoparosfurdo\/heilbad\">Heilbad<\/a><\/li><\/ul><ul class=\"custom_menu\"><li class=\"page_item page-item-25995\"><a title=\"\u00d6ffnungszeiten\" href=\"https:\/\/gyoparosfurdo-oroshaza.hu\/de\/gyoparosfurdo\/oeffnungszeiten\">\u00d6ffnungszeiten<\/a><\/li><li class=\"page_item page-item-25889\"><a title=\"Parkbad, Strand\" href=\"https:\/\/gyoparosfurdo-oroshaza.hu\/de\/gyoparosfurdo\/parkbad-strand\">Parkbad, Strand<\/a><\/li><li class=\"page_item page-item-26172\"><a title=\"Saunapark\" href=\"https:\/\/gyoparosfurdo-oroshaza.hu\/de\/gyoparosfurdo\/saunapark\">Saunapark<\/a><\/li><li class=\"page_item page-item-26271\"><a title=\"Saunaseansen\" href=\"https:\/\/gyoparosfurdo-oroshaza.hu\/de\/gyoparosfurdo\/saunaseansen\">Saunaseansen<\/a><\/li><\/ul><ul class=\"custom_menu\"><li class=\"page_item page-item-26278\"><a title=\"Spielhaus\" href=\"https:\/\/gyoparosfurdo-oroshaza.hu\/de\/gyoparosfurdo\/spielhaus\">Spielhaus<\/a><\/li><li class=\"page_item page-item-25972\"><a title=\"Unsere Preise\" href=\"https:\/\/gyoparosfurdo-oroshaza.hu\/de\/gyoparosfurdo\/unsere-preise\">Unsere Preise<\/a><\/li><li class=\"page_item page-item-26327\"><a title=\"Videos\" href=\"https:\/\/gyoparosfurdo-oroshaza.hu\/de\/gyoparosfurdo\/videos\">Videos<\/a><\/li><li class=\"page_item page-item-26150\"><a title=\"Wellness\" href=\"https:\/\/gyoparosfurdo-oroshaza.hu\/de\/gyoparosfurdo\/wellness\">Wellness<\/a><\/li><\/ul><br class=\"clear\" \/><\/div>\n<div class=\"topten_slider_title\"><span class=\"h3\">Top Programme<\/span><a href=\"https:\/\/gyoparosfurdo-oroshaza.hu\/de\/programme\" title=\"Alle Programme anzeigen \u00bb\">Alle Programme anzeigen \u00bb<\/a><\/div><div class=\"topten_container topten_slider\" id=\"topten_slider\"><ul class=\"topten_inner\"><li class=\"topten_item\" data-id=\"tsi_1\"><a href=\"\/de\/programme\/fuer-sportfans\" title=\"F\u00fcr Sportfans\" class=\"topten_link\" style=\"background: url(\/wp-content\/uploads\/2012\/05\/sportbaratoknak-top-programok-gyoparosfurdon.jpg) top left no-repeat;\"><span class=\"title\">F\u00fcr Sportfans<\/span><\/a><a href=\"\/de\/programme\/fuer-familien\" title=\"F\u00fcr Familien\" class=\"topten_link\" style=\"background: url(\/wp-content\/uploads\/2012\/05\/csaladosoknak-top-programok-gyoparosfurdon.jpg) top left no-repeat;\"><span class=\"title\">F\u00fcr Familien<\/span><\/a><a href=\"\/de\/programme\/im-sommer\" title=\"Im Sommer\" class=\"topten_link\" style=\"background: url(\/wp-content\/uploads\/2012\/05\/nyaron-top-programok-gyoparosfurdon.jpg) top left no-repeat;\"><span class=\"title\">Im Sommer<\/span><\/a><a href=\"\/de\/programme\/1-tag\" title=\"Auf ein Tag\" class=\"topten_link\" style=\"background: url(\/wp-content\/uploads\/2012\/05\/1-napra-top-programok-gyoparosfurdon.jpg) top left no-repeat;\"><span class=\"title\">Auf ein Tag<\/span><\/a><a href=\"\/de\/programme\/fuer-fahrraeder\" title=\"F\u00fcr Fahrr\u00e4der\" class=\"topten_link\" style=\"background: url(\/wp-content\/uploads\/2012\/05\/kerekparosoknak-top-programok-gyoparosfurdon.jpg) top left no-repeat;\"><span class=\"title\">F\u00fcr Fahrr\u00e4der<\/span><\/a><a href=\"\/de\/programme\/fuer-wochenende\" title=\"Wochenende\" class=\"topten_link\" style=\"background: url(\/wp-content\/uploads\/2012\/05\/hetvegere-top-programok-gyoparosfurdon.jpg) top left no-repeat;\"><span class=\"title\">Wochenende<\/span><\/a><\/li><li class=\"topten_item\" data-id=\"tsi_2\"><a href=\"\/de\/programme\/im-winter\" title=\"Im Winter\" class=\"topten_link\" style=\"background: url(\/wp-content\/uploads\/2012\/05\/telen-top-programok-gyoparosfurdon.jpg) top left no-repeat;\"><span class=\"title\">Im Winter<\/span><\/a><a href=\"\/de\/programme\/fuer-jugend\" title=\"F\u00fcr Jugend\" class=\"topten_link\" style=\"background: url(\/wp-content\/uploads\/2012\/05\/fiataloknak-top-programok-gyoparosfurdon.jpg) top left no-repeat;\"><span class=\"title\">F\u00fcr Jugend<\/span><\/a><a href=\"\/de\/programme\/fuer-paare\" title=\"F\u00fcr Paare\" class=\"topten_link\" style=\"background: url(\/wp-content\/uploads\/2012\/05\/paroknak-top-programok-gyoparosfurdon.jpg) top left no-repeat;\"><span class=\"title\">F\u00fcr Paare<\/span><\/a><a href=\"\/de\/programme\/mit-dem-auto\" title=\"Mit dem Auto\" class=\"topten_link\" style=\"background: url(\/wp-content\/uploads\/2012\/05\/autoval-top-programok-gyoparosfurdon.jpg) top left no-repeat;\"><span class=\"title\">Mit dem Auto<\/span><\/a><a href=\"\/de\/programme\/fuer-kulturfans\" title=\"F\u00fcr Kulturfans\" class=\"topten_link\" style=\"background: url(\/wp-content\/uploads\/2012\/05\/kulturabaratoknak-top-programok-gyoparosfurdon.jpg) top left no-repeat;\"><span class=\"title\">F\u00fcr Kulturfans<\/span><\/a><a href=\"\/de\/programme\/1-woche\" title=\"Auf eine Woche\" class=\"topten_link\" style=\"background: url(\/wp-content\/uploads\/2012\/05\/1-hetre-top-programok-gyoparosfurdon.jpg) top left no-repeat;\"><span class=\"title\">Auf eine Woche<\/span><\/a><\/li><li class=\"topten_item\" data-id=\"tsi_3\"><a href=\"\/de\/programme\/fuer-angeln\" title=\"F\u00fcr Angeln\" class=\"topten_link\" style=\"background: url(\/wp-content\/uploads\/2012\/05\/horgaszoknak-top-programok-gyoparosfurdon.jpg) top left no-repeat;\"><span class=\"title\">F\u00fcr Angeln<\/span><\/a><a href=\"\/de\/programme\/fuer-photographer\" title=\"F\u00fcr Photographer\" class=\"topten_link\" style=\"background: url(\/wp-content\/uploads\/2012\/05\/fotosoknak-top-programok-gyoparosfurdon.jpg) top left no-repeat;\"><span class=\"title\">F\u00fcr Photographer<\/span><\/a><\/ul><div class=\"lapozobox\"><span id=\"lprev\"><\/span><span id=\"lnext\"><\/span><span id=\"ts_1\" class=\"active\"><\/span><span id=\"ts_2\" ><\/span><span id=\"ts_3\" ><\/span><\/div><\/div>\n","protected":false},"excerpt":{"rendered":"<p>In Orosh\u00e1za m\u00fcssen Sie nur in unmittelbarer N\u00e4he des Bades f\u00fcr das Parken bezahlen. Dar\u00fcber hinaus ist das Parken in der gesamten Siedlung, einschlie\u00dflich des Zentrums von Orosh\u00e1za, kostenlos. In unmittelbarer N\u00e4he des Haupteingangs des Bades gibt es nur wenige &hellip; <a href=\"https:\/\/gyoparosfurdo-oroshaza.hu\/de\/gyoparosfurdo\/parken\">Folytat\u00e1s <span class=\"meta-nav\">&rarr;<\/span><\/a> <a href=\"https:\/\/gyoparosfurdo-oroshaza.hu\/de\/gyoparosfurdo\/parken\">Folytat\u00e1s <span class=\"meta-nav\">&rarr;<\/span><\/a><\/p>\n","protected":false},"author":6,"featured_media":0,"parent":25866,"menu_order":0,"comment_status":"closed","ping_status":"closed","template":"","meta":[],"_links":{"self":[{"href":"https:\/\/gyoparosfurdo-oroshaza.hu\/de\/wp-json\/wp\/v2\/pages\/26491"}],"collection":[{"href":"https:\/\/gyoparosfurdo-oroshaza.hu\/de\/wp-json\/wp\/v2\/pages"}],"about":[{"href":"https:\/\/gyoparosfurdo-oroshaza.hu\/de\/wp-json\/wp\/v2\/types\/page"}],"author":[{"embeddable":true,"href":"https:\/\/gyoparosfurdo-oroshaza.hu\/de\/wp-json\/wp\/v2\/users\/6"}],"replies":[{"embeddable":true,"href":"https:\/\/gyoparosfurdo-oroshaza.hu\/de\/wp-json\/wp\/v2\/comments?post=26491"}],"version-history":[{"count":2,"href":"https:\/\/gyoparosfurdo-oroshaza.hu\/de\/wp-json\/wp\/v2\/pages\/26491\/revisions"}],"predecessor-version":[{"id":36724,"href":"https:\/\/gyoparosfurdo-oroshaza.hu\/de\/wp-json\/wp\/v2\/pages\/26491\/revisions\/36724"}],"up":[{"embeddable":true,"href":"https:\/\/gyoparosfurdo-oroshaza.hu\/de\/wp-json\/wp\/v2\/pages\/25866"}],"wp:attachment":[{"href":"https:\/\/gyoparosfurdo-oroshaza.hu\/de\/wp-json\/wp\/v2\/media?parent=26491"}],"curies":[{"name":"wp","href":"https:\/\/api.w.org\/{rel}","templated":true}]}}