{"id":26366,"date":"2017-03-20T13:19:47","date_gmt":"2017-03-20T12:19:47","guid":{"rendered":"https:\/\/gyoparosfurdo-oroshaza.hu\/touristenzug-dotto-im-jahr-2021"},"modified":"2024-09-30T09:41:35","modified_gmt":"2024-09-30T07:41:35","slug":"touristenzug-dotto-im-jahr-2021","status":"publish","type":"page","link":"https:\/\/gyoparosfurdo-oroshaza.hu\/de\/touristenzug-dotto-im-jahr-2021","title":{"rendered":"Touristenzug Dotto im Jahr 2024"},"content":{"rendered":"<h2>Der Dotto-Zug wird vom 30. September 2024 bis Fr\u00fchjahr 2025 nicht fahren.<\/h2>\n<p>Besucher k\u00f6nnen die Entfernung von 4 km vom Zentrum von Orosh\u00e1za nach Gyop\u00e1rosf\u00fcrd\u0151 neben Stadtverkehr auch mit dem Dotto-Minizug zur\u00fccklegen. <\/p>\n<p>Ein Ticket kostet pro Person 700 Ft, f\u00fcr Anwohner 400 Ft. Die Fahrzeit betr\u00e4gt 30 Minuten mit folgenden Haltestellen:<\/p>\n<p><i>Orosh\u00e1za Hauptplatz \u2013 Gyop\u00e1rosf\u00fcrd\u0151<\/i><br \/>\n<a title=\"Hauptplatz\" href=\"\/de\/programok\/hauptplatz-oroshaza\">Orosh\u00e1za Hauptplatz <\/a> (Abfahrt) \u2013 T\u00e1ncsics utca (5 Min) \u2013 \u00c1rp\u00e1d kert (10 Min) \u2013 R\u00e1k\u00f3czi \u00fat (15 Min) \u2013 <a title=\"Alf\u00f6ld Gy\u00f6ngye Hotel\" href=\"\/de\/alfold-gyongye-hotel-es-konferenciakozpont\">Alf\u00f6ld Gy\u00f6ngye Hotel<\/a> (20 min) \u2013 <a title=\"Gyop\u00e1rosf\u00fcrd\u0151\" href=\"https:\/\/gyoparosfurdo-oroshaza.hu\/de\/gyoparosfurdo\">Gyop\u00e1rosf\u00fcrd\u0151 Haupteingang<\/a> (30 Min)<\/p>\n<p><i>Gyop\u00e1rosf\u00fcrd\u0151 \u2013 Orosh\u00e1za Hauptplatz <\/i><br \/>\n<a title=\"Gyop\u00e1rosf\u00fcrd\u0151\" href=\"https:\/\/gyoparosfurdo-oroshaza.hu\/de\/gyoparosfurdo\">Gyop\u00e1rosf\u00fcrd\u0151 Haupteingang <\/a> (Abfahrt) \u2013 <a title=\"Alf\u00f6ld Gy\u00f6ngye Hotel\" href=\"\/de\/alfold-gyongye-hotel-es-konferenciakozpont\">Alf\u00f6ld Gy\u00f6ngye Hotel<\/a> (5 min) \u2013 El\u0151d utca (25 Min) \u2013 <a title=\"Hauptplatz\" href=\"\/de\/programok\/hauptplatz-oroshaza\">Orosh\u00e1za Hauptplatz <\/a> (30 Min)<\/p>\n<h3>Fahrplan g\u00fcltig f\u00fcr 2024<\/h3>\n<p><b>Abfahrt vom Hauptplatz von Orosh\u00e1za nach Gyop\u00e1rosf\u00fcrd\u0151<\/b>: 09:30, 11:30, 13:30, 15:30, 17:30, 19:30<br \/>\n<b>Abfahrt von Gyop\u00e1rosf\u00fcrd\u0151 zum Hauptplatz von Orosh\u00e1za <\/b>: 10:15, 12:15, 14:15, 16:15, 18:15, 20:15<\/p>\n<p>Das Unternehmen beh\u00e4lt sich das Recht vor, den Zeitplan zu \u00e4ndern!<\/p>\n<p>&nbsp;<\/p>\n\n<div class=\"ngg-galleryoverview\" id=\"ngg-gallery-97-26366\">\n\n\n\t\n\t<!-- Thumbnails -->\n\t\t\n\t<div id=\"ngg-image-1369\" class=\"ngg-gallery-thumbnail-box\"  >\n\t\t<div class=\"ngg-gallery-thumbnail\" >\n\t\t\t<a href=\"https:\/\/gyoparosfurdo-oroshaza.hu\/wp-content\/gallery\/dotto\/dotto-4.jpg\" title=\" \" class=\"thickbox\" rel=\"set_97\" >\n\t\t\t\t\t\t\t\t<img title=\"Dott\u00f3-vonat Orosh\u00e1za\" alt=\"Dott\u00f3-vonat Orosh\u00e1za\" src=\"https:\/\/gyoparosfurdo-oroshaza.hu\/wp-content\/gallery\/dotto\/thumbs\/thumbs_dotto-4.jpg\" width=\"120\" height=\"95\" \/>\n\t\t\t\t\t\t\t<\/a>\n\t\t<\/div>\n\t<\/div>\n\t\n\t\t\n \t\t\n\t<div id=\"ngg-image-1368\" class=\"ngg-gallery-thumbnail-box\"  >\n\t\t<div class=\"ngg-gallery-thumbnail\" >\n\t\t\t<a href=\"https:\/\/gyoparosfurdo-oroshaza.hu\/wp-content\/gallery\/dotto\/dotto-3.jpg\" title=\" \" class=\"thickbox\" rel=\"set_97\" >\n\t\t\t\t\t\t\t\t<img title=\"Dott\u00f3-vonat Orosh\u00e1za\" alt=\"Dott\u00f3-vonat Orosh\u00e1za\" src=\"https:\/\/gyoparosfurdo-oroshaza.hu\/wp-content\/gallery\/dotto\/thumbs\/thumbs_dotto-3.jpg\" width=\"120\" height=\"95\" \/>\n\t\t\t\t\t\t\t<\/a>\n\t\t<\/div>\n\t<\/div>\n\t\n\t\t\n \t\t\n\t<div id=\"ngg-image-1366\" class=\"ngg-gallery-thumbnail-box\"  >\n\t\t<div class=\"ngg-gallery-thumbnail\" >\n\t\t\t<a href=\"https:\/\/gyoparosfurdo-oroshaza.hu\/wp-content\/gallery\/dotto\/dotto-1.jpg\" title=\" \" class=\"thickbox\" rel=\"set_97\" >\n\t\t\t\t\t\t\t\t<img title=\"Dott\u00f3-vonat Orosh\u00e1za\" alt=\"Dott\u00f3-vonat Orosh\u00e1za\" src=\"https:\/\/gyoparosfurdo-oroshaza.hu\/wp-content\/gallery\/dotto\/thumbs\/thumbs_dotto-1.jpg\" width=\"120\" height=\"95\" \/>\n\t\t\t\t\t\t\t<\/a>\n\t\t<\/div>\n\t<\/div>\n\t\n\t\t\n \t\t\n\t<div id=\"ngg-image-1367\" class=\"ngg-gallery-thumbnail-box\"  >\n\t\t<div class=\"ngg-gallery-thumbnail\" >\n\t\t\t<a href=\"https:\/\/gyoparosfurdo-oroshaza.hu\/wp-content\/gallery\/dotto\/dotto-2.jpg\" title=\" \" class=\"thickbox\" rel=\"set_97\" >\n\t\t\t\t\t\t\t\t<img title=\"Dott\u00f3-vonat Orosh\u00e1za\" alt=\"Dott\u00f3-vonat Orosh\u00e1za\" src=\"https:\/\/gyoparosfurdo-oroshaza.hu\/wp-content\/gallery\/dotto\/thumbs\/thumbs_dotto-2.jpg\" width=\"120\" height=\"95\" \/>\n\t\t\t\t\t\t\t<\/a>\n\t\t<\/div>\n\t<\/div>\n\t\n\t\t\n \t \t\n\t<!-- Pagination -->\n \t<div class='ngg-clear'><\/div>\n \t\n<\/div>\n\n\n<p>&nbsp;<\/p>\n<div class=\"topten_slider_title\"><span class=\"h3\">Top Programme<\/span><a href=\"https:\/\/gyoparosfurdo-oroshaza.hu\/de\/programme\" title=\"Alle Programme anzeigen \u00bb\">Alle Programme anzeigen \u00bb<\/a><\/div><div class=\"topten_container topten_slider\" id=\"topten_slider\"><ul class=\"topten_inner\"><li class=\"topten_item\" data-id=\"tsi_1\"><a href=\"\/de\/programme\/mit-dem-auto\" title=\"Mit dem Auto\" class=\"topten_link\" style=\"background: url(\/wp-content\/uploads\/2012\/05\/autoval-top-programok-gyoparosfurdon.jpg) top left no-repeat;\"><span class=\"title\">Mit dem Auto<\/span><\/a><a href=\"\/de\/programme\/fuer-kulturfans\" title=\"F\u00fcr Kulturfans\" class=\"topten_link\" style=\"background: url(\/wp-content\/uploads\/2012\/05\/kulturabaratoknak-top-programok-gyoparosfurdon.jpg) top left no-repeat;\"><span class=\"title\">F\u00fcr Kulturfans<\/span><\/a><a href=\"\/de\/programme\/1-woche\" title=\"Auf eine Woche\" class=\"topten_link\" style=\"background: url(\/wp-content\/uploads\/2012\/05\/1-hetre-top-programok-gyoparosfurdon.jpg) top left no-repeat;\"><span class=\"title\">Auf eine Woche<\/span><\/a><a href=\"\/de\/programme\/fuer-angeln\" title=\"F\u00fcr Angeln\" class=\"topten_link\" style=\"background: url(\/wp-content\/uploads\/2012\/05\/horgaszoknak-top-programok-gyoparosfurdon.jpg) top left no-repeat;\"><span class=\"title\">F\u00fcr Angeln<\/span><\/a><a href=\"\/de\/programme\/fuer-photographer\" title=\"F\u00fcr Photographer\" class=\"topten_link\" style=\"background: url(\/wp-content\/uploads\/2012\/05\/fotosoknak-top-programok-gyoparosfurdon.jpg) top left no-repeat;\"><span class=\"title\">F\u00fcr Photographer<\/span><\/a><a href=\"\/de\/programme\/fuer-sportfans\" title=\"F\u00fcr Sportfans\" class=\"topten_link\" style=\"background: url(\/wp-content\/uploads\/2012\/05\/sportbaratoknak-top-programok-gyoparosfurdon.jpg) top left no-repeat;\"><span class=\"title\">F\u00fcr Sportfans<\/span><\/a><\/li><li class=\"topten_item\" data-id=\"tsi_2\"><a href=\"\/de\/programme\/fuer-familien\" title=\"F\u00fcr Familien\" class=\"topten_link\" style=\"background: url(\/wp-content\/uploads\/2012\/05\/csaladosoknak-top-programok-gyoparosfurdon.jpg) top left no-repeat;\"><span class=\"title\">F\u00fcr Familien<\/span><\/a><a href=\"\/de\/programme\/im-sommer\" title=\"Im Sommer\" class=\"topten_link\" style=\"background: url(\/wp-content\/uploads\/2012\/05\/nyaron-top-programok-gyoparosfurdon.jpg) top left no-repeat;\"><span class=\"title\">Im Sommer<\/span><\/a><a href=\"\/de\/programme\/1-tag\" title=\"Auf ein Tag\" class=\"topten_link\" style=\"background: url(\/wp-content\/uploads\/2012\/05\/1-napra-top-programok-gyoparosfurdon.jpg) top left no-repeat;\"><span class=\"title\">Auf ein Tag<\/span><\/a><a href=\"\/de\/programme\/fuer-fahrraeder\" title=\"F\u00fcr Fahrr\u00e4der\" class=\"topten_link\" style=\"background: url(\/wp-content\/uploads\/2012\/05\/kerekparosoknak-top-programok-gyoparosfurdon.jpg) top left no-repeat;\"><span class=\"title\">F\u00fcr Fahrr\u00e4der<\/span><\/a><a href=\"\/de\/programme\/fuer-wochenende\" title=\"Wochenende\" class=\"topten_link\" style=\"background: url(\/wp-content\/uploads\/2012\/05\/hetvegere-top-programok-gyoparosfurdon.jpg) top left no-repeat;\"><span class=\"title\">Wochenende<\/span><\/a><a href=\"\/de\/programme\/im-winter\" title=\"Im Winter\" class=\"topten_link\" style=\"background: url(\/wp-content\/uploads\/2012\/05\/telen-top-programok-gyoparosfurdon.jpg) top left no-repeat;\"><span class=\"title\">Im Winter<\/span><\/a><\/li><li class=\"topten_item\" data-id=\"tsi_3\"><a href=\"\/de\/programme\/fuer-jugend\" title=\"F\u00fcr Jugend\" class=\"topten_link\" style=\"background: url(\/wp-content\/uploads\/2012\/05\/fiataloknak-top-programok-gyoparosfurdon.jpg) top left no-repeat;\"><span class=\"title\">F\u00fcr Jugend<\/span><\/a><a href=\"\/de\/programme\/fuer-paare\" title=\"F\u00fcr Paare\" class=\"topten_link\" style=\"background: url(\/wp-content\/uploads\/2012\/05\/paroknak-top-programok-gyoparosfurdon.jpg) top left no-repeat;\"><span class=\"title\">F\u00fcr Paare<\/span><\/a><\/ul><div class=\"lapozobox\"><span id=\"lprev\"><\/span><span id=\"lnext\"><\/span><span id=\"ts_1\" class=\"active\"><\/span><span id=\"ts_2\" ><\/span><span id=\"ts_3\" ><\/span><\/div><\/div>\n","protected":false},"excerpt":{"rendered":"<p>Der Dotto-Zug wird vom 30. September 2024 bis Fr\u00fchjahr 2025 nicht fahren. Besucher k\u00f6nnen die Entfernung von 4 km vom Zentrum von Orosh\u00e1za nach Gyop\u00e1rosf\u00fcrd\u0151 neben Stadtverkehr auch mit dem Dotto-Minizug zur\u00fccklegen. Ein Ticket kostet pro Person 700 Ft, f\u00fcr &hellip; <a href=\"https:\/\/gyoparosfurdo-oroshaza.hu\/de\/touristenzug-dotto-im-jahr-2021\">Folytat\u00e1s <span class=\"meta-nav\">&rarr;<\/span><\/a><\/p>\n","protected":false},"author":6,"featured_media":0,"parent":0,"menu_order":0,"comment_status":"closed","ping_status":"closed","template":"","meta":[],"_links":{"self":[{"href":"https:\/\/gyoparosfurdo-oroshaza.hu\/de\/wp-json\/wp\/v2\/pages\/26366"}],"collection":[{"href":"https:\/\/gyoparosfurdo-oroshaza.hu\/de\/wp-json\/wp\/v2\/pages"}],"about":[{"href":"https:\/\/gyoparosfurdo-oroshaza.hu\/de\/wp-json\/wp\/v2\/types\/page"}],"author":[{"embeddable":true,"href":"https:\/\/gyoparosfurdo-oroshaza.hu\/de\/wp-json\/wp\/v2\/users\/6"}],"replies":[{"embeddable":true,"href":"https:\/\/gyoparosfurdo-oroshaza.hu\/de\/wp-json\/wp\/v2\/comments?post=26366"}],"version-history":[{"count":12,"href":"https:\/\/gyoparosfurdo-oroshaza.hu\/de\/wp-json\/wp\/v2\/pages\/26366\/revisions"}],"predecessor-version":[{"id":39188,"href":"https:\/\/gyoparosfurdo-oroshaza.hu\/de\/wp-json\/wp\/v2\/pages\/26366\/revisions\/39188"}],"wp:attachment":[{"href":"https:\/\/gyoparosfurdo-oroshaza.hu\/de\/wp-json\/wp\/v2\/media?parent=26366"}],"curies":[{"name":"wp","href":"https:\/\/api.w.org\/{rel}","templated":true}]}}