{"id":26327,"date":"2014-08-26T19:06:06","date_gmt":"2014-08-26T17:06:06","guid":{"rendered":"https:\/\/gyoparosfurdo-oroshaza.hu\/videos"},"modified":"2022-03-02T14:44:54","modified_gmt":"2022-03-02T13:44:54","slug":"videos","status":"publish","type":"page","link":"https:\/\/gyoparosfurdo-oroshaza.hu\/de\/gyoparosfurdo\/videos","title":{"rendered":"Videos"},"content":{"rendered":"<h3>Gyop\u00e1rosf\u00fcrd\u0151 Herbst Imagefilm (2018)<\/h3>\n<p><iframe loading=\"lazy\" width=\"560\" height=\"315\" src=\"https:\/\/www.youtube.com\/embed\/T-1psslUPmM\" frameborder=\"0\" allow=\"autoplay; encrypted-media\" allowfullscreen=\"\"><\/iframe><\/p>\n<h3>Gyop\u00e1rosf\u00fcrd\u0151 HD Imagefilm  (2017)<\/h3>\n<p><iframe loading=\"lazy\" width=\"560\" height=\"315\" src=\"https:\/\/www.youtube.com\/embed\/wuOiv4jxFB4\" frameborder=\"0\" allowfullscreen=\"\"><\/iframe><\/p>\n<h3>Gyop\u00e1rosf\u00fcrd\u0151 Werkfilm  (2014)<\/h3>\n<p><iframe loading=\"lazy\" width=\"560\" height=\"315\" src=\"\/\/www.youtube.com\/embed\/c4l07SnNpz4\" frameborder=\"0\" allowfullscreen=\"\"><\/iframe><\/p>\n<h3>Orosh\u00e1za und Gyop\u00e1rosf\u00fcrd\u0151 aus einem Luftballon (2014)<\/h3>\n<p><iframe loading=\"lazy\" width=\"560\" height=\"315\" src=\"\/\/www.youtube.com\/embed\/amnvsSjdKCI\" frameborder=\"0\" allowfullscreen=\"\"><\/iframe><\/p>\n<h3>Sch\u00f6nheitswettbewerb des Brotfestivals in 2014<\/h3>\n<p>Der Sch\u00f6nheitswettbewerb ist das wiederkehrende Program des j\u00e4hrlichen Brotfestivals am 20. August in <a href=\"https:\/\/gyoparosfurdo-oroshaza.hu\/de\/gyoparosfurdo\">Gyop\u00e1rosf\u00fcrd\u0151<\/a>.<\/p>\n<p><iframe loading=\"lazy\" width=\"560\" height=\"315\" src=\"\/\/www.youtube.com\/embed\/ZBon8kg5YNM\" frameborder=\"0\" allowfullscreen=\"\"><\/iframe><\/p>\n","protected":false},"excerpt":{"rendered":"<p>Gyop\u00e1rosf\u00fcrd\u0151 Herbst Imagefilm (2018) Gyop\u00e1rosf\u00fcrd\u0151 HD Imagefilm (2017) Gyop\u00e1rosf\u00fcrd\u0151 Werkfilm (2014) Orosh\u00e1za und Gyop\u00e1rosf\u00fcrd\u0151 aus einem Luftballon (2014) Sch\u00f6nheitswettbewerb des Brotfestivals in 2014 Der Sch\u00f6nheitswettbewerb ist das wiederkehrende Program des j\u00e4hrlichen Brotfestivals am 20. August in Gyop\u00e1rosf\u00fcrd\u0151.<\/p>\n","protected":false},"author":6,"featured_media":0,"parent":25866,"menu_order":0,"comment_status":"closed","ping_status":"closed","template":"","meta":[],"_links":{"self":[{"href":"https:\/\/gyoparosfurdo-oroshaza.hu\/de\/wp-json\/wp\/v2\/pages\/26327"}],"collection":[{"href":"https:\/\/gyoparosfurdo-oroshaza.hu\/de\/wp-json\/wp\/v2\/pages"}],"about":[{"href":"https:\/\/gyoparosfurdo-oroshaza.hu\/de\/wp-json\/wp\/v2\/types\/page"}],"author":[{"embeddable":true,"href":"https:\/\/gyoparosfurdo-oroshaza.hu\/de\/wp-json\/wp\/v2\/users\/6"}],"replies":[{"embeddable":true,"href":"https:\/\/gyoparosfurdo-oroshaza.hu\/de\/wp-json\/wp\/v2\/comments?post=26327"}],"version-history":[{"count":1,"href":"https:\/\/gyoparosfurdo-oroshaza.hu\/de\/wp-json\/wp\/v2\/pages\/26327\/revisions"}],"predecessor-version":[{"id":36330,"href":"https:\/\/gyoparosfurdo-oroshaza.hu\/de\/wp-json\/wp\/v2\/pages\/26327\/revisions\/36330"}],"up":[{"embeddable":true,"href":"https:\/\/gyoparosfurdo-oroshaza.hu\/de\/wp-json\/wp\/v2\/pages\/25866"}],"wp:attachment":[{"href":"https:\/\/gyoparosfurdo-oroshaza.hu\/de\/wp-json\/wp\/v2\/media?parent=26327"}],"curies":[{"name":"wp","href":"https:\/\/api.w.org\/{rel}","templated":true}]}}