{"id":26320,"date":"2014-02-14T17:27:33","date_gmt":"2014-02-14T16:27:33","guid":{"rendered":"https:\/\/gyoparosfurdo-oroshaza.hu\/zsolt-litauszki"},"modified":"2014-02-14T17:27:33","modified_gmt":"2014-02-14T16:27:33","slug":"zsolt-litauszki","status":"publish","type":"page","link":"https:\/\/gyoparosfurdo-oroshaza.hu\/de\/oroshaza\/meine-oroshaza\/zsolt-litauszki","title":{"rendered":"Zsolt Litauszki"},"content":{"rendered":"<h2>In Orosh\u00e1za hat der Starkoch sich die Fachkentnisse gegr\u00fcndet.<\/h2>\n<p><img loading=\"lazy\" src=\"\/wp-content\/uploads\/2012\/05\/litauszki_zsolt.jpg\" alt=\"Zsolt Litauszkit Starkoch\" title=\"Zsolt Litauszkit Starkoch\" width=\"190\" height=\"264\" class=\"alignleft\" \/>Zsolt Litauszki, einer von den bekanntesten K\u00f6chen Ungarns hat die M\u00f6glichkeit, heutzutage h\u00f6chstens ein oder zwei mal im Jahr nach Orosh\u00e1za heimzukommen, aber er hat Nutz biszum heutigen erfolgreich aus seinen in seiner Heimstadt aufgenommenen Fachkentnissen.<\/p>\n<p>Er ist kreativer Chef der Pierrot-Resaturantketten so wie im Pest-Buda Restaurant in Budav\u00e1r, bzw. ist er gesuchter Privatkoch, der den Beruf grundseztlich in \u00d6sterreich und in hauptweise hat er die Grundkentnisse im seinem Grossvaters Garten, in seiner Grossmutters K\u00fcche, bzw. im von seiner Mutter gef\u00fchrten \u201eCsendes\u201d-Bufet geschafft. Im Grossvaters Garten, auser den gew\u00f6hnten, bekannten Gem\u00fcsen und Obsten, gab es immer etwas Spezailes: Stachelbeer, Mispel, Feige, Kr\u00e4uterplanzen. Die K\u00fcche der Familie wurde durch ungarischen, slowakischen Geschm\u00e4cke und durch die eigenartigen Doppelheit der Technologien karakteriziert. Das war der Abgangpunkt dazu, damit der in seinem zehnern gewesene Junge die Kochfachschule in H\u00f3dmez\u0151v\u00e1s\u00e1rhely beendet, um dannachfolgend einige \u00f6rtliche  Arbeitsm\u00f6glichkeiten, wie z.B. ein Gasthaus so wie die gr\u00f6sste Einrichtung zur Kinderspeise in der Stadt, H\u00f3dmez\u0151v\u00e1s\u00e1rhely auszuprobieren. <\/p>\n<p>Zwischendurch hat er die Fachliteratur schmachtend gelesen und hat sich ab sofort festgestellt, er sollte auf jeden Fall weitertreten, wenn er wirklich erfolgreich werden will. Am anderen Ende Ungarns, in Fert\u0151r\u00e1kos in dem bekannten Restaurant R\u00e1spi hat er seit 13 Jahren  die Arbeit aufgenommen, dann har er seinen Weg nach \u00d6sterreich gemacht, wo er weitere Fachkentnisse, aber nicht \u00fcbliche,als Mittarbeiter im Hotel Lor\u00fcnser und beim  St. Antoner Hof und auch in anderen Restauranten, Hotels \u00d6sterreichs gearbeitet hat, und auch seine Karriere im Ausland  hat sich Schritt nach Schritt gestiegen, dannachfolgend hat er als Kochchef gearbeitet. Zwischenzeit hat er sich auch in die Weine verliebt, also war es ihm nicht schwehr, auf Bitte von dem Eigent\u00fcmer des Weingutgasthauses Malig\u00e1n in Budapest ein \u201eja\u201d zu sagen, um das Betrieb des Resaturants zu \u00fcbernehmen.<\/p>\n<p><img loading=\"lazy\" src=\"\/wp-content\/uploads\/2012\/04\/litauszki_4.jpg\" alt=\"Zsolt Litauszki\" title=\"Zsolt Litauszki\" width=\"190\" height=\"139\" class=\"alignleft\" \/>Nach einem ganz schwehrigem Anfangs wurde endlich dasMalig\u00e1n als der \u201eMekka\u201d der Gourmet, dankend den herrvorragenden Gastroloben und Fachschriften, die davon nur Lobpreise mitgeteilt haben und das ist aber nicht vergeblich, da der Starchef, der Herr Zsolt sichschon hier mit Errungenschaften der modernen K\u00fcchekunst dargestellt hat. Aber da auch dieser Beruf um immer modernere, st\u00e4ndige Erneuerung, Innovation braucht, deshalb hat der so genannte krative Koch der derzeitigen drei Restaurante von der  Famile Zsidai,d.h. er f\u00fchrt und instruiert von aussen die Funktion und Facharbeit des Restaurants Pest-Buda, so wie die Arbeit der 21 Ungarischen Restaurante bzw. des Pierrots. Unteranderem macht er fortdauernde Weltreisen, da sich die gastronomische Wissensschaft fortdauernd entwickelt und es lohnt sich, diesem aber vom ersten Hand folgen.<\/p>\n<p>Auch heutzutage ist er nicht untreu ihrer Heimstadt, da der G\u00e4nsenleber ja zum Beispiel von der Firma in Orosh\u00e1za angeschafft wird. Neben den Familien,-und Berufsf\u00e4den  erinnert sich Herr Zsolt gern an Anfang der Neunzigen, als er sich zusammen mit den Altersgenossen in \u201eKatlan\u201d bzw, in \u201eTalon\u201d vergn\u00fcgt hat, diese waren die bekannten underground Musisklokale der damaligen Zeiten, aber er hat auch \u00fcber Strolchen in der Ubgebung und \u00fcber die grossartigen Angeln begeistert erz\u00e4hlt.<\/p>\n<p><img loading=\"lazy\" src=\"\/wp-content\/uploads\/2012\/05\/litauszki_1.jpg\" alt=\"Litauszki Zsolt f\u0151\u00e9tel\" title=\"Litauszki Zsolt f\u0151\u00e9tel\" width=\"190\" height=\"147\" class=\"alignleft\" \/>Und obwohl er nur selten nach Hause kommen, empfehlt er herzlich  jedem, die Stadt und ihre Gegend zu besuchen. Von gastronomischen Hinsicht, nat\u00fcrlich erstens wird es der ausgezeichnete, weltbekannte, herrvorragende Wurst aus B\u00e9k\u00e9scsaba, der nicht nur in B\u00e9k\u00e9scsaba und inT\u00f3tkoml\u00f3s, sondern auch in der Stadt Orosh\u00e1za ausgezeichnet zubereitet ist, empfohlen, und dazu geh\u00f6rt nat\u00fcrlich  auch der weltbekannte ungarische G\u00e4nseleber. Derjenige, der aber wegen anderem Reiseziel ankommt, ist der sicherlich nicht entt\u00e4uschen, ja gibt es herrliche M\u00f6glichkeit in Gyop\u00e1rosf\u00fcrd\u0151-Strandbad, um sich zu entspannen, sich  aktiv oder passiv zu erholen.<\/p>\n<p>Weitere Empfehlung: <a href=\"https:\/\/gyoparosfurdo-oroshaza.hu\/de\/oroshaza\/oroshaza-gastronomie\" title=\"Orosh\u00e1zer Gastronomie\">Orosh\u00e1zer Gastronomie<\/a><\/p>\n<div class=\"topten_slider_title\"><span class=\"h3\">Top Programme<\/span><a href=\"https:\/\/gyoparosfurdo-oroshaza.hu\/de\/programme\" title=\"Alle Programme anzeigen \u00bb\">Alle Programme anzeigen \u00bb<\/a><\/div><div class=\"topten_container topten_slider\" id=\"topten_slider\"><ul class=\"topten_inner\"><li class=\"topten_item\" data-id=\"tsi_1\"><a href=\"\/de\/programme\/fuer-jugend\" title=\"F\u00fcr Jugend\" class=\"topten_link\" style=\"background: url(\/wp-content\/uploads\/2012\/05\/fiataloknak-top-programok-gyoparosfurdon.jpg) top left no-repeat;\"><span class=\"title\">F\u00fcr Jugend<\/span><\/a><a href=\"\/de\/programme\/fuer-paare\" title=\"F\u00fcr Paare\" class=\"topten_link\" style=\"background: url(\/wp-content\/uploads\/2012\/05\/paroknak-top-programok-gyoparosfurdon.jpg) top left no-repeat;\"><span class=\"title\">F\u00fcr Paare<\/span><\/a><a href=\"\/de\/programme\/mit-dem-auto\" title=\"Mit dem Auto\" class=\"topten_link\" style=\"background: url(\/wp-content\/uploads\/2012\/05\/autoval-top-programok-gyoparosfurdon.jpg) top left no-repeat;\"><span class=\"title\">Mit dem Auto<\/span><\/a><a href=\"\/de\/programme\/fuer-kulturfans\" title=\"F\u00fcr Kulturfans\" class=\"topten_link\" style=\"background: url(\/wp-content\/uploads\/2012\/05\/kulturabaratoknak-top-programok-gyoparosfurdon.jpg) top left no-repeat;\"><span class=\"title\">F\u00fcr Kulturfans<\/span><\/a><a href=\"\/de\/programme\/1-woche\" title=\"Auf eine Woche\" class=\"topten_link\" style=\"background: url(\/wp-content\/uploads\/2012\/05\/1-hetre-top-programok-gyoparosfurdon.jpg) top left no-repeat;\"><span class=\"title\">Auf eine Woche<\/span><\/a><a href=\"\/de\/programme\/fuer-angeln\" title=\"F\u00fcr Angeln\" class=\"topten_link\" style=\"background: url(\/wp-content\/uploads\/2012\/05\/horgaszoknak-top-programok-gyoparosfurdon.jpg) top left no-repeat;\"><span class=\"title\">F\u00fcr Angeln<\/span><\/a><\/li><li class=\"topten_item\" data-id=\"tsi_2\"><a href=\"\/de\/programme\/fuer-photographer\" title=\"F\u00fcr Photographer\" class=\"topten_link\" style=\"background: url(\/wp-content\/uploads\/2012\/05\/fotosoknak-top-programok-gyoparosfurdon.jpg) top left no-repeat;\"><span class=\"title\">F\u00fcr Photographer<\/span><\/a><a href=\"\/de\/programme\/fuer-sportfans\" title=\"F\u00fcr Sportfans\" class=\"topten_link\" style=\"background: url(\/wp-content\/uploads\/2012\/05\/sportbaratoknak-top-programok-gyoparosfurdon.jpg) top left no-repeat;\"><span class=\"title\">F\u00fcr Sportfans<\/span><\/a><a href=\"\/de\/programme\/fuer-familien\" title=\"F\u00fcr Familien\" class=\"topten_link\" style=\"background: url(\/wp-content\/uploads\/2012\/05\/csaladosoknak-top-programok-gyoparosfurdon.jpg) top left no-repeat;\"><span class=\"title\">F\u00fcr Familien<\/span><\/a><a href=\"\/de\/programme\/im-sommer\" title=\"Im Sommer\" class=\"topten_link\" style=\"background: url(\/wp-content\/uploads\/2012\/05\/nyaron-top-programok-gyoparosfurdon.jpg) top left no-repeat;\"><span class=\"title\">Im Sommer<\/span><\/a><a href=\"\/de\/programme\/1-tag\" title=\"Auf ein Tag\" class=\"topten_link\" style=\"background: url(\/wp-content\/uploads\/2012\/05\/1-napra-top-programok-gyoparosfurdon.jpg) top left no-repeat;\"><span class=\"title\">Auf ein Tag<\/span><\/a><a href=\"\/de\/programme\/fuer-fahrraeder\" title=\"F\u00fcr Fahrr\u00e4der\" class=\"topten_link\" style=\"background: url(\/wp-content\/uploads\/2012\/05\/kerekparosoknak-top-programok-gyoparosfurdon.jpg) top left no-repeat;\"><span class=\"title\">F\u00fcr Fahrr\u00e4der<\/span><\/a><\/li><li class=\"topten_item\" data-id=\"tsi_3\"><a href=\"\/de\/programme\/fuer-wochenende\" title=\"Wochenende\" class=\"topten_link\" style=\"background: url(\/wp-content\/uploads\/2012\/05\/hetvegere-top-programok-gyoparosfurdon.jpg) top left no-repeat;\"><span class=\"title\">Wochenende<\/span><\/a><a href=\"\/de\/programme\/im-winter\" title=\"Im Winter\" class=\"topten_link\" style=\"background: url(\/wp-content\/uploads\/2012\/05\/telen-top-programok-gyoparosfurdon.jpg) top left no-repeat;\"><span class=\"title\">Im Winter<\/span><\/a><\/ul><div class=\"lapozobox\"><span id=\"lprev\"><\/span><span id=\"lnext\"><\/span><span id=\"ts_1\" class=\"active\"><\/span><span id=\"ts_2\" ><\/span><span id=\"ts_3\" ><\/span><\/div><\/div>\n","protected":false},"excerpt":{"rendered":"<p>In Orosh\u00e1za hat der Starkoch sich die Fachkentnisse gegr\u00fcndet. Zsolt Litauszki, einer von den bekanntesten K\u00f6chen Ungarns hat die M\u00f6glichkeit, heutzutage h\u00f6chstens ein oder zwei mal im Jahr nach Orosh\u00e1za heimzukommen, aber er hat Nutz biszum heutigen erfolgreich aus seinen &hellip; <a href=\"https:\/\/gyoparosfurdo-oroshaza.hu\/de\/oroshaza\/meine-oroshaza\/zsolt-litauszki\">Folytat\u00e1s <span class=\"meta-nav\">&rarr;<\/span><\/a><\/p>\n","protected":false},"author":6,"featured_media":27137,"parent":26176,"menu_order":0,"comment_status":"closed","ping_status":"closed","template":"","meta":[],"_links":{"self":[{"href":"https:\/\/gyoparosfurdo-oroshaza.hu\/de\/wp-json\/wp\/v2\/pages\/26320"}],"collection":[{"href":"https:\/\/gyoparosfurdo-oroshaza.hu\/de\/wp-json\/wp\/v2\/pages"}],"about":[{"href":"https:\/\/gyoparosfurdo-oroshaza.hu\/de\/wp-json\/wp\/v2\/types\/page"}],"author":[{"embeddable":true,"href":"https:\/\/gyoparosfurdo-oroshaza.hu\/de\/wp-json\/wp\/v2\/users\/6"}],"replies":[{"embeddable":true,"href":"https:\/\/gyoparosfurdo-oroshaza.hu\/de\/wp-json\/wp\/v2\/comments?post=26320"}],"version-history":[{"count":0,"href":"https:\/\/gyoparosfurdo-oroshaza.hu\/de\/wp-json\/wp\/v2\/pages\/26320\/revisions"}],"up":[{"embeddable":true,"href":"https:\/\/gyoparosfurdo-oroshaza.hu\/de\/wp-json\/wp\/v2\/pages\/26176"}],"wp:featuredmedia":[{"embeddable":true,"href":"https:\/\/gyoparosfurdo-oroshaza.hu\/de\/wp-json\/wp\/v2\/media\/27137"}],"wp:attachment":[{"href":"https:\/\/gyoparosfurdo-oroshaza.hu\/de\/wp-json\/wp\/v2\/media?parent=26320"}],"curies":[{"name":"wp","href":"https:\/\/api.w.org\/{rel}","templated":true}]}}