{"id":26271,"date":"2012-10-08T12:29:40","date_gmt":"2012-10-08T10:29:40","guid":{"rendered":"https:\/\/gyoparosfurdo-oroshaza.hu\/saunaseansen"},"modified":"2025-09-02T09:55:15","modified_gmt":"2025-09-02T07:55:15","slug":"saunaseansen","status":"publish","type":"page","link":"https:\/\/gyoparosfurdo-oroshaza.hu\/de\/gyoparosfurdo\/saunaseansen","title":{"rendered":"Saunaseansen"},"content":{"rendered":"<h2>Wir haben auf Herbst-Winter-\u00d6ffnungszeiten umgestellt, daher sind ab dem 15. September nur das Thermal-Au\u00dfenbecken, das Thermal-Innenbecken und die Saunakabine im Erdgeschoss ge\u00f6ffnet. Das Erlebnisbad und der Saunapark sind GESCHLOSSEN. <a href=\"https:\/\/gyoparosfurdo-oroshaza.hu\/de\/nachrichten\/herbstoeffnungszeiten-und-informationen-2025\">Weitere Informationen<\/a>.<\/h2>\n\n<p>Auch in Gyop\u00e1rosbad wurden die Saunaseansen bald beliebt, die nicht nur gesund sind, sondern so eben sind diese auch ein ausgezeichnete Zeitvertrieb.<\/p>\n<p>Die Saunaseans unterscheidet sich von der \u201eallgemeinen\u201d Saunaseans darin, dass unter der Zeit dieser Seans aufhaelt sich der Saunameister bis zum Ende und er k\u00fcmmert sich pers\u00f6nlich um aromatisches \u00dcbergiessen, bzw. entsprechende Temperatur und Ventilation und letztens aber nicht zuletzt auch um die gute Laune.<\/p>\n<p>Die Zeitdauer einiger Seansen ist im allgemeinen 15 Minuten, aber man kann die Sauna nat\u00fcrlich fr\u00fcher fortlassen.<\/p>\n<h3>Unsere aktuelle Seansen<\/h3>\n<p>Da der Saunapark geschlossen ist, werden bis weitere Benachrichtigung keine Seansen veranstaltet.<\/p>\n<h3>Auskunft \u00fcber die Saunaseansen<\/h3>\n<p>Die Saunaseans ist ein von dem Saunameister gef\u00fchrtes intensiv Saunaprogram f\u00fcr bestimmte Zeitdauer, wobei der Saunameister die Temperatur, die Lftfeuchtigkeit, Waerme durch Anwendung der gelegentlichen dreimaligen \u00dcbergiessen, L\u00fcftung und verschiedenen Ventilationstechnik beeinflusst. Die entsprechenden Duft\u00f6le oder Dunstbarmittel machen beruhigende, relaxierende, heilende Wirkungen. Der Saunameister steht mit den Gaesten in fortdauernd pers\u00f6nlichen Verbindung, Er verteilt die im voruashergestellten Hautpflegemittel und dann teilt er den Gaesten derer richtigen Anwendung mit. Das Ziel ist, die richtige Saunakultur zu gestalten.<\/p>\n<p><a href=\"\/wp-content\/uploads\/2012\/10\/szan.jpg\"><img loading=\"lazy\" src=\"\/wp-content\/uploads\/2012\/10\/szan.jpg\" alt=\"szan\" width=\"500\" height=\"333\"><\/a><\/p>\n<p>Wegen beschraenkten Platzbelegungen ist es angebracht, sich bei dem Saunameister auf Saunaseansen voranzumelden. <b>Telefon: +36 68 512-260<\/b>.<\/p>\n<p>Auskunft \u00fcber die Preise der Saunaseansen: <a href=\"https:\/\/gyoparosfurdo-oroshaza.hu\/de\/gyoparosfurdo\/unsere-preise#szeansz\">bitte klicken Sie hier<\/a><\/p>\n<h3>Standardprogramme<\/h3>\n<h4>Seans mit Duft\u00f6l<\/h4>\n<p><img loading=\"lazy\" class=\"alignleft size-full wp-image-9060\" src=\"\/wp-content\/uploads\/2012\/10\/szeansz_illo.jpg\" alt=\"szeansz_illo\" width=\"223\" height=\"223\" srcset=\"https:\/\/gyoparosfurdo-oroshaza.hu\/wp-content\/uploads\/2012\/10\/szeansz_illo.jpg 223w, https:\/\/gyoparosfurdo-oroshaza.hu\/wp-content\/uploads\/2012\/10\/szeansz_illo-150x150.jpg 150w\" sizes=\"(max-width: 223px) 100vw, 223px\" \/>Im Wasser gemixtes 100% rein Dunst\u00f6l wird von Saunameister am Ofen zusammenger\u00fchrt. Die aromatische heisse Luft macht auf die Psyche und Atemwegkrankheiten oder derer Vorbeugung ausgezeichnete Wirkung.<\/p>\n<p>Die Seansen k\u00f6nnen durch verschiedenen Aromen sehr zauberhaft sein. Dieses Program wenden wir in erstlinie als \u201eAufwaermung\u201d an, trotzdem ist das mehr intensiv als der Form von allgemeiner Sauna.Die aromatische Sauna, neben ihrer ausgezeichneten Enstressungswirkung, hilft der Laune zu verbessern.<\/p>\n<h4 style=\"padding-top: 20px;\">Fr\u00fcchtige vitaminreiche Saunaseans<\/h4>\n<p>Aenlich nach aromatischer Saunaseans wird im Wasser gemixtes 100% rein Dunst\u00f6l von Saunameister am Ofen zusammenger\u00fchrt. Der Saunameister verw\u00f6hnt die drinsitzenden Gaeste durch Zirkulation der wohlduftenden heissen Luft. Ende der Zeremonie setzt er den Gaesten aufgeschnittene kalte Fr\u00fcchte und Erfrischungstee vor, der wirklich erfrischt und ist er eine echt volle \u201eVitaminbombe\u201d.Die Vitamine und sonstige Mineralstoffe werden sich im Folge des Saunens mehr intensiver eingesaugt.<\/p>\n<h4>Salzige Seans<\/h4>\n<p><img loading=\"lazy\" class=\"alignleft size-full wp-image-9080\" src=\"\/wp-content\/uploads\/2012\/10\/szeansz_salt.jpg\" alt=\"szeansz_salt\" width=\"223\" height=\"223\" srcset=\"https:\/\/gyoparosfurdo-oroshaza.hu\/wp-content\/uploads\/2012\/10\/szeansz_salt.jpg 223w, https:\/\/gyoparosfurdo-oroshaza.hu\/wp-content\/uploads\/2012\/10\/szeansz_salt-150x150.jpg 150w\" sizes=\"(max-width: 223px) 100vw, 223px\" \/>Diese Zeremonie geh\u00f6rt unseren hautpflegenden Programmen. Nach einer kurzzeitigen Vorschwitzung reiben sich die Gaeste ihre schweissbedeckte Haut mit von Saunameister unter dem Gaesten verteiltem feinen Meersalz ein. Der Meersalz als nat\u00fcrlicher K\u00f6rperradier wird hier angewendet, damit die Haut der Gaesten von den angeschwollenen, weggestorbenen Oberflaeche loskommt und dadurch wird die Haut praller. Wir k\u00f6nnen auch unsere Schweissdr\u00fcsen durch Salzkur besser aktivieren, dadurch wird die Entgiftung verschaerft.<br \/>\nEs gibt eine grosse Menge an Spurelemente und Mineralstoffe in dem Meersalz, die sich \u00fcber die ausgedehnten Schweissporen leicht und schnell in unsere Haut einsaugen. Kombinierend mit Honigseans kann der Salz seine echt starke Wirkung entfalten. Die Haut wird regeneriert, bezaubernd sch\u00f6n und die Zellulitiserscheinungen werden verringert.<\/p>\n<h4>Bierseans<\/h4>\n<p>Im Kreise von Maennern ist dieses Getraenk sehr beliebt, obwohl wird das nicht in Magen von Gaesten geraten, sondern wird sich der wohlriechende Bierduft mit der heissen Saunaluft vermengen. Der Saunameister gisst biergemischtes Wasser an Ofen, in so fern duftet wohl die Saunakabine durch Gerste und Malz , waehrend er erhitzt die Gaste durch \u201edem W\u00fcstenwind\u201d aenlichen heissen Luft. Durch den bierduftenden Dunst saugt sich das im Bier gefundene Vitamin B durch die ausgedehnten Hautoberflaeche leicht ein.<\/p>\n<h4>Honigseans<\/h4>\n<p><img loading=\"lazy\" class=\"alignleft size-full wp-image-9069\" src=\"\/wp-content\/uploads\/2012\/10\/szeansz_mez.jpg\" alt=\"szeansz_mez\" width=\"223\" height=\"223\" srcset=\"https:\/\/gyoparosfurdo-oroshaza.hu\/wp-content\/uploads\/2012\/10\/szeansz_mez.jpg 223w, https:\/\/gyoparosfurdo-oroshaza.hu\/wp-content\/uploads\/2012\/10\/szeansz_mez-150x150.jpg 150w\" sizes=\"(max-width: 223px) 100vw, 223px\" \/>Aenlich der Saltzseans nach einer kurzzeitigen Vorschwitzung beschmieren sich die Gaeste ihre schweisbedeckte Haut durch von Saunameister gesch\u00fctteten Honig. Auf Wirkung von Heissluft wird der Honig d\u00fcnnfl\u00fcsig, der saugt sich durch die ausgedehnten Hautoberflaeche schnell ein. Der Honig beschleunigt den Stoffwechsel , er \u00fcbt Wirkungen auf Hautverschmutzungen,Pickel und auf Narben aus. Er hydratisiert, ernaehrt und beruhigt die Haut. Auf Ende der Seansen verlassen die Gaste die Sauna mit seidiger, weicher Haut, nicht davon zu reden, dass sie sch\u00f6n wohlriechende Honigduft haben.<\/p>\n<h4>Russische Seans<\/h4>\n<p>Durch Aufl\u00f6sen von grosser Menge an aromatischem kalten Wasser am Saunaofen ist es m\u00f6glich, hochintensiv heisse Luft mitwirkend von Saunameister zu leisten. Mittels seiner Fahne erstellt er Ventilation um den Gaesten. Die Teilnehmenden k\u00f6nnen auf starke Schwitzung, Kaelteschauer und Ergl\u00fchen rechnen.<\/p>\n<h4>Eisseans<\/h4>\n<p><img loading=\"lazy\" class=\"alignleft size-full wp-image-9072\" src=\"\/wp-content\/uploads\/2012\/10\/szeansz_ice.jpg\" alt=\"szeansz_ice\" width=\"223\" height=\"223\" srcset=\"https:\/\/gyoparosfurdo-oroshaza.hu\/wp-content\/uploads\/2012\/10\/szeansz_ice.jpg 223w, https:\/\/gyoparosfurdo-oroshaza.hu\/wp-content\/uploads\/2012\/10\/szeansz_ice-150x150.jpg 150w\" sizes=\"(max-width: 223px) 100vw, 223px\" \/>Diese Zeremonie geh\u00f6rt den beliebten Programmen. Mittels Eisaufsch\u00fcttung an den Ofen kan man eine hervorragende Hochhitze in der Kabine leisten. Unteranderem hat diese Seans einen Augenschmaus und das Spiel mit den verteilten Eisst\u00fccken ist auch sehr auffrischend. Das ist ein prickelndes Gef\u00fchl, wie der Saunameister mit der heissen Luft spielt und die Gaeste haben Sch\u00fcttelfrost. Ende der Seans werden die Teilnehmenden durch eiskaltes Wasser am Hals gegossen. Das echte Erlbnis des Saunens kann hier hochintenziv erlebt werden.<\/p>\n<h3>Bilder \u00fcber unseren neuen Saunapark<\/h3>\n\n<div class=\"ngg-galleryoverview\" id=\"ngg-gallery-5-26271\">\n\n\n\t\n\t<!-- Thumbnails -->\n\t\t\n\t<div id=\"ngg-image-1655\" class=\"ngg-gallery-thumbnail-box\"  >\n\t\t<div class=\"ngg-gallery-thumbnail\" >\n\t\t\t<a href=\"https:\/\/gyoparosfurdo-oroshaza.hu\/wp-content\/gallery\/szauna\/szaunapark_gallery_20260202_1.jpg\" title=\"Sauna park \/ Szaunapark\" class=\"thickbox\" rel=\"set_5\" >\n\t\t\t\t\t\t\t\t<img title=\"Szaunapark\" alt=\"Szaunapark\" src=\"https:\/\/gyoparosfurdo-oroshaza.hu\/wp-content\/gallery\/szauna\/thumbs\/thumbs_szaunapark_gallery_20260202_1.jpg\" width=\"120\" height=\"95\" \/>\n\t\t\t\t\t\t\t<\/a>\n\t\t<\/div>\n\t<\/div>\n\t\n\t\t\n \t\t\n\t<div id=\"ngg-image-1658\" class=\"ngg-gallery-thumbnail-box\"  >\n\t\t<div class=\"ngg-gallery-thumbnail\" >\n\t\t\t<a href=\"https:\/\/gyoparosfurdo-oroshaza.hu\/wp-content\/gallery\/szauna\/szaunapark_gallery_20260202_4.jpg\" title=\"Sauna park \/ Szaunapark\" class=\"thickbox\" rel=\"set_5\" >\n\t\t\t\t\t\t\t\t<img title=\"Szaunapark\" alt=\"Szaunapark\" src=\"https:\/\/gyoparosfurdo-oroshaza.hu\/wp-content\/gallery\/szauna\/thumbs\/thumbs_szaunapark_gallery_20260202_4.jpg\" width=\"120\" height=\"95\" \/>\n\t\t\t\t\t\t\t<\/a>\n\t\t<\/div>\n\t<\/div>\n\t\n\t\t\n \t\t\n\t<div id=\"ngg-image-1659\" class=\"ngg-gallery-thumbnail-box\"  >\n\t\t<div class=\"ngg-gallery-thumbnail\" >\n\t\t\t<a href=\"https:\/\/gyoparosfurdo-oroshaza.hu\/wp-content\/gallery\/szauna\/szaunapark_gallery_20260202_5.jpg\" title=\"Sauna park \/ Szaunapark\" class=\"thickbox\" rel=\"set_5\" >\n\t\t\t\t\t\t\t\t<img title=\"Szaunapark\" alt=\"Szaunapark\" src=\"https:\/\/gyoparosfurdo-oroshaza.hu\/wp-content\/gallery\/szauna\/thumbs\/thumbs_szaunapark_gallery_20260202_5.jpg\" width=\"120\" height=\"95\" \/>\n\t\t\t\t\t\t\t<\/a>\n\t\t<\/div>\n\t<\/div>\n\t\n\t\t\n \t\t\n\t<div id=\"ngg-image-1657\" class=\"ngg-gallery-thumbnail-box\"  >\n\t\t<div class=\"ngg-gallery-thumbnail\" >\n\t\t\t<a href=\"https:\/\/gyoparosfurdo-oroshaza.hu\/wp-content\/gallery\/szauna\/szaunapark_gallery_20260202_3.jpg\" title=\"Sauna park \/ Szaunapark\" class=\"thickbox\" rel=\"set_5\" >\n\t\t\t\t\t\t\t\t<img title=\"Szaunapark\" alt=\"Szaunapark\" src=\"https:\/\/gyoparosfurdo-oroshaza.hu\/wp-content\/gallery\/szauna\/thumbs\/thumbs_szaunapark_gallery_20260202_3.jpg\" width=\"120\" height=\"95\" \/>\n\t\t\t\t\t\t\t<\/a>\n\t\t<\/div>\n\t<\/div>\n\t\n\t\t\n \t\t\n\t<div id=\"ngg-image-1656\" class=\"ngg-gallery-thumbnail-box\"  >\n\t\t<div class=\"ngg-gallery-thumbnail\" >\n\t\t\t<a href=\"https:\/\/gyoparosfurdo-oroshaza.hu\/wp-content\/gallery\/szauna\/szaunapark_gallery_20260202_2.jpg\" title=\"Sauna park \/ Szaunapark\" class=\"thickbox\" rel=\"set_5\" >\n\t\t\t\t\t\t\t\t<img title=\"Szaunapark\" alt=\"Szaunapark\" src=\"https:\/\/gyoparosfurdo-oroshaza.hu\/wp-content\/gallery\/szauna\/thumbs\/thumbs_szaunapark_gallery_20260202_2.jpg\" width=\"120\" height=\"95\" \/>\n\t\t\t\t\t\t\t<\/a>\n\t\t<\/div>\n\t<\/div>\n\t\n\t\t\n \t\t\n\t<div id=\"ngg-image-1661\" class=\"ngg-gallery-thumbnail-box\"  >\n\t\t<div class=\"ngg-gallery-thumbnail\" >\n\t\t\t<a href=\"https:\/\/gyoparosfurdo-oroshaza.hu\/wp-content\/gallery\/szauna\/szaunapark_gallery_20260202_7.jpg\" title=\"Sauna park \/ Szaunapark\" class=\"thickbox\" rel=\"set_5\" >\n\t\t\t\t\t\t\t\t<img title=\"Szaunapark\" alt=\"Szaunapark\" src=\"https:\/\/gyoparosfurdo-oroshaza.hu\/wp-content\/gallery\/szauna\/thumbs\/thumbs_szaunapark_gallery_20260202_7.jpg\" width=\"120\" height=\"95\" \/>\n\t\t\t\t\t\t\t<\/a>\n\t\t<\/div>\n\t<\/div>\n\t\n\t\t\n \t\t\n\t<div id=\"ngg-image-1660\" class=\"ngg-gallery-thumbnail-box\"  >\n\t\t<div class=\"ngg-gallery-thumbnail\" >\n\t\t\t<a href=\"https:\/\/gyoparosfurdo-oroshaza.hu\/wp-content\/gallery\/szauna\/szaunapark_gallery_20260202_6.jpg\" title=\"Sauna park \/ Szaunapark\" class=\"thickbox\" rel=\"set_5\" >\n\t\t\t\t\t\t\t\t<img title=\"Szaunapark\" alt=\"Szaunapark\" src=\"https:\/\/gyoparosfurdo-oroshaza.hu\/wp-content\/gallery\/szauna\/thumbs\/thumbs_szaunapark_gallery_20260202_6.jpg\" width=\"120\" height=\"95\" \/>\n\t\t\t\t\t\t\t<\/a>\n\t\t<\/div>\n\t<\/div>\n\t\n\t\t\n \t\t\n\t<div id=\"ngg-image-1662\" class=\"ngg-gallery-thumbnail-box\"  >\n\t\t<div class=\"ngg-gallery-thumbnail\" >\n\t\t\t<a href=\"https:\/\/gyoparosfurdo-oroshaza.hu\/wp-content\/gallery\/szauna\/szaunapark_gallery_20260202_8.jpg\" title=\"Sauna park \/ Szaunapark\" class=\"thickbox\" rel=\"set_5\" >\n\t\t\t\t\t\t\t\t<img title=\"Szaunapark\" alt=\"Szaunapark\" src=\"https:\/\/gyoparosfurdo-oroshaza.hu\/wp-content\/gallery\/szauna\/thumbs\/thumbs_szaunapark_gallery_20260202_8.jpg\" width=\"120\" height=\"95\" \/>\n\t\t\t\t\t\t\t<\/a>\n\t\t<\/div>\n\t<\/div>\n\t\n\t\t\n \t \t\n\t<!-- Pagination -->\n \t<div class='ngg-clear'><\/div>\n \t\n<\/div>\n\n\n<div class=\"topten_slider_title\"><span class=\"h3\">Top Programme<\/span><a href=\"https:\/\/gyoparosfurdo-oroshaza.hu\/de\/programme\" title=\"Alle Programme anzeigen \u00bb\">Alle Programme anzeigen \u00bb<\/a><\/div><div class=\"topten_container topten_slider\" id=\"topten_slider\"><ul class=\"topten_inner\"><li class=\"topten_item\" data-id=\"tsi_1\"><a href=\"\/de\/programme\/fuer-angeln\" title=\"F\u00fcr Angeln\" class=\"topten_link\" style=\"background: url(\/wp-content\/uploads\/2012\/05\/horgaszoknak-top-programok-gyoparosfurdon.jpg) top left no-repeat;\"><span class=\"title\">F\u00fcr Angeln<\/span><\/a><a href=\"\/de\/programme\/fuer-photographer\" title=\"F\u00fcr Photographer\" class=\"topten_link\" style=\"background: url(\/wp-content\/uploads\/2012\/05\/fotosoknak-top-programok-gyoparosfurdon.jpg) top left no-repeat;\"><span class=\"title\">F\u00fcr Photographer<\/span><\/a><a href=\"\/de\/programme\/fuer-sportfans\" title=\"F\u00fcr Sportfans\" class=\"topten_link\" style=\"background: url(\/wp-content\/uploads\/2012\/05\/sportbaratoknak-top-programok-gyoparosfurdon.jpg) top left no-repeat;\"><span class=\"title\">F\u00fcr Sportfans<\/span><\/a><a href=\"\/de\/programme\/fuer-familien\" title=\"F\u00fcr Familien\" class=\"topten_link\" style=\"background: url(\/wp-content\/uploads\/2012\/05\/csaladosoknak-top-programok-gyoparosfurdon.jpg) top left no-repeat;\"><span class=\"title\">F\u00fcr Familien<\/span><\/a><a href=\"\/de\/programme\/im-sommer\" title=\"Im Sommer\" class=\"topten_link\" style=\"background: url(\/wp-content\/uploads\/2012\/05\/nyaron-top-programok-gyoparosfurdon.jpg) top left no-repeat;\"><span class=\"title\">Im Sommer<\/span><\/a><a href=\"\/de\/programme\/1-tag\" title=\"Auf ein Tag\" class=\"topten_link\" style=\"background: url(\/wp-content\/uploads\/2012\/05\/1-napra-top-programok-gyoparosfurdon.jpg) top left no-repeat;\"><span class=\"title\">Auf ein Tag<\/span><\/a><\/li><li class=\"topten_item\" data-id=\"tsi_2\"><a href=\"\/de\/programme\/fuer-fahrraeder\" title=\"F\u00fcr Fahrr\u00e4der\" class=\"topten_link\" style=\"background: url(\/wp-content\/uploads\/2012\/05\/kerekparosoknak-top-programok-gyoparosfurdon.jpg) top left no-repeat;\"><span class=\"title\">F\u00fcr Fahrr\u00e4der<\/span><\/a><a href=\"\/de\/programme\/fuer-wochenende\" title=\"Wochenende\" class=\"topten_link\" style=\"background: url(\/wp-content\/uploads\/2012\/05\/hetvegere-top-programok-gyoparosfurdon.jpg) top left no-repeat;\"><span class=\"title\">Wochenende<\/span><\/a><a href=\"\/de\/programme\/im-winter\" title=\"Im Winter\" class=\"topten_link\" style=\"background: url(\/wp-content\/uploads\/2012\/05\/telen-top-programok-gyoparosfurdon.jpg) top left no-repeat;\"><span class=\"title\">Im Winter<\/span><\/a><a href=\"\/de\/programme\/fuer-jugend\" title=\"F\u00fcr Jugend\" class=\"topten_link\" style=\"background: url(\/wp-content\/uploads\/2012\/05\/fiataloknak-top-programok-gyoparosfurdon.jpg) top left no-repeat;\"><span class=\"title\">F\u00fcr Jugend<\/span><\/a><a href=\"\/de\/programme\/fuer-paare\" title=\"F\u00fcr Paare\" class=\"topten_link\" style=\"background: url(\/wp-content\/uploads\/2012\/05\/paroknak-top-programok-gyoparosfurdon.jpg) top left no-repeat;\"><span class=\"title\">F\u00fcr Paare<\/span><\/a><a href=\"\/de\/programme\/mit-dem-auto\" title=\"Mit dem Auto\" class=\"topten_link\" style=\"background: url(\/wp-content\/uploads\/2012\/05\/autoval-top-programok-gyoparosfurdon.jpg) top left no-repeat;\"><span class=\"title\">Mit dem Auto<\/span><\/a><\/li><li class=\"topten_item\" data-id=\"tsi_3\"><a href=\"\/de\/programme\/fuer-kulturfans\" title=\"F\u00fcr Kulturfans\" class=\"topten_link\" style=\"background: url(\/wp-content\/uploads\/2012\/05\/kulturabaratoknak-top-programok-gyoparosfurdon.jpg) top left no-repeat;\"><span class=\"title\">F\u00fcr Kulturfans<\/span><\/a><a href=\"\/de\/programme\/1-woche\" title=\"Auf eine Woche\" class=\"topten_link\" style=\"background: url(\/wp-content\/uploads\/2012\/05\/1-hetre-top-programok-gyoparosfurdon.jpg) top left no-repeat;\"><span class=\"title\">Auf eine Woche<\/span><\/a><\/ul><div class=\"lapozobox\"><span id=\"lprev\"><\/span><span id=\"lnext\"><\/span><span id=\"ts_1\" class=\"active\"><\/span><span id=\"ts_2\" ><\/span><span id=\"ts_3\" ><\/span><\/div><\/div>\n","protected":false},"excerpt":{"rendered":"<p>Auch in Gyop\u00e1rosbad wurden die Saunaseansen bald beliebt, die nicht nur gesund sind, sondern so eben sind diese auch ein ausgezeichnete Zeitvertrieb. Die Saunaseans unterscheidet sich von der \u201eallgemeinen\u201d Saunaseans darin, dass unter der Zeit dieser Seans aufhaelt sich der &hellip; <a href=\"https:\/\/gyoparosfurdo-oroshaza.hu\/de\/gyoparosfurdo\/saunaseansen\">Folytat\u00e1s <span class=\"meta-nav\">&rarr;<\/span><\/a><\/p>\n","protected":false},"author":6,"featured_media":0,"parent":25866,"menu_order":0,"comment_status":"closed","ping_status":"closed","template":"","meta":[],"_links":{"self":[{"href":"https:\/\/gyoparosfurdo-oroshaza.hu\/de\/wp-json\/wp\/v2\/pages\/26271"}],"collection":[{"href":"https:\/\/gyoparosfurdo-oroshaza.hu\/de\/wp-json\/wp\/v2\/pages"}],"about":[{"href":"https:\/\/gyoparosfurdo-oroshaza.hu\/de\/wp-json\/wp\/v2\/types\/page"}],"author":[{"embeddable":true,"href":"https:\/\/gyoparosfurdo-oroshaza.hu\/de\/wp-json\/wp\/v2\/users\/6"}],"replies":[{"embeddable":true,"href":"https:\/\/gyoparosfurdo-oroshaza.hu\/de\/wp-json\/wp\/v2\/comments?post=26271"}],"version-history":[{"count":52,"href":"https:\/\/gyoparosfurdo-oroshaza.hu\/de\/wp-json\/wp\/v2\/pages\/26271\/revisions"}],"predecessor-version":[{"id":39854,"href":"https:\/\/gyoparosfurdo-oroshaza.hu\/de\/wp-json\/wp\/v2\/pages\/26271\/revisions\/39854"}],"up":[{"embeddable":true,"href":"https:\/\/gyoparosfurdo-oroshaza.hu\/de\/wp-json\/wp\/v2\/pages\/25866"}],"wp:attachment":[{"href":"https:\/\/gyoparosfurdo-oroshaza.hu\/de\/wp-json\/wp\/v2\/media?parent=26271"}],"curies":[{"name":"wp","href":"https:\/\/api.w.org\/{rel}","templated":true}]}}