{"id":26197,"date":"2012-04-16T13:29:38","date_gmt":"2012-04-16T11:29:38","guid":{"rendered":"https:\/\/gyoparosfurdo-oroshaza.hu\/newsletter"},"modified":"2012-04-16T13:29:38","modified_gmt":"2012-04-16T12:29:38","slug":"newsletter","status":"publish","type":"page","link":"https:\/\/gyoparosfurdo-oroshaza.hu\/de\/newsletter","title":{"rendered":"Newsletter"},"content":{"rendered":"<p>Melden Sie sich f\u00fcr unseren Newsletter an und erfahren Sie mehr \u00fcber die Neuigkeiten, die Programme und die aktuellen Aktionen von Orosh\u00e1za-Gyop\u00e1rosf\u00fcrd\u0151!<\/p>\n<script>(function() {\n\twindow.mc4wp = window.mc4wp || {\n\t\tlisteners: [],\n\t\tforms: {\n\t\t\ton: function(evt, cb) {\n\t\t\t\twindow.mc4wp.listeners.push(\n\t\t\t\t\t{\n\t\t\t\t\t\tevent   : evt,\n\t\t\t\t\t\tcallback: cb\n\t\t\t\t\t}\n\t\t\t\t);\n\t\t\t}\n\t\t}\n\t}\n})();\n<\/script><!-- Mailchimp for WordPress v4.8.7 - https:\/\/wordpress.org\/plugins\/mailchimp-for-wp\/ --><form id=\"mc4wp-form-1\" class=\"mc4wp-form mc4wp-form-15589\" method=\"post\" data-id=\"15589\" data-name=\"H\u00edrlev\u00e9l DE\" ><div class=\"mc4wp-form-fields\"><p>\r\n\t<label>Ihr Name*:<\/label>\r\n\t<input type=\"text\" name=\"NAME\" required \/>\r\n<\/p>\r\n<p>\r\n\t<label>Ihre E-mail Adresse*:<\/label>\r\n\t<input type=\"email\" name=\"EMAIL\" required \/>\r\n<\/p>\r\n<p style=\"margin-top: 5px\">\r\n   \t<input type=\"checkbox\" style=\"width: 30px\" name=\"GDPR1\" required \/>  Ich stimme den <a href=\"\/de\/adatkezeles\">den Datenschutzrichtlinien der Website<\/a> zu<br\/>\r\n   <input type=\"checkbox\" style=\"width: 30px\" name=\"GDPR2\" required \/> Ich bin damit einverstanden, Newsletter an mich zu senden<br\/>\r\n<\/p>\r\n\r\n\r\n<input type=\"hidden\" name=\"DATETEXT\" value=\"2026\/04\/12 13:18:17\">\r\n<input type=\"hidden\" name=\"FROM1\" value=\"H\u00edrlev\u00e9l\">\r\n<input type=\"hidden\" name=\"FROM2\" value=\"https:\/\/gyoparosfurdo-oroshaza.hu\/de\/wp-json\/wp\/v2\/pages\/26197\/\">\r\n<input type=\"hidden\" name=\"SOURCE\" value=\"Nincs megadva\">\r\n\r\n<p>\r\n\t<input type=\"submit\" class=\"m_send\" value=\"Anmelden\" \/>\r\n<\/p><\/div><label style=\"display: none !important;\">Wenn du ein Mensch bist, lasse das Feld leer: <input type=\"text\" name=\"_mc4wp_honeypot\" value=\"\" tabindex=\"-1\" autocomplete=\"off\" \/><\/label><input type=\"hidden\" name=\"_mc4wp_timestamp\" value=\"1775992697\" \/><input type=\"hidden\" name=\"_mc4wp_form_id\" value=\"15589\" \/><input type=\"hidden\" name=\"_mc4wp_form_element_id\" value=\"mc4wp-form-1\" \/><div class=\"mc4wp-response\"><\/div><\/form><!-- \/ Mailchimp for WordPress Plugin -->\n<p>Bereits abonniertes Mitglied? <a href=\"http:\/\/gyoparosfurdo-oroshaza.us15.list-manage.com\/unsubscribe?u=7c49370bf920d89ed4f4ab3a0&#038;id=42e67dfa1f\" target=\"_blank\" rel=\"noopener noreferrer\" rel=\"noopener\">Sie k\u00f6nnen sich hier abmelden<\/a><\/p>\n","protected":false},"excerpt":{"rendered":"<p>Melden Sie sich f\u00fcr unseren Newsletter an und erfahren Sie mehr \u00fcber die Neuigkeiten, die Programme und die aktuellen Aktionen von Orosh\u00e1za-Gyop\u00e1rosf\u00fcrd\u0151! Bereits abonniertes Mitglied? Sie k\u00f6nnen sich hier abmelden<\/p>\n","protected":false},"author":6,"featured_media":0,"parent":0,"menu_order":41,"comment_status":"closed","ping_status":"closed","template":"","meta":[],"_links":{"self":[{"href":"https:\/\/gyoparosfurdo-oroshaza.hu\/de\/wp-json\/wp\/v2\/pages\/26197"}],"collection":[{"href":"https:\/\/gyoparosfurdo-oroshaza.hu\/de\/wp-json\/wp\/v2\/pages"}],"about":[{"href":"https:\/\/gyoparosfurdo-oroshaza.hu\/de\/wp-json\/wp\/v2\/types\/page"}],"author":[{"embeddable":true,"href":"https:\/\/gyoparosfurdo-oroshaza.hu\/de\/wp-json\/wp\/v2\/users\/6"}],"replies":[{"embeddable":true,"href":"https:\/\/gyoparosfurdo-oroshaza.hu\/de\/wp-json\/wp\/v2\/comments?post=26197"}],"version-history":[{"count":0,"href":"https:\/\/gyoparosfurdo-oroshaza.hu\/de\/wp-json\/wp\/v2\/pages\/26197\/revisions"}],"wp:attachment":[{"href":"https:\/\/gyoparosfurdo-oroshaza.hu\/de\/wp-json\/wp\/v2\/media?parent=26197"}],"curies":[{"name":"wp","href":"https:\/\/api.w.org\/{rel}","templated":true}]}}