{"id":26193,"date":"2012-04-16T12:41:05","date_gmt":"2012-04-16T10:41:05","guid":{"rendered":"https:\/\/gyoparosfurdo-oroshaza.hu\/impressum"},"modified":"2023-05-24T15:12:57","modified_gmt":"2023-05-24T13:12:57","slug":"impressum","status":"publish","type":"page","link":"https:\/\/gyoparosfurdo-oroshaza.hu\/de\/impressum","title":{"rendered":"Impressum"},"content":{"rendered":"<h3>Herausgeber<\/h3>\n<p><strong>Orosh\u00e1za-Gyop\u00e1rosf\u00fcrd\u0151<\/strong><br \/>\nH-5904 Gyop\u00e1rosf\u00fcrd\u0151, Fasor Strasse 3.<br \/>\nGPS: 46\u00b0 33&#8242; 59&#8243; N ; 20\u00b0 37&#8242; 42.6&#8243; E<br \/>\nTelefon: +36 68 411-962<br \/>\nTelefax: +36 68 512-261<br \/>\n<a href=\"mailto:i&#110;f&#111;&#64;&#103;&#121;&#111;parosf&#117;&#114;&#100;&#111;.hu\" title=\"&#105;nf&#111;&#64;gy&#111;pa&#114;osf&#117;rdo&#46;hu\">&#105;nf&#111;&#64;gy&#111;pa&#114;osf&#117;rdo&#46;hu<\/a><\/p>\n<h3>Fotos<\/h3>\n<p>Kov\u00e1cs K\u00e1lm\u00e1n<br \/>\n<strong>Index M\u00e9dia Kft.<\/strong><br \/>\nH-5900 Orosh\u00e1za, Bajnok Srtasse 3.<br \/>\nTelefon: +36 68 630 964<br \/>\n<a href=\"mailto:ind&#101;xm&#101;&#100;ia&#64;t&#45;o&#110;&#108;&#105;n&#101;&#46;hu\" title=\"&#105;&#110;dex&#109;e&#100;ia&#64;t&#45;onli&#110;e&#46;&#104;&#117;\">&#105;&#110;dex&#109;e&#100;ia&#64;t&#45;onli&#110;e&#46;&#104;&#117;<\/a><br \/>\nWeb: www.indexmedia.hu<\/p>\n","protected":false},"excerpt":{"rendered":"<p>Herausgeber Orosh\u00e1za-Gyop\u00e1rosf\u00fcrd\u0151 H-5904 Gyop\u00e1rosf\u00fcrd\u0151, Fasor Strasse 3. GPS: 46\u00b0 33&#8242; 59&#8243; N ; 20\u00b0 37&#8242; 42.6&#8243; E Telefon: +36 68 411-962 Telefax: +36 68 512-261 Fotos Kov\u00e1cs K\u00e1lm\u00e1n Index M\u00e9dia Kft. H-5900 Orosh\u00e1za, Bajnok Srtasse 3. Telefon: +36 68 630 &hellip; <a href=\"https:\/\/gyoparosfurdo-oroshaza.hu\/de\/impressum\">Folytat\u00e1s <span class=\"meta-nav\">&rarr;<\/span><\/a><\/p>\n","protected":false},"author":6,"featured_media":0,"parent":0,"menu_order":35,"comment_status":"closed","ping_status":"closed","template":"","meta":[],"_links":{"self":[{"href":"https:\/\/gyoparosfurdo-oroshaza.hu\/de\/wp-json\/wp\/v2\/pages\/26193"}],"collection":[{"href":"https:\/\/gyoparosfurdo-oroshaza.hu\/de\/wp-json\/wp\/v2\/pages"}],"about":[{"href":"https:\/\/gyoparosfurdo-oroshaza.hu\/de\/wp-json\/wp\/v2\/types\/page"}],"author":[{"embeddable":true,"href":"https:\/\/gyoparosfurdo-oroshaza.hu\/de\/wp-json\/wp\/v2\/users\/6"}],"replies":[{"embeddable":true,"href":"https:\/\/gyoparosfurdo-oroshaza.hu\/de\/wp-json\/wp\/v2\/comments?post=26193"}],"version-history":[{"count":1,"href":"https:\/\/gyoparosfurdo-oroshaza.hu\/de\/wp-json\/wp\/v2\/pages\/26193\/revisions"}],"predecessor-version":[{"id":37839,"href":"https:\/\/gyoparosfurdo-oroshaza.hu\/de\/wp-json\/wp\/v2\/pages\/26193\/revisions\/37839"}],"wp:attachment":[{"href":"https:\/\/gyoparosfurdo-oroshaza.hu\/de\/wp-json\/wp\/v2\/media?parent=26193"}],"curies":[{"name":"wp","href":"https:\/\/api.w.org\/{rel}","templated":true}]}}