{"id":26189,"date":"2012-04-16T12:39:19","date_gmt":"2012-04-16T10:39:19","guid":{"rendered":"https:\/\/gyoparosfurdo-oroshaza.hu\/kontakt"},"modified":"2012-04-16T12:39:19","modified_gmt":"2012-04-16T11:39:19","slug":"kontakt","status":"publish","type":"page","link":"https:\/\/gyoparosfurdo-oroshaza.hu\/de\/kontakt","title":{"rendered":"Kontakt"},"content":{"rendered":"<h2>Haben Sie Fragen? Senden Sie uns eine Nachricht und wir werden Sie umgehend kontaktieren!<\/h2>\n<p>Wenn Sie sich regelm\u00e4\u00dfig \u00fcber Neuheiten, Veranstaltungen, Sonderangebote oder Werbeaktionen von Orosh\u00e1za-Gyop\u00e1rosf\u00fcrd\u0151 informieren m\u00f6chten, <a href=\"https:\/\/gyoparosfurdo-oroshaza.hu\/de\/newsletter\" title=\"Newsletter\">abonnieren Sie unseren Newsletter<\/a>!<\/p>\n\t<div class=\"gcube_contact_form\">\n\t\t<form name=\"gcube_contact_form\" id=\"gcube_contact_form\" method=\"post\" action=\"\/\">\n\t\t\t<label for=\"c_name\">Name *<\/label><input type=\"text\" name=\"c_name\" id=\"c_name\" \/><span class=\"validator\" id=\"c_name_valid\"><\/span>\n\t\t\t<label for=\"c_phone\">Telefonnummer<\/label><input type=\"text\" name=\"c_phone\" id=\"c_phone\" \/><span class=\"validator\" id=\"c_phone_valid\"><\/span>\n\t\t\t<label for=\"c_email\">E-Mail *<\/label><input type=\"text\" name=\"c_email\" id=\"c_email\" \/><span class=\"validator\" id=\"c_email_valid\"><\/span>\n\t\t\t<label for=\"c_message\">Mitteilung *<\/label><textarea name=\"c_message\" id=\"c_message\"><\/textarea><span class=\"validator\" id=\"c_message_valid\"><\/span>\n\t\t\t<label for=\"c_check\"><input style=\"display:inline;\" type=\"checkbox\" name=\"c_check\" id=\"c_check\" value=\"1\" \/> Ich stimme den <a target=\"_blank\" href=\"\/de\/adatkezeles\" alt=\"Datenschutzrichtlinien\" title=\"Datenschutzrichtlinien\">Datenschutzrichtlinien<\/a> der Website zu<\/label><span class=\"validator\" id=\"c_check_valid\"><\/span>\n\t\t\t<p class=\"r\"><input type=\"submit\" name=\"c_send\" id=\"c_send\" value=\"Versenden\" class=\"bgHl\" \/><\/p>\n\t\t<\/form>\n\t<\/div>\n\t<div class=\"contact_rightside\">\n\t\t\n\t<\/div>\n\t<div class=\"clear-left\"><\/div><script type=\"text\/javascript\">\n\tjQuery(document).ready(function () {\n\tgCubeC.lang = {};\n\tgCubeC.lang.required_text = 'Die erforderlichen Felder sind pflichtweise auszuf\u00fcllen';\n\tgCubeC.lang.name_empty = 'Geben Sie bitte Ihren Namen an';\n\tgCubeC.lang.email_empty = 'Geben Sie bitte Ihre E-mail Adresse an';\n\tgCubeC.lang.email_false = 'Wir bitten Sie, eine existierende E-mail Adresse anzugeben';\n\tgCubeC.lang.message_empty = 'F\u00fcllen Sie bitte auch das Feld \"Mitteilung\" aus';\n\tgCubeC.lang.success_send_title = 'Vielen Dank f\u00fcr Ihre Nachricht!';\n\tgCubeC.lang.success_send_text = 'Unsere Kollegen nehmen mit Ihnen innerhalb kurzer Zeit Kontakt auf.<br \/>Um mit der Surfen fortzufahren, klicken Sie bitte oben rechts auf den Knopf 'Schlie\u00dfen'.';\n\t});\n<\/script>\n\n","protected":false},"excerpt":{"rendered":"<p>Haben Sie Fragen? Senden Sie uns eine Nachricht und wir werden Sie umgehend kontaktieren! Wenn Sie sich regelm\u00e4\u00dfig \u00fcber Neuheiten, Veranstaltungen, Sonderangebote oder Werbeaktionen von Orosh\u00e1za-Gyop\u00e1rosf\u00fcrd\u0151 informieren m\u00f6chten, abonnieren Sie unseren Newsletter!<\/p>\n","protected":false},"author":6,"featured_media":0,"parent":0,"menu_order":32,"comment_status":"closed","ping_status":"closed","template":"","meta":[],"_links":{"self":[{"href":"https:\/\/gyoparosfurdo-oroshaza.hu\/de\/wp-json\/wp\/v2\/pages\/26189"}],"collection":[{"href":"https:\/\/gyoparosfurdo-oroshaza.hu\/de\/wp-json\/wp\/v2\/pages"}],"about":[{"href":"https:\/\/gyoparosfurdo-oroshaza.hu\/de\/wp-json\/wp\/v2\/types\/page"}],"author":[{"embeddable":true,"href":"https:\/\/gyoparosfurdo-oroshaza.hu\/de\/wp-json\/wp\/v2\/users\/6"}],"replies":[{"embeddable":true,"href":"https:\/\/gyoparosfurdo-oroshaza.hu\/de\/wp-json\/wp\/v2\/comments?post=26189"}],"version-history":[{"count":0,"href":"https:\/\/gyoparosfurdo-oroshaza.hu\/de\/wp-json\/wp\/v2\/pages\/26189\/revisions"}],"wp:attachment":[{"href":"https:\/\/gyoparosfurdo-oroshaza.hu\/de\/wp-json\/wp\/v2\/media?parent=26189"}],"curies":[{"name":"wp","href":"https:\/\/api.w.org\/{rel}","templated":true}]}}