{"id":26172,"date":"2012-04-16T10:32:38","date_gmt":"2012-04-16T08:32:38","guid":{"rendered":"https:\/\/gyoparosfurdo-oroshaza.hu\/saunapark"},"modified":"2025-09-02T09:54:18","modified_gmt":"2025-09-02T07:54:18","slug":"saunapark","status":"publish","type":"page","link":"https:\/\/gyoparosfurdo-oroshaza.hu\/de\/gyoparosfurdo\/saunapark","title":{"rendered":"Saunapark"},"content":{"rendered":"<h2>Wir haben auf Herbst-Winter-\u00d6ffnungszeiten umgestellt, daher sind ab dem 15. September nur das Thermal-Au\u00dfenbecken, das Thermal-Innenbecken und die Saunakabine im Erdgeschoss ge\u00f6ffnet. Das Erlebnisbad und der Saunapark sind GESCHLOSSEN. <a href=\"https:\/\/gyoparosfurdo-oroshaza.hu\/de\/nachrichten\/herbstoeffnungszeiten-und-informationen-2025\">Weitere Informationen<\/a>.<\/h2>\n\n<p>Zehn Kabinen, modern Saunapark, Samstags  bis 24 Uhr ge\u00f6ffnet: <b>Trocken Finnsauna<\/b> auf 60-70C\u00b0 , <b>Aromakabine<\/b> auf 50-60 C\u00b0,  <b>Biosauna mit Lichttherapie<\/b> auch auf 50-60C\u00b0, <b>Danarium<\/b> auf 30-40 C\u00b0 ,  auf 45-50C\u00b0 schweisstreibende, die 100% Luftfeuchtigkeit gew\u00e4hrleistenden <b>Dampfkabinen<\/b>, bzw. die <b>Relaxinfrakabine<\/b> auf 50-60C\u00b0, alle diese verdienen die Gesundheit und die perfekte Abspannung von Anreisenden in Gyop\u00e1rosf\u00fcrd\u0151-Heilbad-ein paar Tage bis 24 Uhr ( <a title=\"Er\u00f6ffnungszeit\" href=\"https:\/\/gyoparosfurdo-oroshaza.hu\/de\/gyoparosfurdo\/oeffnungszeiten\"> siehe Er\u00f6ffnungszeit<\/a>)<\/p>\n<p><img loading=\"lazy\" class=\"alignleft\" title=\"Saunapark\" src=\"\/wp-content\/uploads\/2012\/04\/attekinto.jpg\" alt=\"Saunapark\" width=\"190\" height=\"180\">Nat\u00fcrlich, wartet der aus 10 Kabinen bestehende Saunapark nicht nur auf die schweisstreibende Entspannungsbegeisterten, sondern auf diejenigen, die erst ab jetzt w\u00fcrden gerne die wundersch\u00f6ne Welt der Sauna, deren sogenannten Ritualm\u00e4ssigekeiten, \u00fcberhaupt deren  mehr jahrhundert alten gesundheitf\u00f6rdernden Methode kennenlernen. Den Saunaleihen helfen qualifizierte Experte, die \u201eerste Schritte\u2019 zu machen, die G\u00e4ste werden in Art und Weise des Saunabades interveniert und die Experte geben ihnen praktische Tipps und machen die G\u00e4ste auf vorkommenden Risikos oder Gefahren aufmerksam.<\/p>\n<p><img loading=\"lazy\" src=\"\/wp-content\/uploads\/2012\/04\/gyoparosfurdo-szaunamesterek.jpg\" alt=\"Unsere Saunameister\" width=\"570\" height=\"314\" class=\"aligncenter size-full wp-image-19394\" srcset=\"https:\/\/gyoparosfurdo-oroshaza.hu\/wp-content\/uploads\/2012\/04\/gyoparosfurdo-szaunamesterek.jpg 570w, https:\/\/gyoparosfurdo-oroshaza.hu\/wp-content\/uploads\/2012\/04\/gyoparosfurdo-szaunamesterek-300x165.jpg 300w, https:\/\/gyoparosfurdo-oroshaza.hu\/wp-content\/uploads\/2012\/04\/gyoparosfurdo-szaunamesterek-500x275.jpg 500w\" sizes=\"(max-width: 570px) 100vw, 570px\" \/><\/p>\n<p>In dem herrlichen Gegend bieten einige Kabinen L\u00f6sung auf verschiedene Probleme, da bei den Saunabadenden kommen es immer verschiedene Wirkungen vor. Die trockene Finnsauna hat entgiftende, Gautspannende, immunbekr\u00e4ftende Wirkung, und \u00fcberhaupt macht die Aromakabine uns frisch, vitaliziert, reinigt die Atemwege und Poren. Die Biosauna mit Lichttherapie heilt duech den Kraft der Farben, beruhigt uns w\u00e4hrend Entgiftung und Relaxation.. Die Dampfkabine macht uns Ruhe, entspannt uns und die ist seht n\u00fctzlich auch f\u00fcr Atemwe. F\u00fcr diejenigen, die  gr\u00fcndliche Entgiftung, Fettabbau, Entspannung ihrer Muskel m\u00f6chten,  f\u00fcr sie ist die stoffwechselarregende Infrakabine die beste Wahl und L\u00f6sung.<\/p>\n<table>\n<tbody>\n<tr style=\"vertical-align: top;\">\n<td style=\"vertical-align: top;\"><a href=\"\/de\/gyoparosfurdo\/panorama\"><img loading=\"lazy\" src=\"\/wp-content\/uploads\/2012\/04\/icon-360-mid.png\" width=\"63\" height=\"60\"><\/a><\/td>\n<td style=\"vertical-align: top; border: none;\"><a href=\"\/de\/gyoparosfurdo\/panorama\" style=\"font-size: 16px; font-weight: bold;\">Gyop\u00e1rosf\u00fcrd\u0151 Panorama<\/a><br \/>\nEntdecken Sie Gyop\u00e1rosf\u00fcrd\u0151 durch unseren 360\u00b0 Panoramarundgang!<\/td>\n<\/tr>\n<\/tbody>\n<\/table>\n<h3>Bildgalerie: Saunapark in Gyop\u00e1rosf\u00fcrd\u0151<\/h3>\n\n<div class=\"ngg-galleryoverview\" id=\"ngg-gallery-5-26172\">\n\n\n\t\n\t<!-- Thumbnails -->\n\t\t\n\t<div id=\"ngg-image-1655\" class=\"ngg-gallery-thumbnail-box\"  >\n\t\t<div class=\"ngg-gallery-thumbnail\" >\n\t\t\t<a href=\"https:\/\/gyoparosfurdo-oroshaza.hu\/wp-content\/gallery\/szauna\/szaunapark_gallery_20260202_1.jpg\" title=\"Sauna park \/ Szaunapark\" class=\"thickbox\" rel=\"set_5\" >\n\t\t\t\t\t\t\t\t<img title=\"Szaunapark\" alt=\"Szaunapark\" src=\"https:\/\/gyoparosfurdo-oroshaza.hu\/wp-content\/gallery\/szauna\/thumbs\/thumbs_szaunapark_gallery_20260202_1.jpg\" width=\"120\" height=\"95\" \/>\n\t\t\t\t\t\t\t<\/a>\n\t\t<\/div>\n\t<\/div>\n\t\n\t\t\n \t\t\n\t<div id=\"ngg-image-1658\" class=\"ngg-gallery-thumbnail-box\"  >\n\t\t<div class=\"ngg-gallery-thumbnail\" >\n\t\t\t<a href=\"https:\/\/gyoparosfurdo-oroshaza.hu\/wp-content\/gallery\/szauna\/szaunapark_gallery_20260202_4.jpg\" title=\"Sauna park \/ Szaunapark\" class=\"thickbox\" rel=\"set_5\" >\n\t\t\t\t\t\t\t\t<img title=\"Szaunapark\" alt=\"Szaunapark\" src=\"https:\/\/gyoparosfurdo-oroshaza.hu\/wp-content\/gallery\/szauna\/thumbs\/thumbs_szaunapark_gallery_20260202_4.jpg\" width=\"120\" height=\"95\" \/>\n\t\t\t\t\t\t\t<\/a>\n\t\t<\/div>\n\t<\/div>\n\t\n\t\t\n \t\t\n\t<div id=\"ngg-image-1659\" class=\"ngg-gallery-thumbnail-box\"  >\n\t\t<div class=\"ngg-gallery-thumbnail\" >\n\t\t\t<a href=\"https:\/\/gyoparosfurdo-oroshaza.hu\/wp-content\/gallery\/szauna\/szaunapark_gallery_20260202_5.jpg\" title=\"Sauna park \/ Szaunapark\" class=\"thickbox\" rel=\"set_5\" >\n\t\t\t\t\t\t\t\t<img title=\"Szaunapark\" alt=\"Szaunapark\" src=\"https:\/\/gyoparosfurdo-oroshaza.hu\/wp-content\/gallery\/szauna\/thumbs\/thumbs_szaunapark_gallery_20260202_5.jpg\" width=\"120\" height=\"95\" \/>\n\t\t\t\t\t\t\t<\/a>\n\t\t<\/div>\n\t<\/div>\n\t\n\t\t\n \t\t\n\t<div id=\"ngg-image-1657\" class=\"ngg-gallery-thumbnail-box\"  >\n\t\t<div class=\"ngg-gallery-thumbnail\" >\n\t\t\t<a href=\"https:\/\/gyoparosfurdo-oroshaza.hu\/wp-content\/gallery\/szauna\/szaunapark_gallery_20260202_3.jpg\" title=\"Sauna park \/ Szaunapark\" class=\"thickbox\" rel=\"set_5\" >\n\t\t\t\t\t\t\t\t<img title=\"Szaunapark\" alt=\"Szaunapark\" src=\"https:\/\/gyoparosfurdo-oroshaza.hu\/wp-content\/gallery\/szauna\/thumbs\/thumbs_szaunapark_gallery_20260202_3.jpg\" width=\"120\" height=\"95\" \/>\n\t\t\t\t\t\t\t<\/a>\n\t\t<\/div>\n\t<\/div>\n\t\n\t\t\n \t\t\n\t<div id=\"ngg-image-1656\" class=\"ngg-gallery-thumbnail-box\"  >\n\t\t<div class=\"ngg-gallery-thumbnail\" >\n\t\t\t<a href=\"https:\/\/gyoparosfurdo-oroshaza.hu\/wp-content\/gallery\/szauna\/szaunapark_gallery_20260202_2.jpg\" title=\"Sauna park \/ Szaunapark\" class=\"thickbox\" rel=\"set_5\" >\n\t\t\t\t\t\t\t\t<img title=\"Szaunapark\" alt=\"Szaunapark\" src=\"https:\/\/gyoparosfurdo-oroshaza.hu\/wp-content\/gallery\/szauna\/thumbs\/thumbs_szaunapark_gallery_20260202_2.jpg\" width=\"120\" height=\"95\" \/>\n\t\t\t\t\t\t\t<\/a>\n\t\t<\/div>\n\t<\/div>\n\t\n\t\t\n \t\t\n\t<div id=\"ngg-image-1661\" class=\"ngg-gallery-thumbnail-box\"  >\n\t\t<div class=\"ngg-gallery-thumbnail\" >\n\t\t\t<a href=\"https:\/\/gyoparosfurdo-oroshaza.hu\/wp-content\/gallery\/szauna\/szaunapark_gallery_20260202_7.jpg\" title=\"Sauna park \/ Szaunapark\" class=\"thickbox\" rel=\"set_5\" >\n\t\t\t\t\t\t\t\t<img title=\"Szaunapark\" alt=\"Szaunapark\" src=\"https:\/\/gyoparosfurdo-oroshaza.hu\/wp-content\/gallery\/szauna\/thumbs\/thumbs_szaunapark_gallery_20260202_7.jpg\" width=\"120\" height=\"95\" \/>\n\t\t\t\t\t\t\t<\/a>\n\t\t<\/div>\n\t<\/div>\n\t\n\t\t\n \t\t\n\t<div id=\"ngg-image-1660\" class=\"ngg-gallery-thumbnail-box\"  >\n\t\t<div class=\"ngg-gallery-thumbnail\" >\n\t\t\t<a href=\"https:\/\/gyoparosfurdo-oroshaza.hu\/wp-content\/gallery\/szauna\/szaunapark_gallery_20260202_6.jpg\" title=\"Sauna park \/ Szaunapark\" class=\"thickbox\" rel=\"set_5\" >\n\t\t\t\t\t\t\t\t<img title=\"Szaunapark\" alt=\"Szaunapark\" src=\"https:\/\/gyoparosfurdo-oroshaza.hu\/wp-content\/gallery\/szauna\/thumbs\/thumbs_szaunapark_gallery_20260202_6.jpg\" width=\"120\" height=\"95\" \/>\n\t\t\t\t\t\t\t<\/a>\n\t\t<\/div>\n\t<\/div>\n\t\n\t\t\n \t\t\n\t<div id=\"ngg-image-1662\" class=\"ngg-gallery-thumbnail-box\"  >\n\t\t<div class=\"ngg-gallery-thumbnail\" >\n\t\t\t<a href=\"https:\/\/gyoparosfurdo-oroshaza.hu\/wp-content\/gallery\/szauna\/szaunapark_gallery_20260202_8.jpg\" title=\"Sauna park \/ Szaunapark\" class=\"thickbox\" rel=\"set_5\" >\n\t\t\t\t\t\t\t\t<img title=\"Szaunapark\" alt=\"Szaunapark\" src=\"https:\/\/gyoparosfurdo-oroshaza.hu\/wp-content\/gallery\/szauna\/thumbs\/thumbs_szaunapark_gallery_20260202_8.jpg\" width=\"120\" height=\"95\" \/>\n\t\t\t\t\t\t\t<\/a>\n\t\t<\/div>\n\t<\/div>\n\t\n\t\t\n \t \t\n\t<!-- Pagination -->\n \t<div class='ngg-clear'><\/div>\n \t\n<\/div>\n\n\n<div class=\"kapcsolodo_tartalom\"><h3>\u00c4hnliche Inhalte<\/h3><ul class=\"custom_menu\"><li class=\"page_item page-item-25883\"><a title=\"Erlebnisbad\" href=\"https:\/\/gyoparosfurdo-oroshaza.hu\/de\/gyoparosfurdo\/erlebnisbad\">Erlebnisbad<\/a><\/li><li class=\"page_item page-item-25879\"><a title=\"Geschichte\" href=\"https:\/\/gyoparosfurdo-oroshaza.hu\/de\/gyoparosfurdo\/geschichte\">Geschichte<\/a><\/li><li class=\"page_item page-item-26348\"><a title=\"Gyop\u00e1rosf\u00fcrd\u0151 Panoramarundgang\" href=\"https:\/\/gyoparosfurdo-oroshaza.hu\/de\/gyoparosfurdo\/gyoparosfurdo-panoramarundgang\">Gyop\u00e1rosf\u00fcrd\u0151 Panoramarundgang<\/a><\/li><li class=\"page_item page-item-25900\"><a title=\"Heilbad\" href=\"https:\/\/gyoparosfurdo-oroshaza.hu\/de\/gyoparosfurdo\/heilbad\">Heilbad<\/a><\/li><\/ul><ul class=\"custom_menu\"><li class=\"page_item page-item-25995\"><a title=\"\u00d6ffnungszeiten\" href=\"https:\/\/gyoparosfurdo-oroshaza.hu\/de\/gyoparosfurdo\/oeffnungszeiten\">\u00d6ffnungszeiten<\/a><\/li><li class=\"page_item page-item-25889\"><a title=\"Parkbad, Strand\" href=\"https:\/\/gyoparosfurdo-oroshaza.hu\/de\/gyoparosfurdo\/parkbad-strand\">Parkbad, Strand<\/a><\/li><li class=\"page_item page-item-26491\"><a title=\"Parken\" href=\"https:\/\/gyoparosfurdo-oroshaza.hu\/de\/gyoparosfurdo\/parken\">Parken<\/a><\/li><li class=\"page_item page-item-26271\"><a title=\"Saunaseansen\" href=\"https:\/\/gyoparosfurdo-oroshaza.hu\/de\/gyoparosfurdo\/saunaseansen\">Saunaseansen<\/a><\/li><\/ul><ul class=\"custom_menu\"><li class=\"page_item page-item-26278\"><a title=\"Spielhaus\" href=\"https:\/\/gyoparosfurdo-oroshaza.hu\/de\/gyoparosfurdo\/spielhaus\">Spielhaus<\/a><\/li><li class=\"page_item page-item-25972\"><a title=\"Unsere Preise\" href=\"https:\/\/gyoparosfurdo-oroshaza.hu\/de\/gyoparosfurdo\/unsere-preise\">Unsere Preise<\/a><\/li><li class=\"page_item page-item-26327\"><a title=\"Videos\" href=\"https:\/\/gyoparosfurdo-oroshaza.hu\/de\/gyoparosfurdo\/videos\">Videos<\/a><\/li><li class=\"page_item page-item-26150\"><a title=\"Wellness\" href=\"https:\/\/gyoparosfurdo-oroshaza.hu\/de\/gyoparosfurdo\/wellness\">Wellness<\/a><\/li><\/ul><br class=\"clear\" \/><\/div>\n<div class=\"topten_slider_title\"><span class=\"h3\">Top Programme<\/span><a href=\"https:\/\/gyoparosfurdo-oroshaza.hu\/de\/programme\" title=\"Alle Programme anzeigen \u00bb\">Alle Programme anzeigen \u00bb<\/a><\/div><div class=\"topten_container topten_slider\" id=\"topten_slider\"><ul class=\"topten_inner\"><li class=\"topten_item\" data-id=\"tsi_1\"><a href=\"\/de\/programme\/fuer-photographer\" title=\"F\u00fcr Photographer\" class=\"topten_link\" style=\"background: url(\/wp-content\/uploads\/2012\/05\/fotosoknak-top-programok-gyoparosfurdon.jpg) top left no-repeat;\"><span class=\"title\">F\u00fcr Photographer<\/span><\/a><a href=\"\/de\/programme\/fuer-sportfans\" title=\"F\u00fcr Sportfans\" class=\"topten_link\" style=\"background: url(\/wp-content\/uploads\/2012\/05\/sportbaratoknak-top-programok-gyoparosfurdon.jpg) top left no-repeat;\"><span class=\"title\">F\u00fcr Sportfans<\/span><\/a><a href=\"\/de\/programme\/fuer-familien\" title=\"F\u00fcr Familien\" class=\"topten_link\" style=\"background: url(\/wp-content\/uploads\/2012\/05\/csaladosoknak-top-programok-gyoparosfurdon.jpg) top left no-repeat;\"><span class=\"title\">F\u00fcr Familien<\/span><\/a><a href=\"\/de\/programme\/im-sommer\" title=\"Im Sommer\" class=\"topten_link\" style=\"background: url(\/wp-content\/uploads\/2012\/05\/nyaron-top-programok-gyoparosfurdon.jpg) top left no-repeat;\"><span class=\"title\">Im Sommer<\/span><\/a><a href=\"\/de\/programme\/1-tag\" title=\"Auf ein Tag\" class=\"topten_link\" style=\"background: url(\/wp-content\/uploads\/2012\/05\/1-napra-top-programok-gyoparosfurdon.jpg) top left no-repeat;\"><span class=\"title\">Auf ein Tag<\/span><\/a><a href=\"\/de\/programme\/fuer-fahrraeder\" title=\"F\u00fcr Fahrr\u00e4der\" class=\"topten_link\" style=\"background: url(\/wp-content\/uploads\/2012\/05\/kerekparosoknak-top-programok-gyoparosfurdon.jpg) top left no-repeat;\"><span class=\"title\">F\u00fcr Fahrr\u00e4der<\/span><\/a><\/li><li class=\"topten_item\" data-id=\"tsi_2\"><a href=\"\/de\/programme\/fuer-wochenende\" title=\"Wochenende\" class=\"topten_link\" style=\"background: url(\/wp-content\/uploads\/2012\/05\/hetvegere-top-programok-gyoparosfurdon.jpg) top left no-repeat;\"><span class=\"title\">Wochenende<\/span><\/a><a href=\"\/de\/programme\/im-winter\" title=\"Im Winter\" class=\"topten_link\" style=\"background: url(\/wp-content\/uploads\/2012\/05\/telen-top-programok-gyoparosfurdon.jpg) top left no-repeat;\"><span class=\"title\">Im Winter<\/span><\/a><a href=\"\/de\/programme\/fuer-jugend\" title=\"F\u00fcr Jugend\" class=\"topten_link\" style=\"background: url(\/wp-content\/uploads\/2012\/05\/fiataloknak-top-programok-gyoparosfurdon.jpg) top left no-repeat;\"><span class=\"title\">F\u00fcr Jugend<\/span><\/a><a href=\"\/de\/programme\/fuer-paare\" title=\"F\u00fcr Paare\" class=\"topten_link\" style=\"background: url(\/wp-content\/uploads\/2012\/05\/paroknak-top-programok-gyoparosfurdon.jpg) top left no-repeat;\"><span class=\"title\">F\u00fcr Paare<\/span><\/a><a href=\"\/de\/programme\/mit-dem-auto\" title=\"Mit dem Auto\" class=\"topten_link\" style=\"background: url(\/wp-content\/uploads\/2012\/05\/autoval-top-programok-gyoparosfurdon.jpg) top left no-repeat;\"><span class=\"title\">Mit dem Auto<\/span><\/a><a href=\"\/de\/programme\/fuer-kulturfans\" title=\"F\u00fcr Kulturfans\" class=\"topten_link\" style=\"background: url(\/wp-content\/uploads\/2012\/05\/kulturabaratoknak-top-programok-gyoparosfurdon.jpg) top left no-repeat;\"><span class=\"title\">F\u00fcr Kulturfans<\/span><\/a><\/li><li class=\"topten_item\" data-id=\"tsi_3\"><a href=\"\/de\/programme\/1-woche\" title=\"Auf eine Woche\" class=\"topten_link\" style=\"background: url(\/wp-content\/uploads\/2012\/05\/1-hetre-top-programok-gyoparosfurdon.jpg) top left no-repeat;\"><span class=\"title\">Auf eine Woche<\/span><\/a><a href=\"\/de\/programme\/fuer-angeln\" title=\"F\u00fcr Angeln\" class=\"topten_link\" style=\"background: url(\/wp-content\/uploads\/2012\/05\/horgaszoknak-top-programok-gyoparosfurdon.jpg) top left no-repeat;\"><span class=\"title\">F\u00fcr Angeln<\/span><\/a><\/ul><div class=\"lapozobox\"><span id=\"lprev\"><\/span><span id=\"lnext\"><\/span><span id=\"ts_1\" class=\"active\"><\/span><span id=\"ts_2\" ><\/span><span id=\"ts_3\" ><\/span><\/div><\/div>\n","protected":false},"excerpt":{"rendered":"<p>Zehn Kabinen, modern Saunapark, Samstags bis 24 Uhr ge\u00f6ffnet: Trocken Finnsauna auf 60-70C\u00b0 , Aromakabine auf 50-60 C\u00b0, Biosauna mit Lichttherapie auch auf 50-60C\u00b0, Danarium auf 30-40 C\u00b0 , auf 45-50C\u00b0 schweisstreibende, die 100% Luftfeuchtigkeit gew\u00e4hrleistenden Dampfkabinen, bzw. die Relaxinfrakabine &hellip; <a href=\"https:\/\/gyoparosfurdo-oroshaza.hu\/de\/gyoparosfurdo\/saunapark\">Folytat\u00e1s <span class=\"meta-nav\">&rarr;<\/span><\/a><\/p>\n","protected":false},"author":6,"featured_media":0,"parent":25866,"menu_order":0,"comment_status":"closed","ping_status":"closed","template":"","meta":[],"_links":{"self":[{"href":"https:\/\/gyoparosfurdo-oroshaza.hu\/de\/wp-json\/wp\/v2\/pages\/26172"}],"collection":[{"href":"https:\/\/gyoparosfurdo-oroshaza.hu\/de\/wp-json\/wp\/v2\/pages"}],"about":[{"href":"https:\/\/gyoparosfurdo-oroshaza.hu\/de\/wp-json\/wp\/v2\/types\/page"}],"author":[{"embeddable":true,"href":"https:\/\/gyoparosfurdo-oroshaza.hu\/de\/wp-json\/wp\/v2\/users\/6"}],"replies":[{"embeddable":true,"href":"https:\/\/gyoparosfurdo-oroshaza.hu\/de\/wp-json\/wp\/v2\/comments?post=26172"}],"version-history":[{"count":7,"href":"https:\/\/gyoparosfurdo-oroshaza.hu\/de\/wp-json\/wp\/v2\/pages\/26172\/revisions"}],"predecessor-version":[{"id":39853,"href":"https:\/\/gyoparosfurdo-oroshaza.hu\/de\/wp-json\/wp\/v2\/pages\/26172\/revisions\/39853"}],"up":[{"embeddable":true,"href":"https:\/\/gyoparosfurdo-oroshaza.hu\/de\/wp-json\/wp\/v2\/pages\/25866"}],"wp:attachment":[{"href":"https:\/\/gyoparosfurdo-oroshaza.hu\/de\/wp-json\/wp\/v2\/media?parent=26172"}],"curies":[{"name":"wp","href":"https:\/\/api.w.org\/{rel}","templated":true}]}}