{"id":26150,"date":"2012-04-16T10:31:14","date_gmt":"2012-04-16T08:31:14","guid":{"rendered":"https:\/\/gyoparosfurdo-oroshaza.hu\/wellness"},"modified":"2022-03-02T11:32:30","modified_gmt":"2022-03-02T10:32:30","slug":"wellness","status":"publish","type":"page","link":"https:\/\/gyoparosfurdo-oroshaza.hu\/de\/gyoparosfurdo\/wellness","title":{"rendered":"Wellness"},"content":{"rendered":"\n<p>Nach einen Sommerurlaub in Orosh\u00e1za-Gyop\u00e1rosf\u00fcrd\u0151 erfrischt zu sein, fast immer ein neuer Mensch zu werden, k\u00f6nnen wir an zahlreichen, wertvollen Erlebnissen und Erfahrungen reicher nach unsere Hause bzw, in unsere Alltage r\u00fcckfahren.<\/p>\n<p><img loading=\"lazy\" src=\"\/wp-content\/uploads\/2012\/04\/w1.jpg\" alt=\"Wellness Gyop\u00e1rosf\u00fcrd\u0151\" width=\"190\" height=\"140\" class=\"alignleft\">Wir bringen mit uns die Erinnerungen des unvergesslich sch\u00f6nes Gegends, s\u00e4mtliche, lustige Momente mit dem herrvorragendem Geschmack der Gerichte von der Grossebene heim, und wir k\u00f6nnten noch weiter aufz\u00e4hlen, was anderes noch  Es gibt aber Sachen, die nicht n\u00f6tig sind, mitzuholen, wen wir in Gyop\u00e1rosf\u00fcrd\u0151 nicht nur die aktiv Erlebnisse suchen, sondern uns auch relaxiren m\u00f6chten, um erneut Kraft und Energie  aufzunehmen.<\/p>\n<p><img loading=\"lazy\" src=\"\/wp-content\/uploads\/2017\/02\/kis-masszazs.jpg\" width=\"190\" height=\"160\" class=\"alignleft\">Die Dienstleistungen der Wellness, das  unserer Haut sch\u00f6ne Braunfarbe leihende gefahrlos Solarium, das f\u00fcr viele Gesundheitsprobleme L\u00f6sungen anbietende Raum zur Salztherapie, Pedik\u00fcre, die unseren F\u00fcsse die eigene Sch\u00f6nheit zur\u00fcckkehrt, sowie die zwecks Heilung dienende Aroma f\u00fcr zahlreiche Problem und Erkrankungen, ausserdem gibt es noch erfrischende, Relaxation gew\u00e4hrleisetende Massage, die auch dem K\u00f6rper eine sch\u00f6ne Figur geben k\u00f6nnen.. alle diese helfen uns, unsere Elende und Klagen hinter den R\u00fccken lassen, damit wir Kraftvoll und voll mit Enrgie nach den verbrachten Erholungstagen in Gyoprosf\u00fcrd\u0151 nach Hause kehren k\u00f6nnen.<\/p>\n<p>Zur Massagetermine kann man sich an folgende Tel.nr. anmelden: +36 (68) 512-260 oder +36 (68) 512-262; bei Medizinischer Kasse zur Pedik\u00fcrdienstleistung (er\u00f6ffnet : Mitwoch-Sonntag, und auch am Feiertagen)  +36-70\/239-3486<\/p>\n<p>An obengenannten Dienstleistungen lohnt es sich, rechtzeitig anzumelden im Voraus, damit unsere Erholung und Abspannung vollkommen perfekt gelingt.<\/p>\n<div style=\"clear: both;margin-top:20px\"><\/div>\n\n<div class=\"ngg-galleryoverview\" id=\"ngg-gallery-90-26150\">\n\n\n\t\n\t<!-- Thumbnails -->\n\t\t\n\t<div id=\"ngg-image-1273\" class=\"ngg-gallery-thumbnail-box\"  >\n\t\t<div class=\"ngg-gallery-thumbnail\" >\n\t\t\t<a href=\"https:\/\/gyoparosfurdo-oroshaza.hu\/wp-content\/gallery\/wellness_2\/w7.jpg\" title=\"Wellness Gyop\u00e1rosf\u00fcrd\u0151\" class=\"thickbox\" rel=\"set_90\" >\n\t\t\t\t\t\t\t\t<img title=\"Wellness Gyop\u00e1rosf\u00fcrd\u0151\" alt=\"Wellness Gyop\u00e1rosf\u00fcrd\u0151\" src=\"https:\/\/gyoparosfurdo-oroshaza.hu\/wp-content\/gallery\/wellness_2\/thumbs\/thumbs_w7.jpg\" width=\"120\" height=\"95\" \/>\n\t\t\t\t\t\t\t<\/a>\n\t\t<\/div>\n\t<\/div>\n\t\n\t\t\n \t\t\n\t<div id=\"ngg-image-1274\" class=\"ngg-gallery-thumbnail-box\"  >\n\t\t<div class=\"ngg-gallery-thumbnail\" >\n\t\t\t<a href=\"https:\/\/gyoparosfurdo-oroshaza.hu\/wp-content\/gallery\/wellness_2\/w8.jpg\" title=\"Wellness Gyop\u00e1rosf\u00fcrd\u0151\" class=\"thickbox\" rel=\"set_90\" >\n\t\t\t\t\t\t\t\t<img title=\"Wellness Gyop\u00e1rosf\u00fcrd\u0151\" alt=\"Wellness Gyop\u00e1rosf\u00fcrd\u0151\" src=\"https:\/\/gyoparosfurdo-oroshaza.hu\/wp-content\/gallery\/wellness_2\/thumbs\/thumbs_w8.jpg\" width=\"120\" height=\"95\" \/>\n\t\t\t\t\t\t\t<\/a>\n\t\t<\/div>\n\t<\/div>\n\t\n\t\t\n \t\t\n\t<div id=\"ngg-image-1267\" class=\"ngg-gallery-thumbnail-box\"  >\n\t\t<div class=\"ngg-gallery-thumbnail\" >\n\t\t\t<a href=\"https:\/\/gyoparosfurdo-oroshaza.hu\/wp-content\/gallery\/wellness_2\/w1.jpg\" title=\"Wellness Gyop\u00e1rosf\u00fcrd\u0151\" class=\"thickbox\" rel=\"set_90\" >\n\t\t\t\t\t\t\t\t<img title=\"Wellness Gyop\u00e1rosf\u00fcrd\u0151\" alt=\"Wellness Gyop\u00e1rosf\u00fcrd\u0151\" src=\"https:\/\/gyoparosfurdo-oroshaza.hu\/wp-content\/gallery\/wellness_2\/thumbs\/thumbs_w1.jpg\" width=\"120\" height=\"95\" \/>\n\t\t\t\t\t\t\t<\/a>\n\t\t<\/div>\n\t<\/div>\n\t\n\t\t\n \t\t\n\t<div id=\"ngg-image-1268\" class=\"ngg-gallery-thumbnail-box\"  >\n\t\t<div class=\"ngg-gallery-thumbnail\" >\n\t\t\t<a href=\"https:\/\/gyoparosfurdo-oroshaza.hu\/wp-content\/gallery\/wellness_2\/w2.jpg\" title=\"Wellness Gyop\u00e1rosf\u00fcrd\u0151\" class=\"thickbox\" rel=\"set_90\" >\n\t\t\t\t\t\t\t\t<img title=\"Wellness Gyop\u00e1rosf\u00fcrd\u0151\" alt=\"Wellness Gyop\u00e1rosf\u00fcrd\u0151\" src=\"https:\/\/gyoparosfurdo-oroshaza.hu\/wp-content\/gallery\/wellness_2\/thumbs\/thumbs_w2.jpg\" width=\"120\" height=\"95\" \/>\n\t\t\t\t\t\t\t<\/a>\n\t\t<\/div>\n\t<\/div>\n\t\n\t\t\n \t\t\n\t<div id=\"ngg-image-1269\" class=\"ngg-gallery-thumbnail-box\"  >\n\t\t<div class=\"ngg-gallery-thumbnail\" >\n\t\t\t<a href=\"https:\/\/gyoparosfurdo-oroshaza.hu\/wp-content\/gallery\/wellness_2\/w3.jpg\" title=\"Wellness Gyop\u00e1rosf\u00fcrd\u0151\" class=\"thickbox\" rel=\"set_90\" >\n\t\t\t\t\t\t\t\t<img title=\"Wellness Gyop\u00e1rosf\u00fcrd\u0151\" alt=\"Wellness Gyop\u00e1rosf\u00fcrd\u0151\" src=\"https:\/\/gyoparosfurdo-oroshaza.hu\/wp-content\/gallery\/wellness_2\/thumbs\/thumbs_w3.jpg\" width=\"120\" height=\"95\" \/>\n\t\t\t\t\t\t\t<\/a>\n\t\t<\/div>\n\t<\/div>\n\t\n\t\t\n \t\t\n\t<div id=\"ngg-image-1270\" class=\"ngg-gallery-thumbnail-box\"  >\n\t\t<div class=\"ngg-gallery-thumbnail\" >\n\t\t\t<a href=\"https:\/\/gyoparosfurdo-oroshaza.hu\/wp-content\/gallery\/wellness_2\/w4.jpg\" title=\"Wellness Gyop\u00e1rosf\u00fcrd\u0151\" class=\"thickbox\" rel=\"set_90\" >\n\t\t\t\t\t\t\t\t<img title=\"Wellness Gyop\u00e1rosf\u00fcrd\u0151\" alt=\"Wellness Gyop\u00e1rosf\u00fcrd\u0151\" src=\"https:\/\/gyoparosfurdo-oroshaza.hu\/wp-content\/gallery\/wellness_2\/thumbs\/thumbs_w4.jpg\" width=\"120\" height=\"95\" \/>\n\t\t\t\t\t\t\t<\/a>\n\t\t<\/div>\n\t<\/div>\n\t\n\t\t\n \t\t\n\t<div id=\"ngg-image-1271\" class=\"ngg-gallery-thumbnail-box\"  >\n\t\t<div class=\"ngg-gallery-thumbnail\" >\n\t\t\t<a href=\"https:\/\/gyoparosfurdo-oroshaza.hu\/wp-content\/gallery\/wellness_2\/w5.jpg\" title=\"Wellness Gyop\u00e1rosf\u00fcrd\u0151\" class=\"thickbox\" rel=\"set_90\" >\n\t\t\t\t\t\t\t\t<img title=\"Wellness Gyop\u00e1rosf\u00fcrd\u0151\" alt=\"Wellness Gyop\u00e1rosf\u00fcrd\u0151\" src=\"https:\/\/gyoparosfurdo-oroshaza.hu\/wp-content\/gallery\/wellness_2\/thumbs\/thumbs_w5.jpg\" width=\"120\" height=\"95\" \/>\n\t\t\t\t\t\t\t<\/a>\n\t\t<\/div>\n\t<\/div>\n\t\n\t\t\n \t\t\n\t<div id=\"ngg-image-1272\" class=\"ngg-gallery-thumbnail-box\"  >\n\t\t<div class=\"ngg-gallery-thumbnail\" >\n\t\t\t<a href=\"https:\/\/gyoparosfurdo-oroshaza.hu\/wp-content\/gallery\/wellness_2\/w6.jpg\" title=\"Wellness Gyop\u00e1rosf\u00fcrd\u0151\" class=\"thickbox\" rel=\"set_90\" >\n\t\t\t\t\t\t\t\t<img title=\"Wellness Gyop\u00e1rosf\u00fcrd\u0151\" alt=\"Wellness Gyop\u00e1rosf\u00fcrd\u0151\" src=\"https:\/\/gyoparosfurdo-oroshaza.hu\/wp-content\/gallery\/wellness_2\/thumbs\/thumbs_w6.jpg\" width=\"120\" height=\"95\" \/>\n\t\t\t\t\t\t\t<\/a>\n\t\t<\/div>\n\t<\/div>\n\t\n\t\t\n \t \t\n\t<!-- Pagination -->\n \t<div class='ngg-clear'><\/div>\n \t\n<\/div>\n\n\n<div class=\"kapcsolodo_tartalom\"><h3>\u00c4hnliche Inhalte<\/h3><ul class=\"custom_menu\"><li class=\"page_item page-item-25883\"><a title=\"Erlebnisbad\" href=\"https:\/\/gyoparosfurdo-oroshaza.hu\/de\/gyoparosfurdo\/erlebnisbad\">Erlebnisbad<\/a><\/li><li class=\"page_item page-item-25879\"><a title=\"Geschichte\" href=\"https:\/\/gyoparosfurdo-oroshaza.hu\/de\/gyoparosfurdo\/geschichte\">Geschichte<\/a><\/li><li class=\"page_item page-item-26348\"><a title=\"Gyop\u00e1rosf\u00fcrd\u0151 Panoramarundgang\" href=\"https:\/\/gyoparosfurdo-oroshaza.hu\/de\/gyoparosfurdo\/gyoparosfurdo-panoramarundgang\">Gyop\u00e1rosf\u00fcrd\u0151 Panoramarundgang<\/a><\/li><li class=\"page_item page-item-25900\"><a title=\"Heilbad\" href=\"https:\/\/gyoparosfurdo-oroshaza.hu\/de\/gyoparosfurdo\/heilbad\">Heilbad<\/a><\/li><\/ul><ul class=\"custom_menu\"><li class=\"page_item page-item-25995\"><a title=\"\u00d6ffnungszeiten\" href=\"https:\/\/gyoparosfurdo-oroshaza.hu\/de\/gyoparosfurdo\/oeffnungszeiten\">\u00d6ffnungszeiten<\/a><\/li><li class=\"page_item page-item-25889\"><a title=\"Parkbad, Strand\" href=\"https:\/\/gyoparosfurdo-oroshaza.hu\/de\/gyoparosfurdo\/parkbad-strand\">Parkbad, Strand<\/a><\/li><li class=\"page_item page-item-26491\"><a title=\"Parken\" href=\"https:\/\/gyoparosfurdo-oroshaza.hu\/de\/gyoparosfurdo\/parken\">Parken<\/a><\/li><li class=\"page_item page-item-26172\"><a title=\"Saunapark\" href=\"https:\/\/gyoparosfurdo-oroshaza.hu\/de\/gyoparosfurdo\/saunapark\">Saunapark<\/a><\/li><\/ul><ul class=\"custom_menu\"><li class=\"page_item page-item-26271\"><a title=\"Saunaseansen\" href=\"https:\/\/gyoparosfurdo-oroshaza.hu\/de\/gyoparosfurdo\/saunaseansen\">Saunaseansen<\/a><\/li><li class=\"page_item page-item-26278\"><a title=\"Spielhaus\" href=\"https:\/\/gyoparosfurdo-oroshaza.hu\/de\/gyoparosfurdo\/spielhaus\">Spielhaus<\/a><\/li><li class=\"page_item page-item-25972\"><a title=\"Unsere Preise\" href=\"https:\/\/gyoparosfurdo-oroshaza.hu\/de\/gyoparosfurdo\/unsere-preise\">Unsere Preise<\/a><\/li><li class=\"page_item page-item-26327\"><a title=\"Videos\" href=\"https:\/\/gyoparosfurdo-oroshaza.hu\/de\/gyoparosfurdo\/videos\">Videos<\/a><\/li><\/ul><br class=\"clear\" \/><\/div>\n<div class=\"topten_slider_title\"><span class=\"h3\">Top Programme<\/span><a href=\"https:\/\/gyoparosfurdo-oroshaza.hu\/de\/programme\" title=\"Alle Programme anzeigen \u00bb\">Alle Programme anzeigen \u00bb<\/a><\/div><div class=\"topten_container topten_slider\" id=\"topten_slider\"><ul class=\"topten_inner\"><li class=\"topten_item\" data-id=\"tsi_1\"><a href=\"\/de\/programme\/fuer-photographer\" title=\"F\u00fcr Photographer\" class=\"topten_link\" style=\"background: url(\/wp-content\/uploads\/2012\/05\/fotosoknak-top-programok-gyoparosfurdon.jpg) top left no-repeat;\"><span class=\"title\">F\u00fcr Photographer<\/span><\/a><a href=\"\/de\/programme\/fuer-sportfans\" title=\"F\u00fcr Sportfans\" class=\"topten_link\" style=\"background: url(\/wp-content\/uploads\/2012\/05\/sportbaratoknak-top-programok-gyoparosfurdon.jpg) top left no-repeat;\"><span class=\"title\">F\u00fcr Sportfans<\/span><\/a><a href=\"\/de\/programme\/fuer-familien\" title=\"F\u00fcr Familien\" class=\"topten_link\" style=\"background: url(\/wp-content\/uploads\/2012\/05\/csaladosoknak-top-programok-gyoparosfurdon.jpg) top left no-repeat;\"><span class=\"title\">F\u00fcr Familien<\/span><\/a><a href=\"\/de\/programme\/im-sommer\" title=\"Im Sommer\" class=\"topten_link\" style=\"background: url(\/wp-content\/uploads\/2012\/05\/nyaron-top-programok-gyoparosfurdon.jpg) top left no-repeat;\"><span class=\"title\">Im Sommer<\/span><\/a><a href=\"\/de\/programme\/1-tag\" title=\"Auf ein Tag\" class=\"topten_link\" style=\"background: url(\/wp-content\/uploads\/2012\/05\/1-napra-top-programok-gyoparosfurdon.jpg) top left no-repeat;\"><span class=\"title\">Auf ein Tag<\/span><\/a><a href=\"\/de\/programme\/fuer-fahrraeder\" title=\"F\u00fcr Fahrr\u00e4der\" class=\"topten_link\" style=\"background: url(\/wp-content\/uploads\/2012\/05\/kerekparosoknak-top-programok-gyoparosfurdon.jpg) top left no-repeat;\"><span class=\"title\">F\u00fcr Fahrr\u00e4der<\/span><\/a><\/li><li class=\"topten_item\" data-id=\"tsi_2\"><a href=\"\/de\/programme\/fuer-wochenende\" title=\"Wochenende\" class=\"topten_link\" style=\"background: url(\/wp-content\/uploads\/2012\/05\/hetvegere-top-programok-gyoparosfurdon.jpg) top left no-repeat;\"><span class=\"title\">Wochenende<\/span><\/a><a href=\"\/de\/programme\/im-winter\" title=\"Im Winter\" class=\"topten_link\" style=\"background: url(\/wp-content\/uploads\/2012\/05\/telen-top-programok-gyoparosfurdon.jpg) top left no-repeat;\"><span class=\"title\">Im Winter<\/span><\/a><a href=\"\/de\/programme\/fuer-jugend\" title=\"F\u00fcr Jugend\" class=\"topten_link\" style=\"background: url(\/wp-content\/uploads\/2012\/05\/fiataloknak-top-programok-gyoparosfurdon.jpg) top left no-repeat;\"><span class=\"title\">F\u00fcr Jugend<\/span><\/a><a href=\"\/de\/programme\/fuer-paare\" title=\"F\u00fcr Paare\" class=\"topten_link\" style=\"background: url(\/wp-content\/uploads\/2012\/05\/paroknak-top-programok-gyoparosfurdon.jpg) top left no-repeat;\"><span class=\"title\">F\u00fcr Paare<\/span><\/a><a href=\"\/de\/programme\/mit-dem-auto\" title=\"Mit dem Auto\" class=\"topten_link\" style=\"background: url(\/wp-content\/uploads\/2012\/05\/autoval-top-programok-gyoparosfurdon.jpg) top left no-repeat;\"><span class=\"title\">Mit dem Auto<\/span><\/a><a href=\"\/de\/programme\/fuer-kulturfans\" title=\"F\u00fcr Kulturfans\" class=\"topten_link\" style=\"background: url(\/wp-content\/uploads\/2012\/05\/kulturabaratoknak-top-programok-gyoparosfurdon.jpg) top left no-repeat;\"><span class=\"title\">F\u00fcr Kulturfans<\/span><\/a><\/li><li class=\"topten_item\" data-id=\"tsi_3\"><a href=\"\/de\/programme\/1-woche\" title=\"Auf eine Woche\" class=\"topten_link\" style=\"background: url(\/wp-content\/uploads\/2012\/05\/1-hetre-top-programok-gyoparosfurdon.jpg) top left no-repeat;\"><span class=\"title\">Auf eine Woche<\/span><\/a><a href=\"\/de\/programme\/fuer-angeln\" title=\"F\u00fcr Angeln\" class=\"topten_link\" style=\"background: url(\/wp-content\/uploads\/2012\/05\/horgaszoknak-top-programok-gyoparosfurdon.jpg) top left no-repeat;\"><span class=\"title\">F\u00fcr Angeln<\/span><\/a><\/ul><div class=\"lapozobox\"><span id=\"lprev\"><\/span><span id=\"lnext\"><\/span><span id=\"ts_1\" class=\"active\"><\/span><span id=\"ts_2\" ><\/span><span id=\"ts_3\" ><\/span><\/div><\/div>\n","protected":false},"excerpt":{"rendered":"<p>Nach einen Sommerurlaub in Orosh\u00e1za-Gyop\u00e1rosf\u00fcrd\u0151 erfrischt zu sein, fast immer ein neuer Mensch zu werden, k\u00f6nnen wir an zahlreichen, wertvollen Erlebnissen und Erfahrungen reicher nach unsere Hause bzw, in unsere Alltage r\u00fcckfahren. Wir bringen mit uns die Erinnerungen des unvergesslich &hellip; <a href=\"https:\/\/gyoparosfurdo-oroshaza.hu\/de\/gyoparosfurdo\/wellness\">Folytat\u00e1s <span class=\"meta-nav\">&rarr;<\/span><\/a><\/p>\n","protected":false},"author":6,"featured_media":0,"parent":25866,"menu_order":0,"comment_status":"closed","ping_status":"closed","template":"","meta":[],"_links":{"self":[{"href":"https:\/\/gyoparosfurdo-oroshaza.hu\/de\/wp-json\/wp\/v2\/pages\/26150"}],"collection":[{"href":"https:\/\/gyoparosfurdo-oroshaza.hu\/de\/wp-json\/wp\/v2\/pages"}],"about":[{"href":"https:\/\/gyoparosfurdo-oroshaza.hu\/de\/wp-json\/wp\/v2\/types\/page"}],"author":[{"embeddable":true,"href":"https:\/\/gyoparosfurdo-oroshaza.hu\/de\/wp-json\/wp\/v2\/users\/6"}],"replies":[{"embeddable":true,"href":"https:\/\/gyoparosfurdo-oroshaza.hu\/de\/wp-json\/wp\/v2\/comments?post=26150"}],"version-history":[{"count":1,"href":"https:\/\/gyoparosfurdo-oroshaza.hu\/de\/wp-json\/wp\/v2\/pages\/26150\/revisions"}],"predecessor-version":[{"id":36307,"href":"https:\/\/gyoparosfurdo-oroshaza.hu\/de\/wp-json\/wp\/v2\/pages\/26150\/revisions\/36307"}],"up":[{"embeddable":true,"href":"https:\/\/gyoparosfurdo-oroshaza.hu\/de\/wp-json\/wp\/v2\/pages\/25866"}],"wp:attachment":[{"href":"https:\/\/gyoparosfurdo-oroshaza.hu\/de\/wp-json\/wp\/v2\/media?parent=26150"}],"curies":[{"name":"wp","href":"https:\/\/api.w.org\/{rel}","templated":true}]}}