{"id":26133,"date":"2012-04-16T08:43:07","date_gmt":"2012-04-16T06:43:07","guid":{"rendered":"https:\/\/gyoparosfurdo-oroshaza.hu\/sturmland"},"modified":"2012-04-16T08:43:07","modified_gmt":"2012-04-16T07:43:07","slug":"sturmland","status":"publish","type":"page","link":"https:\/\/gyoparosfurdo-oroshaza.hu\/de\/oroshaza\/sturmland","title":{"rendered":"Sturmland"},"content":{"rendered":"<h2>Nach langdauernden, st\u00fcrmischen, unruhigen Jahrhunderten, ist die Region \u201eSturmland\u201d heute eine der ruhevollen und friedvollen Regionen Ungarns.<\/h2>\n<p> Die Namengebung, die  von in der Umgebung von K\u00f6r\u00f6s-Fl\u00fcssen und s\u00fcdlich von den Fl\u00fcssen lebenden Leuten auch huete regelm\u00e4ssig und stolz angewendet wird, dehnt sich in die geschichtlichen Zeiten, biszum zweiter H\u00e4lfte des 19. Jahrhunderts zur\u00fcck.  B\u00e9k\u00e9s, Csongr\u00e1d und mit diesem teilweise verschmolzenen Komitaten Arad, Csan\u00e1d und Toront\u00e1l waren laut Zeit nach Zeit wegen agrarsozialen Rebellionen, deren Vergeltungen, wegen gelegentlichen bewaffneten Aufst\u00e4ndenund wegen tragisch endeten Gendarmensalven. Die Unruheherd wurde von Mitte des 19. Jahrhunderts stillgeblieben und seitdem ist es wirklich eine \u201eruhenvoll\u201d Komitat.<\/p>\n<p><img loading=\"lazy\" src=\"\/wp-content\/uploads\/2012\/04\/viharsarok_puszta.jpg\" alt=\"Sturmland\" title=\"Unruherend\" width=\"190\" height=\"190\" class=\"alignleft\" \/>Die im heutigen Sinn genommene Unruheherd, n\u00e4hmlich die geographische Region, die Orosh\u00e1za, B\u00e9k\u00e9scsaba, Mez\u0151kov\u00e1csh\u00e1za und Mez\u0151hegyes umfasst oder wenn es einem passt,  bietet der s\u00fcd-\u00f6stliche Zipfel Ungarns zahlreiche Sehensw\u00fcrdigkeiten  den an die Tiefebene ankommenden Touristen an. Die Region ist reich an sowohl kulturellen Erinnerungen als  an Naturwerten. Die Kulutur,-und Naturs\u00fcchtigen finden, ihrem Interesse gem\u00e4ss, gleichzeitig die M\u00f6glichkeiten um sich zu entspannen, und Zeit zu verbringen.  Es lohnt sich, sich auf den Weg machen, und die gr\u00f6ssere St\u00e4dte so wie die verborgenen Winkel der Unruheherd. Die aktiv Erholungsbegeisterten werden sich sicherlich nicht entt\u00e4uschen, wenn sie zu sich w\u00e4hrend Urlaub in Orosh\u00e1za f\u00fcr ein paar mal den Wanderstab nehmen.<\/p>\n<h3>Bildgalerie<\/h3>\n\n<div class=\"ngg-galleryoverview\" id=\"ngg-gallery-9-26133\">\n\n\n\t\n\t<!-- Thumbnails -->\n\t\t\n\t<div id=\"ngg-image-221\" class=\"ngg-gallery-thumbnail-box\"  >\n\t\t<div class=\"ngg-gallery-thumbnail\" >\n\t\t\t<a href=\"https:\/\/gyoparosfurdo-oroshaza.hu\/wp-content\/gallery\/viharsarok\/viharsarok_1.jpg\" title=\"Gyop\u00e1rosf\u00fcrd\u0151 a Panor\u00e1ma kil\u00e1t\u00f3val \u00e9s a Gyop\u00e1rosi t\u00f3val\" class=\"thickbox\" rel=\"set_9\" >\n\t\t\t\t\t\t\t\t<img title=\"Gyop\u00e1rosf\u00fcrd\u0151 a t\u00f3 fel\u0151l\" alt=\"Gyop\u00e1rosf\u00fcrd\u0151 a t\u00f3 fel\u0151l\" src=\"https:\/\/gyoparosfurdo-oroshaza.hu\/wp-content\/gallery\/viharsarok\/thumbs\/thumbs_viharsarok_1.jpg\" width=\"120\" height=\"95\" \/>\n\t\t\t\t\t\t\t<\/a>\n\t\t<\/div>\n\t<\/div>\n\t\n\t\t\n \t\t\n\t<div id=\"ngg-image-222\" class=\"ngg-gallery-thumbnail-box\"  >\n\t\t<div class=\"ngg-gallery-thumbnail\" >\n\t\t\t<a href=\"https:\/\/gyoparosfurdo-oroshaza.hu\/wp-content\/gallery\/viharsarok\/viharsarok_2.jpg\" title=\"Orosh\u00e1zi evang\u00e9likus templom\" class=\"thickbox\" rel=\"set_9\" >\n\t\t\t\t\t\t\t\t<img title=\"Orosh\u00e1zi evang\u00e9likus templom\" alt=\"Orosh\u00e1zi evang\u00e9likus templom\" src=\"https:\/\/gyoparosfurdo-oroshaza.hu\/wp-content\/gallery\/viharsarok\/thumbs\/thumbs_viharsarok_2.jpg\" width=\"120\" height=\"95\" \/>\n\t\t\t\t\t\t\t<\/a>\n\t\t<\/div>\n\t<\/div>\n\t\n\t\t\n \t\t\n\t<div id=\"ngg-image-223\" class=\"ngg-gallery-thumbnail-box\"  >\n\t\t<div class=\"ngg-gallery-thumbnail\" >\n\t\t\t<a href=\"https:\/\/gyoparosfurdo-oroshaza.hu\/wp-content\/gallery\/viharsarok\/viharsarok_3.jpg\" title=\"Sz\u00fcrkemarh\u00e1k Kardosk\u00faton\" class=\"thickbox\" rel=\"set_9\" >\n\t\t\t\t\t\t\t\t<img title=\"Sz\u00fcrkemarh\u00e1k Kardosk\u00faton\" alt=\"Sz\u00fcrkemarh\u00e1k Kardosk\u00faton\" src=\"https:\/\/gyoparosfurdo-oroshaza.hu\/wp-content\/gallery\/viharsarok\/thumbs\/thumbs_viharsarok_3.jpg\" width=\"120\" height=\"95\" \/>\n\t\t\t\t\t\t\t<\/a>\n\t\t<\/div>\n\t<\/div>\n\t\n\t\t\n \t\t\n\t<div id=\"ngg-image-224\" class=\"ngg-gallery-thumbnail-box\"  >\n\t\t<div class=\"ngg-gallery-thumbnail\" >\n\t\t\t<a href=\"https:\/\/gyoparosfurdo-oroshaza.hu\/wp-content\/gallery\/viharsarok\/viharsarok_4.jpg\" title=\"Az orosh\u00e1zi tanyavil\u00e1g\" class=\"thickbox\" rel=\"set_9\" >\n\t\t\t\t\t\t\t\t<img title=\"Az orosh\u00e1zi tanyavil\u00e1g\" alt=\"Az orosh\u00e1zi tanyavil\u00e1g\" src=\"https:\/\/gyoparosfurdo-oroshaza.hu\/wp-content\/gallery\/viharsarok\/thumbs\/thumbs_viharsarok_4.jpg\" width=\"120\" height=\"95\" \/>\n\t\t\t\t\t\t\t<\/a>\n\t\t<\/div>\n\t<\/div>\n\t\n\t\t\n \t \t\n\t<!-- Pagination -->\n \t<div class='ngg-clear'><\/div>\n \t\n<\/div>\n\n\n<div class=\"kapcsolodo_tartalom\"><h3>\u00c4hnliche Inhalte<\/h3><ul class=\"custom_menu\"><li class=\"page_item page-item-26015\"><a title=\"Allg. Informationen\" href=\"https:\/\/gyoparosfurdo-oroshaza.hu\/de\/oroshaza\/allg-informationen\">Allg. Informationen<\/a><\/li><li class=\"page_item page-item-26310\"><a title=\"Lokalprodukte\" href=\"https:\/\/gyoparosfurdo-oroshaza.hu\/de\/oroshaza\/lokalprodukte\">Lokalprodukte<\/a><\/li><li class=\"page_item page-item-26176\"><a title=\"Meine Orosh\u00e1za\" href=\"https:\/\/gyoparosfurdo-oroshaza.hu\/de\/oroshaza\/meine-oroshaza\">Meine Orosh\u00e1za<\/a><\/li><li class=\"page_item page-item-26295\"><a title=\"Andr\u00e1s G\u00e1sp\u00e1r Schauspieler\" href=\"https:\/\/gyoparosfurdo-oroshaza.hu\/de\/oroshaza\/meine-oroshaza\/andras-gaspar-schauspieler\">Andr\u00e1s G\u00e1sp\u00e1r Schauspieler<\/a><\/li><\/ul><ul class=\"custom_menu\"><li class=\"page_item page-item-26320\"><a title=\"Zsolt Litauszki\" href=\"https:\/\/gyoparosfurdo-oroshaza.hu\/de\/oroshaza\/meine-oroshaza\/zsolt-litauszki\">Zsolt Litauszki<\/a><\/li><li class=\"page_item page-item-25999\"><a title=\"Orosh\u00e1za Gastronomie\" href=\"https:\/\/gyoparosfurdo-oroshaza.hu\/de\/oroshaza\/oroshaza-gastronomie\">Orosh\u00e1za Gastronomie<\/a><\/li><li class=\"page_item page-item-26213\"><a title=\"Restaurants\" href=\"https:\/\/gyoparosfurdo-oroshaza.hu\/de\/oroshaza\/restaurants\">Restaurants<\/a><\/li><li class=\"page_item page-item-26305\"><a title=\"TDM\" href=\"https:\/\/gyoparosfurdo-oroshaza.hu\/de\/oroshaza\/tdm\">TDM<\/a><\/li><\/ul><ul class=\"custom_menu\"><li class=\"page_item page-item-26129\"><a title=\"Tiefland\" href=\"https:\/\/gyoparosfurdo-oroshaza.hu\/de\/oroshaza\/tiefland\">Tiefland<\/a><\/li><li class=\"page_item page-item-26146\"><a title=\"Unser Nachbar: Arad\" href=\"https:\/\/gyoparosfurdo-oroshaza.hu\/de\/oroshaza\/unser-nachbar-arad\">Unser Nachbar: Arad<\/a><\/li><\/ul><br class=\"clear\" \/><\/div>\n<div class=\"topten_slider_title\"><span class=\"h3\">Top Programme<\/span><a href=\"https:\/\/gyoparosfurdo-oroshaza.hu\/de\/programme\" title=\"Alle Programme anzeigen \u00bb\">Alle Programme anzeigen \u00bb<\/a><\/div><div class=\"topten_container topten_slider\" id=\"topten_slider\"><ul class=\"topten_inner\"><li class=\"topten_item\" data-id=\"tsi_1\"><a href=\"\/de\/programme\/fuer-sportfans\" title=\"F\u00fcr Sportfans\" class=\"topten_link\" style=\"background: url(\/wp-content\/uploads\/2012\/05\/sportbaratoknak-top-programok-gyoparosfurdon.jpg) top left no-repeat;\"><span class=\"title\">F\u00fcr Sportfans<\/span><\/a><a href=\"\/de\/programme\/fuer-familien\" title=\"F\u00fcr Familien\" class=\"topten_link\" style=\"background: url(\/wp-content\/uploads\/2012\/05\/csaladosoknak-top-programok-gyoparosfurdon.jpg) top left no-repeat;\"><span class=\"title\">F\u00fcr Familien<\/span><\/a><a href=\"\/de\/programme\/im-sommer\" title=\"Im Sommer\" class=\"topten_link\" style=\"background: url(\/wp-content\/uploads\/2012\/05\/nyaron-top-programok-gyoparosfurdon.jpg) top left no-repeat;\"><span class=\"title\">Im Sommer<\/span><\/a><a href=\"\/de\/programme\/1-tag\" title=\"Auf ein Tag\" class=\"topten_link\" style=\"background: url(\/wp-content\/uploads\/2012\/05\/1-napra-top-programok-gyoparosfurdon.jpg) top left no-repeat;\"><span class=\"title\">Auf ein Tag<\/span><\/a><a href=\"\/de\/programme\/fuer-fahrraeder\" title=\"F\u00fcr Fahrr\u00e4der\" class=\"topten_link\" style=\"background: url(\/wp-content\/uploads\/2012\/05\/kerekparosoknak-top-programok-gyoparosfurdon.jpg) top left no-repeat;\"><span class=\"title\">F\u00fcr Fahrr\u00e4der<\/span><\/a><a href=\"\/de\/programme\/fuer-wochenende\" title=\"Wochenende\" class=\"topten_link\" style=\"background: url(\/wp-content\/uploads\/2012\/05\/hetvegere-top-programok-gyoparosfurdon.jpg) top left no-repeat;\"><span class=\"title\">Wochenende<\/span><\/a><\/li><li class=\"topten_item\" data-id=\"tsi_2\"><a href=\"\/de\/programme\/im-winter\" title=\"Im Winter\" class=\"topten_link\" style=\"background: url(\/wp-content\/uploads\/2012\/05\/telen-top-programok-gyoparosfurdon.jpg) top left no-repeat;\"><span class=\"title\">Im Winter<\/span><\/a><a href=\"\/de\/programme\/fuer-jugend\" title=\"F\u00fcr Jugend\" class=\"topten_link\" style=\"background: url(\/wp-content\/uploads\/2012\/05\/fiataloknak-top-programok-gyoparosfurdon.jpg) top left no-repeat;\"><span class=\"title\">F\u00fcr Jugend<\/span><\/a><a href=\"\/de\/programme\/fuer-paare\" title=\"F\u00fcr Paare\" class=\"topten_link\" style=\"background: url(\/wp-content\/uploads\/2012\/05\/paroknak-top-programok-gyoparosfurdon.jpg) top left no-repeat;\"><span class=\"title\">F\u00fcr Paare<\/span><\/a><a href=\"\/de\/programme\/mit-dem-auto\" title=\"Mit dem Auto\" class=\"topten_link\" style=\"background: url(\/wp-content\/uploads\/2012\/05\/autoval-top-programok-gyoparosfurdon.jpg) top left no-repeat;\"><span class=\"title\">Mit dem Auto<\/span><\/a><a href=\"\/de\/programme\/fuer-kulturfans\" title=\"F\u00fcr Kulturfans\" class=\"topten_link\" style=\"background: url(\/wp-content\/uploads\/2012\/05\/kulturabaratoknak-top-programok-gyoparosfurdon.jpg) top left no-repeat;\"><span class=\"title\">F\u00fcr Kulturfans<\/span><\/a><a href=\"\/de\/programme\/1-woche\" title=\"Auf eine Woche\" class=\"topten_link\" style=\"background: url(\/wp-content\/uploads\/2012\/05\/1-hetre-top-programok-gyoparosfurdon.jpg) top left no-repeat;\"><span class=\"title\">Auf eine Woche<\/span><\/a><\/li><li class=\"topten_item\" data-id=\"tsi_3\"><a href=\"\/de\/programme\/fuer-angeln\" title=\"F\u00fcr Angeln\" class=\"topten_link\" style=\"background: url(\/wp-content\/uploads\/2012\/05\/horgaszoknak-top-programok-gyoparosfurdon.jpg) top left no-repeat;\"><span class=\"title\">F\u00fcr Angeln<\/span><\/a><a href=\"\/de\/programme\/fuer-photographer\" title=\"F\u00fcr Photographer\" class=\"topten_link\" style=\"background: url(\/wp-content\/uploads\/2012\/05\/fotosoknak-top-programok-gyoparosfurdon.jpg) top left no-repeat;\"><span class=\"title\">F\u00fcr Photographer<\/span><\/a><\/ul><div class=\"lapozobox\"><span id=\"lprev\"><\/span><span id=\"lnext\"><\/span><span id=\"ts_1\" class=\"active\"><\/span><span id=\"ts_2\" ><\/span><span id=\"ts_3\" ><\/span><\/div><\/div>\n","protected":false},"excerpt":{"rendered":"<p>Nach langdauernden, st\u00fcrmischen, unruhigen Jahrhunderten, ist die Region \u201eSturmland\u201d heute eine der ruhevollen und friedvollen Regionen Ungarns. Die Namengebung, die von in der Umgebung von K\u00f6r\u00f6s-Fl\u00fcssen und s\u00fcdlich von den Fl\u00fcssen lebenden Leuten auch huete regelm\u00e4ssig und stolz angewendet wird, &hellip; <a href=\"https:\/\/gyoparosfurdo-oroshaza.hu\/de\/oroshaza\/sturmland\">Folytat\u00e1s <span class=\"meta-nav\">&rarr;<\/span><\/a><\/p>\n","protected":false},"author":6,"featured_media":0,"parent":25955,"menu_order":0,"comment_status":"closed","ping_status":"closed","template":"","meta":[],"_links":{"self":[{"href":"https:\/\/gyoparosfurdo-oroshaza.hu\/de\/wp-json\/wp\/v2\/pages\/26133"}],"collection":[{"href":"https:\/\/gyoparosfurdo-oroshaza.hu\/de\/wp-json\/wp\/v2\/pages"}],"about":[{"href":"https:\/\/gyoparosfurdo-oroshaza.hu\/de\/wp-json\/wp\/v2\/types\/page"}],"author":[{"embeddable":true,"href":"https:\/\/gyoparosfurdo-oroshaza.hu\/de\/wp-json\/wp\/v2\/users\/6"}],"replies":[{"embeddable":true,"href":"https:\/\/gyoparosfurdo-oroshaza.hu\/de\/wp-json\/wp\/v2\/comments?post=26133"}],"version-history":[{"count":0,"href":"https:\/\/gyoparosfurdo-oroshaza.hu\/de\/wp-json\/wp\/v2\/pages\/26133\/revisions"}],"up":[{"embeddable":true,"href":"https:\/\/gyoparosfurdo-oroshaza.hu\/de\/wp-json\/wp\/v2\/pages\/25955"}],"wp:attachment":[{"href":"https:\/\/gyoparosfurdo-oroshaza.hu\/de\/wp-json\/wp\/v2\/media?parent=26133"}],"curies":[{"name":"wp","href":"https:\/\/api.w.org\/{rel}","templated":true}]}}