{"id":26129,"date":"2012-04-16T08:41:26","date_gmt":"2012-04-16T06:41:26","guid":{"rendered":"https:\/\/gyoparosfurdo-oroshaza.hu\/tiefland"},"modified":"2012-04-16T08:41:26","modified_gmt":"2012-04-16T07:41:26","slug":"tiefland","status":"publish","type":"page","link":"https:\/\/gyoparosfurdo-oroshaza.hu\/de\/oroshaza\/tiefland","title":{"rendered":"Tiefland"},"content":{"rendered":"<h2>Ausgezeichnete, perfekte Erholung, unverf\u00e4lschte Ruhe aus der Tiefebene, die einer Zeitreise in den Zeitalter gleichkommt, wenn man noch keinen Stress wegen Arbeitsplatz hatte, und man brauchte sich den Kopf, passend sich an pulsierendem allgemeinen Lebensrytmus der \u00fcberf\u00fcllten St\u00e4dten von Montag bis Freitag, nicht zu verlieren.<\/h2>\n<p><img loading=\"lazy\" class=\"alignleft\" title=\"Alf\u00f6ld, Orosh\u00e1za, Gyop\u00e1rosf\u00fcrd\u0151\" src=\"\/wp-content\/uploads\/2012\/04\/hamisitatlan_alfold.jpg\" alt=\"Alf\u00f6ld, Orosh\u00e1za, Gyop\u00e1rosf\u00fcrd\u0151\" width=\"190\" height=\"197\" \/> Die Sch\u00f6nheit der wundesch\u00f6ne Landschaft der Tiefebene, der Zauber des seit lange nicht gesehenen sternhellen Himmels, die korrekte Freundschaft und Nat\u00fcrlichkeit der Leute von Tiefebene dienen die perfekte, entspannende Erholung f\u00fcr von der Ferne ankommenden G\u00e4ste.<\/p>\n<p>Orosh\u00e1za ist das Schmuckst\u00fcck der Region in der Tiefebene, so weit die Auge reicht, endloses Flachland, nur die sch\u00f6ne, ungarische in ordnungsm\u00e4ssigem Form geordneten Getreidefelder geben der mit Fahrwegen quergestreiften, wechselhaften, einmal mit Goldner, andersmal mit gr\u00fcnen, seelenberuhigenden Farben biszum Horizont dehender Muster einen Bruch.<\/p>\n<p>Obwohl ist die Grossebene sehr sch\u00f6n, und es wurde immer beliebter Reiseziel f\u00fcr G\u00e4ste aus Ungarn so wie von Ausland, es gibt kein Massenturismus, das die hervorragende, perfekte Entspannung st\u00f6ren w\u00fcrde, es gibt keine Stauung, keine st\u00e4ndige, irritierende, monoton Ger\u00e4usche. Es gibt nur Stille und Ruhe.<\/p>\n<p>Weit von pulsenden Leben der Grosst\u00e4dten, weit von Knotenpunkten der Metropolregion von Gesch\u00e4fts,-und Handelarterien kann der Anreisender die Ruhe finden, die auch im finanziellen Sinne kann man sich ohne besondere Schwerigkeiten und Opfer leisten. Es gibt zahlreiche  ausgezeichnete Dienstleistungen, die von den Anreisenden in Anspruch genommen werden k\u00f6nnen, ausserdem  gibt es viele grossartige Unterk\u00fcnften, unterderen man suchen und w\u00e4hlen , bzw.  verschiedene Programme erleben kann, und ausserdem kann man zwischendurch auch Geld sparen. Die Tiefebene bietet uns, unserer finanziellen Freiheit gem\u00e4ss, gleichzeitig Urlaubserlebnisse und unvergessliche Tage, sogar Wochen an. <\/p>\n<h3>Bildgalerie: unmissverst\u00e4ndlich Tiefebene<\/h3>\n\n<div class=\"ngg-galleryoverview\" id=\"ngg-gallery-8-26129\">\n\n\n\t\n\t<!-- Thumbnails -->\n\t\t\n\t<div id=\"ngg-image-309\" class=\"ngg-gallery-thumbnail-box\"  >\n\t\t<div class=\"ngg-gallery-thumbnail\" >\n\t\t\t<a href=\"https:\/\/gyoparosfurdo-oroshaza.hu\/wp-content\/gallery\/alfold\/alfold_b3.jpg\" title=\"Tavaszi b\u00fazamez\u0151k\" class=\"thickbox\" rel=\"set_8\" >\n\t\t\t\t\t\t\t\t<img title=\"Tavaszi b\u00fazamez\u0151k\" alt=\"Tavaszi b\u00fazamez\u0151k\" src=\"https:\/\/gyoparosfurdo-oroshaza.hu\/wp-content\/gallery\/alfold\/thumbs\/thumbs_alfold_b3.jpg\" width=\"120\" height=\"95\" \/>\n\t\t\t\t\t\t\t<\/a>\n\t\t<\/div>\n\t<\/div>\n\t\n\t\t\n \t\t\n\t<div id=\"ngg-image-37\" class=\"ngg-gallery-thumbnail-box\"  >\n\t\t<div class=\"ngg-gallery-thumbnail\" >\n\t\t\t<a href=\"https:\/\/gyoparosfurdo-oroshaza.hu\/wp-content\/gallery\/alfold\/alfold_1.jpg\" title=\"Tavaszi mez\u0151 az Alf\u00f6ld\u00f6n\" class=\"thickbox\" rel=\"set_8\" >\n\t\t\t\t\t\t\t\t<img title=\"Tavaszi mez\u0151 az Alf\u00f6ld\u00f6n\" alt=\"Tavaszi mez\u0151 az Alf\u00f6ld\u00f6n\" src=\"https:\/\/gyoparosfurdo-oroshaza.hu\/wp-content\/gallery\/alfold\/thumbs\/thumbs_alfold_1.jpg\" width=\"120\" height=\"95\" \/>\n\t\t\t\t\t\t\t<\/a>\n\t\t<\/div>\n\t<\/div>\n\t\n\t\t\n \t\t\n\t<div id=\"ngg-image-310\" class=\"ngg-gallery-thumbnail-box\"  >\n\t\t<div class=\"ngg-gallery-thumbnail\" >\n\t\t\t<a href=\"https:\/\/gyoparosfurdo-oroshaza.hu\/wp-content\/gallery\/alfold\/alfold_b4.jpg\" title=\"Kil\u00e1t\u00f3 naplement\u00e9ben\" class=\"thickbox\" rel=\"set_8\" >\n\t\t\t\t\t\t\t\t<img title=\"Kil\u00e1t\u00f3 naplement\u00e9ben\" alt=\"Kil\u00e1t\u00f3 naplement\u00e9ben\" src=\"https:\/\/gyoparosfurdo-oroshaza.hu\/wp-content\/gallery\/alfold\/thumbs\/thumbs_alfold_b4.jpg\" width=\"120\" height=\"95\" \/>\n\t\t\t\t\t\t\t<\/a>\n\t\t<\/div>\n\t<\/div>\n\t\n\t\t\n \t\t\n\t<div id=\"ngg-image-39\" class=\"ngg-gallery-thumbnail-box\"  >\n\t\t<div class=\"ngg-gallery-thumbnail\" >\n\t\t\t<a href=\"https:\/\/gyoparosfurdo-oroshaza.hu\/wp-content\/gallery\/alfold\/alfold_3.jpg\" title=\"Az orosh\u00e1zi tanyavil\u00e1g\" class=\"thickbox\" rel=\"set_8\" >\n\t\t\t\t\t\t\t\t<img title=\"Az orosh\u00e1zi tanyavil\u00e1g\" alt=\"Az orosh\u00e1zi tanyavil\u00e1g\" src=\"https:\/\/gyoparosfurdo-oroshaza.hu\/wp-content\/gallery\/alfold\/thumbs\/thumbs_alfold_3.jpg\" width=\"120\" height=\"95\" \/>\n\t\t\t\t\t\t\t<\/a>\n\t\t<\/div>\n\t<\/div>\n\t\n\t\t\n \t\t\n\t<div id=\"ngg-image-308\" class=\"ngg-gallery-thumbnail-box\"  >\n\t\t<div class=\"ngg-gallery-thumbnail\" >\n\t\t\t<a href=\"https:\/\/gyoparosfurdo-oroshaza.hu\/wp-content\/gallery\/alfold\/alfold_b2.jpg\" title=\"Alf\u00f6ldi naplemente\" class=\"thickbox\" rel=\"set_8\" >\n\t\t\t\t\t\t\t\t<img title=\"Alf\u00f6ldi naplemente\" alt=\"Alf\u00f6ldi naplemente\" src=\"https:\/\/gyoparosfurdo-oroshaza.hu\/wp-content\/gallery\/alfold\/thumbs\/thumbs_alfold_b2.jpg\" width=\"120\" height=\"95\" \/>\n\t\t\t\t\t\t\t<\/a>\n\t\t<\/div>\n\t<\/div>\n\t\n\t\t\n \t\t\n\t<div id=\"ngg-image-38\" class=\"ngg-gallery-thumbnail-box\"  >\n\t\t<div class=\"ngg-gallery-thumbnail\" >\n\t\t\t<a href=\"https:\/\/gyoparosfurdo-oroshaza.hu\/wp-content\/gallery\/alfold\/alfold_2.jpg\" title=\"Alf\u00f6ldi szalmab\u00e1l\u00e1k\" class=\"thickbox\" rel=\"set_8\" >\n\t\t\t\t\t\t\t\t<img title=\"Alf\u00f6ldi szalmab\u00e1l\u00e1k\" alt=\"Alf\u00f6ldi szalmab\u00e1l\u00e1k\" src=\"https:\/\/gyoparosfurdo-oroshaza.hu\/wp-content\/gallery\/alfold\/thumbs\/thumbs_alfold_2.jpg\" width=\"120\" height=\"95\" \/>\n\t\t\t\t\t\t\t<\/a>\n\t\t<\/div>\n\t<\/div>\n\t\n\t\t\n \t\t\n\t<div id=\"ngg-image-307\" class=\"ngg-gallery-thumbnail-box\"  >\n\t\t<div class=\"ngg-gallery-thumbnail\" >\n\t\t\t<a href=\"https:\/\/gyoparosfurdo-oroshaza.hu\/wp-content\/gallery\/alfold\/alfold_b1.jpg\" title=\"Szalmab\u00e1l\u00e1k \u00e9s kil\u00e1t\u00f3\" class=\"thickbox\" rel=\"set_8\" >\n\t\t\t\t\t\t\t\t<img title=\"Szalmab\u00e1l\u00e1k \u00e9s kil\u00e1t\u00f3\" alt=\"Szalmab\u00e1l\u00e1k \u00e9s kil\u00e1t\u00f3\" src=\"https:\/\/gyoparosfurdo-oroshaza.hu\/wp-content\/gallery\/alfold\/thumbs\/thumbs_alfold_b1.jpg\" width=\"120\" height=\"95\" \/>\n\t\t\t\t\t\t\t<\/a>\n\t\t<\/div>\n\t<\/div>\n\t\n\t\t\n \t\t\n\t<div id=\"ngg-image-40\" class=\"ngg-gallery-thumbnail-box\"  >\n\t\t<div class=\"ngg-gallery-thumbnail\" >\n\t\t\t<a href=\"https:\/\/gyoparosfurdo-oroshaza.hu\/wp-content\/gallery\/alfold\/alfold_4.jpg\" title=\"Sz\u00fcrkemarh\u00e1k Kardosk\u00faton\" class=\"thickbox\" rel=\"set_8\" >\n\t\t\t\t\t\t\t\t<img title=\"Sz\u00fcrkemarh\u00e1k Kardosk\u00faton\" alt=\"Sz\u00fcrkemarh\u00e1k Kardosk\u00faton\" src=\"https:\/\/gyoparosfurdo-oroshaza.hu\/wp-content\/gallery\/alfold\/thumbs\/thumbs_alfold_4.jpg\" width=\"120\" height=\"95\" \/>\n\t\t\t\t\t\t\t<\/a>\n\t\t<\/div>\n\t<\/div>\n\t\n\t\t\n \t\t\n\t<div id=\"ngg-image-41\" class=\"ngg-gallery-thumbnail-box\"  >\n\t\t<div class=\"ngg-gallery-thumbnail\" >\n\t\t\t<a href=\"https:\/\/gyoparosfurdo-oroshaza.hu\/wp-content\/gallery\/alfold\/alfold_5.jpg\" title=\"Tanyasi macska\" class=\"thickbox\" rel=\"set_8\" >\n\t\t\t\t\t\t\t\t<img title=\"Tanyasi macska\" alt=\"Tanyasi macska\" src=\"https:\/\/gyoparosfurdo-oroshaza.hu\/wp-content\/gallery\/alfold\/thumbs\/thumbs_alfold_5.jpg\" width=\"120\" height=\"95\" \/>\n\t\t\t\t\t\t\t<\/a>\n\t\t<\/div>\n\t<\/div>\n\t\n\t\t\n \t\t\n\t<div id=\"ngg-image-42\" class=\"ngg-gallery-thumbnail-box\"  >\n\t\t<div class=\"ngg-gallery-thumbnail\" >\n\t\t\t<a href=\"https:\/\/gyoparosfurdo-oroshaza.hu\/wp-content\/gallery\/alfold\/alfold_6.jpg\" title=\"Az Alf\u00f6ldi sz\u00ednei\" class=\"thickbox\" rel=\"set_8\" >\n\t\t\t\t\t\t\t\t<img title=\"Az Alf\u00f6ldi sz\u00ednei\" alt=\"Az Alf\u00f6ldi sz\u00ednei\" src=\"https:\/\/gyoparosfurdo-oroshaza.hu\/wp-content\/gallery\/alfold\/thumbs\/thumbs_alfold_6.jpg\" width=\"120\" height=\"95\" \/>\n\t\t\t\t\t\t\t<\/a>\n\t\t<\/div>\n\t<\/div>\n\t\n\t\t\n \t\t\n\t<div id=\"ngg-image-43\" class=\"ngg-gallery-thumbnail-box\"  >\n\t\t<div class=\"ngg-gallery-thumbnail\" >\n\t\t\t<a href=\"https:\/\/gyoparosfurdo-oroshaza.hu\/wp-content\/gallery\/alfold\/alfold_7.jpg\" title=\"Napnyugta az Alf\u00f6ld\u00f6n\" class=\"thickbox\" rel=\"set_8\" >\n\t\t\t\t\t\t\t\t<img title=\"Napnyugta az Alf\u00f6ld\u00f6n\" alt=\"Napnyugta az Alf\u00f6ld\u00f6n\" src=\"https:\/\/gyoparosfurdo-oroshaza.hu\/wp-content\/gallery\/alfold\/thumbs\/thumbs_alfold_7.jpg\" width=\"120\" height=\"95\" \/>\n\t\t\t\t\t\t\t<\/a>\n\t\t<\/div>\n\t<\/div>\n\t\n\t\t\n \t\t\n\t<div id=\"ngg-image-44\" class=\"ngg-gallery-thumbnail-box\"  >\n\t\t<div class=\"ngg-gallery-thumbnail\" >\n\t\t\t<a href=\"https:\/\/gyoparosfurdo-oroshaza.hu\/wp-content\/gallery\/alfold\/alfold_8.jpg\" title=\"Napnyugta az Alf\u00f6ld\u00f6n\" class=\"thickbox\" rel=\"set_8\" >\n\t\t\t\t\t\t\t\t<img title=\"Napnyugta az Alf\u00f6ld\u00f6n\" alt=\"Napnyugta az Alf\u00f6ld\u00f6n\" src=\"https:\/\/gyoparosfurdo-oroshaza.hu\/wp-content\/gallery\/alfold\/thumbs\/thumbs_alfold_8.jpg\" width=\"120\" height=\"95\" \/>\n\t\t\t\t\t\t\t<\/a>\n\t\t<\/div>\n\t<\/div>\n\t\n\t\t\n \t \t\n\t<!-- Pagination -->\n \t<div class='ngg-clear'><\/div>\n \t\n<\/div>\n\n\n<div class=\"kapcsolodo_tartalom\"><h3>\u00c4hnliche Inhalte<\/h3><ul class=\"custom_menu\"><li class=\"page_item page-item-26015\"><a title=\"Allg. Informationen\" href=\"https:\/\/gyoparosfurdo-oroshaza.hu\/de\/oroshaza\/allg-informationen\">Allg. Informationen<\/a><\/li><li class=\"page_item page-item-26310\"><a title=\"Lokalprodukte\" href=\"https:\/\/gyoparosfurdo-oroshaza.hu\/de\/oroshaza\/lokalprodukte\">Lokalprodukte<\/a><\/li><li class=\"page_item page-item-26176\"><a title=\"Meine Orosh\u00e1za\" href=\"https:\/\/gyoparosfurdo-oroshaza.hu\/de\/oroshaza\/meine-oroshaza\">Meine Orosh\u00e1za<\/a><\/li><li class=\"page_item page-item-26295\"><a title=\"Andr\u00e1s G\u00e1sp\u00e1r Schauspieler\" href=\"https:\/\/gyoparosfurdo-oroshaza.hu\/de\/oroshaza\/meine-oroshaza\/andras-gaspar-schauspieler\">Andr\u00e1s G\u00e1sp\u00e1r Schauspieler<\/a><\/li><\/ul><ul class=\"custom_menu\"><li class=\"page_item page-item-26320\"><a title=\"Zsolt Litauszki\" href=\"https:\/\/gyoparosfurdo-oroshaza.hu\/de\/oroshaza\/meine-oroshaza\/zsolt-litauszki\">Zsolt Litauszki<\/a><\/li><li class=\"page_item page-item-25999\"><a title=\"Orosh\u00e1za Gastronomie\" href=\"https:\/\/gyoparosfurdo-oroshaza.hu\/de\/oroshaza\/oroshaza-gastronomie\">Orosh\u00e1za Gastronomie<\/a><\/li><li class=\"page_item page-item-26213\"><a title=\"Restaurants\" href=\"https:\/\/gyoparosfurdo-oroshaza.hu\/de\/oroshaza\/restaurants\">Restaurants<\/a><\/li><li class=\"page_item page-item-26133\"><a title=\"Sturmland\" href=\"https:\/\/gyoparosfurdo-oroshaza.hu\/de\/oroshaza\/sturmland\">Sturmland<\/a><\/li><\/ul><ul class=\"custom_menu\"><li class=\"page_item page-item-26305\"><a title=\"TDM\" href=\"https:\/\/gyoparosfurdo-oroshaza.hu\/de\/oroshaza\/tdm\">TDM<\/a><\/li><li class=\"page_item page-item-26146\"><a title=\"Unser Nachbar: Arad\" href=\"https:\/\/gyoparosfurdo-oroshaza.hu\/de\/oroshaza\/unser-nachbar-arad\">Unser Nachbar: Arad<\/a><\/li><\/ul><br class=\"clear\" \/><\/div>\n<div class=\"topten_slider_title\"><span class=\"h3\">Top Programme<\/span><a href=\"https:\/\/gyoparosfurdo-oroshaza.hu\/de\/programme\" title=\"Alle Programme anzeigen \u00bb\">Alle Programme anzeigen \u00bb<\/a><\/div><div class=\"topten_container topten_slider\" id=\"topten_slider\"><ul class=\"topten_inner\"><li class=\"topten_item\" data-id=\"tsi_1\"><a href=\"\/de\/programme\/fuer-wochenende\" title=\"Wochenende\" class=\"topten_link\" style=\"background: url(\/wp-content\/uploads\/2012\/05\/hetvegere-top-programok-gyoparosfurdon.jpg) top left no-repeat;\"><span class=\"title\">Wochenende<\/span><\/a><a href=\"\/de\/programme\/im-winter\" title=\"Im Winter\" class=\"topten_link\" style=\"background: url(\/wp-content\/uploads\/2012\/05\/telen-top-programok-gyoparosfurdon.jpg) top left no-repeat;\"><span class=\"title\">Im Winter<\/span><\/a><a href=\"\/de\/programme\/fuer-jugend\" title=\"F\u00fcr Jugend\" class=\"topten_link\" style=\"background: url(\/wp-content\/uploads\/2012\/05\/fiataloknak-top-programok-gyoparosfurdon.jpg) top left no-repeat;\"><span class=\"title\">F\u00fcr Jugend<\/span><\/a><a href=\"\/de\/programme\/fuer-paare\" title=\"F\u00fcr Paare\" class=\"topten_link\" style=\"background: url(\/wp-content\/uploads\/2012\/05\/paroknak-top-programok-gyoparosfurdon.jpg) top left no-repeat;\"><span class=\"title\">F\u00fcr Paare<\/span><\/a><a href=\"\/de\/programme\/mit-dem-auto\" title=\"Mit dem Auto\" class=\"topten_link\" style=\"background: url(\/wp-content\/uploads\/2012\/05\/autoval-top-programok-gyoparosfurdon.jpg) top left no-repeat;\"><span class=\"title\">Mit dem Auto<\/span><\/a><a href=\"\/de\/programme\/fuer-kulturfans\" title=\"F\u00fcr Kulturfans\" class=\"topten_link\" style=\"background: url(\/wp-content\/uploads\/2012\/05\/kulturabaratoknak-top-programok-gyoparosfurdon.jpg) top left no-repeat;\"><span class=\"title\">F\u00fcr Kulturfans<\/span><\/a><\/li><li class=\"topten_item\" data-id=\"tsi_2\"><a href=\"\/de\/programme\/1-woche\" title=\"Auf eine Woche\" class=\"topten_link\" style=\"background: url(\/wp-content\/uploads\/2012\/05\/1-hetre-top-programok-gyoparosfurdon.jpg) top left no-repeat;\"><span class=\"title\">Auf eine Woche<\/span><\/a><a href=\"\/de\/programme\/fuer-angeln\" title=\"F\u00fcr Angeln\" class=\"topten_link\" style=\"background: url(\/wp-content\/uploads\/2012\/05\/horgaszoknak-top-programok-gyoparosfurdon.jpg) top left no-repeat;\"><span class=\"title\">F\u00fcr Angeln<\/span><\/a><a href=\"\/de\/programme\/fuer-photographer\" title=\"F\u00fcr Photographer\" class=\"topten_link\" style=\"background: url(\/wp-content\/uploads\/2012\/05\/fotosoknak-top-programok-gyoparosfurdon.jpg) top left no-repeat;\"><span class=\"title\">F\u00fcr Photographer<\/span><\/a><a href=\"\/de\/programme\/fuer-sportfans\" title=\"F\u00fcr Sportfans\" class=\"topten_link\" style=\"background: url(\/wp-content\/uploads\/2012\/05\/sportbaratoknak-top-programok-gyoparosfurdon.jpg) top left no-repeat;\"><span class=\"title\">F\u00fcr Sportfans<\/span><\/a><a href=\"\/de\/programme\/fuer-familien\" title=\"F\u00fcr Familien\" class=\"topten_link\" style=\"background: url(\/wp-content\/uploads\/2012\/05\/csaladosoknak-top-programok-gyoparosfurdon.jpg) top left no-repeat;\"><span class=\"title\">F\u00fcr Familien<\/span><\/a><a href=\"\/de\/programme\/im-sommer\" title=\"Im Sommer\" class=\"topten_link\" style=\"background: url(\/wp-content\/uploads\/2012\/05\/nyaron-top-programok-gyoparosfurdon.jpg) top left no-repeat;\"><span class=\"title\">Im Sommer<\/span><\/a><\/li><li class=\"topten_item\" data-id=\"tsi_3\"><a href=\"\/de\/programme\/1-tag\" title=\"Auf ein Tag\" class=\"topten_link\" style=\"background: url(\/wp-content\/uploads\/2012\/05\/1-napra-top-programok-gyoparosfurdon.jpg) top left no-repeat;\"><span class=\"title\">Auf ein Tag<\/span><\/a><a href=\"\/de\/programme\/fuer-fahrraeder\" title=\"F\u00fcr Fahrr\u00e4der\" class=\"topten_link\" style=\"background: url(\/wp-content\/uploads\/2012\/05\/kerekparosoknak-top-programok-gyoparosfurdon.jpg) top left no-repeat;\"><span class=\"title\">F\u00fcr Fahrr\u00e4der<\/span><\/a><\/ul><div class=\"lapozobox\"><span id=\"lprev\"><\/span><span id=\"lnext\"><\/span><span id=\"ts_1\" class=\"active\"><\/span><span id=\"ts_2\" ><\/span><span id=\"ts_3\" ><\/span><\/div><\/div>\n","protected":false},"excerpt":{"rendered":"<p>Ausgezeichnete, perfekte Erholung, unverf\u00e4lschte Ruhe aus der Tiefebene, die einer Zeitreise in den Zeitalter gleichkommt, wenn man noch keinen Stress wegen Arbeitsplatz hatte, und man brauchte sich den Kopf, passend sich an pulsierendem allgemeinen Lebensrytmus der \u00fcberf\u00fcllten St\u00e4dten von Montag &hellip; <a href=\"https:\/\/gyoparosfurdo-oroshaza.hu\/de\/oroshaza\/tiefland\">Folytat\u00e1s <span class=\"meta-nav\">&rarr;<\/span><\/a><\/p>\n","protected":false},"author":6,"featured_media":0,"parent":25955,"menu_order":0,"comment_status":"closed","ping_status":"closed","template":"","meta":[],"_links":{"self":[{"href":"https:\/\/gyoparosfurdo-oroshaza.hu\/de\/wp-json\/wp\/v2\/pages\/26129"}],"collection":[{"href":"https:\/\/gyoparosfurdo-oroshaza.hu\/de\/wp-json\/wp\/v2\/pages"}],"about":[{"href":"https:\/\/gyoparosfurdo-oroshaza.hu\/de\/wp-json\/wp\/v2\/types\/page"}],"author":[{"embeddable":true,"href":"https:\/\/gyoparosfurdo-oroshaza.hu\/de\/wp-json\/wp\/v2\/users\/6"}],"replies":[{"embeddable":true,"href":"https:\/\/gyoparosfurdo-oroshaza.hu\/de\/wp-json\/wp\/v2\/comments?post=26129"}],"version-history":[{"count":0,"href":"https:\/\/gyoparosfurdo-oroshaza.hu\/de\/wp-json\/wp\/v2\/pages\/26129\/revisions"}],"up":[{"embeddable":true,"href":"https:\/\/gyoparosfurdo-oroshaza.hu\/de\/wp-json\/wp\/v2\/pages\/25955"}],"wp:attachment":[{"href":"https:\/\/gyoparosfurdo-oroshaza.hu\/de\/wp-json\/wp\/v2\/media?parent=26129"}],"curies":[{"name":"wp","href":"https:\/\/api.w.org\/{rel}","templated":true}]}}