{"id":26125,"date":"2012-04-13T12:16:29","date_gmt":"2012-04-13T10:16:29","guid":{"rendered":"https:\/\/gyoparosfurdo-oroshaza.hu\/mit-dem-auto"},"modified":"2012-04-13T12:16:29","modified_gmt":"2012-04-13T11:16:29","slug":"mit-dem-auto","status":"publish","type":"page","link":"https:\/\/gyoparosfurdo-oroshaza.hu\/de\/programme\/mit-dem-auto","title":{"rendered":"Mit dem Auto"},"content":{"rendered":"<div class=\"topten_grid_container topten_page\"><div class=\"topten_grid_item\"><span class=\"h3\">Top Programme<\/span><a href=\"\/de\/programme\/im-sommer\" class=\"topten_im-sommer first\">Im Sommer &raquo;<\/a><a href=\"\/de\/programme\/1-tag\" class=\"topten_1-tag\">Auf ein Tag &raquo;<\/a><a href=\"\/de\/programme\/fuer-fahrraeder\" class=\"topten_fuer-fahrraeder first\">F\u00fcr Fahrr\u00e4der &raquo;<\/a><a href=\"\/de\/programme\/fuer-wochenende\" class=\"topten_fuer-wochenende\">Wochenende &raquo;<\/a><a href=\"\/de\/programme\/im-winter\" class=\"topten_im-winter first\">Im Winter &raquo;<\/a><a href=\"\/de\/programme\/fuer-jugend\" class=\"topten_fuer-jugend\">F\u00fcr Jugend &raquo;<\/a><a href=\"\/de\/programme\/fuer-paare\" class=\"topten_fuer-paare first\">F\u00fcr Paare &raquo;<\/a><a href=\"\/de\/programme\/mit-dem-auto\" class=\"topten_mit-dem-auto active\">Mit dem Auto &raquo;<\/a><a href=\"\/de\/programme\/fuer-kulturfans\" class=\"topten_fuer-kulturfans first\">F\u00fcr Kulturfans &raquo;<\/a><a href=\"\/de\/programme\/1-woche\" class=\"topten_1-woche\">Auf eine Woche &raquo;<\/a><a href=\"\/de\/programme\/fuer-angeln\" class=\"topten_fuer-angeln first\">F\u00fcr Angeln &raquo;<\/a><a href=\"\/de\/programme\/fuer-photographer\" class=\"topten_fuer-photographer\">F\u00fcr Photographer &raquo;<\/a><a href=\"\/de\/programme\/fuer-sportfans\" class=\"topten_fuer-sportfans first\">F\u00fcr Sportfans &raquo;<\/a><a href=\"\/de\/programme\/fuer-familien\" class=\"topten_fuer-familien\">F\u00fcr Familien &raquo;<\/a><\/div><a href=\"https:\/\/gyoparosfurdo-oroshaza.hu\/de\/programok\/bekescsaba\" title=\"B\u00e9k\u00e9scsaba\" class=\"topten_grid_item\"><span class=\"number\">1<\/span><img width=\"290\" height=\"230\" src=\"https:\/\/gyoparosfurdo-oroshaza.hu\/wp-content\/uploads\/2012\/04\/Bekescsaba.jpg\" class=\"lazyload wp-post-image\" alt=\"\" loading=\"lazy\" \/><span class=\"title\">B\u00e9k\u00e9scsaba<\/span><span class=\"text\">Der Sitz von Komitat B\u00e9k\u00e9s, fahrend auf Hauptweg 47 von Orosh\u00e1za ist in fast eine Halbestunde zu erreichen.<\/span><\/a><a href=\"https:\/\/gyoparosfurdo-oroshaza.hu\/de\/programok\/csorvas\" title=\"Csorv\u00e1s\" class=\"topten_grid_item\"><span class=\"number\">2<\/span><img width=\"290\" height=\"230\" src=\"https:\/\/gyoparosfurdo-oroshaza.hu\/wp-content\/uploads\/2012\/04\/Csorvas.jpg\" class=\"lazyload wp-post-image\" alt=\"\" loading=\"lazy\" \/><span class=\"title\">Csorv\u00e1s<\/span><span class=\"text\">Die Kleinstadt, Csorv\u00e1s mit ca. 5,000 Einwohner liegt auf dem Hauptweg 47 kaum 15 km weit von der Stadt Orosh\u00e1za.<\/span><\/a><a href=\"https:\/\/gyoparosfurdo-oroshaza.hu\/de\/programok\/kardoskut\" title=\"Kardosk\u00fat\" class=\"topten_grid_item\"><span class=\"number\">3<\/span><img width=\"290\" height=\"230\" src=\"https:\/\/gyoparosfurdo-oroshaza.hu\/wp-content\/uploads\/2012\/04\/Kardoskut.jpg\" class=\"lazyload wp-post-image\" alt=\"\" loading=\"lazy\" \/><span class=\"title\">Kardosk\u00fat<\/span><span class=\"text\">Von Stadtcentrum liegt ca. 10-15 Minuten mit Autofahrt, wenn es einem beleibt ist, das ruhige, stille Dorf, Kardosk\u00fat mit 900 Einwohner an der Agglomeration der Stadt.<\/span><\/a><a href=\"https:\/\/gyoparosfurdo-oroshaza.hu\/de\/programok\/szabadkigyos\" title=\"Szabadk\u00edgy\u00f3s\" class=\"topten_grid_item\"><span class=\"number\">4<\/span><img width=\"290\" height=\"230\" src=\"https:\/\/gyoparosfurdo-oroshaza.hu\/wp-content\/uploads\/2012\/04\/Szabadkigyos.jpg\" class=\"lazyload wp-post-image\" alt=\"\" loading=\"lazy\" \/><span class=\"title\">Szabadk\u00edgy\u00f3s<\/span><span class=\"text\">Szabadk\u00edgy\u00f3s ist eine kleine Gemeinde mit kaum 3,000 Einwohner nach S\u00fcden von B\u00e9k\u00e9scsaba.<\/span><\/a><a href=\"https:\/\/gyoparosfurdo-oroshaza.hu\/de\/programok\/gyula\" title=\"Gyula\" class=\"topten_grid_item\"><span class=\"number\">5<\/span><img width=\"290\" height=\"230\" src=\"https:\/\/gyoparosfurdo-oroshaza.hu\/wp-content\/uploads\/2012\/04\/Gyula.jpg\" class=\"lazyload wp-post-image\" alt=\"\" loading=\"lazy\" \/><span class=\"title\">Gyula<\/span><span class=\"text\">Die als historische Badestadt genannte Gyula liegt direkt in der N\u00e4he der rum\u00e4nisch-ungarischer Grenze.<\/span><\/a><a href=\"https:\/\/gyoparosfurdo-oroshaza.hu\/de\/programok\/szarvas\" title=\"Szarvas\" class=\"topten_grid_item\"><span class=\"number\">6<\/span><img width=\"290\" height=\"230\" src=\"https:\/\/gyoparosfurdo-oroshaza.hu\/wp-content\/uploads\/2012\/04\/Szarvas.jpg\" class=\"lazyload wp-post-image\" alt=\"\" loading=\"lazy\" \/><span class=\"title\">Szarvas<\/span><span class=\"text\">Der an dem Hauptweg 44, einige kilometer weit von der Komitatslinie liegende Ort, Szarvas ist das geometrische Centrum des Karpatenbeckens.<\/span><\/a><a href=\"https:\/\/gyoparosfurdo-oroshaza.hu\/de\/programok\/mezohegyes\" title=\"Mez\u0151hegyes\" class=\"topten_grid_item\"><span class=\"number\">7<\/span><img width=\"290\" height=\"230\" src=\"https:\/\/gyoparosfurdo-oroshaza.hu\/wp-content\/uploads\/2012\/04\/Mezohegyes.jpg\" class=\"lazyload wp-post-image\" alt=\"\" loading=\"lazy\" \/><span class=\"title\">Mez\u0151hegyes<\/span><span class=\"text\">Es lohnt sich auf jedem Fall den \u00fcber sein weltber\u00fchmten Gest\u00fct, seinem Gest\u00fctbesitz, \u00fcber seine Pferdeszucht.<\/span><\/a><a href=\"https:\/\/gyoparosfurdo-oroshaza.hu\/de\/programok\/totkomlos\" title=\"T\u00f3tkoml\u00f3s\" class=\"topten_grid_item\"><span class=\"number\">8<\/span><img width=\"290\" height=\"230\" src=\"https:\/\/gyoparosfurdo-oroshaza.hu\/wp-content\/uploads\/2012\/04\/Totkomlos.jpg\" class=\"lazyload wp-post-image\" alt=\"\" loading=\"lazy\" \/><span class=\"title\">T\u00f3tkoml\u00f3s<\/span><span class=\"text\">T\u00f3tkoml\u00f3s liegt  etwa 15 km weit, nach S\u00fcden von Orosh\u00e1za, da der Ort ganz  einfach  zu errecihe ist.<\/span><\/a><a href=\"https:\/\/gyoparosfurdo-oroshaza.hu\/de\/programok\/hodmezovasarhely\" title=\"H\u00f3dmez\u0151v\u00e1s\u00e1rhely\" class=\"topten_grid_item\"><span class=\"number\">9<\/span><img width=\"290\" height=\"230\" src=\"https:\/\/gyoparosfurdo-oroshaza.hu\/wp-content\/uploads\/2012\/04\/Hodmezovasarhely.jpg\" class=\"lazyload wp-post-image\" alt=\"\" loading=\"lazy\" \/><span class=\"title\">H\u00f3dmez\u0151v\u00e1s\u00e1rhely<\/span><span class=\"text\">Auf dem Weg 47, fahrend kaum eine halbe Stunde von Orosh\u00e1za mit dem Auto, schon in der Komitat Csongr\u00e1d befindet sich die Provinzstadt H\u00f3dmez\u0151v\u00e1s\u00e1rhely.<\/span><\/a><a href=\"https:\/\/gyoparosfurdo-oroshaza.hu\/de\/programok\/szeged\" title=\"Szeged\" class=\"topten_grid_item\"><span class=\"number\">10<\/span><img width=\"290\" height=\"230\" src=\"https:\/\/gyoparosfurdo-oroshaza.hu\/wp-content\/uploads\/2012\/04\/Szeged.jpg\" class=\"lazyload wp-post-image\" alt=\"\" loading=\"lazy\" \/><span class=\"title\">Szeged<\/span><span class=\"text\">Der Besuch des Csongr\u00e1d-Kommitatsitzes kann aber ein wirklich  sehr angenehmer 1-2 t\u00e4giger Ausflug f\u00fcr in Orosh\u00e1za Anreisenden sein.<\/span><\/a><a href=\"https:\/\/gyoparosfurdo-oroshaza.hu\/de\/programok\/arad\" title=\"Arad\" class=\"topten_grid_item\"><span class=\"number\">11<\/span><img width=\"290\" height=\"230\" src=\"https:\/\/gyoparosfurdo-oroshaza.hu\/wp-content\/uploads\/2012\/04\/Arad.jpg\" class=\"lazyload wp-post-image\" alt=\"\" loading=\"lazy\" \/><span class=\"title\">Arad<\/span><span class=\"text\">Mit dem Auto dauert der Weg von Orosh\u00e1za etwa anderthalb Stunde, das heisst, etwa 75 km \u00fcberfahrend den Komitat S\u00fcd-B\u00e9k\u00e9s.<\/span><\/a><a href=\"https:\/\/gyoparosfurdo-oroshaza.hu\/de\/programok\/kardoskuti-feherto\" title=\"Weisser-See in Kardosk\u00fat\" class=\"topten_grid_item\"><span class=\"number\">12<\/span><img width=\"290\" height=\"230\" src=\"https:\/\/gyoparosfurdo-oroshaza.hu\/wp-content\/uploads\/2012\/04\/24_Kardoskuti_feher_to.jpg\" class=\"lazyload wp-post-image\" alt=\"\" loading=\"lazy\" \/><span class=\"title\">Weisser-See in Kardosk\u00fat<\/span><span class=\"text\">Der Feh\u00e9rt\u00f3(Weisser-See) in Kardosk\u00fat ist auch ein unausl\u00e4sslicher Reiseziel f\u00fcr den, der den Urlaub in Orosh\u00e1za oder in der Umgebung verbringt.<\/span><\/a><a href=\"https:\/\/gyoparosfurdo-oroshaza.hu\/de\/programok\/tatarsanc\" title=\"Tatarenschanze\" class=\"topten_grid_item\"><span class=\"number\">13<\/span><img width=\"290\" height=\"230\" src=\"https:\/\/gyoparosfurdo-oroshaza.hu\/wp-content\/uploads\/2012\/04\/Tatarsanc.jpg\" class=\"lazyload wp-post-image\" alt=\"\" loading=\"lazy\" \/><span class=\"title\">Tatarenschanze<\/span><span class=\"text\">Die Urrasenflaeche am Tat\u00e1rs\u00e1nc \u201eTatarenschanze\u201d an der Grenze zwischen Orosh\u00e1za  und Pusztaf\u00f6ldv\u00e1r.<\/span><\/a><a href=\"https:\/\/gyoparosfurdo-oroshaza.hu\/de\/programok\/opusztaszeri-emlekpark\" title=\"[:hu]\u00d3pusztaszeri Eml\u00e9kpark[:en]\u00d3pusztaszeri Memorial Park [:ro]Parcul Memorial din \u00d3pusztaszer\" class=\"topten_grid_item\"><span class=\"number\">14<\/span><img width=\"290\" height=\"230\" src=\"https:\/\/gyoparosfurdo-oroshaza.hu\/wp-content\/uploads\/2012\/11\/opusz.jpg\" class=\"lazyload wp-post-image\" alt=\"\" loading=\"lazy\" \/><span class=\"title\">[:hu]\u00d3pusztaszeri Eml\u00e9kpark[:en]\u00d3pusztaszeri Memorial Park [:ro]Parcul Memorial din \u00d3pusztaszer<\/span><span class=\"text\"><\/span><\/a><div class=\"clear\"><\/div><\/div>\n<div class=\"W560\"><span class=\"h3\">Wenn Sie mit dem Vierraedern ankommen&#8230;<\/span><\/p>\n<h2>F\u00fcr Autofahrer kann die Stadt Orosh\u00e1za ein ideales Reiseziel sein, bzw. sogar auch der Badeort Gyop\u00e1rosf\u00fcrd\u0151, denn die beiden M\u00f6glichkeiten sind gegeben, die f\u00fcr mit dem Auto herfahrenden Turisten gebraucht werden, das heisst, sie k\u00f6nnen ihre Fahrzeuge in Sicherheit hier stehen lassen und in dieserweise k\u00f6nnen sich die Gaeste ruhing zu Fuss die ganzen Gegend durchwandern.<\/h2>\n<p>Wir k\u00f6nnen unser Fahrzeug sogar nicht nur in Sicherheit bringen, sondern man braucht weder f\u00fcr die Parkierung noch f\u00fcr die \u00dcberwachung  Geld zu bezahlen, da jede Unterkunft ihren Gaesten kostenfreie bewachte Parkierung zur Verf\u00fcgung stellt. Ausserdem, ist die Parkierung kostenlos in der Stadt Orosh\u00e1za, in einigem Teilen in Badeort Gyop\u00e1rosf\u00fcrd\u0151 ist es nicht kostenfrei, aber mit einigen hunderten Metern weiter von dem Badeobjekt kann der Gast schon kostenfreie, sicherheitspendende Parkplaetzte finden.<\/p>\n<p>Da es im Umkreis vom 50-60 km von Orosh\u00e1za  zahlreiche auf europaischem Niveau registrierten unauslassenden Sehensw\u00fcrdigkeiten in jeder Richtung gibt, infolgedessen ist das Auto das beste Zeug, diese Sehensw\u00fcrdigkeiten f\u00fcr ein Halb,- oder gar einen ganzen Tag aufzusuchen und zu entdecken. In welcher Richtung fahren wir mal ab, k\u00f6nnen wir nach allen Seiten hin attraktive turistischen Zielpunkte finden. Fangen wir mal vielleicht mit der Stadt \u00a0 <a title=\"Szeged\" href=\"\/de\/programok\/szeged\">Szeged<\/a> an. Die Stadt braucht von Keinem vorgestellt zu werden, ausser dem, dass sie architektonische und kulturelle Werte hat, welche in ganzer Welt bekannt und ber\u00fchmt sind und in der Saisone vom Freilichtsfestival werden die Besucher an unvergesslichen Erlebnissen teilhaben. Der Wildpark in Szeged geh\u00f6rt den meisthervorragenden Zoos des Landes, bzw. was die Gastronomie betrifft, ist die ber\u00fchmte Tisza-Fischsuppe a la Szeged nicht auszulassen.<\/p>\n<p>Wenn wir uns nach Norden begeben, kommen wir in der Stadt\u00a0<a title=\"Szarvas\" href=\"\/de\/programok\/szarvas\">Szarvas<\/a> an, wo es ein weltber\u00fchmtes Arboretum mit Flora und Fauna gibt, ausserdem befindet es sich eine prachtvolle Wasseb\u00fchne und auch die sonstigen architektonischen Erbschaften der Stadt sind sehr ber\u00fchmt.  Es ist auch ein besonderes Denkmal zu sehen, welche dem Besucher die \u201eMitte Ungarns\u201d, d.h. den geometrischen Mittelpunkt Ungarns noch von der pre-Trianonszeiten zeigt. Es werden auch die Stadt Szarvas und ihre Gegend den Feinleckern empfohlen, denn es werden  hier die ausgezeichneten Traditionen der slowakisch-ungarische K\u00fcche .in den \u00f6rtlichen Restauranten lebendig.<\/p>\n<p>Nach Osten fahrend kommen wir in\u00a0<a href=\"\/de\/programok\/bekescsaba\" title=\"B\u00e9k\u00e9scsaba\">B\u00e9k\u00e9scsaba<\/a> bzw.\u00a0In <a href=\"\/de\/programok\/gyula\" title=\"Gyula\">Gyula<\/a>\u00a0 an. Die beiden Staedte sind sehr attraktiv, denn die bald sich erneuernde Innerestadt des Komitatsitzes B\u00e9k\u00e9s verleiht eine sogenannte echt-eurpaeische Laune. In dem Theater J\u00f3kai werden es ausgezeichnete Theaterst\u00fccke dargestellt und hier befindet sich leider auch das sozusagene einzige Kino des Komitats, besser gesagt, ist es solch ein Kino, das mit den anderen welchen Projektonssaelen in Ungarn konkurrieren kann.  Ausserdem, nicht zu vergessen, dass wir im Heim von dem weltber\u00fchmten Csabai-Wurst sind, und es lohnt sich, nachzusuchen, wo die leckersten, bestschmeckenden Hausw\u00fcrste zu bekommen sind.<\/p>\n<p>Es ist aber gar nicht n\u00f6tig  so ausf\u00fchrlich, die Stadt Gyula bekanntmachen, denn so wie sein Burg, als auch sein Burgbad in aller Welt ber\u00fchmt und bekannt sind, nicht zu reden davon, dass Andenken von D\u00fcrer so wie auch Franz Erkel wird auf professionalem Niveau in dieser Provinzialstadt an dem Grenzenrand bewahrt. <\/p>\n<h3>Bildgalerie<\/h3>\n\n<div class=\"ngg-galleryoverview\" id=\"ngg-gallery-47-26125\">\n\n\n\t\n\t<!-- Thumbnails -->\n\t\t\n\t<div id=\"ngg-image-388\" class=\"ngg-gallery-thumbnail-box\"  >\n\t\t<div class=\"ngg-gallery-thumbnail\" >\n\t\t\t<a href=\"https:\/\/gyoparosfurdo-oroshaza.hu\/wp-content\/gallery\/autoval\/autoval_01.jpg\" title=\"Gyop\u00e1rosf\u00fcrd\u0151 a Kil\u00e1t\u00f3toronnyal\" class=\"thickbox\" rel=\"set_47\" >\n\t\t\t\t\t\t\t\t<img title=\"Gyop\u00e1rosf\u00fcrd\u0151 a Kil\u00e1t\u00f3toronnyal\" alt=\"Gyop\u00e1rosf\u00fcrd\u0151 a Kil\u00e1t\u00f3toronnyal\" src=\"https:\/\/gyoparosfurdo-oroshaza.hu\/wp-content\/gallery\/autoval\/thumbs\/thumbs_autoval_01.jpg\" width=\"120\" height=\"95\" \/>\n\t\t\t\t\t\t\t<\/a>\n\t\t<\/div>\n\t<\/div>\n\t\n\t\t\n \t\t\n\t<div id=\"ngg-image-389\" class=\"ngg-gallery-thumbnail-box\"  >\n\t\t<div class=\"ngg-gallery-thumbnail\" >\n\t\t\t<a href=\"https:\/\/gyoparosfurdo-oroshaza.hu\/wp-content\/gallery\/autoval\/autoval_02.jpg\" title=\"A gyop\u00e1rosi \u00c9lm\u00e9nyf\u00fcrd\u0151 rossz id\u0151 eset\u00e9n is j\u00f3 v\u00e1laszt\u00e1s\" class=\"thickbox\" rel=\"set_47\" >\n\t\t\t\t\t\t\t\t<img title=\"A gyop\u00e1rosi \u00c9lm\u00e9nyf\u00fcrd\u0151 rossz id\u0151 eset\u00e9n is j\u00f3 v\u00e1laszt\u00e1s\" alt=\"A gyop\u00e1rosi \u00c9lm\u00e9nyf\u00fcrd\u0151 rossz id\u0151 eset\u00e9n is j\u00f3 v\u00e1laszt\u00e1s\" src=\"https:\/\/gyoparosfurdo-oroshaza.hu\/wp-content\/gallery\/autoval\/thumbs\/thumbs_autoval_02.jpg\" width=\"120\" height=\"95\" \/>\n\t\t\t\t\t\t\t<\/a>\n\t\t<\/div>\n\t<\/div>\n\t\n\t\t\n \t\t\n\t<div id=\"ngg-image-390\" class=\"ngg-gallery-thumbnail-box\"  >\n\t\t<div class=\"ngg-gallery-thumbnail\" >\n\t\t\t<a href=\"https:\/\/gyoparosfurdo-oroshaza.hu\/wp-content\/gallery\/autoval\/autoval_03.jpg\" title=\"Az \u00c9lm\u00e9nyf\u00fcrd\u0151 cs\u00faszdarendszere\" class=\"thickbox\" rel=\"set_47\" >\n\t\t\t\t\t\t\t\t<img title=\"Az \u00c9lm\u00e9nyf\u00fcrd\u0151 cs\u00faszdarendszere\" alt=\"Az \u00c9lm\u00e9nyf\u00fcrd\u0151 cs\u00faszdarendszere\" src=\"https:\/\/gyoparosfurdo-oroshaza.hu\/wp-content\/gallery\/autoval\/thumbs\/thumbs_autoval_03.jpg\" width=\"120\" height=\"95\" \/>\n\t\t\t\t\t\t\t<\/a>\n\t\t<\/div>\n\t<\/div>\n\t\n\t\t\n \t\t\n\t<div id=\"ngg-image-391\" class=\"ngg-gallery-thumbnail-box\"  >\n\t\t<div class=\"ngg-gallery-thumbnail\" >\n\t\t\t<a href=\"https:\/\/gyoparosfurdo-oroshaza.hu\/wp-content\/gallery\/autoval\/autoval_04.jpg\" title=\"A hatalmas z\u00f6ld gyop\u00e1rosi Parkf\u00fcrd\u0151\" class=\"thickbox\" rel=\"set_47\" >\n\t\t\t\t\t\t\t\t<img title=\"A hatalmas z\u00f6ld gyop\u00e1rosi Parkf\u00fcrd\u0151\" alt=\"A hatalmas z\u00f6ld gyop\u00e1rosi Parkf\u00fcrd\u0151\" src=\"https:\/\/gyoparosfurdo-oroshaza.hu\/wp-content\/gallery\/autoval\/thumbs\/thumbs_autoval_04.jpg\" width=\"120\" height=\"95\" \/>\n\t\t\t\t\t\t\t<\/a>\n\t\t<\/div>\n\t<\/div>\n\t\n\t\t\n \t\t\n\t<div id=\"ngg-image-392\" class=\"ngg-gallery-thumbnail-box\"  >\n\t\t<div class=\"ngg-gallery-thumbnail\" >\n\t\t\t<a href=\"https:\/\/gyoparosfurdo-oroshaza.hu\/wp-content\/gallery\/autoval\/autoval_05.jpg\" title=\"A kardosk\u00fati Feh\u00e9rt\u00f3n a val\u00f3di term\u00e9szet fogad\" class=\"thickbox\" rel=\"set_47\" >\n\t\t\t\t\t\t\t\t<img title=\"A kardosk\u00fati Feh\u00e9rt\u00f3n a val\u00f3di term\u00e9szet fogad\" alt=\"A kardosk\u00fati Feh\u00e9rt\u00f3n a val\u00f3di term\u00e9szet fogad\" src=\"https:\/\/gyoparosfurdo-oroshaza.hu\/wp-content\/gallery\/autoval\/thumbs\/thumbs_autoval_05.jpg\" width=\"120\" height=\"95\" \/>\n\t\t\t\t\t\t\t<\/a>\n\t\t<\/div>\n\t<\/div>\n\t\n\t\t\n \t\t\n\t<div id=\"ngg-image-393\" class=\"ngg-gallery-thumbnail-box\"  >\n\t\t<div class=\"ngg-gallery-thumbnail\" >\n\t\t\t<a href=\"https:\/\/gyoparosfurdo-oroshaza.hu\/wp-content\/gallery\/autoval\/autoval_06.jpg\" title=\"B\u00e9k\u00e9scsaba alig t\u00f6bb, mint f\u00e9l \u00f3ra keleti ir\u00e1nyban\" class=\"thickbox\" rel=\"set_47\" >\n\t\t\t\t\t\t\t\t<img title=\"B\u00e9k\u00e9scsaba alig t\u00f6bb, mint f\u00e9l \u00f3ra keleti ir\u00e1nyban\" alt=\"B\u00e9k\u00e9scsaba alig t\u00f6bb, mint f\u00e9l \u00f3ra keleti ir\u00e1nyban\" src=\"https:\/\/gyoparosfurdo-oroshaza.hu\/wp-content\/gallery\/autoval\/thumbs\/thumbs_autoval_06.jpg\" width=\"120\" height=\"95\" \/>\n\t\t\t\t\t\t\t<\/a>\n\t\t<\/div>\n\t<\/div>\n\t\n\t\t\n \t\t\n\t<div id=\"ngg-image-394\" class=\"ngg-gallery-thumbnail-box\"  >\n\t\t<div class=\"ngg-gallery-thumbnail\" >\n\t\t\t<a href=\"https:\/\/gyoparosfurdo-oroshaza.hu\/wp-content\/gallery\/autoval\/autoval_07.jpg\" title=\"Szeged 56 km nyugati ir\u00e1nyban\" class=\"thickbox\" rel=\"set_47\" >\n\t\t\t\t\t\t\t\t<img title=\"Szeged 56 km nyugati ir\u00e1nyban\" alt=\"Szeged 56 km nyugati ir\u00e1nyban\" src=\"https:\/\/gyoparosfurdo-oroshaza.hu\/wp-content\/gallery\/autoval\/thumbs\/thumbs_autoval_07.jpg\" width=\"120\" height=\"95\" \/>\n\t\t\t\t\t\t\t<\/a>\n\t\t<\/div>\n\t<\/div>\n\t\n\t\t\n \t\t\n\t<div id=\"ngg-image-395\" class=\"ngg-gallery-thumbnail-box\"  >\n\t\t<div class=\"ngg-gallery-thumbnail\" >\n\t\t\t<a href=\"https:\/\/gyoparosfurdo-oroshaza.hu\/wp-content\/gallery\/autoval\/autoval_08.jpg\" title=\"Szarvas \u00e9s a K\u0151r\u00f6s\u00f6k alig 40 km\" class=\"thickbox\" rel=\"set_47\" >\n\t\t\t\t\t\t\t\t<img title=\"Szarvas \u00e9s a K\u0151r\u00f6s\u00f6k alig 40 km\" alt=\"Szarvas \u00e9s a K\u0151r\u00f6s\u00f6k alig 40 km\" src=\"https:\/\/gyoparosfurdo-oroshaza.hu\/wp-content\/gallery\/autoval\/thumbs\/thumbs_autoval_08.jpg\" width=\"120\" height=\"95\" \/>\n\t\t\t\t\t\t\t<\/a>\n\t\t<\/div>\n\t<\/div>\n\t\n\t\t\n \t\t\n\t<div id=\"ngg-image-396\" class=\"ngg-gallery-thumbnail-box\"  >\n\t\t<div class=\"ngg-gallery-thumbnail\" >\n\t\t\t<a href=\"https:\/\/gyoparosfurdo-oroshaza.hu\/wp-content\/gallery\/autoval\/autoval_09.jpg\" title=\"B\u00e9k\u00e9scsab\u00e1t\u00f3l m\u00e1r nincs messze Gyula\" class=\"thickbox\" rel=\"set_47\" >\n\t\t\t\t\t\t\t\t<img title=\"B\u00e9k\u00e9scsab\u00e1t\u00f3l m\u00e1r nincs messze Gyula\" alt=\"B\u00e9k\u00e9scsab\u00e1t\u00f3l m\u00e1r nincs messze Gyula\" src=\"https:\/\/gyoparosfurdo-oroshaza.hu\/wp-content\/gallery\/autoval\/thumbs\/thumbs_autoval_09.jpg\" width=\"120\" height=\"95\" \/>\n\t\t\t\t\t\t\t<\/a>\n\t\t<\/div>\n\t<\/div>\n\t\n\t\t\n \t\t\n\t<div id=\"ngg-image-397\" class=\"ngg-gallery-thumbnail-box\"  >\n\t\t<div class=\"ngg-gallery-thumbnail\" >\n\t\t\t<a href=\"https:\/\/gyoparosfurdo-oroshaza.hu\/wp-content\/gallery\/autoval\/autoval_10.jpg\" title=\"De Szabadk\u00edgy\u00f3s sem\" class=\"thickbox\" rel=\"set_47\" >\n\t\t\t\t\t\t\t\t<img title=\"De Szabadk\u00edgy\u00f3s sem\" alt=\"De Szabadk\u00edgy\u00f3s sem\" src=\"https:\/\/gyoparosfurdo-oroshaza.hu\/wp-content\/gallery\/autoval\/thumbs\/thumbs_autoval_10.jpg\" width=\"120\" height=\"95\" \/>\n\t\t\t\t\t\t\t<\/a>\n\t\t<\/div>\n\t<\/div>\n\t\n\t\t\n \t\t\n\t<div id=\"ngg-image-398\" class=\"ngg-gallery-thumbnail-box\"  >\n\t\t<div class=\"ngg-gallery-thumbnail\" >\n\t\t\t<a href=\"https:\/\/gyoparosfurdo-oroshaza.hu\/wp-content\/gallery\/autoval\/autoval_11.jpg\" title=\"A k\u00f6zeli Mez\u0151hegyes a hazai l\u00f3teny\u00e9szt\u00e9s mekk\u00e1ja\" class=\"thickbox\" rel=\"set_47\" >\n\t\t\t\t\t\t\t\t<img title=\"A k\u00f6zeli Mez\u0151hegyes a hazai l\u00f3teny\u00e9szt\u00e9s mekk\u00e1ja\" alt=\"A k\u00f6zeli Mez\u0151hegyes a hazai l\u00f3teny\u00e9szt\u00e9s mekk\u00e1ja\" src=\"https:\/\/gyoparosfurdo-oroshaza.hu\/wp-content\/gallery\/autoval\/thumbs\/thumbs_autoval_11.jpg\" width=\"120\" height=\"95\" \/>\n\t\t\t\t\t\t\t<\/a>\n\t\t<\/div>\n\t<\/div>\n\t\n\t\t\n \t\t\n\t<div id=\"ngg-image-399\" class=\"ngg-gallery-thumbnail-box\"  >\n\t\t<div class=\"ngg-gallery-thumbnail\" >\n\t\t\t<a href=\"https:\/\/gyoparosfurdo-oroshaza.hu\/wp-content\/gallery\/autoval\/autoval_12.jpg\" title=\"Arad sincs messzebb 75 km-n\u00e9l\" class=\"thickbox\" rel=\"set_47\" >\n\t\t\t\t\t\t\t\t<img title=\"Arad sincs messzebb 75 km-n\u00e9l\" alt=\"Arad sincs messzebb 75 km-n\u00e9l\" src=\"https:\/\/gyoparosfurdo-oroshaza.hu\/wp-content\/gallery\/autoval\/thumbs\/thumbs_autoval_12.jpg\" width=\"120\" height=\"95\" \/>\n\t\t\t\t\t\t\t<\/a>\n\t\t<\/div>\n\t<\/div>\n\t\n\t\t\n \t \t\n\t<!-- Pagination -->\n \t<div class='ngg-clear'><\/div>\n \t\n<\/div>\n\n\n<\/div>\n","protected":false},"excerpt":{"rendered":"<p>Wenn Sie mit dem Vierraedern ankommen&#8230; F\u00fcr Autofahrer kann die Stadt Orosh\u00e1za ein ideales Reiseziel sein, bzw. sogar auch der Badeort Gyop\u00e1rosf\u00fcrd\u0151, denn die beiden M\u00f6glichkeiten sind gegeben, die f\u00fcr mit dem Auto herfahrenden Turisten gebraucht werden, das heisst, sie &hellip; <a href=\"https:\/\/gyoparosfurdo-oroshaza.hu\/de\/programme\/mit-dem-auto\">Folytat\u00e1s <span class=\"meta-nav\">&rarr;<\/span><\/a><\/p>\n","protected":false},"author":6,"featured_media":0,"parent":26025,"menu_order":0,"comment_status":"closed","ping_status":"closed","template":"","meta":[],"_links":{"self":[{"href":"https:\/\/gyoparosfurdo-oroshaza.hu\/de\/wp-json\/wp\/v2\/pages\/26125"}],"collection":[{"href":"https:\/\/gyoparosfurdo-oroshaza.hu\/de\/wp-json\/wp\/v2\/pages"}],"about":[{"href":"https:\/\/gyoparosfurdo-oroshaza.hu\/de\/wp-json\/wp\/v2\/types\/page"}],"author":[{"embeddable":true,"href":"https:\/\/gyoparosfurdo-oroshaza.hu\/de\/wp-json\/wp\/v2\/users\/6"}],"replies":[{"embeddable":true,"href":"https:\/\/gyoparosfurdo-oroshaza.hu\/de\/wp-json\/wp\/v2\/comments?post=26125"}],"version-history":[{"count":0,"href":"https:\/\/gyoparosfurdo-oroshaza.hu\/de\/wp-json\/wp\/v2\/pages\/26125\/revisions"}],"up":[{"embeddable":true,"href":"https:\/\/gyoparosfurdo-oroshaza.hu\/de\/wp-json\/wp\/v2\/pages\/26025"}],"wp:attachment":[{"href":"https:\/\/gyoparosfurdo-oroshaza.hu\/de\/wp-json\/wp\/v2\/media?parent=26125"}],"curies":[{"name":"wp","href":"https:\/\/api.w.org\/{rel}","templated":true}]}}