{"id":26115,"date":"2012-04-13T12:16:11","date_gmt":"2012-04-13T10:16:11","guid":{"rendered":"https:\/\/gyoparosfurdo-oroshaza.hu\/im-winter"},"modified":"2012-04-13T12:16:11","modified_gmt":"2012-04-13T11:16:11","slug":"im-winter","status":"publish","type":"page","link":"https:\/\/gyoparosfurdo-oroshaza.hu\/de\/programme\/im-winter","title":{"rendered":"Im Winter"},"content":{"rendered":"<div class=\"topten_grid_container topten_page\"><div class=\"topten_grid_item\"><span class=\"h3\">Top Programme<\/span><a href=\"\/de\/programme\/fuer-sportfans\" class=\"topten_fuer-sportfans first\">F\u00fcr Sportfans &raquo;<\/a><a href=\"\/de\/programme\/fuer-familien\" class=\"topten_fuer-familien\">F\u00fcr Familien &raquo;<\/a><a href=\"\/de\/programme\/im-sommer\" class=\"topten_im-sommer first\">Im Sommer &raquo;<\/a><a href=\"\/de\/programme\/1-tag\" class=\"topten_1-tag\">Auf ein Tag &raquo;<\/a><a href=\"\/de\/programme\/fuer-fahrraeder\" class=\"topten_fuer-fahrraeder first\">F\u00fcr Fahrr\u00e4der &raquo;<\/a><a href=\"\/de\/programme\/fuer-wochenende\" class=\"topten_fuer-wochenende\">Wochenende &raquo;<\/a><a href=\"\/de\/programme\/im-winter\" class=\"topten_im-winter first active\">Im Winter &raquo;<\/a><a href=\"\/de\/programme\/fuer-jugend\" class=\"topten_fuer-jugend\">F\u00fcr Jugend &raquo;<\/a><a href=\"\/de\/programme\/fuer-paare\" class=\"topten_fuer-paare first\">F\u00fcr Paare &raquo;<\/a><a href=\"\/de\/programme\/mit-dem-auto\" class=\"topten_mit-dem-auto\">Mit dem Auto &raquo;<\/a><a href=\"\/de\/programme\/fuer-kulturfans\" class=\"topten_fuer-kulturfans first\">F\u00fcr Kulturfans &raquo;<\/a><a href=\"\/de\/programme\/1-woche\" class=\"topten_1-woche\">Auf eine Woche &raquo;<\/a><a href=\"\/de\/programme\/fuer-angeln\" class=\"topten_fuer-angeln first\">F\u00fcr Angeln &raquo;<\/a><a href=\"\/de\/programme\/fuer-photographer\" class=\"topten_fuer-photographer\">F\u00fcr Photographer &raquo;<\/a><\/div><a href=\"https:\/\/gyoparosfurdo-oroshaza.hu\/de\/programok\/elmenyfurdozes-gyoparoson\" title=\"Wellnessbad in Gyop\u00e1rosf\u00fcrd\u0151\" class=\"topten_grid_item\"><span class=\"number\">1<\/span><img width=\"290\" height=\"230\" src=\"https:\/\/gyoparosfurdo-oroshaza.hu\/wp-content\/uploads\/2012\/04\/elmenyfurdo_kiemelt.jpg\" class=\"lazyload wp-post-image\" alt=\"\" loading=\"lazy\" \/><span class=\"title\">Wellnessbad in Gyop\u00e1rosf\u00fcrd\u0151<\/span><span class=\"text\">Im 6000 m\u00b2, 4-Sterne Badkomplexum in Gyop\u00e1ros ist das Bad wirklich ein grossartiges Erlebnnis.<\/span><\/a><a href=\"https:\/\/gyoparosfurdo-oroshaza.hu\/de\/programok\/wellness-es-kenyeztetes\" title=\"Wellness und Verw\u00f6hnung\" class=\"topten_grid_item\"><span class=\"number\">2<\/span><img width=\"290\" height=\"230\" src=\"https:\/\/gyoparosfurdo-oroshaza.hu\/wp-content\/uploads\/2012\/05\/3_Wellness.jpg\" class=\"lazyload wp-post-image\" alt=\"\" loading=\"lazy\" \/><span class=\"title\">Wellness und Verw\u00f6hnung<\/span><span class=\"text\">Wie eine romantische Ber\u00fchrung und Gestreichel, so gut f\u00e4llt einem die Verw\u00f6hnung, die man in Gyop\u00e1rosf\u00fcrd\u0151-Bad bekommen kann.<\/span><\/a><a href=\"https:\/\/gyoparosfurdo-oroshaza.hu\/de\/programok\/ejszakai-furdozes\" title=\"N\u00e4chtliches Badevergn\u00fcgen\" class=\"topten_grid_item\"><span class=\"number\">3<\/span><img width=\"290\" height=\"230\" src=\"https:\/\/gyoparosfurdo-oroshaza.hu\/wp-content\/uploads\/2012\/04\/4_Ejszakai_furdozes.jpg\" class=\"lazyload wp-post-image\" alt=\"\" loading=\"lazy\" \/><span class=\"title\">N\u00e4chtliches Badevergn\u00fcgen<\/span><span class=\"text\">Wenn es irgendwelches Anreizendes gibt, dann spricht man \u00fcber ein Nachtbaden.<\/span><\/a><a href=\"https:\/\/gyoparosfurdo-oroshaza.hu\/de\/programok\/a-puszta-telen\" title=\"Der Pussta im Winter\" class=\"topten_grid_item\"><span class=\"number\">4<\/span><img width=\"290\" height=\"230\" src=\"https:\/\/gyoparosfurdo-oroshaza.hu\/wp-content\/uploads\/2012\/04\/A_puszta_telen.jpg\" class=\"lazyload wp-post-image\" alt=\"\" loading=\"lazy\" \/><span class=\"title\">Der Pussta im Winter<\/span><span class=\"text\">Der Pussta aus der Tiefebene zieht viele Besucher nicht nur in den sommerlichen Monaten mit der Hitze \u00f6fters \u00fcber 34-36C\u00b0, sondern auch im Winter an.<\/span><\/a><a href=\"https:\/\/gyoparosfurdo-oroshaza.hu\/de\/programok\/fallabda-tenisz\" title=\"Tennis\" class=\"topten_grid_item\"><span class=\"number\">5<\/span><img width=\"290\" height=\"230\" src=\"https:\/\/gyoparosfurdo-oroshaza.hu\/wp-content\/uploads\/2012\/04\/10_Tenisz_fallabda.jpg\" class=\"lazyload wp-post-image\" alt=\"\" loading=\"lazy\" \/><span class=\"title\">Tennis<\/span><span class=\"text\">Man muss sich nicht zu Hause seines Racket lassen, der unter der oroshazer Erholung Tennis spielen will, sei es Sommer oder Winter.<\/span><\/a><div class=\"clear\"><\/div><\/div>\n<div class=\"W560\">\n<span class=\"h3\">Orosh\u00e1za-Gyop\u00e1ros  ist bereit, jeden zu empfangen.<\/span><\/p>\n<h2>Obwohl  die wundersch\u00f6nen gr\u00fcnen Parke in Gyop\u00e1rosbad verlieren ihre Blaetter f\u00fcr Winter, aber trotzdem lohnt es uns, einen Besuch da zu machen.<\/h2>\n<p>Das \u00a0<a href=\"https:\/\/gyoparosfurdo-oroshaza.hu\/de\/gyoparosfurdo\/heilbad\" title=\"Heilbad in Gyop\u00e1ros\">Heilbad in Gyop\u00e1ros<\/a>, bzw. das <a href=\"\/de\/programok\/elmenyfurdozes-gyoparoson\" title=\"Erlebnisbad\">Erlebnisbad<\/a>\u00a0sind jeden Tag des Jahres er\u00f6ffnet, das heisst, es lohnt sich, Ausflug mit Programmen auch im Winter hier zu planen, man kann die Weinachtsfesten, so gar auch die Zeit von Silvester hier verbringen<\/p>\n<p>Obwohl die Tiefebene, hinsichtlich des geographischen Charakters, kann dem Schilaufen als einem der beliebsten Wintersport nicht stattgeben, trotz diesem, ergibt es sich zahlreiche M\u00f6glichkeiten f\u00fcr Aufgeschlossenen in Orosh\u00e1za und in ihrer Gegend. Die <a href=\"\/de\/programok\/a-puszta-telen\" title=\"Sch\u00f6nheit von der Pussta\">Sch\u00f6nheit von der Pussta<\/a> wurde von mehrerem ungarischen Dichter besungen, in dieser Weise brauchen wir nicht zu beteuern, wie wundersch\u00f6n die endlose, weisse Landschaft.  Eine Winterpromenade ist unvergleichliches Erlebnis in dem Waldpark in Gyop\u00e1ros, wie auch das Schlittschuhfahren auf der gefrorenen Seeflaeche. <\/p>\n<p>Nat\u00fcrlich, auch selbst das Bad bietet unvergleichliches Erlebnis in dieser Zeit.  Eine getestete, gesundheitsch\u00fctzende Mitwirkung hat aber <a href=\"https:\/\/gyoparosfurdo-oroshaza.hu\/de\/gyoparosfurdo\/saunapark\" title=\"der Saunagang\">der Saunagang<\/a> im Winter, da dieser Vorgang in Entschlackung des K\u00f6rpers beihilft, ausserdem kraeftigt er das Immunsystem und hat Aderregenerierende Mitwirkung, da die Bakterien und Viren in der heissen, trockenen Luft vernichtet werden. Es ist aussagend empfohlen, Saunagang in Wuntermonaten aufzunehmen -, das ist auch in der Fachliteratur abgeschrieben.<\/p>\n<p>In dem Bad ist der Anschluss zum Wifi f\u00fcr Gaeste kostenfrei, insofern k\u00f6nnen die Gaeste sich von ihren Handy, Tablet, oder von Laptop zum Internet anschliessen, um ihr Geschaeft zu arrangieren oder sie k\u00f6nnen eben ihre neuesten Erlebnisse  mit ihren Freunden, Bekannten teilen, wie z.B.: wie herrlich der Wellness war. Auch die Fitness-Studios in der Stadt sind er\u00f6ffnet, obwohl gibt es M\u00f6glichkeit zu relaxieren, zu entspannen, denn die  <a href=\"https:\/\/gyoparosfurdo-oroshaza.hu\/de\/oroshaza\/restaurants\" title=\"Restaurante\">Restaurante<\/a>, kulturelle Anstalte in der Stad sind ebenso aufzusuchen, wie auch in anderer Saisone des Jahres, obendrauf egeben es sich in dieser Zeit gar reicherere Programmangebotet. Im Allgemeinen werden es Konzertvorf\u00fchrungen von erstrangierten Darstellern, bzw. aufregenden k\u00fcnstlerischen Vorf\u00fchrungen von einheimischen Kindern und Erwachsenen veranstaltet. Diesesmal warten diese farbvollen Programme auf die einheimischen bzw. auf in der Stadt verkehrenden Gaeste.<\/p>\n<h3>Bildgalerie<\/h3>\n\n<div class=\"ngg-galleryoverview\" id=\"ngg-gallery-25-26115\">\n\n\n\t\n\t<!-- Thumbnails -->\n\t\t\n\t<div id=\"ngg-image-1519\" class=\"ngg-gallery-thumbnail-box\"  >\n\t\t<div class=\"ngg-gallery-thumbnail\" >\n\t\t\t<a href=\"https:\/\/gyoparosfurdo-oroshaza.hu\/wp-content\/gallery\/telen\/gyoparos-tel-2018-03.jpg\" title=\"Gyop\u00e1rosf\u00fcrd\u0151 t\u00e9len\" class=\"thickbox\" rel=\"set_25\" >\n\t\t\t\t\t\t\t\t<img title=\"Gyop\u00e1rosf\u00fcrd\u0151 t\u00e9len\" alt=\"Gyop\u00e1rosf\u00fcrd\u0151 t\u00e9len\" src=\"https:\/\/gyoparosfurdo-oroshaza.hu\/wp-content\/gallery\/telen\/thumbs\/thumbs_gyoparos-tel-2018-03.jpg\" width=\"120\" height=\"95\" \/>\n\t\t\t\t\t\t\t<\/a>\n\t\t<\/div>\n\t<\/div>\n\t\n\t\t\n \t\t\n\t<div id=\"ngg-image-999\" class=\"ngg-gallery-thumbnail-box\"  >\n\t\t<div class=\"ngg-gallery-thumbnail\" >\n\t\t\t<a href=\"https:\/\/gyoparosfurdo-oroshaza.hu\/wp-content\/gallery\/telen\/elmenyfurdo_napsutes.jpg\" title=\"\u00c9lm\u00e9nyf\u00fcrd\u0151z\u00e9s t\u00e9len\" class=\"thickbox\" rel=\"set_25\" >\n\t\t\t\t\t\t\t\t<img title=\"\u00c9lm\u00e9nyf\u00fcrd\u0151z\u00e9s t\u00e9len\" alt=\"\u00c9lm\u00e9nyf\u00fcrd\u0151z\u00e9s t\u00e9len\" src=\"https:\/\/gyoparosfurdo-oroshaza.hu\/wp-content\/gallery\/telen\/thumbs\/thumbs_elmenyfurdo_napsutes.jpg\" width=\"120\" height=\"95\" \/>\n\t\t\t\t\t\t\t<\/a>\n\t\t<\/div>\n\t<\/div>\n\t\n\t\t\n \t\t\n\t<div id=\"ngg-image-1000\" class=\"ngg-gallery-thumbnail-box\"  >\n\t\t<div class=\"ngg-gallery-thumbnail\" >\n\t\t\t<a href=\"https:\/\/gyoparosfurdo-oroshaza.hu\/wp-content\/gallery\/telen\/gyoparosfurdo-szauna-2.jpg\" title=\"A meg\u00fajult szaunapark\" class=\"thickbox\" rel=\"set_25\" >\n\t\t\t\t\t\t\t\t<img title=\"A meg\u00fajult szaunapark\" alt=\"A meg\u00fajult szaunapark\" src=\"https:\/\/gyoparosfurdo-oroshaza.hu\/wp-content\/gallery\/telen\/thumbs\/thumbs_gyoparosfurdo-szauna-2.jpg\" width=\"120\" height=\"95\" \/>\n\t\t\t\t\t\t\t<\/a>\n\t\t<\/div>\n\t<\/div>\n\t\n\t\t\n \t\t\n\t<div id=\"ngg-image-1002\" class=\"ngg-gallery-thumbnail-box\"  >\n\t\t<div class=\"ngg-gallery-thumbnail\" >\n\t\t\t<a href=\"https:\/\/gyoparosfurdo-oroshaza.hu\/wp-content\/gallery\/telen\/gyoparosfurdo-szauna-5.jpg\" title=\"A meg\u00fajult szaunapark\" class=\"thickbox\" rel=\"set_25\" >\n\t\t\t\t\t\t\t\t<img title=\"A meg\u00fajult szaunapark\" alt=\"A meg\u00fajult szaunapark\" src=\"https:\/\/gyoparosfurdo-oroshaza.hu\/wp-content\/gallery\/telen\/thumbs\/thumbs_gyoparosfurdo-szauna-5.jpg\" width=\"120\" height=\"95\" \/>\n\t\t\t\t\t\t\t<\/a>\n\t\t<\/div>\n\t<\/div>\n\t\n\t\t\n \t\t\n\t<div id=\"ngg-image-1001\" class=\"ngg-gallery-thumbnail-box\"  >\n\t\t<div class=\"ngg-gallery-thumbnail\" >\n\t\t\t<a href=\"https:\/\/gyoparosfurdo-oroshaza.hu\/wp-content\/gallery\/telen\/gyoparosfurdo-szauna-3.jpg\" title=\"Szaunasze\u00e1nszok\" class=\"thickbox\" rel=\"set_25\" >\n\t\t\t\t\t\t\t\t<img title=\"Szaunasze\u00e1nszok\" alt=\"Szaunasze\u00e1nszok\" src=\"https:\/\/gyoparosfurdo-oroshaza.hu\/wp-content\/gallery\/telen\/thumbs\/thumbs_gyoparosfurdo-szauna-3.jpg\" width=\"120\" height=\"95\" \/>\n\t\t\t\t\t\t\t<\/a>\n\t\t<\/div>\n\t<\/div>\n\t\n\t\t\n \t\t\n\t<div id=\"ngg-image-1279\" class=\"ngg-gallery-thumbnail-box\"  >\n\t\t<div class=\"ngg-gallery-thumbnail\" >\n\t\t\t<a href=\"https:\/\/gyoparosfurdo-oroshaza.hu\/wp-content\/gallery\/telen\/tel1.jpg\" title=\"Wellness t\u00e9len\" class=\"thickbox\" rel=\"set_25\" >\n\t\t\t\t\t\t\t\t<img title=\"Wellness t\u00e9len\" alt=\"Wellness t\u00e9len\" src=\"https:\/\/gyoparosfurdo-oroshaza.hu\/wp-content\/gallery\/telen\/thumbs\/thumbs_tel1.jpg\" width=\"120\" height=\"95\" \/>\n\t\t\t\t\t\t\t<\/a>\n\t\t<\/div>\n\t<\/div>\n\t\n\t\t\n \t\t\n\t<div id=\"ngg-image-1282\" class=\"ngg-gallery-thumbnail-box\"  >\n\t\t<div class=\"ngg-gallery-thumbnail\" >\n\t\t\t<a href=\"https:\/\/gyoparosfurdo-oroshaza.hu\/wp-content\/gallery\/telen\/tel4.jpg\" title=\"Wellness t\u00e9len\" class=\"thickbox\" rel=\"set_25\" >\n\t\t\t\t\t\t\t\t<img title=\"Wellness t\u00e9len\" alt=\"Wellness t\u00e9len\" src=\"https:\/\/gyoparosfurdo-oroshaza.hu\/wp-content\/gallery\/telen\/thumbs\/thumbs_tel4.jpg\" width=\"120\" height=\"95\" \/>\n\t\t\t\t\t\t\t<\/a>\n\t\t<\/div>\n\t<\/div>\n\t\n\t\t\n \t\t\n\t<div id=\"ngg-image-1517\" class=\"ngg-gallery-thumbnail-box\"  >\n\t\t<div class=\"ngg-gallery-thumbnail\" >\n\t\t\t<a href=\"https:\/\/gyoparosfurdo-oroshaza.hu\/wp-content\/gallery\/telen\/gyoparos-tel-2018-01.jpg\" title=\"\u00c9lm\u00e9nyf\u00fcrd\u0151 k\u00fclt\u00e9ri medenc\u00e9k\" class=\"thickbox\" rel=\"set_25\" >\n\t\t\t\t\t\t\t\t<img title=\"\u00c9lm\u00e9nyf\u00fcrd\u0151 k\u00fclt\u00e9ri medenc\u00e9k\" alt=\"\u00c9lm\u00e9nyf\u00fcrd\u0151 k\u00fclt\u00e9ri medenc\u00e9k\" src=\"https:\/\/gyoparosfurdo-oroshaza.hu\/wp-content\/gallery\/telen\/thumbs\/thumbs_gyoparos-tel-2018-01.jpg\" width=\"120\" height=\"95\" \/>\n\t\t\t\t\t\t\t<\/a>\n\t\t<\/div>\n\t<\/div>\n\t\n\t\t\n \t\t\n\t<div id=\"ngg-image-1518\" class=\"ngg-gallery-thumbnail-box\"  >\n\t\t<div class=\"ngg-gallery-thumbnail\" >\n\t\t\t<a href=\"https:\/\/gyoparosfurdo-oroshaza.hu\/wp-content\/gallery\/telen\/gyoparos-tel-2018-02.jpg\" title=\"Melegv\u00edzes gy\u00f3gymedence\" class=\"thickbox\" rel=\"set_25\" >\n\t\t\t\t\t\t\t\t<img title=\"Melegv\u00edzes gy\u00f3gymedence\" alt=\"Melegv\u00edzes gy\u00f3gymedence\" src=\"https:\/\/gyoparosfurdo-oroshaza.hu\/wp-content\/gallery\/telen\/thumbs\/thumbs_gyoparos-tel-2018-02.jpg\" width=\"120\" height=\"95\" \/>\n\t\t\t\t\t\t\t<\/a>\n\t\t<\/div>\n\t<\/div>\n\t\n\t\t\n \t\t\n\t<div id=\"ngg-image-193\" class=\"ngg-gallery-thumbnail-box\"  >\n\t\t<div class=\"ngg-gallery-thumbnail\" >\n\t\t\t<a href=\"https:\/\/gyoparosfurdo-oroshaza.hu\/wp-content\/gallery\/telen\/telen_1.jpg\" title=\"T\u00e9li sz\u00e1nk\u00f3z\u00e1s a befagyott Gyop\u00e1rosi tavon\" class=\"thickbox\" rel=\"set_25\" >\n\t\t\t\t\t\t\t\t<img title=\"T\u00e9li sz\u00e1nk\u00f3z\u00e1s a befagyott Gyop\u00e1rosi tavon\" alt=\"T\u00e9li sz\u00e1nk\u00f3z\u00e1s a befagyott Gyop\u00e1rosi tavon\" src=\"https:\/\/gyoparosfurdo-oroshaza.hu\/wp-content\/gallery\/telen\/thumbs\/thumbs_telen_1.jpg\" width=\"120\" height=\"95\" \/>\n\t\t\t\t\t\t\t<\/a>\n\t\t<\/div>\n\t<\/div>\n\t\n\t\t\n \t\t\n\t<div id=\"ngg-image-194\" class=\"ngg-gallery-thumbnail-box\"  >\n\t\t<div class=\"ngg-gallery-thumbnail\" >\n\t\t\t<a href=\"https:\/\/gyoparosfurdo-oroshaza.hu\/wp-content\/gallery\/telen\/telen_2.jpg\" title=\"Korcsolyap\u00e1lya a t\u00e9li tavon\" class=\"thickbox\" rel=\"set_25\" >\n\t\t\t\t\t\t\t\t<img title=\"Korcsolyap\u00e1lya a t\u00e9li tavon\" alt=\"Korcsolyap\u00e1lya a t\u00e9li tavon\" src=\"https:\/\/gyoparosfurdo-oroshaza.hu\/wp-content\/gallery\/telen\/thumbs\/thumbs_telen_2.jpg\" width=\"120\" height=\"95\" \/>\n\t\t\t\t\t\t\t<\/a>\n\t\t<\/div>\n\t<\/div>\n\t\n\t\t\n \t\t\n\t<div id=\"ngg-image-196\" class=\"ngg-gallery-thumbnail-box\"  >\n\t\t<div class=\"ngg-gallery-thumbnail\" >\n\t\t\t<a href=\"https:\/\/gyoparosfurdo-oroshaza.hu\/wp-content\/gallery\/telen\/telen_4.jpg\" title=\"A gyop\u00e1rosi f\u00fcrd\u0151 \u00e9p\u00fclete t\u00e9li d\u00edszkivil\u00e1g\u00edt\u00e1ssal\" class=\"thickbox\" rel=\"set_25\" >\n\t\t\t\t\t\t\t\t<img title=\"A gyop\u00e1rosi f\u00fcrd\u0151 \u00e9p\u00fclete t\u00e9li d\u00edszkivil\u00e1g\u00edt\u00e1ssal\" alt=\"A gyop\u00e1rosi f\u00fcrd\u0151 \u00e9p\u00fclete t\u00e9li d\u00edszkivil\u00e1g\u00edt\u00e1ssal\" src=\"https:\/\/gyoparosfurdo-oroshaza.hu\/wp-content\/gallery\/telen\/thumbs\/thumbs_telen_4.jpg\" width=\"120\" height=\"95\" \/>\n\t\t\t\t\t\t\t<\/a>\n\t\t<\/div>\n\t<\/div>\n\t\n\t\t\n \t \t\n\t<!-- Pagination -->\n \t<div class='ngg-clear'><\/div>\n \t\n<\/div>\n\n<\/div>\n","protected":false},"excerpt":{"rendered":"<p>Orosh\u00e1za-Gyop\u00e1ros ist bereit, jeden zu empfangen. Obwohl die wundersch\u00f6nen gr\u00fcnen Parke in Gyop\u00e1rosbad verlieren ihre Blaetter f\u00fcr Winter, aber trotzdem lohnt es uns, einen Besuch da zu machen. Das \u00a0Heilbad in Gyop\u00e1ros, bzw. das Erlebnisbad\u00a0sind jeden Tag des Jahres er\u00f6ffnet, &hellip; <a href=\"https:\/\/gyoparosfurdo-oroshaza.hu\/de\/programme\/im-winter\">Folytat\u00e1s <span class=\"meta-nav\">&rarr;<\/span><\/a><\/p>\n","protected":false},"author":6,"featured_media":0,"parent":26025,"menu_order":0,"comment_status":"closed","ping_status":"closed","template":"","meta":[],"_links":{"self":[{"href":"https:\/\/gyoparosfurdo-oroshaza.hu\/de\/wp-json\/wp\/v2\/pages\/26115"}],"collection":[{"href":"https:\/\/gyoparosfurdo-oroshaza.hu\/de\/wp-json\/wp\/v2\/pages"}],"about":[{"href":"https:\/\/gyoparosfurdo-oroshaza.hu\/de\/wp-json\/wp\/v2\/types\/page"}],"author":[{"embeddable":true,"href":"https:\/\/gyoparosfurdo-oroshaza.hu\/de\/wp-json\/wp\/v2\/users\/6"}],"replies":[{"embeddable":true,"href":"https:\/\/gyoparosfurdo-oroshaza.hu\/de\/wp-json\/wp\/v2\/comments?post=26115"}],"version-history":[{"count":0,"href":"https:\/\/gyoparosfurdo-oroshaza.hu\/de\/wp-json\/wp\/v2\/pages\/26115\/revisions"}],"up":[{"embeddable":true,"href":"https:\/\/gyoparosfurdo-oroshaza.hu\/de\/wp-json\/wp\/v2\/pages\/26025"}],"wp:attachment":[{"href":"https:\/\/gyoparosfurdo-oroshaza.hu\/de\/wp-json\/wp\/v2\/media?parent=26115"}],"curies":[{"name":"wp","href":"https:\/\/api.w.org\/{rel}","templated":true}]}}