{"id":26108,"date":"2012-04-13T12:15:49","date_gmt":"2012-04-13T10:15:49","guid":{"rendered":"https:\/\/gyoparosfurdo-oroshaza.hu\/fuer-sportfans"},"modified":"2012-04-13T12:15:49","modified_gmt":"2012-04-13T11:15:49","slug":"fuer-sportfans","status":"publish","type":"page","link":"https:\/\/gyoparosfurdo-oroshaza.hu\/de\/programme\/fuer-sportfans","title":{"rendered":"F\u00fcr Sportfans"},"content":{"rendered":"<div class=\"topten_grid_container topten_page\"><div class=\"topten_grid_item\"><span class=\"h3\">Top Programme<\/span><a href=\"\/de\/programme\/fuer-sportfans\" class=\"topten_fuer-sportfans first active\">F\u00fcr Sportfans &raquo;<\/a><a href=\"\/de\/programme\/fuer-familien\" class=\"topten_fuer-familien\">F\u00fcr Familien &raquo;<\/a><a href=\"\/de\/programme\/im-sommer\" class=\"topten_im-sommer first\">Im Sommer &raquo;<\/a><a href=\"\/de\/programme\/1-tag\" class=\"topten_1-tag\">Auf ein Tag &raquo;<\/a><a href=\"\/de\/programme\/fuer-fahrraeder\" class=\"topten_fuer-fahrraeder first\">F\u00fcr Fahrr\u00e4der &raquo;<\/a><a href=\"\/de\/programme\/fuer-wochenende\" class=\"topten_fuer-wochenende\">Wochenende &raquo;<\/a><a href=\"\/de\/programme\/im-winter\" class=\"topten_im-winter first\">Im Winter &raquo;<\/a><a href=\"\/de\/programme\/fuer-jugend\" class=\"topten_fuer-jugend\">F\u00fcr Jugend &raquo;<\/a><a href=\"\/de\/programme\/fuer-paare\" class=\"topten_fuer-paare first\">F\u00fcr Paare &raquo;<\/a><a href=\"\/de\/programme\/mit-dem-auto\" class=\"topten_mit-dem-auto\">Mit dem Auto &raquo;<\/a><a href=\"\/de\/programme\/fuer-kulturfans\" class=\"topten_fuer-kulturfans first\">F\u00fcr Kulturfans &raquo;<\/a><a href=\"\/de\/programme\/1-woche\" class=\"topten_1-woche\">Auf eine Woche &raquo;<\/a><a href=\"\/de\/programme\/fuer-angeln\" class=\"topten_fuer-angeln first\">F\u00fcr Angeln &raquo;<\/a><a href=\"\/de\/programme\/fuer-photographer\" class=\"topten_fuer-photographer\">F\u00fcr Photographer &raquo;<\/a><\/div><a href=\"https:\/\/gyoparosfurdo-oroshaza.hu\/de\/programok\/futas-a-gyoparosi-to-korul\" title=\"Jogging rund um der See\" class=\"topten_grid_item\"><span class=\"number\">1<\/span><img width=\"290\" height=\"230\" src=\"https:\/\/gyoparosfurdo-oroshaza.hu\/wp-content\/uploads\/2012\/04\/Futas_a_to_korul.jpg\" class=\"lazyload wp-post-image\" alt=\"\" loading=\"lazy\" \/><span class=\"title\">Jogging rund um der See<\/span><span class=\"text\">Gibt es Winter oder Sommer, ein angenehmendes Jogging gef\u00e4llt man immer in der Natur.<\/span><\/a><a href=\"https:\/\/gyoparosfurdo-oroshaza.hu\/de\/programok\/elmenyfurdozes-gyoparoson\" title=\"Wellnessbad in Gyop\u00e1rosf\u00fcrd\u0151\" class=\"topten_grid_item\"><span class=\"number\">2<\/span><img width=\"290\" height=\"230\" src=\"https:\/\/gyoparosfurdo-oroshaza.hu\/wp-content\/uploads\/2012\/04\/elmenyfurdo_kiemelt.jpg\" class=\"lazyload wp-post-image\" alt=\"\" loading=\"lazy\" \/><span class=\"title\">Wellnessbad in Gyop\u00e1rosf\u00fcrd\u0151<\/span><span class=\"text\">Im 6000 m\u00b2, 4-Sterne Badkomplexum in Gyop\u00e1ros ist das Bad wirklich ein grossartiges Erlebnnis.<\/span><\/a><a href=\"https:\/\/gyoparosfurdo-oroshaza.hu\/de\/programok\/strandolas-gyoparosfurdon\" title=\"Baden in Gyop\u00e1rosf\u00fcrd\u0151\" class=\"topten_grid_item\"><span class=\"number\">3<\/span><img width=\"290\" height=\"230\" src=\"https:\/\/gyoparosfurdo-oroshaza.hu\/wp-content\/uploads\/2012\/04\/Strandol\u00e1s_gyoparosfurdon.jpg\" class=\"lazyload wp-post-image\" alt=\"\" loading=\"lazy\" \/><span class=\"title\">Baden in Gyop\u00e1rosf\u00fcrd\u0151<\/span><span class=\"text\">Das Gyop\u00e1ros Badkomlexum ist als \u201eder Mekka\u201d von Strandbadens\u00fcchtigen bekannt.<\/span><\/a><a href=\"https:\/\/gyoparosfurdo-oroshaza.hu\/de\/programok\/ejszakai-furdozes\" title=\"N\u00e4chtliches Badevergn\u00fcgen\" class=\"topten_grid_item\"><span class=\"number\">4<\/span><img width=\"290\" height=\"230\" src=\"https:\/\/gyoparosfurdo-oroshaza.hu\/wp-content\/uploads\/2012\/04\/4_Ejszakai_furdozes.jpg\" class=\"lazyload wp-post-image\" alt=\"\" loading=\"lazy\" \/><span class=\"title\">N\u00e4chtliches Badevergn\u00fcgen<\/span><span class=\"text\">Wenn es irgendwelches Anreizendes gibt, dann spricht man \u00fcber ein Nachtbaden.<\/span><\/a><a href=\"https:\/\/gyoparosfurdo-oroshaza.hu\/de\/programok\/horgasztavak\" title=\"Teiche zum Angeln\" class=\"topten_grid_item\"><span class=\"number\">5<\/span><img width=\"290\" height=\"230\" src=\"https:\/\/gyoparosfurdo-oroshaza.hu\/wp-content\/uploads\/2012\/04\/Horgasztavak.jpg\" class=\"lazyload wp-post-image\" alt=\"\" loading=\"lazy\" \/><span class=\"title\">Teiche zum Angeln<\/span><span class=\"text\">Die Komitat B\u00e9k\u00e9s  ist sehr reich an verschieden Gew\u00e4sser von ausgezeichneter Qualit\u00e4t, die f\u00fcr Mekka von Angelnbegeisterten gehaltet wird.<\/span><\/a><a href=\"https:\/\/gyoparosfurdo-oroshaza.hu\/de\/programok\/bowling\" title=\"Bowling\" class=\"topten_grid_item\"><span class=\"number\">6<\/span><img width=\"290\" height=\"230\" src=\"https:\/\/gyoparosfurdo-oroshaza.hu\/wp-content\/uploads\/2012\/05\/11_Bowling.jpg\" class=\"lazyload wp-post-image\" alt=\"\" loading=\"lazy\" \/><span class=\"title\">Bowling<\/span><span class=\"text\">Der Verliebter des Bowlings muss nicht Orosh\u00e1za wegkommen, doch man kann ihre Leidenschaft in Gyop\u00e1rosf\u00fcrd\u0151 huldigen.<\/span><\/a><a href=\"https:\/\/gyoparosfurdo-oroshaza.hu\/de\/programok\/fallabda-tenisz\" title=\"Tennis\" class=\"topten_grid_item\"><span class=\"number\">7<\/span><img width=\"290\" height=\"230\" src=\"https:\/\/gyoparosfurdo-oroshaza.hu\/wp-content\/uploads\/2012\/04\/10_Tenisz_fallabda.jpg\" class=\"lazyload wp-post-image\" alt=\"\" loading=\"lazy\" \/><span class=\"title\">Tennis<\/span><span class=\"text\">Man muss sich nicht zu Hause seines Racket lassen, der unter der oroshazer Erholung Tennis spielen will, sei es Sommer oder Winter.<\/span><\/a><a href=\"https:\/\/gyoparosfurdo-oroshaza.hu\/de\/programok\/lovassportok\" title=\"Reitersport\" class=\"topten_grid_item\"><span class=\"number\">8<\/span><img width=\"290\" height=\"230\" src=\"https:\/\/gyoparosfurdo-oroshaza.hu\/wp-content\/uploads\/2012\/04\/Lovassportok.jpg\" class=\"lazyload wp-post-image\" alt=\"\" loading=\"lazy\" \/><span class=\"title\">Reitersport<\/span><span class=\"text\">Orosh\u00e1za kann auch von mehren Standpunkten als eine von den Reiterlebenszentralen in der Grossen Tiefebene betrachtet werden.<\/span><\/a><a href=\"https:\/\/gyoparosfurdo-oroshaza.hu\/de\/programok\/kerekpartura-70-120-km\" title=\"Fahrradtour (70-120 km)\" class=\"topten_grid_item\"><span class=\"number\">9<\/span><img width=\"290\" height=\"230\" src=\"https:\/\/gyoparosfurdo-oroshaza.hu\/wp-content\/uploads\/2012\/05\/39_Kerekpartura_profi.jpg\" class=\"lazyload wp-post-image\" alt=\"\" loading=\"lazy\" \/><span class=\"title\">Fahrradtour (70-120 km)<\/span><span class=\"text\">Auf dieser Seite empfehlen wir die Touren um Orosh\u00e1za den Radfahrern.<\/span><\/a><a href=\"https:\/\/gyoparosfurdo-oroshaza.hu\/de\/programok\/kerekpartura-30-km\" title=\"Fahrradtour\" class=\"topten_grid_item\"><span class=\"number\">10<\/span><img width=\"290\" height=\"230\" src=\"https:\/\/gyoparosfurdo-oroshaza.hu\/wp-content\/uploads\/2012\/04\/Kerekpartura.jpg\" class=\"lazyload wp-post-image\" alt=\"\" loading=\"lazy\" \/><span class=\"title\">Fahrradtour<\/span><span class=\"text\">Obwohl die meiste Radfahrer die h\u00fcgelige, bergige Gel\u00e4nde haben gern, wir machen Reklame f\u00fcr das Radfahren in gleice Gel\u00e4nde.<\/span><\/a><a href=\"https:\/\/gyoparosfurdo-oroshaza.hu\/de\/programok\/vadaszat\" title=\"Jagd\" class=\"topten_grid_item\"><span class=\"number\">11<\/span><img width=\"290\" height=\"230\" src=\"https:\/\/gyoparosfurdo-oroshaza.hu\/wp-content\/uploads\/2012\/05\/vadaszat.jpg\" class=\"lazyload wp-post-image\" alt=\"\" loading=\"lazy\" \/><span class=\"title\">Jagd<\/span><span class=\"text\">Die Kommitat B\u00e9k\u00e9s hat ein Gebiet mit mehr als 500,000 ha Fl\u00e4che, das sich zur Jagdwirtschaft eignet, der gr\u00f6sser Teil davon geh\u00f6rt der Region von Orosh\u00e1za.<\/span><\/a><a href=\"https:\/\/gyoparosfurdo-oroshaza.hu\/de\/programok\/paintball\" title=\"Paintball\" class=\"topten_grid_item\"><span class=\"number\">12<\/span><img width=\"290\" height=\"230\" src=\"https:\/\/gyoparosfurdo-oroshaza.hu\/wp-content\/uploads\/2012\/07\/paintball1.jpg\" class=\"lazyload wp-post-image\" alt=\"\" loading=\"lazy\" \/><span class=\"title\">Paintball<\/span><span class=\"text\">Eine gute Unterhaltung oder Corporate Teambuilding, das Paintball ist beide eine gute Wahl.<\/span><\/a><div class=\"clear\"><\/div><\/div>\n<div class=\"W560\"><span class=\"h3\">Gesunder Leib, gesunde Seele auch im Urlaub<\/span><\/p>\n<h2>Orosh\u00e1za kann sich herausragende Sprotler und Mannschaften br\u00fcsten: das Presige des Stadt wird von ausgezeichneten Leistungsportlern, Handball,- Ringer,-Table-tennismannschaften und weitere grossartigen Sprtleute gefestigt, aber es spielt die Fussballmannschaft von Nationaler Meisterschaft II in der Stadt, und zwar st\u00fctzend hier vor allem auf den \u00f6rtlichen Nachwuchs.<\/h2>\n<p>Auch die Modellueren von Orosh\u00e1za und die Vertreter von technischen Sportdisziplienen sind oft in den Sportnachrichten zu h\u00f6ren oder zu sehen.<\/p>\n<p>EIn Tourist und Besucher interessiert sich aber  vor alle Faelle nicht f\u00fcr den Leistungssport, sondern wir versuchten damit nur zu versinnlichen, dass es eindeutlich ist, es steht eine esntsprechende Infrastruktur zur Verf\u00fcgung, um die Freizeit gehaltreich zu verbringen.<\/p>\n<p>F\u00fcr regelmaessig Joggener ist vor allem der Ort Gyop\u00e1rosbad zu empfehlen, wo die Jogenner <a title=\"Jogging\" href=\"\/de\/programok\/futas-a-gyoparosi-to-korul\">auf angenehmener, gesundlicher, guter Luft<\/a> in ruhigen Umstaenden  laufen k\u00f6nnen. Zum Schwimmen ist der 50 m langer Swimmingpool des Pakrbades verf\u00fcgbar, die dazu dem Besucher idealische Voraussetzungen gibt ausserdem ist der Begriff \u201e\u00dcberf\u00fcllung\u201d unbekannt ist,- besonders Abendstunden. Im Gebiet ds Parkbades wurde es in Weiterem ein Sonderplatz f\u00fcr Strandvolleyball,- Strandhandball,-bzw. f\u00fcr Kleinfussballbegeisterten herausgestaltet.<\/p>\n<p>Derjenige, der <a title=\"Tennis\" href=\"\/de\/programok\/fallabda-tenisz\">\u201edie K\u00f6nigin der Sportarten\u201d<\/a> treibt, soll er auf keinen Fall den Tenisschlaeger zu Hause bleibenlassen, denn es gibt mehrere ihre Diensleistungen bietenden Tennisclube in der Stadt, unter anderem der Teinnisclub \u201eKazszer\u201d bzw der Stadtstennisclub.<\/p>\n<p>Es lohnt sich auf jeden Fall, Fahrrad mitzuberingen, wenn es aber irgenein logsitisches Hindernis hat, gibt es M\u00f6glichkeit, Fahrad zu mieten. Es gibt samtliche ausgezeichneten Ausflugsm\u00f6glichkeiten (ausf\u00fchrliche Info ist auf der Seite \u201eF\u00fcr Radfahrer\u201d).  In der Stadt werden es auch 2 Radfahrersclub betrieben, der eine heisst OK\u00c9, gegr\u00fcndet in 2005,  nimmt vor allem die Wandernden und Fahrrads\u00fcchtigen zusammen, und der Fahrradsrennverein von Orosh\u00e1za nimmt die Wettrenner zusammen.<\/p>\n<h3>Bildgalerie<\/h3>\n\n<div class=\"ngg-galleryoverview\" id=\"ngg-gallery-24-26108\">\n\n\n\t\n\t<!-- Thumbnails -->\n\t\t\n\t<div id=\"ngg-image-185\" class=\"ngg-gallery-thumbnail-box\"  >\n\t\t<div class=\"ngg-gallery-thumbnail\" >\n\t\t\t<a href=\"https:\/\/gyoparosfurdo-oroshaza.hu\/wp-content\/gallery\/aktiv\/aktiv_1.jpg\" title=\"Ker\u00e9kp\u00e1roz\u00e1s a Gyop\u00e1rosi t\u00f3 k\u00f6r\u00fcl\" class=\"thickbox\" rel=\"set_24\" >\n\t\t\t\t\t\t\t\t<img title=\"Ker\u00e9kp\u00e1roz\u00e1s a Gyop\u00e1rosi t\u00f3 k\u00f6r\u00fcl\" alt=\"Ker\u00e9kp\u00e1roz\u00e1s a Gyop\u00e1rosi t\u00f3 k\u00f6r\u00fcl\" src=\"https:\/\/gyoparosfurdo-oroshaza.hu\/wp-content\/gallery\/aktiv\/thumbs\/thumbs_aktiv_1.jpg\" width=\"120\" height=\"95\" \/>\n\t\t\t\t\t\t\t<\/a>\n\t\t<\/div>\n\t<\/div>\n\t\n\t\t\n \t\t\n\t<div id=\"ngg-image-186\" class=\"ngg-gallery-thumbnail-box\"  >\n\t\t<div class=\"ngg-gallery-thumbnail\" >\n\t\t\t<a href=\"https:\/\/gyoparosfurdo-oroshaza.hu\/wp-content\/gallery\/aktiv\/aktiv_2.jpg\" title=\"Fut\u00e1s a Gyop\u00e1rosi t\u00f3 k\u00f6r\u00fcl\" class=\"thickbox\" rel=\"set_24\" >\n\t\t\t\t\t\t\t\t<img title=\"Fut\u00e1s a Gyop\u00e1rosi t\u00f3 k\u00f6r\u00fcl\" alt=\"Fut\u00e1s a Gyop\u00e1rosi t\u00f3 k\u00f6r\u00fcl\" src=\"https:\/\/gyoparosfurdo-oroshaza.hu\/wp-content\/gallery\/aktiv\/thumbs\/thumbs_aktiv_2.jpg\" width=\"120\" height=\"95\" \/>\n\t\t\t\t\t\t\t<\/a>\n\t\t<\/div>\n\t<\/div>\n\t\n\t\t\n \t\t\n\t<div id=\"ngg-image-232\" class=\"ngg-gallery-thumbnail-box\"  >\n\t\t<div class=\"ngg-gallery-thumbnail\" >\n\t\t\t<a href=\"https:\/\/gyoparosfurdo-oroshaza.hu\/wp-content\/gallery\/aktiv\/aktiv_9.jpg\" title=\"A sportmedence mellett kiv\u00e1l\u00f3 strandr\u00f6plabda p\u00e1lya tal\u00e1lhat\u00f3\" class=\"thickbox\" rel=\"set_24\" >\n\t\t\t\t\t\t\t\t<img title=\"Strandr\u00f6plabda\" alt=\"Strandr\u00f6plabda\" src=\"https:\/\/gyoparosfurdo-oroshaza.hu\/wp-content\/gallery\/aktiv\/thumbs\/thumbs_aktiv_9.jpg\" width=\"120\" height=\"95\" \/>\n\t\t\t\t\t\t\t<\/a>\n\t\t<\/div>\n\t<\/div>\n\t\n\t\t\n \t\t\n\t<div id=\"ngg-image-188\" class=\"ngg-gallery-thumbnail-box\"  >\n\t\t<div class=\"ngg-gallery-thumbnail\" >\n\t\t\t<a href=\"https:\/\/gyoparosfurdo-oroshaza.hu\/wp-content\/gallery\/aktiv\/aktiv_4.jpg\" title=\"A strandr\u00f6plabda p\u00e1lya az 50 m\u00e9teres sportmedence mellett tal\u00e1lhat\u00f3.\" class=\"thickbox\" rel=\"set_24\" >\n\t\t\t\t\t\t\t\t<img title=\"Strandr\u00f6plabda\" alt=\"Strandr\u00f6plabda\" src=\"https:\/\/gyoparosfurdo-oroshaza.hu\/wp-content\/gallery\/aktiv\/thumbs\/thumbs_aktiv_4.jpg\" width=\"120\" height=\"95\" \/>\n\t\t\t\t\t\t\t<\/a>\n\t\t<\/div>\n\t<\/div>\n\t\n\t\t\n \t\t\n\t<div id=\"ngg-image-187\" class=\"ngg-gallery-thumbnail-box\"  >\n\t\t<div class=\"ngg-gallery-thumbnail\" >\n\t\t\t<a href=\"https:\/\/gyoparosfurdo-oroshaza.hu\/wp-content\/gallery\/aktiv\/aktiv_3.jpg\" title=\"R\u00f6plabd\u00e1z\u00e1s ut\u00e1n csak n\u00e9h\u00e1ny m\u00e9ter a friss h\u0171s v\u00edz\" class=\"thickbox\" rel=\"set_24\" >\n\t\t\t\t\t\t\t\t<img title=\"Strandr\u00f6plabda\" alt=\"Strandr\u00f6plabda\" src=\"https:\/\/gyoparosfurdo-oroshaza.hu\/wp-content\/gallery\/aktiv\/thumbs\/thumbs_aktiv_3.jpg\" width=\"120\" height=\"95\" \/>\n\t\t\t\t\t\t\t<\/a>\n\t\t<\/div>\n\t<\/div>\n\t\n\t\t\n \t\t\n\t<div id=\"ngg-image-191\" class=\"ngg-gallery-thumbnail-box\"  >\n\t\t<div class=\"ngg-gallery-thumbnail\" >\n\t\t\t<a href=\"https:\/\/gyoparosfurdo-oroshaza.hu\/wp-content\/gallery\/aktiv\/aktiv_7.jpg\" title=\"A parkf\u00fcrd\u0151ben sz\u00e1mos izgalmas attrakci\u00f3t tal\u00e1lunk\" class=\"thickbox\" rel=\"set_24\" >\n\t\t\t\t\t\t\t\t<img title=\"Hull\u00e1mdeszka\" alt=\"Hull\u00e1mdeszka\" src=\"https:\/\/gyoparosfurdo-oroshaza.hu\/wp-content\/gallery\/aktiv\/thumbs\/thumbs_aktiv_7.jpg\" width=\"120\" height=\"95\" \/>\n\t\t\t\t\t\t\t<\/a>\n\t\t<\/div>\n\t<\/div>\n\t\n\t\t\n \t\t\n\t<div id=\"ngg-image-231\" class=\"ngg-gallery-thumbnail-box\"  >\n\t\t<div class=\"ngg-gallery-thumbnail\" >\n\t\t\t<a href=\"https:\/\/gyoparosfurdo-oroshaza.hu\/wp-content\/gallery\/aktiv\/aktiv_12.jpg\" title=\"V\u00edzig\u00f6mb a sportmedenc\u00e9ben\" class=\"thickbox\" rel=\"set_24\" >\n\t\t\t\t\t\t\t\t<img title=\"V\u00edzig\u00f6mb\" alt=\"V\u00edzig\u00f6mb\" src=\"https:\/\/gyoparosfurdo-oroshaza.hu\/wp-content\/gallery\/aktiv\/thumbs\/thumbs_aktiv_12.jpg\" width=\"120\" height=\"95\" \/>\n\t\t\t\t\t\t\t<\/a>\n\t\t<\/div>\n\t<\/div>\n\t\n\t\t\n \t\t\n\t<div id=\"ngg-image-189\" class=\"ngg-gallery-thumbnail-box\"  >\n\t\t<div class=\"ngg-gallery-thumbnail\" >\n\t\t\t<a href=\"https:\/\/gyoparosfurdo-oroshaza.hu\/wp-content\/gallery\/aktiv\/aktiv_5.jpg\" title=\"V\u00edzifoci Gyop\u00e1rosf\u00fcrd\u0151n\" class=\"thickbox\" rel=\"set_24\" >\n\t\t\t\t\t\t\t\t<img title=\"V\u00edzifoci Gyop\u00e1rosf\u00fcrd\u0151n\" alt=\"V\u00edzifoci Gyop\u00e1rosf\u00fcrd\u0151n\" src=\"https:\/\/gyoparosfurdo-oroshaza.hu\/wp-content\/gallery\/aktiv\/thumbs\/thumbs_aktiv_5.jpg\" width=\"120\" height=\"95\" \/>\n\t\t\t\t\t\t\t<\/a>\n\t\t<\/div>\n\t<\/div>\n\t\n\t\t\n \t\t\n\t<div id=\"ngg-image-229\" class=\"ngg-gallery-thumbnail-box\"  >\n\t\t<div class=\"ngg-gallery-thumbnail\" >\n\t\t\t<a href=\"https:\/\/gyoparosfurdo-oroshaza.hu\/wp-content\/gallery\/aktiv\/aktiv_10.jpg\" title=\"Sportprogramok m\u00e1jus elsej\u00e9n.\" class=\"thickbox\" rel=\"set_24\" >\n\t\t\t\t\t\t\t\t<img title=\"2012. m\u00e1jus 1.\" alt=\"2012. m\u00e1jus 1.\" src=\"https:\/\/gyoparosfurdo-oroshaza.hu\/wp-content\/gallery\/aktiv\/thumbs\/thumbs_aktiv_10.jpg\" width=\"120\" height=\"95\" \/>\n\t\t\t\t\t\t\t<\/a>\n\t\t<\/div>\n\t<\/div>\n\t\n\t\t\n \t\t\n\t<div id=\"ngg-image-230\" class=\"ngg-gallery-thumbnail-box\"  >\n\t\t<div class=\"ngg-gallery-thumbnail\" >\n\t\t\t<a href=\"https:\/\/gyoparosfurdo-oroshaza.hu\/wp-content\/gallery\/aktiv\/aktiv_11.jpg\" title=\"Sportprogramok m\u00e1jus elsej\u00e9n.\" class=\"thickbox\" rel=\"set_24\" >\n\t\t\t\t\t\t\t\t<img title=\"2012. m\u00e1jus 1.\" alt=\"2012. m\u00e1jus 1.\" src=\"https:\/\/gyoparosfurdo-oroshaza.hu\/wp-content\/gallery\/aktiv\/thumbs\/thumbs_aktiv_11.jpg\" width=\"120\" height=\"95\" \/>\n\t\t\t\t\t\t\t<\/a>\n\t\t<\/div>\n\t<\/div>\n\t\n\t\t\n \t\t\n\t<div id=\"ngg-image-192\" class=\"ngg-gallery-thumbnail-box\"  >\n\t\t<div class=\"ngg-gallery-thumbnail\" >\n\t\t\t<a href=\"https:\/\/gyoparosfurdo-oroshaza.hu\/wp-content\/gallery\/aktiv\/aktiv_8.jpg\" title=\"Ker\u00e9kp\u00e1roz\u00e1s a v\u00e1rosban\" class=\"thickbox\" rel=\"set_24\" >\n\t\t\t\t\t\t\t\t<img title=\"Akt\u00edv programok\" alt=\"Akt\u00edv programok\" src=\"https:\/\/gyoparosfurdo-oroshaza.hu\/wp-content\/gallery\/aktiv\/thumbs\/thumbs_aktiv_8.jpg\" width=\"120\" height=\"95\" \/>\n\t\t\t\t\t\t\t<\/a>\n\t\t<\/div>\n\t<\/div>\n\t\n\t\t\n \t\t\n\t<div id=\"ngg-image-190\" class=\"ngg-gallery-thumbnail-box\"  >\n\t\t<div class=\"ngg-gallery-thumbnail\" >\n\t\t\t<a href=\"https:\/\/gyoparosfurdo-oroshaza.hu\/wp-content\/gallery\/aktiv\/aktiv_6.jpg\" title=\"A T\u00e1ncsics Gimn\u00e1zium sportp\u00e1ly\u00e1ja\" class=\"thickbox\" rel=\"set_24\" >\n\t\t\t\t\t\t\t\t<img title=\"Sportp\u00e1lya\" alt=\"Sportp\u00e1lya\" src=\"https:\/\/gyoparosfurdo-oroshaza.hu\/wp-content\/gallery\/aktiv\/thumbs\/thumbs_aktiv_6.jpg\" width=\"120\" height=\"95\" \/>\n\t\t\t\t\t\t\t<\/a>\n\t\t<\/div>\n\t<\/div>\n\t\n\t\t\n \t \t\n\t<!-- Pagination -->\n \t<div class='ngg-clear'><\/div>\n \t\n<\/div>\n\n\n<\/div>\n","protected":false},"excerpt":{"rendered":"<p>Gesunder Leib, gesunde Seele auch im Urlaub Orosh\u00e1za kann sich herausragende Sprotler und Mannschaften br\u00fcsten: das Presige des Stadt wird von ausgezeichneten Leistungsportlern, Handball,- Ringer,-Table-tennismannschaften und weitere grossartigen Sprtleute gefestigt, aber es spielt die Fussballmannschaft von Nationaler Meisterschaft II in &hellip; <a href=\"https:\/\/gyoparosfurdo-oroshaza.hu\/de\/programme\/fuer-sportfans\">Folytat\u00e1s <span class=\"meta-nav\">&rarr;<\/span><\/a><\/p>\n","protected":false},"author":6,"featured_media":0,"parent":26025,"menu_order":0,"comment_status":"closed","ping_status":"closed","template":"","meta":[],"_links":{"self":[{"href":"https:\/\/gyoparosfurdo-oroshaza.hu\/de\/wp-json\/wp\/v2\/pages\/26108"}],"collection":[{"href":"https:\/\/gyoparosfurdo-oroshaza.hu\/de\/wp-json\/wp\/v2\/pages"}],"about":[{"href":"https:\/\/gyoparosfurdo-oroshaza.hu\/de\/wp-json\/wp\/v2\/types\/page"}],"author":[{"embeddable":true,"href":"https:\/\/gyoparosfurdo-oroshaza.hu\/de\/wp-json\/wp\/v2\/users\/6"}],"replies":[{"embeddable":true,"href":"https:\/\/gyoparosfurdo-oroshaza.hu\/de\/wp-json\/wp\/v2\/comments?post=26108"}],"version-history":[{"count":0,"href":"https:\/\/gyoparosfurdo-oroshaza.hu\/de\/wp-json\/wp\/v2\/pages\/26108\/revisions"}],"up":[{"embeddable":true,"href":"https:\/\/gyoparosfurdo-oroshaza.hu\/de\/wp-json\/wp\/v2\/pages\/26025"}],"wp:attachment":[{"href":"https:\/\/gyoparosfurdo-oroshaza.hu\/de\/wp-json\/wp\/v2\/media?parent=26108"}],"curies":[{"name":"wp","href":"https:\/\/api.w.org\/{rel}","templated":true}]}}