{"id":26104,"date":"2012-04-13T12:15:25","date_gmt":"2012-04-13T10:15:25","guid":{"rendered":"https:\/\/gyoparosfurdo-oroshaza.hu\/fuer-paare"},"modified":"2012-04-13T12:15:25","modified_gmt":"2012-04-13T11:15:25","slug":"fuer-paare","status":"publish","type":"page","link":"https:\/\/gyoparosfurdo-oroshaza.hu\/de\/programme\/fuer-paare","title":{"rendered":"F\u00fcr Paare"},"content":{"rendered":"<div class=\"topten_grid_container topten_page\"><div class=\"topten_grid_item\"><span class=\"h3\">Top Programme<\/span><a href=\"\/de\/programme\/fuer-familien\" class=\"topten_fuer-familien first\">F\u00fcr Familien &raquo;<\/a><a href=\"\/de\/programme\/im-sommer\" class=\"topten_im-sommer\">Im Sommer &raquo;<\/a><a href=\"\/de\/programme\/1-tag\" class=\"topten_1-tag first\">Auf ein Tag &raquo;<\/a><a href=\"\/de\/programme\/fuer-fahrraeder\" class=\"topten_fuer-fahrraeder\">F\u00fcr Fahrr\u00e4der &raquo;<\/a><a href=\"\/de\/programme\/fuer-wochenende\" class=\"topten_fuer-wochenende first\">Wochenende &raquo;<\/a><a href=\"\/de\/programme\/im-winter\" class=\"topten_im-winter\">Im Winter &raquo;<\/a><a href=\"\/de\/programme\/fuer-jugend\" class=\"topten_fuer-jugend first\">F\u00fcr Jugend &raquo;<\/a><a href=\"\/de\/programme\/fuer-paare\" class=\"topten_fuer-paare active\">F\u00fcr Paare &raquo;<\/a><a href=\"\/de\/programme\/mit-dem-auto\" class=\"topten_mit-dem-auto first\">Mit dem Auto &raquo;<\/a><a href=\"\/de\/programme\/fuer-kulturfans\" class=\"topten_fuer-kulturfans\">F\u00fcr Kulturfans &raquo;<\/a><a href=\"\/de\/programme\/1-woche\" class=\"topten_1-woche first\">Auf eine Woche &raquo;<\/a><a href=\"\/de\/programme\/fuer-angeln\" class=\"topten_fuer-angeln\">F\u00fcr Angeln &raquo;<\/a><a href=\"\/de\/programme\/fuer-photographer\" class=\"topten_fuer-photographer first\">F\u00fcr Photographer &raquo;<\/a><a href=\"\/de\/programme\/fuer-sportfans\" class=\"topten_fuer-sportfans\">F\u00fcr Sportfans &raquo;<\/a><\/div><a href=\"https:\/\/gyoparosfurdo-oroshaza.hu\/de\/programok\/elmenyfurdozes-gyoparoson\" title=\"Wellnessbad in Gyop\u00e1rosf\u00fcrd\u0151\" class=\"topten_grid_item\"><span class=\"number\">1<\/span><img width=\"290\" height=\"230\" src=\"https:\/\/gyoparosfurdo-oroshaza.hu\/wp-content\/uploads\/2012\/04\/elmenyfurdo_kiemelt.jpg\" class=\"lazyload wp-post-image\" alt=\"\" loading=\"lazy\" \/><span class=\"title\">Wellnessbad in Gyop\u00e1rosf\u00fcrd\u0151<\/span><span class=\"text\">Im 6000 m\u00b2, 4-Sterne Badkomplexum in Gyop\u00e1ros ist das Bad wirklich ein grossartiges Erlebnnis.<\/span><\/a><a href=\"https:\/\/gyoparosfurdo-oroshaza.hu\/de\/programok\/strandolas-gyoparosfurdon\" title=\"Baden in Gyop\u00e1rosf\u00fcrd\u0151\" class=\"topten_grid_item\"><span class=\"number\">2<\/span><img width=\"290\" height=\"230\" src=\"https:\/\/gyoparosfurdo-oroshaza.hu\/wp-content\/uploads\/2012\/04\/Strandol\u00e1s_gyoparosfurdon.jpg\" class=\"lazyload wp-post-image\" alt=\"\" loading=\"lazy\" \/><span class=\"title\">Baden in Gyop\u00e1rosf\u00fcrd\u0151<\/span><span class=\"text\">Das Gyop\u00e1ros Badkomlexum ist als \u201eder Mekka\u201d von Strandbadens\u00fcchtigen bekannt.<\/span><\/a><a href=\"https:\/\/gyoparosfurdo-oroshaza.hu\/de\/programok\/wellness-es-kenyeztetes\" title=\"Wellness und Verw\u00f6hnung\" class=\"topten_grid_item\"><span class=\"number\">3<\/span><img width=\"290\" height=\"230\" src=\"https:\/\/gyoparosfurdo-oroshaza.hu\/wp-content\/uploads\/2012\/05\/3_Wellness.jpg\" class=\"lazyload wp-post-image\" alt=\"\" loading=\"lazy\" \/><span class=\"title\">Wellness und Verw\u00f6hnung<\/span><span class=\"text\">Wie eine romantische Ber\u00fchrung und Gestreichel, so gut f\u00e4llt einem die Verw\u00f6hnung, die man in Gyop\u00e1rosf\u00fcrd\u0151-Bad bekommen kann.<\/span><\/a><a href=\"https:\/\/gyoparosfurdo-oroshaza.hu\/de\/programok\/ejszakai-furdozes\" title=\"N\u00e4chtliches Badevergn\u00fcgen\" class=\"topten_grid_item\"><span class=\"number\">4<\/span><img width=\"290\" height=\"230\" src=\"https:\/\/gyoparosfurdo-oroshaza.hu\/wp-content\/uploads\/2012\/04\/4_Ejszakai_furdozes.jpg\" class=\"lazyload wp-post-image\" alt=\"\" loading=\"lazy\" \/><span class=\"title\">N\u00e4chtliches Badevergn\u00fcgen<\/span><span class=\"text\">Wenn es irgendwelches Anreizendes gibt, dann spricht man \u00fcber ein Nachtbaden.<\/span><\/a><a href=\"https:\/\/gyoparosfurdo-oroshaza.hu\/de\/programok\/csonakazas-a-tavon\" title=\"Bootfahr auf dem See\" class=\"topten_grid_item\"><span class=\"number\">5<\/span><img width=\"290\" height=\"230\" src=\"https:\/\/gyoparosfurdo-oroshaza.hu\/wp-content\/uploads\/2012\/04\/Csonakazas_a_tavon.jpg\" class=\"lazyload wp-post-image\" alt=\"\" loading=\"lazy\" \/><span class=\"title\">Bootfahr auf dem See<\/span><span class=\"text\">Die Stadt Orosh\u00e1za wird durch unmissverts\u00e4ndliche tiefl\u00e4ndische Laune umarmt.<\/span><\/a><a href=\"https:\/\/gyoparosfurdo-oroshaza.hu\/de\/programok\/csillagfenyes-ejszaka\" title=\"Sternklare Nacht\" class=\"topten_grid_item\"><span class=\"number\">6<\/span><img width=\"290\" height=\"230\" src=\"https:\/\/gyoparosfurdo-oroshaza.hu\/wp-content\/uploads\/2012\/04\/6_Csillagfenyes_ejszaka.jpg\" class=\"lazyload wp-post-image\" alt=\"\" loading=\"lazy\" \/><span class=\"title\">Sternklare Nacht<\/span><span class=\"text\"> Mit dem Auto  oder mit Fahrrad ins Freie fahren und da einige romantischen   Stunden zu verbringen.<\/span><\/a><a href=\"https:\/\/gyoparosfurdo-oroshaza.hu\/de\/programok\/bowling\" title=\"Bowling\" class=\"topten_grid_item\"><span class=\"number\">7<\/span><img width=\"290\" height=\"230\" src=\"https:\/\/gyoparosfurdo-oroshaza.hu\/wp-content\/uploads\/2012\/05\/11_Bowling.jpg\" class=\"lazyload wp-post-image\" alt=\"\" loading=\"lazy\" \/><span class=\"title\">Bowling<\/span><span class=\"text\">Der Verliebter des Bowlings muss nicht Orosh\u00e1za wegkommen, doch man kann ihre Leidenschaft in Gyop\u00e1rosf\u00fcrd\u0151 huldigen.<\/span><\/a><a href=\"https:\/\/gyoparosfurdo-oroshaza.hu\/de\/programok\/lovassportok\" title=\"Reitersport\" class=\"topten_grid_item\"><span class=\"number\">8<\/span><img width=\"290\" height=\"230\" src=\"https:\/\/gyoparosfurdo-oroshaza.hu\/wp-content\/uploads\/2012\/04\/Lovassportok.jpg\" class=\"lazyload wp-post-image\" alt=\"\" loading=\"lazy\" \/><span class=\"title\">Reitersport<\/span><span class=\"text\">Orosh\u00e1za kann auch von mehren Standpunkten als eine von den Reiterlebenszentralen in der Grossen Tiefebene betrachtet werden.<\/span><\/a><a href=\"https:\/\/gyoparosfurdo-oroshaza.hu\/de\/programok\/ejszakai-elet-oroshazan\" title=\"Nachtleben in Orosh\u00e1za\" class=\"topten_grid_item\"><span class=\"number\">9<\/span><img width=\"290\" height=\"230\" src=\"https:\/\/gyoparosfurdo-oroshaza.hu\/wp-content\/uploads\/2012\/04\/Ejszakai_elet.jpg\" class=\"lazyload wp-post-image\" alt=\"\" loading=\"lazy\" \/><span class=\"title\">Nachtleben in Orosh\u00e1za<\/span><span class=\"text\">Von grossst\u00e4dtliche, n\u00e4chtliche Leben kann man gar nichts in Orosh\u00e1za sprechen, trotzdem am Freitag und am Sonntag unterhalten sich die Einwohner.<\/span><\/a><a href=\"https:\/\/gyoparosfurdo-oroshaza.hu\/de\/programok\/piaclatogatas-oroshazan\" title=\"Marktbesuch\" class=\"topten_grid_item\"><span class=\"number\">10<\/span><img width=\"290\" height=\"230\" src=\"https:\/\/gyoparosfurdo-oroshaza.hu\/wp-content\/uploads\/2012\/04\/Piac.jpg\" class=\"lazyload wp-post-image\" alt=\"\" loading=\"lazy\" \/><span class=\"title\">Marktbesuch<\/span><span class=\"text\">Modernen grossen Marketplatz aus!<\/span><\/a><a href=\"https:\/\/gyoparosfurdo-oroshaza.hu\/de\/programok\/panorama-kilato\" title=\"Panoramaturm\" class=\"topten_grid_item\"><span class=\"number\">11<\/span><img width=\"290\" height=\"230\" src=\"https:\/\/gyoparosfurdo-oroshaza.hu\/wp-content\/uploads\/2012\/04\/Panorama_kilato.jpg\" class=\"lazyload wp-post-image\" alt=\"\" loading=\"lazy\" \/><span class=\"title\">Panoramaturm<\/span><span class=\"text\">Der Panoramaturm ist ein der besonderen Sehensw\u00fcrdigkeiten von orosh\u00e1za bzw. Gyop\u00e1ros-Bad.<\/span><\/a><div class=\"clear\"><\/div><\/div>\n<div class=\"W560\">\n<span class=\"h3\">Hand in Hand, voll mit Romantik<\/span><\/p>\n<h2>Braucht man einen romantischerer Ort als eine mit Wald, See und mit Park umgefassene Umgebung, um  eine Wochenende oder einen laengeren Urlaub in Zweisamkeit verbringen zu k\u00f6nnen ?<\/h2>\n<p>In <a href=\"https:\/\/gyoparosfurdo-oroshaza.hu\/de\/gyoparosfurdo\" title=\"Gyop\u00e1rosbad\">Gyop\u00e1rosbad<\/a>\u00a0ergeben es all M\u00f6glichkeiten dazu, damit wir mit unserem Geliebten unvergaessliche Minuten, Stunden, Tage zusammenverbringen. \u00a0<a href=\"\/de\/programok\/wellness-es-kenyeztetes\" title=\"Wellness\">Wellness<\/a>,\u00a0 <a href=\"\/de\/programok\/elmenyfurdozes-gyoparoson\" title=\"Erlebnisbad\">Erlebnisbad<\/a>, romantische Spaziergaenge, Abendessen mit Kerzenlicht, <a href=\"\/de\/programok\/lovassportok\" title=\"Reiten\">Reiten<\/a>, Umfahrt, Ausfl\u00fcge \u2013 alle diese Alternativen k\u00f6nnen an die Reihe kommen, wenn wir eine Spritztour oder gar einen laengeren Urlaub machen w\u00fcrden.<\/p>\n<p>Eine breite Skala der Badendienstleistungen sind am Ort und Stelle, in Heil,-Park,- und in Erlebnisbad in Anspruch zu nehmen, so wie der herumliegende Wald die hand in hand spazierenden Paare lockt. Die Skala der \u00a0Unterk\u00fcnften ist auch aussenordentlich breit, man kan von dem modernen Campingplatz bis zum viersternen Hotel, was man will,  waehlen.<\/p>\n<p>So wohl die <a href=\"https:\/\/gyoparosfurdo-oroshaza.hu\/de\/oroshaza\/restaurants\" title=\"Resataurante in Gyop\u00e1rosbad\">Resataurante in Gyop\u00e1rosbad<\/a> als auch diese in Orosh\u00e1za verf\u00fcgen mit hervorragender K\u00fcche und h\u00f6flichem, r\u00fccksichtsvollem Personal und Bedienung auch f\u00fcr diejenigen , die nach einen romantischen Abend dursten.<\/p>\n<\/div>\n","protected":false},"excerpt":{"rendered":"<p>Hand in Hand, voll mit Romantik Braucht man einen romantischerer Ort als eine mit Wald, See und mit Park umgefassene Umgebung, um eine Wochenende oder einen laengeren Urlaub in Zweisamkeit verbringen zu k\u00f6nnen ? In Gyop\u00e1rosbad\u00a0ergeben es all M\u00f6glichkeiten dazu, &hellip; <a href=\"https:\/\/gyoparosfurdo-oroshaza.hu\/de\/programme\/fuer-paare\">Folytat\u00e1s <span class=\"meta-nav\">&rarr;<\/span><\/a><\/p>\n","protected":false},"author":6,"featured_media":0,"parent":26025,"menu_order":0,"comment_status":"closed","ping_status":"closed","template":"","meta":[],"_links":{"self":[{"href":"https:\/\/gyoparosfurdo-oroshaza.hu\/de\/wp-json\/wp\/v2\/pages\/26104"}],"collection":[{"href":"https:\/\/gyoparosfurdo-oroshaza.hu\/de\/wp-json\/wp\/v2\/pages"}],"about":[{"href":"https:\/\/gyoparosfurdo-oroshaza.hu\/de\/wp-json\/wp\/v2\/types\/page"}],"author":[{"embeddable":true,"href":"https:\/\/gyoparosfurdo-oroshaza.hu\/de\/wp-json\/wp\/v2\/users\/6"}],"replies":[{"embeddable":true,"href":"https:\/\/gyoparosfurdo-oroshaza.hu\/de\/wp-json\/wp\/v2\/comments?post=26104"}],"version-history":[{"count":0,"href":"https:\/\/gyoparosfurdo-oroshaza.hu\/de\/wp-json\/wp\/v2\/pages\/26104\/revisions"}],"up":[{"embeddable":true,"href":"https:\/\/gyoparosfurdo-oroshaza.hu\/de\/wp-json\/wp\/v2\/pages\/26025"}],"wp:attachment":[{"href":"https:\/\/gyoparosfurdo-oroshaza.hu\/de\/wp-json\/wp\/v2\/media?parent=26104"}],"curies":[{"name":"wp","href":"https:\/\/api.w.org\/{rel}","templated":true}]}}